{"id":65299,"date":"2026-02-19T06:19:42","date_gmt":"2026-02-19T06:19:42","guid":{"rendered":"https:\/\/desireonline.shop\/product\/ung-xu-bang-keo-troi-bind-me\/"},"modified":"2026-03-09T05:08:02","modified_gmt":"2026-03-09T05:08:02","slug":"ung-xu-bang-keo-troi-bind-me","status":"publish","type":"product","link":"https:\/\/desireonline.shop\/vi\/san-pham\/ung-xu-bang-keo-troi-bind-me\/","title":{"rendered":"BEHAVE! B\u0103ng keo tr\u00f3i Bind Me"},"content":{"rendered":"<p>Lo\u1ea1i b\u0103ng keo tr\u00f3i t\u1ef1 d\u00ednh n\u00e0y mang \u0111\u1ebfn m\u1ed9t c\u00e1ch ti\u1ebfp c\u1eadn \u0111\u01a1n gi\u1ea3n \u0111\u1ec3 kh\u00e1m ph\u00e1 c\u1ea3m gi\u00e1c tr\u00f3i bu\u1ed9c m\u00e0 kh\u00f4ng c\u1ea7n kh\u00f3a hay ch\u1ed1t c\u00e0i. S\u1ea3n ph\u1ea9m t\u1ef1 d\u00ednh ch\u1eafc ch\u1eafn nh\u01b0ng v\u1eabn th\u00e2n thi\u1ec7n v\u1edbi l\u00e0n da, gi\u00fap d\u1ec5 d\u00e0ng t\u00f9y ch\u1ec9nh \u0111\u1ed9 \u00f4m s\u00e1t v\u00e0 l\u1ef1c c\u0103ng.<\/p>\n<p>Ho\u00e0n h\u1ea3o cho nh\u1eefng th\u1eed nghi\u1ec7m s\u00e1ng t\u1ea1o, s\u1ea3n ph\u1ea9m kh\u01a1i g\u1ee3i s\u1ef1 kh\u00e1m ph\u00e1 linh ho\u1ea1t, h\u1ed7 tr\u1ee3 tr\u1ea3i nghi\u1ec7m an to\u00e0n v\u00e0 \u0111\u1ed3ng thu\u1eadn v\u1edbi kh\u00e2u chu\u1ea9n b\u1ecb t\u1ed1i gi\u1ea3n.<\/p>\n","protected":false},"excerpt":{"rendered":"<p>Lo\u1ea1i b\u0103ng keo tr\u00f3i t\u1ef1 d\u00ednh n\u00e0y mang \u0111\u1ebfn m\u1ed9t c\u00e1ch ti\u1ebfp c\u1eadn \u0111\u01a1n gi\u1ea3n \u0111\u1ec3 kh\u00e1m ph\u00e1 c\u1ea3m gi\u00e1c tr\u00f3i bu\u1ed9c m\u00e0 kh\u00f4ng c\u1ea7n kh\u00f3a hay ch\u1ed1t c\u00e0i. S\u1ea3n&hellip;<\/p>\n","protected":false},"featured_media":65110,"comment_status":"open","ping_status":"closed","template":"","meta":{"_acf_changed":false},"product_brand":[],"product_cat":[1314],"product_tag":[],"class_list":{"0":"post-65299","1":"product","2":"type-product","3":"status-publish","4":"has-post-thumbnail","6":"product_cat-day-thung-bang-keo-troi","8":"first","9":"instock","10":"shipping-taxable","11":"purchasable","12":"product-type-variable"},"acf":[],"yoast_head":"<!-- This site is optimized with the Yoast SEO plugin v27.1.1 - https:\/\/yoast.com\/product\/yoast-seo-wordpress\/ -->\n<title>BEHAVE! B\u0103ng keo tr\u00f3i Bind Me - Desire<\/title>\n<meta name=\"robots\" content=\"index, follow, max-snippet:-1, max-image-preview:large, max-video-preview:-1\" \/>\n<link rel=\"canonical\" href=\"https:\/\/desireonline.shop\/vi\/san-pham\/ung-xu-bang-keo-troi-bind-me\/\" \/>\n<meta property=\"og:locale\" content=\"vi_VN\" \/>\n<meta property=\"og:type\" content=\"article\" \/>\n<meta property=\"og:title\" content=\"BEHAVE! B\u0103ng keo tr\u00f3i Bind Me - Desire\" \/>\n<meta property=\"og:description\" content=\"Lo\u1ea1i b\u0103ng keo tr\u00f3i t\u1ef1 d\u00ednh n\u00e0y mang \u0111\u1ebfn m\u1ed9t c\u00e1ch ti\u1ebfp c\u1eadn \u0111\u01a1n gi\u1ea3n \u0111\u1ec3 kh\u00e1m ph\u00e1 c\u1ea3m gi\u00e1c tr\u00f3i bu\u1ed9c m\u00e0 kh\u00f4ng c\u1ea7n kh\u00f3a hay ch\u1ed1t c\u00e0i. S\u1ea3n&hellip;\" \/>\n<meta property=\"og:url\" content=\"https:\/\/desireonline.shop\/vi\/san-pham\/ung-xu-bang-keo-troi-bind-me\/\" \/>\n<meta property=\"og:site_name\" content=\"Desire\" \/>\n<meta property=\"article:modified_time\" content=\"2026-03-09T05:08:02+00:00\" \/>\n<meta property=\"og:image\" content=\"https:\/\/desireonline.shop\/wp-content\/uploads\/2026\/02\/CN-887430925_00.jpg\" \/>\n\t<meta property=\"og:image:width\" content=\"1000\" \/>\n\t<meta property=\"og:image:height\" content=\"1000\" \/>\n\t<meta property=\"og:image:type\" content=\"image\/jpeg\" \/>\n<meta name=\"twitter:card\" content=\"summary_large_image\" \/>\n<meta name=\"twitter:label1\" content=\"\u01af\u1edbc t\u00ednh th\u1eddi gian \u0111\u1ecdc\" \/>\n\t<meta name=\"twitter:data1\" content=\"1 ph\u00fat\" \/>\n<script type=\"application\/ld+json\" class=\"yoast-schema-graph\">{\"@context\":\"https:\/\/schema.org\",\"@graph\":[{\"@type\":\"WebPage\",\"@id\":\"https:\/\/desireonline.shop\/vi\/san-pham\/ung-xu-bang-keo-troi-bind-me\/\",\"url\":\"https:\/\/desireonline.shop\/vi\/san-pham\/ung-xu-bang-keo-troi-bind-me\/\",\"name\":\"BEHAVE! B\u0103ng keo tr\u00f3i Bind Me - Desire\",\"isPartOf\":{\"@id\":\"https:\/\/desireonline.shop\/vi\/#website\"},\"primaryImageOfPage\":{\"@id\":\"https:\/\/desireonline.shop\/vi\/san-pham\/ung-xu-bang-keo-troi-bind-me\/#primaryimage\"},\"image\":{\"@id\":\"https:\/\/desireonline.shop\/vi\/san-pham\/ung-xu-bang-keo-troi-bind-me\/#primaryimage\"},\"thumbnailUrl\":\"https:\/\/desireonline.shop\/wp-content\/uploads\/2026\/02\/CN-887430925_00.jpg\",\"datePublished\":\"2026-02-19T06:19:42+00:00\",\"dateModified\":\"2026-03-09T05:08:02+00:00\",\"breadcrumb\":{\"@id\":\"https:\/\/desireonline.shop\/vi\/san-pham\/ung-xu-bang-keo-troi-bind-me\/#breadcrumb\"},\"inLanguage\":\"vi\",\"potentialAction\":[{\"@type\":\"ReadAction\",\"target\":[\"https:\/\/desireonline.shop\/vi\/san-pham\/ung-xu-bang-keo-troi-bind-me\/\"]}]},{\"@type\":\"ImageObject\",\"inLanguage\":\"vi\",\"@id\":\"https:\/\/desireonline.shop\/vi\/san-pham\/ung-xu-bang-keo-troi-bind-me\/#primaryimage\",\"url\":\"https:\/\/desireonline.shop\/wp-content\/uploads\/2026\/02\/CN-887430925_00.jpg\",\"contentUrl\":\"https:\/\/desireonline.shop\/wp-content\/uploads\/2026\/02\/CN-887430925_00.jpg\",\"width\":1000,\"height\":1000},{\"@type\":\"BreadcrumbList\",\"@id\":\"https:\/\/desireonline.shop\/vi\/san-pham\/ung-xu-bang-keo-troi-bind-me\/#breadcrumb\",\"itemListElement\":[{\"@type\":\"ListItem\",\"position\":1,\"name\":\"Home\",\"item\":\"https:\/\/desireonline.shop\/vi\/trang-chu\/?lang=vi\"},{\"@type\":\"ListItem\",\"position\":2,\"name\":\"T\u1ea5t c\u1ea3 s\u1ea3n ph\u1ea9m\",\"item\":\"https:\/\/desireonline.shop\/cua-hang\/?lang=vi\"},{\"@type\":\"ListItem\",\"position\":3,\"name\":\"BEHAVE! B\u0103ng keo tr\u00f3i Bind Me\"}]},{\"@type\":\"WebSite\",\"@id\":\"https:\/\/desireonline.shop\/vi\/#website\",\"url\":\"https:\/\/desireonline.shop\/vi\/\",\"name\":\"Desire\",\"description\":\"Sexual Wellness Platform\",\"publisher\":{\"@id\":\"https:\/\/desireonline.shop\/vi\/#organization\"},\"potentialAction\":[{\"@type\":\"SearchAction\",\"target\":{\"@type\":\"EntryPoint\",\"urlTemplate\":\"https:\/\/desireonline.shop\/vi\/?s={search_term_string}\"},\"query-input\":{\"@type\":\"PropertyValueSpecification\",\"valueRequired\":true,\"valueName\":\"search_term_string\"}}],\"inLanguage\":\"vi\"},{\"@type\":\"Organization\",\"@id\":\"https:\/\/desireonline.shop\/vi\/#organization\",\"name\":\"Desire\",\"url\":\"https:\/\/desireonline.shop\/vi\/\",\"logo\":{\"@type\":\"ImageObject\",\"inLanguage\":\"vi\",\"@id\":\"https:\/\/desireonline.shop\/vi\/#\/schema\/logo\/image\/\",\"url\":\"https:\/\/desireonline.shop\/wp-content\/uploads\/2024\/06\/Logo-Thick-Font-1.webp\",\"contentUrl\":\"https:\/\/desireonline.shop\/wp-content\/uploads\/2024\/06\/Logo-Thick-Font-1.webp\",\"width\":268,\"height\":399,\"caption\":\"Desire\"},\"image\":{\"@id\":\"https:\/\/desireonline.shop\/vi\/#\/schema\/logo\/image\/\"}}]}<\/script>\n<!-- \/ Yoast SEO plugin. -->","yoast_head_json":{"title":"BEHAVE! B\u0103ng keo tr\u00f3i Bind Me - Desire","robots":{"index":"index","follow":"follow","max-snippet":"max-snippet:-1","max-image-preview":"max-image-preview:large","max-video-preview":"max-video-preview:-1"},"canonical":"https:\/\/desireonline.shop\/vi\/san-pham\/ung-xu-bang-keo-troi-bind-me\/","og_locale":"vi_VN","og_type":"article","og_title":"BEHAVE! B\u0103ng keo tr\u00f3i Bind Me - Desire","og_description":"Lo\u1ea1i b\u0103ng keo tr\u00f3i t\u1ef1 d\u00ednh n\u00e0y mang \u0111\u1ebfn m\u1ed9t c\u00e1ch ti\u1ebfp c\u1eadn \u0111\u01a1n gi\u1ea3n \u0111\u1ec3 kh\u00e1m ph\u00e1 c\u1ea3m gi\u00e1c tr\u00f3i bu\u1ed9c m\u00e0 kh\u00f4ng c\u1ea7n kh\u00f3a hay ch\u1ed1t c\u00e0i. S\u1ea3n&hellip;","og_url":"https:\/\/desireonline.shop\/vi\/san-pham\/ung-xu-bang-keo-troi-bind-me\/","og_site_name":"Desire","article_modified_time":"2026-03-09T05:08:02+00:00","og_image":[{"width":1000,"height":1000,"url":"https:\/\/desireonline.shop\/wp-content\/uploads\/2026\/02\/CN-887430925_00.jpg","type":"image\/jpeg"}],"twitter_card":"summary_large_image","twitter_misc":{"\u01af\u1edbc t\u00ednh th\u1eddi gian \u0111\u1ecdc":"1 ph\u00fat"},"schema":{"@context":"https:\/\/schema.org","@graph":[{"@type":"WebPage","@id":"https:\/\/desireonline.shop\/vi\/san-pham\/ung-xu-bang-keo-troi-bind-me\/","url":"https:\/\/desireonline.shop\/vi\/san-pham\/ung-xu-bang-keo-troi-bind-me\/","name":"BEHAVE! B\u0103ng keo tr\u00f3i Bind Me - Desire","isPartOf":{"@id":"https:\/\/desireonline.shop\/vi\/#website"},"primaryImageOfPage":{"@id":"https:\/\/desireonline.shop\/vi\/san-pham\/ung-xu-bang-keo-troi-bind-me\/#primaryimage"},"image":{"@id":"https:\/\/desireonline.shop\/vi\/san-pham\/ung-xu-bang-keo-troi-bind-me\/#primaryimage"},"thumbnailUrl":"https:\/\/desireonline.shop\/wp-content\/uploads\/2026\/02\/CN-887430925_00.jpg","datePublished":"2026-02-19T06:19:42+00:00","dateModified":"2026-03-09T05:08:02+00:00","breadcrumb":{"@id":"https:\/\/desireonline.shop\/vi\/san-pham\/ung-xu-bang-keo-troi-bind-me\/#breadcrumb"},"inLanguage":"vi","potentialAction":[{"@type":"ReadAction","target":["https:\/\/desireonline.shop\/vi\/san-pham\/ung-xu-bang-keo-troi-bind-me\/"]}]},{"@type":"ImageObject","inLanguage":"vi","@id":"https:\/\/desireonline.shop\/vi\/san-pham\/ung-xu-bang-keo-troi-bind-me\/#primaryimage","url":"https:\/\/desireonline.shop\/wp-content\/uploads\/2026\/02\/CN-887430925_00.jpg","contentUrl":"https:\/\/desireonline.shop\/wp-content\/uploads\/2026\/02\/CN-887430925_00.jpg","width":1000,"height":1000},{"@type":"BreadcrumbList","@id":"https:\/\/desireonline.shop\/vi\/san-pham\/ung-xu-bang-keo-troi-bind-me\/#breadcrumb","itemListElement":[{"@type":"ListItem","position":1,"name":"Home","item":"https:\/\/desireonline.shop\/vi\/trang-chu\/?lang=vi"},{"@type":"ListItem","position":2,"name":"T\u1ea5t c\u1ea3 s\u1ea3n ph\u1ea9m","item":"https:\/\/desireonline.shop\/cua-hang\/?lang=vi"},{"@type":"ListItem","position":3,"name":"BEHAVE! B\u0103ng keo tr\u00f3i Bind Me"}]},{"@type":"WebSite","@id":"https:\/\/desireonline.shop\/vi\/#website","url":"https:\/\/desireonline.shop\/vi\/","name":"Desire","description":"Sexual Wellness Platform","publisher":{"@id":"https:\/\/desireonline.shop\/vi\/#organization"},"potentialAction":[{"@type":"SearchAction","target":{"@type":"EntryPoint","urlTemplate":"https:\/\/desireonline.shop\/vi\/?s={search_term_string}"},"query-input":{"@type":"PropertyValueSpecification","valueRequired":true,"valueName":"search_term_string"}}],"inLanguage":"vi"},{"@type":"Organization","@id":"https:\/\/desireonline.shop\/vi\/#organization","name":"Desire","url":"https:\/\/desireonline.shop\/vi\/","logo":{"@type":"ImageObject","inLanguage":"vi","@id":"https:\/\/desireonline.shop\/vi\/#\/schema\/logo\/image\/","url":"https:\/\/desireonline.shop\/wp-content\/uploads\/2024\/06\/Logo-Thick-Font-1.webp","contentUrl":"https:\/\/desireonline.shop\/wp-content\/uploads\/2024\/06\/Logo-Thick-Font-1.webp","width":268,"height":399,"caption":"Desire"},"image":{"@id":"https:\/\/desireonline.shop\/vi\/#\/schema\/logo\/image\/"}}]}},"_links":{"self":[{"href":"https:\/\/desireonline.shop\/vi\/wp-json\/wp\/v2\/product\/65299","targetHints":{"allow":["GET"]}}],"collection":[{"href":"https:\/\/desireonline.shop\/vi\/wp-json\/wp\/v2\/product"}],"about":[{"href":"https:\/\/desireonline.shop\/vi\/wp-json\/wp\/v2\/types\/product"}],"replies":[{"embeddable":true,"href":"https:\/\/desireonline.shop\/vi\/wp-json\/wp\/v2\/comments?post=65299"}],"version-history":[{"count":0,"href":"https:\/\/desireonline.shop\/vi\/wp-json\/wp\/v2\/product\/65299\/revisions"}],"wp:featuredmedia":[{"embeddable":true,"href":"https:\/\/desireonline.shop\/vi\/wp-json\/wp\/v2\/media\/65110"}],"wp:attachment":[{"href":"https:\/\/desireonline.shop\/vi\/wp-json\/wp\/v2\/media?parent=65299"}],"wp:term":[{"taxonomy":"product_brand","embeddable":true,"href":"https:\/\/desireonline.shop\/vi\/wp-json\/wp\/v2\/product_brand?post=65299"},{"taxonomy":"product_cat","embeddable":true,"href":"https:\/\/desireonline.shop\/vi\/wp-json\/wp\/v2\/product_cat?post=65299"},{"taxonomy":"product_tag","embeddable":true,"href":"https:\/\/desireonline.shop\/vi\/wp-json\/wp\/v2\/product_tag?post=65299"}],"curies":[{"name":"wp","href":"https:\/\/api.w.org\/{rel}","templated":true}]}}