{"id":65471,"date":"2026-02-16T11:57:00","date_gmt":"2026-02-16T11:57:00","guid":{"rendered":"https:\/\/desireonline.shop\/product\/stunt-worx-accu-meter-bom-kich-thich-x2\/"},"modified":"2026-03-10T05:38:00","modified_gmt":"2026-03-10T05:38:00","slug":"stunt-worx-accu-meter-bom-kich-thich-x2","status":"publish","type":"product","link":"https:\/\/desireonline.shop\/vi\/san-pham\/stunt-worx-accu-meter-bom-kich-thich-x2\/","title":{"rendered":"STUNT WORX Accu-Meter B\u01a1m K\u00edch Th\u00edch X2"},"content":{"rendered":"<p>Chi\u1ebfc b\u01a1m c\u1ea7m tay n\u00e0y \u0111\u01b0\u1ee3c thi\u1ebft k\u1ebf cho vi\u1ec7c kh\u00e1m ph\u00e1 c\u00f3 ki\u1ec3m so\u00e1t v\u00e0 ch\u1ee7 \u0111\u1ed9ng. C\u01a1 ch\u1ebf b\u01a1m th\u1ee7 c\u00f4ng cho ph\u00e9p b\u1ea1n \u0111i\u1ec1u ch\u1ec9nh l\u1ef1c h\u00fat theo t\u1ed1c \u0111\u1ed9 v\u00e0 m\u1ee9c \u0111\u1ed9 mong mu\u1ed1n, gi\u00fap t\u0103ng s\u1ef1 t\u1ef1 tin v\u00e0 nh\u1eadn th\u1ee9c v\u1ec1 c\u01a1 th\u1ec3 trong qu\u00e1 tr\u00ecnh s\u1eed d\u1ee5ng.<\/p>\n<p>S\u1ea3n ph\u1ea9m kh\u00f4ng ch\u1ee9a phthalates ho\u1eb7c latex, l\u00e0 l\u1ef1a ch\u1ecdn ph\u00f9 h\u1ee3p cho nh\u1eefng ng\u01b0\u1eddi mu\u1ed1n kh\u00e1m ph\u00e1 vi\u1ec7c s\u1eed d\u1ee5ng b\u01a1m nh\u01b0 m\u1ed9t ph\u1ea7n c\u1ee7a tr\u1ea3i nghi\u1ec7m c\u00e1 nh\u00e2n ho\u1eb7c c\u00f9ng b\u1ea1n \u0111\u1eddi, lu\u00f4n d\u1ef1a tr\u00ean s\u1ef1 tho\u1ea3i m\u00e1i v\u00e0 giao ti\u1ebfp r\u00f5 r\u00e0ng.<\/p>\n","protected":false},"excerpt":{"rendered":"<p>Chi\u1ebfc b\u01a1m c\u1ea7m tay n\u00e0y \u0111\u01b0\u1ee3c thi\u1ebft k\u1ebf cho vi\u1ec7c kh\u00e1m ph\u00e1 c\u00f3 ki\u1ec3m so\u00e1t v\u00e0 ch\u1ee7 \u0111\u1ed9ng. C\u01a1 ch\u1ebf b\u01a1m th\u1ee7 c\u00f4ng cho ph\u00e9p b\u1ea1n \u0111i\u1ec1u ch\u1ec9nh l\u1ef1c h\u00fat&hellip;<\/p>\n","protected":false},"featured_media":63381,"comment_status":"open","ping_status":"closed","template":"","meta":{"_acf_changed":false},"product_brand":[],"product_cat":[1377],"product_tag":[],"class_list":{"0":"post-65471","1":"product","2":"type-product","3":"status-publish","4":"has-post-thumbnail","6":"product_cat-bom-duong-vat","8":"first","9":"instock","10":"shipping-taxable","11":"purchasable","12":"product-type-simple"},"acf":[],"yoast_head":"<!-- This site is optimized with the Yoast SEO plugin v27.1.1 - https:\/\/yoast.com\/product\/yoast-seo-wordpress\/ -->\n<title>STUNT WORX Accu-Meter B\u01a1m K\u00edch Th\u00edch X2 - Desire<\/title>\n<meta name=\"robots\" content=\"index, follow, max-snippet:-1, max-image-preview:large, max-video-preview:-1\" \/>\n<link rel=\"canonical\" href=\"https:\/\/desireonline.shop\/vi\/san-pham\/stunt-worx-accu-meter-bom-kich-thich-x2\/\" \/>\n<meta property=\"og:locale\" content=\"vi_VN\" \/>\n<meta property=\"og:type\" content=\"article\" \/>\n<meta property=\"og:title\" content=\"STUNT WORX Accu-Meter B\u01a1m K\u00edch Th\u00edch X2 - Desire\" \/>\n<meta property=\"og:description\" content=\"Chi\u1ebfc b\u01a1m c\u1ea7m tay n\u00e0y \u0111\u01b0\u1ee3c thi\u1ebft k\u1ebf cho vi\u1ec7c kh\u00e1m ph\u00e1 c\u00f3 ki\u1ec3m so\u00e1t v\u00e0 ch\u1ee7 \u0111\u1ed9ng. C\u01a1 ch\u1ebf b\u01a1m th\u1ee7 c\u00f4ng cho ph\u00e9p b\u1ea1n \u0111i\u1ec1u ch\u1ec9nh l\u1ef1c h\u00fat&hellip;\" \/>\n<meta property=\"og:url\" content=\"https:\/\/desireonline.shop\/vi\/san-pham\/stunt-worx-accu-meter-bom-kich-thich-x2\/\" \/>\n<meta property=\"og:site_name\" content=\"Desire\" \/>\n<meta property=\"article:modified_time\" content=\"2026-03-10T05:38:00+00:00\" \/>\n<meta property=\"og:image\" content=\"https:\/\/desireonline.shop\/wp-content\/uploads\/2026\/02\/CN-252302091_00.jpg\" \/>\n\t<meta property=\"og:image:width\" content=\"1000\" \/>\n\t<meta property=\"og:image:height\" content=\"1000\" \/>\n\t<meta property=\"og:image:type\" content=\"image\/jpeg\" \/>\n<meta name=\"twitter:card\" content=\"summary_large_image\" \/>\n<meta name=\"twitter:label1\" content=\"\u01af\u1edbc t\u00ednh th\u1eddi gian \u0111\u1ecdc\" \/>\n\t<meta name=\"twitter:data1\" content=\"1 ph\u00fat\" \/>\n<script type=\"application\/ld+json\" class=\"yoast-schema-graph\">{\"@context\":\"https:\/\/schema.org\",\"@graph\":[{\"@type\":\"WebPage\",\"@id\":\"https:\/\/desireonline.shop\/vi\/san-pham\/stunt-worx-accu-meter-bom-kich-thich-x2\/\",\"url\":\"https:\/\/desireonline.shop\/vi\/san-pham\/stunt-worx-accu-meter-bom-kich-thich-x2\/\",\"name\":\"STUNT WORX Accu-Meter B\u01a1m K\u00edch Th\u00edch X2 - Desire\",\"isPartOf\":{\"@id\":\"https:\/\/desireonline.shop\/vi\/#website\"},\"primaryImageOfPage\":{\"@id\":\"https:\/\/desireonline.shop\/vi\/san-pham\/stunt-worx-accu-meter-bom-kich-thich-x2\/#primaryimage\"},\"image\":{\"@id\":\"https:\/\/desireonline.shop\/vi\/san-pham\/stunt-worx-accu-meter-bom-kich-thich-x2\/#primaryimage\"},\"thumbnailUrl\":\"https:\/\/desireonline.shop\/wp-content\/uploads\/2026\/02\/CN-252302091_00.jpg\",\"datePublished\":\"2026-02-16T11:57:00+00:00\",\"dateModified\":\"2026-03-10T05:38:00+00:00\",\"breadcrumb\":{\"@id\":\"https:\/\/desireonline.shop\/vi\/san-pham\/stunt-worx-accu-meter-bom-kich-thich-x2\/#breadcrumb\"},\"inLanguage\":\"vi\",\"potentialAction\":[{\"@type\":\"ReadAction\",\"target\":[\"https:\/\/desireonline.shop\/vi\/san-pham\/stunt-worx-accu-meter-bom-kich-thich-x2\/\"]}]},{\"@type\":\"ImageObject\",\"inLanguage\":\"vi\",\"@id\":\"https:\/\/desireonline.shop\/vi\/san-pham\/stunt-worx-accu-meter-bom-kich-thich-x2\/#primaryimage\",\"url\":\"https:\/\/desireonline.shop\/wp-content\/uploads\/2026\/02\/CN-252302091_00.jpg\",\"contentUrl\":\"https:\/\/desireonline.shop\/wp-content\/uploads\/2026\/02\/CN-252302091_00.jpg\",\"width\":1000,\"height\":1000},{\"@type\":\"BreadcrumbList\",\"@id\":\"https:\/\/desireonline.shop\/vi\/san-pham\/stunt-worx-accu-meter-bom-kich-thich-x2\/#breadcrumb\",\"itemListElement\":[{\"@type\":\"ListItem\",\"position\":1,\"name\":\"Home\",\"item\":\"https:\/\/desireonline.shop\/vi\/trang-chu\/?lang=vi\"},{\"@type\":\"ListItem\",\"position\":2,\"name\":\"T\u1ea5t c\u1ea3 s\u1ea3n ph\u1ea9m\",\"item\":\"https:\/\/desireonline.shop\/cua-hang\/?lang=vi\"},{\"@type\":\"ListItem\",\"position\":3,\"name\":\"STUNT WORX Accu-Meter B\u01a1m K\u00edch Th\u00edch X2\"}]},{\"@type\":\"WebSite\",\"@id\":\"https:\/\/desireonline.shop\/vi\/#website\",\"url\":\"https:\/\/desireonline.shop\/vi\/\",\"name\":\"Desire\",\"description\":\"Sexual Wellness Platform\",\"publisher\":{\"@id\":\"https:\/\/desireonline.shop\/vi\/#organization\"},\"potentialAction\":[{\"@type\":\"SearchAction\",\"target\":{\"@type\":\"EntryPoint\",\"urlTemplate\":\"https:\/\/desireonline.shop\/vi\/?s={search_term_string}\"},\"query-input\":{\"@type\":\"PropertyValueSpecification\",\"valueRequired\":true,\"valueName\":\"search_term_string\"}}],\"inLanguage\":\"vi\"},{\"@type\":\"Organization\",\"@id\":\"https:\/\/desireonline.shop\/vi\/#organization\",\"name\":\"Desire\",\"url\":\"https:\/\/desireonline.shop\/vi\/\",\"logo\":{\"@type\":\"ImageObject\",\"inLanguage\":\"vi\",\"@id\":\"https:\/\/desireonline.shop\/vi\/#\/schema\/logo\/image\/\",\"url\":\"https:\/\/desireonline.shop\/wp-content\/uploads\/2024\/06\/Logo-Thick-Font-1.webp\",\"contentUrl\":\"https:\/\/desireonline.shop\/wp-content\/uploads\/2024\/06\/Logo-Thick-Font-1.webp\",\"width\":268,\"height\":399,\"caption\":\"Desire\"},\"image\":{\"@id\":\"https:\/\/desireonline.shop\/vi\/#\/schema\/logo\/image\/\"}}]}<\/script>\n<!-- \/ Yoast SEO plugin. -->","yoast_head_json":{"title":"STUNT WORX Accu-Meter B\u01a1m K\u00edch Th\u00edch X2 - Desire","robots":{"index":"index","follow":"follow","max-snippet":"max-snippet:-1","max-image-preview":"max-image-preview:large","max-video-preview":"max-video-preview:-1"},"canonical":"https:\/\/desireonline.shop\/vi\/san-pham\/stunt-worx-accu-meter-bom-kich-thich-x2\/","og_locale":"vi_VN","og_type":"article","og_title":"STUNT WORX Accu-Meter B\u01a1m K\u00edch Th\u00edch X2 - Desire","og_description":"Chi\u1ebfc b\u01a1m c\u1ea7m tay n\u00e0y \u0111\u01b0\u1ee3c thi\u1ebft k\u1ebf cho vi\u1ec7c kh\u00e1m ph\u00e1 c\u00f3 ki\u1ec3m so\u00e1t v\u00e0 ch\u1ee7 \u0111\u1ed9ng. C\u01a1 ch\u1ebf b\u01a1m th\u1ee7 c\u00f4ng cho ph\u00e9p b\u1ea1n \u0111i\u1ec1u ch\u1ec9nh l\u1ef1c h\u00fat&hellip;","og_url":"https:\/\/desireonline.shop\/vi\/san-pham\/stunt-worx-accu-meter-bom-kich-thich-x2\/","og_site_name":"Desire","article_modified_time":"2026-03-10T05:38:00+00:00","og_image":[{"width":1000,"height":1000,"url":"https:\/\/desireonline.shop\/wp-content\/uploads\/2026\/02\/CN-252302091_00.jpg","type":"image\/jpeg"}],"twitter_card":"summary_large_image","twitter_misc":{"\u01af\u1edbc t\u00ednh th\u1eddi gian \u0111\u1ecdc":"1 ph\u00fat"},"schema":{"@context":"https:\/\/schema.org","@graph":[{"@type":"WebPage","@id":"https:\/\/desireonline.shop\/vi\/san-pham\/stunt-worx-accu-meter-bom-kich-thich-x2\/","url":"https:\/\/desireonline.shop\/vi\/san-pham\/stunt-worx-accu-meter-bom-kich-thich-x2\/","name":"STUNT WORX Accu-Meter B\u01a1m K\u00edch Th\u00edch X2 - Desire","isPartOf":{"@id":"https:\/\/desireonline.shop\/vi\/#website"},"primaryImageOfPage":{"@id":"https:\/\/desireonline.shop\/vi\/san-pham\/stunt-worx-accu-meter-bom-kich-thich-x2\/#primaryimage"},"image":{"@id":"https:\/\/desireonline.shop\/vi\/san-pham\/stunt-worx-accu-meter-bom-kich-thich-x2\/#primaryimage"},"thumbnailUrl":"https:\/\/desireonline.shop\/wp-content\/uploads\/2026\/02\/CN-252302091_00.jpg","datePublished":"2026-02-16T11:57:00+00:00","dateModified":"2026-03-10T05:38:00+00:00","breadcrumb":{"@id":"https:\/\/desireonline.shop\/vi\/san-pham\/stunt-worx-accu-meter-bom-kich-thich-x2\/#breadcrumb"},"inLanguage":"vi","potentialAction":[{"@type":"ReadAction","target":["https:\/\/desireonline.shop\/vi\/san-pham\/stunt-worx-accu-meter-bom-kich-thich-x2\/"]}]},{"@type":"ImageObject","inLanguage":"vi","@id":"https:\/\/desireonline.shop\/vi\/san-pham\/stunt-worx-accu-meter-bom-kich-thich-x2\/#primaryimage","url":"https:\/\/desireonline.shop\/wp-content\/uploads\/2026\/02\/CN-252302091_00.jpg","contentUrl":"https:\/\/desireonline.shop\/wp-content\/uploads\/2026\/02\/CN-252302091_00.jpg","width":1000,"height":1000},{"@type":"BreadcrumbList","@id":"https:\/\/desireonline.shop\/vi\/san-pham\/stunt-worx-accu-meter-bom-kich-thich-x2\/#breadcrumb","itemListElement":[{"@type":"ListItem","position":1,"name":"Home","item":"https:\/\/desireonline.shop\/vi\/trang-chu\/?lang=vi"},{"@type":"ListItem","position":2,"name":"T\u1ea5t c\u1ea3 s\u1ea3n ph\u1ea9m","item":"https:\/\/desireonline.shop\/cua-hang\/?lang=vi"},{"@type":"ListItem","position":3,"name":"STUNT WORX Accu-Meter B\u01a1m K\u00edch Th\u00edch X2"}]},{"@type":"WebSite","@id":"https:\/\/desireonline.shop\/vi\/#website","url":"https:\/\/desireonline.shop\/vi\/","name":"Desire","description":"Sexual Wellness Platform","publisher":{"@id":"https:\/\/desireonline.shop\/vi\/#organization"},"potentialAction":[{"@type":"SearchAction","target":{"@type":"EntryPoint","urlTemplate":"https:\/\/desireonline.shop\/vi\/?s={search_term_string}"},"query-input":{"@type":"PropertyValueSpecification","valueRequired":true,"valueName":"search_term_string"}}],"inLanguage":"vi"},{"@type":"Organization","@id":"https:\/\/desireonline.shop\/vi\/#organization","name":"Desire","url":"https:\/\/desireonline.shop\/vi\/","logo":{"@type":"ImageObject","inLanguage":"vi","@id":"https:\/\/desireonline.shop\/vi\/#\/schema\/logo\/image\/","url":"https:\/\/desireonline.shop\/wp-content\/uploads\/2024\/06\/Logo-Thick-Font-1.webp","contentUrl":"https:\/\/desireonline.shop\/wp-content\/uploads\/2024\/06\/Logo-Thick-Font-1.webp","width":268,"height":399,"caption":"Desire"},"image":{"@id":"https:\/\/desireonline.shop\/vi\/#\/schema\/logo\/image\/"}}]}},"_links":{"self":[{"href":"https:\/\/desireonline.shop\/vi\/wp-json\/wp\/v2\/product\/65471","targetHints":{"allow":["GET"]}}],"collection":[{"href":"https:\/\/desireonline.shop\/vi\/wp-json\/wp\/v2\/product"}],"about":[{"href":"https:\/\/desireonline.shop\/vi\/wp-json\/wp\/v2\/types\/product"}],"replies":[{"embeddable":true,"href":"https:\/\/desireonline.shop\/vi\/wp-json\/wp\/v2\/comments?post=65471"}],"version-history":[{"count":0,"href":"https:\/\/desireonline.shop\/vi\/wp-json\/wp\/v2\/product\/65471\/revisions"}],"wp:featuredmedia":[{"embeddable":true,"href":"https:\/\/desireonline.shop\/vi\/wp-json\/wp\/v2\/media\/63381"}],"wp:attachment":[{"href":"https:\/\/desireonline.shop\/vi\/wp-json\/wp\/v2\/media?parent=65471"}],"wp:term":[{"taxonomy":"product_brand","embeddable":true,"href":"https:\/\/desireonline.shop\/vi\/wp-json\/wp\/v2\/product_brand?post=65471"},{"taxonomy":"product_cat","embeddable":true,"href":"https:\/\/desireonline.shop\/vi\/wp-json\/wp\/v2\/product_cat?post=65471"},{"taxonomy":"product_tag","embeddable":true,"href":"https:\/\/desireonline.shop\/vi\/wp-json\/wp\/v2\/product_tag?post=65471"}],"curies":[{"name":"wp","href":"https:\/\/api.w.org\/{rel}","templated":true}]}}