{"id":65480,"date":"2026-02-16T11:57:00","date_gmt":"2026-02-16T11:57:00","guid":{"rendered":"https:\/\/desireonline.shop\/product\/r-g-b-duong-vat-gia-strap-on-harness-probe-nhieu-mau\/"},"modified":"2026-03-10T05:38:01","modified_gmt":"2026-03-10T05:38:01","slug":"r-g-b-duong-vat-gia-strap-on-harness-probe-nhieu-mau","status":"publish","type":"product","link":"https:\/\/desireonline.shop\/vi\/san-pham\/r-g-b-duong-vat-gia-strap-on-harness-probe-nhieu-mau\/","title":{"rendered":"R.G.B D\u01b0\u01a1ng V\u1eadt Gi\u1ea3 Strap-on Harness &amp; Probe Nhi\u1ec1u M\u00e0u"},"content":{"rendered":"<p>D\u01b0\u01a1ng v\u1eadt gi\u1ea3 strap-on n\u00e0y c\u00f3 thi\u1ebft k\u1ebf d\u00e2y \u0111eo ki\u1ec3u harness c\u00f3 th\u1ec3 \u0111i\u1ec1u ch\u1ec9nh, mang l\u1ea1i s\u1ef1 v\u1eeba v\u1eb7n tho\u1ea3i m\u00e1i v\u00e0 kh\u1ea3 n\u0103ng th\u00edch \u1ee9ng khi s\u1eed d\u1ee5ng. C\u00e1c m\u00e0u s\u1eafc n\u1ed5i b\u1eadt mang l\u1ea1i y\u1ebfu t\u1ed1 vui nh\u1ed9n v\u00e0 tr\u1ef1c quan cho tr\u1ea3i nghi\u1ec7m kh\u00e1m ph\u00e1 chung.<\/p>\n<p>Ph\u00f9 h\u1ee3p cho c\u00e1c c\u1eb7p \u0111\u00f4i t\u00f2 m\u00f2 v\u1ec1 nh\u1eefng c\u1ea3m gi\u00e1c m\u1edbi, s\u1ea3n ph\u1ea9m khuy\u1ebfn kh\u00edch s\u1ef1 giao ti\u1ebfp, s\u1ef1 t\u1ef1 tin v\u00e0 tinh th\u1ea7n kh\u00e1m ph\u00e1 c\u00f9ng nhau.<\/p>\n","protected":false},"excerpt":{"rendered":"<p>D\u01b0\u01a1ng v\u1eadt gi\u1ea3 strap-on n\u00e0y c\u00f3 thi\u1ebft k\u1ebf d\u00e2y \u0111eo ki\u1ec3u harness c\u00f3 th\u1ec3 \u0111i\u1ec1u ch\u1ec9nh, mang l\u1ea1i s\u1ef1 v\u1eeba v\u1eb7n tho\u1ea3i m\u00e1i v\u00e0 kh\u1ea3 n\u0103ng th\u00edch \u1ee9ng khi s\u1eed&hellip;<\/p>\n","protected":false},"featured_media":63372,"comment_status":"open","ping_status":"closed","template":"","meta":{"_acf_changed":false},"product_brand":[],"product_cat":[1373],"product_tag":[],"class_list":{"0":"post-65480","1":"product","2":"type-product","3":"status-publish","4":"has-post-thumbnail","6":"product_cat-duong-vat-gia-gan-deo","8":"first","9":"instock","10":"shipping-taxable","11":"purchasable","12":"product-type-simple"},"acf":[],"yoast_head":"<!-- This site is optimized with the Yoast SEO plugin v27.1.1 - https:\/\/yoast.com\/product\/yoast-seo-wordpress\/ -->\n<title>R.G.B D\u01b0\u01a1ng V\u1eadt Gi\u1ea3 Strap-on Harness &amp; Probe Nhi\u1ec1u M\u00e0u - Desire<\/title>\n<meta name=\"robots\" content=\"index, follow, max-snippet:-1, max-image-preview:large, max-video-preview:-1\" \/>\n<link rel=\"canonical\" href=\"https:\/\/desireonline.shop\/vi\/san-pham\/r-g-b-duong-vat-gia-strap-on-harness-probe-nhieu-mau\/\" \/>\n<meta property=\"og:locale\" content=\"vi_VN\" \/>\n<meta property=\"og:type\" content=\"article\" \/>\n<meta property=\"og:title\" content=\"R.G.B D\u01b0\u01a1ng V\u1eadt Gi\u1ea3 Strap-on Harness &amp; Probe Nhi\u1ec1u M\u00e0u - Desire\" \/>\n<meta property=\"og:description\" content=\"D\u01b0\u01a1ng v\u1eadt gi\u1ea3 strap-on n\u00e0y c\u00f3 thi\u1ebft k\u1ebf d\u00e2y \u0111eo ki\u1ec3u harness c\u00f3 th\u1ec3 \u0111i\u1ec1u ch\u1ec9nh, mang l\u1ea1i s\u1ef1 v\u1eeba v\u1eb7n tho\u1ea3i m\u00e1i v\u00e0 kh\u1ea3 n\u0103ng th\u00edch \u1ee9ng khi s\u1eed&hellip;\" \/>\n<meta property=\"og:url\" content=\"https:\/\/desireonline.shop\/vi\/san-pham\/r-g-b-duong-vat-gia-strap-on-harness-probe-nhieu-mau\/\" \/>\n<meta property=\"og:site_name\" content=\"Desire\" \/>\n<meta property=\"article:modified_time\" content=\"2026-03-10T05:38:01+00:00\" \/>\n<meta property=\"og:image\" content=\"https:\/\/desireonline.shop\/wp-content\/uploads\/2026\/02\/CN-474059213_00.jpg\" \/>\n\t<meta property=\"og:image:width\" content=\"1000\" \/>\n\t<meta property=\"og:image:height\" content=\"1000\" \/>\n\t<meta property=\"og:image:type\" content=\"image\/jpeg\" \/>\n<meta name=\"twitter:card\" content=\"summary_large_image\" \/>\n<meta name=\"twitter:label1\" content=\"\u01af\u1edbc t\u00ednh th\u1eddi gian \u0111\u1ecdc\" \/>\n\t<meta name=\"twitter:data1\" content=\"1 ph\u00fat\" \/>\n<script type=\"application\/ld+json\" class=\"yoast-schema-graph\">{\"@context\":\"https:\/\/schema.org\",\"@graph\":[{\"@type\":\"WebPage\",\"@id\":\"https:\/\/desireonline.shop\/vi\/san-pham\/r-g-b-duong-vat-gia-strap-on-harness-probe-nhieu-mau\/\",\"url\":\"https:\/\/desireonline.shop\/vi\/san-pham\/r-g-b-duong-vat-gia-strap-on-harness-probe-nhieu-mau\/\",\"name\":\"R.G.B D\u01b0\u01a1ng V\u1eadt Gi\u1ea3 Strap-on Harness &amp; Probe Nhi\u1ec1u M\u00e0u - Desire\",\"isPartOf\":{\"@id\":\"https:\/\/desireonline.shop\/vi\/#website\"},\"primaryImageOfPage\":{\"@id\":\"https:\/\/desireonline.shop\/vi\/san-pham\/r-g-b-duong-vat-gia-strap-on-harness-probe-nhieu-mau\/#primaryimage\"},\"image\":{\"@id\":\"https:\/\/desireonline.shop\/vi\/san-pham\/r-g-b-duong-vat-gia-strap-on-harness-probe-nhieu-mau\/#primaryimage\"},\"thumbnailUrl\":\"https:\/\/desireonline.shop\/wp-content\/uploads\/2026\/02\/CN-474059213_00.jpg\",\"datePublished\":\"2026-02-16T11:57:00+00:00\",\"dateModified\":\"2026-03-10T05:38:01+00:00\",\"breadcrumb\":{\"@id\":\"https:\/\/desireonline.shop\/vi\/san-pham\/r-g-b-duong-vat-gia-strap-on-harness-probe-nhieu-mau\/#breadcrumb\"},\"inLanguage\":\"vi\",\"potentialAction\":[{\"@type\":\"ReadAction\",\"target\":[\"https:\/\/desireonline.shop\/vi\/san-pham\/r-g-b-duong-vat-gia-strap-on-harness-probe-nhieu-mau\/\"]}]},{\"@type\":\"ImageObject\",\"inLanguage\":\"vi\",\"@id\":\"https:\/\/desireonline.shop\/vi\/san-pham\/r-g-b-duong-vat-gia-strap-on-harness-probe-nhieu-mau\/#primaryimage\",\"url\":\"https:\/\/desireonline.shop\/wp-content\/uploads\/2026\/02\/CN-474059213_00.jpg\",\"contentUrl\":\"https:\/\/desireonline.shop\/wp-content\/uploads\/2026\/02\/CN-474059213_00.jpg\",\"width\":1000,\"height\":1000},{\"@type\":\"BreadcrumbList\",\"@id\":\"https:\/\/desireonline.shop\/vi\/san-pham\/r-g-b-duong-vat-gia-strap-on-harness-probe-nhieu-mau\/#breadcrumb\",\"itemListElement\":[{\"@type\":\"ListItem\",\"position\":1,\"name\":\"Home\",\"item\":\"https:\/\/desireonline.shop\/vi\/trang-chu\/?lang=vi\"},{\"@type\":\"ListItem\",\"position\":2,\"name\":\"T\u1ea5t c\u1ea3 s\u1ea3n ph\u1ea9m\",\"item\":\"https:\/\/desireonline.shop\/cua-hang\/?lang=vi\"},{\"@type\":\"ListItem\",\"position\":3,\"name\":\"R.G.B D\u01b0\u01a1ng V\u1eadt Gi\u1ea3 Strap-on Harness &amp; Probe Nhi\u1ec1u M\u00e0u\"}]},{\"@type\":\"WebSite\",\"@id\":\"https:\/\/desireonline.shop\/vi\/#website\",\"url\":\"https:\/\/desireonline.shop\/vi\/\",\"name\":\"Desire\",\"description\":\"Sexual Wellness Platform\",\"publisher\":{\"@id\":\"https:\/\/desireonline.shop\/vi\/#organization\"},\"potentialAction\":[{\"@type\":\"SearchAction\",\"target\":{\"@type\":\"EntryPoint\",\"urlTemplate\":\"https:\/\/desireonline.shop\/vi\/?s={search_term_string}\"},\"query-input\":{\"@type\":\"PropertyValueSpecification\",\"valueRequired\":true,\"valueName\":\"search_term_string\"}}],\"inLanguage\":\"vi\"},{\"@type\":\"Organization\",\"@id\":\"https:\/\/desireonline.shop\/vi\/#organization\",\"name\":\"Desire\",\"url\":\"https:\/\/desireonline.shop\/vi\/\",\"logo\":{\"@type\":\"ImageObject\",\"inLanguage\":\"vi\",\"@id\":\"https:\/\/desireonline.shop\/vi\/#\/schema\/logo\/image\/\",\"url\":\"https:\/\/desireonline.shop\/wp-content\/uploads\/2024\/06\/Logo-Thick-Font-1.webp\",\"contentUrl\":\"https:\/\/desireonline.shop\/wp-content\/uploads\/2024\/06\/Logo-Thick-Font-1.webp\",\"width\":268,\"height\":399,\"caption\":\"Desire\"},\"image\":{\"@id\":\"https:\/\/desireonline.shop\/vi\/#\/schema\/logo\/image\/\"}}]}<\/script>\n<!-- \/ Yoast SEO plugin. -->","yoast_head_json":{"title":"R.G.B D\u01b0\u01a1ng V\u1eadt Gi\u1ea3 Strap-on Harness &amp; Probe Nhi\u1ec1u M\u00e0u - Desire","robots":{"index":"index","follow":"follow","max-snippet":"max-snippet:-1","max-image-preview":"max-image-preview:large","max-video-preview":"max-video-preview:-1"},"canonical":"https:\/\/desireonline.shop\/vi\/san-pham\/r-g-b-duong-vat-gia-strap-on-harness-probe-nhieu-mau\/","og_locale":"vi_VN","og_type":"article","og_title":"R.G.B D\u01b0\u01a1ng V\u1eadt Gi\u1ea3 Strap-on Harness &amp; Probe Nhi\u1ec1u M\u00e0u - Desire","og_description":"D\u01b0\u01a1ng v\u1eadt gi\u1ea3 strap-on n\u00e0y c\u00f3 thi\u1ebft k\u1ebf d\u00e2y \u0111eo ki\u1ec3u harness c\u00f3 th\u1ec3 \u0111i\u1ec1u ch\u1ec9nh, mang l\u1ea1i s\u1ef1 v\u1eeba v\u1eb7n tho\u1ea3i m\u00e1i v\u00e0 kh\u1ea3 n\u0103ng th\u00edch \u1ee9ng khi s\u1eed&hellip;","og_url":"https:\/\/desireonline.shop\/vi\/san-pham\/r-g-b-duong-vat-gia-strap-on-harness-probe-nhieu-mau\/","og_site_name":"Desire","article_modified_time":"2026-03-10T05:38:01+00:00","og_image":[{"width":1000,"height":1000,"url":"https:\/\/desireonline.shop\/wp-content\/uploads\/2026\/02\/CN-474059213_00.jpg","type":"image\/jpeg"}],"twitter_card":"summary_large_image","twitter_misc":{"\u01af\u1edbc t\u00ednh th\u1eddi gian \u0111\u1ecdc":"1 ph\u00fat"},"schema":{"@context":"https:\/\/schema.org","@graph":[{"@type":"WebPage","@id":"https:\/\/desireonline.shop\/vi\/san-pham\/r-g-b-duong-vat-gia-strap-on-harness-probe-nhieu-mau\/","url":"https:\/\/desireonline.shop\/vi\/san-pham\/r-g-b-duong-vat-gia-strap-on-harness-probe-nhieu-mau\/","name":"R.G.B D\u01b0\u01a1ng V\u1eadt Gi\u1ea3 Strap-on Harness &amp; Probe Nhi\u1ec1u M\u00e0u - Desire","isPartOf":{"@id":"https:\/\/desireonline.shop\/vi\/#website"},"primaryImageOfPage":{"@id":"https:\/\/desireonline.shop\/vi\/san-pham\/r-g-b-duong-vat-gia-strap-on-harness-probe-nhieu-mau\/#primaryimage"},"image":{"@id":"https:\/\/desireonline.shop\/vi\/san-pham\/r-g-b-duong-vat-gia-strap-on-harness-probe-nhieu-mau\/#primaryimage"},"thumbnailUrl":"https:\/\/desireonline.shop\/wp-content\/uploads\/2026\/02\/CN-474059213_00.jpg","datePublished":"2026-02-16T11:57:00+00:00","dateModified":"2026-03-10T05:38:01+00:00","breadcrumb":{"@id":"https:\/\/desireonline.shop\/vi\/san-pham\/r-g-b-duong-vat-gia-strap-on-harness-probe-nhieu-mau\/#breadcrumb"},"inLanguage":"vi","potentialAction":[{"@type":"ReadAction","target":["https:\/\/desireonline.shop\/vi\/san-pham\/r-g-b-duong-vat-gia-strap-on-harness-probe-nhieu-mau\/"]}]},{"@type":"ImageObject","inLanguage":"vi","@id":"https:\/\/desireonline.shop\/vi\/san-pham\/r-g-b-duong-vat-gia-strap-on-harness-probe-nhieu-mau\/#primaryimage","url":"https:\/\/desireonline.shop\/wp-content\/uploads\/2026\/02\/CN-474059213_00.jpg","contentUrl":"https:\/\/desireonline.shop\/wp-content\/uploads\/2026\/02\/CN-474059213_00.jpg","width":1000,"height":1000},{"@type":"BreadcrumbList","@id":"https:\/\/desireonline.shop\/vi\/san-pham\/r-g-b-duong-vat-gia-strap-on-harness-probe-nhieu-mau\/#breadcrumb","itemListElement":[{"@type":"ListItem","position":1,"name":"Home","item":"https:\/\/desireonline.shop\/vi\/trang-chu\/?lang=vi"},{"@type":"ListItem","position":2,"name":"T\u1ea5t c\u1ea3 s\u1ea3n ph\u1ea9m","item":"https:\/\/desireonline.shop\/cua-hang\/?lang=vi"},{"@type":"ListItem","position":3,"name":"R.G.B D\u01b0\u01a1ng V\u1eadt Gi\u1ea3 Strap-on Harness &amp; Probe Nhi\u1ec1u M\u00e0u"}]},{"@type":"WebSite","@id":"https:\/\/desireonline.shop\/vi\/#website","url":"https:\/\/desireonline.shop\/vi\/","name":"Desire","description":"Sexual Wellness Platform","publisher":{"@id":"https:\/\/desireonline.shop\/vi\/#organization"},"potentialAction":[{"@type":"SearchAction","target":{"@type":"EntryPoint","urlTemplate":"https:\/\/desireonline.shop\/vi\/?s={search_term_string}"},"query-input":{"@type":"PropertyValueSpecification","valueRequired":true,"valueName":"search_term_string"}}],"inLanguage":"vi"},{"@type":"Organization","@id":"https:\/\/desireonline.shop\/vi\/#organization","name":"Desire","url":"https:\/\/desireonline.shop\/vi\/","logo":{"@type":"ImageObject","inLanguage":"vi","@id":"https:\/\/desireonline.shop\/vi\/#\/schema\/logo\/image\/","url":"https:\/\/desireonline.shop\/wp-content\/uploads\/2024\/06\/Logo-Thick-Font-1.webp","contentUrl":"https:\/\/desireonline.shop\/wp-content\/uploads\/2024\/06\/Logo-Thick-Font-1.webp","width":268,"height":399,"caption":"Desire"},"image":{"@id":"https:\/\/desireonline.shop\/vi\/#\/schema\/logo\/image\/"}}]}},"_links":{"self":[{"href":"https:\/\/desireonline.shop\/vi\/wp-json\/wp\/v2\/product\/65480","targetHints":{"allow":["GET"]}}],"collection":[{"href":"https:\/\/desireonline.shop\/vi\/wp-json\/wp\/v2\/product"}],"about":[{"href":"https:\/\/desireonline.shop\/vi\/wp-json\/wp\/v2\/types\/product"}],"replies":[{"embeddable":true,"href":"https:\/\/desireonline.shop\/vi\/wp-json\/wp\/v2\/comments?post=65480"}],"version-history":[{"count":0,"href":"https:\/\/desireonline.shop\/vi\/wp-json\/wp\/v2\/product\/65480\/revisions"}],"wp:featuredmedia":[{"embeddable":true,"href":"https:\/\/desireonline.shop\/vi\/wp-json\/wp\/v2\/media\/63372"}],"wp:attachment":[{"href":"https:\/\/desireonline.shop\/vi\/wp-json\/wp\/v2\/media?parent=65480"}],"wp:term":[{"taxonomy":"product_brand","embeddable":true,"href":"https:\/\/desireonline.shop\/vi\/wp-json\/wp\/v2\/product_brand?post=65480"},{"taxonomy":"product_cat","embeddable":true,"href":"https:\/\/desireonline.shop\/vi\/wp-json\/wp\/v2\/product_cat?post=65480"},{"taxonomy":"product_tag","embeddable":true,"href":"https:\/\/desireonline.shop\/vi\/wp-json\/wp\/v2\/product_tag?post=65480"}],"curies":[{"name":"wp","href":"https:\/\/api.w.org\/{rel}","templated":true}]}}