{"id":65489,"date":"2026-02-16T11:58:00","date_gmt":"2026-02-16T11:58:00","guid":{"rendered":"https:\/\/desireonline.shop\/product\/stunt-worx-bom-hut-nguc\/"},"modified":"2026-03-10T05:38:30","modified_gmt":"2026-03-10T05:38:30","slug":"stunt-worx-bom-hut-nguc","status":"publish","type":"product","link":"https:\/\/desireonline.shop\/vi\/san-pham\/stunt-worx-bom-hut-nguc\/","title":{"rendered":"STUNT WORX B\u01a1m H\u00fat Ng\u1ef1c"},"content":{"rendered":"<p>Chi\u1ebfc b\u01a1m ngo\u00e0i n\u00e0y \u0111\u01b0\u1ee3c thi\u1ebft k\u1ebf cho tr\u1ea3i nghi\u1ec7m kh\u00e1m ph\u00e1 v\u1edbi l\u1ef1c h\u00fat nh\u1eb9 mang t\u00ednh vui nh\u1ed9n. D\u1ec5 s\u1eed d\u1ee5ng v\u00e0 thi\u1ebft k\u1ebf \u0111\u01a1n gi\u1ea3n, s\u1ea3n ph\u1ea9m cho ph\u00e9p b\u1ea1n th\u1eed nghi\u1ec7m v\u1edbi l\u1ef1c h\u00fat theo t\u1ed1c \u0111\u1ed9 v\u00e0 m\u1ee9c \u0111\u1ed9 mong mu\u1ed1n.<\/p>\n<p>\u0110\u01b0\u1ee3c s\u1ea3n xu\u1ea5t kh\u00f4ng ch\u1ee9a phthalates, s\u1ea3n ph\u1ea9m h\u1ed7 tr\u1ee3 vi\u1ec7c kh\u00e1m ph\u00e1 c\u01a1 th\u1ec3 theo h\u01b0\u1edbng t\u00edch c\u1ef1c, t\u1eadp trung v\u00e0o nh\u1eadn th\u1ee9c c\u01a1 th\u1ec3, s\u1ef1 tho\u1ea3i m\u00e1i v\u00e0 s\u1ef1 t\u00f2 m\u00f2 khi tr\u1ea3i nghi\u1ec7m c\u00f9ng nhau.<\/p>\n","protected":false},"excerpt":{"rendered":"<p>Chi\u1ebfc b\u01a1m ngo\u00e0i n\u00e0y \u0111\u01b0\u1ee3c thi\u1ebft k\u1ebf cho tr\u1ea3i nghi\u1ec7m kh\u00e1m ph\u00e1 v\u1edbi l\u1ef1c h\u00fat nh\u1eb9 mang t\u00ednh vui nh\u1ed9n. D\u1ec5 s\u1eed d\u1ee5ng v\u00e0 thi\u1ebft k\u1ebf \u0111\u01a1n gi\u1ea3n, s\u1ea3n ph\u1ea9m&hellip;<\/p>\n","protected":false},"featured_media":63428,"comment_status":"open","ping_status":"closed","template":"","meta":{"_acf_changed":false},"product_brand":[],"product_cat":[1380],"product_tag":[],"class_list":{"0":"post-65489","1":"product","2":"type-product","3":"status-publish","4":"has-post-thumbnail","6":"product_cat-bom-kich-thich","8":"first","9":"instock","10":"shipping-taxable","11":"purchasable","12":"product-type-simple"},"acf":[],"yoast_head":"<!-- This site is optimized with the Yoast SEO plugin v27.1.1 - https:\/\/yoast.com\/product\/yoast-seo-wordpress\/ -->\n<title>STUNT WORX B\u01a1m H\u00fat Ng\u1ef1c - Desire<\/title>\n<meta name=\"robots\" content=\"index, follow, max-snippet:-1, max-image-preview:large, max-video-preview:-1\" \/>\n<link rel=\"canonical\" href=\"https:\/\/desireonline.shop\/vi\/san-pham\/stunt-worx-bom-hut-nguc\/\" \/>\n<meta property=\"og:locale\" content=\"vi_VN\" \/>\n<meta property=\"og:type\" content=\"article\" \/>\n<meta property=\"og:title\" content=\"STUNT WORX B\u01a1m H\u00fat Ng\u1ef1c - Desire\" \/>\n<meta property=\"og:description\" content=\"Chi\u1ebfc b\u01a1m ngo\u00e0i n\u00e0y \u0111\u01b0\u1ee3c thi\u1ebft k\u1ebf cho tr\u1ea3i nghi\u1ec7m kh\u00e1m ph\u00e1 v\u1edbi l\u1ef1c h\u00fat nh\u1eb9 mang t\u00ednh vui nh\u1ed9n. D\u1ec5 s\u1eed d\u1ee5ng v\u00e0 thi\u1ebft k\u1ebf \u0111\u01a1n gi\u1ea3n, s\u1ea3n ph\u1ea9m&hellip;\" \/>\n<meta property=\"og:url\" content=\"https:\/\/desireonline.shop\/vi\/san-pham\/stunt-worx-bom-hut-nguc\/\" \/>\n<meta property=\"og:site_name\" content=\"Desire\" \/>\n<meta property=\"article:modified_time\" content=\"2026-03-10T05:38:30+00:00\" \/>\n<meta property=\"og:image\" content=\"https:\/\/desireonline.shop\/wp-content\/uploads\/2026\/02\/CN-712328790_00.jpg\" \/>\n\t<meta property=\"og:image:width\" content=\"1000\" \/>\n\t<meta property=\"og:image:height\" content=\"1000\" \/>\n\t<meta property=\"og:image:type\" content=\"image\/jpeg\" \/>\n<meta name=\"twitter:card\" content=\"summary_large_image\" \/>\n<meta name=\"twitter:label1\" content=\"\u01af\u1edbc t\u00ednh th\u1eddi gian \u0111\u1ecdc\" \/>\n\t<meta name=\"twitter:data1\" content=\"1 ph\u00fat\" \/>\n<script type=\"application\/ld+json\" class=\"yoast-schema-graph\">{\"@context\":\"https:\/\/schema.org\",\"@graph\":[{\"@type\":\"WebPage\",\"@id\":\"https:\/\/desireonline.shop\/vi\/san-pham\/stunt-worx-bom-hut-nguc\/\",\"url\":\"https:\/\/desireonline.shop\/vi\/san-pham\/stunt-worx-bom-hut-nguc\/\",\"name\":\"STUNT WORX B\u01a1m H\u00fat Ng\u1ef1c - Desire\",\"isPartOf\":{\"@id\":\"https:\/\/desireonline.shop\/vi\/#website\"},\"primaryImageOfPage\":{\"@id\":\"https:\/\/desireonline.shop\/vi\/san-pham\/stunt-worx-bom-hut-nguc\/#primaryimage\"},\"image\":{\"@id\":\"https:\/\/desireonline.shop\/vi\/san-pham\/stunt-worx-bom-hut-nguc\/#primaryimage\"},\"thumbnailUrl\":\"https:\/\/desireonline.shop\/wp-content\/uploads\/2026\/02\/CN-712328790_00.jpg\",\"datePublished\":\"2026-02-16T11:58:00+00:00\",\"dateModified\":\"2026-03-10T05:38:30+00:00\",\"breadcrumb\":{\"@id\":\"https:\/\/desireonline.shop\/vi\/san-pham\/stunt-worx-bom-hut-nguc\/#breadcrumb\"},\"inLanguage\":\"vi\",\"potentialAction\":[{\"@type\":\"ReadAction\",\"target\":[\"https:\/\/desireonline.shop\/vi\/san-pham\/stunt-worx-bom-hut-nguc\/\"]}]},{\"@type\":\"ImageObject\",\"inLanguage\":\"vi\",\"@id\":\"https:\/\/desireonline.shop\/vi\/san-pham\/stunt-worx-bom-hut-nguc\/#primaryimage\",\"url\":\"https:\/\/desireonline.shop\/wp-content\/uploads\/2026\/02\/CN-712328790_00.jpg\",\"contentUrl\":\"https:\/\/desireonline.shop\/wp-content\/uploads\/2026\/02\/CN-712328790_00.jpg\",\"width\":1000,\"height\":1000},{\"@type\":\"BreadcrumbList\",\"@id\":\"https:\/\/desireonline.shop\/vi\/san-pham\/stunt-worx-bom-hut-nguc\/#breadcrumb\",\"itemListElement\":[{\"@type\":\"ListItem\",\"position\":1,\"name\":\"Home\",\"item\":\"https:\/\/desireonline.shop\/vi\/trang-chu\/?lang=vi\"},{\"@type\":\"ListItem\",\"position\":2,\"name\":\"T\u1ea5t c\u1ea3 s\u1ea3n ph\u1ea9m\",\"item\":\"https:\/\/desireonline.shop\/cua-hang\/?lang=vi\"},{\"@type\":\"ListItem\",\"position\":3,\"name\":\"STUNT WORX B\u01a1m H\u00fat Ng\u1ef1c\"}]},{\"@type\":\"WebSite\",\"@id\":\"https:\/\/desireonline.shop\/vi\/#website\",\"url\":\"https:\/\/desireonline.shop\/vi\/\",\"name\":\"Desire\",\"description\":\"Sexual Wellness Platform\",\"publisher\":{\"@id\":\"https:\/\/desireonline.shop\/vi\/#organization\"},\"potentialAction\":[{\"@type\":\"SearchAction\",\"target\":{\"@type\":\"EntryPoint\",\"urlTemplate\":\"https:\/\/desireonline.shop\/vi\/?s={search_term_string}\"},\"query-input\":{\"@type\":\"PropertyValueSpecification\",\"valueRequired\":true,\"valueName\":\"search_term_string\"}}],\"inLanguage\":\"vi\"},{\"@type\":\"Organization\",\"@id\":\"https:\/\/desireonline.shop\/vi\/#organization\",\"name\":\"Desire\",\"url\":\"https:\/\/desireonline.shop\/vi\/\",\"logo\":{\"@type\":\"ImageObject\",\"inLanguage\":\"vi\",\"@id\":\"https:\/\/desireonline.shop\/vi\/#\/schema\/logo\/image\/\",\"url\":\"https:\/\/desireonline.shop\/wp-content\/uploads\/2024\/06\/Logo-Thick-Font-1.webp\",\"contentUrl\":\"https:\/\/desireonline.shop\/wp-content\/uploads\/2024\/06\/Logo-Thick-Font-1.webp\",\"width\":268,\"height\":399,\"caption\":\"Desire\"},\"image\":{\"@id\":\"https:\/\/desireonline.shop\/vi\/#\/schema\/logo\/image\/\"}}]}<\/script>\n<!-- \/ Yoast SEO plugin. -->","yoast_head_json":{"title":"STUNT WORX B\u01a1m H\u00fat Ng\u1ef1c - Desire","robots":{"index":"index","follow":"follow","max-snippet":"max-snippet:-1","max-image-preview":"max-image-preview:large","max-video-preview":"max-video-preview:-1"},"canonical":"https:\/\/desireonline.shop\/vi\/san-pham\/stunt-worx-bom-hut-nguc\/","og_locale":"vi_VN","og_type":"article","og_title":"STUNT WORX B\u01a1m H\u00fat Ng\u1ef1c - Desire","og_description":"Chi\u1ebfc b\u01a1m ngo\u00e0i n\u00e0y \u0111\u01b0\u1ee3c thi\u1ebft k\u1ebf cho tr\u1ea3i nghi\u1ec7m kh\u00e1m ph\u00e1 v\u1edbi l\u1ef1c h\u00fat nh\u1eb9 mang t\u00ednh vui nh\u1ed9n. D\u1ec5 s\u1eed d\u1ee5ng v\u00e0 thi\u1ebft k\u1ebf \u0111\u01a1n gi\u1ea3n, s\u1ea3n ph\u1ea9m&hellip;","og_url":"https:\/\/desireonline.shop\/vi\/san-pham\/stunt-worx-bom-hut-nguc\/","og_site_name":"Desire","article_modified_time":"2026-03-10T05:38:30+00:00","og_image":[{"width":1000,"height":1000,"url":"https:\/\/desireonline.shop\/wp-content\/uploads\/2026\/02\/CN-712328790_00.jpg","type":"image\/jpeg"}],"twitter_card":"summary_large_image","twitter_misc":{"\u01af\u1edbc t\u00ednh th\u1eddi gian \u0111\u1ecdc":"1 ph\u00fat"},"schema":{"@context":"https:\/\/schema.org","@graph":[{"@type":"WebPage","@id":"https:\/\/desireonline.shop\/vi\/san-pham\/stunt-worx-bom-hut-nguc\/","url":"https:\/\/desireonline.shop\/vi\/san-pham\/stunt-worx-bom-hut-nguc\/","name":"STUNT WORX B\u01a1m H\u00fat Ng\u1ef1c - Desire","isPartOf":{"@id":"https:\/\/desireonline.shop\/vi\/#website"},"primaryImageOfPage":{"@id":"https:\/\/desireonline.shop\/vi\/san-pham\/stunt-worx-bom-hut-nguc\/#primaryimage"},"image":{"@id":"https:\/\/desireonline.shop\/vi\/san-pham\/stunt-worx-bom-hut-nguc\/#primaryimage"},"thumbnailUrl":"https:\/\/desireonline.shop\/wp-content\/uploads\/2026\/02\/CN-712328790_00.jpg","datePublished":"2026-02-16T11:58:00+00:00","dateModified":"2026-03-10T05:38:30+00:00","breadcrumb":{"@id":"https:\/\/desireonline.shop\/vi\/san-pham\/stunt-worx-bom-hut-nguc\/#breadcrumb"},"inLanguage":"vi","potentialAction":[{"@type":"ReadAction","target":["https:\/\/desireonline.shop\/vi\/san-pham\/stunt-worx-bom-hut-nguc\/"]}]},{"@type":"ImageObject","inLanguage":"vi","@id":"https:\/\/desireonline.shop\/vi\/san-pham\/stunt-worx-bom-hut-nguc\/#primaryimage","url":"https:\/\/desireonline.shop\/wp-content\/uploads\/2026\/02\/CN-712328790_00.jpg","contentUrl":"https:\/\/desireonline.shop\/wp-content\/uploads\/2026\/02\/CN-712328790_00.jpg","width":1000,"height":1000},{"@type":"BreadcrumbList","@id":"https:\/\/desireonline.shop\/vi\/san-pham\/stunt-worx-bom-hut-nguc\/#breadcrumb","itemListElement":[{"@type":"ListItem","position":1,"name":"Home","item":"https:\/\/desireonline.shop\/vi\/trang-chu\/?lang=vi"},{"@type":"ListItem","position":2,"name":"T\u1ea5t c\u1ea3 s\u1ea3n ph\u1ea9m","item":"https:\/\/desireonline.shop\/cua-hang\/?lang=vi"},{"@type":"ListItem","position":3,"name":"STUNT WORX B\u01a1m H\u00fat Ng\u1ef1c"}]},{"@type":"WebSite","@id":"https:\/\/desireonline.shop\/vi\/#website","url":"https:\/\/desireonline.shop\/vi\/","name":"Desire","description":"Sexual Wellness Platform","publisher":{"@id":"https:\/\/desireonline.shop\/vi\/#organization"},"potentialAction":[{"@type":"SearchAction","target":{"@type":"EntryPoint","urlTemplate":"https:\/\/desireonline.shop\/vi\/?s={search_term_string}"},"query-input":{"@type":"PropertyValueSpecification","valueRequired":true,"valueName":"search_term_string"}}],"inLanguage":"vi"},{"@type":"Organization","@id":"https:\/\/desireonline.shop\/vi\/#organization","name":"Desire","url":"https:\/\/desireonline.shop\/vi\/","logo":{"@type":"ImageObject","inLanguage":"vi","@id":"https:\/\/desireonline.shop\/vi\/#\/schema\/logo\/image\/","url":"https:\/\/desireonline.shop\/wp-content\/uploads\/2024\/06\/Logo-Thick-Font-1.webp","contentUrl":"https:\/\/desireonline.shop\/wp-content\/uploads\/2024\/06\/Logo-Thick-Font-1.webp","width":268,"height":399,"caption":"Desire"},"image":{"@id":"https:\/\/desireonline.shop\/vi\/#\/schema\/logo\/image\/"}}]}},"_links":{"self":[{"href":"https:\/\/desireonline.shop\/vi\/wp-json\/wp\/v2\/product\/65489","targetHints":{"allow":["GET"]}}],"collection":[{"href":"https:\/\/desireonline.shop\/vi\/wp-json\/wp\/v2\/product"}],"about":[{"href":"https:\/\/desireonline.shop\/vi\/wp-json\/wp\/v2\/types\/product"}],"replies":[{"embeddable":true,"href":"https:\/\/desireonline.shop\/vi\/wp-json\/wp\/v2\/comments?post=65489"}],"version-history":[{"count":0,"href":"https:\/\/desireonline.shop\/vi\/wp-json\/wp\/v2\/product\/65489\/revisions"}],"wp:featuredmedia":[{"embeddable":true,"href":"https:\/\/desireonline.shop\/vi\/wp-json\/wp\/v2\/media\/63428"}],"wp:attachment":[{"href":"https:\/\/desireonline.shop\/vi\/wp-json\/wp\/v2\/media?parent=65489"}],"wp:term":[{"taxonomy":"product_brand","embeddable":true,"href":"https:\/\/desireonline.shop\/vi\/wp-json\/wp\/v2\/product_brand?post=65489"},{"taxonomy":"product_cat","embeddable":true,"href":"https:\/\/desireonline.shop\/vi\/wp-json\/wp\/v2\/product_cat?post=65489"},{"taxonomy":"product_tag","embeddable":true,"href":"https:\/\/desireonline.shop\/vi\/wp-json\/wp\/v2\/product_tag?post=65489"}],"curies":[{"name":"wp","href":"https:\/\/api.w.org\/{rel}","templated":true}]}}