{"id":65495,"date":"2026-02-16T11:58:00","date_gmt":"2026-02-16T11:58:00","guid":{"rendered":"https:\/\/desireonline.shop\/product\/stunt-worx-bom-hut-am-dao-songs-of-pleasure\/"},"modified":"2026-03-10T05:37:42","modified_gmt":"2026-03-10T05:37:42","slug":"stunt-worx-bom-hut-am-dao-songs-of-pleasure","status":"publish","type":"product","link":"https:\/\/desireonline.shop\/vi\/san-pham\/stunt-worx-bom-hut-am-dao-songs-of-pleasure\/","title":{"rendered":"STUNT WORX B\u01a1m H\u00fat \u00c2m \u0110\u1ea1o Songs of Pleasure"},"content":{"rendered":"<p>Chi\u1ebfc b\u01a1m ngo\u00e0i n\u00e0y \u0111\u01b0\u1ee3c thi\u1ebft k\u1ebf \u0111\u1ec3 h\u1ed7 tr\u1ee3 tr\u1ea3i nghi\u1ec7m kh\u00e1m ph\u00e1 v\u1edbi l\u1ef1c h\u00fat nh\u1eb9 nh\u00e0ng. Thi\u1ebft k\u1ebf \u0111\u01a1n gi\u1ea3n gi\u00fap ng\u01b0\u1eddi d\u00f9ng t\u1eadp trung v\u00e0o c\u1ea3m gi\u00e1c trong khi v\u1eabn gi\u1eef s\u1ef1 tho\u1ea3i m\u00e1i v\u00e0 ki\u1ec3m so\u00e1t trong qu\u00e1 tr\u00ecnh s\u1eed d\u1ee5ng.<\/p>\n<p>L\u00e0 l\u1ef1a ch\u1ecdn ph\u00f9 h\u1ee3p cho nh\u1eefng ng\u01b0\u1eddi t\u00f2 m\u00f2 mu\u1ed1n kh\u00e1m ph\u00e1, s\u1ea3n ph\u1ea9m khuy\u1ebfn kh\u00edch tr\u1ea3i nghi\u1ec7m ch\u1eadm r\u00e3i, c\u00f3 \u00fd th\u1ee9c v\u00e0 giao ti\u1ebfp c\u1edfi m\u1edf gi\u1eefa c\u00e1c c\u1eb7p \u0111\u00f4i.<\/p>\n","protected":false},"excerpt":{"rendered":"<p>Chi\u1ebfc b\u01a1m ngo\u00e0i n\u00e0y \u0111\u01b0\u1ee3c thi\u1ebft k\u1ebf \u0111\u1ec3 h\u1ed7 tr\u1ee3 tr\u1ea3i nghi\u1ec7m kh\u00e1m ph\u00e1 v\u1edbi l\u1ef1c h\u00fat nh\u1eb9 nh\u00e0ng. Thi\u1ebft k\u1ebf \u0111\u01a1n gi\u1ea3n gi\u00fap ng\u01b0\u1eddi d\u00f9ng t\u1eadp trung v\u00e0o c\u1ea3m&hellip;<\/p>\n","protected":false},"featured_media":63420,"comment_status":"open","ping_status":"closed","template":"","meta":{"_acf_changed":false},"product_brand":[],"product_cat":[1380],"product_tag":[],"class_list":{"0":"post-65495","1":"product","2":"type-product","3":"status-publish","4":"has-post-thumbnail","6":"product_cat-bom-kich-thich","8":"first","9":"instock","10":"shipping-taxable","11":"purchasable","12":"product-type-simple"},"acf":[],"yoast_head":"<!-- This site is optimized with the Yoast SEO plugin v27.1.1 - https:\/\/yoast.com\/product\/yoast-seo-wordpress\/ -->\n<title>STUNT WORX B\u01a1m H\u00fat \u00c2m \u0110\u1ea1o Songs of Pleasure - Desire<\/title>\n<meta name=\"robots\" content=\"index, follow, max-snippet:-1, max-image-preview:large, max-video-preview:-1\" \/>\n<link rel=\"canonical\" href=\"https:\/\/desireonline.shop\/vi\/san-pham\/stunt-worx-bom-hut-am-dao-songs-of-pleasure\/\" \/>\n<meta property=\"og:locale\" content=\"vi_VN\" \/>\n<meta property=\"og:type\" content=\"article\" \/>\n<meta property=\"og:title\" content=\"STUNT WORX B\u01a1m H\u00fat \u00c2m \u0110\u1ea1o Songs of Pleasure - Desire\" \/>\n<meta property=\"og:description\" content=\"Chi\u1ebfc b\u01a1m ngo\u00e0i n\u00e0y \u0111\u01b0\u1ee3c thi\u1ebft k\u1ebf \u0111\u1ec3 h\u1ed7 tr\u1ee3 tr\u1ea3i nghi\u1ec7m kh\u00e1m ph\u00e1 v\u1edbi l\u1ef1c h\u00fat nh\u1eb9 nh\u00e0ng. Thi\u1ebft k\u1ebf \u0111\u01a1n gi\u1ea3n gi\u00fap ng\u01b0\u1eddi d\u00f9ng t\u1eadp trung v\u00e0o c\u1ea3m&hellip;\" \/>\n<meta property=\"og:url\" content=\"https:\/\/desireonline.shop\/vi\/san-pham\/stunt-worx-bom-hut-am-dao-songs-of-pleasure\/\" \/>\n<meta property=\"og:site_name\" content=\"Desire\" \/>\n<meta property=\"article:modified_time\" content=\"2026-03-10T05:37:42+00:00\" \/>\n<meta property=\"og:image\" content=\"https:\/\/desireonline.shop\/wp-content\/uploads\/2026\/02\/CN-712357806_00.jpg\" \/>\n\t<meta property=\"og:image:width\" content=\"1000\" \/>\n\t<meta property=\"og:image:height\" content=\"1000\" \/>\n\t<meta property=\"og:image:type\" content=\"image\/jpeg\" \/>\n<meta name=\"twitter:card\" content=\"summary_large_image\" \/>\n<meta name=\"twitter:label1\" content=\"\u01af\u1edbc t\u00ednh th\u1eddi gian \u0111\u1ecdc\" \/>\n\t<meta name=\"twitter:data1\" content=\"1 ph\u00fat\" \/>\n<script type=\"application\/ld+json\" class=\"yoast-schema-graph\">{\"@context\":\"https:\/\/schema.org\",\"@graph\":[{\"@type\":\"WebPage\",\"@id\":\"https:\/\/desireonline.shop\/vi\/san-pham\/stunt-worx-bom-hut-am-dao-songs-of-pleasure\/\",\"url\":\"https:\/\/desireonline.shop\/vi\/san-pham\/stunt-worx-bom-hut-am-dao-songs-of-pleasure\/\",\"name\":\"STUNT WORX B\u01a1m H\u00fat \u00c2m \u0110\u1ea1o Songs of Pleasure - Desire\",\"isPartOf\":{\"@id\":\"https:\/\/desireonline.shop\/vi\/#website\"},\"primaryImageOfPage\":{\"@id\":\"https:\/\/desireonline.shop\/vi\/san-pham\/stunt-worx-bom-hut-am-dao-songs-of-pleasure\/#primaryimage\"},\"image\":{\"@id\":\"https:\/\/desireonline.shop\/vi\/san-pham\/stunt-worx-bom-hut-am-dao-songs-of-pleasure\/#primaryimage\"},\"thumbnailUrl\":\"https:\/\/desireonline.shop\/wp-content\/uploads\/2026\/02\/CN-712357806_00.jpg\",\"datePublished\":\"2026-02-16T11:58:00+00:00\",\"dateModified\":\"2026-03-10T05:37:42+00:00\",\"breadcrumb\":{\"@id\":\"https:\/\/desireonline.shop\/vi\/san-pham\/stunt-worx-bom-hut-am-dao-songs-of-pleasure\/#breadcrumb\"},\"inLanguage\":\"vi\",\"potentialAction\":[{\"@type\":\"ReadAction\",\"target\":[\"https:\/\/desireonline.shop\/vi\/san-pham\/stunt-worx-bom-hut-am-dao-songs-of-pleasure\/\"]}]},{\"@type\":\"ImageObject\",\"inLanguage\":\"vi\",\"@id\":\"https:\/\/desireonline.shop\/vi\/san-pham\/stunt-worx-bom-hut-am-dao-songs-of-pleasure\/#primaryimage\",\"url\":\"https:\/\/desireonline.shop\/wp-content\/uploads\/2026\/02\/CN-712357806_00.jpg\",\"contentUrl\":\"https:\/\/desireonline.shop\/wp-content\/uploads\/2026\/02\/CN-712357806_00.jpg\",\"width\":1000,\"height\":1000},{\"@type\":\"BreadcrumbList\",\"@id\":\"https:\/\/desireonline.shop\/vi\/san-pham\/stunt-worx-bom-hut-am-dao-songs-of-pleasure\/#breadcrumb\",\"itemListElement\":[{\"@type\":\"ListItem\",\"position\":1,\"name\":\"Home\",\"item\":\"https:\/\/desireonline.shop\/vi\/trang-chu\/?lang=vi\"},{\"@type\":\"ListItem\",\"position\":2,\"name\":\"T\u1ea5t c\u1ea3 s\u1ea3n ph\u1ea9m\",\"item\":\"https:\/\/desireonline.shop\/cua-hang\/?lang=vi\"},{\"@type\":\"ListItem\",\"position\":3,\"name\":\"STUNT WORX B\u01a1m H\u00fat \u00c2m \u0110\u1ea1o Songs of Pleasure\"}]},{\"@type\":\"WebSite\",\"@id\":\"https:\/\/desireonline.shop\/vi\/#website\",\"url\":\"https:\/\/desireonline.shop\/vi\/\",\"name\":\"Desire\",\"description\":\"Sexual Wellness Platform\",\"publisher\":{\"@id\":\"https:\/\/desireonline.shop\/vi\/#organization\"},\"potentialAction\":[{\"@type\":\"SearchAction\",\"target\":{\"@type\":\"EntryPoint\",\"urlTemplate\":\"https:\/\/desireonline.shop\/vi\/?s={search_term_string}\"},\"query-input\":{\"@type\":\"PropertyValueSpecification\",\"valueRequired\":true,\"valueName\":\"search_term_string\"}}],\"inLanguage\":\"vi\"},{\"@type\":\"Organization\",\"@id\":\"https:\/\/desireonline.shop\/vi\/#organization\",\"name\":\"Desire\",\"url\":\"https:\/\/desireonline.shop\/vi\/\",\"logo\":{\"@type\":\"ImageObject\",\"inLanguage\":\"vi\",\"@id\":\"https:\/\/desireonline.shop\/vi\/#\/schema\/logo\/image\/\",\"url\":\"https:\/\/desireonline.shop\/wp-content\/uploads\/2024\/06\/Logo-Thick-Font-1.webp\",\"contentUrl\":\"https:\/\/desireonline.shop\/wp-content\/uploads\/2024\/06\/Logo-Thick-Font-1.webp\",\"width\":268,\"height\":399,\"caption\":\"Desire\"},\"image\":{\"@id\":\"https:\/\/desireonline.shop\/vi\/#\/schema\/logo\/image\/\"}}]}<\/script>\n<!-- \/ Yoast SEO plugin. -->","yoast_head_json":{"title":"STUNT WORX B\u01a1m H\u00fat \u00c2m \u0110\u1ea1o Songs of Pleasure - Desire","robots":{"index":"index","follow":"follow","max-snippet":"max-snippet:-1","max-image-preview":"max-image-preview:large","max-video-preview":"max-video-preview:-1"},"canonical":"https:\/\/desireonline.shop\/vi\/san-pham\/stunt-worx-bom-hut-am-dao-songs-of-pleasure\/","og_locale":"vi_VN","og_type":"article","og_title":"STUNT WORX B\u01a1m H\u00fat \u00c2m \u0110\u1ea1o Songs of Pleasure - Desire","og_description":"Chi\u1ebfc b\u01a1m ngo\u00e0i n\u00e0y \u0111\u01b0\u1ee3c thi\u1ebft k\u1ebf \u0111\u1ec3 h\u1ed7 tr\u1ee3 tr\u1ea3i nghi\u1ec7m kh\u00e1m ph\u00e1 v\u1edbi l\u1ef1c h\u00fat nh\u1eb9 nh\u00e0ng. Thi\u1ebft k\u1ebf \u0111\u01a1n gi\u1ea3n gi\u00fap ng\u01b0\u1eddi d\u00f9ng t\u1eadp trung v\u00e0o c\u1ea3m&hellip;","og_url":"https:\/\/desireonline.shop\/vi\/san-pham\/stunt-worx-bom-hut-am-dao-songs-of-pleasure\/","og_site_name":"Desire","article_modified_time":"2026-03-10T05:37:42+00:00","og_image":[{"width":1000,"height":1000,"url":"https:\/\/desireonline.shop\/wp-content\/uploads\/2026\/02\/CN-712357806_00.jpg","type":"image\/jpeg"}],"twitter_card":"summary_large_image","twitter_misc":{"\u01af\u1edbc t\u00ednh th\u1eddi gian \u0111\u1ecdc":"1 ph\u00fat"},"schema":{"@context":"https:\/\/schema.org","@graph":[{"@type":"WebPage","@id":"https:\/\/desireonline.shop\/vi\/san-pham\/stunt-worx-bom-hut-am-dao-songs-of-pleasure\/","url":"https:\/\/desireonline.shop\/vi\/san-pham\/stunt-worx-bom-hut-am-dao-songs-of-pleasure\/","name":"STUNT WORX B\u01a1m H\u00fat \u00c2m \u0110\u1ea1o Songs of Pleasure - Desire","isPartOf":{"@id":"https:\/\/desireonline.shop\/vi\/#website"},"primaryImageOfPage":{"@id":"https:\/\/desireonline.shop\/vi\/san-pham\/stunt-worx-bom-hut-am-dao-songs-of-pleasure\/#primaryimage"},"image":{"@id":"https:\/\/desireonline.shop\/vi\/san-pham\/stunt-worx-bom-hut-am-dao-songs-of-pleasure\/#primaryimage"},"thumbnailUrl":"https:\/\/desireonline.shop\/wp-content\/uploads\/2026\/02\/CN-712357806_00.jpg","datePublished":"2026-02-16T11:58:00+00:00","dateModified":"2026-03-10T05:37:42+00:00","breadcrumb":{"@id":"https:\/\/desireonline.shop\/vi\/san-pham\/stunt-worx-bom-hut-am-dao-songs-of-pleasure\/#breadcrumb"},"inLanguage":"vi","potentialAction":[{"@type":"ReadAction","target":["https:\/\/desireonline.shop\/vi\/san-pham\/stunt-worx-bom-hut-am-dao-songs-of-pleasure\/"]}]},{"@type":"ImageObject","inLanguage":"vi","@id":"https:\/\/desireonline.shop\/vi\/san-pham\/stunt-worx-bom-hut-am-dao-songs-of-pleasure\/#primaryimage","url":"https:\/\/desireonline.shop\/wp-content\/uploads\/2026\/02\/CN-712357806_00.jpg","contentUrl":"https:\/\/desireonline.shop\/wp-content\/uploads\/2026\/02\/CN-712357806_00.jpg","width":1000,"height":1000},{"@type":"BreadcrumbList","@id":"https:\/\/desireonline.shop\/vi\/san-pham\/stunt-worx-bom-hut-am-dao-songs-of-pleasure\/#breadcrumb","itemListElement":[{"@type":"ListItem","position":1,"name":"Home","item":"https:\/\/desireonline.shop\/vi\/trang-chu\/?lang=vi"},{"@type":"ListItem","position":2,"name":"T\u1ea5t c\u1ea3 s\u1ea3n ph\u1ea9m","item":"https:\/\/desireonline.shop\/cua-hang\/?lang=vi"},{"@type":"ListItem","position":3,"name":"STUNT WORX B\u01a1m H\u00fat \u00c2m \u0110\u1ea1o Songs of Pleasure"}]},{"@type":"WebSite","@id":"https:\/\/desireonline.shop\/vi\/#website","url":"https:\/\/desireonline.shop\/vi\/","name":"Desire","description":"Sexual Wellness Platform","publisher":{"@id":"https:\/\/desireonline.shop\/vi\/#organization"},"potentialAction":[{"@type":"SearchAction","target":{"@type":"EntryPoint","urlTemplate":"https:\/\/desireonline.shop\/vi\/?s={search_term_string}"},"query-input":{"@type":"PropertyValueSpecification","valueRequired":true,"valueName":"search_term_string"}}],"inLanguage":"vi"},{"@type":"Organization","@id":"https:\/\/desireonline.shop\/vi\/#organization","name":"Desire","url":"https:\/\/desireonline.shop\/vi\/","logo":{"@type":"ImageObject","inLanguage":"vi","@id":"https:\/\/desireonline.shop\/vi\/#\/schema\/logo\/image\/","url":"https:\/\/desireonline.shop\/wp-content\/uploads\/2024\/06\/Logo-Thick-Font-1.webp","contentUrl":"https:\/\/desireonline.shop\/wp-content\/uploads\/2024\/06\/Logo-Thick-Font-1.webp","width":268,"height":399,"caption":"Desire"},"image":{"@id":"https:\/\/desireonline.shop\/vi\/#\/schema\/logo\/image\/"}}]}},"_links":{"self":[{"href":"https:\/\/desireonline.shop\/vi\/wp-json\/wp\/v2\/product\/65495","targetHints":{"allow":["GET"]}}],"collection":[{"href":"https:\/\/desireonline.shop\/vi\/wp-json\/wp\/v2\/product"}],"about":[{"href":"https:\/\/desireonline.shop\/vi\/wp-json\/wp\/v2\/types\/product"}],"replies":[{"embeddable":true,"href":"https:\/\/desireonline.shop\/vi\/wp-json\/wp\/v2\/comments?post=65495"}],"version-history":[{"count":0,"href":"https:\/\/desireonline.shop\/vi\/wp-json\/wp\/v2\/product\/65495\/revisions"}],"wp:featuredmedia":[{"embeddable":true,"href":"https:\/\/desireonline.shop\/vi\/wp-json\/wp\/v2\/media\/63420"}],"wp:attachment":[{"href":"https:\/\/desireonline.shop\/vi\/wp-json\/wp\/v2\/media?parent=65495"}],"wp:term":[{"taxonomy":"product_brand","embeddable":true,"href":"https:\/\/desireonline.shop\/vi\/wp-json\/wp\/v2\/product_brand?post=65495"},{"taxonomy":"product_cat","embeddable":true,"href":"https:\/\/desireonline.shop\/vi\/wp-json\/wp\/v2\/product_cat?post=65495"},{"taxonomy":"product_tag","embeddable":true,"href":"https:\/\/desireonline.shop\/vi\/wp-json\/wp\/v2\/product_tag?post=65495"}],"curies":[{"name":"wp","href":"https:\/\/api.w.org\/{rel}","templated":true}]}}