{"id":65503,"date":"2026-02-16T11:58:00","date_gmt":"2026-02-16T11:58:00","guid":{"rendered":"https:\/\/desireonline.shop\/product\/stunt-worx-bom-duong-vat-ergo-grip\/"},"modified":"2026-03-10T05:37:43","modified_gmt":"2026-03-10T05:37:43","slug":"stunt-worx-bom-duong-vat-ergo-grip","status":"publish","type":"product","link":"https:\/\/desireonline.shop\/vi\/san-pham\/stunt-worx-bom-duong-vat-ergo-grip\/","title":{"rendered":"STUNT WORX B\u01a1m D\u01b0\u01a1ng V\u1eadt Ergo Grip"},"content":{"rendered":"<p>V\u1edbi tay c\u1ea7m thi\u1ebft k\u1ebf c\u00f4ng th\u00e1i h\u1ecdc, chi\u1ebfc b\u01a1m k\u00edch th\u00edch v\u1eadn h\u00e0nh b\u1eb1ng tay n\u00e0y \u0111\u01b0\u1ee3c thi\u1ebft k\u1ebf \u0111\u1ec3 c\u1ea7m n\u1eafm tho\u1ea3i m\u00e1i v\u00e0 ki\u1ec3m so\u00e1t \u1ed5n \u0111\u1ecbnh trong qu\u00e1 tr\u00ecnh s\u1eed d\u1ee5ng. C\u01a1 ch\u1ebf b\u01a1m th\u1ee7 c\u00f4ng cho ph\u00e9p ng\u01b0\u1eddi d\u00f9ng \u0111i\u1ec1u ch\u1ec9nh l\u1ef1c h\u00fat theo t\u1ed1c \u0111\u1ed9 v\u00e0 m\u1ee9c \u0111\u1ed9 mong mu\u1ed1n.<\/p>\n<p>\u0110\u01b0\u1ee3c ch\u1ebf t\u1ea1o t\u1eeb c\u00e1c v\u1eadt li\u1ec7u an to\u00e0n cho c\u01a1 th\u1ec3, s\u1ea3n ph\u1ea9m h\u1ed7 tr\u1ee3 qu\u00e1 tr\u00ecnh kh\u00e1m ph\u00e1 m\u1ed9t c\u00e1ch th\u01b0 gi\u00e3n v\u00e0 t\u1ef1 tin theo nh\u1ecbp \u0111\u1ed9 c\u1ee7a ri\u00eang b\u1ea1n.<\/p>\n","protected":false},"excerpt":{"rendered":"<p>V\u1edbi tay c\u1ea7m thi\u1ebft k\u1ebf c\u00f4ng th\u00e1i h\u1ecdc, chi\u1ebfc b\u01a1m k\u00edch th\u00edch v\u1eadn h\u00e0nh b\u1eb1ng tay n\u00e0y \u0111\u01b0\u1ee3c thi\u1ebft k\u1ebf \u0111\u1ec3 c\u1ea7m n\u1eafm tho\u1ea3i m\u00e1i v\u00e0 ki\u1ec3m so\u00e1t \u1ed5n \u0111\u1ecbnh&hellip;<\/p>\n","protected":false},"featured_media":63414,"comment_status":"open","ping_status":"closed","template":"","meta":{"_acf_changed":false},"product_brand":[],"product_cat":[1377],"product_tag":[],"class_list":{"0":"post-65503","1":"product","2":"type-product","3":"status-publish","4":"has-post-thumbnail","6":"product_cat-bom-duong-vat","8":"first","9":"instock","10":"shipping-taxable","11":"purchasable","12":"product-type-simple"},"acf":[],"yoast_head":"<!-- This site is optimized with the Yoast SEO plugin v27.1.1 - https:\/\/yoast.com\/product\/yoast-seo-wordpress\/ -->\n<title>STUNT WORX B\u01a1m D\u01b0\u01a1ng V\u1eadt Ergo Grip - Desire<\/title>\n<meta name=\"robots\" content=\"index, follow, max-snippet:-1, max-image-preview:large, max-video-preview:-1\" \/>\n<link rel=\"canonical\" href=\"https:\/\/desireonline.shop\/vi\/san-pham\/stunt-worx-bom-duong-vat-ergo-grip\/\" \/>\n<meta property=\"og:locale\" content=\"vi_VN\" \/>\n<meta property=\"og:type\" content=\"article\" \/>\n<meta property=\"og:title\" content=\"STUNT WORX B\u01a1m D\u01b0\u01a1ng V\u1eadt Ergo Grip - Desire\" \/>\n<meta property=\"og:description\" content=\"V\u1edbi tay c\u1ea7m thi\u1ebft k\u1ebf c\u00f4ng th\u00e1i h\u1ecdc, chi\u1ebfc b\u01a1m k\u00edch th\u00edch v\u1eadn h\u00e0nh b\u1eb1ng tay n\u00e0y \u0111\u01b0\u1ee3c thi\u1ebft k\u1ebf \u0111\u1ec3 c\u1ea7m n\u1eafm tho\u1ea3i m\u00e1i v\u00e0 ki\u1ec3m so\u00e1t \u1ed5n \u0111\u1ecbnh&hellip;\" \/>\n<meta property=\"og:url\" content=\"https:\/\/desireonline.shop\/vi\/san-pham\/stunt-worx-bom-duong-vat-ergo-grip\/\" \/>\n<meta property=\"og:site_name\" content=\"Desire\" \/>\n<meta property=\"article:modified_time\" content=\"2026-03-10T05:37:43+00:00\" \/>\n<meta property=\"og:image\" content=\"https:\/\/desireonline.shop\/wp-content\/uploads\/2026\/02\/CN-712357854_00.jpg\" \/>\n\t<meta property=\"og:image:width\" content=\"1000\" \/>\n\t<meta property=\"og:image:height\" content=\"1000\" \/>\n\t<meta property=\"og:image:type\" content=\"image\/jpeg\" \/>\n<meta name=\"twitter:card\" content=\"summary_large_image\" \/>\n<meta name=\"twitter:label1\" content=\"\u01af\u1edbc t\u00ednh th\u1eddi gian \u0111\u1ecdc\" \/>\n\t<meta name=\"twitter:data1\" content=\"1 ph\u00fat\" \/>\n<script type=\"application\/ld+json\" class=\"yoast-schema-graph\">{\"@context\":\"https:\/\/schema.org\",\"@graph\":[{\"@type\":\"WebPage\",\"@id\":\"https:\/\/desireonline.shop\/vi\/san-pham\/stunt-worx-bom-duong-vat-ergo-grip\/\",\"url\":\"https:\/\/desireonline.shop\/vi\/san-pham\/stunt-worx-bom-duong-vat-ergo-grip\/\",\"name\":\"STUNT WORX B\u01a1m D\u01b0\u01a1ng V\u1eadt Ergo Grip - Desire\",\"isPartOf\":{\"@id\":\"https:\/\/desireonline.shop\/vi\/#website\"},\"primaryImageOfPage\":{\"@id\":\"https:\/\/desireonline.shop\/vi\/san-pham\/stunt-worx-bom-duong-vat-ergo-grip\/#primaryimage\"},\"image\":{\"@id\":\"https:\/\/desireonline.shop\/vi\/san-pham\/stunt-worx-bom-duong-vat-ergo-grip\/#primaryimage\"},\"thumbnailUrl\":\"https:\/\/desireonline.shop\/wp-content\/uploads\/2026\/02\/CN-712357854_00.jpg\",\"datePublished\":\"2026-02-16T11:58:00+00:00\",\"dateModified\":\"2026-03-10T05:37:43+00:00\",\"breadcrumb\":{\"@id\":\"https:\/\/desireonline.shop\/vi\/san-pham\/stunt-worx-bom-duong-vat-ergo-grip\/#breadcrumb\"},\"inLanguage\":\"vi\",\"potentialAction\":[{\"@type\":\"ReadAction\",\"target\":[\"https:\/\/desireonline.shop\/vi\/san-pham\/stunt-worx-bom-duong-vat-ergo-grip\/\"]}]},{\"@type\":\"ImageObject\",\"inLanguage\":\"vi\",\"@id\":\"https:\/\/desireonline.shop\/vi\/san-pham\/stunt-worx-bom-duong-vat-ergo-grip\/#primaryimage\",\"url\":\"https:\/\/desireonline.shop\/wp-content\/uploads\/2026\/02\/CN-712357854_00.jpg\",\"contentUrl\":\"https:\/\/desireonline.shop\/wp-content\/uploads\/2026\/02\/CN-712357854_00.jpg\",\"width\":1000,\"height\":1000},{\"@type\":\"BreadcrumbList\",\"@id\":\"https:\/\/desireonline.shop\/vi\/san-pham\/stunt-worx-bom-duong-vat-ergo-grip\/#breadcrumb\",\"itemListElement\":[{\"@type\":\"ListItem\",\"position\":1,\"name\":\"Home\",\"item\":\"https:\/\/desireonline.shop\/vi\/trang-chu\/?lang=vi\"},{\"@type\":\"ListItem\",\"position\":2,\"name\":\"T\u1ea5t c\u1ea3 s\u1ea3n ph\u1ea9m\",\"item\":\"https:\/\/desireonline.shop\/cua-hang\/?lang=vi\"},{\"@type\":\"ListItem\",\"position\":3,\"name\":\"STUNT WORX B\u01a1m D\u01b0\u01a1ng V\u1eadt Ergo Grip\"}]},{\"@type\":\"WebSite\",\"@id\":\"https:\/\/desireonline.shop\/vi\/#website\",\"url\":\"https:\/\/desireonline.shop\/vi\/\",\"name\":\"Desire\",\"description\":\"Sexual Wellness Platform\",\"publisher\":{\"@id\":\"https:\/\/desireonline.shop\/vi\/#organization\"},\"potentialAction\":[{\"@type\":\"SearchAction\",\"target\":{\"@type\":\"EntryPoint\",\"urlTemplate\":\"https:\/\/desireonline.shop\/vi\/?s={search_term_string}\"},\"query-input\":{\"@type\":\"PropertyValueSpecification\",\"valueRequired\":true,\"valueName\":\"search_term_string\"}}],\"inLanguage\":\"vi\"},{\"@type\":\"Organization\",\"@id\":\"https:\/\/desireonline.shop\/vi\/#organization\",\"name\":\"Desire\",\"url\":\"https:\/\/desireonline.shop\/vi\/\",\"logo\":{\"@type\":\"ImageObject\",\"inLanguage\":\"vi\",\"@id\":\"https:\/\/desireonline.shop\/vi\/#\/schema\/logo\/image\/\",\"url\":\"https:\/\/desireonline.shop\/wp-content\/uploads\/2024\/06\/Logo-Thick-Font-1.webp\",\"contentUrl\":\"https:\/\/desireonline.shop\/wp-content\/uploads\/2024\/06\/Logo-Thick-Font-1.webp\",\"width\":268,\"height\":399,\"caption\":\"Desire\"},\"image\":{\"@id\":\"https:\/\/desireonline.shop\/vi\/#\/schema\/logo\/image\/\"}}]}<\/script>\n<!-- \/ Yoast SEO plugin. -->","yoast_head_json":{"title":"STUNT WORX B\u01a1m D\u01b0\u01a1ng V\u1eadt Ergo Grip - Desire","robots":{"index":"index","follow":"follow","max-snippet":"max-snippet:-1","max-image-preview":"max-image-preview:large","max-video-preview":"max-video-preview:-1"},"canonical":"https:\/\/desireonline.shop\/vi\/san-pham\/stunt-worx-bom-duong-vat-ergo-grip\/","og_locale":"vi_VN","og_type":"article","og_title":"STUNT WORX B\u01a1m D\u01b0\u01a1ng V\u1eadt Ergo Grip - Desire","og_description":"V\u1edbi tay c\u1ea7m thi\u1ebft k\u1ebf c\u00f4ng th\u00e1i h\u1ecdc, chi\u1ebfc b\u01a1m k\u00edch th\u00edch v\u1eadn h\u00e0nh b\u1eb1ng tay n\u00e0y \u0111\u01b0\u1ee3c thi\u1ebft k\u1ebf \u0111\u1ec3 c\u1ea7m n\u1eafm tho\u1ea3i m\u00e1i v\u00e0 ki\u1ec3m so\u00e1t \u1ed5n \u0111\u1ecbnh&hellip;","og_url":"https:\/\/desireonline.shop\/vi\/san-pham\/stunt-worx-bom-duong-vat-ergo-grip\/","og_site_name":"Desire","article_modified_time":"2026-03-10T05:37:43+00:00","og_image":[{"width":1000,"height":1000,"url":"https:\/\/desireonline.shop\/wp-content\/uploads\/2026\/02\/CN-712357854_00.jpg","type":"image\/jpeg"}],"twitter_card":"summary_large_image","twitter_misc":{"\u01af\u1edbc t\u00ednh th\u1eddi gian \u0111\u1ecdc":"1 ph\u00fat"},"schema":{"@context":"https:\/\/schema.org","@graph":[{"@type":"WebPage","@id":"https:\/\/desireonline.shop\/vi\/san-pham\/stunt-worx-bom-duong-vat-ergo-grip\/","url":"https:\/\/desireonline.shop\/vi\/san-pham\/stunt-worx-bom-duong-vat-ergo-grip\/","name":"STUNT WORX B\u01a1m D\u01b0\u01a1ng V\u1eadt Ergo Grip - Desire","isPartOf":{"@id":"https:\/\/desireonline.shop\/vi\/#website"},"primaryImageOfPage":{"@id":"https:\/\/desireonline.shop\/vi\/san-pham\/stunt-worx-bom-duong-vat-ergo-grip\/#primaryimage"},"image":{"@id":"https:\/\/desireonline.shop\/vi\/san-pham\/stunt-worx-bom-duong-vat-ergo-grip\/#primaryimage"},"thumbnailUrl":"https:\/\/desireonline.shop\/wp-content\/uploads\/2026\/02\/CN-712357854_00.jpg","datePublished":"2026-02-16T11:58:00+00:00","dateModified":"2026-03-10T05:37:43+00:00","breadcrumb":{"@id":"https:\/\/desireonline.shop\/vi\/san-pham\/stunt-worx-bom-duong-vat-ergo-grip\/#breadcrumb"},"inLanguage":"vi","potentialAction":[{"@type":"ReadAction","target":["https:\/\/desireonline.shop\/vi\/san-pham\/stunt-worx-bom-duong-vat-ergo-grip\/"]}]},{"@type":"ImageObject","inLanguage":"vi","@id":"https:\/\/desireonline.shop\/vi\/san-pham\/stunt-worx-bom-duong-vat-ergo-grip\/#primaryimage","url":"https:\/\/desireonline.shop\/wp-content\/uploads\/2026\/02\/CN-712357854_00.jpg","contentUrl":"https:\/\/desireonline.shop\/wp-content\/uploads\/2026\/02\/CN-712357854_00.jpg","width":1000,"height":1000},{"@type":"BreadcrumbList","@id":"https:\/\/desireonline.shop\/vi\/san-pham\/stunt-worx-bom-duong-vat-ergo-grip\/#breadcrumb","itemListElement":[{"@type":"ListItem","position":1,"name":"Home","item":"https:\/\/desireonline.shop\/vi\/trang-chu\/?lang=vi"},{"@type":"ListItem","position":2,"name":"T\u1ea5t c\u1ea3 s\u1ea3n ph\u1ea9m","item":"https:\/\/desireonline.shop\/cua-hang\/?lang=vi"},{"@type":"ListItem","position":3,"name":"STUNT WORX B\u01a1m D\u01b0\u01a1ng V\u1eadt Ergo Grip"}]},{"@type":"WebSite","@id":"https:\/\/desireonline.shop\/vi\/#website","url":"https:\/\/desireonline.shop\/vi\/","name":"Desire","description":"Sexual Wellness Platform","publisher":{"@id":"https:\/\/desireonline.shop\/vi\/#organization"},"potentialAction":[{"@type":"SearchAction","target":{"@type":"EntryPoint","urlTemplate":"https:\/\/desireonline.shop\/vi\/?s={search_term_string}"},"query-input":{"@type":"PropertyValueSpecification","valueRequired":true,"valueName":"search_term_string"}}],"inLanguage":"vi"},{"@type":"Organization","@id":"https:\/\/desireonline.shop\/vi\/#organization","name":"Desire","url":"https:\/\/desireonline.shop\/vi\/","logo":{"@type":"ImageObject","inLanguage":"vi","@id":"https:\/\/desireonline.shop\/vi\/#\/schema\/logo\/image\/","url":"https:\/\/desireonline.shop\/wp-content\/uploads\/2024\/06\/Logo-Thick-Font-1.webp","contentUrl":"https:\/\/desireonline.shop\/wp-content\/uploads\/2024\/06\/Logo-Thick-Font-1.webp","width":268,"height":399,"caption":"Desire"},"image":{"@id":"https:\/\/desireonline.shop\/vi\/#\/schema\/logo\/image\/"}}]}},"_links":{"self":[{"href":"https:\/\/desireonline.shop\/vi\/wp-json\/wp\/v2\/product\/65503","targetHints":{"allow":["GET"]}}],"collection":[{"href":"https:\/\/desireonline.shop\/vi\/wp-json\/wp\/v2\/product"}],"about":[{"href":"https:\/\/desireonline.shop\/vi\/wp-json\/wp\/v2\/types\/product"}],"replies":[{"embeddable":true,"href":"https:\/\/desireonline.shop\/vi\/wp-json\/wp\/v2\/comments?post=65503"}],"version-history":[{"count":0,"href":"https:\/\/desireonline.shop\/vi\/wp-json\/wp\/v2\/product\/65503\/revisions"}],"wp:featuredmedia":[{"embeddable":true,"href":"https:\/\/desireonline.shop\/vi\/wp-json\/wp\/v2\/media\/63414"}],"wp:attachment":[{"href":"https:\/\/desireonline.shop\/vi\/wp-json\/wp\/v2\/media?parent=65503"}],"wp:term":[{"taxonomy":"product_brand","embeddable":true,"href":"https:\/\/desireonline.shop\/vi\/wp-json\/wp\/v2\/product_brand?post=65503"},{"taxonomy":"product_cat","embeddable":true,"href":"https:\/\/desireonline.shop\/vi\/wp-json\/wp\/v2\/product_cat?post=65503"},{"taxonomy":"product_tag","embeddable":true,"href":"https:\/\/desireonline.shop\/vi\/wp-json\/wp\/v2\/product_tag?post=65503"}],"curies":[{"name":"wp","href":"https:\/\/api.w.org\/{rel}","templated":true}]}}