{"id":65518,"date":"2026-02-16T11:58:00","date_gmt":"2026-02-16T11:58:00","guid":{"rendered":"https:\/\/desireonline.shop\/product\/stunt-worx-bom-duong-vat\/"},"modified":"2026-03-10T05:37:44","modified_gmt":"2026-03-10T05:37:44","slug":"stunt-worx-bom-duong-vat","status":"publish","type":"product","link":"https:\/\/desireonline.shop\/vi\/san-pham\/stunt-worx-bom-duong-vat\/","title":{"rendered":"STUNT WORX B\u01a1m D\u01b0\u01a1ng V\u1eadt"},"content":{"rendered":"<p>Chi\u1ebfc b\u01a1m v\u1eadn h\u00e0nh b\u1eb1ng tay c\u1ed5 \u0111i\u1ec3n n\u00e0y \u0111\u01b0\u1ee3c thi\u1ebft k\u1ebf cho nh\u1eefng ng\u01b0\u1eddi mu\u1ed1n kh\u00e1m ph\u00e1 vi\u1ec7c s\u1eed d\u1ee5ng b\u01a1m nh\u01b0 m\u1ed9t ph\u1ea7n trong th\u00f3i quen ch\u0103m s\u00f3c s\u1ee9c kh\u1ecfe t\u00ecnh d\u1ee5c. C\u01a1 ch\u1ebf \u0111i\u1ec1u khi\u1ec3n th\u1ee7 c\u00f4ng cho ph\u00e9p ng\u01b0\u1eddi d\u00f9ng \u0111i\u1ec1u ch\u1ec9nh l\u1ef1c h\u00fat m\u1ed9t c\u00e1ch t\u1eeb t\u1eeb v\u00e0 c\u00f3 ch\u1ee7 \u0111\u00edch.<\/p>\n<p>\u0110\u01b0\u1ee3c l\u00e0m t\u1eeb v\u1eadt li\u1ec7u kh\u00f4ng ch\u1ee9a phthalates v\u00e0 kh\u00f4ng ch\u1ee9a latex, s\u1ea3n ph\u1ea9m h\u1ed7 tr\u1ee3 qu\u00e1 tr\u00ecnh kh\u00e1m ph\u00e1 m\u1ed9t c\u00e1ch t\u1ef1 tin, v\u1edbi tr\u1ecdng t\u00e2m l\u00e0 s\u1ef1 an to\u00e0n v\u00e0 tho\u1ea3i m\u00e1i.<\/p>\n","protected":false},"excerpt":{"rendered":"<p>Chi\u1ebfc b\u01a1m v\u1eadn h\u00e0nh b\u1eb1ng tay c\u1ed5 \u0111i\u1ec3n n\u00e0y \u0111\u01b0\u1ee3c thi\u1ebft k\u1ebf cho nh\u1eefng ng\u01b0\u1eddi mu\u1ed1n kh\u00e1m ph\u00e1 vi\u1ec7c s\u1eed d\u1ee5ng b\u01a1m nh\u01b0 m\u1ed9t ph\u1ea7n trong th\u00f3i quen ch\u0103m s\u00f3c&hellip;<\/p>\n","protected":false},"featured_media":63398,"comment_status":"open","ping_status":"closed","template":"","meta":{"_acf_changed":false},"product_brand":[],"product_cat":[1377],"product_tag":[],"class_list":{"0":"post-65518","1":"product","2":"type-product","3":"status-publish","4":"has-post-thumbnail","6":"product_cat-bom-duong-vat","8":"first","9":"instock","10":"shipping-taxable","11":"purchasable","12":"product-type-simple"},"acf":[],"yoast_head":"<!-- This site is optimized with the Yoast SEO plugin v27.1.1 - https:\/\/yoast.com\/product\/yoast-seo-wordpress\/ -->\n<title>STUNT WORX B\u01a1m D\u01b0\u01a1ng V\u1eadt - Desire<\/title>\n<meta name=\"robots\" content=\"index, follow, max-snippet:-1, max-image-preview:large, max-video-preview:-1\" \/>\n<link rel=\"canonical\" href=\"https:\/\/desireonline.shop\/vi\/san-pham\/stunt-worx-bom-duong-vat\/\" \/>\n<meta property=\"og:locale\" content=\"vi_VN\" \/>\n<meta property=\"og:type\" content=\"article\" \/>\n<meta property=\"og:title\" content=\"STUNT WORX B\u01a1m D\u01b0\u01a1ng V\u1eadt - Desire\" \/>\n<meta property=\"og:description\" content=\"Chi\u1ebfc b\u01a1m v\u1eadn h\u00e0nh b\u1eb1ng tay c\u1ed5 \u0111i\u1ec3n n\u00e0y \u0111\u01b0\u1ee3c thi\u1ebft k\u1ebf cho nh\u1eefng ng\u01b0\u1eddi mu\u1ed1n kh\u00e1m ph\u00e1 vi\u1ec7c s\u1eed d\u1ee5ng b\u01a1m nh\u01b0 m\u1ed9t ph\u1ea7n trong th\u00f3i quen ch\u0103m s\u00f3c&hellip;\" \/>\n<meta property=\"og:url\" content=\"https:\/\/desireonline.shop\/vi\/san-pham\/stunt-worx-bom-duong-vat\/\" \/>\n<meta property=\"og:site_name\" content=\"Desire\" \/>\n<meta property=\"article:modified_time\" content=\"2026-03-10T05:37:44+00:00\" \/>\n<meta property=\"og:image\" content=\"https:\/\/desireonline.shop\/wp-content\/uploads\/2026\/02\/CN-252309037_00.jpg\" \/>\n\t<meta property=\"og:image:width\" content=\"1000\" \/>\n\t<meta property=\"og:image:height\" content=\"1000\" \/>\n\t<meta property=\"og:image:type\" content=\"image\/jpeg\" \/>\n<meta name=\"twitter:card\" content=\"summary_large_image\" \/>\n<meta name=\"twitter:label1\" content=\"\u01af\u1edbc t\u00ednh th\u1eddi gian \u0111\u1ecdc\" \/>\n\t<meta name=\"twitter:data1\" content=\"1 ph\u00fat\" \/>\n<script type=\"application\/ld+json\" class=\"yoast-schema-graph\">{\"@context\":\"https:\/\/schema.org\",\"@graph\":[{\"@type\":\"WebPage\",\"@id\":\"https:\/\/desireonline.shop\/vi\/san-pham\/stunt-worx-bom-duong-vat\/\",\"url\":\"https:\/\/desireonline.shop\/vi\/san-pham\/stunt-worx-bom-duong-vat\/\",\"name\":\"STUNT WORX B\u01a1m D\u01b0\u01a1ng V\u1eadt - Desire\",\"isPartOf\":{\"@id\":\"https:\/\/desireonline.shop\/vi\/#website\"},\"primaryImageOfPage\":{\"@id\":\"https:\/\/desireonline.shop\/vi\/san-pham\/stunt-worx-bom-duong-vat\/#primaryimage\"},\"image\":{\"@id\":\"https:\/\/desireonline.shop\/vi\/san-pham\/stunt-worx-bom-duong-vat\/#primaryimage\"},\"thumbnailUrl\":\"https:\/\/desireonline.shop\/wp-content\/uploads\/2026\/02\/CN-252309037_00.jpg\",\"datePublished\":\"2026-02-16T11:58:00+00:00\",\"dateModified\":\"2026-03-10T05:37:44+00:00\",\"breadcrumb\":{\"@id\":\"https:\/\/desireonline.shop\/vi\/san-pham\/stunt-worx-bom-duong-vat\/#breadcrumb\"},\"inLanguage\":\"vi\",\"potentialAction\":[{\"@type\":\"ReadAction\",\"target\":[\"https:\/\/desireonline.shop\/vi\/san-pham\/stunt-worx-bom-duong-vat\/\"]}]},{\"@type\":\"ImageObject\",\"inLanguage\":\"vi\",\"@id\":\"https:\/\/desireonline.shop\/vi\/san-pham\/stunt-worx-bom-duong-vat\/#primaryimage\",\"url\":\"https:\/\/desireonline.shop\/wp-content\/uploads\/2026\/02\/CN-252309037_00.jpg\",\"contentUrl\":\"https:\/\/desireonline.shop\/wp-content\/uploads\/2026\/02\/CN-252309037_00.jpg\",\"width\":1000,\"height\":1000},{\"@type\":\"BreadcrumbList\",\"@id\":\"https:\/\/desireonline.shop\/vi\/san-pham\/stunt-worx-bom-duong-vat\/#breadcrumb\",\"itemListElement\":[{\"@type\":\"ListItem\",\"position\":1,\"name\":\"Home\",\"item\":\"https:\/\/desireonline.shop\/vi\/trang-chu\/?lang=vi\"},{\"@type\":\"ListItem\",\"position\":2,\"name\":\"T\u1ea5t c\u1ea3 s\u1ea3n ph\u1ea9m\",\"item\":\"https:\/\/desireonline.shop\/cua-hang\/?lang=vi\"},{\"@type\":\"ListItem\",\"position\":3,\"name\":\"STUNT WORX B\u01a1m D\u01b0\u01a1ng V\u1eadt\"}]},{\"@type\":\"WebSite\",\"@id\":\"https:\/\/desireonline.shop\/vi\/#website\",\"url\":\"https:\/\/desireonline.shop\/vi\/\",\"name\":\"Desire\",\"description\":\"Sexual Wellness Platform\",\"publisher\":{\"@id\":\"https:\/\/desireonline.shop\/vi\/#organization\"},\"potentialAction\":[{\"@type\":\"SearchAction\",\"target\":{\"@type\":\"EntryPoint\",\"urlTemplate\":\"https:\/\/desireonline.shop\/vi\/?s={search_term_string}\"},\"query-input\":{\"@type\":\"PropertyValueSpecification\",\"valueRequired\":true,\"valueName\":\"search_term_string\"}}],\"inLanguage\":\"vi\"},{\"@type\":\"Organization\",\"@id\":\"https:\/\/desireonline.shop\/vi\/#organization\",\"name\":\"Desire\",\"url\":\"https:\/\/desireonline.shop\/vi\/\",\"logo\":{\"@type\":\"ImageObject\",\"inLanguage\":\"vi\",\"@id\":\"https:\/\/desireonline.shop\/vi\/#\/schema\/logo\/image\/\",\"url\":\"https:\/\/desireonline.shop\/wp-content\/uploads\/2024\/06\/Logo-Thick-Font-1.webp\",\"contentUrl\":\"https:\/\/desireonline.shop\/wp-content\/uploads\/2024\/06\/Logo-Thick-Font-1.webp\",\"width\":268,\"height\":399,\"caption\":\"Desire\"},\"image\":{\"@id\":\"https:\/\/desireonline.shop\/vi\/#\/schema\/logo\/image\/\"}}]}<\/script>\n<!-- \/ Yoast SEO plugin. -->","yoast_head_json":{"title":"STUNT WORX B\u01a1m D\u01b0\u01a1ng V\u1eadt - Desire","robots":{"index":"index","follow":"follow","max-snippet":"max-snippet:-1","max-image-preview":"max-image-preview:large","max-video-preview":"max-video-preview:-1"},"canonical":"https:\/\/desireonline.shop\/vi\/san-pham\/stunt-worx-bom-duong-vat\/","og_locale":"vi_VN","og_type":"article","og_title":"STUNT WORX B\u01a1m D\u01b0\u01a1ng V\u1eadt - Desire","og_description":"Chi\u1ebfc b\u01a1m v\u1eadn h\u00e0nh b\u1eb1ng tay c\u1ed5 \u0111i\u1ec3n n\u00e0y \u0111\u01b0\u1ee3c thi\u1ebft k\u1ebf cho nh\u1eefng ng\u01b0\u1eddi mu\u1ed1n kh\u00e1m ph\u00e1 vi\u1ec7c s\u1eed d\u1ee5ng b\u01a1m nh\u01b0 m\u1ed9t ph\u1ea7n trong th\u00f3i quen ch\u0103m s\u00f3c&hellip;","og_url":"https:\/\/desireonline.shop\/vi\/san-pham\/stunt-worx-bom-duong-vat\/","og_site_name":"Desire","article_modified_time":"2026-03-10T05:37:44+00:00","og_image":[{"width":1000,"height":1000,"url":"https:\/\/desireonline.shop\/wp-content\/uploads\/2026\/02\/CN-252309037_00.jpg","type":"image\/jpeg"}],"twitter_card":"summary_large_image","twitter_misc":{"\u01af\u1edbc t\u00ednh th\u1eddi gian \u0111\u1ecdc":"1 ph\u00fat"},"schema":{"@context":"https:\/\/schema.org","@graph":[{"@type":"WebPage","@id":"https:\/\/desireonline.shop\/vi\/san-pham\/stunt-worx-bom-duong-vat\/","url":"https:\/\/desireonline.shop\/vi\/san-pham\/stunt-worx-bom-duong-vat\/","name":"STUNT WORX B\u01a1m D\u01b0\u01a1ng V\u1eadt - Desire","isPartOf":{"@id":"https:\/\/desireonline.shop\/vi\/#website"},"primaryImageOfPage":{"@id":"https:\/\/desireonline.shop\/vi\/san-pham\/stunt-worx-bom-duong-vat\/#primaryimage"},"image":{"@id":"https:\/\/desireonline.shop\/vi\/san-pham\/stunt-worx-bom-duong-vat\/#primaryimage"},"thumbnailUrl":"https:\/\/desireonline.shop\/wp-content\/uploads\/2026\/02\/CN-252309037_00.jpg","datePublished":"2026-02-16T11:58:00+00:00","dateModified":"2026-03-10T05:37:44+00:00","breadcrumb":{"@id":"https:\/\/desireonline.shop\/vi\/san-pham\/stunt-worx-bom-duong-vat\/#breadcrumb"},"inLanguage":"vi","potentialAction":[{"@type":"ReadAction","target":["https:\/\/desireonline.shop\/vi\/san-pham\/stunt-worx-bom-duong-vat\/"]}]},{"@type":"ImageObject","inLanguage":"vi","@id":"https:\/\/desireonline.shop\/vi\/san-pham\/stunt-worx-bom-duong-vat\/#primaryimage","url":"https:\/\/desireonline.shop\/wp-content\/uploads\/2026\/02\/CN-252309037_00.jpg","contentUrl":"https:\/\/desireonline.shop\/wp-content\/uploads\/2026\/02\/CN-252309037_00.jpg","width":1000,"height":1000},{"@type":"BreadcrumbList","@id":"https:\/\/desireonline.shop\/vi\/san-pham\/stunt-worx-bom-duong-vat\/#breadcrumb","itemListElement":[{"@type":"ListItem","position":1,"name":"Home","item":"https:\/\/desireonline.shop\/vi\/trang-chu\/?lang=vi"},{"@type":"ListItem","position":2,"name":"T\u1ea5t c\u1ea3 s\u1ea3n ph\u1ea9m","item":"https:\/\/desireonline.shop\/cua-hang\/?lang=vi"},{"@type":"ListItem","position":3,"name":"STUNT WORX B\u01a1m D\u01b0\u01a1ng V\u1eadt"}]},{"@type":"WebSite","@id":"https:\/\/desireonline.shop\/vi\/#website","url":"https:\/\/desireonline.shop\/vi\/","name":"Desire","description":"Sexual Wellness Platform","publisher":{"@id":"https:\/\/desireonline.shop\/vi\/#organization"},"potentialAction":[{"@type":"SearchAction","target":{"@type":"EntryPoint","urlTemplate":"https:\/\/desireonline.shop\/vi\/?s={search_term_string}"},"query-input":{"@type":"PropertyValueSpecification","valueRequired":true,"valueName":"search_term_string"}}],"inLanguage":"vi"},{"@type":"Organization","@id":"https:\/\/desireonline.shop\/vi\/#organization","name":"Desire","url":"https:\/\/desireonline.shop\/vi\/","logo":{"@type":"ImageObject","inLanguage":"vi","@id":"https:\/\/desireonline.shop\/vi\/#\/schema\/logo\/image\/","url":"https:\/\/desireonline.shop\/wp-content\/uploads\/2024\/06\/Logo-Thick-Font-1.webp","contentUrl":"https:\/\/desireonline.shop\/wp-content\/uploads\/2024\/06\/Logo-Thick-Font-1.webp","width":268,"height":399,"caption":"Desire"},"image":{"@id":"https:\/\/desireonline.shop\/vi\/#\/schema\/logo\/image\/"}}]}},"_links":{"self":[{"href":"https:\/\/desireonline.shop\/vi\/wp-json\/wp\/v2\/product\/65518","targetHints":{"allow":["GET"]}}],"collection":[{"href":"https:\/\/desireonline.shop\/vi\/wp-json\/wp\/v2\/product"}],"about":[{"href":"https:\/\/desireonline.shop\/vi\/wp-json\/wp\/v2\/types\/product"}],"replies":[{"embeddable":true,"href":"https:\/\/desireonline.shop\/vi\/wp-json\/wp\/v2\/comments?post=65518"}],"version-history":[{"count":0,"href":"https:\/\/desireonline.shop\/vi\/wp-json\/wp\/v2\/product\/65518\/revisions"}],"wp:featuredmedia":[{"embeddable":true,"href":"https:\/\/desireonline.shop\/vi\/wp-json\/wp\/v2\/media\/63398"}],"wp:attachment":[{"href":"https:\/\/desireonline.shop\/vi\/wp-json\/wp\/v2\/media?parent=65518"}],"wp:term":[{"taxonomy":"product_brand","embeddable":true,"href":"https:\/\/desireonline.shop\/vi\/wp-json\/wp\/v2\/product_brand?post=65518"},{"taxonomy":"product_cat","embeddable":true,"href":"https:\/\/desireonline.shop\/vi\/wp-json\/wp\/v2\/product_cat?post=65518"},{"taxonomy":"product_tag","embeddable":true,"href":"https:\/\/desireonline.shop\/vi\/wp-json\/wp\/v2\/product_tag?post=65518"}],"curies":[{"name":"wp","href":"https:\/\/api.w.org\/{rel}","templated":true}]}}