{"id":65533,"date":"2026-02-16T11:59:00","date_gmt":"2026-02-16T11:59:00","guid":{"rendered":"https:\/\/desireonline.shop\/product\/basic-luv-theory-yeti-blue-may-rung-kich-thich-am-vat\/"},"modified":"2026-03-10T05:46:10","modified_gmt":"2026-03-10T05:46:10","slug":"basic-luv-theory-yeti-blue-may-rung-kich-thich-am-vat","status":"publish","type":"product","link":"https:\/\/desireonline.shop\/vi\/san-pham\/basic-luv-theory-yeti-blue-may-rung-kich-thich-am-vat\/","title":{"rendered":"Basic Luv Theory Yeti Blue M\u00e1y Rung K\u00edch Th\u00edch \u00c2m V\u1eadt"},"content":{"rendered":"<p>M\u00e1y rung k\u00edch th\u00edch \u00e2m v\u1eadt n\u00e0y k\u1ebft h\u1ee3p nhi\u1ec1u ch\u1ebf \u0111\u1ed9 h\u00fat kh\u00e1c nhau c\u00f9ng thi\u1ebft k\u1ebf ch\u1ed1ng n\u01b0\u1edbc, mang l\u1ea1i s\u1ef1 linh ho\u1ea1t khi s\u1eed d\u1ee5ng trong nhi\u1ec1u t\u00ecnh hu\u1ed1ng kh\u00e1c nhau. C\u00e1c ch\u1ebf \u0111\u1ed9 c\u00e0i \u0111\u1eb7t \u0111a d\u1ea1ng cho ph\u00e9p ng\u01b0\u1eddi d\u00f9ng d\u1ec5 d\u00e0ng kh\u00e1m ph\u00e1 c\u1ea3m gi\u00e1c theo nh\u1ecbp \u0111\u1ed9 v\u00e0 m\u1ee9c \u0111\u1ed9 mong mu\u1ed1n.<\/p>\n<p>V\u1edbi thi\u1ebft k\u1ebf hi\u1ec7n \u0111\u1ea1i v\u00e0 d\u1ec5 ti\u1ebfp c\u1eadn, s\u1ea3n ph\u1ea9m h\u1ed7 tr\u1ee3 vi\u1ec7c kh\u00e1m ph\u00e1 m\u1ed9t c\u00e1ch vui v\u1ebb v\u00e0 t\u1ef1 tin, d\u00f9 s\u1eed d\u1ee5ng m\u1ed9t m\u00ecnh hay nh\u01b0 m\u1ed9t ph\u1ea7n c\u1ee7a tr\u1ea3i nghi\u1ec7m th\u00e2n m\u1eadt c\u00f9ng b\u1ea1n \u0111\u1eddi.<\/p>\n","protected":false},"excerpt":{"rendered":"<p>M\u00e1y rung k\u00edch th\u00edch \u00e2m v\u1eadt n\u00e0y k\u1ebft h\u1ee3p nhi\u1ec1u ch\u1ebf \u0111\u1ed9 h\u00fat kh\u00e1c nhau c\u00f9ng thi\u1ebft k\u1ebf ch\u1ed1ng n\u01b0\u1edbc, mang l\u1ea1i s\u1ef1 linh ho\u1ea1t khi s\u1eed d\u1ee5ng trong nhi\u1ec1u&hellip;<\/p>\n","protected":false},"featured_media":63452,"comment_status":"open","ping_status":"closed","template":"","meta":{"_acf_changed":false},"product_brand":[],"product_cat":[1391],"product_tag":[],"class_list":{"0":"post-65533","1":"product","2":"type-product","3":"status-publish","4":"has-post-thumbnail","6":"product_cat-may-rung-hut-liem-am-vat","8":"first","9":"instock","10":"shipping-taxable","11":"purchasable","12":"product-type-simple"},"acf":[],"yoast_head":"<!-- This site is optimized with the Yoast SEO plugin v27.1.1 - https:\/\/yoast.com\/product\/yoast-seo-wordpress\/ -->\n<title>Basic Luv Theory Yeti Blue M\u00e1y Rung K\u00edch Th\u00edch \u00c2m V\u1eadt - Desire<\/title>\n<meta name=\"robots\" content=\"index, follow, max-snippet:-1, max-image-preview:large, max-video-preview:-1\" \/>\n<link rel=\"canonical\" href=\"https:\/\/desireonline.shop\/vi\/san-pham\/basic-luv-theory-yeti-blue-may-rung-kich-thich-am-vat\/\" \/>\n<meta property=\"og:locale\" content=\"vi_VN\" \/>\n<meta property=\"og:type\" content=\"article\" \/>\n<meta property=\"og:title\" content=\"Basic Luv Theory Yeti Blue M\u00e1y Rung K\u00edch Th\u00edch \u00c2m V\u1eadt - Desire\" \/>\n<meta property=\"og:description\" content=\"M\u00e1y rung k\u00edch th\u00edch \u00e2m v\u1eadt n\u00e0y k\u1ebft h\u1ee3p nhi\u1ec1u ch\u1ebf \u0111\u1ed9 h\u00fat kh\u00e1c nhau c\u00f9ng thi\u1ebft k\u1ebf ch\u1ed1ng n\u01b0\u1edbc, mang l\u1ea1i s\u1ef1 linh ho\u1ea1t khi s\u1eed d\u1ee5ng trong nhi\u1ec1u&hellip;\" \/>\n<meta property=\"og:url\" content=\"https:\/\/desireonline.shop\/vi\/san-pham\/basic-luv-theory-yeti-blue-may-rung-kich-thich-am-vat\/\" \/>\n<meta property=\"og:site_name\" content=\"Desire\" \/>\n<meta property=\"article:modified_time\" content=\"2026-03-10T05:46:10+00:00\" \/>\n<meta property=\"og:image\" content=\"https:\/\/desireonline.shop\/wp-content\/uploads\/2026\/02\/CN-934332829_00.jpg\" \/>\n\t<meta property=\"og:image:width\" content=\"2560\" \/>\n\t<meta property=\"og:image:height\" content=\"1675\" \/>\n\t<meta property=\"og:image:type\" content=\"image\/jpeg\" \/>\n<meta name=\"twitter:card\" content=\"summary_large_image\" \/>\n<meta name=\"twitter:label1\" content=\"\u01af\u1edbc t\u00ednh th\u1eddi gian \u0111\u1ecdc\" \/>\n\t<meta name=\"twitter:data1\" content=\"1 ph\u00fat\" \/>\n<script type=\"application\/ld+json\" class=\"yoast-schema-graph\">{\"@context\":\"https:\/\/schema.org\",\"@graph\":[{\"@type\":\"WebPage\",\"@id\":\"https:\/\/desireonline.shop\/vi\/san-pham\/basic-luv-theory-yeti-blue-may-rung-kich-thich-am-vat\/\",\"url\":\"https:\/\/desireonline.shop\/vi\/san-pham\/basic-luv-theory-yeti-blue-may-rung-kich-thich-am-vat\/\",\"name\":\"Basic Luv Theory Yeti Blue M\u00e1y Rung K\u00edch Th\u00edch \u00c2m V\u1eadt - Desire\",\"isPartOf\":{\"@id\":\"https:\/\/desireonline.shop\/vi\/#website\"},\"primaryImageOfPage\":{\"@id\":\"https:\/\/desireonline.shop\/vi\/san-pham\/basic-luv-theory-yeti-blue-may-rung-kich-thich-am-vat\/#primaryimage\"},\"image\":{\"@id\":\"https:\/\/desireonline.shop\/vi\/san-pham\/basic-luv-theory-yeti-blue-may-rung-kich-thich-am-vat\/#primaryimage\"},\"thumbnailUrl\":\"https:\/\/desireonline.shop\/wp-content\/uploads\/2026\/02\/CN-934332829_00.jpg\",\"datePublished\":\"2026-02-16T11:59:00+00:00\",\"dateModified\":\"2026-03-10T05:46:10+00:00\",\"breadcrumb\":{\"@id\":\"https:\/\/desireonline.shop\/vi\/san-pham\/basic-luv-theory-yeti-blue-may-rung-kich-thich-am-vat\/#breadcrumb\"},\"inLanguage\":\"vi\",\"potentialAction\":[{\"@type\":\"ReadAction\",\"target\":[\"https:\/\/desireonline.shop\/vi\/san-pham\/basic-luv-theory-yeti-blue-may-rung-kich-thich-am-vat\/\"]}]},{\"@type\":\"ImageObject\",\"inLanguage\":\"vi\",\"@id\":\"https:\/\/desireonline.shop\/vi\/san-pham\/basic-luv-theory-yeti-blue-may-rung-kich-thich-am-vat\/#primaryimage\",\"url\":\"https:\/\/desireonline.shop\/wp-content\/uploads\/2026\/02\/CN-934332829_00.jpg\",\"contentUrl\":\"https:\/\/desireonline.shop\/wp-content\/uploads\/2026\/02\/CN-934332829_00.jpg\",\"width\":2560,\"height\":1675},{\"@type\":\"BreadcrumbList\",\"@id\":\"https:\/\/desireonline.shop\/vi\/san-pham\/basic-luv-theory-yeti-blue-may-rung-kich-thich-am-vat\/#breadcrumb\",\"itemListElement\":[{\"@type\":\"ListItem\",\"position\":1,\"name\":\"Home\",\"item\":\"https:\/\/desireonline.shop\/vi\/trang-chu\/?lang=vi\"},{\"@type\":\"ListItem\",\"position\":2,\"name\":\"T\u1ea5t c\u1ea3 s\u1ea3n ph\u1ea9m\",\"item\":\"https:\/\/desireonline.shop\/cua-hang\/?lang=vi\"},{\"@type\":\"ListItem\",\"position\":3,\"name\":\"Basic Luv Theory Yeti Blue M\u00e1y Rung K\u00edch Th\u00edch \u00c2m V\u1eadt\"}]},{\"@type\":\"WebSite\",\"@id\":\"https:\/\/desireonline.shop\/vi\/#website\",\"url\":\"https:\/\/desireonline.shop\/vi\/\",\"name\":\"Desire\",\"description\":\"Sexual Wellness Platform\",\"publisher\":{\"@id\":\"https:\/\/desireonline.shop\/vi\/#organization\"},\"potentialAction\":[{\"@type\":\"SearchAction\",\"target\":{\"@type\":\"EntryPoint\",\"urlTemplate\":\"https:\/\/desireonline.shop\/vi\/?s={search_term_string}\"},\"query-input\":{\"@type\":\"PropertyValueSpecification\",\"valueRequired\":true,\"valueName\":\"search_term_string\"}}],\"inLanguage\":\"vi\"},{\"@type\":\"Organization\",\"@id\":\"https:\/\/desireonline.shop\/vi\/#organization\",\"name\":\"Desire\",\"url\":\"https:\/\/desireonline.shop\/vi\/\",\"logo\":{\"@type\":\"ImageObject\",\"inLanguage\":\"vi\",\"@id\":\"https:\/\/desireonline.shop\/vi\/#\/schema\/logo\/image\/\",\"url\":\"https:\/\/desireonline.shop\/wp-content\/uploads\/2024\/06\/Logo-Thick-Font-1.webp\",\"contentUrl\":\"https:\/\/desireonline.shop\/wp-content\/uploads\/2024\/06\/Logo-Thick-Font-1.webp\",\"width\":268,\"height\":399,\"caption\":\"Desire\"},\"image\":{\"@id\":\"https:\/\/desireonline.shop\/vi\/#\/schema\/logo\/image\/\"}}]}<\/script>\n<!-- \/ Yoast SEO plugin. -->","yoast_head_json":{"title":"Basic Luv Theory Yeti Blue M\u00e1y Rung K\u00edch Th\u00edch \u00c2m V\u1eadt - Desire","robots":{"index":"index","follow":"follow","max-snippet":"max-snippet:-1","max-image-preview":"max-image-preview:large","max-video-preview":"max-video-preview:-1"},"canonical":"https:\/\/desireonline.shop\/vi\/san-pham\/basic-luv-theory-yeti-blue-may-rung-kich-thich-am-vat\/","og_locale":"vi_VN","og_type":"article","og_title":"Basic Luv Theory Yeti Blue M\u00e1y Rung K\u00edch Th\u00edch \u00c2m V\u1eadt - Desire","og_description":"M\u00e1y rung k\u00edch th\u00edch \u00e2m v\u1eadt n\u00e0y k\u1ebft h\u1ee3p nhi\u1ec1u ch\u1ebf \u0111\u1ed9 h\u00fat kh\u00e1c nhau c\u00f9ng thi\u1ebft k\u1ebf ch\u1ed1ng n\u01b0\u1edbc, mang l\u1ea1i s\u1ef1 linh ho\u1ea1t khi s\u1eed d\u1ee5ng trong nhi\u1ec1u&hellip;","og_url":"https:\/\/desireonline.shop\/vi\/san-pham\/basic-luv-theory-yeti-blue-may-rung-kich-thich-am-vat\/","og_site_name":"Desire","article_modified_time":"2026-03-10T05:46:10+00:00","og_image":[{"width":2560,"height":1675,"url":"https:\/\/desireonline.shop\/wp-content\/uploads\/2026\/02\/CN-934332829_00.jpg","type":"image\/jpeg"}],"twitter_card":"summary_large_image","twitter_misc":{"\u01af\u1edbc t\u00ednh th\u1eddi gian \u0111\u1ecdc":"1 ph\u00fat"},"schema":{"@context":"https:\/\/schema.org","@graph":[{"@type":"WebPage","@id":"https:\/\/desireonline.shop\/vi\/san-pham\/basic-luv-theory-yeti-blue-may-rung-kich-thich-am-vat\/","url":"https:\/\/desireonline.shop\/vi\/san-pham\/basic-luv-theory-yeti-blue-may-rung-kich-thich-am-vat\/","name":"Basic Luv Theory Yeti Blue M\u00e1y Rung K\u00edch Th\u00edch \u00c2m V\u1eadt - Desire","isPartOf":{"@id":"https:\/\/desireonline.shop\/vi\/#website"},"primaryImageOfPage":{"@id":"https:\/\/desireonline.shop\/vi\/san-pham\/basic-luv-theory-yeti-blue-may-rung-kich-thich-am-vat\/#primaryimage"},"image":{"@id":"https:\/\/desireonline.shop\/vi\/san-pham\/basic-luv-theory-yeti-blue-may-rung-kich-thich-am-vat\/#primaryimage"},"thumbnailUrl":"https:\/\/desireonline.shop\/wp-content\/uploads\/2026\/02\/CN-934332829_00.jpg","datePublished":"2026-02-16T11:59:00+00:00","dateModified":"2026-03-10T05:46:10+00:00","breadcrumb":{"@id":"https:\/\/desireonline.shop\/vi\/san-pham\/basic-luv-theory-yeti-blue-may-rung-kich-thich-am-vat\/#breadcrumb"},"inLanguage":"vi","potentialAction":[{"@type":"ReadAction","target":["https:\/\/desireonline.shop\/vi\/san-pham\/basic-luv-theory-yeti-blue-may-rung-kich-thich-am-vat\/"]}]},{"@type":"ImageObject","inLanguage":"vi","@id":"https:\/\/desireonline.shop\/vi\/san-pham\/basic-luv-theory-yeti-blue-may-rung-kich-thich-am-vat\/#primaryimage","url":"https:\/\/desireonline.shop\/wp-content\/uploads\/2026\/02\/CN-934332829_00.jpg","contentUrl":"https:\/\/desireonline.shop\/wp-content\/uploads\/2026\/02\/CN-934332829_00.jpg","width":2560,"height":1675},{"@type":"BreadcrumbList","@id":"https:\/\/desireonline.shop\/vi\/san-pham\/basic-luv-theory-yeti-blue-may-rung-kich-thich-am-vat\/#breadcrumb","itemListElement":[{"@type":"ListItem","position":1,"name":"Home","item":"https:\/\/desireonline.shop\/vi\/trang-chu\/?lang=vi"},{"@type":"ListItem","position":2,"name":"T\u1ea5t c\u1ea3 s\u1ea3n ph\u1ea9m","item":"https:\/\/desireonline.shop\/cua-hang\/?lang=vi"},{"@type":"ListItem","position":3,"name":"Basic Luv Theory Yeti Blue M\u00e1y Rung K\u00edch Th\u00edch \u00c2m V\u1eadt"}]},{"@type":"WebSite","@id":"https:\/\/desireonline.shop\/vi\/#website","url":"https:\/\/desireonline.shop\/vi\/","name":"Desire","description":"Sexual Wellness Platform","publisher":{"@id":"https:\/\/desireonline.shop\/vi\/#organization"},"potentialAction":[{"@type":"SearchAction","target":{"@type":"EntryPoint","urlTemplate":"https:\/\/desireonline.shop\/vi\/?s={search_term_string}"},"query-input":{"@type":"PropertyValueSpecification","valueRequired":true,"valueName":"search_term_string"}}],"inLanguage":"vi"},{"@type":"Organization","@id":"https:\/\/desireonline.shop\/vi\/#organization","name":"Desire","url":"https:\/\/desireonline.shop\/vi\/","logo":{"@type":"ImageObject","inLanguage":"vi","@id":"https:\/\/desireonline.shop\/vi\/#\/schema\/logo\/image\/","url":"https:\/\/desireonline.shop\/wp-content\/uploads\/2024\/06\/Logo-Thick-Font-1.webp","contentUrl":"https:\/\/desireonline.shop\/wp-content\/uploads\/2024\/06\/Logo-Thick-Font-1.webp","width":268,"height":399,"caption":"Desire"},"image":{"@id":"https:\/\/desireonline.shop\/vi\/#\/schema\/logo\/image\/"}}]}},"_links":{"self":[{"href":"https:\/\/desireonline.shop\/vi\/wp-json\/wp\/v2\/product\/65533","targetHints":{"allow":["GET"]}}],"collection":[{"href":"https:\/\/desireonline.shop\/vi\/wp-json\/wp\/v2\/product"}],"about":[{"href":"https:\/\/desireonline.shop\/vi\/wp-json\/wp\/v2\/types\/product"}],"replies":[{"embeddable":true,"href":"https:\/\/desireonline.shop\/vi\/wp-json\/wp\/v2\/comments?post=65533"}],"version-history":[{"count":0,"href":"https:\/\/desireonline.shop\/vi\/wp-json\/wp\/v2\/product\/65533\/revisions"}],"wp:featuredmedia":[{"embeddable":true,"href":"https:\/\/desireonline.shop\/vi\/wp-json\/wp\/v2\/media\/63452"}],"wp:attachment":[{"href":"https:\/\/desireonline.shop\/vi\/wp-json\/wp\/v2\/media?parent=65533"}],"wp:term":[{"taxonomy":"product_brand","embeddable":true,"href":"https:\/\/desireonline.shop\/vi\/wp-json\/wp\/v2\/product_brand?post=65533"},{"taxonomy":"product_cat","embeddable":true,"href":"https:\/\/desireonline.shop\/vi\/wp-json\/wp\/v2\/product_cat?post=65533"},{"taxonomy":"product_tag","embeddable":true,"href":"https:\/\/desireonline.shop\/vi\/wp-json\/wp\/v2\/product_tag?post=65533"}],"curies":[{"name":"wp","href":"https:\/\/api.w.org\/{rel}","templated":true}]}}