{"id":65548,"date":"2026-02-16T11:59:00","date_gmt":"2026-02-16T11:59:00","guid":{"rendered":"https:\/\/desireonline.shop\/product\/basic-luv-theory-rosy-purple-may-rung-kich-thich-am-vat\/"},"modified":"2026-03-10T05:45:53","modified_gmt":"2026-03-10T05:45:53","slug":"basic-luv-theory-rosy-purple-may-rung-kich-thich-am-vat","status":"publish","type":"product","link":"https:\/\/desireonline.shop\/vi\/san-pham\/basic-luv-theory-rosy-purple-may-rung-kich-thich-am-vat\/","title":{"rendered":"Basic Luv Theory Rosy Purple M\u00e1y Rung K\u00edch Th\u00edch \u00c2m V\u1eadt"},"content":{"rendered":"<p>M\u00e1y rung k\u00edch th\u00edch \u00e2m v\u1eadt n\u00e0y \u0111\u01b0\u1ee3c thi\u1ebft k\u1ebf \u0111\u1ec3 mang l\u1ea1i s\u1ef1 ch\u00ednh x\u00e1c v\u00e0 \u0111a d\u1ea1ng trong c\u1ea3m gi\u00e1c, v\u1edbi nhi\u1ec1u ch\u1ebf \u0111\u1ed9 h\u00fat kh\u00e1c nhau cho ph\u00e9p b\u1ea1n kh\u00e1m ph\u00e1 theo nh\u1ecbp \u0111\u1ed9 ri\u00eang c\u1ee7a m\u00ecnh. Thi\u1ebft k\u1ebf nh\u1ecf g\u1ecdn gi\u00fap s\u1ea3n ph\u1ea9m d\u1ec5 d\u00e0ng s\u1eed d\u1ee5ng trong nh\u1eefng kho\u1ea3nh kh\u1eafc ri\u00eang t\u01b0 ho\u1eb7c khi chia s\u1ebb tr\u1ea3i nghi\u1ec7m c\u00f9ng b\u1ea1n \u0111\u1eddi.<\/p>\n<p>Vui nh\u1ed9n v\u00e0 d\u1ec5 ti\u1ebfp c\u1eadn, s\u1ea3n ph\u1ea9m khuy\u1ebfn kh\u00edch s\u1ef1 t\u00f2 m\u00f2 v\u00e0 kh\u00e1m ph\u00e1 c\u00e1 nh\u00e2n, \u0111\u1ed3ng th\u1eddi gi\u1eef s\u1ef1 tho\u1ea3i m\u00e1i v\u00e0 kh\u1ea3 n\u0103ng ki\u1ec3m so\u00e1t l\u00e0m tr\u1ecdng t\u00e2m.<\/p>\n","protected":false},"excerpt":{"rendered":"<p>M\u00e1y rung k\u00edch th\u00edch \u00e2m v\u1eadt n\u00e0y \u0111\u01b0\u1ee3c thi\u1ebft k\u1ebf \u0111\u1ec3 mang l\u1ea1i s\u1ef1 ch\u00ednh x\u00e1c v\u00e0 \u0111a d\u1ea1ng trong c\u1ea3m gi\u00e1c, v\u1edbi nhi\u1ec1u ch\u1ebf \u0111\u1ed9 h\u00fat kh\u00e1c nhau cho&hellip;<\/p>\n","protected":false},"featured_media":63440,"comment_status":"open","ping_status":"closed","template":"","meta":{"_acf_changed":false},"product_brand":[],"product_cat":[1394,1391],"product_tag":[],"class_list":{"0":"post-65548","1":"product","2":"type-product","3":"status-publish","4":"has-post-thumbnail","6":"product_cat-may-rung-hoa-hong","7":"product_cat-may-rung-hut-liem-am-vat","9":"first","10":"instock","11":"shipping-taxable","12":"purchasable","13":"product-type-simple"},"acf":[],"yoast_head":"<!-- This site is optimized with the Yoast SEO plugin v27.1.1 - https:\/\/yoast.com\/product\/yoast-seo-wordpress\/ -->\n<title>Basic Luv Theory Rosy Purple M\u00e1y Rung K\u00edch Th\u00edch \u00c2m V\u1eadt - Desire<\/title>\n<meta name=\"robots\" content=\"index, follow, max-snippet:-1, max-image-preview:large, max-video-preview:-1\" \/>\n<link rel=\"canonical\" href=\"https:\/\/desireonline.shop\/vi\/san-pham\/basic-luv-theory-rosy-purple-may-rung-kich-thich-am-vat\/\" \/>\n<meta property=\"og:locale\" content=\"vi_VN\" \/>\n<meta property=\"og:type\" content=\"article\" \/>\n<meta property=\"og:title\" content=\"Basic Luv Theory Rosy Purple M\u00e1y Rung K\u00edch Th\u00edch \u00c2m V\u1eadt - Desire\" \/>\n<meta property=\"og:description\" content=\"M\u00e1y rung k\u00edch th\u00edch \u00e2m v\u1eadt n\u00e0y \u0111\u01b0\u1ee3c thi\u1ebft k\u1ebf \u0111\u1ec3 mang l\u1ea1i s\u1ef1 ch\u00ednh x\u00e1c v\u00e0 \u0111a d\u1ea1ng trong c\u1ea3m gi\u00e1c, v\u1edbi nhi\u1ec1u ch\u1ebf \u0111\u1ed9 h\u00fat kh\u00e1c nhau cho&hellip;\" \/>\n<meta property=\"og:url\" content=\"https:\/\/desireonline.shop\/vi\/san-pham\/basic-luv-theory-rosy-purple-may-rung-kich-thich-am-vat\/\" \/>\n<meta property=\"og:site_name\" content=\"Desire\" \/>\n<meta property=\"article:modified_time\" content=\"2026-03-10T05:45:53+00:00\" \/>\n<meta property=\"og:image\" content=\"https:\/\/desireonline.shop\/wp-content\/uploads\/2026\/02\/CN-834330411_00.jpg\" \/>\n\t<meta property=\"og:image:width\" content=\"1000\" \/>\n\t<meta property=\"og:image:height\" content=\"1000\" \/>\n\t<meta property=\"og:image:type\" content=\"image\/jpeg\" \/>\n<meta name=\"twitter:card\" content=\"summary_large_image\" \/>\n<meta name=\"twitter:label1\" content=\"\u01af\u1edbc t\u00ednh th\u1eddi gian \u0111\u1ecdc\" \/>\n\t<meta name=\"twitter:data1\" content=\"1 ph\u00fat\" \/>\n<script type=\"application\/ld+json\" class=\"yoast-schema-graph\">{\"@context\":\"https:\/\/schema.org\",\"@graph\":[{\"@type\":\"WebPage\",\"@id\":\"https:\/\/desireonline.shop\/vi\/san-pham\/basic-luv-theory-rosy-purple-may-rung-kich-thich-am-vat\/\",\"url\":\"https:\/\/desireonline.shop\/vi\/san-pham\/basic-luv-theory-rosy-purple-may-rung-kich-thich-am-vat\/\",\"name\":\"Basic Luv Theory Rosy Purple M\u00e1y Rung K\u00edch Th\u00edch \u00c2m V\u1eadt - Desire\",\"isPartOf\":{\"@id\":\"https:\/\/desireonline.shop\/vi\/#website\"},\"primaryImageOfPage\":{\"@id\":\"https:\/\/desireonline.shop\/vi\/san-pham\/basic-luv-theory-rosy-purple-may-rung-kich-thich-am-vat\/#primaryimage\"},\"image\":{\"@id\":\"https:\/\/desireonline.shop\/vi\/san-pham\/basic-luv-theory-rosy-purple-may-rung-kich-thich-am-vat\/#primaryimage\"},\"thumbnailUrl\":\"https:\/\/desireonline.shop\/wp-content\/uploads\/2026\/02\/CN-834330411_00.jpg\",\"datePublished\":\"2026-02-16T11:59:00+00:00\",\"dateModified\":\"2026-03-10T05:45:53+00:00\",\"breadcrumb\":{\"@id\":\"https:\/\/desireonline.shop\/vi\/san-pham\/basic-luv-theory-rosy-purple-may-rung-kich-thich-am-vat\/#breadcrumb\"},\"inLanguage\":\"vi\",\"potentialAction\":[{\"@type\":\"ReadAction\",\"target\":[\"https:\/\/desireonline.shop\/vi\/san-pham\/basic-luv-theory-rosy-purple-may-rung-kich-thich-am-vat\/\"]}]},{\"@type\":\"ImageObject\",\"inLanguage\":\"vi\",\"@id\":\"https:\/\/desireonline.shop\/vi\/san-pham\/basic-luv-theory-rosy-purple-may-rung-kich-thich-am-vat\/#primaryimage\",\"url\":\"https:\/\/desireonline.shop\/wp-content\/uploads\/2026\/02\/CN-834330411_00.jpg\",\"contentUrl\":\"https:\/\/desireonline.shop\/wp-content\/uploads\/2026\/02\/CN-834330411_00.jpg\",\"width\":1000,\"height\":1000},{\"@type\":\"BreadcrumbList\",\"@id\":\"https:\/\/desireonline.shop\/vi\/san-pham\/basic-luv-theory-rosy-purple-may-rung-kich-thich-am-vat\/#breadcrumb\",\"itemListElement\":[{\"@type\":\"ListItem\",\"position\":1,\"name\":\"Home\",\"item\":\"https:\/\/desireonline.shop\/vi\/trang-chu\/?lang=vi\"},{\"@type\":\"ListItem\",\"position\":2,\"name\":\"T\u1ea5t c\u1ea3 s\u1ea3n ph\u1ea9m\",\"item\":\"https:\/\/desireonline.shop\/cua-hang\/?lang=vi\"},{\"@type\":\"ListItem\",\"position\":3,\"name\":\"Basic Luv Theory Rosy Purple M\u00e1y Rung K\u00edch Th\u00edch \u00c2m V\u1eadt\"}]},{\"@type\":\"WebSite\",\"@id\":\"https:\/\/desireonline.shop\/vi\/#website\",\"url\":\"https:\/\/desireonline.shop\/vi\/\",\"name\":\"Desire\",\"description\":\"Sexual Wellness Platform\",\"publisher\":{\"@id\":\"https:\/\/desireonline.shop\/vi\/#organization\"},\"potentialAction\":[{\"@type\":\"SearchAction\",\"target\":{\"@type\":\"EntryPoint\",\"urlTemplate\":\"https:\/\/desireonline.shop\/vi\/?s={search_term_string}\"},\"query-input\":{\"@type\":\"PropertyValueSpecification\",\"valueRequired\":true,\"valueName\":\"search_term_string\"}}],\"inLanguage\":\"vi\"},{\"@type\":\"Organization\",\"@id\":\"https:\/\/desireonline.shop\/vi\/#organization\",\"name\":\"Desire\",\"url\":\"https:\/\/desireonline.shop\/vi\/\",\"logo\":{\"@type\":\"ImageObject\",\"inLanguage\":\"vi\",\"@id\":\"https:\/\/desireonline.shop\/vi\/#\/schema\/logo\/image\/\",\"url\":\"https:\/\/desireonline.shop\/wp-content\/uploads\/2024\/06\/Logo-Thick-Font-1.webp\",\"contentUrl\":\"https:\/\/desireonline.shop\/wp-content\/uploads\/2024\/06\/Logo-Thick-Font-1.webp\",\"width\":268,\"height\":399,\"caption\":\"Desire\"},\"image\":{\"@id\":\"https:\/\/desireonline.shop\/vi\/#\/schema\/logo\/image\/\"}}]}<\/script>\n<!-- \/ Yoast SEO plugin. -->","yoast_head_json":{"title":"Basic Luv Theory Rosy Purple M\u00e1y Rung K\u00edch Th\u00edch \u00c2m V\u1eadt - Desire","robots":{"index":"index","follow":"follow","max-snippet":"max-snippet:-1","max-image-preview":"max-image-preview:large","max-video-preview":"max-video-preview:-1"},"canonical":"https:\/\/desireonline.shop\/vi\/san-pham\/basic-luv-theory-rosy-purple-may-rung-kich-thich-am-vat\/","og_locale":"vi_VN","og_type":"article","og_title":"Basic Luv Theory Rosy Purple M\u00e1y Rung K\u00edch Th\u00edch \u00c2m V\u1eadt - Desire","og_description":"M\u00e1y rung k\u00edch th\u00edch \u00e2m v\u1eadt n\u00e0y \u0111\u01b0\u1ee3c thi\u1ebft k\u1ebf \u0111\u1ec3 mang l\u1ea1i s\u1ef1 ch\u00ednh x\u00e1c v\u00e0 \u0111a d\u1ea1ng trong c\u1ea3m gi\u00e1c, v\u1edbi nhi\u1ec1u ch\u1ebf \u0111\u1ed9 h\u00fat kh\u00e1c nhau cho&hellip;","og_url":"https:\/\/desireonline.shop\/vi\/san-pham\/basic-luv-theory-rosy-purple-may-rung-kich-thich-am-vat\/","og_site_name":"Desire","article_modified_time":"2026-03-10T05:45:53+00:00","og_image":[{"width":1000,"height":1000,"url":"https:\/\/desireonline.shop\/wp-content\/uploads\/2026\/02\/CN-834330411_00.jpg","type":"image\/jpeg"}],"twitter_card":"summary_large_image","twitter_misc":{"\u01af\u1edbc t\u00ednh th\u1eddi gian \u0111\u1ecdc":"1 ph\u00fat"},"schema":{"@context":"https:\/\/schema.org","@graph":[{"@type":"WebPage","@id":"https:\/\/desireonline.shop\/vi\/san-pham\/basic-luv-theory-rosy-purple-may-rung-kich-thich-am-vat\/","url":"https:\/\/desireonline.shop\/vi\/san-pham\/basic-luv-theory-rosy-purple-may-rung-kich-thich-am-vat\/","name":"Basic Luv Theory Rosy Purple M\u00e1y Rung K\u00edch Th\u00edch \u00c2m V\u1eadt - Desire","isPartOf":{"@id":"https:\/\/desireonline.shop\/vi\/#website"},"primaryImageOfPage":{"@id":"https:\/\/desireonline.shop\/vi\/san-pham\/basic-luv-theory-rosy-purple-may-rung-kich-thich-am-vat\/#primaryimage"},"image":{"@id":"https:\/\/desireonline.shop\/vi\/san-pham\/basic-luv-theory-rosy-purple-may-rung-kich-thich-am-vat\/#primaryimage"},"thumbnailUrl":"https:\/\/desireonline.shop\/wp-content\/uploads\/2026\/02\/CN-834330411_00.jpg","datePublished":"2026-02-16T11:59:00+00:00","dateModified":"2026-03-10T05:45:53+00:00","breadcrumb":{"@id":"https:\/\/desireonline.shop\/vi\/san-pham\/basic-luv-theory-rosy-purple-may-rung-kich-thich-am-vat\/#breadcrumb"},"inLanguage":"vi","potentialAction":[{"@type":"ReadAction","target":["https:\/\/desireonline.shop\/vi\/san-pham\/basic-luv-theory-rosy-purple-may-rung-kich-thich-am-vat\/"]}]},{"@type":"ImageObject","inLanguage":"vi","@id":"https:\/\/desireonline.shop\/vi\/san-pham\/basic-luv-theory-rosy-purple-may-rung-kich-thich-am-vat\/#primaryimage","url":"https:\/\/desireonline.shop\/wp-content\/uploads\/2026\/02\/CN-834330411_00.jpg","contentUrl":"https:\/\/desireonline.shop\/wp-content\/uploads\/2026\/02\/CN-834330411_00.jpg","width":1000,"height":1000},{"@type":"BreadcrumbList","@id":"https:\/\/desireonline.shop\/vi\/san-pham\/basic-luv-theory-rosy-purple-may-rung-kich-thich-am-vat\/#breadcrumb","itemListElement":[{"@type":"ListItem","position":1,"name":"Home","item":"https:\/\/desireonline.shop\/vi\/trang-chu\/?lang=vi"},{"@type":"ListItem","position":2,"name":"T\u1ea5t c\u1ea3 s\u1ea3n ph\u1ea9m","item":"https:\/\/desireonline.shop\/cua-hang\/?lang=vi"},{"@type":"ListItem","position":3,"name":"Basic Luv Theory Rosy Purple M\u00e1y Rung K\u00edch Th\u00edch \u00c2m V\u1eadt"}]},{"@type":"WebSite","@id":"https:\/\/desireonline.shop\/vi\/#website","url":"https:\/\/desireonline.shop\/vi\/","name":"Desire","description":"Sexual Wellness Platform","publisher":{"@id":"https:\/\/desireonline.shop\/vi\/#organization"},"potentialAction":[{"@type":"SearchAction","target":{"@type":"EntryPoint","urlTemplate":"https:\/\/desireonline.shop\/vi\/?s={search_term_string}"},"query-input":{"@type":"PropertyValueSpecification","valueRequired":true,"valueName":"search_term_string"}}],"inLanguage":"vi"},{"@type":"Organization","@id":"https:\/\/desireonline.shop\/vi\/#organization","name":"Desire","url":"https:\/\/desireonline.shop\/vi\/","logo":{"@type":"ImageObject","inLanguage":"vi","@id":"https:\/\/desireonline.shop\/vi\/#\/schema\/logo\/image\/","url":"https:\/\/desireonline.shop\/wp-content\/uploads\/2024\/06\/Logo-Thick-Font-1.webp","contentUrl":"https:\/\/desireonline.shop\/wp-content\/uploads\/2024\/06\/Logo-Thick-Font-1.webp","width":268,"height":399,"caption":"Desire"},"image":{"@id":"https:\/\/desireonline.shop\/vi\/#\/schema\/logo\/image\/"}}]}},"_links":{"self":[{"href":"https:\/\/desireonline.shop\/vi\/wp-json\/wp\/v2\/product\/65548","targetHints":{"allow":["GET"]}}],"collection":[{"href":"https:\/\/desireonline.shop\/vi\/wp-json\/wp\/v2\/product"}],"about":[{"href":"https:\/\/desireonline.shop\/vi\/wp-json\/wp\/v2\/types\/product"}],"replies":[{"embeddable":true,"href":"https:\/\/desireonline.shop\/vi\/wp-json\/wp\/v2\/comments?post=65548"}],"version-history":[{"count":0,"href":"https:\/\/desireonline.shop\/vi\/wp-json\/wp\/v2\/product\/65548\/revisions"}],"wp:featuredmedia":[{"embeddable":true,"href":"https:\/\/desireonline.shop\/vi\/wp-json\/wp\/v2\/media\/63440"}],"wp:attachment":[{"href":"https:\/\/desireonline.shop\/vi\/wp-json\/wp\/v2\/media?parent=65548"}],"wp:term":[{"taxonomy":"product_brand","embeddable":true,"href":"https:\/\/desireonline.shop\/vi\/wp-json\/wp\/v2\/product_brand?post=65548"},{"taxonomy":"product_cat","embeddable":true,"href":"https:\/\/desireonline.shop\/vi\/wp-json\/wp\/v2\/product_cat?post=65548"},{"taxonomy":"product_tag","embeddable":true,"href":"https:\/\/desireonline.shop\/vi\/wp-json\/wp\/v2\/product_tag?post=65548"}],"curies":[{"name":"wp","href":"https:\/\/api.w.org\/{rel}","templated":true}]}}