{"id":65558,"date":"2026-02-16T12:00:00","date_gmt":"2026-02-16T12:00:00","guid":{"rendered":"https:\/\/desireonline.shop\/product\/tui-luu-tru-kin-dao-18-cm\/"},"modified":"2026-03-10T05:37:11","modified_gmt":"2026-03-10T05:37:11","slug":"tui-luu-tru-kin-dao-18-cm","status":"publish","type":"product","link":"https:\/\/desireonline.shop\/vi\/san-pham\/tui-luu-tru-kin-dao-18-cm\/","title":{"rendered":"T\u00fai L\u01b0u Tr\u1eef K\u00edn \u0110\u00e1o 18 cm"},"content":{"rendered":"<p>T\u00fai ri\u00eang t\u01b0 n\u00e0y \u0111\u01b0\u1ee3c thi\u1ebft k\u1ebf \u0111\u1ec3 gi\u1eef m\u1ecdi v\u1eadt d\u1ee5ng k\u00edn \u0111\u00e1o v\u00e0 g\u1ecdn g\u00e0ng khi l\u01b0u tr\u1eef ho\u1eb7c mang theo c\u00e1c v\u1eadt d\u1ee5ng c\u00e1 nh\u00e2n. Ch\u1ea5t li\u1ec7u m\u1ec1m v\u00e0 co gi\u00e3n gi\u00fap t\u00fai d\u1ec5 d\u00e0ng th\u00edch \u1ee9ng v\u1edbi nhi\u1ec1u h\u00ecnh d\u1ea1ng kh\u00e1c nhau, \u0111\u1ed3ng th\u1eddi v\u1eabn \u00eam \u00e1i khi ch\u1ea1m v\u00e0o.<\/p>\n<p>L\u00fd t\u01b0\u1edfng cho vi\u1ec7c s\u1eafp x\u1ebfp \u0111\u1ed3 d\u00f9ng h\u1eb1ng ng\u00e0y ho\u1eb7c khi \u0111i du l\u1ecbch, t\u00fai mang l\u1ea1i m\u1ed9t c\u00e1ch \u0111\u01a1n gi\u1ea3n \u0111\u1ec3 duy tr\u00ec s\u1ef1 ri\u00eang t\u01b0 v\u00e0 y\u00ean t\u00e2m \u2014 thi\u1ebft th\u1ef1c, k\u00edn \u0111\u00e1o v\u00e0 d\u1ec5 s\u1eed d\u1ee5ng.<\/p>\n","protected":false},"excerpt":{"rendered":"<p>T\u00fai ri\u00eang t\u01b0 n\u00e0y \u0111\u01b0\u1ee3c thi\u1ebft k\u1ebf \u0111\u1ec3 gi\u1eef m\u1ecdi v\u1eadt d\u1ee5ng k\u00edn \u0111\u00e1o v\u00e0 g\u1ecdn g\u00e0ng khi l\u01b0u tr\u1eef ho\u1eb7c mang theo c\u00e1c v\u1eadt d\u1ee5ng c\u00e1 nh\u00e2n. Ch\u1ea5t li\u1ec7u&hellip;<\/p>\n","protected":false},"featured_media":63464,"comment_status":"open","ping_status":"closed","template":"","meta":{"_acf_changed":false},"product_brand":[],"product_cat":[1305,1341,1413,1343],"product_tag":[],"class_list":{"0":"post-65558","1":"product","2":"type-product","3":"status-publish","4":"has-post-thumbnail","6":"product_cat-danh-cho-cac-cap-doi","7":"product_cat-for-men","8":"product_cat-danh-cho-phu-nu","9":"product_cat-tui-luu-tru-kin-dao","11":"first","12":"instock","13":"shipping-taxable","14":"purchasable","15":"product-type-simple"},"acf":[],"yoast_head":"<!-- This site is optimized with the Yoast SEO plugin v27.1.1 - https:\/\/yoast.com\/product\/yoast-seo-wordpress\/ -->\n<title>T\u00fai L\u01b0u Tr\u1eef K\u00edn \u0110\u00e1o 18 cm - Desire<\/title>\n<meta name=\"robots\" content=\"index, follow, max-snippet:-1, max-image-preview:large, max-video-preview:-1\" \/>\n<link rel=\"canonical\" href=\"https:\/\/desireonline.shop\/vi\/san-pham\/tui-luu-tru-kin-dao-18-cm\/\" \/>\n<meta property=\"og:locale\" content=\"vi_VN\" \/>\n<meta property=\"og:type\" content=\"article\" \/>\n<meta property=\"og:title\" content=\"T\u00fai L\u01b0u Tr\u1eef K\u00edn \u0110\u00e1o 18 cm - Desire\" \/>\n<meta property=\"og:description\" content=\"T\u00fai ri\u00eang t\u01b0 n\u00e0y \u0111\u01b0\u1ee3c thi\u1ebft k\u1ebf \u0111\u1ec3 gi\u1eef m\u1ecdi v\u1eadt d\u1ee5ng k\u00edn \u0111\u00e1o v\u00e0 g\u1ecdn g\u00e0ng khi l\u01b0u tr\u1eef ho\u1eb7c mang theo c\u00e1c v\u1eadt d\u1ee5ng c\u00e1 nh\u00e2n. Ch\u1ea5t li\u1ec7u&hellip;\" \/>\n<meta property=\"og:url\" content=\"https:\/\/desireonline.shop\/vi\/san-pham\/tui-luu-tru-kin-dao-18-cm\/\" \/>\n<meta property=\"og:site_name\" content=\"Desire\" \/>\n<meta property=\"article:modified_time\" content=\"2026-03-10T05:37:11+00:00\" \/>\n<meta property=\"og:image\" content=\"https:\/\/desireonline.shop\/wp-content\/uploads\/2026\/02\/CN-423600492_00.jpg\" \/>\n\t<meta property=\"og:image:width\" content=\"1000\" \/>\n\t<meta property=\"og:image:height\" content=\"1000\" \/>\n\t<meta property=\"og:image:type\" content=\"image\/jpeg\" \/>\n<meta name=\"twitter:card\" content=\"summary_large_image\" \/>\n<meta name=\"twitter:label1\" content=\"\u01af\u1edbc t\u00ednh th\u1eddi gian \u0111\u1ecdc\" \/>\n\t<meta name=\"twitter:data1\" content=\"1 ph\u00fat\" \/>\n<script type=\"application\/ld+json\" class=\"yoast-schema-graph\">{\"@context\":\"https:\/\/schema.org\",\"@graph\":[{\"@type\":\"WebPage\",\"@id\":\"https:\/\/desireonline.shop\/vi\/san-pham\/tui-luu-tru-kin-dao-18-cm\/\",\"url\":\"https:\/\/desireonline.shop\/vi\/san-pham\/tui-luu-tru-kin-dao-18-cm\/\",\"name\":\"T\u00fai L\u01b0u Tr\u1eef K\u00edn \u0110\u00e1o 18 cm - Desire\",\"isPartOf\":{\"@id\":\"https:\/\/desireonline.shop\/vi\/#website\"},\"primaryImageOfPage\":{\"@id\":\"https:\/\/desireonline.shop\/vi\/san-pham\/tui-luu-tru-kin-dao-18-cm\/#primaryimage\"},\"image\":{\"@id\":\"https:\/\/desireonline.shop\/vi\/san-pham\/tui-luu-tru-kin-dao-18-cm\/#primaryimage\"},\"thumbnailUrl\":\"https:\/\/desireonline.shop\/wp-content\/uploads\/2026\/02\/CN-423600492_00.jpg\",\"datePublished\":\"2026-02-16T12:00:00+00:00\",\"dateModified\":\"2026-03-10T05:37:11+00:00\",\"breadcrumb\":{\"@id\":\"https:\/\/desireonline.shop\/vi\/san-pham\/tui-luu-tru-kin-dao-18-cm\/#breadcrumb\"},\"inLanguage\":\"vi\",\"potentialAction\":[{\"@type\":\"ReadAction\",\"target\":[\"https:\/\/desireonline.shop\/vi\/san-pham\/tui-luu-tru-kin-dao-18-cm\/\"]}]},{\"@type\":\"ImageObject\",\"inLanguage\":\"vi\",\"@id\":\"https:\/\/desireonline.shop\/vi\/san-pham\/tui-luu-tru-kin-dao-18-cm\/#primaryimage\",\"url\":\"https:\/\/desireonline.shop\/wp-content\/uploads\/2026\/02\/CN-423600492_00.jpg\",\"contentUrl\":\"https:\/\/desireonline.shop\/wp-content\/uploads\/2026\/02\/CN-423600492_00.jpg\",\"width\":1000,\"height\":1000},{\"@type\":\"BreadcrumbList\",\"@id\":\"https:\/\/desireonline.shop\/vi\/san-pham\/tui-luu-tru-kin-dao-18-cm\/#breadcrumb\",\"itemListElement\":[{\"@type\":\"ListItem\",\"position\":1,\"name\":\"Home\",\"item\":\"https:\/\/desireonline.shop\/vi\/trang-chu\/?lang=vi\"},{\"@type\":\"ListItem\",\"position\":2,\"name\":\"T\u1ea5t c\u1ea3 s\u1ea3n ph\u1ea9m\",\"item\":\"https:\/\/desireonline.shop\/cua-hang\/?lang=vi\"},{\"@type\":\"ListItem\",\"position\":3,\"name\":\"T\u00fai L\u01b0u Tr\u1eef K\u00edn \u0110\u00e1o 18 cm\"}]},{\"@type\":\"WebSite\",\"@id\":\"https:\/\/desireonline.shop\/vi\/#website\",\"url\":\"https:\/\/desireonline.shop\/vi\/\",\"name\":\"Desire\",\"description\":\"Sexual Wellness Platform\",\"publisher\":{\"@id\":\"https:\/\/desireonline.shop\/vi\/#organization\"},\"potentialAction\":[{\"@type\":\"SearchAction\",\"target\":{\"@type\":\"EntryPoint\",\"urlTemplate\":\"https:\/\/desireonline.shop\/vi\/?s={search_term_string}\"},\"query-input\":{\"@type\":\"PropertyValueSpecification\",\"valueRequired\":true,\"valueName\":\"search_term_string\"}}],\"inLanguage\":\"vi\"},{\"@type\":\"Organization\",\"@id\":\"https:\/\/desireonline.shop\/vi\/#organization\",\"name\":\"Desire\",\"url\":\"https:\/\/desireonline.shop\/vi\/\",\"logo\":{\"@type\":\"ImageObject\",\"inLanguage\":\"vi\",\"@id\":\"https:\/\/desireonline.shop\/vi\/#\/schema\/logo\/image\/\",\"url\":\"https:\/\/desireonline.shop\/wp-content\/uploads\/2024\/06\/Logo-Thick-Font-1.webp\",\"contentUrl\":\"https:\/\/desireonline.shop\/wp-content\/uploads\/2024\/06\/Logo-Thick-Font-1.webp\",\"width\":268,\"height\":399,\"caption\":\"Desire\"},\"image\":{\"@id\":\"https:\/\/desireonline.shop\/vi\/#\/schema\/logo\/image\/\"}}]}<\/script>\n<!-- \/ Yoast SEO plugin. -->","yoast_head_json":{"title":"T\u00fai L\u01b0u Tr\u1eef K\u00edn \u0110\u00e1o 18 cm - Desire","robots":{"index":"index","follow":"follow","max-snippet":"max-snippet:-1","max-image-preview":"max-image-preview:large","max-video-preview":"max-video-preview:-1"},"canonical":"https:\/\/desireonline.shop\/vi\/san-pham\/tui-luu-tru-kin-dao-18-cm\/","og_locale":"vi_VN","og_type":"article","og_title":"T\u00fai L\u01b0u Tr\u1eef K\u00edn \u0110\u00e1o 18 cm - Desire","og_description":"T\u00fai ri\u00eang t\u01b0 n\u00e0y \u0111\u01b0\u1ee3c thi\u1ebft k\u1ebf \u0111\u1ec3 gi\u1eef m\u1ecdi v\u1eadt d\u1ee5ng k\u00edn \u0111\u00e1o v\u00e0 g\u1ecdn g\u00e0ng khi l\u01b0u tr\u1eef ho\u1eb7c mang theo c\u00e1c v\u1eadt d\u1ee5ng c\u00e1 nh\u00e2n. Ch\u1ea5t li\u1ec7u&hellip;","og_url":"https:\/\/desireonline.shop\/vi\/san-pham\/tui-luu-tru-kin-dao-18-cm\/","og_site_name":"Desire","article_modified_time":"2026-03-10T05:37:11+00:00","og_image":[{"width":1000,"height":1000,"url":"https:\/\/desireonline.shop\/wp-content\/uploads\/2026\/02\/CN-423600492_00.jpg","type":"image\/jpeg"}],"twitter_card":"summary_large_image","twitter_misc":{"\u01af\u1edbc t\u00ednh th\u1eddi gian \u0111\u1ecdc":"1 ph\u00fat"},"schema":{"@context":"https:\/\/schema.org","@graph":[{"@type":"WebPage","@id":"https:\/\/desireonline.shop\/vi\/san-pham\/tui-luu-tru-kin-dao-18-cm\/","url":"https:\/\/desireonline.shop\/vi\/san-pham\/tui-luu-tru-kin-dao-18-cm\/","name":"T\u00fai L\u01b0u Tr\u1eef K\u00edn \u0110\u00e1o 18 cm - Desire","isPartOf":{"@id":"https:\/\/desireonline.shop\/vi\/#website"},"primaryImageOfPage":{"@id":"https:\/\/desireonline.shop\/vi\/san-pham\/tui-luu-tru-kin-dao-18-cm\/#primaryimage"},"image":{"@id":"https:\/\/desireonline.shop\/vi\/san-pham\/tui-luu-tru-kin-dao-18-cm\/#primaryimage"},"thumbnailUrl":"https:\/\/desireonline.shop\/wp-content\/uploads\/2026\/02\/CN-423600492_00.jpg","datePublished":"2026-02-16T12:00:00+00:00","dateModified":"2026-03-10T05:37:11+00:00","breadcrumb":{"@id":"https:\/\/desireonline.shop\/vi\/san-pham\/tui-luu-tru-kin-dao-18-cm\/#breadcrumb"},"inLanguage":"vi","potentialAction":[{"@type":"ReadAction","target":["https:\/\/desireonline.shop\/vi\/san-pham\/tui-luu-tru-kin-dao-18-cm\/"]}]},{"@type":"ImageObject","inLanguage":"vi","@id":"https:\/\/desireonline.shop\/vi\/san-pham\/tui-luu-tru-kin-dao-18-cm\/#primaryimage","url":"https:\/\/desireonline.shop\/wp-content\/uploads\/2026\/02\/CN-423600492_00.jpg","contentUrl":"https:\/\/desireonline.shop\/wp-content\/uploads\/2026\/02\/CN-423600492_00.jpg","width":1000,"height":1000},{"@type":"BreadcrumbList","@id":"https:\/\/desireonline.shop\/vi\/san-pham\/tui-luu-tru-kin-dao-18-cm\/#breadcrumb","itemListElement":[{"@type":"ListItem","position":1,"name":"Home","item":"https:\/\/desireonline.shop\/vi\/trang-chu\/?lang=vi"},{"@type":"ListItem","position":2,"name":"T\u1ea5t c\u1ea3 s\u1ea3n ph\u1ea9m","item":"https:\/\/desireonline.shop\/cua-hang\/?lang=vi"},{"@type":"ListItem","position":3,"name":"T\u00fai L\u01b0u Tr\u1eef K\u00edn \u0110\u00e1o 18 cm"}]},{"@type":"WebSite","@id":"https:\/\/desireonline.shop\/vi\/#website","url":"https:\/\/desireonline.shop\/vi\/","name":"Desire","description":"Sexual Wellness Platform","publisher":{"@id":"https:\/\/desireonline.shop\/vi\/#organization"},"potentialAction":[{"@type":"SearchAction","target":{"@type":"EntryPoint","urlTemplate":"https:\/\/desireonline.shop\/vi\/?s={search_term_string}"},"query-input":{"@type":"PropertyValueSpecification","valueRequired":true,"valueName":"search_term_string"}}],"inLanguage":"vi"},{"@type":"Organization","@id":"https:\/\/desireonline.shop\/vi\/#organization","name":"Desire","url":"https:\/\/desireonline.shop\/vi\/","logo":{"@type":"ImageObject","inLanguage":"vi","@id":"https:\/\/desireonline.shop\/vi\/#\/schema\/logo\/image\/","url":"https:\/\/desireonline.shop\/wp-content\/uploads\/2024\/06\/Logo-Thick-Font-1.webp","contentUrl":"https:\/\/desireonline.shop\/wp-content\/uploads\/2024\/06\/Logo-Thick-Font-1.webp","width":268,"height":399,"caption":"Desire"},"image":{"@id":"https:\/\/desireonline.shop\/vi\/#\/schema\/logo\/image\/"}}]}},"_links":{"self":[{"href":"https:\/\/desireonline.shop\/vi\/wp-json\/wp\/v2\/product\/65558","targetHints":{"allow":["GET"]}}],"collection":[{"href":"https:\/\/desireonline.shop\/vi\/wp-json\/wp\/v2\/product"}],"about":[{"href":"https:\/\/desireonline.shop\/vi\/wp-json\/wp\/v2\/types\/product"}],"replies":[{"embeddable":true,"href":"https:\/\/desireonline.shop\/vi\/wp-json\/wp\/v2\/comments?post=65558"}],"version-history":[{"count":0,"href":"https:\/\/desireonline.shop\/vi\/wp-json\/wp\/v2\/product\/65558\/revisions"}],"wp:featuredmedia":[{"embeddable":true,"href":"https:\/\/desireonline.shop\/vi\/wp-json\/wp\/v2\/media\/63464"}],"wp:attachment":[{"href":"https:\/\/desireonline.shop\/vi\/wp-json\/wp\/v2\/media?parent=65558"}],"wp:term":[{"taxonomy":"product_brand","embeddable":true,"href":"https:\/\/desireonline.shop\/vi\/wp-json\/wp\/v2\/product_brand?post=65558"},{"taxonomy":"product_cat","embeddable":true,"href":"https:\/\/desireonline.shop\/vi\/wp-json\/wp\/v2\/product_cat?post=65558"},{"taxonomy":"product_tag","embeddable":true,"href":"https:\/\/desireonline.shop\/vi\/wp-json\/wp\/v2\/product_tag?post=65558"}],"curies":[{"name":"wp","href":"https:\/\/api.w.org\/{rel}","templated":true}]}}