{"id":65594,"date":"2026-02-17T11:10:16","date_gmt":"2026-02-17T11:10:16","guid":{"rendered":"https:\/\/desireonline.shop\/product\/cosy-am-dao-gia-nam-alpha-pleasure-pocket\/"},"modified":"2026-03-10T05:36:55","modified_gmt":"2026-03-10T05:36:55","slug":"cosy-am-dao-gia-nam-alpha-pleasure-pocket","status":"publish","type":"product","link":"https:\/\/desireonline.shop\/vi\/san-pham\/cosy-am-dao-gia-nam-alpha-pleasure-pocket\/","title":{"rendered":"COSY \u00c2m \u0110\u1ea1o Gi\u1ea3 Nam Alpha Pleasure Pocket"},"content":{"rendered":"<p>\u0110\u01b0\u1ee3c thi\u1ebft k\u1ebf cho kho\u00e1i c\u1ea3m t\u1eadp trung v\u00e0 tho\u1ea3i m\u00e1i, \u00e2m \u0111\u1ea1o gi\u1ea3 nam nh\u1ecf g\u1ecdn n\u00e0y c\u00f3 c\u1ea5u tr\u00fac b\u00ean trong m\u1ec1m m\u1ea1i mang l\u1ea1i c\u1ea3m gi\u00e1c m\u01b0\u1ee3t m\u00e0 v\u00e0 ch\u00e2n th\u1ef1c. Thi\u1ebft k\u1ebf k\u00edch th\u01b0\u1edbc b\u1ecf t\u00fai gi\u00fap s\u1ea3n ph\u1ea9m d\u1ec5 d\u00e0ng s\u1eed d\u1ee5ng m\u1ed9t c\u00e1ch k\u00edn \u0111\u00e1o trong khi v\u1eabn gi\u1eef s\u1ef1 ki\u1ec3m so\u00e1t ho\u00e0n to\u00e0n trong tr\u1ea3i nghi\u1ec7m.<\/p>\n<p>Ph\u00f9 h\u1ee3p cho vi\u1ec7c luy\u1ec7n t\u1eadp s\u1ee9c b\u1ec1n v\u00e0 kh\u1ea3 n\u0103ng ki\u1ec3m so\u00e1t, s\u1ea3n ph\u1ea9m cho ph\u00e9p b\u1ea1n ch\u1eadm l\u1ea1i v\u00e0 x\u00e2y d\u1ef1ng c\u1ea3m gi\u00e1c m\u1ed9t c\u00e1ch d\u1ea7n d\u1ea7n. \u0110\u01b0\u1ee3c l\u00e0m t\u1eeb v\u1eadt li\u1ec7u kh\u00f4ng ch\u1ee9a phthalates v\u00e0 kh\u00f4ng ch\u1ee9a latex, \u0111\u00e2y l\u00e0 l\u1ef1a ch\u1ecdn \u0111\u00e1ng tin c\u1eady v\u00e0 an t\u00e2m cho nh\u1eefng kho\u1ea3nh kh\u1eafc th\u01b0 gi\u00e3n c\u00e1 nh\u00e2n.<\/p>\n","protected":false},"excerpt":{"rendered":"<p>\u0110\u01b0\u1ee3c thi\u1ebft k\u1ebf cho kho\u00e1i c\u1ea3m t\u1eadp trung v\u00e0 tho\u1ea3i m\u00e1i, \u00e2m \u0111\u1ea1o gi\u1ea3 nam nh\u1ecf g\u1ecdn n\u00e0y c\u00f3 c\u1ea5u tr\u00fac b\u00ean trong m\u1ec1m m\u1ea1i mang l\u1ea1i c\u1ea3m gi\u00e1c m\u01b0\u1ee3t&hellip;<\/p>\n","protected":false},"featured_media":63562,"comment_status":"open","ping_status":"closed","template":"","meta":{"_acf_changed":false},"product_brand":[],"product_cat":[1407],"product_tag":[],"class_list":{"0":"post-65594","1":"product","2":"type-product","3":"status-publish","4":"has-post-thumbnail","6":"product_cat-am-dao-gia-cho-nam","8":"first","9":"instock","10":"shipping-taxable","11":"purchasable","12":"product-type-variable"},"acf":[],"yoast_head":"<!-- This site is optimized with the Yoast SEO plugin v27.1.1 - https:\/\/yoast.com\/product\/yoast-seo-wordpress\/ -->\n<title>COSY \u00c2m \u0110\u1ea1o Gi\u1ea3 Nam Alpha Pleasure Pocket - Desire<\/title>\n<meta name=\"robots\" content=\"index, follow, max-snippet:-1, max-image-preview:large, max-video-preview:-1\" \/>\n<link rel=\"canonical\" href=\"https:\/\/desireonline.shop\/vi\/san-pham\/cosy-am-dao-gia-nam-alpha-pleasure-pocket\/\" \/>\n<meta property=\"og:locale\" content=\"vi_VN\" \/>\n<meta property=\"og:type\" content=\"article\" \/>\n<meta property=\"og:title\" content=\"COSY \u00c2m \u0110\u1ea1o Gi\u1ea3 Nam Alpha Pleasure Pocket - Desire\" \/>\n<meta property=\"og:description\" content=\"\u0110\u01b0\u1ee3c thi\u1ebft k\u1ebf cho kho\u00e1i c\u1ea3m t\u1eadp trung v\u00e0 tho\u1ea3i m\u00e1i, \u00e2m \u0111\u1ea1o gi\u1ea3 nam nh\u1ecf g\u1ecdn n\u00e0y c\u00f3 c\u1ea5u tr\u00fac b\u00ean trong m\u1ec1m m\u1ea1i mang l\u1ea1i c\u1ea3m gi\u00e1c m\u01b0\u1ee3t&hellip;\" \/>\n<meta property=\"og:url\" content=\"https:\/\/desireonline.shop\/vi\/san-pham\/cosy-am-dao-gia-nam-alpha-pleasure-pocket\/\" \/>\n<meta property=\"og:site_name\" content=\"Desire\" \/>\n<meta property=\"article:modified_time\" content=\"2026-03-10T05:36:55+00:00\" \/>\n<meta property=\"og:image\" content=\"https:\/\/desireonline.shop\/wp-content\/uploads\/2026\/02\/CN-920832760_00-3.jpg\" \/>\n\t<meta property=\"og:image:width\" content=\"1000\" \/>\n\t<meta property=\"og:image:height\" content=\"1000\" \/>\n\t<meta property=\"og:image:type\" content=\"image\/jpeg\" \/>\n<meta name=\"twitter:card\" content=\"summary_large_image\" \/>\n<meta name=\"twitter:label1\" content=\"\u01af\u1edbc t\u00ednh th\u1eddi gian \u0111\u1ecdc\" \/>\n\t<meta name=\"twitter:data1\" content=\"1 ph\u00fat\" \/>\n<script type=\"application\/ld+json\" class=\"yoast-schema-graph\">{\"@context\":\"https:\/\/schema.org\",\"@graph\":[{\"@type\":\"WebPage\",\"@id\":\"https:\/\/desireonline.shop\/vi\/san-pham\/cosy-am-dao-gia-nam-alpha-pleasure-pocket\/\",\"url\":\"https:\/\/desireonline.shop\/vi\/san-pham\/cosy-am-dao-gia-nam-alpha-pleasure-pocket\/\",\"name\":\"COSY \u00c2m \u0110\u1ea1o Gi\u1ea3 Nam Alpha Pleasure Pocket - Desire\",\"isPartOf\":{\"@id\":\"https:\/\/desireonline.shop\/vi\/#website\"},\"primaryImageOfPage\":{\"@id\":\"https:\/\/desireonline.shop\/vi\/san-pham\/cosy-am-dao-gia-nam-alpha-pleasure-pocket\/#primaryimage\"},\"image\":{\"@id\":\"https:\/\/desireonline.shop\/vi\/san-pham\/cosy-am-dao-gia-nam-alpha-pleasure-pocket\/#primaryimage\"},\"thumbnailUrl\":\"https:\/\/desireonline.shop\/wp-content\/uploads\/2026\/02\/CN-920832760_00-3.jpg\",\"datePublished\":\"2026-02-17T11:10:16+00:00\",\"dateModified\":\"2026-03-10T05:36:55+00:00\",\"breadcrumb\":{\"@id\":\"https:\/\/desireonline.shop\/vi\/san-pham\/cosy-am-dao-gia-nam-alpha-pleasure-pocket\/#breadcrumb\"},\"inLanguage\":\"vi\",\"potentialAction\":[{\"@type\":\"ReadAction\",\"target\":[\"https:\/\/desireonline.shop\/vi\/san-pham\/cosy-am-dao-gia-nam-alpha-pleasure-pocket\/\"]}]},{\"@type\":\"ImageObject\",\"inLanguage\":\"vi\",\"@id\":\"https:\/\/desireonline.shop\/vi\/san-pham\/cosy-am-dao-gia-nam-alpha-pleasure-pocket\/#primaryimage\",\"url\":\"https:\/\/desireonline.shop\/wp-content\/uploads\/2026\/02\/CN-920832760_00-3.jpg\",\"contentUrl\":\"https:\/\/desireonline.shop\/wp-content\/uploads\/2026\/02\/CN-920832760_00-3.jpg\",\"width\":1000,\"height\":1000},{\"@type\":\"BreadcrumbList\",\"@id\":\"https:\/\/desireonline.shop\/vi\/san-pham\/cosy-am-dao-gia-nam-alpha-pleasure-pocket\/#breadcrumb\",\"itemListElement\":[{\"@type\":\"ListItem\",\"position\":1,\"name\":\"Home\",\"item\":\"https:\/\/desireonline.shop\/vi\/trang-chu\/?lang=vi\"},{\"@type\":\"ListItem\",\"position\":2,\"name\":\"T\u1ea5t c\u1ea3 s\u1ea3n ph\u1ea9m\",\"item\":\"https:\/\/desireonline.shop\/cua-hang\/?lang=vi\"},{\"@type\":\"ListItem\",\"position\":3,\"name\":\"COSY \u00c2m \u0110\u1ea1o Gi\u1ea3 Nam Alpha Pleasure Pocket\"}]},{\"@type\":\"WebSite\",\"@id\":\"https:\/\/desireonline.shop\/vi\/#website\",\"url\":\"https:\/\/desireonline.shop\/vi\/\",\"name\":\"Desire\",\"description\":\"Sexual Wellness Platform\",\"publisher\":{\"@id\":\"https:\/\/desireonline.shop\/vi\/#organization\"},\"potentialAction\":[{\"@type\":\"SearchAction\",\"target\":{\"@type\":\"EntryPoint\",\"urlTemplate\":\"https:\/\/desireonline.shop\/vi\/?s={search_term_string}\"},\"query-input\":{\"@type\":\"PropertyValueSpecification\",\"valueRequired\":true,\"valueName\":\"search_term_string\"}}],\"inLanguage\":\"vi\"},{\"@type\":\"Organization\",\"@id\":\"https:\/\/desireonline.shop\/vi\/#organization\",\"name\":\"Desire\",\"url\":\"https:\/\/desireonline.shop\/vi\/\",\"logo\":{\"@type\":\"ImageObject\",\"inLanguage\":\"vi\",\"@id\":\"https:\/\/desireonline.shop\/vi\/#\/schema\/logo\/image\/\",\"url\":\"https:\/\/desireonline.shop\/wp-content\/uploads\/2024\/06\/Logo-Thick-Font-1.webp\",\"contentUrl\":\"https:\/\/desireonline.shop\/wp-content\/uploads\/2024\/06\/Logo-Thick-Font-1.webp\",\"width\":268,\"height\":399,\"caption\":\"Desire\"},\"image\":{\"@id\":\"https:\/\/desireonline.shop\/vi\/#\/schema\/logo\/image\/\"}}]}<\/script>\n<!-- \/ Yoast SEO plugin. -->","yoast_head_json":{"title":"COSY \u00c2m \u0110\u1ea1o Gi\u1ea3 Nam Alpha Pleasure Pocket - Desire","robots":{"index":"index","follow":"follow","max-snippet":"max-snippet:-1","max-image-preview":"max-image-preview:large","max-video-preview":"max-video-preview:-1"},"canonical":"https:\/\/desireonline.shop\/vi\/san-pham\/cosy-am-dao-gia-nam-alpha-pleasure-pocket\/","og_locale":"vi_VN","og_type":"article","og_title":"COSY \u00c2m \u0110\u1ea1o Gi\u1ea3 Nam Alpha Pleasure Pocket - Desire","og_description":"\u0110\u01b0\u1ee3c thi\u1ebft k\u1ebf cho kho\u00e1i c\u1ea3m t\u1eadp trung v\u00e0 tho\u1ea3i m\u00e1i, \u00e2m \u0111\u1ea1o gi\u1ea3 nam nh\u1ecf g\u1ecdn n\u00e0y c\u00f3 c\u1ea5u tr\u00fac b\u00ean trong m\u1ec1m m\u1ea1i mang l\u1ea1i c\u1ea3m gi\u00e1c m\u01b0\u1ee3t&hellip;","og_url":"https:\/\/desireonline.shop\/vi\/san-pham\/cosy-am-dao-gia-nam-alpha-pleasure-pocket\/","og_site_name":"Desire","article_modified_time":"2026-03-10T05:36:55+00:00","og_image":[{"width":1000,"height":1000,"url":"https:\/\/desireonline.shop\/wp-content\/uploads\/2026\/02\/CN-920832760_00-3.jpg","type":"image\/jpeg"}],"twitter_card":"summary_large_image","twitter_misc":{"\u01af\u1edbc t\u00ednh th\u1eddi gian \u0111\u1ecdc":"1 ph\u00fat"},"schema":{"@context":"https:\/\/schema.org","@graph":[{"@type":"WebPage","@id":"https:\/\/desireonline.shop\/vi\/san-pham\/cosy-am-dao-gia-nam-alpha-pleasure-pocket\/","url":"https:\/\/desireonline.shop\/vi\/san-pham\/cosy-am-dao-gia-nam-alpha-pleasure-pocket\/","name":"COSY \u00c2m \u0110\u1ea1o Gi\u1ea3 Nam Alpha Pleasure Pocket - Desire","isPartOf":{"@id":"https:\/\/desireonline.shop\/vi\/#website"},"primaryImageOfPage":{"@id":"https:\/\/desireonline.shop\/vi\/san-pham\/cosy-am-dao-gia-nam-alpha-pleasure-pocket\/#primaryimage"},"image":{"@id":"https:\/\/desireonline.shop\/vi\/san-pham\/cosy-am-dao-gia-nam-alpha-pleasure-pocket\/#primaryimage"},"thumbnailUrl":"https:\/\/desireonline.shop\/wp-content\/uploads\/2026\/02\/CN-920832760_00-3.jpg","datePublished":"2026-02-17T11:10:16+00:00","dateModified":"2026-03-10T05:36:55+00:00","breadcrumb":{"@id":"https:\/\/desireonline.shop\/vi\/san-pham\/cosy-am-dao-gia-nam-alpha-pleasure-pocket\/#breadcrumb"},"inLanguage":"vi","potentialAction":[{"@type":"ReadAction","target":["https:\/\/desireonline.shop\/vi\/san-pham\/cosy-am-dao-gia-nam-alpha-pleasure-pocket\/"]}]},{"@type":"ImageObject","inLanguage":"vi","@id":"https:\/\/desireonline.shop\/vi\/san-pham\/cosy-am-dao-gia-nam-alpha-pleasure-pocket\/#primaryimage","url":"https:\/\/desireonline.shop\/wp-content\/uploads\/2026\/02\/CN-920832760_00-3.jpg","contentUrl":"https:\/\/desireonline.shop\/wp-content\/uploads\/2026\/02\/CN-920832760_00-3.jpg","width":1000,"height":1000},{"@type":"BreadcrumbList","@id":"https:\/\/desireonline.shop\/vi\/san-pham\/cosy-am-dao-gia-nam-alpha-pleasure-pocket\/#breadcrumb","itemListElement":[{"@type":"ListItem","position":1,"name":"Home","item":"https:\/\/desireonline.shop\/vi\/trang-chu\/?lang=vi"},{"@type":"ListItem","position":2,"name":"T\u1ea5t c\u1ea3 s\u1ea3n ph\u1ea9m","item":"https:\/\/desireonline.shop\/cua-hang\/?lang=vi"},{"@type":"ListItem","position":3,"name":"COSY \u00c2m \u0110\u1ea1o Gi\u1ea3 Nam Alpha Pleasure Pocket"}]},{"@type":"WebSite","@id":"https:\/\/desireonline.shop\/vi\/#website","url":"https:\/\/desireonline.shop\/vi\/","name":"Desire","description":"Sexual Wellness Platform","publisher":{"@id":"https:\/\/desireonline.shop\/vi\/#organization"},"potentialAction":[{"@type":"SearchAction","target":{"@type":"EntryPoint","urlTemplate":"https:\/\/desireonline.shop\/vi\/?s={search_term_string}"},"query-input":{"@type":"PropertyValueSpecification","valueRequired":true,"valueName":"search_term_string"}}],"inLanguage":"vi"},{"@type":"Organization","@id":"https:\/\/desireonline.shop\/vi\/#organization","name":"Desire","url":"https:\/\/desireonline.shop\/vi\/","logo":{"@type":"ImageObject","inLanguage":"vi","@id":"https:\/\/desireonline.shop\/vi\/#\/schema\/logo\/image\/","url":"https:\/\/desireonline.shop\/wp-content\/uploads\/2024\/06\/Logo-Thick-Font-1.webp","contentUrl":"https:\/\/desireonline.shop\/wp-content\/uploads\/2024\/06\/Logo-Thick-Font-1.webp","width":268,"height":399,"caption":"Desire"},"image":{"@id":"https:\/\/desireonline.shop\/vi\/#\/schema\/logo\/image\/"}}]}},"_links":{"self":[{"href":"https:\/\/desireonline.shop\/vi\/wp-json\/wp\/v2\/product\/65594","targetHints":{"allow":["GET"]}}],"collection":[{"href":"https:\/\/desireonline.shop\/vi\/wp-json\/wp\/v2\/product"}],"about":[{"href":"https:\/\/desireonline.shop\/vi\/wp-json\/wp\/v2\/types\/product"}],"replies":[{"embeddable":true,"href":"https:\/\/desireonline.shop\/vi\/wp-json\/wp\/v2\/comments?post=65594"}],"version-history":[{"count":0,"href":"https:\/\/desireonline.shop\/vi\/wp-json\/wp\/v2\/product\/65594\/revisions"}],"wp:featuredmedia":[{"embeddable":true,"href":"https:\/\/desireonline.shop\/vi\/wp-json\/wp\/v2\/media\/63562"}],"wp:attachment":[{"href":"https:\/\/desireonline.shop\/vi\/wp-json\/wp\/v2\/media?parent=65594"}],"wp:term":[{"taxonomy":"product_brand","embeddable":true,"href":"https:\/\/desireonline.shop\/vi\/wp-json\/wp\/v2\/product_brand?post=65594"},{"taxonomy":"product_cat","embeddable":true,"href":"https:\/\/desireonline.shop\/vi\/wp-json\/wp\/v2\/product_cat?post=65594"},{"taxonomy":"product_tag","embeddable":true,"href":"https:\/\/desireonline.shop\/vi\/wp-json\/wp\/v2\/product_tag?post=65594"}],"curies":[{"name":"wp","href":"https:\/\/api.w.org\/{rel}","templated":true}]}}