{"id":65603,"date":"2026-02-17T11:11:04","date_gmt":"2026-02-17T11:11:04","guid":{"rendered":"https:\/\/desireonline.shop\/product\/sweet-breeze-candy-nut-hau-mon\/"},"modified":"2026-03-10T05:36:37","modified_gmt":"2026-03-10T05:36:37","slug":"sweet-breeze-candy-nut-hau-mon","status":"publish","type":"product","link":"https:\/\/desireonline.shop\/vi\/san-pham\/sweet-breeze-candy-nut-hau-mon\/","title":{"rendered":"Sweet Breeze Candy N\u00fat H\u1eadu M\u00f4n"},"content":{"rendered":"<p>\u0110\u01b0\u1ee3c thi\u1ebft k\u1ebf \u0111\u1ec3 mang l\u1ea1i c\u1ea3m gi\u00e1c m\u01b0\u1ee3t m\u00e0 v\u00e0 tho\u1ea3i m\u00e1i, n\u00fat h\u1eadu m\u00f4n n\u00e0y c\u00f3 l\u1edbp ho\u00e0n thi\u1ec7n m\u1ec1m m\u1ecbn nh\u01b0 satin gi\u00fap vi\u1ec7c \u0111\u01b0a v\u00e0o tr\u1edf n\u00ean d\u1ec5 d\u00e0ng v\u00e0 d\u1ec5 ch\u1ecbu khi s\u1eed d\u1ee5ng. H\u00ecnh d\u00e1ng thu\u00f4n g\u1ecdn gi\u00fap s\u1ea3n ph\u1ea9m ph\u00f9 h\u1ee3p cho vi\u1ec7c th\u01b0 gi\u00e3n ho\u1eb7c kh\u00e1m ph\u00e1 m\u1ed9t c\u00e1ch t\u1eeb t\u1eeb.<\/p>\n<p>V\u00f2ng c\u1ea7m ti\u1ec7n l\u1ee3i gi\u00fap vi\u1ec7c c\u1ea7m n\u1eafm v\u00e0 ki\u1ec3m so\u00e1t tr\u1edf n\u00ean d\u1ec5 d\u00e0ng h\u01a1n trong qu\u00e1 tr\u00ecnh s\u1eed d\u1ee5ng. M\u1ed9t l\u1ef1a ch\u1ecdn \u0111\u01a1n gi\u1ea3n v\u00e0 d\u1ec5 ti\u1ebfp c\u1eadn cho nh\u1eefng ai mu\u1ed1n t\u1eadn h\u01b0\u1edfng tr\u1ea3i nghi\u1ec7m h\u1eadu m\u00f4n tho\u1ea3i m\u00e1i v\u1edbi b\u1ec1 m\u1eb7t m\u1ec1m m\u1ea1i v\u00e0 m\u01b0\u1ee3t m\u00e0.<\/p>\n","protected":false},"excerpt":{"rendered":"<p>\u0110\u01b0\u1ee3c thi\u1ebft k\u1ebf \u0111\u1ec3 mang l\u1ea1i c\u1ea3m gi\u00e1c m\u01b0\u1ee3t m\u00e0 v\u00e0 tho\u1ea3i m\u00e1i, n\u00fat h\u1eadu m\u00f4n n\u00e0y c\u00f3 l\u1edbp ho\u00e0n thi\u1ec7n m\u1ec1m m\u1ecbn nh\u01b0 satin gi\u00fap vi\u1ec7c \u0111\u01b0a v\u00e0o tr\u1edf&hellip;<\/p>\n","protected":false},"featured_media":63580,"comment_status":"open","ping_status":"closed","template":"","meta":{"_acf_changed":false},"product_brand":[],"product_cat":[1416],"product_tag":[],"class_list":{"0":"post-65603","1":"product","2":"type-product","3":"status-publish","4":"has-post-thumbnail","6":"product_cat-nut-hau-mon","8":"first","9":"instock","10":"shipping-taxable","11":"purchasable","12":"product-type-variable"},"acf":[],"yoast_head":"<!-- This site is optimized with the Yoast SEO plugin v27.1.1 - https:\/\/yoast.com\/product\/yoast-seo-wordpress\/ -->\n<title>Sweet Breeze Candy N\u00fat H\u1eadu M\u00f4n - Desire<\/title>\n<meta name=\"robots\" content=\"index, follow, max-snippet:-1, max-image-preview:large, max-video-preview:-1\" \/>\n<link rel=\"canonical\" href=\"https:\/\/desireonline.shop\/vi\/san-pham\/sweet-breeze-candy-nut-hau-mon\/\" \/>\n<meta property=\"og:locale\" content=\"vi_VN\" \/>\n<meta property=\"og:type\" content=\"article\" \/>\n<meta property=\"og:title\" content=\"Sweet Breeze Candy N\u00fat H\u1eadu M\u00f4n - Desire\" \/>\n<meta property=\"og:description\" content=\"\u0110\u01b0\u1ee3c thi\u1ebft k\u1ebf \u0111\u1ec3 mang l\u1ea1i c\u1ea3m gi\u00e1c m\u01b0\u1ee3t m\u00e0 v\u00e0 tho\u1ea3i m\u00e1i, n\u00fat h\u1eadu m\u00f4n n\u00e0y c\u00f3 l\u1edbp ho\u00e0n thi\u1ec7n m\u1ec1m m\u1ecbn nh\u01b0 satin gi\u00fap vi\u1ec7c \u0111\u01b0a v\u00e0o tr\u1edf&hellip;\" \/>\n<meta property=\"og:url\" content=\"https:\/\/desireonline.shop\/vi\/san-pham\/sweet-breeze-candy-nut-hau-mon\/\" \/>\n<meta property=\"og:site_name\" content=\"Desire\" \/>\n<meta property=\"article:modified_time\" content=\"2026-03-10T05:36:37+00:00\" \/>\n<meta property=\"og:image\" content=\"https:\/\/desireonline.shop\/wp-content\/uploads\/2026\/02\/CN-101463545_00-3.jpg\" \/>\n\t<meta property=\"og:image:width\" content=\"1000\" \/>\n\t<meta property=\"og:image:height\" content=\"1000\" \/>\n\t<meta property=\"og:image:type\" content=\"image\/jpeg\" \/>\n<meta name=\"twitter:card\" content=\"summary_large_image\" \/>\n<meta name=\"twitter:label1\" content=\"\u01af\u1edbc t\u00ednh th\u1eddi gian \u0111\u1ecdc\" \/>\n\t<meta name=\"twitter:data1\" content=\"1 ph\u00fat\" \/>\n<script type=\"application\/ld+json\" class=\"yoast-schema-graph\">{\"@context\":\"https:\/\/schema.org\",\"@graph\":[{\"@type\":\"WebPage\",\"@id\":\"https:\/\/desireonline.shop\/vi\/san-pham\/sweet-breeze-candy-nut-hau-mon\/\",\"url\":\"https:\/\/desireonline.shop\/vi\/san-pham\/sweet-breeze-candy-nut-hau-mon\/\",\"name\":\"Sweet Breeze Candy N\u00fat H\u1eadu M\u00f4n - Desire\",\"isPartOf\":{\"@id\":\"https:\/\/desireonline.shop\/vi\/#website\"},\"primaryImageOfPage\":{\"@id\":\"https:\/\/desireonline.shop\/vi\/san-pham\/sweet-breeze-candy-nut-hau-mon\/#primaryimage\"},\"image\":{\"@id\":\"https:\/\/desireonline.shop\/vi\/san-pham\/sweet-breeze-candy-nut-hau-mon\/#primaryimage\"},\"thumbnailUrl\":\"https:\/\/desireonline.shop\/wp-content\/uploads\/2026\/02\/CN-101463545_00-3.jpg\",\"datePublished\":\"2026-02-17T11:11:04+00:00\",\"dateModified\":\"2026-03-10T05:36:37+00:00\",\"breadcrumb\":{\"@id\":\"https:\/\/desireonline.shop\/vi\/san-pham\/sweet-breeze-candy-nut-hau-mon\/#breadcrumb\"},\"inLanguage\":\"vi\",\"potentialAction\":[{\"@type\":\"ReadAction\",\"target\":[\"https:\/\/desireonline.shop\/vi\/san-pham\/sweet-breeze-candy-nut-hau-mon\/\"]}]},{\"@type\":\"ImageObject\",\"inLanguage\":\"vi\",\"@id\":\"https:\/\/desireonline.shop\/vi\/san-pham\/sweet-breeze-candy-nut-hau-mon\/#primaryimage\",\"url\":\"https:\/\/desireonline.shop\/wp-content\/uploads\/2026\/02\/CN-101463545_00-3.jpg\",\"contentUrl\":\"https:\/\/desireonline.shop\/wp-content\/uploads\/2026\/02\/CN-101463545_00-3.jpg\",\"width\":1000,\"height\":1000},{\"@type\":\"BreadcrumbList\",\"@id\":\"https:\/\/desireonline.shop\/vi\/san-pham\/sweet-breeze-candy-nut-hau-mon\/#breadcrumb\",\"itemListElement\":[{\"@type\":\"ListItem\",\"position\":1,\"name\":\"Home\",\"item\":\"https:\/\/desireonline.shop\/vi\/trang-chu\/?lang=vi\"},{\"@type\":\"ListItem\",\"position\":2,\"name\":\"T\u1ea5t c\u1ea3 s\u1ea3n ph\u1ea9m\",\"item\":\"https:\/\/desireonline.shop\/cua-hang\/?lang=vi\"},{\"@type\":\"ListItem\",\"position\":3,\"name\":\"Sweet Breeze Candy N\u00fat H\u1eadu M\u00f4n\"}]},{\"@type\":\"WebSite\",\"@id\":\"https:\/\/desireonline.shop\/vi\/#website\",\"url\":\"https:\/\/desireonline.shop\/vi\/\",\"name\":\"Desire\",\"description\":\"Sexual Wellness Platform\",\"publisher\":{\"@id\":\"https:\/\/desireonline.shop\/vi\/#organization\"},\"potentialAction\":[{\"@type\":\"SearchAction\",\"target\":{\"@type\":\"EntryPoint\",\"urlTemplate\":\"https:\/\/desireonline.shop\/vi\/?s={search_term_string}\"},\"query-input\":{\"@type\":\"PropertyValueSpecification\",\"valueRequired\":true,\"valueName\":\"search_term_string\"}}],\"inLanguage\":\"vi\"},{\"@type\":\"Organization\",\"@id\":\"https:\/\/desireonline.shop\/vi\/#organization\",\"name\":\"Desire\",\"url\":\"https:\/\/desireonline.shop\/vi\/\",\"logo\":{\"@type\":\"ImageObject\",\"inLanguage\":\"vi\",\"@id\":\"https:\/\/desireonline.shop\/vi\/#\/schema\/logo\/image\/\",\"url\":\"https:\/\/desireonline.shop\/wp-content\/uploads\/2024\/06\/Logo-Thick-Font-1.webp\",\"contentUrl\":\"https:\/\/desireonline.shop\/wp-content\/uploads\/2024\/06\/Logo-Thick-Font-1.webp\",\"width\":268,\"height\":399,\"caption\":\"Desire\"},\"image\":{\"@id\":\"https:\/\/desireonline.shop\/vi\/#\/schema\/logo\/image\/\"}}]}<\/script>\n<!-- \/ Yoast SEO plugin. -->","yoast_head_json":{"title":"Sweet Breeze Candy N\u00fat H\u1eadu M\u00f4n - Desire","robots":{"index":"index","follow":"follow","max-snippet":"max-snippet:-1","max-image-preview":"max-image-preview:large","max-video-preview":"max-video-preview:-1"},"canonical":"https:\/\/desireonline.shop\/vi\/san-pham\/sweet-breeze-candy-nut-hau-mon\/","og_locale":"vi_VN","og_type":"article","og_title":"Sweet Breeze Candy N\u00fat H\u1eadu M\u00f4n - Desire","og_description":"\u0110\u01b0\u1ee3c thi\u1ebft k\u1ebf \u0111\u1ec3 mang l\u1ea1i c\u1ea3m gi\u00e1c m\u01b0\u1ee3t m\u00e0 v\u00e0 tho\u1ea3i m\u00e1i, n\u00fat h\u1eadu m\u00f4n n\u00e0y c\u00f3 l\u1edbp ho\u00e0n thi\u1ec7n m\u1ec1m m\u1ecbn nh\u01b0 satin gi\u00fap vi\u1ec7c \u0111\u01b0a v\u00e0o tr\u1edf&hellip;","og_url":"https:\/\/desireonline.shop\/vi\/san-pham\/sweet-breeze-candy-nut-hau-mon\/","og_site_name":"Desire","article_modified_time":"2026-03-10T05:36:37+00:00","og_image":[{"width":1000,"height":1000,"url":"https:\/\/desireonline.shop\/wp-content\/uploads\/2026\/02\/CN-101463545_00-3.jpg","type":"image\/jpeg"}],"twitter_card":"summary_large_image","twitter_misc":{"\u01af\u1edbc t\u00ednh th\u1eddi gian \u0111\u1ecdc":"1 ph\u00fat"},"schema":{"@context":"https:\/\/schema.org","@graph":[{"@type":"WebPage","@id":"https:\/\/desireonline.shop\/vi\/san-pham\/sweet-breeze-candy-nut-hau-mon\/","url":"https:\/\/desireonline.shop\/vi\/san-pham\/sweet-breeze-candy-nut-hau-mon\/","name":"Sweet Breeze Candy N\u00fat H\u1eadu M\u00f4n - Desire","isPartOf":{"@id":"https:\/\/desireonline.shop\/vi\/#website"},"primaryImageOfPage":{"@id":"https:\/\/desireonline.shop\/vi\/san-pham\/sweet-breeze-candy-nut-hau-mon\/#primaryimage"},"image":{"@id":"https:\/\/desireonline.shop\/vi\/san-pham\/sweet-breeze-candy-nut-hau-mon\/#primaryimage"},"thumbnailUrl":"https:\/\/desireonline.shop\/wp-content\/uploads\/2026\/02\/CN-101463545_00-3.jpg","datePublished":"2026-02-17T11:11:04+00:00","dateModified":"2026-03-10T05:36:37+00:00","breadcrumb":{"@id":"https:\/\/desireonline.shop\/vi\/san-pham\/sweet-breeze-candy-nut-hau-mon\/#breadcrumb"},"inLanguage":"vi","potentialAction":[{"@type":"ReadAction","target":["https:\/\/desireonline.shop\/vi\/san-pham\/sweet-breeze-candy-nut-hau-mon\/"]}]},{"@type":"ImageObject","inLanguage":"vi","@id":"https:\/\/desireonline.shop\/vi\/san-pham\/sweet-breeze-candy-nut-hau-mon\/#primaryimage","url":"https:\/\/desireonline.shop\/wp-content\/uploads\/2026\/02\/CN-101463545_00-3.jpg","contentUrl":"https:\/\/desireonline.shop\/wp-content\/uploads\/2026\/02\/CN-101463545_00-3.jpg","width":1000,"height":1000},{"@type":"BreadcrumbList","@id":"https:\/\/desireonline.shop\/vi\/san-pham\/sweet-breeze-candy-nut-hau-mon\/#breadcrumb","itemListElement":[{"@type":"ListItem","position":1,"name":"Home","item":"https:\/\/desireonline.shop\/vi\/trang-chu\/?lang=vi"},{"@type":"ListItem","position":2,"name":"T\u1ea5t c\u1ea3 s\u1ea3n ph\u1ea9m","item":"https:\/\/desireonline.shop\/cua-hang\/?lang=vi"},{"@type":"ListItem","position":3,"name":"Sweet Breeze Candy N\u00fat H\u1eadu M\u00f4n"}]},{"@type":"WebSite","@id":"https:\/\/desireonline.shop\/vi\/#website","url":"https:\/\/desireonline.shop\/vi\/","name":"Desire","description":"Sexual Wellness Platform","publisher":{"@id":"https:\/\/desireonline.shop\/vi\/#organization"},"potentialAction":[{"@type":"SearchAction","target":{"@type":"EntryPoint","urlTemplate":"https:\/\/desireonline.shop\/vi\/?s={search_term_string}"},"query-input":{"@type":"PropertyValueSpecification","valueRequired":true,"valueName":"search_term_string"}}],"inLanguage":"vi"},{"@type":"Organization","@id":"https:\/\/desireonline.shop\/vi\/#organization","name":"Desire","url":"https:\/\/desireonline.shop\/vi\/","logo":{"@type":"ImageObject","inLanguage":"vi","@id":"https:\/\/desireonline.shop\/vi\/#\/schema\/logo\/image\/","url":"https:\/\/desireonline.shop\/wp-content\/uploads\/2024\/06\/Logo-Thick-Font-1.webp","contentUrl":"https:\/\/desireonline.shop\/wp-content\/uploads\/2024\/06\/Logo-Thick-Font-1.webp","width":268,"height":399,"caption":"Desire"},"image":{"@id":"https:\/\/desireonline.shop\/vi\/#\/schema\/logo\/image\/"}}]}},"_links":{"self":[{"href":"https:\/\/desireonline.shop\/vi\/wp-json\/wp\/v2\/product\/65603","targetHints":{"allow":["GET"]}}],"collection":[{"href":"https:\/\/desireonline.shop\/vi\/wp-json\/wp\/v2\/product"}],"about":[{"href":"https:\/\/desireonline.shop\/vi\/wp-json\/wp\/v2\/types\/product"}],"replies":[{"embeddable":true,"href":"https:\/\/desireonline.shop\/vi\/wp-json\/wp\/v2\/comments?post=65603"}],"version-history":[{"count":0,"href":"https:\/\/desireonline.shop\/vi\/wp-json\/wp\/v2\/product\/65603\/revisions"}],"wp:featuredmedia":[{"embeddable":true,"href":"https:\/\/desireonline.shop\/vi\/wp-json\/wp\/v2\/media\/63580"}],"wp:attachment":[{"href":"https:\/\/desireonline.shop\/vi\/wp-json\/wp\/v2\/media?parent=65603"}],"wp:term":[{"taxonomy":"product_brand","embeddable":true,"href":"https:\/\/desireonline.shop\/vi\/wp-json\/wp\/v2\/product_brand?post=65603"},{"taxonomy":"product_cat","embeddable":true,"href":"https:\/\/desireonline.shop\/vi\/wp-json\/wp\/v2\/product_cat?post=65603"},{"taxonomy":"product_tag","embeddable":true,"href":"https:\/\/desireonline.shop\/vi\/wp-json\/wp\/v2\/product_tag?post=65603"}],"curies":[{"name":"wp","href":"https:\/\/api.w.org\/{rel}","templated":true}]}}