{"id":65618,"date":"2026-02-17T11:11:52","date_gmt":"2026-02-17T11:11:52","guid":{"rendered":"https:\/\/desireonline.shop\/product\/sweet-breeze-may-rung-diem-g-am-vat-raised-grain-goddess-pink\/"},"modified":"2026-03-10T05:45:54","modified_gmt":"2026-03-10T05:45:54","slug":"sweet-breeze-may-rung-diem-g-am-vat-raised-grain-goddess-pink","status":"publish","type":"product","link":"https:\/\/desireonline.shop\/vi\/san-pham\/sweet-breeze-may-rung-diem-g-am-vat-raised-grain-goddess-pink\/","title":{"rendered":"Sweet Breeze M\u00e1y Rung \u0110i\u1ec3m G &amp; \u00c2m V\u1eadt Raised Grain Goddess \u2013 Pink"},"content":{"rendered":"<p>\u0110\u01b0\u1ee3c thi\u1ebft k\u1ebf \u0111\u1ec3 mang l\u1ea1i kho\u00e1i c\u1ea3m k\u1ebft h\u1ee3p, m\u00e1y rung hai \u0111i\u1ec3m n\u00e0y k\u00edch th\u00edch \u0111\u1ed3ng th\u1eddi c\u1ea3 \u0111i\u1ec3m G v\u00e0 \u00e2m v\u1eadt. H\u00ecnh d\u00e1ng cong m\u01b0\u1ee3t \u00f4m theo c\u01a1 th\u1ec3, gi\u00fap c\u1ea3m gi\u00e1c t\u1eadp trung v\u00e0 d\u1ec5 ch\u1ecbu h\u01a1n trong qu\u00e1 tr\u00ecnh s\u1eed d\u1ee5ng.<\/p>\n<p>V\u1edbi b\u1ea3y ch\u1ebf \u0111\u1ed9 rung kh\u00e1c nhau, b\u1ea1n c\u00f3 th\u1ec3 d\u1ec5 d\u00e0ng chuy\u1ec3n t\u1eeb k\u00edch th\u00edch nh\u1eb9 nh\u00e0ng \u0111\u1ebfn c\u01b0\u1eddng \u0111\u1ed9 m\u1ea1nh h\u01a1n. Ch\u1ed1ng n\u01b0\u1edbc v\u00e0 d\u1ec5 v\u1ec7 sinh, \u0111\u00e2y l\u00e0 l\u1ef1a ch\u1ecdn linh ho\u1ea1t cho nh\u1eefng kho\u1ea3nh kh\u1eafc th\u01b0 gi\u00e3n c\u00e1 nh\u00e2n v\u00e0 nh\u1eefng tr\u1ea3i nghi\u1ec7m kh\u00e1m ph\u00e1 \u0111\u1ea7y kho\u00e1i c\u1ea3m.<\/p>\n","protected":false},"excerpt":{"rendered":"<p>\u0110\u01b0\u1ee3c thi\u1ebft k\u1ebf \u0111\u1ec3 mang l\u1ea1i kho\u00e1i c\u1ea3m k\u1ebft h\u1ee3p, m\u00e1y rung hai \u0111i\u1ec3m n\u00e0y k\u00edch th\u00edch \u0111\u1ed3ng th\u1eddi c\u1ea3 \u0111i\u1ec3m G v\u00e0 \u00e2m v\u1eadt. H\u00ecnh d\u00e1ng cong m\u01b0\u1ee3t \u00f4m&hellip;<\/p>\n","protected":false},"featured_media":63633,"comment_status":"open","ping_status":"closed","template":"","meta":{"_acf_changed":false},"product_brand":[],"product_cat":[1436,1435],"product_tag":[],"class_list":{"0":"post-65618","1":"product","2":"type-product","3":"status-publish","4":"has-post-thumbnail","6":"product_cat-may-rung-diem-g","7":"product_cat-may-rung-kich-thich-ngoai","9":"first","10":"instock","11":"shipping-taxable","12":"purchasable","13":"product-type-variable"},"acf":[],"yoast_head":"<!-- This site is optimized with the Yoast SEO plugin v27.1.1 - https:\/\/yoast.com\/product\/yoast-seo-wordpress\/ -->\n<title>Sweet Breeze M\u00e1y Rung \u0110i\u1ec3m G &amp; \u00c2m V\u1eadt Raised Grain Goddess \u2013 Pink - Desire<\/title>\n<meta name=\"robots\" content=\"index, follow, max-snippet:-1, max-image-preview:large, max-video-preview:-1\" \/>\n<link rel=\"canonical\" href=\"https:\/\/desireonline.shop\/vi\/san-pham\/sweet-breeze-may-rung-diem-g-am-vat-raised-grain-goddess-pink\/\" \/>\n<meta property=\"og:locale\" content=\"vi_VN\" \/>\n<meta property=\"og:type\" content=\"article\" \/>\n<meta property=\"og:title\" content=\"Sweet Breeze M\u00e1y Rung \u0110i\u1ec3m G &amp; \u00c2m V\u1eadt Raised Grain Goddess \u2013 Pink - Desire\" \/>\n<meta property=\"og:description\" content=\"\u0110\u01b0\u1ee3c thi\u1ebft k\u1ebf \u0111\u1ec3 mang l\u1ea1i kho\u00e1i c\u1ea3m k\u1ebft h\u1ee3p, m\u00e1y rung hai \u0111i\u1ec3m n\u00e0y k\u00edch th\u00edch \u0111\u1ed3ng th\u1eddi c\u1ea3 \u0111i\u1ec3m G v\u00e0 \u00e2m v\u1eadt. H\u00ecnh d\u00e1ng cong m\u01b0\u1ee3t \u00f4m&hellip;\" \/>\n<meta property=\"og:url\" content=\"https:\/\/desireonline.shop\/vi\/san-pham\/sweet-breeze-may-rung-diem-g-am-vat-raised-grain-goddess-pink\/\" \/>\n<meta property=\"og:site_name\" content=\"Desire\" \/>\n<meta property=\"article:modified_time\" content=\"2026-03-10T05:45:54+00:00\" \/>\n<meta property=\"og:image\" content=\"https:\/\/desireonline.shop\/wp-content\/uploads\/2026\/02\/CN-160773116_00-3.jpg\" \/>\n\t<meta property=\"og:image:width\" content=\"2500\" \/>\n\t<meta property=\"og:image:height\" content=\"2500\" \/>\n\t<meta property=\"og:image:type\" content=\"image\/jpeg\" \/>\n<meta name=\"twitter:card\" content=\"summary_large_image\" \/>\n<meta name=\"twitter:label1\" content=\"\u01af\u1edbc t\u00ednh th\u1eddi gian \u0111\u1ecdc\" \/>\n\t<meta name=\"twitter:data1\" content=\"1 ph\u00fat\" \/>\n<script type=\"application\/ld+json\" class=\"yoast-schema-graph\">{\"@context\":\"https:\/\/schema.org\",\"@graph\":[{\"@type\":\"WebPage\",\"@id\":\"https:\/\/desireonline.shop\/vi\/san-pham\/sweet-breeze-may-rung-diem-g-am-vat-raised-grain-goddess-pink\/\",\"url\":\"https:\/\/desireonline.shop\/vi\/san-pham\/sweet-breeze-may-rung-diem-g-am-vat-raised-grain-goddess-pink\/\",\"name\":\"Sweet Breeze M\u00e1y Rung \u0110i\u1ec3m G &amp; \u00c2m V\u1eadt Raised Grain Goddess \u2013 Pink - Desire\",\"isPartOf\":{\"@id\":\"https:\/\/desireonline.shop\/vi\/#website\"},\"primaryImageOfPage\":{\"@id\":\"https:\/\/desireonline.shop\/vi\/san-pham\/sweet-breeze-may-rung-diem-g-am-vat-raised-grain-goddess-pink\/#primaryimage\"},\"image\":{\"@id\":\"https:\/\/desireonline.shop\/vi\/san-pham\/sweet-breeze-may-rung-diem-g-am-vat-raised-grain-goddess-pink\/#primaryimage\"},\"thumbnailUrl\":\"https:\/\/desireonline.shop\/wp-content\/uploads\/2026\/02\/CN-160773116_00-3.jpg\",\"datePublished\":\"2026-02-17T11:11:52+00:00\",\"dateModified\":\"2026-03-10T05:45:54+00:00\",\"breadcrumb\":{\"@id\":\"https:\/\/desireonline.shop\/vi\/san-pham\/sweet-breeze-may-rung-diem-g-am-vat-raised-grain-goddess-pink\/#breadcrumb\"},\"inLanguage\":\"vi\",\"potentialAction\":[{\"@type\":\"ReadAction\",\"target\":[\"https:\/\/desireonline.shop\/vi\/san-pham\/sweet-breeze-may-rung-diem-g-am-vat-raised-grain-goddess-pink\/\"]}]},{\"@type\":\"ImageObject\",\"inLanguage\":\"vi\",\"@id\":\"https:\/\/desireonline.shop\/vi\/san-pham\/sweet-breeze-may-rung-diem-g-am-vat-raised-grain-goddess-pink\/#primaryimage\",\"url\":\"https:\/\/desireonline.shop\/wp-content\/uploads\/2026\/02\/CN-160773116_00-3.jpg\",\"contentUrl\":\"https:\/\/desireonline.shop\/wp-content\/uploads\/2026\/02\/CN-160773116_00-3.jpg\",\"width\":2500,\"height\":2500},{\"@type\":\"BreadcrumbList\",\"@id\":\"https:\/\/desireonline.shop\/vi\/san-pham\/sweet-breeze-may-rung-diem-g-am-vat-raised-grain-goddess-pink\/#breadcrumb\",\"itemListElement\":[{\"@type\":\"ListItem\",\"position\":1,\"name\":\"Home\",\"item\":\"https:\/\/desireonline.shop\/vi\/trang-chu\/?lang=vi\"},{\"@type\":\"ListItem\",\"position\":2,\"name\":\"T\u1ea5t c\u1ea3 s\u1ea3n ph\u1ea9m\",\"item\":\"https:\/\/desireonline.shop\/cua-hang\/?lang=vi\"},{\"@type\":\"ListItem\",\"position\":3,\"name\":\"Sweet Breeze M\u00e1y Rung \u0110i\u1ec3m G &amp; \u00c2m V\u1eadt Raised Grain Goddess \u2013 Pink\"}]},{\"@type\":\"WebSite\",\"@id\":\"https:\/\/desireonline.shop\/vi\/#website\",\"url\":\"https:\/\/desireonline.shop\/vi\/\",\"name\":\"Desire\",\"description\":\"Sexual Wellness Platform\",\"publisher\":{\"@id\":\"https:\/\/desireonline.shop\/vi\/#organization\"},\"potentialAction\":[{\"@type\":\"SearchAction\",\"target\":{\"@type\":\"EntryPoint\",\"urlTemplate\":\"https:\/\/desireonline.shop\/vi\/?s={search_term_string}\"},\"query-input\":{\"@type\":\"PropertyValueSpecification\",\"valueRequired\":true,\"valueName\":\"search_term_string\"}}],\"inLanguage\":\"vi\"},{\"@type\":\"Organization\",\"@id\":\"https:\/\/desireonline.shop\/vi\/#organization\",\"name\":\"Desire\",\"url\":\"https:\/\/desireonline.shop\/vi\/\",\"logo\":{\"@type\":\"ImageObject\",\"inLanguage\":\"vi\",\"@id\":\"https:\/\/desireonline.shop\/vi\/#\/schema\/logo\/image\/\",\"url\":\"https:\/\/desireonline.shop\/wp-content\/uploads\/2024\/06\/Logo-Thick-Font-1.webp\",\"contentUrl\":\"https:\/\/desireonline.shop\/wp-content\/uploads\/2024\/06\/Logo-Thick-Font-1.webp\",\"width\":268,\"height\":399,\"caption\":\"Desire\"},\"image\":{\"@id\":\"https:\/\/desireonline.shop\/vi\/#\/schema\/logo\/image\/\"}}]}<\/script>\n<!-- \/ Yoast SEO plugin. -->","yoast_head_json":{"title":"Sweet Breeze M\u00e1y Rung \u0110i\u1ec3m G &amp; \u00c2m V\u1eadt Raised Grain Goddess \u2013 Pink - Desire","robots":{"index":"index","follow":"follow","max-snippet":"max-snippet:-1","max-image-preview":"max-image-preview:large","max-video-preview":"max-video-preview:-1"},"canonical":"https:\/\/desireonline.shop\/vi\/san-pham\/sweet-breeze-may-rung-diem-g-am-vat-raised-grain-goddess-pink\/","og_locale":"vi_VN","og_type":"article","og_title":"Sweet Breeze M\u00e1y Rung \u0110i\u1ec3m G &amp; \u00c2m V\u1eadt Raised Grain Goddess \u2013 Pink - Desire","og_description":"\u0110\u01b0\u1ee3c thi\u1ebft k\u1ebf \u0111\u1ec3 mang l\u1ea1i kho\u00e1i c\u1ea3m k\u1ebft h\u1ee3p, m\u00e1y rung hai \u0111i\u1ec3m n\u00e0y k\u00edch th\u00edch \u0111\u1ed3ng th\u1eddi c\u1ea3 \u0111i\u1ec3m G v\u00e0 \u00e2m v\u1eadt. H\u00ecnh d\u00e1ng cong m\u01b0\u1ee3t \u00f4m&hellip;","og_url":"https:\/\/desireonline.shop\/vi\/san-pham\/sweet-breeze-may-rung-diem-g-am-vat-raised-grain-goddess-pink\/","og_site_name":"Desire","article_modified_time":"2026-03-10T05:45:54+00:00","og_image":[{"width":2500,"height":2500,"url":"https:\/\/desireonline.shop\/wp-content\/uploads\/2026\/02\/CN-160773116_00-3.jpg","type":"image\/jpeg"}],"twitter_card":"summary_large_image","twitter_misc":{"\u01af\u1edbc t\u00ednh th\u1eddi gian \u0111\u1ecdc":"1 ph\u00fat"},"schema":{"@context":"https:\/\/schema.org","@graph":[{"@type":"WebPage","@id":"https:\/\/desireonline.shop\/vi\/san-pham\/sweet-breeze-may-rung-diem-g-am-vat-raised-grain-goddess-pink\/","url":"https:\/\/desireonline.shop\/vi\/san-pham\/sweet-breeze-may-rung-diem-g-am-vat-raised-grain-goddess-pink\/","name":"Sweet Breeze M\u00e1y Rung \u0110i\u1ec3m G &amp; \u00c2m V\u1eadt Raised Grain Goddess \u2013 Pink - Desire","isPartOf":{"@id":"https:\/\/desireonline.shop\/vi\/#website"},"primaryImageOfPage":{"@id":"https:\/\/desireonline.shop\/vi\/san-pham\/sweet-breeze-may-rung-diem-g-am-vat-raised-grain-goddess-pink\/#primaryimage"},"image":{"@id":"https:\/\/desireonline.shop\/vi\/san-pham\/sweet-breeze-may-rung-diem-g-am-vat-raised-grain-goddess-pink\/#primaryimage"},"thumbnailUrl":"https:\/\/desireonline.shop\/wp-content\/uploads\/2026\/02\/CN-160773116_00-3.jpg","datePublished":"2026-02-17T11:11:52+00:00","dateModified":"2026-03-10T05:45:54+00:00","breadcrumb":{"@id":"https:\/\/desireonline.shop\/vi\/san-pham\/sweet-breeze-may-rung-diem-g-am-vat-raised-grain-goddess-pink\/#breadcrumb"},"inLanguage":"vi","potentialAction":[{"@type":"ReadAction","target":["https:\/\/desireonline.shop\/vi\/san-pham\/sweet-breeze-may-rung-diem-g-am-vat-raised-grain-goddess-pink\/"]}]},{"@type":"ImageObject","inLanguage":"vi","@id":"https:\/\/desireonline.shop\/vi\/san-pham\/sweet-breeze-may-rung-diem-g-am-vat-raised-grain-goddess-pink\/#primaryimage","url":"https:\/\/desireonline.shop\/wp-content\/uploads\/2026\/02\/CN-160773116_00-3.jpg","contentUrl":"https:\/\/desireonline.shop\/wp-content\/uploads\/2026\/02\/CN-160773116_00-3.jpg","width":2500,"height":2500},{"@type":"BreadcrumbList","@id":"https:\/\/desireonline.shop\/vi\/san-pham\/sweet-breeze-may-rung-diem-g-am-vat-raised-grain-goddess-pink\/#breadcrumb","itemListElement":[{"@type":"ListItem","position":1,"name":"Home","item":"https:\/\/desireonline.shop\/vi\/trang-chu\/?lang=vi"},{"@type":"ListItem","position":2,"name":"T\u1ea5t c\u1ea3 s\u1ea3n ph\u1ea9m","item":"https:\/\/desireonline.shop\/cua-hang\/?lang=vi"},{"@type":"ListItem","position":3,"name":"Sweet Breeze M\u00e1y Rung \u0110i\u1ec3m G &amp; \u00c2m V\u1eadt Raised Grain Goddess \u2013 Pink"}]},{"@type":"WebSite","@id":"https:\/\/desireonline.shop\/vi\/#website","url":"https:\/\/desireonline.shop\/vi\/","name":"Desire","description":"Sexual Wellness Platform","publisher":{"@id":"https:\/\/desireonline.shop\/vi\/#organization"},"potentialAction":[{"@type":"SearchAction","target":{"@type":"EntryPoint","urlTemplate":"https:\/\/desireonline.shop\/vi\/?s={search_term_string}"},"query-input":{"@type":"PropertyValueSpecification","valueRequired":true,"valueName":"search_term_string"}}],"inLanguage":"vi"},{"@type":"Organization","@id":"https:\/\/desireonline.shop\/vi\/#organization","name":"Desire","url":"https:\/\/desireonline.shop\/vi\/","logo":{"@type":"ImageObject","inLanguage":"vi","@id":"https:\/\/desireonline.shop\/vi\/#\/schema\/logo\/image\/","url":"https:\/\/desireonline.shop\/wp-content\/uploads\/2024\/06\/Logo-Thick-Font-1.webp","contentUrl":"https:\/\/desireonline.shop\/wp-content\/uploads\/2024\/06\/Logo-Thick-Font-1.webp","width":268,"height":399,"caption":"Desire"},"image":{"@id":"https:\/\/desireonline.shop\/vi\/#\/schema\/logo\/image\/"}}]}},"_links":{"self":[{"href":"https:\/\/desireonline.shop\/vi\/wp-json\/wp\/v2\/product\/65618","targetHints":{"allow":["GET"]}}],"collection":[{"href":"https:\/\/desireonline.shop\/vi\/wp-json\/wp\/v2\/product"}],"about":[{"href":"https:\/\/desireonline.shop\/vi\/wp-json\/wp\/v2\/types\/product"}],"replies":[{"embeddable":true,"href":"https:\/\/desireonline.shop\/vi\/wp-json\/wp\/v2\/comments?post=65618"}],"version-history":[{"count":0,"href":"https:\/\/desireonline.shop\/vi\/wp-json\/wp\/v2\/product\/65618\/revisions"}],"wp:featuredmedia":[{"embeddable":true,"href":"https:\/\/desireonline.shop\/vi\/wp-json\/wp\/v2\/media\/63633"}],"wp:attachment":[{"href":"https:\/\/desireonline.shop\/vi\/wp-json\/wp\/v2\/media?parent=65618"}],"wp:term":[{"taxonomy":"product_brand","embeddable":true,"href":"https:\/\/desireonline.shop\/vi\/wp-json\/wp\/v2\/product_brand?post=65618"},{"taxonomy":"product_cat","embeddable":true,"href":"https:\/\/desireonline.shop\/vi\/wp-json\/wp\/v2\/product_cat?post=65618"},{"taxonomy":"product_tag","embeddable":true,"href":"https:\/\/desireonline.shop\/vi\/wp-json\/wp\/v2\/product_tag?post=65618"}],"curies":[{"name":"wp","href":"https:\/\/api.w.org\/{rel}","templated":true}]}}