{"id":65624,"date":"2026-02-17T11:12:15","date_gmt":"2026-02-17T11:12:15","guid":{"rendered":"https:\/\/desireonline.shop\/product\/sweet-breeze-raw-recruit-duong-vat-gia-strap-on\/"},"modified":"2026-03-10T05:36:38","modified_gmt":"2026-03-10T05:36:38","slug":"sweet-breeze-raw-recruit-duong-vat-gia-strap-on","status":"publish","type":"product","link":"https:\/\/desireonline.shop\/vi\/san-pham\/sweet-breeze-raw-recruit-duong-vat-gia-strap-on\/","title":{"rendered":"Sweet Breeze Raw Recruit D\u01b0\u01a1ng V\u1eadt Gi\u1ea3 Strap-on"},"content":{"rendered":"<p>\u0110\u01b0\u1ee3c thi\u1ebft k\u1ebf cho kho\u00e1i c\u1ea3m chia s\u1ebb v\u00e0 tr\u1ea3i nghi\u1ec7m t\u1ef1 tin, d\u01b0\u01a1ng v\u1eadt gi\u1ea3 strap-on n\u00e0y c\u00f3 h\u00ecnh d\u00e1ng m\u01b0\u1ee3t m\u00e0 mang l\u1ea1i c\u1ea3m gi\u00e1c tho\u1ea3i m\u00e1i v\u00e0 d\u1ec5 s\u1eed d\u1ee5ng. Thi\u1ebft k\u1ebf c\u00e2n b\u1eb1ng gi\u00fap s\u1ea3n ph\u1ea9m ph\u00f9 h\u1ee3p v\u1edbi nhi\u1ec1u t\u01b0 th\u1ebf v\u00e0 phong c\u00e1ch tr\u1ea3i nghi\u1ec7m kh\u00e1c nhau.<\/p>\n<p>Ch\u1ed1ng n\u01b0\u1edbc \u0111\u1ec3 t\u0103ng s\u1ef1 ti\u1ec7n l\u1ee3i, s\u1ea3n ph\u1ea9m d\u1ec5 d\u00e0ng v\u1ec7 sinh v\u00e0 s\u1eb5n s\u00e0ng cho nhi\u1ec1u l\u1ea7n s\u1eed d\u1ee5ng. M\u1ed9t l\u1ef1a ch\u1ecdn \u0111\u00e1ng tin c\u1eady cho c\u00e1c c\u1eb7p \u0111\u00f4i mu\u1ed1n kh\u00e1m ph\u00e1 tr\u1ea3i nghi\u1ec7m strap-on v\u1edbi s\u1ef1 tho\u1ea3i m\u00e1i v\u00e0 \u0111\u01a1n gi\u1ea3n.<\/p>\n","protected":false},"excerpt":{"rendered":"<p>\u0110\u01b0\u1ee3c thi\u1ebft k\u1ebf cho kho\u00e1i c\u1ea3m chia s\u1ebb v\u00e0 tr\u1ea3i nghi\u1ec7m t\u1ef1 tin, d\u01b0\u01a1ng v\u1eadt gi\u1ea3 strap-on n\u00e0y c\u00f3 h\u00ecnh d\u00e1ng m\u01b0\u1ee3t m\u00e0 mang l\u1ea1i c\u1ea3m gi\u00e1c tho\u1ea3i m\u00e1i v\u00e0&hellip;<\/p>\n","protected":false},"featured_media":63642,"comment_status":"open","ping_status":"closed","template":"","meta":{"_acf_changed":false},"product_brand":[],"product_cat":[1373],"product_tag":[],"class_list":{"0":"post-65624","1":"product","2":"type-product","3":"status-publish","4":"has-post-thumbnail","6":"product_cat-duong-vat-gia-gan-deo","8":"first","9":"instock","10":"shipping-taxable","11":"purchasable","12":"product-type-variable"},"acf":[],"yoast_head":"<!-- This site is optimized with the Yoast SEO plugin v27.1.1 - https:\/\/yoast.com\/product\/yoast-seo-wordpress\/ -->\n<title>Sweet Breeze Raw Recruit D\u01b0\u01a1ng V\u1eadt Gi\u1ea3 Strap-on - Desire<\/title>\n<meta name=\"robots\" content=\"index, follow, max-snippet:-1, max-image-preview:large, max-video-preview:-1\" \/>\n<link rel=\"canonical\" href=\"https:\/\/desireonline.shop\/vi\/san-pham\/sweet-breeze-raw-recruit-duong-vat-gia-strap-on\/\" \/>\n<meta property=\"og:locale\" content=\"vi_VN\" \/>\n<meta property=\"og:type\" content=\"article\" \/>\n<meta property=\"og:title\" content=\"Sweet Breeze Raw Recruit D\u01b0\u01a1ng V\u1eadt Gi\u1ea3 Strap-on - Desire\" \/>\n<meta property=\"og:description\" content=\"\u0110\u01b0\u1ee3c thi\u1ebft k\u1ebf cho kho\u00e1i c\u1ea3m chia s\u1ebb v\u00e0 tr\u1ea3i nghi\u1ec7m t\u1ef1 tin, d\u01b0\u01a1ng v\u1eadt gi\u1ea3 strap-on n\u00e0y c\u00f3 h\u00ecnh d\u00e1ng m\u01b0\u1ee3t m\u00e0 mang l\u1ea1i c\u1ea3m gi\u00e1c tho\u1ea3i m\u00e1i v\u00e0&hellip;\" \/>\n<meta property=\"og:url\" content=\"https:\/\/desireonline.shop\/vi\/san-pham\/sweet-breeze-raw-recruit-duong-vat-gia-strap-on\/\" \/>\n<meta property=\"og:site_name\" content=\"Desire\" \/>\n<meta property=\"article:modified_time\" content=\"2026-03-10T05:36:38+00:00\" \/>\n<meta property=\"og:image\" content=\"https:\/\/desireonline.shop\/wp-content\/uploads\/2026\/02\/CN-544068467_00-3.jpg\" \/>\n\t<meta property=\"og:image:width\" content=\"1000\" \/>\n\t<meta property=\"og:image:height\" content=\"1000\" \/>\n\t<meta property=\"og:image:type\" content=\"image\/jpeg\" \/>\n<meta name=\"twitter:card\" content=\"summary_large_image\" \/>\n<meta name=\"twitter:label1\" content=\"\u01af\u1edbc t\u00ednh th\u1eddi gian \u0111\u1ecdc\" \/>\n\t<meta name=\"twitter:data1\" content=\"1 ph\u00fat\" \/>\n<script type=\"application\/ld+json\" class=\"yoast-schema-graph\">{\"@context\":\"https:\/\/schema.org\",\"@graph\":[{\"@type\":\"WebPage\",\"@id\":\"https:\/\/desireonline.shop\/vi\/san-pham\/sweet-breeze-raw-recruit-duong-vat-gia-strap-on\/\",\"url\":\"https:\/\/desireonline.shop\/vi\/san-pham\/sweet-breeze-raw-recruit-duong-vat-gia-strap-on\/\",\"name\":\"Sweet Breeze Raw Recruit D\u01b0\u01a1ng V\u1eadt Gi\u1ea3 Strap-on - Desire\",\"isPartOf\":{\"@id\":\"https:\/\/desireonline.shop\/vi\/#website\"},\"primaryImageOfPage\":{\"@id\":\"https:\/\/desireonline.shop\/vi\/san-pham\/sweet-breeze-raw-recruit-duong-vat-gia-strap-on\/#primaryimage\"},\"image\":{\"@id\":\"https:\/\/desireonline.shop\/vi\/san-pham\/sweet-breeze-raw-recruit-duong-vat-gia-strap-on\/#primaryimage\"},\"thumbnailUrl\":\"https:\/\/desireonline.shop\/wp-content\/uploads\/2026\/02\/CN-544068467_00-3.jpg\",\"datePublished\":\"2026-02-17T11:12:15+00:00\",\"dateModified\":\"2026-03-10T05:36:38+00:00\",\"breadcrumb\":{\"@id\":\"https:\/\/desireonline.shop\/vi\/san-pham\/sweet-breeze-raw-recruit-duong-vat-gia-strap-on\/#breadcrumb\"},\"inLanguage\":\"vi\",\"potentialAction\":[{\"@type\":\"ReadAction\",\"target\":[\"https:\/\/desireonline.shop\/vi\/san-pham\/sweet-breeze-raw-recruit-duong-vat-gia-strap-on\/\"]}]},{\"@type\":\"ImageObject\",\"inLanguage\":\"vi\",\"@id\":\"https:\/\/desireonline.shop\/vi\/san-pham\/sweet-breeze-raw-recruit-duong-vat-gia-strap-on\/#primaryimage\",\"url\":\"https:\/\/desireonline.shop\/wp-content\/uploads\/2026\/02\/CN-544068467_00-3.jpg\",\"contentUrl\":\"https:\/\/desireonline.shop\/wp-content\/uploads\/2026\/02\/CN-544068467_00-3.jpg\",\"width\":1000,\"height\":1000},{\"@type\":\"BreadcrumbList\",\"@id\":\"https:\/\/desireonline.shop\/vi\/san-pham\/sweet-breeze-raw-recruit-duong-vat-gia-strap-on\/#breadcrumb\",\"itemListElement\":[{\"@type\":\"ListItem\",\"position\":1,\"name\":\"Home\",\"item\":\"https:\/\/desireonline.shop\/vi\/trang-chu\/?lang=vi\"},{\"@type\":\"ListItem\",\"position\":2,\"name\":\"T\u1ea5t c\u1ea3 s\u1ea3n ph\u1ea9m\",\"item\":\"https:\/\/desireonline.shop\/cua-hang\/?lang=vi\"},{\"@type\":\"ListItem\",\"position\":3,\"name\":\"Sweet Breeze Raw Recruit D\u01b0\u01a1ng V\u1eadt Gi\u1ea3 Strap-on\"}]},{\"@type\":\"WebSite\",\"@id\":\"https:\/\/desireonline.shop\/vi\/#website\",\"url\":\"https:\/\/desireonline.shop\/vi\/\",\"name\":\"Desire\",\"description\":\"Sexual Wellness Platform\",\"publisher\":{\"@id\":\"https:\/\/desireonline.shop\/vi\/#organization\"},\"potentialAction\":[{\"@type\":\"SearchAction\",\"target\":{\"@type\":\"EntryPoint\",\"urlTemplate\":\"https:\/\/desireonline.shop\/vi\/?s={search_term_string}\"},\"query-input\":{\"@type\":\"PropertyValueSpecification\",\"valueRequired\":true,\"valueName\":\"search_term_string\"}}],\"inLanguage\":\"vi\"},{\"@type\":\"Organization\",\"@id\":\"https:\/\/desireonline.shop\/vi\/#organization\",\"name\":\"Desire\",\"url\":\"https:\/\/desireonline.shop\/vi\/\",\"logo\":{\"@type\":\"ImageObject\",\"inLanguage\":\"vi\",\"@id\":\"https:\/\/desireonline.shop\/vi\/#\/schema\/logo\/image\/\",\"url\":\"https:\/\/desireonline.shop\/wp-content\/uploads\/2024\/06\/Logo-Thick-Font-1.webp\",\"contentUrl\":\"https:\/\/desireonline.shop\/wp-content\/uploads\/2024\/06\/Logo-Thick-Font-1.webp\",\"width\":268,\"height\":399,\"caption\":\"Desire\"},\"image\":{\"@id\":\"https:\/\/desireonline.shop\/vi\/#\/schema\/logo\/image\/\"}}]}<\/script>\n<!-- \/ Yoast SEO plugin. -->","yoast_head_json":{"title":"Sweet Breeze Raw Recruit D\u01b0\u01a1ng V\u1eadt Gi\u1ea3 Strap-on - Desire","robots":{"index":"index","follow":"follow","max-snippet":"max-snippet:-1","max-image-preview":"max-image-preview:large","max-video-preview":"max-video-preview:-1"},"canonical":"https:\/\/desireonline.shop\/vi\/san-pham\/sweet-breeze-raw-recruit-duong-vat-gia-strap-on\/","og_locale":"vi_VN","og_type":"article","og_title":"Sweet Breeze Raw Recruit D\u01b0\u01a1ng V\u1eadt Gi\u1ea3 Strap-on - Desire","og_description":"\u0110\u01b0\u1ee3c thi\u1ebft k\u1ebf cho kho\u00e1i c\u1ea3m chia s\u1ebb v\u00e0 tr\u1ea3i nghi\u1ec7m t\u1ef1 tin, d\u01b0\u01a1ng v\u1eadt gi\u1ea3 strap-on n\u00e0y c\u00f3 h\u00ecnh d\u00e1ng m\u01b0\u1ee3t m\u00e0 mang l\u1ea1i c\u1ea3m gi\u00e1c tho\u1ea3i m\u00e1i v\u00e0&hellip;","og_url":"https:\/\/desireonline.shop\/vi\/san-pham\/sweet-breeze-raw-recruit-duong-vat-gia-strap-on\/","og_site_name":"Desire","article_modified_time":"2026-03-10T05:36:38+00:00","og_image":[{"width":1000,"height":1000,"url":"https:\/\/desireonline.shop\/wp-content\/uploads\/2026\/02\/CN-544068467_00-3.jpg","type":"image\/jpeg"}],"twitter_card":"summary_large_image","twitter_misc":{"\u01af\u1edbc t\u00ednh th\u1eddi gian \u0111\u1ecdc":"1 ph\u00fat"},"schema":{"@context":"https:\/\/schema.org","@graph":[{"@type":"WebPage","@id":"https:\/\/desireonline.shop\/vi\/san-pham\/sweet-breeze-raw-recruit-duong-vat-gia-strap-on\/","url":"https:\/\/desireonline.shop\/vi\/san-pham\/sweet-breeze-raw-recruit-duong-vat-gia-strap-on\/","name":"Sweet Breeze Raw Recruit D\u01b0\u01a1ng V\u1eadt Gi\u1ea3 Strap-on - Desire","isPartOf":{"@id":"https:\/\/desireonline.shop\/vi\/#website"},"primaryImageOfPage":{"@id":"https:\/\/desireonline.shop\/vi\/san-pham\/sweet-breeze-raw-recruit-duong-vat-gia-strap-on\/#primaryimage"},"image":{"@id":"https:\/\/desireonline.shop\/vi\/san-pham\/sweet-breeze-raw-recruit-duong-vat-gia-strap-on\/#primaryimage"},"thumbnailUrl":"https:\/\/desireonline.shop\/wp-content\/uploads\/2026\/02\/CN-544068467_00-3.jpg","datePublished":"2026-02-17T11:12:15+00:00","dateModified":"2026-03-10T05:36:38+00:00","breadcrumb":{"@id":"https:\/\/desireonline.shop\/vi\/san-pham\/sweet-breeze-raw-recruit-duong-vat-gia-strap-on\/#breadcrumb"},"inLanguage":"vi","potentialAction":[{"@type":"ReadAction","target":["https:\/\/desireonline.shop\/vi\/san-pham\/sweet-breeze-raw-recruit-duong-vat-gia-strap-on\/"]}]},{"@type":"ImageObject","inLanguage":"vi","@id":"https:\/\/desireonline.shop\/vi\/san-pham\/sweet-breeze-raw-recruit-duong-vat-gia-strap-on\/#primaryimage","url":"https:\/\/desireonline.shop\/wp-content\/uploads\/2026\/02\/CN-544068467_00-3.jpg","contentUrl":"https:\/\/desireonline.shop\/wp-content\/uploads\/2026\/02\/CN-544068467_00-3.jpg","width":1000,"height":1000},{"@type":"BreadcrumbList","@id":"https:\/\/desireonline.shop\/vi\/san-pham\/sweet-breeze-raw-recruit-duong-vat-gia-strap-on\/#breadcrumb","itemListElement":[{"@type":"ListItem","position":1,"name":"Home","item":"https:\/\/desireonline.shop\/vi\/trang-chu\/?lang=vi"},{"@type":"ListItem","position":2,"name":"T\u1ea5t c\u1ea3 s\u1ea3n ph\u1ea9m","item":"https:\/\/desireonline.shop\/cua-hang\/?lang=vi"},{"@type":"ListItem","position":3,"name":"Sweet Breeze Raw Recruit D\u01b0\u01a1ng V\u1eadt Gi\u1ea3 Strap-on"}]},{"@type":"WebSite","@id":"https:\/\/desireonline.shop\/vi\/#website","url":"https:\/\/desireonline.shop\/vi\/","name":"Desire","description":"Sexual Wellness Platform","publisher":{"@id":"https:\/\/desireonline.shop\/vi\/#organization"},"potentialAction":[{"@type":"SearchAction","target":{"@type":"EntryPoint","urlTemplate":"https:\/\/desireonline.shop\/vi\/?s={search_term_string}"},"query-input":{"@type":"PropertyValueSpecification","valueRequired":true,"valueName":"search_term_string"}}],"inLanguage":"vi"},{"@type":"Organization","@id":"https:\/\/desireonline.shop\/vi\/#organization","name":"Desire","url":"https:\/\/desireonline.shop\/vi\/","logo":{"@type":"ImageObject","inLanguage":"vi","@id":"https:\/\/desireonline.shop\/vi\/#\/schema\/logo\/image\/","url":"https:\/\/desireonline.shop\/wp-content\/uploads\/2024\/06\/Logo-Thick-Font-1.webp","contentUrl":"https:\/\/desireonline.shop\/wp-content\/uploads\/2024\/06\/Logo-Thick-Font-1.webp","width":268,"height":399,"caption":"Desire"},"image":{"@id":"https:\/\/desireonline.shop\/vi\/#\/schema\/logo\/image\/"}}]}},"_links":{"self":[{"href":"https:\/\/desireonline.shop\/vi\/wp-json\/wp\/v2\/product\/65624","targetHints":{"allow":["GET"]}}],"collection":[{"href":"https:\/\/desireonline.shop\/vi\/wp-json\/wp\/v2\/product"}],"about":[{"href":"https:\/\/desireonline.shop\/vi\/wp-json\/wp\/v2\/types\/product"}],"replies":[{"embeddable":true,"href":"https:\/\/desireonline.shop\/vi\/wp-json\/wp\/v2\/comments?post=65624"}],"version-history":[{"count":0,"href":"https:\/\/desireonline.shop\/vi\/wp-json\/wp\/v2\/product\/65624\/revisions"}],"wp:featuredmedia":[{"embeddable":true,"href":"https:\/\/desireonline.shop\/vi\/wp-json\/wp\/v2\/media\/63642"}],"wp:attachment":[{"href":"https:\/\/desireonline.shop\/vi\/wp-json\/wp\/v2\/media?parent=65624"}],"wp:term":[{"taxonomy":"product_brand","embeddable":true,"href":"https:\/\/desireonline.shop\/vi\/wp-json\/wp\/v2\/product_brand?post=65624"},{"taxonomy":"product_cat","embeddable":true,"href":"https:\/\/desireonline.shop\/vi\/wp-json\/wp\/v2\/product_cat?post=65624"},{"taxonomy":"product_tag","embeddable":true,"href":"https:\/\/desireonline.shop\/vi\/wp-json\/wp\/v2\/product_tag?post=65624"}],"curies":[{"name":"wp","href":"https:\/\/api.w.org\/{rel}","templated":true}]}}