{"id":65637,"date":"2026-02-17T11:13:09","date_gmt":"2026-02-17T11:13:09","guid":{"rendered":"https:\/\/desireonline.shop\/product\/missweet-please-do-me-love-may-rung-mini-bullet\/"},"modified":"2026-03-10T05:36:22","modified_gmt":"2026-03-10T05:36:22","slug":"missweet-please-do-me-love-may-rung-mini-bullet","status":"publish","type":"product","link":"https:\/\/desireonline.shop\/vi\/san-pham\/missweet-please-do-me-love-may-rung-mini-bullet\/","title":{"rendered":"MisSweet Please Do Me Love M\u00e1y Rung Mini Bullet"},"content":{"rendered":"<p>\u0110\u01b0\u1ee3c thi\u1ebft k\u1ebf cho k\u00edch th\u00edch ch\u00ednh x\u00e1c v\u00e0 c\u1ea3m gi\u00e1c th\u1ecfa m\u00e3n, m\u00e1y rung mini bullet n\u00e0y c\u00f3 h\u00ecnh d\u00e1ng m\u01b0\u1ee3t m\u00e0 \u00f4m s\u00e1t c\u01a1 th\u1ec3 \u0111\u1ec3 mang l\u1ea1i s\u1ef1 tho\u1ea3i m\u00e1i khi s\u1eed d\u1ee5ng. K\u00edch th\u01b0\u1edbc nh\u1ecf g\u1ecdn gi\u00fap s\u1ea3n ph\u1ea9m ph\u00f9 h\u1ee3p cho k\u00edch th\u00edch t\u1eadp trung v\u00e0 d\u1ec5 d\u00e0ng c\u1ea7m n\u1eafm.<\/p>\n<p>V\u1edbi b\u1ea3y ch\u1ebf \u0111\u1ed9 rung kh\u00e1c nhau, b\u1ea1n c\u00f3 th\u1ec3 d\u1ec5 d\u00e0ng chuy\u1ec3n t\u1eeb k\u00edch th\u00edch nh\u1eb9 nh\u00e0ng sang c\u00e1c nh\u1ecbp rung m\u1ea1nh m\u1ebd h\u01a1n. Ch\u1ed1ng n\u01b0\u1edbc v\u00e0 d\u1ec5 s\u1eed d\u1ee5ng, \u0111\u00e2y l\u00e0 l\u1ef1a ch\u1ecdn linh ho\u1ea1t cho nh\u1eefng kho\u1ea3nh kh\u1eafc c\u00e1 nh\u00e2n th\u01b0 gi\u00e3n ho\u1eb7c \u0111\u1ec3 t\u0103ng th\u00eam c\u1ea3m gi\u00e1c trong tr\u1ea3i nghi\u1ec7m th\u00e2n m\u1eadt c\u00f9ng b\u1ea1n \u0111\u1eddi.<\/p>\n","protected":false},"excerpt":{"rendered":"<p>\u0110\u01b0\u1ee3c thi\u1ebft k\u1ebf cho k\u00edch th\u00edch ch\u00ednh x\u00e1c v\u00e0 c\u1ea3m gi\u00e1c th\u1ecfa m\u00e3n, m\u00e1y rung mini bullet n\u00e0y c\u00f3 h\u00ecnh d\u00e1ng m\u01b0\u1ee3t m\u00e0 \u00f4m s\u00e1t c\u01a1 th\u1ec3 \u0111\u1ec3 mang l\u1ea1i&hellip;<\/p>\n","protected":false},"featured_media":63677,"comment_status":"open","ping_status":"closed","template":"","meta":{"_acf_changed":false},"product_brand":[],"product_cat":[1434],"product_tag":[],"class_list":{"0":"post-65637","1":"product","2":"type-product","3":"status-publish","4":"has-post-thumbnail","6":"product_cat-may-rung-mini","8":"first","9":"instock","10":"shipping-taxable","11":"purchasable","12":"product-type-variable"},"acf":[],"yoast_head":"<!-- This site is optimized with the Yoast SEO plugin v27.1.1 - https:\/\/yoast.com\/product\/yoast-seo-wordpress\/ -->\n<title>MisSweet Please Do Me Love M\u00e1y Rung Mini Bullet - Desire<\/title>\n<meta name=\"robots\" content=\"index, follow, max-snippet:-1, max-image-preview:large, max-video-preview:-1\" \/>\n<link rel=\"canonical\" href=\"https:\/\/desireonline.shop\/vi\/san-pham\/missweet-please-do-me-love-may-rung-mini-bullet\/\" \/>\n<meta property=\"og:locale\" content=\"vi_VN\" \/>\n<meta property=\"og:type\" content=\"article\" \/>\n<meta property=\"og:title\" content=\"MisSweet Please Do Me Love M\u00e1y Rung Mini Bullet - Desire\" \/>\n<meta property=\"og:description\" content=\"\u0110\u01b0\u1ee3c thi\u1ebft k\u1ebf cho k\u00edch th\u00edch ch\u00ednh x\u00e1c v\u00e0 c\u1ea3m gi\u00e1c th\u1ecfa m\u00e3n, m\u00e1y rung mini bullet n\u00e0y c\u00f3 h\u00ecnh d\u00e1ng m\u01b0\u1ee3t m\u00e0 \u00f4m s\u00e1t c\u01a1 th\u1ec3 \u0111\u1ec3 mang l\u1ea1i&hellip;\" \/>\n<meta property=\"og:url\" content=\"https:\/\/desireonline.shop\/vi\/san-pham\/missweet-please-do-me-love-may-rung-mini-bullet\/\" \/>\n<meta property=\"og:site_name\" content=\"Desire\" \/>\n<meta property=\"article:modified_time\" content=\"2026-03-10T05:36:22+00:00\" \/>\n<meta property=\"og:image\" content=\"https:\/\/desireonline.shop\/wp-content\/uploads\/2026\/02\/CN-390933082_00-3.jpg\" \/>\n\t<meta property=\"og:image:width\" content=\"1000\" \/>\n\t<meta property=\"og:image:height\" content=\"1000\" \/>\n\t<meta property=\"og:image:type\" content=\"image\/jpeg\" \/>\n<meta name=\"twitter:card\" content=\"summary_large_image\" \/>\n<meta name=\"twitter:label1\" content=\"\u01af\u1edbc t\u00ednh th\u1eddi gian \u0111\u1ecdc\" \/>\n\t<meta name=\"twitter:data1\" content=\"1 ph\u00fat\" \/>\n<script type=\"application\/ld+json\" class=\"yoast-schema-graph\">{\"@context\":\"https:\/\/schema.org\",\"@graph\":[{\"@type\":\"WebPage\",\"@id\":\"https:\/\/desireonline.shop\/vi\/san-pham\/missweet-please-do-me-love-may-rung-mini-bullet\/\",\"url\":\"https:\/\/desireonline.shop\/vi\/san-pham\/missweet-please-do-me-love-may-rung-mini-bullet\/\",\"name\":\"MisSweet Please Do Me Love M\u00e1y Rung Mini Bullet - Desire\",\"isPartOf\":{\"@id\":\"https:\/\/desireonline.shop\/vi\/#website\"},\"primaryImageOfPage\":{\"@id\":\"https:\/\/desireonline.shop\/vi\/san-pham\/missweet-please-do-me-love-may-rung-mini-bullet\/#primaryimage\"},\"image\":{\"@id\":\"https:\/\/desireonline.shop\/vi\/san-pham\/missweet-please-do-me-love-may-rung-mini-bullet\/#primaryimage\"},\"thumbnailUrl\":\"https:\/\/desireonline.shop\/wp-content\/uploads\/2026\/02\/CN-390933082_00-3.jpg\",\"datePublished\":\"2026-02-17T11:13:09+00:00\",\"dateModified\":\"2026-03-10T05:36:22+00:00\",\"breadcrumb\":{\"@id\":\"https:\/\/desireonline.shop\/vi\/san-pham\/missweet-please-do-me-love-may-rung-mini-bullet\/#breadcrumb\"},\"inLanguage\":\"vi\",\"potentialAction\":[{\"@type\":\"ReadAction\",\"target\":[\"https:\/\/desireonline.shop\/vi\/san-pham\/missweet-please-do-me-love-may-rung-mini-bullet\/\"]}]},{\"@type\":\"ImageObject\",\"inLanguage\":\"vi\",\"@id\":\"https:\/\/desireonline.shop\/vi\/san-pham\/missweet-please-do-me-love-may-rung-mini-bullet\/#primaryimage\",\"url\":\"https:\/\/desireonline.shop\/wp-content\/uploads\/2026\/02\/CN-390933082_00-3.jpg\",\"contentUrl\":\"https:\/\/desireonline.shop\/wp-content\/uploads\/2026\/02\/CN-390933082_00-3.jpg\",\"width\":1000,\"height\":1000},{\"@type\":\"BreadcrumbList\",\"@id\":\"https:\/\/desireonline.shop\/vi\/san-pham\/missweet-please-do-me-love-may-rung-mini-bullet\/#breadcrumb\",\"itemListElement\":[{\"@type\":\"ListItem\",\"position\":1,\"name\":\"Home\",\"item\":\"https:\/\/desireonline.shop\/vi\/trang-chu\/?lang=vi\"},{\"@type\":\"ListItem\",\"position\":2,\"name\":\"T\u1ea5t c\u1ea3 s\u1ea3n ph\u1ea9m\",\"item\":\"https:\/\/desireonline.shop\/cua-hang\/?lang=vi\"},{\"@type\":\"ListItem\",\"position\":3,\"name\":\"MisSweet Please Do Me Love M\u00e1y Rung Mini Bullet\"}]},{\"@type\":\"WebSite\",\"@id\":\"https:\/\/desireonline.shop\/vi\/#website\",\"url\":\"https:\/\/desireonline.shop\/vi\/\",\"name\":\"Desire\",\"description\":\"Sexual Wellness Platform\",\"publisher\":{\"@id\":\"https:\/\/desireonline.shop\/vi\/#organization\"},\"potentialAction\":[{\"@type\":\"SearchAction\",\"target\":{\"@type\":\"EntryPoint\",\"urlTemplate\":\"https:\/\/desireonline.shop\/vi\/?s={search_term_string}\"},\"query-input\":{\"@type\":\"PropertyValueSpecification\",\"valueRequired\":true,\"valueName\":\"search_term_string\"}}],\"inLanguage\":\"vi\"},{\"@type\":\"Organization\",\"@id\":\"https:\/\/desireonline.shop\/vi\/#organization\",\"name\":\"Desire\",\"url\":\"https:\/\/desireonline.shop\/vi\/\",\"logo\":{\"@type\":\"ImageObject\",\"inLanguage\":\"vi\",\"@id\":\"https:\/\/desireonline.shop\/vi\/#\/schema\/logo\/image\/\",\"url\":\"https:\/\/desireonline.shop\/wp-content\/uploads\/2024\/06\/Logo-Thick-Font-1.webp\",\"contentUrl\":\"https:\/\/desireonline.shop\/wp-content\/uploads\/2024\/06\/Logo-Thick-Font-1.webp\",\"width\":268,\"height\":399,\"caption\":\"Desire\"},\"image\":{\"@id\":\"https:\/\/desireonline.shop\/vi\/#\/schema\/logo\/image\/\"}}]}<\/script>\n<!-- \/ Yoast SEO plugin. -->","yoast_head_json":{"title":"MisSweet Please Do Me Love M\u00e1y Rung Mini Bullet - Desire","robots":{"index":"index","follow":"follow","max-snippet":"max-snippet:-1","max-image-preview":"max-image-preview:large","max-video-preview":"max-video-preview:-1"},"canonical":"https:\/\/desireonline.shop\/vi\/san-pham\/missweet-please-do-me-love-may-rung-mini-bullet\/","og_locale":"vi_VN","og_type":"article","og_title":"MisSweet Please Do Me Love M\u00e1y Rung Mini Bullet - Desire","og_description":"\u0110\u01b0\u1ee3c thi\u1ebft k\u1ebf cho k\u00edch th\u00edch ch\u00ednh x\u00e1c v\u00e0 c\u1ea3m gi\u00e1c th\u1ecfa m\u00e3n, m\u00e1y rung mini bullet n\u00e0y c\u00f3 h\u00ecnh d\u00e1ng m\u01b0\u1ee3t m\u00e0 \u00f4m s\u00e1t c\u01a1 th\u1ec3 \u0111\u1ec3 mang l\u1ea1i&hellip;","og_url":"https:\/\/desireonline.shop\/vi\/san-pham\/missweet-please-do-me-love-may-rung-mini-bullet\/","og_site_name":"Desire","article_modified_time":"2026-03-10T05:36:22+00:00","og_image":[{"width":1000,"height":1000,"url":"https:\/\/desireonline.shop\/wp-content\/uploads\/2026\/02\/CN-390933082_00-3.jpg","type":"image\/jpeg"}],"twitter_card":"summary_large_image","twitter_misc":{"\u01af\u1edbc t\u00ednh th\u1eddi gian \u0111\u1ecdc":"1 ph\u00fat"},"schema":{"@context":"https:\/\/schema.org","@graph":[{"@type":"WebPage","@id":"https:\/\/desireonline.shop\/vi\/san-pham\/missweet-please-do-me-love-may-rung-mini-bullet\/","url":"https:\/\/desireonline.shop\/vi\/san-pham\/missweet-please-do-me-love-may-rung-mini-bullet\/","name":"MisSweet Please Do Me Love M\u00e1y Rung Mini Bullet - Desire","isPartOf":{"@id":"https:\/\/desireonline.shop\/vi\/#website"},"primaryImageOfPage":{"@id":"https:\/\/desireonline.shop\/vi\/san-pham\/missweet-please-do-me-love-may-rung-mini-bullet\/#primaryimage"},"image":{"@id":"https:\/\/desireonline.shop\/vi\/san-pham\/missweet-please-do-me-love-may-rung-mini-bullet\/#primaryimage"},"thumbnailUrl":"https:\/\/desireonline.shop\/wp-content\/uploads\/2026\/02\/CN-390933082_00-3.jpg","datePublished":"2026-02-17T11:13:09+00:00","dateModified":"2026-03-10T05:36:22+00:00","breadcrumb":{"@id":"https:\/\/desireonline.shop\/vi\/san-pham\/missweet-please-do-me-love-may-rung-mini-bullet\/#breadcrumb"},"inLanguage":"vi","potentialAction":[{"@type":"ReadAction","target":["https:\/\/desireonline.shop\/vi\/san-pham\/missweet-please-do-me-love-may-rung-mini-bullet\/"]}]},{"@type":"ImageObject","inLanguage":"vi","@id":"https:\/\/desireonline.shop\/vi\/san-pham\/missweet-please-do-me-love-may-rung-mini-bullet\/#primaryimage","url":"https:\/\/desireonline.shop\/wp-content\/uploads\/2026\/02\/CN-390933082_00-3.jpg","contentUrl":"https:\/\/desireonline.shop\/wp-content\/uploads\/2026\/02\/CN-390933082_00-3.jpg","width":1000,"height":1000},{"@type":"BreadcrumbList","@id":"https:\/\/desireonline.shop\/vi\/san-pham\/missweet-please-do-me-love-may-rung-mini-bullet\/#breadcrumb","itemListElement":[{"@type":"ListItem","position":1,"name":"Home","item":"https:\/\/desireonline.shop\/vi\/trang-chu\/?lang=vi"},{"@type":"ListItem","position":2,"name":"T\u1ea5t c\u1ea3 s\u1ea3n ph\u1ea9m","item":"https:\/\/desireonline.shop\/cua-hang\/?lang=vi"},{"@type":"ListItem","position":3,"name":"MisSweet Please Do Me Love M\u00e1y Rung Mini Bullet"}]},{"@type":"WebSite","@id":"https:\/\/desireonline.shop\/vi\/#website","url":"https:\/\/desireonline.shop\/vi\/","name":"Desire","description":"Sexual Wellness Platform","publisher":{"@id":"https:\/\/desireonline.shop\/vi\/#organization"},"potentialAction":[{"@type":"SearchAction","target":{"@type":"EntryPoint","urlTemplate":"https:\/\/desireonline.shop\/vi\/?s={search_term_string}"},"query-input":{"@type":"PropertyValueSpecification","valueRequired":true,"valueName":"search_term_string"}}],"inLanguage":"vi"},{"@type":"Organization","@id":"https:\/\/desireonline.shop\/vi\/#organization","name":"Desire","url":"https:\/\/desireonline.shop\/vi\/","logo":{"@type":"ImageObject","inLanguage":"vi","@id":"https:\/\/desireonline.shop\/vi\/#\/schema\/logo\/image\/","url":"https:\/\/desireonline.shop\/wp-content\/uploads\/2024\/06\/Logo-Thick-Font-1.webp","contentUrl":"https:\/\/desireonline.shop\/wp-content\/uploads\/2024\/06\/Logo-Thick-Font-1.webp","width":268,"height":399,"caption":"Desire"},"image":{"@id":"https:\/\/desireonline.shop\/vi\/#\/schema\/logo\/image\/"}}]}},"_links":{"self":[{"href":"https:\/\/desireonline.shop\/vi\/wp-json\/wp\/v2\/product\/65637","targetHints":{"allow":["GET"]}}],"collection":[{"href":"https:\/\/desireonline.shop\/vi\/wp-json\/wp\/v2\/product"}],"about":[{"href":"https:\/\/desireonline.shop\/vi\/wp-json\/wp\/v2\/types\/product"}],"replies":[{"embeddable":true,"href":"https:\/\/desireonline.shop\/vi\/wp-json\/wp\/v2\/comments?post=65637"}],"version-history":[{"count":0,"href":"https:\/\/desireonline.shop\/vi\/wp-json\/wp\/v2\/product\/65637\/revisions"}],"wp:featuredmedia":[{"embeddable":true,"href":"https:\/\/desireonline.shop\/vi\/wp-json\/wp\/v2\/media\/63677"}],"wp:attachment":[{"href":"https:\/\/desireonline.shop\/vi\/wp-json\/wp\/v2\/media?parent=65637"}],"wp:term":[{"taxonomy":"product_brand","embeddable":true,"href":"https:\/\/desireonline.shop\/vi\/wp-json\/wp\/v2\/product_brand?post=65637"},{"taxonomy":"product_cat","embeddable":true,"href":"https:\/\/desireonline.shop\/vi\/wp-json\/wp\/v2\/product_cat?post=65637"},{"taxonomy":"product_tag","embeddable":true,"href":"https:\/\/desireonline.shop\/vi\/wp-json\/wp\/v2\/product_tag?post=65637"}],"curies":[{"name":"wp","href":"https:\/\/api.w.org\/{rel}","templated":true}]}}