{"id":65677,"date":"2026-02-17T11:14:04","date_gmt":"2026-02-17T11:14:04","guid":{"rendered":"https:\/\/desireonline.shop\/product\/missweet-finger-vibe-pink-may-rung-am-vat\/"},"modified":"2026-03-10T05:36:06","modified_gmt":"2026-03-10T05:36:06","slug":"missweet-finger-vibe-pink-may-rung-am-vat","status":"publish","type":"product","link":"https:\/\/desireonline.shop\/vi\/san-pham\/missweet-finger-vibe-pink-may-rung-am-vat\/","title":{"rendered":"MisSweet Finger Vibe Pink M\u00e1y Rung \u00c2m V\u1eadt"},"content":{"rendered":"<p>\u0110\u01b0\u1ee3c thi\u1ebft k\u1ebf cho k\u00edch th\u00edch ch\u00ednh x\u00e1c v\u00e0 d\u1ec5 ki\u1ec3m so\u00e1t, m\u00e1y rung \u00e2m v\u1eadt ki\u1ec3u \u0111eo ng\u00f3n tay n\u00e0y cho ph\u00e9p b\u1ea1n \u0111i\u1ec1u h\u01b0\u1edbng c\u1ea3m gi\u00e1c \u0111\u00fang v\u1ecb tr\u00ed mong mu\u1ed1n. Thi\u1ebft k\u1ebf nh\u1ecf g\u1ecdn v\u00e0 m\u01b0\u1ee3t m\u00e0 gi\u00fap s\u1ea3n ph\u1ea9m d\u1ec5 s\u1eed d\u1ee5ng trong khi v\u1eabn mang l\u1ea1i s\u1ef1 tho\u1ea3i m\u00e1i khi ti\u1ebfp x\u00fac v\u1edbi c\u01a1 th\u1ec3.<\/p>\n<p>V\u1edbi b\u1ea3y ch\u1ebf \u0111\u1ed9 rung \u0111\u1ec3 l\u1ef1a ch\u1ecdn, s\u1ea3n ph\u1ea9m mang \u0111\u1ebfn nhi\u1ec1u m\u1ee9c c\u1ea3m gi\u00e1c kh\u00e1c nhau, t\u1eeb k\u00edch th\u00edch nh\u1eb9 nh\u00e0ng \u0111\u1ebfn c\u00e1c nh\u1ecbp rung m\u1ea1nh v\u00e0 r\u00f5 r\u1ec7t h\u01a1n. Ch\u1ed1ng n\u01b0\u1edbc v\u00e0 d\u1ec5 v\u1ec7 sinh, \u0111\u00e2y l\u00e0 l\u1ef1a ch\u1ecdn l\u00fd t\u01b0\u1edfng cho nh\u1eefng kho\u1ea3nh kh\u1eafc c\u00e1 nh\u00e2n t\u1eadp trung ho\u1eb7c \u0111\u1ec3 t\u0103ng th\u00eam c\u1ea3m gi\u00e1c trong tr\u1ea3i nghi\u1ec7m th\u00e2n m\u1eadt c\u00f9ng b\u1ea1n \u0111\u1eddi.<\/p>\n","protected":false},"excerpt":{"rendered":"<p>\u0110\u01b0\u1ee3c thi\u1ebft k\u1ebf cho k\u00edch th\u00edch ch\u00ednh x\u00e1c v\u00e0 d\u1ec5 ki\u1ec3m so\u00e1t, m\u00e1y rung \u00e2m v\u1eadt ki\u1ec3u \u0111eo ng\u00f3n tay n\u00e0y cho ph\u00e9p b\u1ea1n \u0111i\u1ec1u h\u01b0\u1edbng c\u1ea3m gi\u00e1c \u0111\u00fang v\u1ecb&hellip;<\/p>\n","protected":false},"featured_media":63735,"comment_status":"open","ping_status":"closed","template":"","meta":{"_acf_changed":false},"product_brand":[],"product_cat":[1435],"product_tag":[],"class_list":{"0":"post-65677","1":"product","2":"type-product","3":"status-publish","4":"has-post-thumbnail","6":"product_cat-may-rung-kich-thich-ngoai","8":"first","9":"instock","10":"shipping-taxable","11":"purchasable","12":"product-type-variable"},"acf":[],"yoast_head":"<!-- This site is optimized with the Yoast SEO plugin v27.1.1 - https:\/\/yoast.com\/product\/yoast-seo-wordpress\/ -->\n<title>MisSweet Finger Vibe Pink M\u00e1y Rung \u00c2m V\u1eadt - Desire<\/title>\n<meta name=\"robots\" content=\"index, follow, max-snippet:-1, max-image-preview:large, max-video-preview:-1\" \/>\n<link rel=\"canonical\" href=\"https:\/\/desireonline.shop\/vi\/san-pham\/missweet-finger-vibe-pink-may-rung-am-vat\/\" \/>\n<meta property=\"og:locale\" content=\"vi_VN\" \/>\n<meta property=\"og:type\" content=\"article\" \/>\n<meta property=\"og:title\" content=\"MisSweet Finger Vibe Pink M\u00e1y Rung \u00c2m V\u1eadt - Desire\" \/>\n<meta property=\"og:description\" content=\"\u0110\u01b0\u1ee3c thi\u1ebft k\u1ebf cho k\u00edch th\u00edch ch\u00ednh x\u00e1c v\u00e0 d\u1ec5 ki\u1ec3m so\u00e1t, m\u00e1y rung \u00e2m v\u1eadt ki\u1ec3u \u0111eo ng\u00f3n tay n\u00e0y cho ph\u00e9p b\u1ea1n \u0111i\u1ec1u h\u01b0\u1edbng c\u1ea3m gi\u00e1c \u0111\u00fang v\u1ecb&hellip;\" \/>\n<meta property=\"og:url\" content=\"https:\/\/desireonline.shop\/vi\/san-pham\/missweet-finger-vibe-pink-may-rung-am-vat\/\" \/>\n<meta property=\"og:site_name\" content=\"Desire\" \/>\n<meta property=\"article:modified_time\" content=\"2026-03-10T05:36:06+00:00\" \/>\n<meta property=\"og:image\" content=\"https:\/\/desireonline.shop\/wp-content\/uploads\/2026\/02\/CN-371312210_00-3.jpg\" \/>\n\t<meta property=\"og:image:width\" content=\"1000\" \/>\n\t<meta property=\"og:image:height\" content=\"1000\" \/>\n\t<meta property=\"og:image:type\" content=\"image\/jpeg\" \/>\n<meta name=\"twitter:card\" content=\"summary_large_image\" \/>\n<meta name=\"twitter:label1\" content=\"\u01af\u1edbc t\u00ednh th\u1eddi gian \u0111\u1ecdc\" \/>\n\t<meta name=\"twitter:data1\" content=\"1 ph\u00fat\" \/>\n<script type=\"application\/ld+json\" class=\"yoast-schema-graph\">{\"@context\":\"https:\/\/schema.org\",\"@graph\":[{\"@type\":\"WebPage\",\"@id\":\"https:\/\/desireonline.shop\/vi\/san-pham\/missweet-finger-vibe-pink-may-rung-am-vat\/\",\"url\":\"https:\/\/desireonline.shop\/vi\/san-pham\/missweet-finger-vibe-pink-may-rung-am-vat\/\",\"name\":\"MisSweet Finger Vibe Pink M\u00e1y Rung \u00c2m V\u1eadt - Desire\",\"isPartOf\":{\"@id\":\"https:\/\/desireonline.shop\/vi\/#website\"},\"primaryImageOfPage\":{\"@id\":\"https:\/\/desireonline.shop\/vi\/san-pham\/missweet-finger-vibe-pink-may-rung-am-vat\/#primaryimage\"},\"image\":{\"@id\":\"https:\/\/desireonline.shop\/vi\/san-pham\/missweet-finger-vibe-pink-may-rung-am-vat\/#primaryimage\"},\"thumbnailUrl\":\"https:\/\/desireonline.shop\/wp-content\/uploads\/2026\/02\/CN-371312210_00-3.jpg\",\"datePublished\":\"2026-02-17T11:14:04+00:00\",\"dateModified\":\"2026-03-10T05:36:06+00:00\",\"breadcrumb\":{\"@id\":\"https:\/\/desireonline.shop\/vi\/san-pham\/missweet-finger-vibe-pink-may-rung-am-vat\/#breadcrumb\"},\"inLanguage\":\"vi\",\"potentialAction\":[{\"@type\":\"ReadAction\",\"target\":[\"https:\/\/desireonline.shop\/vi\/san-pham\/missweet-finger-vibe-pink-may-rung-am-vat\/\"]}]},{\"@type\":\"ImageObject\",\"inLanguage\":\"vi\",\"@id\":\"https:\/\/desireonline.shop\/vi\/san-pham\/missweet-finger-vibe-pink-may-rung-am-vat\/#primaryimage\",\"url\":\"https:\/\/desireonline.shop\/wp-content\/uploads\/2026\/02\/CN-371312210_00-3.jpg\",\"contentUrl\":\"https:\/\/desireonline.shop\/wp-content\/uploads\/2026\/02\/CN-371312210_00-3.jpg\",\"width\":1000,\"height\":1000},{\"@type\":\"BreadcrumbList\",\"@id\":\"https:\/\/desireonline.shop\/vi\/san-pham\/missweet-finger-vibe-pink-may-rung-am-vat\/#breadcrumb\",\"itemListElement\":[{\"@type\":\"ListItem\",\"position\":1,\"name\":\"Home\",\"item\":\"https:\/\/desireonline.shop\/vi\/trang-chu\/?lang=vi\"},{\"@type\":\"ListItem\",\"position\":2,\"name\":\"T\u1ea5t c\u1ea3 s\u1ea3n ph\u1ea9m\",\"item\":\"https:\/\/desireonline.shop\/cua-hang\/?lang=vi\"},{\"@type\":\"ListItem\",\"position\":3,\"name\":\"MisSweet Finger Vibe Pink M\u00e1y Rung \u00c2m V\u1eadt\"}]},{\"@type\":\"WebSite\",\"@id\":\"https:\/\/desireonline.shop\/vi\/#website\",\"url\":\"https:\/\/desireonline.shop\/vi\/\",\"name\":\"Desire\",\"description\":\"Sexual Wellness Platform\",\"publisher\":{\"@id\":\"https:\/\/desireonline.shop\/vi\/#organization\"},\"potentialAction\":[{\"@type\":\"SearchAction\",\"target\":{\"@type\":\"EntryPoint\",\"urlTemplate\":\"https:\/\/desireonline.shop\/vi\/?s={search_term_string}\"},\"query-input\":{\"@type\":\"PropertyValueSpecification\",\"valueRequired\":true,\"valueName\":\"search_term_string\"}}],\"inLanguage\":\"vi\"},{\"@type\":\"Organization\",\"@id\":\"https:\/\/desireonline.shop\/vi\/#organization\",\"name\":\"Desire\",\"url\":\"https:\/\/desireonline.shop\/vi\/\",\"logo\":{\"@type\":\"ImageObject\",\"inLanguage\":\"vi\",\"@id\":\"https:\/\/desireonline.shop\/vi\/#\/schema\/logo\/image\/\",\"url\":\"https:\/\/desireonline.shop\/wp-content\/uploads\/2024\/06\/Logo-Thick-Font-1.webp\",\"contentUrl\":\"https:\/\/desireonline.shop\/wp-content\/uploads\/2024\/06\/Logo-Thick-Font-1.webp\",\"width\":268,\"height\":399,\"caption\":\"Desire\"},\"image\":{\"@id\":\"https:\/\/desireonline.shop\/vi\/#\/schema\/logo\/image\/\"}}]}<\/script>\n<!-- \/ Yoast SEO plugin. -->","yoast_head_json":{"title":"MisSweet Finger Vibe Pink M\u00e1y Rung \u00c2m V\u1eadt - Desire","robots":{"index":"index","follow":"follow","max-snippet":"max-snippet:-1","max-image-preview":"max-image-preview:large","max-video-preview":"max-video-preview:-1"},"canonical":"https:\/\/desireonline.shop\/vi\/san-pham\/missweet-finger-vibe-pink-may-rung-am-vat\/","og_locale":"vi_VN","og_type":"article","og_title":"MisSweet Finger Vibe Pink M\u00e1y Rung \u00c2m V\u1eadt - Desire","og_description":"\u0110\u01b0\u1ee3c thi\u1ebft k\u1ebf cho k\u00edch th\u00edch ch\u00ednh x\u00e1c v\u00e0 d\u1ec5 ki\u1ec3m so\u00e1t, m\u00e1y rung \u00e2m v\u1eadt ki\u1ec3u \u0111eo ng\u00f3n tay n\u00e0y cho ph\u00e9p b\u1ea1n \u0111i\u1ec1u h\u01b0\u1edbng c\u1ea3m gi\u00e1c \u0111\u00fang v\u1ecb&hellip;","og_url":"https:\/\/desireonline.shop\/vi\/san-pham\/missweet-finger-vibe-pink-may-rung-am-vat\/","og_site_name":"Desire","article_modified_time":"2026-03-10T05:36:06+00:00","og_image":[{"width":1000,"height":1000,"url":"https:\/\/desireonline.shop\/wp-content\/uploads\/2026\/02\/CN-371312210_00-3.jpg","type":"image\/jpeg"}],"twitter_card":"summary_large_image","twitter_misc":{"\u01af\u1edbc t\u00ednh th\u1eddi gian \u0111\u1ecdc":"1 ph\u00fat"},"schema":{"@context":"https:\/\/schema.org","@graph":[{"@type":"WebPage","@id":"https:\/\/desireonline.shop\/vi\/san-pham\/missweet-finger-vibe-pink-may-rung-am-vat\/","url":"https:\/\/desireonline.shop\/vi\/san-pham\/missweet-finger-vibe-pink-may-rung-am-vat\/","name":"MisSweet Finger Vibe Pink M\u00e1y Rung \u00c2m V\u1eadt - Desire","isPartOf":{"@id":"https:\/\/desireonline.shop\/vi\/#website"},"primaryImageOfPage":{"@id":"https:\/\/desireonline.shop\/vi\/san-pham\/missweet-finger-vibe-pink-may-rung-am-vat\/#primaryimage"},"image":{"@id":"https:\/\/desireonline.shop\/vi\/san-pham\/missweet-finger-vibe-pink-may-rung-am-vat\/#primaryimage"},"thumbnailUrl":"https:\/\/desireonline.shop\/wp-content\/uploads\/2026\/02\/CN-371312210_00-3.jpg","datePublished":"2026-02-17T11:14:04+00:00","dateModified":"2026-03-10T05:36:06+00:00","breadcrumb":{"@id":"https:\/\/desireonline.shop\/vi\/san-pham\/missweet-finger-vibe-pink-may-rung-am-vat\/#breadcrumb"},"inLanguage":"vi","potentialAction":[{"@type":"ReadAction","target":["https:\/\/desireonline.shop\/vi\/san-pham\/missweet-finger-vibe-pink-may-rung-am-vat\/"]}]},{"@type":"ImageObject","inLanguage":"vi","@id":"https:\/\/desireonline.shop\/vi\/san-pham\/missweet-finger-vibe-pink-may-rung-am-vat\/#primaryimage","url":"https:\/\/desireonline.shop\/wp-content\/uploads\/2026\/02\/CN-371312210_00-3.jpg","contentUrl":"https:\/\/desireonline.shop\/wp-content\/uploads\/2026\/02\/CN-371312210_00-3.jpg","width":1000,"height":1000},{"@type":"BreadcrumbList","@id":"https:\/\/desireonline.shop\/vi\/san-pham\/missweet-finger-vibe-pink-may-rung-am-vat\/#breadcrumb","itemListElement":[{"@type":"ListItem","position":1,"name":"Home","item":"https:\/\/desireonline.shop\/vi\/trang-chu\/?lang=vi"},{"@type":"ListItem","position":2,"name":"T\u1ea5t c\u1ea3 s\u1ea3n ph\u1ea9m","item":"https:\/\/desireonline.shop\/cua-hang\/?lang=vi"},{"@type":"ListItem","position":3,"name":"MisSweet Finger Vibe Pink M\u00e1y Rung \u00c2m V\u1eadt"}]},{"@type":"WebSite","@id":"https:\/\/desireonline.shop\/vi\/#website","url":"https:\/\/desireonline.shop\/vi\/","name":"Desire","description":"Sexual Wellness Platform","publisher":{"@id":"https:\/\/desireonline.shop\/vi\/#organization"},"potentialAction":[{"@type":"SearchAction","target":{"@type":"EntryPoint","urlTemplate":"https:\/\/desireonline.shop\/vi\/?s={search_term_string}"},"query-input":{"@type":"PropertyValueSpecification","valueRequired":true,"valueName":"search_term_string"}}],"inLanguage":"vi"},{"@type":"Organization","@id":"https:\/\/desireonline.shop\/vi\/#organization","name":"Desire","url":"https:\/\/desireonline.shop\/vi\/","logo":{"@type":"ImageObject","inLanguage":"vi","@id":"https:\/\/desireonline.shop\/vi\/#\/schema\/logo\/image\/","url":"https:\/\/desireonline.shop\/wp-content\/uploads\/2024\/06\/Logo-Thick-Font-1.webp","contentUrl":"https:\/\/desireonline.shop\/wp-content\/uploads\/2024\/06\/Logo-Thick-Font-1.webp","width":268,"height":399,"caption":"Desire"},"image":{"@id":"https:\/\/desireonline.shop\/vi\/#\/schema\/logo\/image\/"}}]}},"_links":{"self":[{"href":"https:\/\/desireonline.shop\/vi\/wp-json\/wp\/v2\/product\/65677","targetHints":{"allow":["GET"]}}],"collection":[{"href":"https:\/\/desireonline.shop\/vi\/wp-json\/wp\/v2\/product"}],"about":[{"href":"https:\/\/desireonline.shop\/vi\/wp-json\/wp\/v2\/types\/product"}],"replies":[{"embeddable":true,"href":"https:\/\/desireonline.shop\/vi\/wp-json\/wp\/v2\/comments?post=65677"}],"version-history":[{"count":0,"href":"https:\/\/desireonline.shop\/vi\/wp-json\/wp\/v2\/product\/65677\/revisions"}],"wp:featuredmedia":[{"embeddable":true,"href":"https:\/\/desireonline.shop\/vi\/wp-json\/wp\/v2\/media\/63735"}],"wp:attachment":[{"href":"https:\/\/desireonline.shop\/vi\/wp-json\/wp\/v2\/media?parent=65677"}],"wp:term":[{"taxonomy":"product_brand","embeddable":true,"href":"https:\/\/desireonline.shop\/vi\/wp-json\/wp\/v2\/product_brand?post=65677"},{"taxonomy":"product_cat","embeddable":true,"href":"https:\/\/desireonline.shop\/vi\/wp-json\/wp\/v2\/product_cat?post=65677"},{"taxonomy":"product_tag","embeddable":true,"href":"https:\/\/desireonline.shop\/vi\/wp-json\/wp\/v2\/product_tag?post=65677"}],"curies":[{"name":"wp","href":"https:\/\/api.w.org\/{rel}","templated":true}]}}