{"id":65686,"date":"2026-02-17T11:14:34","date_gmt":"2026-02-17T11:14:34","guid":{"rendered":"https:\/\/desireonline.shop\/product\/missweet-heart-chuoi-hau-mon\/"},"modified":"2026-03-10T05:36:07","modified_gmt":"2026-03-10T05:36:07","slug":"missweet-heart-chuoi-hau-mon","status":"publish","type":"product","link":"https:\/\/desireonline.shop\/vi\/san-pham\/missweet-heart-chuoi-hau-mon\/","title":{"rendered":"MisSweet Heart Chu\u1ed7i H\u1eadu M\u00f4n"},"content":{"rendered":"<p>\u0110\u01b0\u1ee3c thi\u1ebft k\u1ebf cho vi\u1ec7c kh\u00e1m ph\u00e1 t\u1eeb t\u1eeb, chu\u1ed7i h\u1eadu m\u00f4n n\u00e0y c\u00f3 c\u00e1c h\u1ea1t k\u00edch th\u01b0\u1edbc t\u0103ng d\u1ea7n v\u1edbi thi\u1ebft k\u1ebf m\u1ec1m m\u1ea1i v\u00e0 linh ho\u1ea1t, gi\u00fap c\u1ea3m gi\u00e1c \u0111\u01b0\u1ee3c x\u00e2y d\u1ef1ng t\u1eebng b\u01b0\u1edbc qua m\u1ed7i h\u1ea1t. K\u00edch th\u01b0\u1edbc t\u0103ng d\u1ea7n khuy\u1ebfn kh\u00edch qu\u00e1 tr\u00ecnh kh\u00e1m ph\u00e1 ch\u1eadm r\u00e3i v\u00e0 tho\u1ea3i m\u00e1i, ph\u00f9 h\u1ee3p cho vi\u1ec7c l\u00e0m quen v\u00e0 tr\u1ea3i nghi\u1ec7m nh\u1eb9 nh\u00e0ng.<\/p>\n<p>Ph\u1ea7n v\u00f2ng k\u00e9o ti\u1ec7n l\u1ee3i gi\u00fap vi\u1ec7c th\u00e1o ra tr\u1edf n\u00ean d\u1ec5 d\u00e0ng v\u00e0 an to\u00e0n h\u01a1n khi s\u1eed d\u1ee5ng. M\u1ed9t l\u1ef1a ch\u1ecdn vui nh\u1ed9n cho nh\u1eefng ai th\u00edch c\u1ea3m gi\u00e1c tr\u00eau \u0111\u00f9a nh\u1eb9 nh\u00e0ng v\u00e0 mu\u1ed1n kh\u00e1m ph\u00e1 theo nh\u1ecbp \u0111\u1ed9 ri\u00eang c\u1ee7a m\u00ecnh.<\/p>\n","protected":false},"excerpt":{"rendered":"<p>\u0110\u01b0\u1ee3c thi\u1ebft k\u1ebf cho vi\u1ec7c kh\u00e1m ph\u00e1 t\u1eeb t\u1eeb, chu\u1ed7i h\u1eadu m\u00f4n n\u00e0y c\u00f3 c\u00e1c h\u1ea1t k\u00edch th\u01b0\u1edbc t\u0103ng d\u1ea7n v\u1edbi thi\u1ebft k\u1ebf m\u1ec1m m\u1ea1i v\u00e0 linh ho\u1ea1t, gi\u00fap c\u1ea3m&hellip;<\/p>\n","protected":false},"featured_media":63758,"comment_status":"open","ping_status":"closed","template":"","meta":{"_acf_changed":false},"product_brand":[],"product_cat":[1415],"product_tag":[],"class_list":{"0":"post-65686","1":"product","2":"type-product","3":"status-publish","4":"has-post-thumbnail","6":"product_cat-chuoi-hau-mon","8":"first","9":"instock","10":"shipping-taxable","11":"purchasable","12":"product-type-variable"},"acf":[],"yoast_head":"<!-- This site is optimized with the Yoast SEO plugin v27.1.1 - https:\/\/yoast.com\/product\/yoast-seo-wordpress\/ -->\n<title>MisSweet Heart Chu\u1ed7i H\u1eadu M\u00f4n - Desire<\/title>\n<meta name=\"robots\" content=\"index, follow, max-snippet:-1, max-image-preview:large, max-video-preview:-1\" \/>\n<link rel=\"canonical\" href=\"https:\/\/desireonline.shop\/vi\/san-pham\/missweet-heart-chuoi-hau-mon\/\" \/>\n<meta property=\"og:locale\" content=\"vi_VN\" \/>\n<meta property=\"og:type\" content=\"article\" \/>\n<meta property=\"og:title\" content=\"MisSweet Heart Chu\u1ed7i H\u1eadu M\u00f4n - Desire\" \/>\n<meta property=\"og:description\" content=\"\u0110\u01b0\u1ee3c thi\u1ebft k\u1ebf cho vi\u1ec7c kh\u00e1m ph\u00e1 t\u1eeb t\u1eeb, chu\u1ed7i h\u1eadu m\u00f4n n\u00e0y c\u00f3 c\u00e1c h\u1ea1t k\u00edch th\u01b0\u1edbc t\u0103ng d\u1ea7n v\u1edbi thi\u1ebft k\u1ebf m\u1ec1m m\u1ea1i v\u00e0 linh ho\u1ea1t, gi\u00fap c\u1ea3m&hellip;\" \/>\n<meta property=\"og:url\" content=\"https:\/\/desireonline.shop\/vi\/san-pham\/missweet-heart-chuoi-hau-mon\/\" \/>\n<meta property=\"og:site_name\" content=\"Desire\" \/>\n<meta property=\"article:modified_time\" content=\"2026-03-10T05:36:07+00:00\" \/>\n<meta property=\"og:image\" content=\"https:\/\/desireonline.shop\/wp-content\/uploads\/2026\/02\/CN-511489572_00-3.jpg\" \/>\n\t<meta property=\"og:image:width\" content=\"1000\" \/>\n\t<meta property=\"og:image:height\" content=\"1099\" \/>\n\t<meta property=\"og:image:type\" content=\"image\/jpeg\" \/>\n<meta name=\"twitter:card\" content=\"summary_large_image\" \/>\n<meta name=\"twitter:label1\" content=\"\u01af\u1edbc t\u00ednh th\u1eddi gian \u0111\u1ecdc\" \/>\n\t<meta name=\"twitter:data1\" content=\"1 ph\u00fat\" \/>\n<script type=\"application\/ld+json\" class=\"yoast-schema-graph\">{\"@context\":\"https:\/\/schema.org\",\"@graph\":[{\"@type\":\"WebPage\",\"@id\":\"https:\/\/desireonline.shop\/vi\/san-pham\/missweet-heart-chuoi-hau-mon\/\",\"url\":\"https:\/\/desireonline.shop\/vi\/san-pham\/missweet-heart-chuoi-hau-mon\/\",\"name\":\"MisSweet Heart Chu\u1ed7i H\u1eadu M\u00f4n - Desire\",\"isPartOf\":{\"@id\":\"https:\/\/desireonline.shop\/vi\/#website\"},\"primaryImageOfPage\":{\"@id\":\"https:\/\/desireonline.shop\/vi\/san-pham\/missweet-heart-chuoi-hau-mon\/#primaryimage\"},\"image\":{\"@id\":\"https:\/\/desireonline.shop\/vi\/san-pham\/missweet-heart-chuoi-hau-mon\/#primaryimage\"},\"thumbnailUrl\":\"https:\/\/desireonline.shop\/wp-content\/uploads\/2026\/02\/CN-511489572_00-3.jpg\",\"datePublished\":\"2026-02-17T11:14:34+00:00\",\"dateModified\":\"2026-03-10T05:36:07+00:00\",\"breadcrumb\":{\"@id\":\"https:\/\/desireonline.shop\/vi\/san-pham\/missweet-heart-chuoi-hau-mon\/#breadcrumb\"},\"inLanguage\":\"vi\",\"potentialAction\":[{\"@type\":\"ReadAction\",\"target\":[\"https:\/\/desireonline.shop\/vi\/san-pham\/missweet-heart-chuoi-hau-mon\/\"]}]},{\"@type\":\"ImageObject\",\"inLanguage\":\"vi\",\"@id\":\"https:\/\/desireonline.shop\/vi\/san-pham\/missweet-heart-chuoi-hau-mon\/#primaryimage\",\"url\":\"https:\/\/desireonline.shop\/wp-content\/uploads\/2026\/02\/CN-511489572_00-3.jpg\",\"contentUrl\":\"https:\/\/desireonline.shop\/wp-content\/uploads\/2026\/02\/CN-511489572_00-3.jpg\",\"width\":1000,\"height\":1099},{\"@type\":\"BreadcrumbList\",\"@id\":\"https:\/\/desireonline.shop\/vi\/san-pham\/missweet-heart-chuoi-hau-mon\/#breadcrumb\",\"itemListElement\":[{\"@type\":\"ListItem\",\"position\":1,\"name\":\"Home\",\"item\":\"https:\/\/desireonline.shop\/vi\/trang-chu\/?lang=vi\"},{\"@type\":\"ListItem\",\"position\":2,\"name\":\"T\u1ea5t c\u1ea3 s\u1ea3n ph\u1ea9m\",\"item\":\"https:\/\/desireonline.shop\/cua-hang\/?lang=vi\"},{\"@type\":\"ListItem\",\"position\":3,\"name\":\"MisSweet Heart Chu\u1ed7i H\u1eadu M\u00f4n\"}]},{\"@type\":\"WebSite\",\"@id\":\"https:\/\/desireonline.shop\/vi\/#website\",\"url\":\"https:\/\/desireonline.shop\/vi\/\",\"name\":\"Desire\",\"description\":\"Sexual Wellness Platform\",\"publisher\":{\"@id\":\"https:\/\/desireonline.shop\/vi\/#organization\"},\"potentialAction\":[{\"@type\":\"SearchAction\",\"target\":{\"@type\":\"EntryPoint\",\"urlTemplate\":\"https:\/\/desireonline.shop\/vi\/?s={search_term_string}\"},\"query-input\":{\"@type\":\"PropertyValueSpecification\",\"valueRequired\":true,\"valueName\":\"search_term_string\"}}],\"inLanguage\":\"vi\"},{\"@type\":\"Organization\",\"@id\":\"https:\/\/desireonline.shop\/vi\/#organization\",\"name\":\"Desire\",\"url\":\"https:\/\/desireonline.shop\/vi\/\",\"logo\":{\"@type\":\"ImageObject\",\"inLanguage\":\"vi\",\"@id\":\"https:\/\/desireonline.shop\/vi\/#\/schema\/logo\/image\/\",\"url\":\"https:\/\/desireonline.shop\/wp-content\/uploads\/2024\/06\/Logo-Thick-Font-1.webp\",\"contentUrl\":\"https:\/\/desireonline.shop\/wp-content\/uploads\/2024\/06\/Logo-Thick-Font-1.webp\",\"width\":268,\"height\":399,\"caption\":\"Desire\"},\"image\":{\"@id\":\"https:\/\/desireonline.shop\/vi\/#\/schema\/logo\/image\/\"}}]}<\/script>\n<!-- \/ Yoast SEO plugin. -->","yoast_head_json":{"title":"MisSweet Heart Chu\u1ed7i H\u1eadu M\u00f4n - Desire","robots":{"index":"index","follow":"follow","max-snippet":"max-snippet:-1","max-image-preview":"max-image-preview:large","max-video-preview":"max-video-preview:-1"},"canonical":"https:\/\/desireonline.shop\/vi\/san-pham\/missweet-heart-chuoi-hau-mon\/","og_locale":"vi_VN","og_type":"article","og_title":"MisSweet Heart Chu\u1ed7i H\u1eadu M\u00f4n - Desire","og_description":"\u0110\u01b0\u1ee3c thi\u1ebft k\u1ebf cho vi\u1ec7c kh\u00e1m ph\u00e1 t\u1eeb t\u1eeb, chu\u1ed7i h\u1eadu m\u00f4n n\u00e0y c\u00f3 c\u00e1c h\u1ea1t k\u00edch th\u01b0\u1edbc t\u0103ng d\u1ea7n v\u1edbi thi\u1ebft k\u1ebf m\u1ec1m m\u1ea1i v\u00e0 linh ho\u1ea1t, gi\u00fap c\u1ea3m&hellip;","og_url":"https:\/\/desireonline.shop\/vi\/san-pham\/missweet-heart-chuoi-hau-mon\/","og_site_name":"Desire","article_modified_time":"2026-03-10T05:36:07+00:00","og_image":[{"width":1000,"height":1099,"url":"https:\/\/desireonline.shop\/wp-content\/uploads\/2026\/02\/CN-511489572_00-3.jpg","type":"image\/jpeg"}],"twitter_card":"summary_large_image","twitter_misc":{"\u01af\u1edbc t\u00ednh th\u1eddi gian \u0111\u1ecdc":"1 ph\u00fat"},"schema":{"@context":"https:\/\/schema.org","@graph":[{"@type":"WebPage","@id":"https:\/\/desireonline.shop\/vi\/san-pham\/missweet-heart-chuoi-hau-mon\/","url":"https:\/\/desireonline.shop\/vi\/san-pham\/missweet-heart-chuoi-hau-mon\/","name":"MisSweet Heart Chu\u1ed7i H\u1eadu M\u00f4n - Desire","isPartOf":{"@id":"https:\/\/desireonline.shop\/vi\/#website"},"primaryImageOfPage":{"@id":"https:\/\/desireonline.shop\/vi\/san-pham\/missweet-heart-chuoi-hau-mon\/#primaryimage"},"image":{"@id":"https:\/\/desireonline.shop\/vi\/san-pham\/missweet-heart-chuoi-hau-mon\/#primaryimage"},"thumbnailUrl":"https:\/\/desireonline.shop\/wp-content\/uploads\/2026\/02\/CN-511489572_00-3.jpg","datePublished":"2026-02-17T11:14:34+00:00","dateModified":"2026-03-10T05:36:07+00:00","breadcrumb":{"@id":"https:\/\/desireonline.shop\/vi\/san-pham\/missweet-heart-chuoi-hau-mon\/#breadcrumb"},"inLanguage":"vi","potentialAction":[{"@type":"ReadAction","target":["https:\/\/desireonline.shop\/vi\/san-pham\/missweet-heart-chuoi-hau-mon\/"]}]},{"@type":"ImageObject","inLanguage":"vi","@id":"https:\/\/desireonline.shop\/vi\/san-pham\/missweet-heart-chuoi-hau-mon\/#primaryimage","url":"https:\/\/desireonline.shop\/wp-content\/uploads\/2026\/02\/CN-511489572_00-3.jpg","contentUrl":"https:\/\/desireonline.shop\/wp-content\/uploads\/2026\/02\/CN-511489572_00-3.jpg","width":1000,"height":1099},{"@type":"BreadcrumbList","@id":"https:\/\/desireonline.shop\/vi\/san-pham\/missweet-heart-chuoi-hau-mon\/#breadcrumb","itemListElement":[{"@type":"ListItem","position":1,"name":"Home","item":"https:\/\/desireonline.shop\/vi\/trang-chu\/?lang=vi"},{"@type":"ListItem","position":2,"name":"T\u1ea5t c\u1ea3 s\u1ea3n ph\u1ea9m","item":"https:\/\/desireonline.shop\/cua-hang\/?lang=vi"},{"@type":"ListItem","position":3,"name":"MisSweet Heart Chu\u1ed7i H\u1eadu M\u00f4n"}]},{"@type":"WebSite","@id":"https:\/\/desireonline.shop\/vi\/#website","url":"https:\/\/desireonline.shop\/vi\/","name":"Desire","description":"Sexual Wellness Platform","publisher":{"@id":"https:\/\/desireonline.shop\/vi\/#organization"},"potentialAction":[{"@type":"SearchAction","target":{"@type":"EntryPoint","urlTemplate":"https:\/\/desireonline.shop\/vi\/?s={search_term_string}"},"query-input":{"@type":"PropertyValueSpecification","valueRequired":true,"valueName":"search_term_string"}}],"inLanguage":"vi"},{"@type":"Organization","@id":"https:\/\/desireonline.shop\/vi\/#organization","name":"Desire","url":"https:\/\/desireonline.shop\/vi\/","logo":{"@type":"ImageObject","inLanguage":"vi","@id":"https:\/\/desireonline.shop\/vi\/#\/schema\/logo\/image\/","url":"https:\/\/desireonline.shop\/wp-content\/uploads\/2024\/06\/Logo-Thick-Font-1.webp","contentUrl":"https:\/\/desireonline.shop\/wp-content\/uploads\/2024\/06\/Logo-Thick-Font-1.webp","width":268,"height":399,"caption":"Desire"},"image":{"@id":"https:\/\/desireonline.shop\/vi\/#\/schema\/logo\/image\/"}}]}},"_links":{"self":[{"href":"https:\/\/desireonline.shop\/vi\/wp-json\/wp\/v2\/product\/65686","targetHints":{"allow":["GET"]}}],"collection":[{"href":"https:\/\/desireonline.shop\/vi\/wp-json\/wp\/v2\/product"}],"about":[{"href":"https:\/\/desireonline.shop\/vi\/wp-json\/wp\/v2\/types\/product"}],"replies":[{"embeddable":true,"href":"https:\/\/desireonline.shop\/vi\/wp-json\/wp\/v2\/comments?post=65686"}],"version-history":[{"count":0,"href":"https:\/\/desireonline.shop\/vi\/wp-json\/wp\/v2\/product\/65686\/revisions"}],"wp:featuredmedia":[{"embeddable":true,"href":"https:\/\/desireonline.shop\/vi\/wp-json\/wp\/v2\/media\/63758"}],"wp:attachment":[{"href":"https:\/\/desireonline.shop\/vi\/wp-json\/wp\/v2\/media?parent=65686"}],"wp:term":[{"taxonomy":"product_brand","embeddable":true,"href":"https:\/\/desireonline.shop\/vi\/wp-json\/wp\/v2\/product_brand?post=65686"},{"taxonomy":"product_cat","embeddable":true,"href":"https:\/\/desireonline.shop\/vi\/wp-json\/wp\/v2\/product_cat?post=65686"},{"taxonomy":"product_tag","embeddable":true,"href":"https:\/\/desireonline.shop\/vi\/wp-json\/wp\/v2\/product_tag?post=65686"}],"curies":[{"name":"wp","href":"https:\/\/api.w.org\/{rel}","templated":true}]}}