{"id":65695,"date":"2026-02-17T11:15:42","date_gmt":"2026-02-17T11:15:42","guid":{"rendered":"https:\/\/desireonline.shop\/product\/didi-double-orgasm-may-rung-am-vat\/"},"modified":"2026-03-10T05:36:08","modified_gmt":"2026-03-10T05:36:08","slug":"didi-double-orgasm-may-rung-am-vat","status":"publish","type":"product","link":"https:\/\/desireonline.shop\/vi\/san-pham\/didi-double-orgasm-may-rung-am-vat\/","title":{"rendered":"didi Double Orgasm M\u00e1y Rung \u00c2m V\u1eadt"},"content":{"rendered":"<p>\u0110\u01b0\u1ee3c thi\u1ebft k\u1ebf \u0111\u1ec3 mang l\u1ea1i kho\u00e1i c\u1ea3m \u00e2m v\u1eadt nhi\u1ec1u l\u1edbp, m\u00e1y rung n\u00e0y k\u1ebft h\u1ee3p gi\u1eefa rung \u0111\u1ed9ng v\u00e0 xung nh\u1ecbp \u0111\u1ec3 t\u1ea1o n\u00ean c\u1ea3m gi\u00e1c m\u1ea1nh m\u1ebd v\u00e0 cu\u1ed1n h\u00fat. H\u00ecnh d\u00e1ng cong m\u01b0\u1ee3t \u00f4m s\u00e1t c\u01a1 th\u1ec3, gi\u00fap k\u00edch th\u00edch tr\u1edf n\u00ean t\u1eadp trung v\u00e0 d\u1ec5 ch\u1ecbu h\u01a1n khi s\u1eed d\u1ee5ng.<\/p>\n<p>V\u1edbi 10 ch\u1ebf \u0111\u1ed9 kh\u00e1c nhau c\u00f9ng thi\u1ebft k\u1ebf ch\u1ed1ng n\u01b0\u1edbc, b\u1ea1n c\u00f3 th\u1ec3 d\u1ec5 d\u00e0ng \u0111i\u1ec1u ch\u1ec9nh tr\u1ea3i nghi\u1ec7m theo t\u00e2m tr\u1ea1ng v\u00e0 t\u1eadn h\u01b0\u1edfng \u1edf nhi\u1ec1u kh\u00f4ng gian kh\u00e1c nhau, k\u1ec3 c\u1ea3 trong b\u1ed3n t\u1eafm. M\u1ed9t l\u1ef1a ch\u1ecdn linh ho\u1ea1t cho nh\u1eefng kho\u1ea3nh kh\u1eafc c\u00e1 nh\u00e2n khi b\u1ea1n mu\u1ed1n s\u1ef1 \u0111a d\u1ea1ng v\u00e0 c\u01b0\u1eddng \u0111\u1ed9 trong m\u1ed9t thi\u1ebft k\u1ebf nh\u1ecf g\u1ecdn.<\/p>\n","protected":false},"excerpt":{"rendered":"<p>\u0110\u01b0\u1ee3c thi\u1ebft k\u1ebf \u0111\u1ec3 mang l\u1ea1i kho\u00e1i c\u1ea3m \u00e2m v\u1eadt nhi\u1ec1u l\u1edbp, m\u00e1y rung n\u00e0y k\u1ebft h\u1ee3p gi\u1eefa rung \u0111\u1ed9ng v\u00e0 xung nh\u1ecbp \u0111\u1ec3 t\u1ea1o n\u00ean c\u1ea3m gi\u00e1c m\u1ea1nh m\u1ebd&hellip;<\/p>\n","protected":false},"featured_media":63770,"comment_status":"open","ping_status":"closed","template":"","meta":{"_acf_changed":false},"product_brand":[],"product_cat":[1435],"product_tag":[],"class_list":{"0":"post-65695","1":"product","2":"type-product","3":"status-publish","4":"has-post-thumbnail","6":"product_cat-may-rung-kich-thich-ngoai","8":"first","9":"instock","10":"shipping-taxable","11":"purchasable","12":"product-type-variable"},"acf":[],"yoast_head":"<!-- This site is optimized with the Yoast SEO plugin v27.1.1 - https:\/\/yoast.com\/product\/yoast-seo-wordpress\/ -->\n<title>didi Double Orgasm M\u00e1y Rung \u00c2m V\u1eadt - Desire<\/title>\n<meta name=\"robots\" content=\"index, follow, max-snippet:-1, max-image-preview:large, max-video-preview:-1\" \/>\n<link rel=\"canonical\" href=\"https:\/\/desireonline.shop\/vi\/san-pham\/didi-double-orgasm-may-rung-am-vat\/\" \/>\n<meta property=\"og:locale\" content=\"vi_VN\" \/>\n<meta property=\"og:type\" content=\"article\" \/>\n<meta property=\"og:title\" content=\"didi Double Orgasm M\u00e1y Rung \u00c2m V\u1eadt - Desire\" \/>\n<meta property=\"og:description\" content=\"\u0110\u01b0\u1ee3c thi\u1ebft k\u1ebf \u0111\u1ec3 mang l\u1ea1i kho\u00e1i c\u1ea3m \u00e2m v\u1eadt nhi\u1ec1u l\u1edbp, m\u00e1y rung n\u00e0y k\u1ebft h\u1ee3p gi\u1eefa rung \u0111\u1ed9ng v\u00e0 xung nh\u1ecbp \u0111\u1ec3 t\u1ea1o n\u00ean c\u1ea3m gi\u00e1c m\u1ea1nh m\u1ebd&hellip;\" \/>\n<meta property=\"og:url\" content=\"https:\/\/desireonline.shop\/vi\/san-pham\/didi-double-orgasm-may-rung-am-vat\/\" \/>\n<meta property=\"og:site_name\" content=\"Desire\" \/>\n<meta property=\"article:modified_time\" content=\"2026-03-10T05:36:08+00:00\" \/>\n<meta property=\"og:image\" content=\"https:\/\/desireonline.shop\/wp-content\/uploads\/2026\/02\/CN-590617561_00-3.jpg\" \/>\n\t<meta property=\"og:image:width\" content=\"2100\" \/>\n\t<meta property=\"og:image:height\" content=\"1800\" \/>\n\t<meta property=\"og:image:type\" content=\"image\/jpeg\" \/>\n<meta name=\"twitter:card\" content=\"summary_large_image\" \/>\n<meta name=\"twitter:label1\" content=\"\u01af\u1edbc t\u00ednh th\u1eddi gian \u0111\u1ecdc\" \/>\n\t<meta name=\"twitter:data1\" content=\"1 ph\u00fat\" \/>\n<script type=\"application\/ld+json\" class=\"yoast-schema-graph\">{\"@context\":\"https:\/\/schema.org\",\"@graph\":[{\"@type\":\"WebPage\",\"@id\":\"https:\/\/desireonline.shop\/vi\/san-pham\/didi-double-orgasm-may-rung-am-vat\/\",\"url\":\"https:\/\/desireonline.shop\/vi\/san-pham\/didi-double-orgasm-may-rung-am-vat\/\",\"name\":\"didi Double Orgasm M\u00e1y Rung \u00c2m V\u1eadt - Desire\",\"isPartOf\":{\"@id\":\"https:\/\/desireonline.shop\/vi\/#website\"},\"primaryImageOfPage\":{\"@id\":\"https:\/\/desireonline.shop\/vi\/san-pham\/didi-double-orgasm-may-rung-am-vat\/#primaryimage\"},\"image\":{\"@id\":\"https:\/\/desireonline.shop\/vi\/san-pham\/didi-double-orgasm-may-rung-am-vat\/#primaryimage\"},\"thumbnailUrl\":\"https:\/\/desireonline.shop\/wp-content\/uploads\/2026\/02\/CN-590617561_00-3.jpg\",\"datePublished\":\"2026-02-17T11:15:42+00:00\",\"dateModified\":\"2026-03-10T05:36:08+00:00\",\"breadcrumb\":{\"@id\":\"https:\/\/desireonline.shop\/vi\/san-pham\/didi-double-orgasm-may-rung-am-vat\/#breadcrumb\"},\"inLanguage\":\"vi\",\"potentialAction\":[{\"@type\":\"ReadAction\",\"target\":[\"https:\/\/desireonline.shop\/vi\/san-pham\/didi-double-orgasm-may-rung-am-vat\/\"]}]},{\"@type\":\"ImageObject\",\"inLanguage\":\"vi\",\"@id\":\"https:\/\/desireonline.shop\/vi\/san-pham\/didi-double-orgasm-may-rung-am-vat\/#primaryimage\",\"url\":\"https:\/\/desireonline.shop\/wp-content\/uploads\/2026\/02\/CN-590617561_00-3.jpg\",\"contentUrl\":\"https:\/\/desireonline.shop\/wp-content\/uploads\/2026\/02\/CN-590617561_00-3.jpg\",\"width\":2100,\"height\":1800},{\"@type\":\"BreadcrumbList\",\"@id\":\"https:\/\/desireonline.shop\/vi\/san-pham\/didi-double-orgasm-may-rung-am-vat\/#breadcrumb\",\"itemListElement\":[{\"@type\":\"ListItem\",\"position\":1,\"name\":\"Home\",\"item\":\"https:\/\/desireonline.shop\/vi\/trang-chu\/?lang=vi\"},{\"@type\":\"ListItem\",\"position\":2,\"name\":\"T\u1ea5t c\u1ea3 s\u1ea3n ph\u1ea9m\",\"item\":\"https:\/\/desireonline.shop\/cua-hang\/?lang=vi\"},{\"@type\":\"ListItem\",\"position\":3,\"name\":\"didi Double Orgasm M\u00e1y Rung \u00c2m V\u1eadt\"}]},{\"@type\":\"WebSite\",\"@id\":\"https:\/\/desireonline.shop\/vi\/#website\",\"url\":\"https:\/\/desireonline.shop\/vi\/\",\"name\":\"Desire\",\"description\":\"Sexual Wellness Platform\",\"publisher\":{\"@id\":\"https:\/\/desireonline.shop\/vi\/#organization\"},\"potentialAction\":[{\"@type\":\"SearchAction\",\"target\":{\"@type\":\"EntryPoint\",\"urlTemplate\":\"https:\/\/desireonline.shop\/vi\/?s={search_term_string}\"},\"query-input\":{\"@type\":\"PropertyValueSpecification\",\"valueRequired\":true,\"valueName\":\"search_term_string\"}}],\"inLanguage\":\"vi\"},{\"@type\":\"Organization\",\"@id\":\"https:\/\/desireonline.shop\/vi\/#organization\",\"name\":\"Desire\",\"url\":\"https:\/\/desireonline.shop\/vi\/\",\"logo\":{\"@type\":\"ImageObject\",\"inLanguage\":\"vi\",\"@id\":\"https:\/\/desireonline.shop\/vi\/#\/schema\/logo\/image\/\",\"url\":\"https:\/\/desireonline.shop\/wp-content\/uploads\/2024\/06\/Logo-Thick-Font-1.webp\",\"contentUrl\":\"https:\/\/desireonline.shop\/wp-content\/uploads\/2024\/06\/Logo-Thick-Font-1.webp\",\"width\":268,\"height\":399,\"caption\":\"Desire\"},\"image\":{\"@id\":\"https:\/\/desireonline.shop\/vi\/#\/schema\/logo\/image\/\"}}]}<\/script>\n<!-- \/ Yoast SEO plugin. -->","yoast_head_json":{"title":"didi Double Orgasm M\u00e1y Rung \u00c2m V\u1eadt - Desire","robots":{"index":"index","follow":"follow","max-snippet":"max-snippet:-1","max-image-preview":"max-image-preview:large","max-video-preview":"max-video-preview:-1"},"canonical":"https:\/\/desireonline.shop\/vi\/san-pham\/didi-double-orgasm-may-rung-am-vat\/","og_locale":"vi_VN","og_type":"article","og_title":"didi Double Orgasm M\u00e1y Rung \u00c2m V\u1eadt - Desire","og_description":"\u0110\u01b0\u1ee3c thi\u1ebft k\u1ebf \u0111\u1ec3 mang l\u1ea1i kho\u00e1i c\u1ea3m \u00e2m v\u1eadt nhi\u1ec1u l\u1edbp, m\u00e1y rung n\u00e0y k\u1ebft h\u1ee3p gi\u1eefa rung \u0111\u1ed9ng v\u00e0 xung nh\u1ecbp \u0111\u1ec3 t\u1ea1o n\u00ean c\u1ea3m gi\u00e1c m\u1ea1nh m\u1ebd&hellip;","og_url":"https:\/\/desireonline.shop\/vi\/san-pham\/didi-double-orgasm-may-rung-am-vat\/","og_site_name":"Desire","article_modified_time":"2026-03-10T05:36:08+00:00","og_image":[{"width":2100,"height":1800,"url":"https:\/\/desireonline.shop\/wp-content\/uploads\/2026\/02\/CN-590617561_00-3.jpg","type":"image\/jpeg"}],"twitter_card":"summary_large_image","twitter_misc":{"\u01af\u1edbc t\u00ednh th\u1eddi gian \u0111\u1ecdc":"1 ph\u00fat"},"schema":{"@context":"https:\/\/schema.org","@graph":[{"@type":"WebPage","@id":"https:\/\/desireonline.shop\/vi\/san-pham\/didi-double-orgasm-may-rung-am-vat\/","url":"https:\/\/desireonline.shop\/vi\/san-pham\/didi-double-orgasm-may-rung-am-vat\/","name":"didi Double Orgasm M\u00e1y Rung \u00c2m V\u1eadt - Desire","isPartOf":{"@id":"https:\/\/desireonline.shop\/vi\/#website"},"primaryImageOfPage":{"@id":"https:\/\/desireonline.shop\/vi\/san-pham\/didi-double-orgasm-may-rung-am-vat\/#primaryimage"},"image":{"@id":"https:\/\/desireonline.shop\/vi\/san-pham\/didi-double-orgasm-may-rung-am-vat\/#primaryimage"},"thumbnailUrl":"https:\/\/desireonline.shop\/wp-content\/uploads\/2026\/02\/CN-590617561_00-3.jpg","datePublished":"2026-02-17T11:15:42+00:00","dateModified":"2026-03-10T05:36:08+00:00","breadcrumb":{"@id":"https:\/\/desireonline.shop\/vi\/san-pham\/didi-double-orgasm-may-rung-am-vat\/#breadcrumb"},"inLanguage":"vi","potentialAction":[{"@type":"ReadAction","target":["https:\/\/desireonline.shop\/vi\/san-pham\/didi-double-orgasm-may-rung-am-vat\/"]}]},{"@type":"ImageObject","inLanguage":"vi","@id":"https:\/\/desireonline.shop\/vi\/san-pham\/didi-double-orgasm-may-rung-am-vat\/#primaryimage","url":"https:\/\/desireonline.shop\/wp-content\/uploads\/2026\/02\/CN-590617561_00-3.jpg","contentUrl":"https:\/\/desireonline.shop\/wp-content\/uploads\/2026\/02\/CN-590617561_00-3.jpg","width":2100,"height":1800},{"@type":"BreadcrumbList","@id":"https:\/\/desireonline.shop\/vi\/san-pham\/didi-double-orgasm-may-rung-am-vat\/#breadcrumb","itemListElement":[{"@type":"ListItem","position":1,"name":"Home","item":"https:\/\/desireonline.shop\/vi\/trang-chu\/?lang=vi"},{"@type":"ListItem","position":2,"name":"T\u1ea5t c\u1ea3 s\u1ea3n ph\u1ea9m","item":"https:\/\/desireonline.shop\/cua-hang\/?lang=vi"},{"@type":"ListItem","position":3,"name":"didi Double Orgasm M\u00e1y Rung \u00c2m V\u1eadt"}]},{"@type":"WebSite","@id":"https:\/\/desireonline.shop\/vi\/#website","url":"https:\/\/desireonline.shop\/vi\/","name":"Desire","description":"Sexual Wellness Platform","publisher":{"@id":"https:\/\/desireonline.shop\/vi\/#organization"},"potentialAction":[{"@type":"SearchAction","target":{"@type":"EntryPoint","urlTemplate":"https:\/\/desireonline.shop\/vi\/?s={search_term_string}"},"query-input":{"@type":"PropertyValueSpecification","valueRequired":true,"valueName":"search_term_string"}}],"inLanguage":"vi"},{"@type":"Organization","@id":"https:\/\/desireonline.shop\/vi\/#organization","name":"Desire","url":"https:\/\/desireonline.shop\/vi\/","logo":{"@type":"ImageObject","inLanguage":"vi","@id":"https:\/\/desireonline.shop\/vi\/#\/schema\/logo\/image\/","url":"https:\/\/desireonline.shop\/wp-content\/uploads\/2024\/06\/Logo-Thick-Font-1.webp","contentUrl":"https:\/\/desireonline.shop\/wp-content\/uploads\/2024\/06\/Logo-Thick-Font-1.webp","width":268,"height":399,"caption":"Desire"},"image":{"@id":"https:\/\/desireonline.shop\/vi\/#\/schema\/logo\/image\/"}}]}},"_links":{"self":[{"href":"https:\/\/desireonline.shop\/vi\/wp-json\/wp\/v2\/product\/65695","targetHints":{"allow":["GET"]}}],"collection":[{"href":"https:\/\/desireonline.shop\/vi\/wp-json\/wp\/v2\/product"}],"about":[{"href":"https:\/\/desireonline.shop\/vi\/wp-json\/wp\/v2\/types\/product"}],"replies":[{"embeddable":true,"href":"https:\/\/desireonline.shop\/vi\/wp-json\/wp\/v2\/comments?post=65695"}],"version-history":[{"count":0,"href":"https:\/\/desireonline.shop\/vi\/wp-json\/wp\/v2\/product\/65695\/revisions"}],"wp:featuredmedia":[{"embeddable":true,"href":"https:\/\/desireonline.shop\/vi\/wp-json\/wp\/v2\/media\/63770"}],"wp:attachment":[{"href":"https:\/\/desireonline.shop\/vi\/wp-json\/wp\/v2\/media?parent=65695"}],"wp:term":[{"taxonomy":"product_brand","embeddable":true,"href":"https:\/\/desireonline.shop\/vi\/wp-json\/wp\/v2\/product_brand?post=65695"},{"taxonomy":"product_cat","embeddable":true,"href":"https:\/\/desireonline.shop\/vi\/wp-json\/wp\/v2\/product_cat?post=65695"},{"taxonomy":"product_tag","embeddable":true,"href":"https:\/\/desireonline.shop\/vi\/wp-json\/wp\/v2\/product_tag?post=65695"}],"curies":[{"name":"wp","href":"https:\/\/api.w.org\/{rel}","templated":true}]}}