{"id":65705,"date":"2026-02-17T11:16:16","date_gmt":"2026-02-17T11:16:16","guid":{"rendered":"https:\/\/desireonline.shop\/product\/m-mello-duong-vat-gia-chan-thuc-kich-thuoc-lon\/"},"modified":"2026-03-10T05:36:23","modified_gmt":"2026-03-10T05:36:23","slug":"m-mello-duong-vat-gia-chan-thuc-kich-thuoc-lon","status":"publish","type":"product","link":"https:\/\/desireonline.shop\/vi\/san-pham\/m-mello-duong-vat-gia-chan-thuc-kich-thuoc-lon\/","title":{"rendered":"M-mello D\u01b0\u01a1ng V\u1eadt Gi\u1ea3 Ch\u00e2n Th\u1ef1c K\u00edch Th\u01b0\u1edbc L\u1edbn"},"content":{"rendered":"<p>\u0110\u01b0\u1ee3c thi\u1ebft k\u1ebf cho nh\u1eefng ai y\u00eau th\u00edch c\u1ea3m gi\u00e1c \u0111\u1ea7y \u0111\u1eb7n v\u00e0 th\u1ecfa m\u00e3n h\u01a1n, d\u01b0\u01a1ng v\u1eadt gi\u1ea3 ch\u00e2n th\u1ef1c n\u00e0y c\u00f3 h\u00ecnh d\u00e1ng d\u00e0y h\u01a1n k\u1ebft h\u1ee3p v\u1edbi ch\u1ea5t li\u1ec7u silicone m\u1ec1m m\u1ecbn, mang l\u1ea1i c\u1ea3m gi\u00e1c t\u1ef1 nhi\u00ean v\u00e0 tho\u1ea3i m\u00e1i. Thi\u1ebft k\u1ebf c\u00e2n b\u1eb1ng gi\u00fap tr\u1ea3i nghi\u1ec7m k\u00edch th\u00edch tr\u1edf n\u00ean phong ph\u00fa v\u00e0 s\u1ed1ng \u0111\u1ed9ng trong khi v\u1eabn gi\u1eef s\u1ef1 d\u1ec5 ch\u1ecbu khi s\u1eed d\u1ee5ng.<\/p>\n<p>V\u1edbi b\u1ea3y t\u1ed1c \u0111\u1ed9 rung kh\u00e1c nhau \u0111\u1ec3 kh\u00e1m ph\u00e1, b\u1ea1n c\u00f3 th\u1ec3 d\u1ec5 d\u00e0ng chuy\u1ec3n t\u1eeb k\u00edch th\u00edch nh\u1eb9 nh\u00e0ng sang c\u1ea3m gi\u00e1c m\u1ea1nh m\u1ebd v\u00e0 s\u00e2u h\u01a1n. Ch\u1ed1ng n\u01b0\u1edbc v\u00e0 \u0111\u01b0\u1ee3c l\u00e0m t\u1eeb v\u1eadt li\u1ec7u kh\u00f4ng ch\u1ee9a phthalates v\u00e0 latex, s\u1ea3n ph\u1ea9m l\u00e0 l\u1ef1a ch\u1ecdn \u0111\u00e1ng tin c\u1eady cho nh\u1eefng kho\u1ea3nh kh\u1eafc th\u01b0 gi\u00e3n c\u00e1 nh\u00e2n v\u00e0 tr\u1ea3i nghi\u1ec7m kh\u00e1m ph\u00e1 \u0111\u1ea7y kho\u00e1i c\u1ea3m.<\/p>\n","protected":false},"excerpt":{"rendered":"<p>\u0110\u01b0\u1ee3c thi\u1ebft k\u1ebf cho nh\u1eefng ai y\u00eau th\u00edch c\u1ea3m gi\u00e1c \u0111\u1ea7y \u0111\u1eb7n v\u00e0 th\u1ecfa m\u00e3n h\u01a1n, d\u01b0\u01a1ng v\u1eadt gi\u1ea3 ch\u00e2n th\u1ef1c n\u00e0y c\u00f3 h\u00ecnh d\u00e1ng d\u00e0y h\u01a1n k\u1ebft h\u1ee3p v\u1edbi&hellip;<\/p>\n","protected":false},"featured_media":63787,"comment_status":"open","ping_status":"closed","template":"","meta":{"_acf_changed":false},"product_brand":[],"product_cat":[1341,1429],"product_tag":[],"class_list":{"0":"post-65705","1":"product","2":"type-product","3":"status-publish","4":"has-post-thumbnail","6":"product_cat-for-men","7":"product_cat-duong-vat-gia-co-rung","9":"first","10":"instock","11":"shipping-taxable","12":"purchasable","13":"product-type-variable"},"acf":[],"yoast_head":"<!-- This site is optimized with the Yoast SEO plugin v27.1.1 - https:\/\/yoast.com\/product\/yoast-seo-wordpress\/ -->\n<title>M-mello D\u01b0\u01a1ng V\u1eadt Gi\u1ea3 Ch\u00e2n Th\u1ef1c K\u00edch Th\u01b0\u1edbc L\u1edbn - Desire<\/title>\n<meta name=\"robots\" content=\"index, follow, max-snippet:-1, max-image-preview:large, max-video-preview:-1\" \/>\n<link rel=\"canonical\" href=\"https:\/\/desireonline.shop\/vi\/san-pham\/m-mello-duong-vat-gia-chan-thuc-kich-thuoc-lon\/\" \/>\n<meta property=\"og:locale\" content=\"vi_VN\" \/>\n<meta property=\"og:type\" content=\"article\" \/>\n<meta property=\"og:title\" content=\"M-mello D\u01b0\u01a1ng V\u1eadt Gi\u1ea3 Ch\u00e2n Th\u1ef1c K\u00edch Th\u01b0\u1edbc L\u1edbn - Desire\" \/>\n<meta property=\"og:description\" content=\"\u0110\u01b0\u1ee3c thi\u1ebft k\u1ebf cho nh\u1eefng ai y\u00eau th\u00edch c\u1ea3m gi\u00e1c \u0111\u1ea7y \u0111\u1eb7n v\u00e0 th\u1ecfa m\u00e3n h\u01a1n, d\u01b0\u01a1ng v\u1eadt gi\u1ea3 ch\u00e2n th\u1ef1c n\u00e0y c\u00f3 h\u00ecnh d\u00e1ng d\u00e0y h\u01a1n k\u1ebft h\u1ee3p v\u1edbi&hellip;\" \/>\n<meta property=\"og:url\" content=\"https:\/\/desireonline.shop\/vi\/san-pham\/m-mello-duong-vat-gia-chan-thuc-kich-thuoc-lon\/\" \/>\n<meta property=\"og:site_name\" content=\"Desire\" \/>\n<meta property=\"article:modified_time\" content=\"2026-03-10T05:36:23+00:00\" \/>\n<meta property=\"og:image\" content=\"https:\/\/desireonline.shop\/wp-content\/uploads\/2026\/02\/CN-101834621_00-3.jpg\" \/>\n\t<meta property=\"og:image:width\" content=\"1000\" \/>\n\t<meta property=\"og:image:height\" content=\"1000\" \/>\n\t<meta property=\"og:image:type\" content=\"image\/jpeg\" \/>\n<meta name=\"twitter:card\" content=\"summary_large_image\" \/>\n<meta name=\"twitter:label1\" content=\"\u01af\u1edbc t\u00ednh th\u1eddi gian \u0111\u1ecdc\" \/>\n\t<meta name=\"twitter:data1\" content=\"1 ph\u00fat\" \/>\n<script type=\"application\/ld+json\" class=\"yoast-schema-graph\">{\"@context\":\"https:\/\/schema.org\",\"@graph\":[{\"@type\":\"WebPage\",\"@id\":\"https:\/\/desireonline.shop\/vi\/san-pham\/m-mello-duong-vat-gia-chan-thuc-kich-thuoc-lon\/\",\"url\":\"https:\/\/desireonline.shop\/vi\/san-pham\/m-mello-duong-vat-gia-chan-thuc-kich-thuoc-lon\/\",\"name\":\"M-mello D\u01b0\u01a1ng V\u1eadt Gi\u1ea3 Ch\u00e2n Th\u1ef1c K\u00edch Th\u01b0\u1edbc L\u1edbn - Desire\",\"isPartOf\":{\"@id\":\"https:\/\/desireonline.shop\/vi\/#website\"},\"primaryImageOfPage\":{\"@id\":\"https:\/\/desireonline.shop\/vi\/san-pham\/m-mello-duong-vat-gia-chan-thuc-kich-thuoc-lon\/#primaryimage\"},\"image\":{\"@id\":\"https:\/\/desireonline.shop\/vi\/san-pham\/m-mello-duong-vat-gia-chan-thuc-kich-thuoc-lon\/#primaryimage\"},\"thumbnailUrl\":\"https:\/\/desireonline.shop\/wp-content\/uploads\/2026\/02\/CN-101834621_00-3.jpg\",\"datePublished\":\"2026-02-17T11:16:16+00:00\",\"dateModified\":\"2026-03-10T05:36:23+00:00\",\"breadcrumb\":{\"@id\":\"https:\/\/desireonline.shop\/vi\/san-pham\/m-mello-duong-vat-gia-chan-thuc-kich-thuoc-lon\/#breadcrumb\"},\"inLanguage\":\"vi\",\"potentialAction\":[{\"@type\":\"ReadAction\",\"target\":[\"https:\/\/desireonline.shop\/vi\/san-pham\/m-mello-duong-vat-gia-chan-thuc-kich-thuoc-lon\/\"]}]},{\"@type\":\"ImageObject\",\"inLanguage\":\"vi\",\"@id\":\"https:\/\/desireonline.shop\/vi\/san-pham\/m-mello-duong-vat-gia-chan-thuc-kich-thuoc-lon\/#primaryimage\",\"url\":\"https:\/\/desireonline.shop\/wp-content\/uploads\/2026\/02\/CN-101834621_00-3.jpg\",\"contentUrl\":\"https:\/\/desireonline.shop\/wp-content\/uploads\/2026\/02\/CN-101834621_00-3.jpg\",\"width\":1000,\"height\":1000},{\"@type\":\"BreadcrumbList\",\"@id\":\"https:\/\/desireonline.shop\/vi\/san-pham\/m-mello-duong-vat-gia-chan-thuc-kich-thuoc-lon\/#breadcrumb\",\"itemListElement\":[{\"@type\":\"ListItem\",\"position\":1,\"name\":\"Home\",\"item\":\"https:\/\/desireonline.shop\/vi\/trang-chu\/?lang=vi\"},{\"@type\":\"ListItem\",\"position\":2,\"name\":\"T\u1ea5t c\u1ea3 s\u1ea3n ph\u1ea9m\",\"item\":\"https:\/\/desireonline.shop\/cua-hang\/?lang=vi\"},{\"@type\":\"ListItem\",\"position\":3,\"name\":\"M-mello D\u01b0\u01a1ng V\u1eadt Gi\u1ea3 Ch\u00e2n Th\u1ef1c K\u00edch Th\u01b0\u1edbc L\u1edbn\"}]},{\"@type\":\"WebSite\",\"@id\":\"https:\/\/desireonline.shop\/vi\/#website\",\"url\":\"https:\/\/desireonline.shop\/vi\/\",\"name\":\"Desire\",\"description\":\"Sexual Wellness Platform\",\"publisher\":{\"@id\":\"https:\/\/desireonline.shop\/vi\/#organization\"},\"potentialAction\":[{\"@type\":\"SearchAction\",\"target\":{\"@type\":\"EntryPoint\",\"urlTemplate\":\"https:\/\/desireonline.shop\/vi\/?s={search_term_string}\"},\"query-input\":{\"@type\":\"PropertyValueSpecification\",\"valueRequired\":true,\"valueName\":\"search_term_string\"}}],\"inLanguage\":\"vi\"},{\"@type\":\"Organization\",\"@id\":\"https:\/\/desireonline.shop\/vi\/#organization\",\"name\":\"Desire\",\"url\":\"https:\/\/desireonline.shop\/vi\/\",\"logo\":{\"@type\":\"ImageObject\",\"inLanguage\":\"vi\",\"@id\":\"https:\/\/desireonline.shop\/vi\/#\/schema\/logo\/image\/\",\"url\":\"https:\/\/desireonline.shop\/wp-content\/uploads\/2024\/06\/Logo-Thick-Font-1.webp\",\"contentUrl\":\"https:\/\/desireonline.shop\/wp-content\/uploads\/2024\/06\/Logo-Thick-Font-1.webp\",\"width\":268,\"height\":399,\"caption\":\"Desire\"},\"image\":{\"@id\":\"https:\/\/desireonline.shop\/vi\/#\/schema\/logo\/image\/\"}}]}<\/script>\n<!-- \/ Yoast SEO plugin. -->","yoast_head_json":{"title":"M-mello D\u01b0\u01a1ng V\u1eadt Gi\u1ea3 Ch\u00e2n Th\u1ef1c K\u00edch Th\u01b0\u1edbc L\u1edbn - Desire","robots":{"index":"index","follow":"follow","max-snippet":"max-snippet:-1","max-image-preview":"max-image-preview:large","max-video-preview":"max-video-preview:-1"},"canonical":"https:\/\/desireonline.shop\/vi\/san-pham\/m-mello-duong-vat-gia-chan-thuc-kich-thuoc-lon\/","og_locale":"vi_VN","og_type":"article","og_title":"M-mello D\u01b0\u01a1ng V\u1eadt Gi\u1ea3 Ch\u00e2n Th\u1ef1c K\u00edch Th\u01b0\u1edbc L\u1edbn - Desire","og_description":"\u0110\u01b0\u1ee3c thi\u1ebft k\u1ebf cho nh\u1eefng ai y\u00eau th\u00edch c\u1ea3m gi\u00e1c \u0111\u1ea7y \u0111\u1eb7n v\u00e0 th\u1ecfa m\u00e3n h\u01a1n, d\u01b0\u01a1ng v\u1eadt gi\u1ea3 ch\u00e2n th\u1ef1c n\u00e0y c\u00f3 h\u00ecnh d\u00e1ng d\u00e0y h\u01a1n k\u1ebft h\u1ee3p v\u1edbi&hellip;","og_url":"https:\/\/desireonline.shop\/vi\/san-pham\/m-mello-duong-vat-gia-chan-thuc-kich-thuoc-lon\/","og_site_name":"Desire","article_modified_time":"2026-03-10T05:36:23+00:00","og_image":[{"width":1000,"height":1000,"url":"https:\/\/desireonline.shop\/wp-content\/uploads\/2026\/02\/CN-101834621_00-3.jpg","type":"image\/jpeg"}],"twitter_card":"summary_large_image","twitter_misc":{"\u01af\u1edbc t\u00ednh th\u1eddi gian \u0111\u1ecdc":"1 ph\u00fat"},"schema":{"@context":"https:\/\/schema.org","@graph":[{"@type":"WebPage","@id":"https:\/\/desireonline.shop\/vi\/san-pham\/m-mello-duong-vat-gia-chan-thuc-kich-thuoc-lon\/","url":"https:\/\/desireonline.shop\/vi\/san-pham\/m-mello-duong-vat-gia-chan-thuc-kich-thuoc-lon\/","name":"M-mello D\u01b0\u01a1ng V\u1eadt Gi\u1ea3 Ch\u00e2n Th\u1ef1c K\u00edch Th\u01b0\u1edbc L\u1edbn - Desire","isPartOf":{"@id":"https:\/\/desireonline.shop\/vi\/#website"},"primaryImageOfPage":{"@id":"https:\/\/desireonline.shop\/vi\/san-pham\/m-mello-duong-vat-gia-chan-thuc-kich-thuoc-lon\/#primaryimage"},"image":{"@id":"https:\/\/desireonline.shop\/vi\/san-pham\/m-mello-duong-vat-gia-chan-thuc-kich-thuoc-lon\/#primaryimage"},"thumbnailUrl":"https:\/\/desireonline.shop\/wp-content\/uploads\/2026\/02\/CN-101834621_00-3.jpg","datePublished":"2026-02-17T11:16:16+00:00","dateModified":"2026-03-10T05:36:23+00:00","breadcrumb":{"@id":"https:\/\/desireonline.shop\/vi\/san-pham\/m-mello-duong-vat-gia-chan-thuc-kich-thuoc-lon\/#breadcrumb"},"inLanguage":"vi","potentialAction":[{"@type":"ReadAction","target":["https:\/\/desireonline.shop\/vi\/san-pham\/m-mello-duong-vat-gia-chan-thuc-kich-thuoc-lon\/"]}]},{"@type":"ImageObject","inLanguage":"vi","@id":"https:\/\/desireonline.shop\/vi\/san-pham\/m-mello-duong-vat-gia-chan-thuc-kich-thuoc-lon\/#primaryimage","url":"https:\/\/desireonline.shop\/wp-content\/uploads\/2026\/02\/CN-101834621_00-3.jpg","contentUrl":"https:\/\/desireonline.shop\/wp-content\/uploads\/2026\/02\/CN-101834621_00-3.jpg","width":1000,"height":1000},{"@type":"BreadcrumbList","@id":"https:\/\/desireonline.shop\/vi\/san-pham\/m-mello-duong-vat-gia-chan-thuc-kich-thuoc-lon\/#breadcrumb","itemListElement":[{"@type":"ListItem","position":1,"name":"Home","item":"https:\/\/desireonline.shop\/vi\/trang-chu\/?lang=vi"},{"@type":"ListItem","position":2,"name":"T\u1ea5t c\u1ea3 s\u1ea3n ph\u1ea9m","item":"https:\/\/desireonline.shop\/cua-hang\/?lang=vi"},{"@type":"ListItem","position":3,"name":"M-mello D\u01b0\u01a1ng V\u1eadt Gi\u1ea3 Ch\u00e2n Th\u1ef1c K\u00edch Th\u01b0\u1edbc L\u1edbn"}]},{"@type":"WebSite","@id":"https:\/\/desireonline.shop\/vi\/#website","url":"https:\/\/desireonline.shop\/vi\/","name":"Desire","description":"Sexual Wellness Platform","publisher":{"@id":"https:\/\/desireonline.shop\/vi\/#organization"},"potentialAction":[{"@type":"SearchAction","target":{"@type":"EntryPoint","urlTemplate":"https:\/\/desireonline.shop\/vi\/?s={search_term_string}"},"query-input":{"@type":"PropertyValueSpecification","valueRequired":true,"valueName":"search_term_string"}}],"inLanguage":"vi"},{"@type":"Organization","@id":"https:\/\/desireonline.shop\/vi\/#organization","name":"Desire","url":"https:\/\/desireonline.shop\/vi\/","logo":{"@type":"ImageObject","inLanguage":"vi","@id":"https:\/\/desireonline.shop\/vi\/#\/schema\/logo\/image\/","url":"https:\/\/desireonline.shop\/wp-content\/uploads\/2024\/06\/Logo-Thick-Font-1.webp","contentUrl":"https:\/\/desireonline.shop\/wp-content\/uploads\/2024\/06\/Logo-Thick-Font-1.webp","width":268,"height":399,"caption":"Desire"},"image":{"@id":"https:\/\/desireonline.shop\/vi\/#\/schema\/logo\/image\/"}}]}},"_links":{"self":[{"href":"https:\/\/desireonline.shop\/vi\/wp-json\/wp\/v2\/product\/65705","targetHints":{"allow":["GET"]}}],"collection":[{"href":"https:\/\/desireonline.shop\/vi\/wp-json\/wp\/v2\/product"}],"about":[{"href":"https:\/\/desireonline.shop\/vi\/wp-json\/wp\/v2\/types\/product"}],"replies":[{"embeddable":true,"href":"https:\/\/desireonline.shop\/vi\/wp-json\/wp\/v2\/comments?post=65705"}],"version-history":[{"count":0,"href":"https:\/\/desireonline.shop\/vi\/wp-json\/wp\/v2\/product\/65705\/revisions"}],"wp:featuredmedia":[{"embeddable":true,"href":"https:\/\/desireonline.shop\/vi\/wp-json\/wp\/v2\/media\/63787"}],"wp:attachment":[{"href":"https:\/\/desireonline.shop\/vi\/wp-json\/wp\/v2\/media?parent=65705"}],"wp:term":[{"taxonomy":"product_brand","embeddable":true,"href":"https:\/\/desireonline.shop\/vi\/wp-json\/wp\/v2\/product_brand?post=65705"},{"taxonomy":"product_cat","embeddable":true,"href":"https:\/\/desireonline.shop\/vi\/wp-json\/wp\/v2\/product_cat?post=65705"},{"taxonomy":"product_tag","embeddable":true,"href":"https:\/\/desireonline.shop\/vi\/wp-json\/wp\/v2\/product_tag?post=65705"}],"curies":[{"name":"wp","href":"https:\/\/api.w.org\/{rel}","templated":true}]}}