{"id":65739,"date":"2026-02-17T11:18:29","date_gmt":"2026-02-17T11:18:29","guid":{"rendered":"https:\/\/desireonline.shop\/product\/intimate-melody-missile-may-rung-rabbit\/"},"modified":"2026-03-10T05:35:52","modified_gmt":"2026-03-10T05:35:52","slug":"intimate-melody-missile-may-rung-rabbit","status":"publish","type":"product","link":"https:\/\/desireonline.shop\/vi\/san-pham\/intimate-melody-missile-may-rung-rabbit\/","title":{"rendered":"Intimate Melody Missile M\u00e1y Rung Rabbit"},"content":{"rendered":"<p>\u0110\u01b0\u1ee3c thi\u1ebft k\u1ebf \u0111\u1ec3 k\u1ebft h\u1ee3p chuy\u1ec3n \u0111\u1ed9ng v\u00e0 rung \u0111\u1ed9ng, m\u00e1y rung ki\u1ec3u rabbit n\u00e0y c\u00f3 tr\u1ee5c xoay t\u1ea1o c\u1ea3m gi\u00e1c chuy\u1ec3n \u0111\u1ed9ng b\u00ean trong, \u0111\u1ed3ng th\u1eddi k\u00edch th\u00edch \u00e2m v\u1eadt m\u1ed9t c\u00e1ch t\u1eadp trung. H\u00ecnh d\u00e1ng m\u01b0\u1ee3t m\u00e0 gi\u00fap s\u1ea3n ph\u1ea9m \u00f4m s\u00e1t c\u01a1 th\u1ec3, mang l\u1ea1i c\u1ea3m gi\u00e1c tho\u1ea3i m\u00e1i v\u00e0 d\u1ec5 ch\u1ecbu ngay t\u1eeb l\u1ea7n ch\u1ea1m \u0111\u1ea7u ti\u00ean.<\/p>\n<p>V\u1edbi nhi\u1ec1u t\u1ed1c \u0111\u1ed9 rung v\u00e0 xoay kh\u00e1c nhau \u0111\u1ec3 kh\u00e1m ph\u00e1, s\u1ea3n ph\u1ea9m mang l\u1ea1i s\u1ef1 \u0111a d\u1ea1ng trong tr\u1ea3i nghi\u1ec7m v\u00e0 khuy\u1ebfn kh\u00edch th\u1eed nghi\u1ec7m nhi\u1ec1u ki\u1ec3u c\u1ea3m gi\u00e1c. Ch\u1ed1ng n\u01b0\u1edbc v\u00e0 d\u1ec5 v\u1ec7 sinh, \u0111\u00e2y l\u00e0 l\u1ef1a ch\u1ecdn linh ho\u1ea1t cho nh\u1eefng kho\u1ea3nh kh\u1eafc th\u01b0 gi\u00e3n c\u00e1 nh\u00e2n khi b\u1ea1n mu\u1ed1n tr\u1ea3i nghi\u1ec7m chuy\u1ec3n \u0111\u1ed9ng v\u00e0 kho\u00e1i c\u1ea3m k\u1ebft h\u1ee3p.<\/p>\n","protected":false},"excerpt":{"rendered":"<p>\u0110\u01b0\u1ee3c thi\u1ebft k\u1ebf \u0111\u1ec3 k\u1ebft h\u1ee3p chuy\u1ec3n \u0111\u1ed9ng v\u00e0 rung \u0111\u1ed9ng, m\u00e1y rung ki\u1ec3u rabbit n\u00e0y c\u00f3 tr\u1ee5c xoay t\u1ea1o c\u1ea3m gi\u00e1c chuy\u1ec3n \u0111\u1ed9ng b\u00ean trong, \u0111\u1ed3ng th\u1eddi k\u00edch th\u00edch&hellip;<\/p>\n","protected":false},"featured_media":63863,"comment_status":"open","ping_status":"closed","template":"","meta":{"_acf_changed":false},"product_brand":[],"product_cat":[1341,1429,1436,1439],"product_tag":[],"class_list":{"0":"post-65739","1":"product","2":"type-product","3":"status-publish","4":"has-post-thumbnail","6":"product_cat-for-men","7":"product_cat-duong-vat-gia-co-rung","8":"product_cat-may-rung-diem-g","9":"product_cat-may-rung-hai-diem","11":"first","12":"instock","13":"shipping-taxable","14":"purchasable","15":"product-type-variable"},"acf":[],"yoast_head":"<!-- This site is optimized with the Yoast SEO plugin v27.1.1 - https:\/\/yoast.com\/product\/yoast-seo-wordpress\/ -->\n<title>Intimate Melody Missile M\u00e1y Rung Rabbit - Desire<\/title>\n<meta name=\"robots\" content=\"index, follow, max-snippet:-1, max-image-preview:large, max-video-preview:-1\" \/>\n<link rel=\"canonical\" href=\"https:\/\/desireonline.shop\/vi\/san-pham\/intimate-melody-missile-may-rung-rabbit\/\" \/>\n<meta property=\"og:locale\" content=\"vi_VN\" \/>\n<meta property=\"og:type\" content=\"article\" \/>\n<meta property=\"og:title\" content=\"Intimate Melody Missile M\u00e1y Rung Rabbit - Desire\" \/>\n<meta property=\"og:description\" content=\"\u0110\u01b0\u1ee3c thi\u1ebft k\u1ebf \u0111\u1ec3 k\u1ebft h\u1ee3p chuy\u1ec3n \u0111\u1ed9ng v\u00e0 rung \u0111\u1ed9ng, m\u00e1y rung ki\u1ec3u rabbit n\u00e0y c\u00f3 tr\u1ee5c xoay t\u1ea1o c\u1ea3m gi\u00e1c chuy\u1ec3n \u0111\u1ed9ng b\u00ean trong, \u0111\u1ed3ng th\u1eddi k\u00edch th\u00edch&hellip;\" \/>\n<meta property=\"og:url\" content=\"https:\/\/desireonline.shop\/vi\/san-pham\/intimate-melody-missile-may-rung-rabbit\/\" \/>\n<meta property=\"og:site_name\" content=\"Desire\" \/>\n<meta property=\"article:modified_time\" content=\"2026-03-10T05:35:52+00:00\" \/>\n<meta property=\"og:image\" content=\"https:\/\/desireonline.shop\/wp-content\/uploads\/2026\/02\/CN-531036185_00-3.jpg\" \/>\n\t<meta property=\"og:image:width\" content=\"1000\" \/>\n\t<meta property=\"og:image:height\" content=\"1000\" \/>\n\t<meta property=\"og:image:type\" content=\"image\/jpeg\" \/>\n<meta name=\"twitter:card\" content=\"summary_large_image\" \/>\n<meta name=\"twitter:label1\" content=\"\u01af\u1edbc t\u00ednh th\u1eddi gian \u0111\u1ecdc\" \/>\n\t<meta name=\"twitter:data1\" content=\"1 ph\u00fat\" \/>\n<script type=\"application\/ld+json\" class=\"yoast-schema-graph\">{\"@context\":\"https:\/\/schema.org\",\"@graph\":[{\"@type\":\"WebPage\",\"@id\":\"https:\/\/desireonline.shop\/vi\/san-pham\/intimate-melody-missile-may-rung-rabbit\/\",\"url\":\"https:\/\/desireonline.shop\/vi\/san-pham\/intimate-melody-missile-may-rung-rabbit\/\",\"name\":\"Intimate Melody Missile M\u00e1y Rung Rabbit - Desire\",\"isPartOf\":{\"@id\":\"https:\/\/desireonline.shop\/vi\/#website\"},\"primaryImageOfPage\":{\"@id\":\"https:\/\/desireonline.shop\/vi\/san-pham\/intimate-melody-missile-may-rung-rabbit\/#primaryimage\"},\"image\":{\"@id\":\"https:\/\/desireonline.shop\/vi\/san-pham\/intimate-melody-missile-may-rung-rabbit\/#primaryimage\"},\"thumbnailUrl\":\"https:\/\/desireonline.shop\/wp-content\/uploads\/2026\/02\/CN-531036185_00-3.jpg\",\"datePublished\":\"2026-02-17T11:18:29+00:00\",\"dateModified\":\"2026-03-10T05:35:52+00:00\",\"breadcrumb\":{\"@id\":\"https:\/\/desireonline.shop\/vi\/san-pham\/intimate-melody-missile-may-rung-rabbit\/#breadcrumb\"},\"inLanguage\":\"vi\",\"potentialAction\":[{\"@type\":\"ReadAction\",\"target\":[\"https:\/\/desireonline.shop\/vi\/san-pham\/intimate-melody-missile-may-rung-rabbit\/\"]}]},{\"@type\":\"ImageObject\",\"inLanguage\":\"vi\",\"@id\":\"https:\/\/desireonline.shop\/vi\/san-pham\/intimate-melody-missile-may-rung-rabbit\/#primaryimage\",\"url\":\"https:\/\/desireonline.shop\/wp-content\/uploads\/2026\/02\/CN-531036185_00-3.jpg\",\"contentUrl\":\"https:\/\/desireonline.shop\/wp-content\/uploads\/2026\/02\/CN-531036185_00-3.jpg\",\"width\":1000,\"height\":1000},{\"@type\":\"BreadcrumbList\",\"@id\":\"https:\/\/desireonline.shop\/vi\/san-pham\/intimate-melody-missile-may-rung-rabbit\/#breadcrumb\",\"itemListElement\":[{\"@type\":\"ListItem\",\"position\":1,\"name\":\"Home\",\"item\":\"https:\/\/desireonline.shop\/vi\/trang-chu\/?lang=vi\"},{\"@type\":\"ListItem\",\"position\":2,\"name\":\"T\u1ea5t c\u1ea3 s\u1ea3n ph\u1ea9m\",\"item\":\"https:\/\/desireonline.shop\/cua-hang\/?lang=vi\"},{\"@type\":\"ListItem\",\"position\":3,\"name\":\"Intimate Melody Missile M\u00e1y Rung Rabbit\"}]},{\"@type\":\"WebSite\",\"@id\":\"https:\/\/desireonline.shop\/vi\/#website\",\"url\":\"https:\/\/desireonline.shop\/vi\/\",\"name\":\"Desire\",\"description\":\"Sexual Wellness Platform\",\"publisher\":{\"@id\":\"https:\/\/desireonline.shop\/vi\/#organization\"},\"potentialAction\":[{\"@type\":\"SearchAction\",\"target\":{\"@type\":\"EntryPoint\",\"urlTemplate\":\"https:\/\/desireonline.shop\/vi\/?s={search_term_string}\"},\"query-input\":{\"@type\":\"PropertyValueSpecification\",\"valueRequired\":true,\"valueName\":\"search_term_string\"}}],\"inLanguage\":\"vi\"},{\"@type\":\"Organization\",\"@id\":\"https:\/\/desireonline.shop\/vi\/#organization\",\"name\":\"Desire\",\"url\":\"https:\/\/desireonline.shop\/vi\/\",\"logo\":{\"@type\":\"ImageObject\",\"inLanguage\":\"vi\",\"@id\":\"https:\/\/desireonline.shop\/vi\/#\/schema\/logo\/image\/\",\"url\":\"https:\/\/desireonline.shop\/wp-content\/uploads\/2024\/06\/Logo-Thick-Font-1.webp\",\"contentUrl\":\"https:\/\/desireonline.shop\/wp-content\/uploads\/2024\/06\/Logo-Thick-Font-1.webp\",\"width\":268,\"height\":399,\"caption\":\"Desire\"},\"image\":{\"@id\":\"https:\/\/desireonline.shop\/vi\/#\/schema\/logo\/image\/\"}}]}<\/script>\n<!-- \/ Yoast SEO plugin. -->","yoast_head_json":{"title":"Intimate Melody Missile M\u00e1y Rung Rabbit - Desire","robots":{"index":"index","follow":"follow","max-snippet":"max-snippet:-1","max-image-preview":"max-image-preview:large","max-video-preview":"max-video-preview:-1"},"canonical":"https:\/\/desireonline.shop\/vi\/san-pham\/intimate-melody-missile-may-rung-rabbit\/","og_locale":"vi_VN","og_type":"article","og_title":"Intimate Melody Missile M\u00e1y Rung Rabbit - Desire","og_description":"\u0110\u01b0\u1ee3c thi\u1ebft k\u1ebf \u0111\u1ec3 k\u1ebft h\u1ee3p chuy\u1ec3n \u0111\u1ed9ng v\u00e0 rung \u0111\u1ed9ng, m\u00e1y rung ki\u1ec3u rabbit n\u00e0y c\u00f3 tr\u1ee5c xoay t\u1ea1o c\u1ea3m gi\u00e1c chuy\u1ec3n \u0111\u1ed9ng b\u00ean trong, \u0111\u1ed3ng th\u1eddi k\u00edch th\u00edch&hellip;","og_url":"https:\/\/desireonline.shop\/vi\/san-pham\/intimate-melody-missile-may-rung-rabbit\/","og_site_name":"Desire","article_modified_time":"2026-03-10T05:35:52+00:00","og_image":[{"width":1000,"height":1000,"url":"https:\/\/desireonline.shop\/wp-content\/uploads\/2026\/02\/CN-531036185_00-3.jpg","type":"image\/jpeg"}],"twitter_card":"summary_large_image","twitter_misc":{"\u01af\u1edbc t\u00ednh th\u1eddi gian \u0111\u1ecdc":"1 ph\u00fat"},"schema":{"@context":"https:\/\/schema.org","@graph":[{"@type":"WebPage","@id":"https:\/\/desireonline.shop\/vi\/san-pham\/intimate-melody-missile-may-rung-rabbit\/","url":"https:\/\/desireonline.shop\/vi\/san-pham\/intimate-melody-missile-may-rung-rabbit\/","name":"Intimate Melody Missile M\u00e1y Rung Rabbit - Desire","isPartOf":{"@id":"https:\/\/desireonline.shop\/vi\/#website"},"primaryImageOfPage":{"@id":"https:\/\/desireonline.shop\/vi\/san-pham\/intimate-melody-missile-may-rung-rabbit\/#primaryimage"},"image":{"@id":"https:\/\/desireonline.shop\/vi\/san-pham\/intimate-melody-missile-may-rung-rabbit\/#primaryimage"},"thumbnailUrl":"https:\/\/desireonline.shop\/wp-content\/uploads\/2026\/02\/CN-531036185_00-3.jpg","datePublished":"2026-02-17T11:18:29+00:00","dateModified":"2026-03-10T05:35:52+00:00","breadcrumb":{"@id":"https:\/\/desireonline.shop\/vi\/san-pham\/intimate-melody-missile-may-rung-rabbit\/#breadcrumb"},"inLanguage":"vi","potentialAction":[{"@type":"ReadAction","target":["https:\/\/desireonline.shop\/vi\/san-pham\/intimate-melody-missile-may-rung-rabbit\/"]}]},{"@type":"ImageObject","inLanguage":"vi","@id":"https:\/\/desireonline.shop\/vi\/san-pham\/intimate-melody-missile-may-rung-rabbit\/#primaryimage","url":"https:\/\/desireonline.shop\/wp-content\/uploads\/2026\/02\/CN-531036185_00-3.jpg","contentUrl":"https:\/\/desireonline.shop\/wp-content\/uploads\/2026\/02\/CN-531036185_00-3.jpg","width":1000,"height":1000},{"@type":"BreadcrumbList","@id":"https:\/\/desireonline.shop\/vi\/san-pham\/intimate-melody-missile-may-rung-rabbit\/#breadcrumb","itemListElement":[{"@type":"ListItem","position":1,"name":"Home","item":"https:\/\/desireonline.shop\/vi\/trang-chu\/?lang=vi"},{"@type":"ListItem","position":2,"name":"T\u1ea5t c\u1ea3 s\u1ea3n ph\u1ea9m","item":"https:\/\/desireonline.shop\/cua-hang\/?lang=vi"},{"@type":"ListItem","position":3,"name":"Intimate Melody Missile M\u00e1y Rung Rabbit"}]},{"@type":"WebSite","@id":"https:\/\/desireonline.shop\/vi\/#website","url":"https:\/\/desireonline.shop\/vi\/","name":"Desire","description":"Sexual Wellness Platform","publisher":{"@id":"https:\/\/desireonline.shop\/vi\/#organization"},"potentialAction":[{"@type":"SearchAction","target":{"@type":"EntryPoint","urlTemplate":"https:\/\/desireonline.shop\/vi\/?s={search_term_string}"},"query-input":{"@type":"PropertyValueSpecification","valueRequired":true,"valueName":"search_term_string"}}],"inLanguage":"vi"},{"@type":"Organization","@id":"https:\/\/desireonline.shop\/vi\/#organization","name":"Desire","url":"https:\/\/desireonline.shop\/vi\/","logo":{"@type":"ImageObject","inLanguage":"vi","@id":"https:\/\/desireonline.shop\/vi\/#\/schema\/logo\/image\/","url":"https:\/\/desireonline.shop\/wp-content\/uploads\/2024\/06\/Logo-Thick-Font-1.webp","contentUrl":"https:\/\/desireonline.shop\/wp-content\/uploads\/2024\/06\/Logo-Thick-Font-1.webp","width":268,"height":399,"caption":"Desire"},"image":{"@id":"https:\/\/desireonline.shop\/vi\/#\/schema\/logo\/image\/"}}]}},"_links":{"self":[{"href":"https:\/\/desireonline.shop\/vi\/wp-json\/wp\/v2\/product\/65739","targetHints":{"allow":["GET"]}}],"collection":[{"href":"https:\/\/desireonline.shop\/vi\/wp-json\/wp\/v2\/product"}],"about":[{"href":"https:\/\/desireonline.shop\/vi\/wp-json\/wp\/v2\/types\/product"}],"replies":[{"embeddable":true,"href":"https:\/\/desireonline.shop\/vi\/wp-json\/wp\/v2\/comments?post=65739"}],"version-history":[{"count":0,"href":"https:\/\/desireonline.shop\/vi\/wp-json\/wp\/v2\/product\/65739\/revisions"}],"wp:featuredmedia":[{"embeddable":true,"href":"https:\/\/desireonline.shop\/vi\/wp-json\/wp\/v2\/media\/63863"}],"wp:attachment":[{"href":"https:\/\/desireonline.shop\/vi\/wp-json\/wp\/v2\/media?parent=65739"}],"wp:term":[{"taxonomy":"product_brand","embeddable":true,"href":"https:\/\/desireonline.shop\/vi\/wp-json\/wp\/v2\/product_brand?post=65739"},{"taxonomy":"product_cat","embeddable":true,"href":"https:\/\/desireonline.shop\/vi\/wp-json\/wp\/v2\/product_cat?post=65739"},{"taxonomy":"product_tag","embeddable":true,"href":"https:\/\/desireonline.shop\/vi\/wp-json\/wp\/v2\/product_tag?post=65739"}],"curies":[{"name":"wp","href":"https:\/\/api.w.org\/{rel}","templated":true}]}}