{"id":65750,"date":"2026-02-17T11:18:57","date_gmt":"2026-02-17T11:18:57","guid":{"rendered":"https:\/\/desireonline.shop\/product\/intimate-melody-pleasure-spreader-may-rung-wand\/"},"modified":"2026-03-10T05:35:36","modified_gmt":"2026-03-10T05:35:36","slug":"intimate-melody-pleasure-spreader-may-rung-wand","status":"publish","type":"product","link":"https:\/\/desireonline.shop\/vi\/san-pham\/intimate-melody-pleasure-spreader-may-rung-wand\/","title":{"rendered":"Intimate Melody Pleasure Spreader M\u00e1y Rung Wand"},"content":{"rendered":"<p>\u0110\u01b0\u1ee3c thi\u1ebft k\u1ebf \u0111\u1ec3 mang l\u1ea1i kho\u00e1i c\u1ea3m m\u1ea1nh m\u1ebd v\u00e0 linh ho\u1ea1t, m\u00e1y rung wand hai \u0111\u1ea7u n\u00e0y c\u00f3 hai \u0111\u1ed9ng c\u01a1 ho\u1ea1t \u0111\u1ed9ng c\u00f9ng l\u00fac \u0111\u1ec3 t\u1ea1o ra rung \u0111\u1ed9ng phong ph\u00fa v\u00e0 th\u1ecfa m\u00e3n. M\u1ed7i \u0111\u1ea7u mang l\u1ea1i c\u1ea3m gi\u00e1c kh\u00e1c nhau, gi\u00fap b\u1ea1n d\u1ec5 d\u00e0ng thay \u0111\u1ed5i tr\u1ea3i nghi\u1ec7m t\u00f9y theo t\u00e2m tr\u1ea1ng.<\/p>\n<p>V\u1edbi b\u1ea3y ch\u1ebf \u0111\u1ed9 rung m\u1ea1nh m\u1ebd c\u00f9ng ch\u1ebf \u0111\u1ed9 l\u00e0m \u1ea5m t\u00edch h\u1ee3p, s\u1ea3n ph\u1ea9m mang l\u1ea1i c\u1ea3m gi\u00e1c \u1ea5m \u00e1p v\u00e0 t\u0103ng chi\u1ec1u s\u00e2u cho m\u1ed7i l\u1ea7n s\u1eed d\u1ee5ng. Ph\u00f9 h\u1ee3p cho k\u00edch th\u00edch t\u1eadp trung ho\u1eb7c tr\u1ea3i nghi\u1ec7m to\u00e0n c\u01a1 th\u1ec3, \u0111\u00e2y l\u00e0 l\u1ef1a ch\u1ecdn linh ho\u1ea1t cho nh\u1eefng ai y\u00eau th\u00edch c\u1ea3m gi\u00e1c m\u1ea1nh m\u1ebd v\u1edbi s\u1ef1 tho\u1ea3i m\u00e1i.<\/p>\n","protected":false},"excerpt":{"rendered":"<p>\u0110\u01b0\u1ee3c thi\u1ebft k\u1ebf \u0111\u1ec3 mang l\u1ea1i kho\u00e1i c\u1ea3m m\u1ea1nh m\u1ebd v\u00e0 linh ho\u1ea1t, m\u00e1y rung wand hai \u0111\u1ea7u n\u00e0y c\u00f3 hai \u0111\u1ed9ng c\u01a1 ho\u1ea1t \u0111\u1ed9ng c\u00f9ng l\u00fac \u0111\u1ec3 t\u1ea1o ra&hellip;<\/p>\n","protected":false},"featured_media":63873,"comment_status":"open","ping_status":"closed","template":"","meta":{"_acf_changed":false},"product_brand":[],"product_cat":[1438],"product_tag":[],"class_list":{"0":"post-65750","1":"product","2":"type-product","3":"status-publish","4":"has-post-thumbnail","6":"product_cat-may-rung-dau-lon","8":"first","9":"instock","10":"shipping-taxable","11":"purchasable","12":"product-type-variable"},"acf":[],"yoast_head":"<!-- This site is optimized with the Yoast SEO plugin v27.1.1 - https:\/\/yoast.com\/product\/yoast-seo-wordpress\/ -->\n<title>Intimate Melody Pleasure Spreader M\u00e1y Rung Wand - Desire<\/title>\n<meta name=\"robots\" content=\"index, follow, max-snippet:-1, max-image-preview:large, max-video-preview:-1\" \/>\n<link rel=\"canonical\" href=\"https:\/\/desireonline.shop\/vi\/san-pham\/intimate-melody-pleasure-spreader-may-rung-wand\/\" \/>\n<meta property=\"og:locale\" content=\"vi_VN\" \/>\n<meta property=\"og:type\" content=\"article\" \/>\n<meta property=\"og:title\" content=\"Intimate Melody Pleasure Spreader M\u00e1y Rung Wand - Desire\" \/>\n<meta property=\"og:description\" content=\"\u0110\u01b0\u1ee3c thi\u1ebft k\u1ebf \u0111\u1ec3 mang l\u1ea1i kho\u00e1i c\u1ea3m m\u1ea1nh m\u1ebd v\u00e0 linh ho\u1ea1t, m\u00e1y rung wand hai \u0111\u1ea7u n\u00e0y c\u00f3 hai \u0111\u1ed9ng c\u01a1 ho\u1ea1t \u0111\u1ed9ng c\u00f9ng l\u00fac \u0111\u1ec3 t\u1ea1o ra&hellip;\" \/>\n<meta property=\"og:url\" content=\"https:\/\/desireonline.shop\/vi\/san-pham\/intimate-melody-pleasure-spreader-may-rung-wand\/\" \/>\n<meta property=\"og:site_name\" content=\"Desire\" \/>\n<meta property=\"article:modified_time\" content=\"2026-03-10T05:35:36+00:00\" \/>\n<meta property=\"og:image\" content=\"https:\/\/desireonline.shop\/wp-content\/uploads\/2026\/02\/CN-100465489_00-3.jpg\" \/>\n\t<meta property=\"og:image:width\" content=\"1000\" \/>\n\t<meta property=\"og:image:height\" content=\"1000\" \/>\n\t<meta property=\"og:image:type\" content=\"image\/jpeg\" \/>\n<meta name=\"twitter:card\" content=\"summary_large_image\" \/>\n<meta name=\"twitter:label1\" content=\"\u01af\u1edbc t\u00ednh th\u1eddi gian \u0111\u1ecdc\" \/>\n\t<meta name=\"twitter:data1\" content=\"1 ph\u00fat\" \/>\n<script type=\"application\/ld+json\" class=\"yoast-schema-graph\">{\"@context\":\"https:\/\/schema.org\",\"@graph\":[{\"@type\":\"WebPage\",\"@id\":\"https:\/\/desireonline.shop\/vi\/san-pham\/intimate-melody-pleasure-spreader-may-rung-wand\/\",\"url\":\"https:\/\/desireonline.shop\/vi\/san-pham\/intimate-melody-pleasure-spreader-may-rung-wand\/\",\"name\":\"Intimate Melody Pleasure Spreader M\u00e1y Rung Wand - Desire\",\"isPartOf\":{\"@id\":\"https:\/\/desireonline.shop\/vi\/#website\"},\"primaryImageOfPage\":{\"@id\":\"https:\/\/desireonline.shop\/vi\/san-pham\/intimate-melody-pleasure-spreader-may-rung-wand\/#primaryimage\"},\"image\":{\"@id\":\"https:\/\/desireonline.shop\/vi\/san-pham\/intimate-melody-pleasure-spreader-may-rung-wand\/#primaryimage\"},\"thumbnailUrl\":\"https:\/\/desireonline.shop\/wp-content\/uploads\/2026\/02\/CN-100465489_00-3.jpg\",\"datePublished\":\"2026-02-17T11:18:57+00:00\",\"dateModified\":\"2026-03-10T05:35:36+00:00\",\"breadcrumb\":{\"@id\":\"https:\/\/desireonline.shop\/vi\/san-pham\/intimate-melody-pleasure-spreader-may-rung-wand\/#breadcrumb\"},\"inLanguage\":\"vi\",\"potentialAction\":[{\"@type\":\"ReadAction\",\"target\":[\"https:\/\/desireonline.shop\/vi\/san-pham\/intimate-melody-pleasure-spreader-may-rung-wand\/\"]}]},{\"@type\":\"ImageObject\",\"inLanguage\":\"vi\",\"@id\":\"https:\/\/desireonline.shop\/vi\/san-pham\/intimate-melody-pleasure-spreader-may-rung-wand\/#primaryimage\",\"url\":\"https:\/\/desireonline.shop\/wp-content\/uploads\/2026\/02\/CN-100465489_00-3.jpg\",\"contentUrl\":\"https:\/\/desireonline.shop\/wp-content\/uploads\/2026\/02\/CN-100465489_00-3.jpg\",\"width\":1000,\"height\":1000},{\"@type\":\"BreadcrumbList\",\"@id\":\"https:\/\/desireonline.shop\/vi\/san-pham\/intimate-melody-pleasure-spreader-may-rung-wand\/#breadcrumb\",\"itemListElement\":[{\"@type\":\"ListItem\",\"position\":1,\"name\":\"Home\",\"item\":\"https:\/\/desireonline.shop\/vi\/trang-chu\/?lang=vi\"},{\"@type\":\"ListItem\",\"position\":2,\"name\":\"T\u1ea5t c\u1ea3 s\u1ea3n ph\u1ea9m\",\"item\":\"https:\/\/desireonline.shop\/cua-hang\/?lang=vi\"},{\"@type\":\"ListItem\",\"position\":3,\"name\":\"Intimate Melody Pleasure Spreader M\u00e1y Rung Wand\"}]},{\"@type\":\"WebSite\",\"@id\":\"https:\/\/desireonline.shop\/vi\/#website\",\"url\":\"https:\/\/desireonline.shop\/vi\/\",\"name\":\"Desire\",\"description\":\"Sexual Wellness Platform\",\"publisher\":{\"@id\":\"https:\/\/desireonline.shop\/vi\/#organization\"},\"potentialAction\":[{\"@type\":\"SearchAction\",\"target\":{\"@type\":\"EntryPoint\",\"urlTemplate\":\"https:\/\/desireonline.shop\/vi\/?s={search_term_string}\"},\"query-input\":{\"@type\":\"PropertyValueSpecification\",\"valueRequired\":true,\"valueName\":\"search_term_string\"}}],\"inLanguage\":\"vi\"},{\"@type\":\"Organization\",\"@id\":\"https:\/\/desireonline.shop\/vi\/#organization\",\"name\":\"Desire\",\"url\":\"https:\/\/desireonline.shop\/vi\/\",\"logo\":{\"@type\":\"ImageObject\",\"inLanguage\":\"vi\",\"@id\":\"https:\/\/desireonline.shop\/vi\/#\/schema\/logo\/image\/\",\"url\":\"https:\/\/desireonline.shop\/wp-content\/uploads\/2024\/06\/Logo-Thick-Font-1.webp\",\"contentUrl\":\"https:\/\/desireonline.shop\/wp-content\/uploads\/2024\/06\/Logo-Thick-Font-1.webp\",\"width\":268,\"height\":399,\"caption\":\"Desire\"},\"image\":{\"@id\":\"https:\/\/desireonline.shop\/vi\/#\/schema\/logo\/image\/\"}}]}<\/script>\n<!-- \/ Yoast SEO plugin. -->","yoast_head_json":{"title":"Intimate Melody Pleasure Spreader M\u00e1y Rung Wand - Desire","robots":{"index":"index","follow":"follow","max-snippet":"max-snippet:-1","max-image-preview":"max-image-preview:large","max-video-preview":"max-video-preview:-1"},"canonical":"https:\/\/desireonline.shop\/vi\/san-pham\/intimate-melody-pleasure-spreader-may-rung-wand\/","og_locale":"vi_VN","og_type":"article","og_title":"Intimate Melody Pleasure Spreader M\u00e1y Rung Wand - Desire","og_description":"\u0110\u01b0\u1ee3c thi\u1ebft k\u1ebf \u0111\u1ec3 mang l\u1ea1i kho\u00e1i c\u1ea3m m\u1ea1nh m\u1ebd v\u00e0 linh ho\u1ea1t, m\u00e1y rung wand hai \u0111\u1ea7u n\u00e0y c\u00f3 hai \u0111\u1ed9ng c\u01a1 ho\u1ea1t \u0111\u1ed9ng c\u00f9ng l\u00fac \u0111\u1ec3 t\u1ea1o ra&hellip;","og_url":"https:\/\/desireonline.shop\/vi\/san-pham\/intimate-melody-pleasure-spreader-may-rung-wand\/","og_site_name":"Desire","article_modified_time":"2026-03-10T05:35:36+00:00","og_image":[{"width":1000,"height":1000,"url":"https:\/\/desireonline.shop\/wp-content\/uploads\/2026\/02\/CN-100465489_00-3.jpg","type":"image\/jpeg"}],"twitter_card":"summary_large_image","twitter_misc":{"\u01af\u1edbc t\u00ednh th\u1eddi gian \u0111\u1ecdc":"1 ph\u00fat"},"schema":{"@context":"https:\/\/schema.org","@graph":[{"@type":"WebPage","@id":"https:\/\/desireonline.shop\/vi\/san-pham\/intimate-melody-pleasure-spreader-may-rung-wand\/","url":"https:\/\/desireonline.shop\/vi\/san-pham\/intimate-melody-pleasure-spreader-may-rung-wand\/","name":"Intimate Melody Pleasure Spreader M\u00e1y Rung Wand - Desire","isPartOf":{"@id":"https:\/\/desireonline.shop\/vi\/#website"},"primaryImageOfPage":{"@id":"https:\/\/desireonline.shop\/vi\/san-pham\/intimate-melody-pleasure-spreader-may-rung-wand\/#primaryimage"},"image":{"@id":"https:\/\/desireonline.shop\/vi\/san-pham\/intimate-melody-pleasure-spreader-may-rung-wand\/#primaryimage"},"thumbnailUrl":"https:\/\/desireonline.shop\/wp-content\/uploads\/2026\/02\/CN-100465489_00-3.jpg","datePublished":"2026-02-17T11:18:57+00:00","dateModified":"2026-03-10T05:35:36+00:00","breadcrumb":{"@id":"https:\/\/desireonline.shop\/vi\/san-pham\/intimate-melody-pleasure-spreader-may-rung-wand\/#breadcrumb"},"inLanguage":"vi","potentialAction":[{"@type":"ReadAction","target":["https:\/\/desireonline.shop\/vi\/san-pham\/intimate-melody-pleasure-spreader-may-rung-wand\/"]}]},{"@type":"ImageObject","inLanguage":"vi","@id":"https:\/\/desireonline.shop\/vi\/san-pham\/intimate-melody-pleasure-spreader-may-rung-wand\/#primaryimage","url":"https:\/\/desireonline.shop\/wp-content\/uploads\/2026\/02\/CN-100465489_00-3.jpg","contentUrl":"https:\/\/desireonline.shop\/wp-content\/uploads\/2026\/02\/CN-100465489_00-3.jpg","width":1000,"height":1000},{"@type":"BreadcrumbList","@id":"https:\/\/desireonline.shop\/vi\/san-pham\/intimate-melody-pleasure-spreader-may-rung-wand\/#breadcrumb","itemListElement":[{"@type":"ListItem","position":1,"name":"Home","item":"https:\/\/desireonline.shop\/vi\/trang-chu\/?lang=vi"},{"@type":"ListItem","position":2,"name":"T\u1ea5t c\u1ea3 s\u1ea3n ph\u1ea9m","item":"https:\/\/desireonline.shop\/cua-hang\/?lang=vi"},{"@type":"ListItem","position":3,"name":"Intimate Melody Pleasure Spreader M\u00e1y Rung Wand"}]},{"@type":"WebSite","@id":"https:\/\/desireonline.shop\/vi\/#website","url":"https:\/\/desireonline.shop\/vi\/","name":"Desire","description":"Sexual Wellness Platform","publisher":{"@id":"https:\/\/desireonline.shop\/vi\/#organization"},"potentialAction":[{"@type":"SearchAction","target":{"@type":"EntryPoint","urlTemplate":"https:\/\/desireonline.shop\/vi\/?s={search_term_string}"},"query-input":{"@type":"PropertyValueSpecification","valueRequired":true,"valueName":"search_term_string"}}],"inLanguage":"vi"},{"@type":"Organization","@id":"https:\/\/desireonline.shop\/vi\/#organization","name":"Desire","url":"https:\/\/desireonline.shop\/vi\/","logo":{"@type":"ImageObject","inLanguage":"vi","@id":"https:\/\/desireonline.shop\/vi\/#\/schema\/logo\/image\/","url":"https:\/\/desireonline.shop\/wp-content\/uploads\/2024\/06\/Logo-Thick-Font-1.webp","contentUrl":"https:\/\/desireonline.shop\/wp-content\/uploads\/2024\/06\/Logo-Thick-Font-1.webp","width":268,"height":399,"caption":"Desire"},"image":{"@id":"https:\/\/desireonline.shop\/vi\/#\/schema\/logo\/image\/"}}]}},"_links":{"self":[{"href":"https:\/\/desireonline.shop\/vi\/wp-json\/wp\/v2\/product\/65750","targetHints":{"allow":["GET"]}}],"collection":[{"href":"https:\/\/desireonline.shop\/vi\/wp-json\/wp\/v2\/product"}],"about":[{"href":"https:\/\/desireonline.shop\/vi\/wp-json\/wp\/v2\/types\/product"}],"replies":[{"embeddable":true,"href":"https:\/\/desireonline.shop\/vi\/wp-json\/wp\/v2\/comments?post=65750"}],"version-history":[{"count":0,"href":"https:\/\/desireonline.shop\/vi\/wp-json\/wp\/v2\/product\/65750\/revisions"}],"wp:featuredmedia":[{"embeddable":true,"href":"https:\/\/desireonline.shop\/vi\/wp-json\/wp\/v2\/media\/63873"}],"wp:attachment":[{"href":"https:\/\/desireonline.shop\/vi\/wp-json\/wp\/v2\/media?parent=65750"}],"wp:term":[{"taxonomy":"product_brand","embeddable":true,"href":"https:\/\/desireonline.shop\/vi\/wp-json\/wp\/v2\/product_brand?post=65750"},{"taxonomy":"product_cat","embeddable":true,"href":"https:\/\/desireonline.shop\/vi\/wp-json\/wp\/v2\/product_cat?post=65750"},{"taxonomy":"product_tag","embeddable":true,"href":"https:\/\/desireonline.shop\/vi\/wp-json\/wp\/v2\/product_tag?post=65750"}],"curies":[{"name":"wp","href":"https:\/\/api.w.org\/{rel}","templated":true}]}}