{"id":65774,"date":"2026-02-17T11:20:23","date_gmt":"2026-02-17T11:20:23","guid":{"rendered":"https:\/\/desireonline.shop\/product\/fiona-may-rung-aquiver\/"},"modified":"2026-03-10T05:35:20","modified_gmt":"2026-03-10T05:35:20","slug":"fiona-may-rung-aquiver","status":"publish","type":"product","link":"https:\/\/desireonline.shop\/vi\/san-pham\/fiona-may-rung-aquiver\/","title":{"rendered":"FIONA M\u00e1y rung Aquiver"},"content":{"rendered":"<p>\u0110\u01b0\u1ee3c thi\u1ebft k\u1ebf \u0111\u1ec3 mang l\u1ea1i kho\u00e1i c\u1ea3m th\u00f4ng qua chuy\u1ec3n \u0111\u1ed9ng, m\u00e1y rung hai ch\u1ee9c n\u0103ng n\u00e0y k\u1ebft h\u1ee3p chuy\u1ec3n \u0111\u1ed9ng th\u1ee5t nh\u1ecbp nh\u00e0ng v\u1edbi thi\u1ebft k\u1ebf gi\u00fap k\u00edch th\u00edch c\u1ea3 \u0111i\u1ec3m G v\u00e0 \u00e2m v\u1eadt. Chuy\u1ec3n \u0111\u1ed9ng th\u1ee5t t\u1ea1o c\u1ea3m gi\u00e1c t\u1ef1 nhi\u00ean, nh\u1ecbp nh\u00e0ng, gi\u00fap t\u0103ng d\u1ea7n k\u00edch th\u00edch v\u00e0 duy tr\u00ec s\u1ef1 h\u01b0ng ph\u1ea5n trong su\u1ed1t qu\u00e1 tr\u00ecnh s\u1eed d\u1ee5ng.<\/p>\n<p>V\u1edbi b\u1ea3y ch\u1ebf \u0111\u1ed9 th\u1ee5t kh\u00e1c nhau \u0111\u1ec3 kh\u00e1m ph\u00e1, b\u1ea1n c\u00f3 th\u1ec3 d\u1ec5 d\u00e0ng thay \u0111\u1ed5i nh\u1ecbp \u0111\u1ed9 v\u00e0 t\u00ecm ra c\u1ea3m gi\u00e1c ph\u00f9 h\u1ee3p nh\u1ea5t trong t\u1eebng kho\u1ea3nh kh\u1eafc. M\u1ed9t l\u1ef1a ch\u1ecdn tuy\u1ec7t v\u1eddi cho tr\u1ea3i nghi\u1ec7m c\u00e1 nh\u00e2n khi b\u1ea1n mu\u1ed1n s\u1ef1 chuy\u1ec3n \u0111\u1ed9ng, t\u1eadp trung k\u00edch th\u00edch v\u00e0 c\u01b0\u1eddng \u0111\u1ed9 th\u1ecfa m\u00e3n trong m\u1ed9t thi\u1ebft k\u1ebf g\u1ecdn g\u00e0ng.<\/p>\n","protected":false},"excerpt":{"rendered":"<p>\u0110\u01b0\u1ee3c thi\u1ebft k\u1ebf \u0111\u1ec3 mang l\u1ea1i kho\u00e1i c\u1ea3m th\u00f4ng qua chuy\u1ec3n \u0111\u1ed9ng, m\u00e1y rung hai ch\u1ee9c n\u0103ng n\u00e0y k\u1ebft h\u1ee3p chuy\u1ec3n \u0111\u1ed9ng th\u1ee5t nh\u1ecbp nh\u00e0ng v\u1edbi thi\u1ebft k\u1ebf gi\u00fap k\u00edch&hellip;<\/p>\n","protected":false},"featured_media":63918,"comment_status":"open","ping_status":"closed","template":"","meta":{"_acf_changed":false},"product_brand":[],"product_cat":[1341,1413,1432],"product_tag":[],"class_list":{"0":"post-65774","1":"product","2":"type-product","3":"status-publish","4":"has-post-thumbnail","6":"product_cat-for-men","7":"product_cat-danh-cho-phu-nu","8":"product_cat-may-rung","10":"first","11":"instock","12":"shipping-taxable","13":"purchasable","14":"product-type-variable"},"acf":[],"yoast_head":"<!-- This site is optimized with the Yoast SEO plugin v27.1.1 - https:\/\/yoast.com\/product\/yoast-seo-wordpress\/ -->\n<title>FIONA M\u00e1y rung Aquiver - Desire<\/title>\n<meta name=\"robots\" content=\"index, follow, max-snippet:-1, max-image-preview:large, max-video-preview:-1\" \/>\n<link rel=\"canonical\" href=\"https:\/\/desireonline.shop\/vi\/san-pham\/fiona-may-rung-aquiver\/\" \/>\n<meta property=\"og:locale\" content=\"vi_VN\" \/>\n<meta property=\"og:type\" content=\"article\" \/>\n<meta property=\"og:title\" content=\"FIONA M\u00e1y rung Aquiver - Desire\" \/>\n<meta property=\"og:description\" content=\"\u0110\u01b0\u1ee3c thi\u1ebft k\u1ebf \u0111\u1ec3 mang l\u1ea1i kho\u00e1i c\u1ea3m th\u00f4ng qua chuy\u1ec3n \u0111\u1ed9ng, m\u00e1y rung hai ch\u1ee9c n\u0103ng n\u00e0y k\u1ebft h\u1ee3p chuy\u1ec3n \u0111\u1ed9ng th\u1ee5t nh\u1ecbp nh\u00e0ng v\u1edbi thi\u1ebft k\u1ebf gi\u00fap k\u00edch&hellip;\" \/>\n<meta property=\"og:url\" content=\"https:\/\/desireonline.shop\/vi\/san-pham\/fiona-may-rung-aquiver\/\" \/>\n<meta property=\"og:site_name\" content=\"Desire\" \/>\n<meta property=\"article:modified_time\" content=\"2026-03-10T05:35:20+00:00\" \/>\n<meta property=\"og:image\" content=\"https:\/\/desireonline.shop\/wp-content\/uploads\/2026\/02\/CN-221198746_00-3.jpg\" \/>\n\t<meta property=\"og:image:width\" content=\"2113\" \/>\n\t<meta property=\"og:image:height\" content=\"2113\" \/>\n\t<meta property=\"og:image:type\" content=\"image\/jpeg\" \/>\n<meta name=\"twitter:card\" content=\"summary_large_image\" \/>\n<meta name=\"twitter:label1\" content=\"\u01af\u1edbc t\u00ednh th\u1eddi gian \u0111\u1ecdc\" \/>\n\t<meta name=\"twitter:data1\" content=\"1 ph\u00fat\" \/>\n<script type=\"application\/ld+json\" class=\"yoast-schema-graph\">{\"@context\":\"https:\/\/schema.org\",\"@graph\":[{\"@type\":\"WebPage\",\"@id\":\"https:\/\/desireonline.shop\/vi\/san-pham\/fiona-may-rung-aquiver\/\",\"url\":\"https:\/\/desireonline.shop\/vi\/san-pham\/fiona-may-rung-aquiver\/\",\"name\":\"FIONA M\u00e1y rung Aquiver - Desire\",\"isPartOf\":{\"@id\":\"https:\/\/desireonline.shop\/vi\/#website\"},\"primaryImageOfPage\":{\"@id\":\"https:\/\/desireonline.shop\/vi\/san-pham\/fiona-may-rung-aquiver\/#primaryimage\"},\"image\":{\"@id\":\"https:\/\/desireonline.shop\/vi\/san-pham\/fiona-may-rung-aquiver\/#primaryimage\"},\"thumbnailUrl\":\"https:\/\/desireonline.shop\/wp-content\/uploads\/2026\/02\/CN-221198746_00-3.jpg\",\"datePublished\":\"2026-02-17T11:20:23+00:00\",\"dateModified\":\"2026-03-10T05:35:20+00:00\",\"breadcrumb\":{\"@id\":\"https:\/\/desireonline.shop\/vi\/san-pham\/fiona-may-rung-aquiver\/#breadcrumb\"},\"inLanguage\":\"vi\",\"potentialAction\":[{\"@type\":\"ReadAction\",\"target\":[\"https:\/\/desireonline.shop\/vi\/san-pham\/fiona-may-rung-aquiver\/\"]}]},{\"@type\":\"ImageObject\",\"inLanguage\":\"vi\",\"@id\":\"https:\/\/desireonline.shop\/vi\/san-pham\/fiona-may-rung-aquiver\/#primaryimage\",\"url\":\"https:\/\/desireonline.shop\/wp-content\/uploads\/2026\/02\/CN-221198746_00-3.jpg\",\"contentUrl\":\"https:\/\/desireonline.shop\/wp-content\/uploads\/2026\/02\/CN-221198746_00-3.jpg\",\"width\":2113,\"height\":2113},{\"@type\":\"BreadcrumbList\",\"@id\":\"https:\/\/desireonline.shop\/vi\/san-pham\/fiona-may-rung-aquiver\/#breadcrumb\",\"itemListElement\":[{\"@type\":\"ListItem\",\"position\":1,\"name\":\"Home\",\"item\":\"https:\/\/desireonline.shop\/vi\/trang-chu\/?lang=vi\"},{\"@type\":\"ListItem\",\"position\":2,\"name\":\"T\u1ea5t c\u1ea3 s\u1ea3n ph\u1ea9m\",\"item\":\"https:\/\/desireonline.shop\/cua-hang\/?lang=vi\"},{\"@type\":\"ListItem\",\"position\":3,\"name\":\"FIONA M\u00e1y rung Aquiver\"}]},{\"@type\":\"WebSite\",\"@id\":\"https:\/\/desireonline.shop\/vi\/#website\",\"url\":\"https:\/\/desireonline.shop\/vi\/\",\"name\":\"Desire\",\"description\":\"Sexual Wellness Platform\",\"publisher\":{\"@id\":\"https:\/\/desireonline.shop\/vi\/#organization\"},\"potentialAction\":[{\"@type\":\"SearchAction\",\"target\":{\"@type\":\"EntryPoint\",\"urlTemplate\":\"https:\/\/desireonline.shop\/vi\/?s={search_term_string}\"},\"query-input\":{\"@type\":\"PropertyValueSpecification\",\"valueRequired\":true,\"valueName\":\"search_term_string\"}}],\"inLanguage\":\"vi\"},{\"@type\":\"Organization\",\"@id\":\"https:\/\/desireonline.shop\/vi\/#organization\",\"name\":\"Desire\",\"url\":\"https:\/\/desireonline.shop\/vi\/\",\"logo\":{\"@type\":\"ImageObject\",\"inLanguage\":\"vi\",\"@id\":\"https:\/\/desireonline.shop\/vi\/#\/schema\/logo\/image\/\",\"url\":\"https:\/\/desireonline.shop\/wp-content\/uploads\/2024\/06\/Logo-Thick-Font-1.webp\",\"contentUrl\":\"https:\/\/desireonline.shop\/wp-content\/uploads\/2024\/06\/Logo-Thick-Font-1.webp\",\"width\":268,\"height\":399,\"caption\":\"Desire\"},\"image\":{\"@id\":\"https:\/\/desireonline.shop\/vi\/#\/schema\/logo\/image\/\"}}]}<\/script>\n<!-- \/ Yoast SEO plugin. -->","yoast_head_json":{"title":"FIONA M\u00e1y rung Aquiver - Desire","robots":{"index":"index","follow":"follow","max-snippet":"max-snippet:-1","max-image-preview":"max-image-preview:large","max-video-preview":"max-video-preview:-1"},"canonical":"https:\/\/desireonline.shop\/vi\/san-pham\/fiona-may-rung-aquiver\/","og_locale":"vi_VN","og_type":"article","og_title":"FIONA M\u00e1y rung Aquiver - Desire","og_description":"\u0110\u01b0\u1ee3c thi\u1ebft k\u1ebf \u0111\u1ec3 mang l\u1ea1i kho\u00e1i c\u1ea3m th\u00f4ng qua chuy\u1ec3n \u0111\u1ed9ng, m\u00e1y rung hai ch\u1ee9c n\u0103ng n\u00e0y k\u1ebft h\u1ee3p chuy\u1ec3n \u0111\u1ed9ng th\u1ee5t nh\u1ecbp nh\u00e0ng v\u1edbi thi\u1ebft k\u1ebf gi\u00fap k\u00edch&hellip;","og_url":"https:\/\/desireonline.shop\/vi\/san-pham\/fiona-may-rung-aquiver\/","og_site_name":"Desire","article_modified_time":"2026-03-10T05:35:20+00:00","og_image":[{"width":2113,"height":2113,"url":"https:\/\/desireonline.shop\/wp-content\/uploads\/2026\/02\/CN-221198746_00-3.jpg","type":"image\/jpeg"}],"twitter_card":"summary_large_image","twitter_misc":{"\u01af\u1edbc t\u00ednh th\u1eddi gian \u0111\u1ecdc":"1 ph\u00fat"},"schema":{"@context":"https:\/\/schema.org","@graph":[{"@type":"WebPage","@id":"https:\/\/desireonline.shop\/vi\/san-pham\/fiona-may-rung-aquiver\/","url":"https:\/\/desireonline.shop\/vi\/san-pham\/fiona-may-rung-aquiver\/","name":"FIONA M\u00e1y rung Aquiver - Desire","isPartOf":{"@id":"https:\/\/desireonline.shop\/vi\/#website"},"primaryImageOfPage":{"@id":"https:\/\/desireonline.shop\/vi\/san-pham\/fiona-may-rung-aquiver\/#primaryimage"},"image":{"@id":"https:\/\/desireonline.shop\/vi\/san-pham\/fiona-may-rung-aquiver\/#primaryimage"},"thumbnailUrl":"https:\/\/desireonline.shop\/wp-content\/uploads\/2026\/02\/CN-221198746_00-3.jpg","datePublished":"2026-02-17T11:20:23+00:00","dateModified":"2026-03-10T05:35:20+00:00","breadcrumb":{"@id":"https:\/\/desireonline.shop\/vi\/san-pham\/fiona-may-rung-aquiver\/#breadcrumb"},"inLanguage":"vi","potentialAction":[{"@type":"ReadAction","target":["https:\/\/desireonline.shop\/vi\/san-pham\/fiona-may-rung-aquiver\/"]}]},{"@type":"ImageObject","inLanguage":"vi","@id":"https:\/\/desireonline.shop\/vi\/san-pham\/fiona-may-rung-aquiver\/#primaryimage","url":"https:\/\/desireonline.shop\/wp-content\/uploads\/2026\/02\/CN-221198746_00-3.jpg","contentUrl":"https:\/\/desireonline.shop\/wp-content\/uploads\/2026\/02\/CN-221198746_00-3.jpg","width":2113,"height":2113},{"@type":"BreadcrumbList","@id":"https:\/\/desireonline.shop\/vi\/san-pham\/fiona-may-rung-aquiver\/#breadcrumb","itemListElement":[{"@type":"ListItem","position":1,"name":"Home","item":"https:\/\/desireonline.shop\/vi\/trang-chu\/?lang=vi"},{"@type":"ListItem","position":2,"name":"T\u1ea5t c\u1ea3 s\u1ea3n ph\u1ea9m","item":"https:\/\/desireonline.shop\/cua-hang\/?lang=vi"},{"@type":"ListItem","position":3,"name":"FIONA M\u00e1y rung Aquiver"}]},{"@type":"WebSite","@id":"https:\/\/desireonline.shop\/vi\/#website","url":"https:\/\/desireonline.shop\/vi\/","name":"Desire","description":"Sexual Wellness Platform","publisher":{"@id":"https:\/\/desireonline.shop\/vi\/#organization"},"potentialAction":[{"@type":"SearchAction","target":{"@type":"EntryPoint","urlTemplate":"https:\/\/desireonline.shop\/vi\/?s={search_term_string}"},"query-input":{"@type":"PropertyValueSpecification","valueRequired":true,"valueName":"search_term_string"}}],"inLanguage":"vi"},{"@type":"Organization","@id":"https:\/\/desireonline.shop\/vi\/#organization","name":"Desire","url":"https:\/\/desireonline.shop\/vi\/","logo":{"@type":"ImageObject","inLanguage":"vi","@id":"https:\/\/desireonline.shop\/vi\/#\/schema\/logo\/image\/","url":"https:\/\/desireonline.shop\/wp-content\/uploads\/2024\/06\/Logo-Thick-Font-1.webp","contentUrl":"https:\/\/desireonline.shop\/wp-content\/uploads\/2024\/06\/Logo-Thick-Font-1.webp","width":268,"height":399,"caption":"Desire"},"image":{"@id":"https:\/\/desireonline.shop\/vi\/#\/schema\/logo\/image\/"}}]}},"_links":{"self":[{"href":"https:\/\/desireonline.shop\/vi\/wp-json\/wp\/v2\/product\/65774","targetHints":{"allow":["GET"]}}],"collection":[{"href":"https:\/\/desireonline.shop\/vi\/wp-json\/wp\/v2\/product"}],"about":[{"href":"https:\/\/desireonline.shop\/vi\/wp-json\/wp\/v2\/types\/product"}],"replies":[{"embeddable":true,"href":"https:\/\/desireonline.shop\/vi\/wp-json\/wp\/v2\/comments?post=65774"}],"version-history":[{"count":0,"href":"https:\/\/desireonline.shop\/vi\/wp-json\/wp\/v2\/product\/65774\/revisions"}],"wp:featuredmedia":[{"embeddable":true,"href":"https:\/\/desireonline.shop\/vi\/wp-json\/wp\/v2\/media\/63918"}],"wp:attachment":[{"href":"https:\/\/desireonline.shop\/vi\/wp-json\/wp\/v2\/media?parent=65774"}],"wp:term":[{"taxonomy":"product_brand","embeddable":true,"href":"https:\/\/desireonline.shop\/vi\/wp-json\/wp\/v2\/product_brand?post=65774"},{"taxonomy":"product_cat","embeddable":true,"href":"https:\/\/desireonline.shop\/vi\/wp-json\/wp\/v2\/product_cat?post=65774"},{"taxonomy":"product_tag","embeddable":true,"href":"https:\/\/desireonline.shop\/vi\/wp-json\/wp\/v2\/product_tag?post=65774"}],"curies":[{"name":"wp","href":"https:\/\/api.w.org\/{rel}","templated":true}]}}