{"id":65784,"date":"2026-02-17T11:20:59","date_gmt":"2026-02-17T11:20:59","guid":{"rendered":"https:\/\/desireonline.shop\/product\/t-skin-duong-vat-gia-rung-real-flirtation\/"},"modified":"2026-03-10T05:35:21","modified_gmt":"2026-03-10T05:35:21","slug":"t-skin-duong-vat-gia-rung-real-flirtation","status":"publish","type":"product","link":"https:\/\/desireonline.shop\/vi\/san-pham\/t-skin-duong-vat-gia-rung-real-flirtation\/","title":{"rendered":"T-skin D\u01b0\u01a1ng v\u1eadt gi\u1ea3 rung Real Flirtation"},"content":{"rendered":"<p>\u0110\u01b0\u1ee3c thi\u1ebft k\u1ebf \u0111\u1ec3 mang l\u1ea1i c\u1ea3m gi\u00e1c ch\u00e2n th\u1eadt, d\u01b0\u01a1ng v\u1eadt gi\u1ea3 rung n\u00e0y c\u00f3 c\u1ea5u tr\u00fac hai l\u1edbp v\u1edbi l\u00f5i b\u00ean trong ch\u1eafc ch\u1eafn k\u1ebft h\u1ee3p c\u00f9ng l\u1edbp ngo\u00e0i m\u1ec1m m\u1ea1i, gi\u00fap t\u1ea1o c\u1ea3m gi\u00e1c t\u1ef1 nhi\u00ean v\u00e0 tho\u1ea3i m\u00e1i h\u01a1n khi s\u1eed d\u1ee5ng. B\u1ec1 m\u1eb7t m\u1ecbn m\u00e0ng gi\u00fap k\u00edch th\u00edch di\u1ec5n ra nh\u1eb9 nh\u00e0ng v\u00e0 d\u1ec5 t\u1eadn h\u01b0\u1edfng.<\/p>\n<p>V\u1edbi nhi\u1ec1u m\u1ee9c t\u1ed1c \u0111\u1ed9 rung \u0111\u1ec3 kh\u00e1m ph\u00e1 v\u00e0 ch\u1ea5t li\u1ec7u kh\u00e1ng khu\u1ea9n gi\u00fap t\u0103ng th\u00eam s\u1ef1 y\u00ean t\u00e2m khi s\u1eed d\u1ee5ng, s\u1ea3n ph\u1ea9m ph\u00f9 h\u1ee3p cho nh\u1eefng kho\u1ea3nh kh\u1eafc th\u01b0 gi\u00e3n khi b\u1ea1n mu\u1ed1n tr\u1ea3i nghi\u1ec7m ch\u00e2n th\u1eadt c\u00f9ng hi\u1ec7u su\u1ea5t \u1ed5n \u0111\u1ecbnh v\u00e0 kh\u1ea3 n\u0103ng ki\u1ec3m so\u00e1t t\u1ed1t.<\/p>\n","protected":false},"excerpt":{"rendered":"<p>\u0110\u01b0\u1ee3c thi\u1ebft k\u1ebf \u0111\u1ec3 mang l\u1ea1i c\u1ea3m gi\u00e1c ch\u00e2n th\u1eadt, d\u01b0\u01a1ng v\u1eadt gi\u1ea3 rung n\u00e0y c\u00f3 c\u1ea5u tr\u00fac hai l\u1edbp v\u1edbi l\u00f5i b\u00ean trong ch\u1eafc ch\u1eafn k\u1ebft h\u1ee3p c\u00f9ng l\u1edbp&hellip;<\/p>\n","protected":false},"featured_media":63933,"comment_status":"open","ping_status":"closed","template":"","meta":{"_acf_changed":false},"product_brand":[],"product_cat":[1341,1429],"product_tag":[],"class_list":{"0":"post-65784","1":"product","2":"type-product","3":"status-publish","4":"has-post-thumbnail","6":"product_cat-for-men","7":"product_cat-duong-vat-gia-co-rung","9":"first","10":"instock","11":"shipping-taxable","12":"purchasable","13":"product-type-variable"},"acf":[],"yoast_head":"<!-- This site is optimized with the Yoast SEO plugin v27.1.1 - https:\/\/yoast.com\/product\/yoast-seo-wordpress\/ -->\n<title>T-skin D\u01b0\u01a1ng v\u1eadt gi\u1ea3 rung Real Flirtation - Desire<\/title>\n<meta name=\"robots\" content=\"index, follow, max-snippet:-1, max-image-preview:large, max-video-preview:-1\" \/>\n<link rel=\"canonical\" href=\"https:\/\/desireonline.shop\/vi\/san-pham\/t-skin-duong-vat-gia-rung-real-flirtation\/\" \/>\n<meta property=\"og:locale\" content=\"vi_VN\" \/>\n<meta property=\"og:type\" content=\"article\" \/>\n<meta property=\"og:title\" content=\"T-skin D\u01b0\u01a1ng v\u1eadt gi\u1ea3 rung Real Flirtation - Desire\" \/>\n<meta property=\"og:description\" content=\"\u0110\u01b0\u1ee3c thi\u1ebft k\u1ebf \u0111\u1ec3 mang l\u1ea1i c\u1ea3m gi\u00e1c ch\u00e2n th\u1eadt, d\u01b0\u01a1ng v\u1eadt gi\u1ea3 rung n\u00e0y c\u00f3 c\u1ea5u tr\u00fac hai l\u1edbp v\u1edbi l\u00f5i b\u00ean trong ch\u1eafc ch\u1eafn k\u1ebft h\u1ee3p c\u00f9ng l\u1edbp&hellip;\" \/>\n<meta property=\"og:url\" content=\"https:\/\/desireonline.shop\/vi\/san-pham\/t-skin-duong-vat-gia-rung-real-flirtation\/\" \/>\n<meta property=\"og:site_name\" content=\"Desire\" \/>\n<meta property=\"article:modified_time\" content=\"2026-03-10T05:35:21+00:00\" \/>\n<meta property=\"og:image\" content=\"https:\/\/desireonline.shop\/wp-content\/uploads\/2026\/02\/CN-711702384_00-3.jpg\" \/>\n\t<meta property=\"og:image:width\" content=\"2531\" \/>\n\t<meta property=\"og:image:height\" content=\"2531\" \/>\n\t<meta property=\"og:image:type\" content=\"image\/jpeg\" \/>\n<meta name=\"twitter:card\" content=\"summary_large_image\" \/>\n<meta name=\"twitter:label1\" content=\"\u01af\u1edbc t\u00ednh th\u1eddi gian \u0111\u1ecdc\" \/>\n\t<meta name=\"twitter:data1\" content=\"1 ph\u00fat\" \/>\n<script type=\"application\/ld+json\" class=\"yoast-schema-graph\">{\"@context\":\"https:\/\/schema.org\",\"@graph\":[{\"@type\":\"WebPage\",\"@id\":\"https:\/\/desireonline.shop\/vi\/san-pham\/t-skin-duong-vat-gia-rung-real-flirtation\/\",\"url\":\"https:\/\/desireonline.shop\/vi\/san-pham\/t-skin-duong-vat-gia-rung-real-flirtation\/\",\"name\":\"T-skin D\u01b0\u01a1ng v\u1eadt gi\u1ea3 rung Real Flirtation - Desire\",\"isPartOf\":{\"@id\":\"https:\/\/desireonline.shop\/vi\/#website\"},\"primaryImageOfPage\":{\"@id\":\"https:\/\/desireonline.shop\/vi\/san-pham\/t-skin-duong-vat-gia-rung-real-flirtation\/#primaryimage\"},\"image\":{\"@id\":\"https:\/\/desireonline.shop\/vi\/san-pham\/t-skin-duong-vat-gia-rung-real-flirtation\/#primaryimage\"},\"thumbnailUrl\":\"https:\/\/desireonline.shop\/wp-content\/uploads\/2026\/02\/CN-711702384_00-3.jpg\",\"datePublished\":\"2026-02-17T11:20:59+00:00\",\"dateModified\":\"2026-03-10T05:35:21+00:00\",\"breadcrumb\":{\"@id\":\"https:\/\/desireonline.shop\/vi\/san-pham\/t-skin-duong-vat-gia-rung-real-flirtation\/#breadcrumb\"},\"inLanguage\":\"vi\",\"potentialAction\":[{\"@type\":\"ReadAction\",\"target\":[\"https:\/\/desireonline.shop\/vi\/san-pham\/t-skin-duong-vat-gia-rung-real-flirtation\/\"]}]},{\"@type\":\"ImageObject\",\"inLanguage\":\"vi\",\"@id\":\"https:\/\/desireonline.shop\/vi\/san-pham\/t-skin-duong-vat-gia-rung-real-flirtation\/#primaryimage\",\"url\":\"https:\/\/desireonline.shop\/wp-content\/uploads\/2026\/02\/CN-711702384_00-3.jpg\",\"contentUrl\":\"https:\/\/desireonline.shop\/wp-content\/uploads\/2026\/02\/CN-711702384_00-3.jpg\",\"width\":2531,\"height\":2531},{\"@type\":\"BreadcrumbList\",\"@id\":\"https:\/\/desireonline.shop\/vi\/san-pham\/t-skin-duong-vat-gia-rung-real-flirtation\/#breadcrumb\",\"itemListElement\":[{\"@type\":\"ListItem\",\"position\":1,\"name\":\"Home\",\"item\":\"https:\/\/desireonline.shop\/vi\/trang-chu\/?lang=vi\"},{\"@type\":\"ListItem\",\"position\":2,\"name\":\"T\u1ea5t c\u1ea3 s\u1ea3n ph\u1ea9m\",\"item\":\"https:\/\/desireonline.shop\/cua-hang\/?lang=vi\"},{\"@type\":\"ListItem\",\"position\":3,\"name\":\"T-skin D\u01b0\u01a1ng v\u1eadt gi\u1ea3 rung Real Flirtation\"}]},{\"@type\":\"WebSite\",\"@id\":\"https:\/\/desireonline.shop\/vi\/#website\",\"url\":\"https:\/\/desireonline.shop\/vi\/\",\"name\":\"Desire\",\"description\":\"Sexual Wellness Platform\",\"publisher\":{\"@id\":\"https:\/\/desireonline.shop\/vi\/#organization\"},\"potentialAction\":[{\"@type\":\"SearchAction\",\"target\":{\"@type\":\"EntryPoint\",\"urlTemplate\":\"https:\/\/desireonline.shop\/vi\/?s={search_term_string}\"},\"query-input\":{\"@type\":\"PropertyValueSpecification\",\"valueRequired\":true,\"valueName\":\"search_term_string\"}}],\"inLanguage\":\"vi\"},{\"@type\":\"Organization\",\"@id\":\"https:\/\/desireonline.shop\/vi\/#organization\",\"name\":\"Desire\",\"url\":\"https:\/\/desireonline.shop\/vi\/\",\"logo\":{\"@type\":\"ImageObject\",\"inLanguage\":\"vi\",\"@id\":\"https:\/\/desireonline.shop\/vi\/#\/schema\/logo\/image\/\",\"url\":\"https:\/\/desireonline.shop\/wp-content\/uploads\/2024\/06\/Logo-Thick-Font-1.webp\",\"contentUrl\":\"https:\/\/desireonline.shop\/wp-content\/uploads\/2024\/06\/Logo-Thick-Font-1.webp\",\"width\":268,\"height\":399,\"caption\":\"Desire\"},\"image\":{\"@id\":\"https:\/\/desireonline.shop\/vi\/#\/schema\/logo\/image\/\"}}]}<\/script>\n<!-- \/ Yoast SEO plugin. -->","yoast_head_json":{"title":"T-skin D\u01b0\u01a1ng v\u1eadt gi\u1ea3 rung Real Flirtation - Desire","robots":{"index":"index","follow":"follow","max-snippet":"max-snippet:-1","max-image-preview":"max-image-preview:large","max-video-preview":"max-video-preview:-1"},"canonical":"https:\/\/desireonline.shop\/vi\/san-pham\/t-skin-duong-vat-gia-rung-real-flirtation\/","og_locale":"vi_VN","og_type":"article","og_title":"T-skin D\u01b0\u01a1ng v\u1eadt gi\u1ea3 rung Real Flirtation - Desire","og_description":"\u0110\u01b0\u1ee3c thi\u1ebft k\u1ebf \u0111\u1ec3 mang l\u1ea1i c\u1ea3m gi\u00e1c ch\u00e2n th\u1eadt, d\u01b0\u01a1ng v\u1eadt gi\u1ea3 rung n\u00e0y c\u00f3 c\u1ea5u tr\u00fac hai l\u1edbp v\u1edbi l\u00f5i b\u00ean trong ch\u1eafc ch\u1eafn k\u1ebft h\u1ee3p c\u00f9ng l\u1edbp&hellip;","og_url":"https:\/\/desireonline.shop\/vi\/san-pham\/t-skin-duong-vat-gia-rung-real-flirtation\/","og_site_name":"Desire","article_modified_time":"2026-03-10T05:35:21+00:00","og_image":[{"width":2531,"height":2531,"url":"https:\/\/desireonline.shop\/wp-content\/uploads\/2026\/02\/CN-711702384_00-3.jpg","type":"image\/jpeg"}],"twitter_card":"summary_large_image","twitter_misc":{"\u01af\u1edbc t\u00ednh th\u1eddi gian \u0111\u1ecdc":"1 ph\u00fat"},"schema":{"@context":"https:\/\/schema.org","@graph":[{"@type":"WebPage","@id":"https:\/\/desireonline.shop\/vi\/san-pham\/t-skin-duong-vat-gia-rung-real-flirtation\/","url":"https:\/\/desireonline.shop\/vi\/san-pham\/t-skin-duong-vat-gia-rung-real-flirtation\/","name":"T-skin D\u01b0\u01a1ng v\u1eadt gi\u1ea3 rung Real Flirtation - Desire","isPartOf":{"@id":"https:\/\/desireonline.shop\/vi\/#website"},"primaryImageOfPage":{"@id":"https:\/\/desireonline.shop\/vi\/san-pham\/t-skin-duong-vat-gia-rung-real-flirtation\/#primaryimage"},"image":{"@id":"https:\/\/desireonline.shop\/vi\/san-pham\/t-skin-duong-vat-gia-rung-real-flirtation\/#primaryimage"},"thumbnailUrl":"https:\/\/desireonline.shop\/wp-content\/uploads\/2026\/02\/CN-711702384_00-3.jpg","datePublished":"2026-02-17T11:20:59+00:00","dateModified":"2026-03-10T05:35:21+00:00","breadcrumb":{"@id":"https:\/\/desireonline.shop\/vi\/san-pham\/t-skin-duong-vat-gia-rung-real-flirtation\/#breadcrumb"},"inLanguage":"vi","potentialAction":[{"@type":"ReadAction","target":["https:\/\/desireonline.shop\/vi\/san-pham\/t-skin-duong-vat-gia-rung-real-flirtation\/"]}]},{"@type":"ImageObject","inLanguage":"vi","@id":"https:\/\/desireonline.shop\/vi\/san-pham\/t-skin-duong-vat-gia-rung-real-flirtation\/#primaryimage","url":"https:\/\/desireonline.shop\/wp-content\/uploads\/2026\/02\/CN-711702384_00-3.jpg","contentUrl":"https:\/\/desireonline.shop\/wp-content\/uploads\/2026\/02\/CN-711702384_00-3.jpg","width":2531,"height":2531},{"@type":"BreadcrumbList","@id":"https:\/\/desireonline.shop\/vi\/san-pham\/t-skin-duong-vat-gia-rung-real-flirtation\/#breadcrumb","itemListElement":[{"@type":"ListItem","position":1,"name":"Home","item":"https:\/\/desireonline.shop\/vi\/trang-chu\/?lang=vi"},{"@type":"ListItem","position":2,"name":"T\u1ea5t c\u1ea3 s\u1ea3n ph\u1ea9m","item":"https:\/\/desireonline.shop\/cua-hang\/?lang=vi"},{"@type":"ListItem","position":3,"name":"T-skin D\u01b0\u01a1ng v\u1eadt gi\u1ea3 rung Real Flirtation"}]},{"@type":"WebSite","@id":"https:\/\/desireonline.shop\/vi\/#website","url":"https:\/\/desireonline.shop\/vi\/","name":"Desire","description":"Sexual Wellness Platform","publisher":{"@id":"https:\/\/desireonline.shop\/vi\/#organization"},"potentialAction":[{"@type":"SearchAction","target":{"@type":"EntryPoint","urlTemplate":"https:\/\/desireonline.shop\/vi\/?s={search_term_string}"},"query-input":{"@type":"PropertyValueSpecification","valueRequired":true,"valueName":"search_term_string"}}],"inLanguage":"vi"},{"@type":"Organization","@id":"https:\/\/desireonline.shop\/vi\/#organization","name":"Desire","url":"https:\/\/desireonline.shop\/vi\/","logo":{"@type":"ImageObject","inLanguage":"vi","@id":"https:\/\/desireonline.shop\/vi\/#\/schema\/logo\/image\/","url":"https:\/\/desireonline.shop\/wp-content\/uploads\/2024\/06\/Logo-Thick-Font-1.webp","contentUrl":"https:\/\/desireonline.shop\/wp-content\/uploads\/2024\/06\/Logo-Thick-Font-1.webp","width":268,"height":399,"caption":"Desire"},"image":{"@id":"https:\/\/desireonline.shop\/vi\/#\/schema\/logo\/image\/"}}]}},"_links":{"self":[{"href":"https:\/\/desireonline.shop\/vi\/wp-json\/wp\/v2\/product\/65784","targetHints":{"allow":["GET"]}}],"collection":[{"href":"https:\/\/desireonline.shop\/vi\/wp-json\/wp\/v2\/product"}],"about":[{"href":"https:\/\/desireonline.shop\/vi\/wp-json\/wp\/v2\/types\/product"}],"replies":[{"embeddable":true,"href":"https:\/\/desireonline.shop\/vi\/wp-json\/wp\/v2\/comments?post=65784"}],"version-history":[{"count":0,"href":"https:\/\/desireonline.shop\/vi\/wp-json\/wp\/v2\/product\/65784\/revisions"}],"wp:featuredmedia":[{"embeddable":true,"href":"https:\/\/desireonline.shop\/vi\/wp-json\/wp\/v2\/media\/63933"}],"wp:attachment":[{"href":"https:\/\/desireonline.shop\/vi\/wp-json\/wp\/v2\/media?parent=65784"}],"wp:term":[{"taxonomy":"product_brand","embeddable":true,"href":"https:\/\/desireonline.shop\/vi\/wp-json\/wp\/v2\/product_brand?post=65784"},{"taxonomy":"product_cat","embeddable":true,"href":"https:\/\/desireonline.shop\/vi\/wp-json\/wp\/v2\/product_cat?post=65784"},{"taxonomy":"product_tag","embeddable":true,"href":"https:\/\/desireonline.shop\/vi\/wp-json\/wp\/v2\/product_tag?post=65784"}],"curies":[{"name":"wp","href":"https:\/\/api.w.org\/{rel}","templated":true}]}}