{"id":65817,"date":"2026-02-17T11:23:36","date_gmt":"2026-02-17T11:23:36","guid":{"rendered":"https:\/\/desireonline.shop\/product\/t-skin-duong-vat-gia-real-sex-lure\/"},"modified":"2026-03-10T05:45:39","modified_gmt":"2026-03-10T05:45:39","slug":"t-skin-duong-vat-gia-real-sex-lure","status":"publish","type":"product","link":"https:\/\/desireonline.shop\/vi\/san-pham\/t-skin-duong-vat-gia-real-sex-lure\/","title":{"rendered":"T-skin D\u01b0\u01a1ng v\u1eadt gi\u1ea3 Real Sex Lure"},"content":{"rendered":"<p>\u0110\u01b0\u1ee3c thi\u1ebft k\u1ebf \u0111\u1ec3 mang l\u1ea1i c\u1ea3m gi\u00e1c ch\u00e2n th\u1eadt \u1ea5n t\u01b0\u1ee3ng, d\u01b0\u01a1ng v\u1eadt gi\u1ea3 n\u00e0y k\u1ebft h\u1ee3p c\u1ea5u tr\u00fac hai l\u1edbp v\u1edbi l\u00f5i linh ho\u1ea1t, t\u1ea1o n\u00ean tr\u1ea3i nghi\u1ec7m tho\u1ea3i m\u00e1i v\u00e0 d\u1ec5 d\u00e0ng \u0111i\u1ec1u ch\u1ec9nh khi s\u1eed d\u1ee5ng. L\u1edbp ngo\u00e0i m\u1ec1m m\u1ea1i gi\u00fap t\u0103ng s\u1ef1 tho\u1ea3i m\u00e1i, trong khi l\u00f5i ch\u1eafc ch\u1eafn mang l\u1ea1i c\u1ea5u tr\u00fac \u1ed5n \u0111\u1ecbnh v\u00e0 c\u1ea3m gi\u00e1c \u0111\u1ea7y \u0111\u1eb7n.<\/p>\n<p>Thi\u1ebft k\u1ebf linh ho\u1ea1t gi\u00fap d\u1ec5 d\u00e0ng \u0111i\u1ec1u ch\u1ec9nh g\u00f3c v\u00e0 \u00e1p l\u1ef1c, cho ph\u00e9p vi\u1ec7c k\u00edch th\u00edch tr\u1edf n\u00ean t\u1ef1 nhi\u00ean v\u00e0 ph\u00f9 h\u1ee3p v\u1edbi t\u1eebng nhu c\u1ea7u. \u0110\u01b0\u1ee3c l\u00e0m t\u1eeb ch\u1ea5t li\u1ec7u kh\u00e1ng khu\u1ea9n, s\u1ea3n ph\u1ea9m l\u00e0 l\u1ef1a ch\u1ecdn \u0111\u00e1ng tin c\u1eady cho tr\u1ea3i nghi\u1ec7m c\u00e1 nh\u00e2n th\u01b0 gi\u00e3n v\u1edbi s\u1ef1 t\u1eadp trung v\u00e0o c\u1ea3m gi\u00e1c ch\u00e2n th\u1eadt v\u00e0 s\u1ef1 tho\u1ea3i m\u00e1i.Made from anti-bacterial material, it\u2019s a reliable option for relaxed solo play with a focus on comfort and realism.<\/p>\n","protected":false},"excerpt":{"rendered":"<p>\u0110\u01b0\u1ee3c thi\u1ebft k\u1ebf \u0111\u1ec3 mang l\u1ea1i c\u1ea3m gi\u00e1c ch\u00e2n th\u1eadt \u1ea5n t\u01b0\u1ee3ng, d\u01b0\u01a1ng v\u1eadt gi\u1ea3 n\u00e0y k\u1ebft h\u1ee3p c\u1ea5u tr\u00fac hai l\u1edbp v\u1edbi l\u00f5i linh ho\u1ea1t, t\u1ea1o n\u00ean tr\u1ea3i nghi\u1ec7m&hellip;<\/p>\n","protected":false},"featured_media":64005,"comment_status":"open","ping_status":"closed","template":"","meta":{"_acf_changed":false},"product_brand":[],"product_cat":[1341,1425,1427],"product_tag":[],"class_list":{"0":"post-65817","1":"product","2":"type-product","3":"status-publish","4":"has-post-thumbnail","6":"product_cat-for-men","7":"product_cat-duong-vat-gia-thuc-te","8":"product_cat-tuong-thich-voi-day-deo-duong-vat-gia-gan-deo-mang-den-da-dang-hinh-dang-kich-thuoc-va-cam-giac-cho-trai-nghiem-chung","10":"first","11":"instock","12":"shipping-taxable","13":"purchasable","14":"product-type-variable"},"acf":[],"yoast_head":"<!-- This site is optimized with the Yoast SEO plugin v27.1.1 - https:\/\/yoast.com\/product\/yoast-seo-wordpress\/ -->\n<title>T-skin D\u01b0\u01a1ng v\u1eadt gi\u1ea3 Real Sex Lure - Desire<\/title>\n<meta name=\"robots\" content=\"index, follow, max-snippet:-1, max-image-preview:large, max-video-preview:-1\" \/>\n<link rel=\"canonical\" href=\"https:\/\/desireonline.shop\/vi\/san-pham\/t-skin-duong-vat-gia-real-sex-lure\/\" \/>\n<meta property=\"og:locale\" content=\"vi_VN\" \/>\n<meta property=\"og:type\" content=\"article\" \/>\n<meta property=\"og:title\" content=\"T-skin D\u01b0\u01a1ng v\u1eadt gi\u1ea3 Real Sex Lure - Desire\" \/>\n<meta property=\"og:description\" content=\"\u0110\u01b0\u1ee3c thi\u1ebft k\u1ebf \u0111\u1ec3 mang l\u1ea1i c\u1ea3m gi\u00e1c ch\u00e2n th\u1eadt \u1ea5n t\u01b0\u1ee3ng, d\u01b0\u01a1ng v\u1eadt gi\u1ea3 n\u00e0y k\u1ebft h\u1ee3p c\u1ea5u tr\u00fac hai l\u1edbp v\u1edbi l\u00f5i linh ho\u1ea1t, t\u1ea1o n\u00ean tr\u1ea3i nghi\u1ec7m&hellip;\" \/>\n<meta property=\"og:url\" content=\"https:\/\/desireonline.shop\/vi\/san-pham\/t-skin-duong-vat-gia-real-sex-lure\/\" \/>\n<meta property=\"og:site_name\" content=\"Desire\" \/>\n<meta property=\"article:modified_time\" content=\"2026-03-10T05:45:39+00:00\" \/>\n<meta property=\"og:image\" content=\"https:\/\/desireonline.shop\/wp-content\/uploads\/2026\/02\/CN-711708737_00-2.jpg\" \/>\n\t<meta property=\"og:image:width\" content=\"2000\" \/>\n\t<meta property=\"og:image:height\" content=\"2000\" \/>\n\t<meta property=\"og:image:type\" content=\"image\/jpeg\" \/>\n<meta name=\"twitter:card\" content=\"summary_large_image\" \/>\n<meta name=\"twitter:label1\" content=\"\u01af\u1edbc t\u00ednh th\u1eddi gian \u0111\u1ecdc\" \/>\n\t<meta name=\"twitter:data1\" content=\"1 ph\u00fat\" \/>\n<script type=\"application\/ld+json\" class=\"yoast-schema-graph\">{\"@context\":\"https:\/\/schema.org\",\"@graph\":[{\"@type\":\"WebPage\",\"@id\":\"https:\/\/desireonline.shop\/vi\/san-pham\/t-skin-duong-vat-gia-real-sex-lure\/\",\"url\":\"https:\/\/desireonline.shop\/vi\/san-pham\/t-skin-duong-vat-gia-real-sex-lure\/\",\"name\":\"T-skin D\u01b0\u01a1ng v\u1eadt gi\u1ea3 Real Sex Lure - Desire\",\"isPartOf\":{\"@id\":\"https:\/\/desireonline.shop\/vi\/#website\"},\"primaryImageOfPage\":{\"@id\":\"https:\/\/desireonline.shop\/vi\/san-pham\/t-skin-duong-vat-gia-real-sex-lure\/#primaryimage\"},\"image\":{\"@id\":\"https:\/\/desireonline.shop\/vi\/san-pham\/t-skin-duong-vat-gia-real-sex-lure\/#primaryimage\"},\"thumbnailUrl\":\"https:\/\/desireonline.shop\/wp-content\/uploads\/2026\/02\/CN-711708737_00-2.jpg\",\"datePublished\":\"2026-02-17T11:23:36+00:00\",\"dateModified\":\"2026-03-10T05:45:39+00:00\",\"breadcrumb\":{\"@id\":\"https:\/\/desireonline.shop\/vi\/san-pham\/t-skin-duong-vat-gia-real-sex-lure\/#breadcrumb\"},\"inLanguage\":\"vi\",\"potentialAction\":[{\"@type\":\"ReadAction\",\"target\":[\"https:\/\/desireonline.shop\/vi\/san-pham\/t-skin-duong-vat-gia-real-sex-lure\/\"]}]},{\"@type\":\"ImageObject\",\"inLanguage\":\"vi\",\"@id\":\"https:\/\/desireonline.shop\/vi\/san-pham\/t-skin-duong-vat-gia-real-sex-lure\/#primaryimage\",\"url\":\"https:\/\/desireonline.shop\/wp-content\/uploads\/2026\/02\/CN-711708737_00-2.jpg\",\"contentUrl\":\"https:\/\/desireonline.shop\/wp-content\/uploads\/2026\/02\/CN-711708737_00-2.jpg\",\"width\":2000,\"height\":2000},{\"@type\":\"BreadcrumbList\",\"@id\":\"https:\/\/desireonline.shop\/vi\/san-pham\/t-skin-duong-vat-gia-real-sex-lure\/#breadcrumb\",\"itemListElement\":[{\"@type\":\"ListItem\",\"position\":1,\"name\":\"Home\",\"item\":\"https:\/\/desireonline.shop\/vi\/trang-chu\/?lang=vi\"},{\"@type\":\"ListItem\",\"position\":2,\"name\":\"T\u1ea5t c\u1ea3 s\u1ea3n ph\u1ea9m\",\"item\":\"https:\/\/desireonline.shop\/cua-hang\/?lang=vi\"},{\"@type\":\"ListItem\",\"position\":3,\"name\":\"T-skin D\u01b0\u01a1ng v\u1eadt gi\u1ea3 Real Sex Lure\"}]},{\"@type\":\"WebSite\",\"@id\":\"https:\/\/desireonline.shop\/vi\/#website\",\"url\":\"https:\/\/desireonline.shop\/vi\/\",\"name\":\"Desire\",\"description\":\"Sexual Wellness Platform\",\"publisher\":{\"@id\":\"https:\/\/desireonline.shop\/vi\/#organization\"},\"potentialAction\":[{\"@type\":\"SearchAction\",\"target\":{\"@type\":\"EntryPoint\",\"urlTemplate\":\"https:\/\/desireonline.shop\/vi\/?s={search_term_string}\"},\"query-input\":{\"@type\":\"PropertyValueSpecification\",\"valueRequired\":true,\"valueName\":\"search_term_string\"}}],\"inLanguage\":\"vi\"},{\"@type\":\"Organization\",\"@id\":\"https:\/\/desireonline.shop\/vi\/#organization\",\"name\":\"Desire\",\"url\":\"https:\/\/desireonline.shop\/vi\/\",\"logo\":{\"@type\":\"ImageObject\",\"inLanguage\":\"vi\",\"@id\":\"https:\/\/desireonline.shop\/vi\/#\/schema\/logo\/image\/\",\"url\":\"https:\/\/desireonline.shop\/wp-content\/uploads\/2024\/06\/Logo-Thick-Font-1.webp\",\"contentUrl\":\"https:\/\/desireonline.shop\/wp-content\/uploads\/2024\/06\/Logo-Thick-Font-1.webp\",\"width\":268,\"height\":399,\"caption\":\"Desire\"},\"image\":{\"@id\":\"https:\/\/desireonline.shop\/vi\/#\/schema\/logo\/image\/\"}}]}<\/script>\n<!-- \/ Yoast SEO plugin. -->","yoast_head_json":{"title":"T-skin D\u01b0\u01a1ng v\u1eadt gi\u1ea3 Real Sex Lure - Desire","robots":{"index":"index","follow":"follow","max-snippet":"max-snippet:-1","max-image-preview":"max-image-preview:large","max-video-preview":"max-video-preview:-1"},"canonical":"https:\/\/desireonline.shop\/vi\/san-pham\/t-skin-duong-vat-gia-real-sex-lure\/","og_locale":"vi_VN","og_type":"article","og_title":"T-skin D\u01b0\u01a1ng v\u1eadt gi\u1ea3 Real Sex Lure - Desire","og_description":"\u0110\u01b0\u1ee3c thi\u1ebft k\u1ebf \u0111\u1ec3 mang l\u1ea1i c\u1ea3m gi\u00e1c ch\u00e2n th\u1eadt \u1ea5n t\u01b0\u1ee3ng, d\u01b0\u01a1ng v\u1eadt gi\u1ea3 n\u00e0y k\u1ebft h\u1ee3p c\u1ea5u tr\u00fac hai l\u1edbp v\u1edbi l\u00f5i linh ho\u1ea1t, t\u1ea1o n\u00ean tr\u1ea3i nghi\u1ec7m&hellip;","og_url":"https:\/\/desireonline.shop\/vi\/san-pham\/t-skin-duong-vat-gia-real-sex-lure\/","og_site_name":"Desire","article_modified_time":"2026-03-10T05:45:39+00:00","og_image":[{"width":2000,"height":2000,"url":"https:\/\/desireonline.shop\/wp-content\/uploads\/2026\/02\/CN-711708737_00-2.jpg","type":"image\/jpeg"}],"twitter_card":"summary_large_image","twitter_misc":{"\u01af\u1edbc t\u00ednh th\u1eddi gian \u0111\u1ecdc":"1 ph\u00fat"},"schema":{"@context":"https:\/\/schema.org","@graph":[{"@type":"WebPage","@id":"https:\/\/desireonline.shop\/vi\/san-pham\/t-skin-duong-vat-gia-real-sex-lure\/","url":"https:\/\/desireonline.shop\/vi\/san-pham\/t-skin-duong-vat-gia-real-sex-lure\/","name":"T-skin D\u01b0\u01a1ng v\u1eadt gi\u1ea3 Real Sex Lure - Desire","isPartOf":{"@id":"https:\/\/desireonline.shop\/vi\/#website"},"primaryImageOfPage":{"@id":"https:\/\/desireonline.shop\/vi\/san-pham\/t-skin-duong-vat-gia-real-sex-lure\/#primaryimage"},"image":{"@id":"https:\/\/desireonline.shop\/vi\/san-pham\/t-skin-duong-vat-gia-real-sex-lure\/#primaryimage"},"thumbnailUrl":"https:\/\/desireonline.shop\/wp-content\/uploads\/2026\/02\/CN-711708737_00-2.jpg","datePublished":"2026-02-17T11:23:36+00:00","dateModified":"2026-03-10T05:45:39+00:00","breadcrumb":{"@id":"https:\/\/desireonline.shop\/vi\/san-pham\/t-skin-duong-vat-gia-real-sex-lure\/#breadcrumb"},"inLanguage":"vi","potentialAction":[{"@type":"ReadAction","target":["https:\/\/desireonline.shop\/vi\/san-pham\/t-skin-duong-vat-gia-real-sex-lure\/"]}]},{"@type":"ImageObject","inLanguage":"vi","@id":"https:\/\/desireonline.shop\/vi\/san-pham\/t-skin-duong-vat-gia-real-sex-lure\/#primaryimage","url":"https:\/\/desireonline.shop\/wp-content\/uploads\/2026\/02\/CN-711708737_00-2.jpg","contentUrl":"https:\/\/desireonline.shop\/wp-content\/uploads\/2026\/02\/CN-711708737_00-2.jpg","width":2000,"height":2000},{"@type":"BreadcrumbList","@id":"https:\/\/desireonline.shop\/vi\/san-pham\/t-skin-duong-vat-gia-real-sex-lure\/#breadcrumb","itemListElement":[{"@type":"ListItem","position":1,"name":"Home","item":"https:\/\/desireonline.shop\/vi\/trang-chu\/?lang=vi"},{"@type":"ListItem","position":2,"name":"T\u1ea5t c\u1ea3 s\u1ea3n ph\u1ea9m","item":"https:\/\/desireonline.shop\/cua-hang\/?lang=vi"},{"@type":"ListItem","position":3,"name":"T-skin D\u01b0\u01a1ng v\u1eadt gi\u1ea3 Real Sex Lure"}]},{"@type":"WebSite","@id":"https:\/\/desireonline.shop\/vi\/#website","url":"https:\/\/desireonline.shop\/vi\/","name":"Desire","description":"Sexual Wellness Platform","publisher":{"@id":"https:\/\/desireonline.shop\/vi\/#organization"},"potentialAction":[{"@type":"SearchAction","target":{"@type":"EntryPoint","urlTemplate":"https:\/\/desireonline.shop\/vi\/?s={search_term_string}"},"query-input":{"@type":"PropertyValueSpecification","valueRequired":true,"valueName":"search_term_string"}}],"inLanguage":"vi"},{"@type":"Organization","@id":"https:\/\/desireonline.shop\/vi\/#organization","name":"Desire","url":"https:\/\/desireonline.shop\/vi\/","logo":{"@type":"ImageObject","inLanguage":"vi","@id":"https:\/\/desireonline.shop\/vi\/#\/schema\/logo\/image\/","url":"https:\/\/desireonline.shop\/wp-content\/uploads\/2024\/06\/Logo-Thick-Font-1.webp","contentUrl":"https:\/\/desireonline.shop\/wp-content\/uploads\/2024\/06\/Logo-Thick-Font-1.webp","width":268,"height":399,"caption":"Desire"},"image":{"@id":"https:\/\/desireonline.shop\/vi\/#\/schema\/logo\/image\/"}}]}},"_links":{"self":[{"href":"https:\/\/desireonline.shop\/vi\/wp-json\/wp\/v2\/product\/65817","targetHints":{"allow":["GET"]}}],"collection":[{"href":"https:\/\/desireonline.shop\/vi\/wp-json\/wp\/v2\/product"}],"about":[{"href":"https:\/\/desireonline.shop\/vi\/wp-json\/wp\/v2\/types\/product"}],"replies":[{"embeddable":true,"href":"https:\/\/desireonline.shop\/vi\/wp-json\/wp\/v2\/comments?post=65817"}],"version-history":[{"count":0,"href":"https:\/\/desireonline.shop\/vi\/wp-json\/wp\/v2\/product\/65817\/revisions"}],"wp:featuredmedia":[{"embeddable":true,"href":"https:\/\/desireonline.shop\/vi\/wp-json\/wp\/v2\/media\/64005"}],"wp:attachment":[{"href":"https:\/\/desireonline.shop\/vi\/wp-json\/wp\/v2\/media?parent=65817"}],"wp:term":[{"taxonomy":"product_brand","embeddable":true,"href":"https:\/\/desireonline.shop\/vi\/wp-json\/wp\/v2\/product_brand?post=65817"},{"taxonomy":"product_cat","embeddable":true,"href":"https:\/\/desireonline.shop\/vi\/wp-json\/wp\/v2\/product_cat?post=65817"},{"taxonomy":"product_tag","embeddable":true,"href":"https:\/\/desireonline.shop\/vi\/wp-json\/wp\/v2\/product_tag?post=65817"}],"curies":[{"name":"wp","href":"https:\/\/api.w.org\/{rel}","templated":true}]}}