{"id":65862,"date":"2026-02-17T11:29:00","date_gmt":"2026-02-17T11:29:00","guid":{"rendered":"https:\/\/desireonline.shop\/product\/deluxe-duong-vat-gia-pure-nature-shane-g-colorful\/"},"modified":"2026-03-10T05:26:13","modified_gmt":"2026-03-10T05:26:13","slug":"deluxe-duong-vat-gia-pure-nature-shane-g-colorful","status":"publish","type":"product","link":"https:\/\/desireonline.shop\/vi\/san-pham\/deluxe-duong-vat-gia-pure-nature-shane-g-colorful\/","title":{"rendered":"Deluxe D\u01b0\u01a1ng v\u1eadt gi\u1ea3 Pure Nature Shane G. Colorful"},"content":{"rendered":"<p>\u0110\u01b0\u1ee3c thi\u1ebft k\u1ebf \u0111\u1ec3 k\u1ebft h\u1ee3p m\u00e0u s\u1eafc vui t\u01b0\u01a1i v\u1edbi c\u1ea3m gi\u00e1c ch\u00e2n th\u1eadt, d\u01b0\u01a1ng v\u1eadt gi\u1ea3 n\u00e0y c\u00f3 b\u1ec1 m\u1eb7t m\u1ecbn mang l\u1ea1i c\u1ea3m gi\u00e1c tho\u1ea3i m\u00e1i v\u00e0 d\u1ec5 d\u00e0ng t\u1eadn h\u01b0\u1edfng. Thi\u1ebft k\u1ebf c\u00e2n \u0111\u1ed1i gi\u00fap c\u1ea3m gi\u00e1c k\u00edch th\u00edch tr\u1edf n\u00ean t\u1ef1 nhi\u00ean, d\u00f9 b\u1ea1n mu\u1ed1n kh\u00e1m ph\u00e1 nh\u1eb9 nh\u00e0ng hay t\u0103ng d\u1ea7n c\u01b0\u1eddng \u0111\u1ed9.<\/p>\n<p>\u0110\u1ebf h\u00fat ch\u1eafc ch\u1eafn cho ph\u00e9p s\u1eed d\u1ee5ng r\u1ea3nh tay v\u00e0 kh\u00e1m ph\u00e1 nhi\u1ec1u t\u01b0 th\u1ebf kh\u00e1c nhau. M\u1ed9t l\u1ef1a ch\u1ecdn th\u00fa v\u1ecb v\u00e0 d\u1ec5 ch\u1ecbu khi b\u1ea1n mu\u1ed1n c\u1ea3m gi\u00e1c kho\u00e1i c\u1ea3m \u0111\u00e1ng tin c\u1eady v\u1edbi ch\u00fat c\u00e1 t\u00ednh n\u1ed5i b\u1eadt.<\/p>\n","protected":false},"excerpt":{"rendered":"<p>\u0110\u01b0\u1ee3c thi\u1ebft k\u1ebf \u0111\u1ec3 k\u1ebft h\u1ee3p m\u00e0u s\u1eafc vui t\u01b0\u01a1i v\u1edbi c\u1ea3m gi\u00e1c ch\u00e2n th\u1eadt, d\u01b0\u01a1ng v\u1eadt gi\u1ea3 n\u00e0y c\u00f3 b\u1ec1 m\u1eb7t m\u1ecbn mang l\u1ea1i c\u1ea3m gi\u00e1c tho\u1ea3i m\u00e1i v\u00e0&hellip;<\/p>\n","protected":false},"featured_media":64150,"comment_status":"open","ping_status":"closed","template":"","meta":{"_acf_changed":false},"product_brand":[],"product_cat":[1341,1419,1423,1427],"product_tag":[],"class_list":{"0":"post-65862","1":"product","2":"type-product","3":"status-publish","4":"has-post-thumbnail","6":"product_cat-for-men","7":"product_cat-duong-vat-gia-cong","8":"product_cat-duong-vat-gia-kich-thuoc-lon","9":"product_cat-tuong-thich-voi-day-deo-duong-vat-gia-gan-deo-mang-den-da-dang-hinh-dang-kich-thuoc-va-cam-giac-cho-trai-nghiem-chung","11":"first","12":"instock","13":"shipping-taxable","14":"purchasable","15":"product-type-variable"},"acf":[],"yoast_head":"<!-- This site is optimized with the Yoast SEO plugin v27.1.1 - https:\/\/yoast.com\/product\/yoast-seo-wordpress\/ -->\n<title>Deluxe D\u01b0\u01a1ng v\u1eadt gi\u1ea3 Pure Nature Shane G. Colorful - Desire<\/title>\n<meta name=\"robots\" content=\"index, follow, max-snippet:-1, max-image-preview:large, max-video-preview:-1\" \/>\n<link rel=\"canonical\" href=\"https:\/\/desireonline.shop\/vi\/san-pham\/deluxe-duong-vat-gia-pure-nature-shane-g-colorful\/\" \/>\n<meta property=\"og:locale\" content=\"vi_VN\" \/>\n<meta property=\"og:type\" content=\"article\" \/>\n<meta property=\"og:title\" content=\"Deluxe D\u01b0\u01a1ng v\u1eadt gi\u1ea3 Pure Nature Shane G. Colorful - Desire\" \/>\n<meta property=\"og:description\" content=\"\u0110\u01b0\u1ee3c thi\u1ebft k\u1ebf \u0111\u1ec3 k\u1ebft h\u1ee3p m\u00e0u s\u1eafc vui t\u01b0\u01a1i v\u1edbi c\u1ea3m gi\u00e1c ch\u00e2n th\u1eadt, d\u01b0\u01a1ng v\u1eadt gi\u1ea3 n\u00e0y c\u00f3 b\u1ec1 m\u1eb7t m\u1ecbn mang l\u1ea1i c\u1ea3m gi\u00e1c tho\u1ea3i m\u00e1i v\u00e0&hellip;\" \/>\n<meta property=\"og:url\" content=\"https:\/\/desireonline.shop\/vi\/san-pham\/deluxe-duong-vat-gia-pure-nature-shane-g-colorful\/\" \/>\n<meta property=\"og:site_name\" content=\"Desire\" \/>\n<meta property=\"article:modified_time\" content=\"2026-03-10T05:26:13+00:00\" \/>\n<meta property=\"og:image\" content=\"https:\/\/desireonline.shop\/wp-content\/uploads\/2026\/02\/CN-101775369_00-2.jpg\" \/>\n\t<meta property=\"og:image:width\" content=\"1000\" \/>\n\t<meta property=\"og:image:height\" content=\"1000\" \/>\n\t<meta property=\"og:image:type\" content=\"image\/jpeg\" \/>\n<meta name=\"twitter:card\" content=\"summary_large_image\" \/>\n<meta name=\"twitter:label1\" content=\"\u01af\u1edbc t\u00ednh th\u1eddi gian \u0111\u1ecdc\" \/>\n\t<meta name=\"twitter:data1\" content=\"1 ph\u00fat\" \/>\n<script type=\"application\/ld+json\" class=\"yoast-schema-graph\">{\"@context\":\"https:\/\/schema.org\",\"@graph\":[{\"@type\":\"WebPage\",\"@id\":\"https:\/\/desireonline.shop\/vi\/san-pham\/deluxe-duong-vat-gia-pure-nature-shane-g-colorful\/\",\"url\":\"https:\/\/desireonline.shop\/vi\/san-pham\/deluxe-duong-vat-gia-pure-nature-shane-g-colorful\/\",\"name\":\"Deluxe D\u01b0\u01a1ng v\u1eadt gi\u1ea3 Pure Nature Shane G. Colorful - Desire\",\"isPartOf\":{\"@id\":\"https:\/\/desireonline.shop\/vi\/#website\"},\"primaryImageOfPage\":{\"@id\":\"https:\/\/desireonline.shop\/vi\/san-pham\/deluxe-duong-vat-gia-pure-nature-shane-g-colorful\/#primaryimage\"},\"image\":{\"@id\":\"https:\/\/desireonline.shop\/vi\/san-pham\/deluxe-duong-vat-gia-pure-nature-shane-g-colorful\/#primaryimage\"},\"thumbnailUrl\":\"https:\/\/desireonline.shop\/wp-content\/uploads\/2026\/02\/CN-101775369_00-2.jpg\",\"datePublished\":\"2026-02-17T11:29:00+00:00\",\"dateModified\":\"2026-03-10T05:26:13+00:00\",\"breadcrumb\":{\"@id\":\"https:\/\/desireonline.shop\/vi\/san-pham\/deluxe-duong-vat-gia-pure-nature-shane-g-colorful\/#breadcrumb\"},\"inLanguage\":\"vi\",\"potentialAction\":[{\"@type\":\"ReadAction\",\"target\":[\"https:\/\/desireonline.shop\/vi\/san-pham\/deluxe-duong-vat-gia-pure-nature-shane-g-colorful\/\"]}]},{\"@type\":\"ImageObject\",\"inLanguage\":\"vi\",\"@id\":\"https:\/\/desireonline.shop\/vi\/san-pham\/deluxe-duong-vat-gia-pure-nature-shane-g-colorful\/#primaryimage\",\"url\":\"https:\/\/desireonline.shop\/wp-content\/uploads\/2026\/02\/CN-101775369_00-2.jpg\",\"contentUrl\":\"https:\/\/desireonline.shop\/wp-content\/uploads\/2026\/02\/CN-101775369_00-2.jpg\",\"width\":1000,\"height\":1000},{\"@type\":\"BreadcrumbList\",\"@id\":\"https:\/\/desireonline.shop\/vi\/san-pham\/deluxe-duong-vat-gia-pure-nature-shane-g-colorful\/#breadcrumb\",\"itemListElement\":[{\"@type\":\"ListItem\",\"position\":1,\"name\":\"Home\",\"item\":\"https:\/\/desireonline.shop\/vi\/trang-chu\/?lang=vi\"},{\"@type\":\"ListItem\",\"position\":2,\"name\":\"T\u1ea5t c\u1ea3 s\u1ea3n ph\u1ea9m\",\"item\":\"https:\/\/desireonline.shop\/cua-hang\/?lang=vi\"},{\"@type\":\"ListItem\",\"position\":3,\"name\":\"Deluxe D\u01b0\u01a1ng v\u1eadt gi\u1ea3 Pure Nature Shane G. Colorful\"}]},{\"@type\":\"WebSite\",\"@id\":\"https:\/\/desireonline.shop\/vi\/#website\",\"url\":\"https:\/\/desireonline.shop\/vi\/\",\"name\":\"Desire\",\"description\":\"Sexual Wellness Platform\",\"publisher\":{\"@id\":\"https:\/\/desireonline.shop\/vi\/#organization\"},\"potentialAction\":[{\"@type\":\"SearchAction\",\"target\":{\"@type\":\"EntryPoint\",\"urlTemplate\":\"https:\/\/desireonline.shop\/vi\/?s={search_term_string}\"},\"query-input\":{\"@type\":\"PropertyValueSpecification\",\"valueRequired\":true,\"valueName\":\"search_term_string\"}}],\"inLanguage\":\"vi\"},{\"@type\":\"Organization\",\"@id\":\"https:\/\/desireonline.shop\/vi\/#organization\",\"name\":\"Desire\",\"url\":\"https:\/\/desireonline.shop\/vi\/\",\"logo\":{\"@type\":\"ImageObject\",\"inLanguage\":\"vi\",\"@id\":\"https:\/\/desireonline.shop\/vi\/#\/schema\/logo\/image\/\",\"url\":\"https:\/\/desireonline.shop\/wp-content\/uploads\/2024\/06\/Logo-Thick-Font-1.webp\",\"contentUrl\":\"https:\/\/desireonline.shop\/wp-content\/uploads\/2024\/06\/Logo-Thick-Font-1.webp\",\"width\":268,\"height\":399,\"caption\":\"Desire\"},\"image\":{\"@id\":\"https:\/\/desireonline.shop\/vi\/#\/schema\/logo\/image\/\"}}]}<\/script>\n<!-- \/ Yoast SEO plugin. -->","yoast_head_json":{"title":"Deluxe D\u01b0\u01a1ng v\u1eadt gi\u1ea3 Pure Nature Shane G. Colorful - Desire","robots":{"index":"index","follow":"follow","max-snippet":"max-snippet:-1","max-image-preview":"max-image-preview:large","max-video-preview":"max-video-preview:-1"},"canonical":"https:\/\/desireonline.shop\/vi\/san-pham\/deluxe-duong-vat-gia-pure-nature-shane-g-colorful\/","og_locale":"vi_VN","og_type":"article","og_title":"Deluxe D\u01b0\u01a1ng v\u1eadt gi\u1ea3 Pure Nature Shane G. Colorful - Desire","og_description":"\u0110\u01b0\u1ee3c thi\u1ebft k\u1ebf \u0111\u1ec3 k\u1ebft h\u1ee3p m\u00e0u s\u1eafc vui t\u01b0\u01a1i v\u1edbi c\u1ea3m gi\u00e1c ch\u00e2n th\u1eadt, d\u01b0\u01a1ng v\u1eadt gi\u1ea3 n\u00e0y c\u00f3 b\u1ec1 m\u1eb7t m\u1ecbn mang l\u1ea1i c\u1ea3m gi\u00e1c tho\u1ea3i m\u00e1i v\u00e0&hellip;","og_url":"https:\/\/desireonline.shop\/vi\/san-pham\/deluxe-duong-vat-gia-pure-nature-shane-g-colorful\/","og_site_name":"Desire","article_modified_time":"2026-03-10T05:26:13+00:00","og_image":[{"width":1000,"height":1000,"url":"https:\/\/desireonline.shop\/wp-content\/uploads\/2026\/02\/CN-101775369_00-2.jpg","type":"image\/jpeg"}],"twitter_card":"summary_large_image","twitter_misc":{"\u01af\u1edbc t\u00ednh th\u1eddi gian \u0111\u1ecdc":"1 ph\u00fat"},"schema":{"@context":"https:\/\/schema.org","@graph":[{"@type":"WebPage","@id":"https:\/\/desireonline.shop\/vi\/san-pham\/deluxe-duong-vat-gia-pure-nature-shane-g-colorful\/","url":"https:\/\/desireonline.shop\/vi\/san-pham\/deluxe-duong-vat-gia-pure-nature-shane-g-colorful\/","name":"Deluxe D\u01b0\u01a1ng v\u1eadt gi\u1ea3 Pure Nature Shane G. Colorful - Desire","isPartOf":{"@id":"https:\/\/desireonline.shop\/vi\/#website"},"primaryImageOfPage":{"@id":"https:\/\/desireonline.shop\/vi\/san-pham\/deluxe-duong-vat-gia-pure-nature-shane-g-colorful\/#primaryimage"},"image":{"@id":"https:\/\/desireonline.shop\/vi\/san-pham\/deluxe-duong-vat-gia-pure-nature-shane-g-colorful\/#primaryimage"},"thumbnailUrl":"https:\/\/desireonline.shop\/wp-content\/uploads\/2026\/02\/CN-101775369_00-2.jpg","datePublished":"2026-02-17T11:29:00+00:00","dateModified":"2026-03-10T05:26:13+00:00","breadcrumb":{"@id":"https:\/\/desireonline.shop\/vi\/san-pham\/deluxe-duong-vat-gia-pure-nature-shane-g-colorful\/#breadcrumb"},"inLanguage":"vi","potentialAction":[{"@type":"ReadAction","target":["https:\/\/desireonline.shop\/vi\/san-pham\/deluxe-duong-vat-gia-pure-nature-shane-g-colorful\/"]}]},{"@type":"ImageObject","inLanguage":"vi","@id":"https:\/\/desireonline.shop\/vi\/san-pham\/deluxe-duong-vat-gia-pure-nature-shane-g-colorful\/#primaryimage","url":"https:\/\/desireonline.shop\/wp-content\/uploads\/2026\/02\/CN-101775369_00-2.jpg","contentUrl":"https:\/\/desireonline.shop\/wp-content\/uploads\/2026\/02\/CN-101775369_00-2.jpg","width":1000,"height":1000},{"@type":"BreadcrumbList","@id":"https:\/\/desireonline.shop\/vi\/san-pham\/deluxe-duong-vat-gia-pure-nature-shane-g-colorful\/#breadcrumb","itemListElement":[{"@type":"ListItem","position":1,"name":"Home","item":"https:\/\/desireonline.shop\/vi\/trang-chu\/?lang=vi"},{"@type":"ListItem","position":2,"name":"T\u1ea5t c\u1ea3 s\u1ea3n ph\u1ea9m","item":"https:\/\/desireonline.shop\/cua-hang\/?lang=vi"},{"@type":"ListItem","position":3,"name":"Deluxe D\u01b0\u01a1ng v\u1eadt gi\u1ea3 Pure Nature Shane G. Colorful"}]},{"@type":"WebSite","@id":"https:\/\/desireonline.shop\/vi\/#website","url":"https:\/\/desireonline.shop\/vi\/","name":"Desire","description":"Sexual Wellness Platform","publisher":{"@id":"https:\/\/desireonline.shop\/vi\/#organization"},"potentialAction":[{"@type":"SearchAction","target":{"@type":"EntryPoint","urlTemplate":"https:\/\/desireonline.shop\/vi\/?s={search_term_string}"},"query-input":{"@type":"PropertyValueSpecification","valueRequired":true,"valueName":"search_term_string"}}],"inLanguage":"vi"},{"@type":"Organization","@id":"https:\/\/desireonline.shop\/vi\/#organization","name":"Desire","url":"https:\/\/desireonline.shop\/vi\/","logo":{"@type":"ImageObject","inLanguage":"vi","@id":"https:\/\/desireonline.shop\/vi\/#\/schema\/logo\/image\/","url":"https:\/\/desireonline.shop\/wp-content\/uploads\/2024\/06\/Logo-Thick-Font-1.webp","contentUrl":"https:\/\/desireonline.shop\/wp-content\/uploads\/2024\/06\/Logo-Thick-Font-1.webp","width":268,"height":399,"caption":"Desire"},"image":{"@id":"https:\/\/desireonline.shop\/vi\/#\/schema\/logo\/image\/"}}]}},"_links":{"self":[{"href":"https:\/\/desireonline.shop\/vi\/wp-json\/wp\/v2\/product\/65862","targetHints":{"allow":["GET"]}}],"collection":[{"href":"https:\/\/desireonline.shop\/vi\/wp-json\/wp\/v2\/product"}],"about":[{"href":"https:\/\/desireonline.shop\/vi\/wp-json\/wp\/v2\/types\/product"}],"replies":[{"embeddable":true,"href":"https:\/\/desireonline.shop\/vi\/wp-json\/wp\/v2\/comments?post=65862"}],"version-history":[{"count":0,"href":"https:\/\/desireonline.shop\/vi\/wp-json\/wp\/v2\/product\/65862\/revisions"}],"wp:featuredmedia":[{"embeddable":true,"href":"https:\/\/desireonline.shop\/vi\/wp-json\/wp\/v2\/media\/64150"}],"wp:attachment":[{"href":"https:\/\/desireonline.shop\/vi\/wp-json\/wp\/v2\/media?parent=65862"}],"wp:term":[{"taxonomy":"product_brand","embeddable":true,"href":"https:\/\/desireonline.shop\/vi\/wp-json\/wp\/v2\/product_brand?post=65862"},{"taxonomy":"product_cat","embeddable":true,"href":"https:\/\/desireonline.shop\/vi\/wp-json\/wp\/v2\/product_cat?post=65862"},{"taxonomy":"product_tag","embeddable":true,"href":"https:\/\/desireonline.shop\/vi\/wp-json\/wp\/v2\/product_tag?post=65862"}],"curies":[{"name":"wp","href":"https:\/\/api.w.org\/{rel}","templated":true}]}}