{"id":65894,"date":"2026-02-17T11:30:43","date_gmt":"2026-02-17T11:30:43","guid":{"rendered":"https:\/\/desireonline.shop\/product\/h-rubber-duong-vat-gia-tham-nhap-kep-8-0-inch\/"},"modified":"2026-03-10T05:25:57","modified_gmt":"2026-03-10T05:25:57","slug":"h-rubber-duong-vat-gia-tham-nhap-kep-8-0-inch","status":"publish","type":"product","link":"https:\/\/desireonline.shop\/vi\/san-pham\/h-rubber-duong-vat-gia-tham-nhap-kep-8-0-inch\/","title":{"rendered":"H-Rubber D\u01b0\u01a1ng v\u1eadt gi\u1ea3 th\u00e2m nh\u1eadp k\u00e9p 8.0 Inch"},"content":{"rendered":"<p>\u0110\u01b0\u1ee3c thi\u1ebft k\u1ebf \u0111\u1ec3 mang l\u1ea1i c\u1ea3m gi\u00e1c \u0111\u1ea7y \u0111\u1eb7n v\u00e0 k\u1ebft h\u1ee3p nhi\u1ec1u t\u1ea7ng k\u00edch th\u00edch, d\u01b0\u01a1ng v\u1eadt gi\u1ea3 th\u00e2m nh\u1eadp k\u00e9p n\u00e0y c\u00f3 b\u1ec1 m\u1eb7t m\u1ecbn v\u1edbi \u0111\u1ed9 ho\u00e0n thi\u1ec7n ch\u00e2n th\u1eadt, mang l\u1ea1i c\u1ea3m gi\u00e1c tho\u1ea3i m\u00e1i v\u00e0 cu\u1ed1n h\u00fat khi s\u1eed d\u1ee5ng. Thi\u1ebft k\u1ebf hai tr\u1ee5c cho ph\u00e9p kh\u00e1m ph\u00e1 k\u00edch th\u00edch \u0111\u1ed3ng th\u1eddi m\u1ed9t c\u00e1ch t\u1ef1 tin v\u00e0 c\u00f3 ki\u1ec3m so\u00e1t.<\/p>\n<p>\u0110\u1ebf h\u00fat ch\u1eafc ch\u1eafn gi\u00fap s\u1ea3n ph\u1ea9m c\u1ed1 \u0111\u1ecbnh \u1ed5n \u0111\u1ecbnh \u0111\u1ec3 s\u1eed d\u1ee5ng r\u1ea3nh tay, trong khi ch\u1ea5t li\u1ec7u kh\u00e1ng khu\u1ea9n mang l\u1ea1i s\u1ef1 y\u00ean t\u00e2m khi s\u1eed d\u1ee5ng. M\u1ed9t l\u1ef1a ch\u1ecdn n\u1ed5i b\u1eadt v\u00e0 linh ho\u1ea1t cho tr\u1ea3i nghi\u1ec7m c\u00e1 nh\u00e2n khi b\u1ea1n mu\u1ed1n kh\u00e1m ph\u00e1 c\u1ea3m gi\u00e1c k\u00edch th\u00edch s\u00e2u v\u00e0 \u0111a t\u1ea7ng.<\/p>\n","protected":false},"excerpt":{"rendered":"<p>\u0110\u01b0\u1ee3c thi\u1ebft k\u1ebf \u0111\u1ec3 mang l\u1ea1i c\u1ea3m gi\u00e1c \u0111\u1ea7y \u0111\u1eb7n v\u00e0 k\u1ebft h\u1ee3p nhi\u1ec1u t\u1ea7ng k\u00edch th\u00edch, d\u01b0\u01a1ng v\u1eadt gi\u1ea3 th\u00e2m nh\u1eadp k\u00e9p n\u00e0y c\u00f3 b\u1ec1 m\u1eb7t m\u1ecbn v\u1edbi \u0111\u1ed9&hellip;<\/p>\n","protected":false},"featured_media":64236,"comment_status":"open","ping_status":"closed","template":"","meta":{"_acf_changed":false},"product_brand":[],"product_cat":[1341,1421,1427],"product_tag":[],"class_list":{"0":"post-65894","1":"product","2":"type-product","3":"status-publish","4":"has-post-thumbnail","6":"product_cat-for-men","7":"product_cat-duong-vat-gia-hai-dau","8":"product_cat-tuong-thich-voi-day-deo-duong-vat-gia-gan-deo-mang-den-da-dang-hinh-dang-kich-thuoc-va-cam-giac-cho-trai-nghiem-chung","10":"first","11":"instock","12":"shipping-taxable","13":"purchasable","14":"product-type-variable"},"acf":[],"yoast_head":"<!-- This site is optimized with the Yoast SEO plugin v27.1.1 - https:\/\/yoast.com\/product\/yoast-seo-wordpress\/ -->\n<title>H-Rubber D\u01b0\u01a1ng v\u1eadt gi\u1ea3 th\u00e2m nh\u1eadp k\u00e9p 8.0 Inch - Desire<\/title>\n<meta name=\"robots\" content=\"index, follow, max-snippet:-1, max-image-preview:large, max-video-preview:-1\" \/>\n<link rel=\"canonical\" href=\"https:\/\/desireonline.shop\/vi\/san-pham\/h-rubber-duong-vat-gia-tham-nhap-kep-8-0-inch\/\" \/>\n<meta property=\"og:locale\" content=\"vi_VN\" \/>\n<meta property=\"og:type\" content=\"article\" \/>\n<meta property=\"og:title\" content=\"H-Rubber D\u01b0\u01a1ng v\u1eadt gi\u1ea3 th\u00e2m nh\u1eadp k\u00e9p 8.0 Inch - Desire\" \/>\n<meta property=\"og:description\" content=\"\u0110\u01b0\u1ee3c thi\u1ebft k\u1ebf \u0111\u1ec3 mang l\u1ea1i c\u1ea3m gi\u00e1c \u0111\u1ea7y \u0111\u1eb7n v\u00e0 k\u1ebft h\u1ee3p nhi\u1ec1u t\u1ea7ng k\u00edch th\u00edch, d\u01b0\u01a1ng v\u1eadt gi\u1ea3 th\u00e2m nh\u1eadp k\u00e9p n\u00e0y c\u00f3 b\u1ec1 m\u1eb7t m\u1ecbn v\u1edbi \u0111\u1ed9&hellip;\" \/>\n<meta property=\"og:url\" content=\"https:\/\/desireonline.shop\/vi\/san-pham\/h-rubber-duong-vat-gia-tham-nhap-kep-8-0-inch\/\" \/>\n<meta property=\"og:site_name\" content=\"Desire\" \/>\n<meta property=\"article:modified_time\" content=\"2026-03-10T05:25:57+00:00\" \/>\n<meta property=\"og:image\" content=\"https:\/\/desireonline.shop\/wp-content\/uploads\/2026\/02\/CN-711916420_00-2.jpg\" \/>\n\t<meta property=\"og:image:width\" content=\"1000\" \/>\n\t<meta property=\"og:image:height\" content=\"1000\" \/>\n\t<meta property=\"og:image:type\" content=\"image\/jpeg\" \/>\n<meta name=\"twitter:card\" content=\"summary_large_image\" \/>\n<meta name=\"twitter:label1\" content=\"\u01af\u1edbc t\u00ednh th\u1eddi gian \u0111\u1ecdc\" \/>\n\t<meta name=\"twitter:data1\" content=\"1 ph\u00fat\" \/>\n<script type=\"application\/ld+json\" class=\"yoast-schema-graph\">{\"@context\":\"https:\/\/schema.org\",\"@graph\":[{\"@type\":\"WebPage\",\"@id\":\"https:\/\/desireonline.shop\/vi\/san-pham\/h-rubber-duong-vat-gia-tham-nhap-kep-8-0-inch\/\",\"url\":\"https:\/\/desireonline.shop\/vi\/san-pham\/h-rubber-duong-vat-gia-tham-nhap-kep-8-0-inch\/\",\"name\":\"H-Rubber D\u01b0\u01a1ng v\u1eadt gi\u1ea3 th\u00e2m nh\u1eadp k\u00e9p 8.0 Inch - Desire\",\"isPartOf\":{\"@id\":\"https:\/\/desireonline.shop\/vi\/#website\"},\"primaryImageOfPage\":{\"@id\":\"https:\/\/desireonline.shop\/vi\/san-pham\/h-rubber-duong-vat-gia-tham-nhap-kep-8-0-inch\/#primaryimage\"},\"image\":{\"@id\":\"https:\/\/desireonline.shop\/vi\/san-pham\/h-rubber-duong-vat-gia-tham-nhap-kep-8-0-inch\/#primaryimage\"},\"thumbnailUrl\":\"https:\/\/desireonline.shop\/wp-content\/uploads\/2026\/02\/CN-711916420_00-2.jpg\",\"datePublished\":\"2026-02-17T11:30:43+00:00\",\"dateModified\":\"2026-03-10T05:25:57+00:00\",\"breadcrumb\":{\"@id\":\"https:\/\/desireonline.shop\/vi\/san-pham\/h-rubber-duong-vat-gia-tham-nhap-kep-8-0-inch\/#breadcrumb\"},\"inLanguage\":\"vi\",\"potentialAction\":[{\"@type\":\"ReadAction\",\"target\":[\"https:\/\/desireonline.shop\/vi\/san-pham\/h-rubber-duong-vat-gia-tham-nhap-kep-8-0-inch\/\"]}]},{\"@type\":\"ImageObject\",\"inLanguage\":\"vi\",\"@id\":\"https:\/\/desireonline.shop\/vi\/san-pham\/h-rubber-duong-vat-gia-tham-nhap-kep-8-0-inch\/#primaryimage\",\"url\":\"https:\/\/desireonline.shop\/wp-content\/uploads\/2026\/02\/CN-711916420_00-2.jpg\",\"contentUrl\":\"https:\/\/desireonline.shop\/wp-content\/uploads\/2026\/02\/CN-711916420_00-2.jpg\",\"width\":1000,\"height\":1000},{\"@type\":\"BreadcrumbList\",\"@id\":\"https:\/\/desireonline.shop\/vi\/san-pham\/h-rubber-duong-vat-gia-tham-nhap-kep-8-0-inch\/#breadcrumb\",\"itemListElement\":[{\"@type\":\"ListItem\",\"position\":1,\"name\":\"Home\",\"item\":\"https:\/\/desireonline.shop\/vi\/trang-chu\/?lang=vi\"},{\"@type\":\"ListItem\",\"position\":2,\"name\":\"T\u1ea5t c\u1ea3 s\u1ea3n ph\u1ea9m\",\"item\":\"https:\/\/desireonline.shop\/cua-hang\/?lang=vi\"},{\"@type\":\"ListItem\",\"position\":3,\"name\":\"H-Rubber D\u01b0\u01a1ng v\u1eadt gi\u1ea3 th\u00e2m nh\u1eadp k\u00e9p 8.0 Inch\"}]},{\"@type\":\"WebSite\",\"@id\":\"https:\/\/desireonline.shop\/vi\/#website\",\"url\":\"https:\/\/desireonline.shop\/vi\/\",\"name\":\"Desire\",\"description\":\"Sexual Wellness Platform\",\"publisher\":{\"@id\":\"https:\/\/desireonline.shop\/vi\/#organization\"},\"potentialAction\":[{\"@type\":\"SearchAction\",\"target\":{\"@type\":\"EntryPoint\",\"urlTemplate\":\"https:\/\/desireonline.shop\/vi\/?s={search_term_string}\"},\"query-input\":{\"@type\":\"PropertyValueSpecification\",\"valueRequired\":true,\"valueName\":\"search_term_string\"}}],\"inLanguage\":\"vi\"},{\"@type\":\"Organization\",\"@id\":\"https:\/\/desireonline.shop\/vi\/#organization\",\"name\":\"Desire\",\"url\":\"https:\/\/desireonline.shop\/vi\/\",\"logo\":{\"@type\":\"ImageObject\",\"inLanguage\":\"vi\",\"@id\":\"https:\/\/desireonline.shop\/vi\/#\/schema\/logo\/image\/\",\"url\":\"https:\/\/desireonline.shop\/wp-content\/uploads\/2024\/06\/Logo-Thick-Font-1.webp\",\"contentUrl\":\"https:\/\/desireonline.shop\/wp-content\/uploads\/2024\/06\/Logo-Thick-Font-1.webp\",\"width\":268,\"height\":399,\"caption\":\"Desire\"},\"image\":{\"@id\":\"https:\/\/desireonline.shop\/vi\/#\/schema\/logo\/image\/\"}}]}<\/script>\n<!-- \/ Yoast SEO plugin. -->","yoast_head_json":{"title":"H-Rubber D\u01b0\u01a1ng v\u1eadt gi\u1ea3 th\u00e2m nh\u1eadp k\u00e9p 8.0 Inch - Desire","robots":{"index":"index","follow":"follow","max-snippet":"max-snippet:-1","max-image-preview":"max-image-preview:large","max-video-preview":"max-video-preview:-1"},"canonical":"https:\/\/desireonline.shop\/vi\/san-pham\/h-rubber-duong-vat-gia-tham-nhap-kep-8-0-inch\/","og_locale":"vi_VN","og_type":"article","og_title":"H-Rubber D\u01b0\u01a1ng v\u1eadt gi\u1ea3 th\u00e2m nh\u1eadp k\u00e9p 8.0 Inch - Desire","og_description":"\u0110\u01b0\u1ee3c thi\u1ebft k\u1ebf \u0111\u1ec3 mang l\u1ea1i c\u1ea3m gi\u00e1c \u0111\u1ea7y \u0111\u1eb7n v\u00e0 k\u1ebft h\u1ee3p nhi\u1ec1u t\u1ea7ng k\u00edch th\u00edch, d\u01b0\u01a1ng v\u1eadt gi\u1ea3 th\u00e2m nh\u1eadp k\u00e9p n\u00e0y c\u00f3 b\u1ec1 m\u1eb7t m\u1ecbn v\u1edbi \u0111\u1ed9&hellip;","og_url":"https:\/\/desireonline.shop\/vi\/san-pham\/h-rubber-duong-vat-gia-tham-nhap-kep-8-0-inch\/","og_site_name":"Desire","article_modified_time":"2026-03-10T05:25:57+00:00","og_image":[{"width":1000,"height":1000,"url":"https:\/\/desireonline.shop\/wp-content\/uploads\/2026\/02\/CN-711916420_00-2.jpg","type":"image\/jpeg"}],"twitter_card":"summary_large_image","twitter_misc":{"\u01af\u1edbc t\u00ednh th\u1eddi gian \u0111\u1ecdc":"1 ph\u00fat"},"schema":{"@context":"https:\/\/schema.org","@graph":[{"@type":"WebPage","@id":"https:\/\/desireonline.shop\/vi\/san-pham\/h-rubber-duong-vat-gia-tham-nhap-kep-8-0-inch\/","url":"https:\/\/desireonline.shop\/vi\/san-pham\/h-rubber-duong-vat-gia-tham-nhap-kep-8-0-inch\/","name":"H-Rubber D\u01b0\u01a1ng v\u1eadt gi\u1ea3 th\u00e2m nh\u1eadp k\u00e9p 8.0 Inch - Desire","isPartOf":{"@id":"https:\/\/desireonline.shop\/vi\/#website"},"primaryImageOfPage":{"@id":"https:\/\/desireonline.shop\/vi\/san-pham\/h-rubber-duong-vat-gia-tham-nhap-kep-8-0-inch\/#primaryimage"},"image":{"@id":"https:\/\/desireonline.shop\/vi\/san-pham\/h-rubber-duong-vat-gia-tham-nhap-kep-8-0-inch\/#primaryimage"},"thumbnailUrl":"https:\/\/desireonline.shop\/wp-content\/uploads\/2026\/02\/CN-711916420_00-2.jpg","datePublished":"2026-02-17T11:30:43+00:00","dateModified":"2026-03-10T05:25:57+00:00","breadcrumb":{"@id":"https:\/\/desireonline.shop\/vi\/san-pham\/h-rubber-duong-vat-gia-tham-nhap-kep-8-0-inch\/#breadcrumb"},"inLanguage":"vi","potentialAction":[{"@type":"ReadAction","target":["https:\/\/desireonline.shop\/vi\/san-pham\/h-rubber-duong-vat-gia-tham-nhap-kep-8-0-inch\/"]}]},{"@type":"ImageObject","inLanguage":"vi","@id":"https:\/\/desireonline.shop\/vi\/san-pham\/h-rubber-duong-vat-gia-tham-nhap-kep-8-0-inch\/#primaryimage","url":"https:\/\/desireonline.shop\/wp-content\/uploads\/2026\/02\/CN-711916420_00-2.jpg","contentUrl":"https:\/\/desireonline.shop\/wp-content\/uploads\/2026\/02\/CN-711916420_00-2.jpg","width":1000,"height":1000},{"@type":"BreadcrumbList","@id":"https:\/\/desireonline.shop\/vi\/san-pham\/h-rubber-duong-vat-gia-tham-nhap-kep-8-0-inch\/#breadcrumb","itemListElement":[{"@type":"ListItem","position":1,"name":"Home","item":"https:\/\/desireonline.shop\/vi\/trang-chu\/?lang=vi"},{"@type":"ListItem","position":2,"name":"T\u1ea5t c\u1ea3 s\u1ea3n ph\u1ea9m","item":"https:\/\/desireonline.shop\/cua-hang\/?lang=vi"},{"@type":"ListItem","position":3,"name":"H-Rubber D\u01b0\u01a1ng v\u1eadt gi\u1ea3 th\u00e2m nh\u1eadp k\u00e9p 8.0 Inch"}]},{"@type":"WebSite","@id":"https:\/\/desireonline.shop\/vi\/#website","url":"https:\/\/desireonline.shop\/vi\/","name":"Desire","description":"Sexual Wellness Platform","publisher":{"@id":"https:\/\/desireonline.shop\/vi\/#organization"},"potentialAction":[{"@type":"SearchAction","target":{"@type":"EntryPoint","urlTemplate":"https:\/\/desireonline.shop\/vi\/?s={search_term_string}"},"query-input":{"@type":"PropertyValueSpecification","valueRequired":true,"valueName":"search_term_string"}}],"inLanguage":"vi"},{"@type":"Organization","@id":"https:\/\/desireonline.shop\/vi\/#organization","name":"Desire","url":"https:\/\/desireonline.shop\/vi\/","logo":{"@type":"ImageObject","inLanguage":"vi","@id":"https:\/\/desireonline.shop\/vi\/#\/schema\/logo\/image\/","url":"https:\/\/desireonline.shop\/wp-content\/uploads\/2024\/06\/Logo-Thick-Font-1.webp","contentUrl":"https:\/\/desireonline.shop\/wp-content\/uploads\/2024\/06\/Logo-Thick-Font-1.webp","width":268,"height":399,"caption":"Desire"},"image":{"@id":"https:\/\/desireonline.shop\/vi\/#\/schema\/logo\/image\/"}}]}},"_links":{"self":[{"href":"https:\/\/desireonline.shop\/vi\/wp-json\/wp\/v2\/product\/65894","targetHints":{"allow":["GET"]}}],"collection":[{"href":"https:\/\/desireonline.shop\/vi\/wp-json\/wp\/v2\/product"}],"about":[{"href":"https:\/\/desireonline.shop\/vi\/wp-json\/wp\/v2\/types\/product"}],"replies":[{"embeddable":true,"href":"https:\/\/desireonline.shop\/vi\/wp-json\/wp\/v2\/comments?post=65894"}],"version-history":[{"count":0,"href":"https:\/\/desireonline.shop\/vi\/wp-json\/wp\/v2\/product\/65894\/revisions"}],"wp:featuredmedia":[{"embeddable":true,"href":"https:\/\/desireonline.shop\/vi\/wp-json\/wp\/v2\/media\/64236"}],"wp:attachment":[{"href":"https:\/\/desireonline.shop\/vi\/wp-json\/wp\/v2\/media?parent=65894"}],"wp:term":[{"taxonomy":"product_brand","embeddable":true,"href":"https:\/\/desireonline.shop\/vi\/wp-json\/wp\/v2\/product_brand?post=65894"},{"taxonomy":"product_cat","embeddable":true,"href":"https:\/\/desireonline.shop\/vi\/wp-json\/wp\/v2\/product_cat?post=65894"},{"taxonomy":"product_tag","embeddable":true,"href":"https:\/\/desireonline.shop\/vi\/wp-json\/wp\/v2\/product_tag?post=65894"}],"curies":[{"name":"wp","href":"https:\/\/api.w.org\/{rel}","templated":true}]}}