{"id":65916,"date":"2026-02-17T11:31:43","date_gmt":"2026-02-17T11:31:43","guid":{"rendered":"https:\/\/desireonline.shop\/product\/dildo-hai-dau-hi-rubber-79-inch\/"},"modified":"2026-03-10T05:25:58","modified_gmt":"2026-03-10T05:25:58","slug":"dildo-hai-dau-hi-rubber-79-inch","status":"publish","type":"product","link":"https:\/\/desireonline.shop\/vi\/san-pham\/dildo-hai-dau-hi-rubber-79-inch\/","title":{"rendered":"Dildo Hai \u0110\u1ea7u Hi-Rubber 7,9 Inch"},"content":{"rendered":"<p>\u0110\u01b0\u1ee3c thi\u1ebft k\u1ebf cho nh\u1eefng ai mu\u1ed1n kh\u00e1m ph\u00e1 c\u1ea3m gi\u00e1c s\u00e2u v\u00e0 m\u1ea1nh m\u1ebd h\u01a1n, d\u01b0\u01a1ng v\u1eadt gi\u1ea3 th\u00e2m nh\u1eadp k\u00e9p n\u00e0y k\u1ebft h\u1ee3p b\u1ec1 m\u1eb7t m\u1ecbn v\u1edbi thi\u1ebft k\u1ebf hai tr\u1ee5c \u0111\u1ec3 mang l\u1ea1i tr\u1ea3i nghi\u1ec7m k\u00edch th\u00edch k\u1ebft h\u1ee3p. Thi\u1ebft k\u1ebf tho\u1ea3i m\u00e1i gi\u00fap c\u1ea3m gi\u00e1c k\u00edch th\u00edch c\u00e2n b\u1eb1ng v\u00e0 d\u1ec5 t\u1eadn h\u01b0\u1edfng trong su\u1ed1t qu\u00e1 tr\u00ecnh s\u1eed d\u1ee5ng.<\/p>\n<p>Ch\u1ea5t li\u1ec7u kh\u00f4ng ch\u1ee9a phthalate v\u00e0 kh\u00f4ng latex mang l\u1ea1i s\u1ef1 y\u00ean t\u00e2m khi s\u1eed d\u1ee5ng, gi\u00fap b\u1ea1n th\u01b0 gi\u00e3n v\u00e0 t\u1eadp trung v\u00e0o tr\u1ea3i nghi\u1ec7m. M\u1ed9t l\u1ef1a ch\u1ecdn n\u1ed5i b\u1eadt nh\u01b0ng v\u1eabn d\u1ec5 ti\u1ebfp c\u1eadn d\u00e0nh cho nh\u1eefng ai mu\u1ed1n kh\u00e1m ph\u00e1 c\u1ea3m gi\u00e1c k\u00edch th\u00edch \u0111a t\u1ea7ng v\u1edbi s\u1ef1 tho\u1ea3i m\u00e1i v\u00e0 kh\u1ea3 n\u0103ng ki\u1ec3m so\u00e1t.<\/p>\n","protected":false},"excerpt":{"rendered":"<p>\u0110\u01b0\u1ee3c thi\u1ebft k\u1ebf cho nh\u1eefng ai mu\u1ed1n kh\u00e1m ph\u00e1 c\u1ea3m gi\u00e1c s\u00e2u v\u00e0 m\u1ea1nh m\u1ebd h\u01a1n, d\u01b0\u01a1ng v\u1eadt gi\u1ea3 th\u00e2m nh\u1eadp k\u00e9p n\u00e0y k\u1ebft h\u1ee3p b\u1ec1 m\u1eb7t m\u1ecbn v\u1edbi thi\u1ebft&hellip;<\/p>\n","protected":false},"featured_media":64286,"comment_status":"open","ping_status":"closed","template":"","meta":{"_acf_changed":false},"product_brand":[],"product_cat":[1341,1421,1427],"product_tag":[],"class_list":{"0":"post-65916","1":"product","2":"type-product","3":"status-publish","4":"has-post-thumbnail","6":"product_cat-for-men","7":"product_cat-duong-vat-gia-hai-dau","8":"product_cat-tuong-thich-voi-day-deo-duong-vat-gia-gan-deo-mang-den-da-dang-hinh-dang-kich-thuoc-va-cam-giac-cho-trai-nghiem-chung","10":"first","11":"instock","12":"shipping-taxable","13":"purchasable","14":"product-type-variable"},"acf":[],"yoast_head":"<!-- This site is optimized with the Yoast SEO plugin v27.1.1 - https:\/\/yoast.com\/product\/yoast-seo-wordpress\/ -->\n<title>Dildo Hai \u0110\u1ea7u Hi-Rubber 7,9 Inch - Desire<\/title>\n<meta name=\"robots\" content=\"index, follow, max-snippet:-1, max-image-preview:large, max-video-preview:-1\" \/>\n<link rel=\"canonical\" href=\"https:\/\/desireonline.shop\/vi\/san-pham\/dildo-hai-dau-hi-rubber-79-inch\/\" \/>\n<meta property=\"og:locale\" content=\"vi_VN\" \/>\n<meta property=\"og:type\" content=\"article\" \/>\n<meta property=\"og:title\" content=\"Dildo Hai \u0110\u1ea7u Hi-Rubber 7,9 Inch - Desire\" \/>\n<meta property=\"og:description\" content=\"\u0110\u01b0\u1ee3c thi\u1ebft k\u1ebf cho nh\u1eefng ai mu\u1ed1n kh\u00e1m ph\u00e1 c\u1ea3m gi\u00e1c s\u00e2u v\u00e0 m\u1ea1nh m\u1ebd h\u01a1n, d\u01b0\u01a1ng v\u1eadt gi\u1ea3 th\u00e2m nh\u1eadp k\u00e9p n\u00e0y k\u1ebft h\u1ee3p b\u1ec1 m\u1eb7t m\u1ecbn v\u1edbi thi\u1ebft&hellip;\" \/>\n<meta property=\"og:url\" content=\"https:\/\/desireonline.shop\/vi\/san-pham\/dildo-hai-dau-hi-rubber-79-inch\/\" \/>\n<meta property=\"og:site_name\" content=\"Desire\" \/>\n<meta property=\"article:modified_time\" content=\"2026-03-10T05:25:58+00:00\" \/>\n<meta property=\"og:image\" content=\"https:\/\/desireonline.shop\/wp-content\/uploads\/2026\/02\/CN-711931250_00-2.jpg\" \/>\n\t<meta property=\"og:image:width\" content=\"1000\" \/>\n\t<meta property=\"og:image:height\" content=\"1000\" \/>\n\t<meta property=\"og:image:type\" content=\"image\/jpeg\" \/>\n<meta name=\"twitter:card\" content=\"summary_large_image\" \/>\n<meta name=\"twitter:label1\" content=\"\u01af\u1edbc t\u00ednh th\u1eddi gian \u0111\u1ecdc\" \/>\n\t<meta name=\"twitter:data1\" content=\"1 ph\u00fat\" \/>\n<script type=\"application\/ld+json\" class=\"yoast-schema-graph\">{\"@context\":\"https:\/\/schema.org\",\"@graph\":[{\"@type\":\"WebPage\",\"@id\":\"https:\/\/desireonline.shop\/vi\/san-pham\/dildo-hai-dau-hi-rubber-79-inch\/\",\"url\":\"https:\/\/desireonline.shop\/vi\/san-pham\/dildo-hai-dau-hi-rubber-79-inch\/\",\"name\":\"Dildo Hai \u0110\u1ea7u Hi-Rubber 7,9 Inch - Desire\",\"isPartOf\":{\"@id\":\"https:\/\/desireonline.shop\/vi\/#website\"},\"primaryImageOfPage\":{\"@id\":\"https:\/\/desireonline.shop\/vi\/san-pham\/dildo-hai-dau-hi-rubber-79-inch\/#primaryimage\"},\"image\":{\"@id\":\"https:\/\/desireonline.shop\/vi\/san-pham\/dildo-hai-dau-hi-rubber-79-inch\/#primaryimage\"},\"thumbnailUrl\":\"https:\/\/desireonline.shop\/wp-content\/uploads\/2026\/02\/CN-711931250_00-2.jpg\",\"datePublished\":\"2026-02-17T11:31:43+00:00\",\"dateModified\":\"2026-03-10T05:25:58+00:00\",\"breadcrumb\":{\"@id\":\"https:\/\/desireonline.shop\/vi\/san-pham\/dildo-hai-dau-hi-rubber-79-inch\/#breadcrumb\"},\"inLanguage\":\"vi\",\"potentialAction\":[{\"@type\":\"ReadAction\",\"target\":[\"https:\/\/desireonline.shop\/vi\/san-pham\/dildo-hai-dau-hi-rubber-79-inch\/\"]}]},{\"@type\":\"ImageObject\",\"inLanguage\":\"vi\",\"@id\":\"https:\/\/desireonline.shop\/vi\/san-pham\/dildo-hai-dau-hi-rubber-79-inch\/#primaryimage\",\"url\":\"https:\/\/desireonline.shop\/wp-content\/uploads\/2026\/02\/CN-711931250_00-2.jpg\",\"contentUrl\":\"https:\/\/desireonline.shop\/wp-content\/uploads\/2026\/02\/CN-711931250_00-2.jpg\",\"width\":1000,\"height\":1000},{\"@type\":\"BreadcrumbList\",\"@id\":\"https:\/\/desireonline.shop\/vi\/san-pham\/dildo-hai-dau-hi-rubber-79-inch\/#breadcrumb\",\"itemListElement\":[{\"@type\":\"ListItem\",\"position\":1,\"name\":\"Home\",\"item\":\"https:\/\/desireonline.shop\/vi\/trang-chu\/?lang=vi\"},{\"@type\":\"ListItem\",\"position\":2,\"name\":\"T\u1ea5t c\u1ea3 s\u1ea3n ph\u1ea9m\",\"item\":\"https:\/\/desireonline.shop\/cua-hang\/?lang=vi\"},{\"@type\":\"ListItem\",\"position\":3,\"name\":\"Dildo Hai \u0110\u1ea7u Hi-Rubber 7,9 Inch\"}]},{\"@type\":\"WebSite\",\"@id\":\"https:\/\/desireonline.shop\/vi\/#website\",\"url\":\"https:\/\/desireonline.shop\/vi\/\",\"name\":\"Desire\",\"description\":\"Sexual Wellness Platform\",\"publisher\":{\"@id\":\"https:\/\/desireonline.shop\/vi\/#organization\"},\"potentialAction\":[{\"@type\":\"SearchAction\",\"target\":{\"@type\":\"EntryPoint\",\"urlTemplate\":\"https:\/\/desireonline.shop\/vi\/?s={search_term_string}\"},\"query-input\":{\"@type\":\"PropertyValueSpecification\",\"valueRequired\":true,\"valueName\":\"search_term_string\"}}],\"inLanguage\":\"vi\"},{\"@type\":\"Organization\",\"@id\":\"https:\/\/desireonline.shop\/vi\/#organization\",\"name\":\"Desire\",\"url\":\"https:\/\/desireonline.shop\/vi\/\",\"logo\":{\"@type\":\"ImageObject\",\"inLanguage\":\"vi\",\"@id\":\"https:\/\/desireonline.shop\/vi\/#\/schema\/logo\/image\/\",\"url\":\"https:\/\/desireonline.shop\/wp-content\/uploads\/2024\/06\/Logo-Thick-Font-1.webp\",\"contentUrl\":\"https:\/\/desireonline.shop\/wp-content\/uploads\/2024\/06\/Logo-Thick-Font-1.webp\",\"width\":268,\"height\":399,\"caption\":\"Desire\"},\"image\":{\"@id\":\"https:\/\/desireonline.shop\/vi\/#\/schema\/logo\/image\/\"}}]}<\/script>\n<!-- \/ Yoast SEO plugin. -->","yoast_head_json":{"title":"Dildo Hai \u0110\u1ea7u Hi-Rubber 7,9 Inch - Desire","robots":{"index":"index","follow":"follow","max-snippet":"max-snippet:-1","max-image-preview":"max-image-preview:large","max-video-preview":"max-video-preview:-1"},"canonical":"https:\/\/desireonline.shop\/vi\/san-pham\/dildo-hai-dau-hi-rubber-79-inch\/","og_locale":"vi_VN","og_type":"article","og_title":"Dildo Hai \u0110\u1ea7u Hi-Rubber 7,9 Inch - Desire","og_description":"\u0110\u01b0\u1ee3c thi\u1ebft k\u1ebf cho nh\u1eefng ai mu\u1ed1n kh\u00e1m ph\u00e1 c\u1ea3m gi\u00e1c s\u00e2u v\u00e0 m\u1ea1nh m\u1ebd h\u01a1n, d\u01b0\u01a1ng v\u1eadt gi\u1ea3 th\u00e2m nh\u1eadp k\u00e9p n\u00e0y k\u1ebft h\u1ee3p b\u1ec1 m\u1eb7t m\u1ecbn v\u1edbi thi\u1ebft&hellip;","og_url":"https:\/\/desireonline.shop\/vi\/san-pham\/dildo-hai-dau-hi-rubber-79-inch\/","og_site_name":"Desire","article_modified_time":"2026-03-10T05:25:58+00:00","og_image":[{"width":1000,"height":1000,"url":"https:\/\/desireonline.shop\/wp-content\/uploads\/2026\/02\/CN-711931250_00-2.jpg","type":"image\/jpeg"}],"twitter_card":"summary_large_image","twitter_misc":{"\u01af\u1edbc t\u00ednh th\u1eddi gian \u0111\u1ecdc":"1 ph\u00fat"},"schema":{"@context":"https:\/\/schema.org","@graph":[{"@type":"WebPage","@id":"https:\/\/desireonline.shop\/vi\/san-pham\/dildo-hai-dau-hi-rubber-79-inch\/","url":"https:\/\/desireonline.shop\/vi\/san-pham\/dildo-hai-dau-hi-rubber-79-inch\/","name":"Dildo Hai \u0110\u1ea7u Hi-Rubber 7,9 Inch - Desire","isPartOf":{"@id":"https:\/\/desireonline.shop\/vi\/#website"},"primaryImageOfPage":{"@id":"https:\/\/desireonline.shop\/vi\/san-pham\/dildo-hai-dau-hi-rubber-79-inch\/#primaryimage"},"image":{"@id":"https:\/\/desireonline.shop\/vi\/san-pham\/dildo-hai-dau-hi-rubber-79-inch\/#primaryimage"},"thumbnailUrl":"https:\/\/desireonline.shop\/wp-content\/uploads\/2026\/02\/CN-711931250_00-2.jpg","datePublished":"2026-02-17T11:31:43+00:00","dateModified":"2026-03-10T05:25:58+00:00","breadcrumb":{"@id":"https:\/\/desireonline.shop\/vi\/san-pham\/dildo-hai-dau-hi-rubber-79-inch\/#breadcrumb"},"inLanguage":"vi","potentialAction":[{"@type":"ReadAction","target":["https:\/\/desireonline.shop\/vi\/san-pham\/dildo-hai-dau-hi-rubber-79-inch\/"]}]},{"@type":"ImageObject","inLanguage":"vi","@id":"https:\/\/desireonline.shop\/vi\/san-pham\/dildo-hai-dau-hi-rubber-79-inch\/#primaryimage","url":"https:\/\/desireonline.shop\/wp-content\/uploads\/2026\/02\/CN-711931250_00-2.jpg","contentUrl":"https:\/\/desireonline.shop\/wp-content\/uploads\/2026\/02\/CN-711931250_00-2.jpg","width":1000,"height":1000},{"@type":"BreadcrumbList","@id":"https:\/\/desireonline.shop\/vi\/san-pham\/dildo-hai-dau-hi-rubber-79-inch\/#breadcrumb","itemListElement":[{"@type":"ListItem","position":1,"name":"Home","item":"https:\/\/desireonline.shop\/vi\/trang-chu\/?lang=vi"},{"@type":"ListItem","position":2,"name":"T\u1ea5t c\u1ea3 s\u1ea3n ph\u1ea9m","item":"https:\/\/desireonline.shop\/cua-hang\/?lang=vi"},{"@type":"ListItem","position":3,"name":"Dildo Hai \u0110\u1ea7u Hi-Rubber 7,9 Inch"}]},{"@type":"WebSite","@id":"https:\/\/desireonline.shop\/vi\/#website","url":"https:\/\/desireonline.shop\/vi\/","name":"Desire","description":"Sexual Wellness Platform","publisher":{"@id":"https:\/\/desireonline.shop\/vi\/#organization"},"potentialAction":[{"@type":"SearchAction","target":{"@type":"EntryPoint","urlTemplate":"https:\/\/desireonline.shop\/vi\/?s={search_term_string}"},"query-input":{"@type":"PropertyValueSpecification","valueRequired":true,"valueName":"search_term_string"}}],"inLanguage":"vi"},{"@type":"Organization","@id":"https:\/\/desireonline.shop\/vi\/#organization","name":"Desire","url":"https:\/\/desireonline.shop\/vi\/","logo":{"@type":"ImageObject","inLanguage":"vi","@id":"https:\/\/desireonline.shop\/vi\/#\/schema\/logo\/image\/","url":"https:\/\/desireonline.shop\/wp-content\/uploads\/2024\/06\/Logo-Thick-Font-1.webp","contentUrl":"https:\/\/desireonline.shop\/wp-content\/uploads\/2024\/06\/Logo-Thick-Font-1.webp","width":268,"height":399,"caption":"Desire"},"image":{"@id":"https:\/\/desireonline.shop\/vi\/#\/schema\/logo\/image\/"}}]}},"_links":{"self":[{"href":"https:\/\/desireonline.shop\/vi\/wp-json\/wp\/v2\/product\/65916","targetHints":{"allow":["GET"]}}],"collection":[{"href":"https:\/\/desireonline.shop\/vi\/wp-json\/wp\/v2\/product"}],"about":[{"href":"https:\/\/desireonline.shop\/vi\/wp-json\/wp\/v2\/types\/product"}],"replies":[{"embeddable":true,"href":"https:\/\/desireonline.shop\/vi\/wp-json\/wp\/v2\/comments?post=65916"}],"version-history":[{"count":0,"href":"https:\/\/desireonline.shop\/vi\/wp-json\/wp\/v2\/product\/65916\/revisions"}],"wp:featuredmedia":[{"embeddable":true,"href":"https:\/\/desireonline.shop\/vi\/wp-json\/wp\/v2\/media\/64286"}],"wp:attachment":[{"href":"https:\/\/desireonline.shop\/vi\/wp-json\/wp\/v2\/media?parent=65916"}],"wp:term":[{"taxonomy":"product_brand","embeddable":true,"href":"https:\/\/desireonline.shop\/vi\/wp-json\/wp\/v2\/product_brand?post=65916"},{"taxonomy":"product_cat","embeddable":true,"href":"https:\/\/desireonline.shop\/vi\/wp-json\/wp\/v2\/product_cat?post=65916"},{"taxonomy":"product_tag","embeddable":true,"href":"https:\/\/desireonline.shop\/vi\/wp-json\/wp\/v2\/product_tag?post=65916"}],"curies":[{"name":"wp","href":"https:\/\/api.w.org\/{rel}","templated":true}]}}