{"id":65954,"date":"2026-02-17T11:34:12","date_gmt":"2026-02-17T11:34:12","guid":{"rendered":"https:\/\/desireonline.shop\/product\/hi-rubber-duong-vat-gia-hai-dau-18-inch\/"},"modified":"2026-03-10T05:25:33","modified_gmt":"2026-03-10T05:25:33","slug":"hi-rubber-duong-vat-gia-hai-dau-18-inch","status":"publish","type":"product","link":"https:\/\/desireonline.shop\/vi\/san-pham\/hi-rubber-duong-vat-gia-hai-dau-18-inch\/","title":{"rendered":"Hi-Rubber D\u01b0\u01a1ng v\u1eadt gi\u1ea3 hai \u0111\u1ea7u 18 Inch"},"content":{"rendered":"<p>\u0110\u01b0\u1ee3c thi\u1ebft k\u1ebf \u0111\u1ec3 mang l\u1ea1i s\u1ef1 linh ho\u1ea1t v\u00e0 kh\u1ea3 n\u0103ng kh\u00e1m ph\u00e1, d\u01b0\u01a1ng v\u1eadt gi\u1ea3 hai \u0111\u1ea7u n\u00e0y c\u00f3 b\u1ec1 m\u1eb7t m\u1ecbn v\u1edbi c\u1ea3m gi\u00e1c ch\u00e2n th\u1eadt, t\u1ea1o s\u1ef1 tho\u1ea3i m\u00e1i v\u00e0 d\u1ec5 ch\u1ecbu khi s\u1eed d\u1ee5ng. Thi\u1ebft k\u1ebf d\u00e0i v\u00e0 c\u00e2n \u0111\u1ed1i cho ph\u00e9p nhi\u1ec1u t\u01b0 th\u1ebf v\u00e0 c\u00e1ch s\u1eed d\u1ee5ng kh\u00e1c nhau, d\u00f9 tr\u1ea3i nghi\u1ec7m c\u00e1 nh\u00e2n hay c\u00f9ng b\u1ea1n t\u00ecnh.<\/p>\n<p>\u0110\u01b0\u1ee3c l\u00e0m t\u1eeb ch\u1ea5t li\u1ec7u kh\u00f4ng ch\u1ee9a phthalate v\u00e0 kh\u00f4ng latex, s\u1ea3n ph\u1ea9m mang l\u1ea1i s\u1ef1 y\u00ean t\u00e2m khi s\u1eed d\u1ee5ng \u0111\u1ed3ng th\u1eddi v\u1eabn \u0111\u1ea3m b\u1ea3o c\u1ea3m gi\u00e1c kho\u00e1i c\u1ea3m. M\u1ed9t l\u1ef1a ch\u1ecdn linh ho\u1ea1t v\u00e0 cu\u1ed1n h\u00fat d\u00e0nh cho nh\u1eefng ai th\u00edch kh\u00e1m ph\u00e1 c\u00e1c c\u1ea3m gi\u00e1c, g\u00f3c \u0111\u1ed9 v\u00e0 s\u1ef1 k\u1ebft n\u1ed1i kh\u00e1c nhau theo nh\u1ecbp \u0111\u1ed9 ri\u00eang c\u1ee7a m\u00ecnh.<\/p>\n","protected":false},"excerpt":{"rendered":"<p>\u0110\u01b0\u1ee3c thi\u1ebft k\u1ebf \u0111\u1ec3 mang l\u1ea1i s\u1ef1 linh ho\u1ea1t v\u00e0 kh\u1ea3 n\u0103ng kh\u00e1m ph\u00e1, d\u01b0\u01a1ng v\u1eadt gi\u1ea3 hai \u0111\u1ea7u n\u00e0y c\u00f3 b\u1ec1 m\u1eb7t m\u1ecbn v\u1edbi c\u1ea3m gi\u00e1c ch\u00e2n th\u1eadt, t\u1ea1o&hellip;<\/p>\n","protected":false},"featured_media":64369,"comment_status":"open","ping_status":"closed","template":"","meta":{"_acf_changed":false},"product_brand":[],"product_cat":[1341,1420,1424],"product_tag":[],"class_list":{"0":"post-65954","1":"product","2":"type-product","3":"status-publish","4":"has-post-thumbnail","6":"product_cat-for-men","7":"product_cat-duoc-tao-hinh-theo-duong-cong-tu-nhien-cua-co-the-duong-vat-gia-cong-ho-tro-kich-thich-ben-trong-co-muc-tieu-voi-su-chinh-xac-va-thoai-mai","8":"product_cat-duong-vat-gia-sang-tao","10":"first","11":"instock","12":"shipping-taxable","13":"purchasable","14":"product-type-variable"},"acf":[],"yoast_head":"<!-- This site is optimized with the Yoast SEO plugin v27.1.1 - https:\/\/yoast.com\/product\/yoast-seo-wordpress\/ -->\n<title>Hi-Rubber D\u01b0\u01a1ng v\u1eadt gi\u1ea3 hai \u0111\u1ea7u 18 Inch - Desire<\/title>\n<meta name=\"robots\" content=\"index, follow, max-snippet:-1, max-image-preview:large, max-video-preview:-1\" \/>\n<link rel=\"canonical\" href=\"https:\/\/desireonline.shop\/vi\/san-pham\/hi-rubber-duong-vat-gia-hai-dau-18-inch\/\" \/>\n<meta property=\"og:locale\" content=\"vi_VN\" \/>\n<meta property=\"og:type\" content=\"article\" \/>\n<meta property=\"og:title\" content=\"Hi-Rubber D\u01b0\u01a1ng v\u1eadt gi\u1ea3 hai \u0111\u1ea7u 18 Inch - Desire\" \/>\n<meta property=\"og:description\" content=\"\u0110\u01b0\u1ee3c thi\u1ebft k\u1ebf \u0111\u1ec3 mang l\u1ea1i s\u1ef1 linh ho\u1ea1t v\u00e0 kh\u1ea3 n\u0103ng kh\u00e1m ph\u00e1, d\u01b0\u01a1ng v\u1eadt gi\u1ea3 hai \u0111\u1ea7u n\u00e0y c\u00f3 b\u1ec1 m\u1eb7t m\u1ecbn v\u1edbi c\u1ea3m gi\u00e1c ch\u00e2n th\u1eadt, t\u1ea1o&hellip;\" \/>\n<meta property=\"og:url\" content=\"https:\/\/desireonline.shop\/vi\/san-pham\/hi-rubber-duong-vat-gia-hai-dau-18-inch\/\" \/>\n<meta property=\"og:site_name\" content=\"Desire\" \/>\n<meta property=\"article:modified_time\" content=\"2026-03-10T05:25:33+00:00\" \/>\n<meta property=\"og:image\" content=\"https:\/\/desireonline.shop\/wp-content\/uploads\/2026\/02\/CN-711946790_00-1.jpg\" \/>\n\t<meta property=\"og:image:width\" content=\"1000\" \/>\n\t<meta property=\"og:image:height\" content=\"1000\" \/>\n\t<meta property=\"og:image:type\" content=\"image\/jpeg\" \/>\n<meta name=\"twitter:card\" content=\"summary_large_image\" \/>\n<meta name=\"twitter:label1\" content=\"\u01af\u1edbc t\u00ednh th\u1eddi gian \u0111\u1ecdc\" \/>\n\t<meta name=\"twitter:data1\" content=\"1 ph\u00fat\" \/>\n<script type=\"application\/ld+json\" class=\"yoast-schema-graph\">{\"@context\":\"https:\/\/schema.org\",\"@graph\":[{\"@type\":\"WebPage\",\"@id\":\"https:\/\/desireonline.shop\/vi\/san-pham\/hi-rubber-duong-vat-gia-hai-dau-18-inch\/\",\"url\":\"https:\/\/desireonline.shop\/vi\/san-pham\/hi-rubber-duong-vat-gia-hai-dau-18-inch\/\",\"name\":\"Hi-Rubber D\u01b0\u01a1ng v\u1eadt gi\u1ea3 hai \u0111\u1ea7u 18 Inch - Desire\",\"isPartOf\":{\"@id\":\"https:\/\/desireonline.shop\/vi\/#website\"},\"primaryImageOfPage\":{\"@id\":\"https:\/\/desireonline.shop\/vi\/san-pham\/hi-rubber-duong-vat-gia-hai-dau-18-inch\/#primaryimage\"},\"image\":{\"@id\":\"https:\/\/desireonline.shop\/vi\/san-pham\/hi-rubber-duong-vat-gia-hai-dau-18-inch\/#primaryimage\"},\"thumbnailUrl\":\"https:\/\/desireonline.shop\/wp-content\/uploads\/2026\/02\/CN-711946790_00-1.jpg\",\"datePublished\":\"2026-02-17T11:34:12+00:00\",\"dateModified\":\"2026-03-10T05:25:33+00:00\",\"breadcrumb\":{\"@id\":\"https:\/\/desireonline.shop\/vi\/san-pham\/hi-rubber-duong-vat-gia-hai-dau-18-inch\/#breadcrumb\"},\"inLanguage\":\"vi\",\"potentialAction\":[{\"@type\":\"ReadAction\",\"target\":[\"https:\/\/desireonline.shop\/vi\/san-pham\/hi-rubber-duong-vat-gia-hai-dau-18-inch\/\"]}]},{\"@type\":\"ImageObject\",\"inLanguage\":\"vi\",\"@id\":\"https:\/\/desireonline.shop\/vi\/san-pham\/hi-rubber-duong-vat-gia-hai-dau-18-inch\/#primaryimage\",\"url\":\"https:\/\/desireonline.shop\/wp-content\/uploads\/2026\/02\/CN-711946790_00-1.jpg\",\"contentUrl\":\"https:\/\/desireonline.shop\/wp-content\/uploads\/2026\/02\/CN-711946790_00-1.jpg\",\"width\":1000,\"height\":1000},{\"@type\":\"BreadcrumbList\",\"@id\":\"https:\/\/desireonline.shop\/vi\/san-pham\/hi-rubber-duong-vat-gia-hai-dau-18-inch\/#breadcrumb\",\"itemListElement\":[{\"@type\":\"ListItem\",\"position\":1,\"name\":\"Home\",\"item\":\"https:\/\/desireonline.shop\/vi\/trang-chu\/?lang=vi\"},{\"@type\":\"ListItem\",\"position\":2,\"name\":\"T\u1ea5t c\u1ea3 s\u1ea3n ph\u1ea9m\",\"item\":\"https:\/\/desireonline.shop\/cua-hang\/?lang=vi\"},{\"@type\":\"ListItem\",\"position\":3,\"name\":\"Hi-Rubber D\u01b0\u01a1ng v\u1eadt gi\u1ea3 hai \u0111\u1ea7u 18 Inch\"}]},{\"@type\":\"WebSite\",\"@id\":\"https:\/\/desireonline.shop\/vi\/#website\",\"url\":\"https:\/\/desireonline.shop\/vi\/\",\"name\":\"Desire\",\"description\":\"Sexual Wellness Platform\",\"publisher\":{\"@id\":\"https:\/\/desireonline.shop\/vi\/#organization\"},\"potentialAction\":[{\"@type\":\"SearchAction\",\"target\":{\"@type\":\"EntryPoint\",\"urlTemplate\":\"https:\/\/desireonline.shop\/vi\/?s={search_term_string}\"},\"query-input\":{\"@type\":\"PropertyValueSpecification\",\"valueRequired\":true,\"valueName\":\"search_term_string\"}}],\"inLanguage\":\"vi\"},{\"@type\":\"Organization\",\"@id\":\"https:\/\/desireonline.shop\/vi\/#organization\",\"name\":\"Desire\",\"url\":\"https:\/\/desireonline.shop\/vi\/\",\"logo\":{\"@type\":\"ImageObject\",\"inLanguage\":\"vi\",\"@id\":\"https:\/\/desireonline.shop\/vi\/#\/schema\/logo\/image\/\",\"url\":\"https:\/\/desireonline.shop\/wp-content\/uploads\/2024\/06\/Logo-Thick-Font-1.webp\",\"contentUrl\":\"https:\/\/desireonline.shop\/wp-content\/uploads\/2024\/06\/Logo-Thick-Font-1.webp\",\"width\":268,\"height\":399,\"caption\":\"Desire\"},\"image\":{\"@id\":\"https:\/\/desireonline.shop\/vi\/#\/schema\/logo\/image\/\"}}]}<\/script>\n<!-- \/ Yoast SEO plugin. -->","yoast_head_json":{"title":"Hi-Rubber D\u01b0\u01a1ng v\u1eadt gi\u1ea3 hai \u0111\u1ea7u 18 Inch - Desire","robots":{"index":"index","follow":"follow","max-snippet":"max-snippet:-1","max-image-preview":"max-image-preview:large","max-video-preview":"max-video-preview:-1"},"canonical":"https:\/\/desireonline.shop\/vi\/san-pham\/hi-rubber-duong-vat-gia-hai-dau-18-inch\/","og_locale":"vi_VN","og_type":"article","og_title":"Hi-Rubber D\u01b0\u01a1ng v\u1eadt gi\u1ea3 hai \u0111\u1ea7u 18 Inch - Desire","og_description":"\u0110\u01b0\u1ee3c thi\u1ebft k\u1ebf \u0111\u1ec3 mang l\u1ea1i s\u1ef1 linh ho\u1ea1t v\u00e0 kh\u1ea3 n\u0103ng kh\u00e1m ph\u00e1, d\u01b0\u01a1ng v\u1eadt gi\u1ea3 hai \u0111\u1ea7u n\u00e0y c\u00f3 b\u1ec1 m\u1eb7t m\u1ecbn v\u1edbi c\u1ea3m gi\u00e1c ch\u00e2n th\u1eadt, t\u1ea1o&hellip;","og_url":"https:\/\/desireonline.shop\/vi\/san-pham\/hi-rubber-duong-vat-gia-hai-dau-18-inch\/","og_site_name":"Desire","article_modified_time":"2026-03-10T05:25:33+00:00","og_image":[{"width":1000,"height":1000,"url":"https:\/\/desireonline.shop\/wp-content\/uploads\/2026\/02\/CN-711946790_00-1.jpg","type":"image\/jpeg"}],"twitter_card":"summary_large_image","twitter_misc":{"\u01af\u1edbc t\u00ednh th\u1eddi gian \u0111\u1ecdc":"1 ph\u00fat"},"schema":{"@context":"https:\/\/schema.org","@graph":[{"@type":"WebPage","@id":"https:\/\/desireonline.shop\/vi\/san-pham\/hi-rubber-duong-vat-gia-hai-dau-18-inch\/","url":"https:\/\/desireonline.shop\/vi\/san-pham\/hi-rubber-duong-vat-gia-hai-dau-18-inch\/","name":"Hi-Rubber D\u01b0\u01a1ng v\u1eadt gi\u1ea3 hai \u0111\u1ea7u 18 Inch - Desire","isPartOf":{"@id":"https:\/\/desireonline.shop\/vi\/#website"},"primaryImageOfPage":{"@id":"https:\/\/desireonline.shop\/vi\/san-pham\/hi-rubber-duong-vat-gia-hai-dau-18-inch\/#primaryimage"},"image":{"@id":"https:\/\/desireonline.shop\/vi\/san-pham\/hi-rubber-duong-vat-gia-hai-dau-18-inch\/#primaryimage"},"thumbnailUrl":"https:\/\/desireonline.shop\/wp-content\/uploads\/2026\/02\/CN-711946790_00-1.jpg","datePublished":"2026-02-17T11:34:12+00:00","dateModified":"2026-03-10T05:25:33+00:00","breadcrumb":{"@id":"https:\/\/desireonline.shop\/vi\/san-pham\/hi-rubber-duong-vat-gia-hai-dau-18-inch\/#breadcrumb"},"inLanguage":"vi","potentialAction":[{"@type":"ReadAction","target":["https:\/\/desireonline.shop\/vi\/san-pham\/hi-rubber-duong-vat-gia-hai-dau-18-inch\/"]}]},{"@type":"ImageObject","inLanguage":"vi","@id":"https:\/\/desireonline.shop\/vi\/san-pham\/hi-rubber-duong-vat-gia-hai-dau-18-inch\/#primaryimage","url":"https:\/\/desireonline.shop\/wp-content\/uploads\/2026\/02\/CN-711946790_00-1.jpg","contentUrl":"https:\/\/desireonline.shop\/wp-content\/uploads\/2026\/02\/CN-711946790_00-1.jpg","width":1000,"height":1000},{"@type":"BreadcrumbList","@id":"https:\/\/desireonline.shop\/vi\/san-pham\/hi-rubber-duong-vat-gia-hai-dau-18-inch\/#breadcrumb","itemListElement":[{"@type":"ListItem","position":1,"name":"Home","item":"https:\/\/desireonline.shop\/vi\/trang-chu\/?lang=vi"},{"@type":"ListItem","position":2,"name":"T\u1ea5t c\u1ea3 s\u1ea3n ph\u1ea9m","item":"https:\/\/desireonline.shop\/cua-hang\/?lang=vi"},{"@type":"ListItem","position":3,"name":"Hi-Rubber D\u01b0\u01a1ng v\u1eadt gi\u1ea3 hai \u0111\u1ea7u 18 Inch"}]},{"@type":"WebSite","@id":"https:\/\/desireonline.shop\/vi\/#website","url":"https:\/\/desireonline.shop\/vi\/","name":"Desire","description":"Sexual Wellness Platform","publisher":{"@id":"https:\/\/desireonline.shop\/vi\/#organization"},"potentialAction":[{"@type":"SearchAction","target":{"@type":"EntryPoint","urlTemplate":"https:\/\/desireonline.shop\/vi\/?s={search_term_string}"},"query-input":{"@type":"PropertyValueSpecification","valueRequired":true,"valueName":"search_term_string"}}],"inLanguage":"vi"},{"@type":"Organization","@id":"https:\/\/desireonline.shop\/vi\/#organization","name":"Desire","url":"https:\/\/desireonline.shop\/vi\/","logo":{"@type":"ImageObject","inLanguage":"vi","@id":"https:\/\/desireonline.shop\/vi\/#\/schema\/logo\/image\/","url":"https:\/\/desireonline.shop\/wp-content\/uploads\/2024\/06\/Logo-Thick-Font-1.webp","contentUrl":"https:\/\/desireonline.shop\/wp-content\/uploads\/2024\/06\/Logo-Thick-Font-1.webp","width":268,"height":399,"caption":"Desire"},"image":{"@id":"https:\/\/desireonline.shop\/vi\/#\/schema\/logo\/image\/"}}]}},"_links":{"self":[{"href":"https:\/\/desireonline.shop\/vi\/wp-json\/wp\/v2\/product\/65954","targetHints":{"allow":["GET"]}}],"collection":[{"href":"https:\/\/desireonline.shop\/vi\/wp-json\/wp\/v2\/product"}],"about":[{"href":"https:\/\/desireonline.shop\/vi\/wp-json\/wp\/v2\/types\/product"}],"replies":[{"embeddable":true,"href":"https:\/\/desireonline.shop\/vi\/wp-json\/wp\/v2\/comments?post=65954"}],"version-history":[{"count":0,"href":"https:\/\/desireonline.shop\/vi\/wp-json\/wp\/v2\/product\/65954\/revisions"}],"wp:featuredmedia":[{"embeddable":true,"href":"https:\/\/desireonline.shop\/vi\/wp-json\/wp\/v2\/media\/64369"}],"wp:attachment":[{"href":"https:\/\/desireonline.shop\/vi\/wp-json\/wp\/v2\/media?parent=65954"}],"wp:term":[{"taxonomy":"product_brand","embeddable":true,"href":"https:\/\/desireonline.shop\/vi\/wp-json\/wp\/v2\/product_brand?post=65954"},{"taxonomy":"product_cat","embeddable":true,"href":"https:\/\/desireonline.shop\/vi\/wp-json\/wp\/v2\/product_cat?post=65954"},{"taxonomy":"product_tag","embeddable":true,"href":"https:\/\/desireonline.shop\/vi\/wp-json\/wp\/v2\/product_tag?post=65954"}],"curies":[{"name":"wp","href":"https:\/\/api.w.org\/{rel}","templated":true}]}}