{"id":65976,"date":"2026-02-17T11:35:05","date_gmt":"2026-02-17T11:35:05","guid":{"rendered":"https:\/\/desireonline.shop\/product\/rubicon-duong-vat-gia-lon-orgasm-stealer-penis\/"},"modified":"2026-03-10T05:25:59","modified_gmt":"2026-03-10T05:25:59","slug":"rubicon-duong-vat-gia-lon-orgasm-stealer-penis","status":"publish","type":"product","link":"https:\/\/desireonline.shop\/vi\/san-pham\/rubicon-duong-vat-gia-lon-orgasm-stealer-penis\/","title":{"rendered":"RUBICON D\u01b0\u01a1ng v\u1eadt gi\u1ea3 l\u1edbn Orgasm Stealer Penis"},"content":{"rendered":"<p>\u0110\u01b0\u1ee3c thi\u1ebft k\u1ebf d\u00e0nh cho nh\u1eefng ai y\u00eau th\u00edch c\u1ea3m gi\u00e1c \u0111\u1ea7y \u0111\u1eb7n h\u01a1n, d\u01b0\u01a1ng v\u1eadt gi\u1ea3 ch\u00e2n th\u1eadt k\u00edch th\u01b0\u1edbc l\u1edbn n\u00e0y k\u1ebft h\u1ee3p ch\u1ea5t li\u1ec7u m\u1ec1m m\u1ea1i v\u1edbi b\u1ec1 m\u1eb7t m\u1ecbn, mang l\u1ea1i k\u00edch th\u00edch tho\u1ea3i m\u00e1i v\u00e0 t\u1ef1 nhi\u00ean. K\u00edch th\u01b0\u1edbc l\u1edbn gi\u00fap t\u0103ng \u0111\u1ed9 s\u00e2u v\u00e0 c\u01b0\u1eddng \u0111\u1ed9 c\u1ea3m gi\u00e1c trong khi v\u1eabn d\u1ec5 d\u00e0ng ki\u1ec3m so\u00e1t khi s\u1eed d\u1ee5ng.<\/p>\n<p>V\u1edbi \u0111\u1ebf h\u00fat ch\u1eafc ch\u1eafn cho ph\u00e9p s\u1eed d\u1ee5ng r\u1ea3nh tay v\u00e0 ch\u1ea5t li\u1ec7u kh\u00f4ng ch\u1ee9a phthalate gi\u00fap t\u0103ng th\u00eam s\u1ef1 y\u00ean t\u00e2m, s\u1ea3n ph\u1ea9m ph\u00f9 h\u1ee3p \u0111\u1ec3 kh\u00e1m ph\u00e1 c\u1ea3m gi\u00e1c s\u00e2u h\u01a1n theo nh\u1ecbp \u0111\u1ed9 ri\u00eang c\u1ee7a b\u1ea1n. M\u1ed9t l\u1ef1a ch\u1ecdn n\u1ed5i b\u1eadt nh\u01b0ng v\u1eabn d\u1ec5 s\u1eed d\u1ee5ng d\u00e0nh cho tr\u1ea3i nghi\u1ec7m c\u00e1 nh\u00e2n t\u1ef1 tin v\u00e0 tho\u1ea3i m\u00e1i.<\/p>\n","protected":false},"excerpt":{"rendered":"<p>\u0110\u01b0\u1ee3c thi\u1ebft k\u1ebf d\u00e0nh cho nh\u1eefng ai y\u00eau th\u00edch c\u1ea3m gi\u00e1c \u0111\u1ea7y \u0111\u1eb7n h\u01a1n, d\u01b0\u01a1ng v\u1eadt gi\u1ea3 ch\u00e2n th\u1eadt k\u00edch th\u01b0\u1edbc l\u1edbn n\u00e0y k\u1ebft h\u1ee3p ch\u1ea5t li\u1ec7u m\u1ec1m m\u1ea1i v\u1edbi&hellip;<\/p>\n","protected":false},"featured_media":64405,"comment_status":"open","ping_status":"closed","template":"","meta":{"_acf_changed":false},"product_brand":[],"product_cat":[1341,1423,1427],"product_tag":[],"class_list":{"0":"post-65976","1":"product","2":"type-product","3":"status-publish","4":"has-post-thumbnail","6":"product_cat-for-men","7":"product_cat-duong-vat-gia-kich-thuoc-lon","8":"product_cat-tuong-thich-voi-day-deo-duong-vat-gia-gan-deo-mang-den-da-dang-hinh-dang-kich-thuoc-va-cam-giac-cho-trai-nghiem-chung","10":"first","11":"instock","12":"shipping-taxable","13":"purchasable","14":"product-type-variable"},"acf":[],"yoast_head":"<!-- This site is optimized with the Yoast SEO plugin v27.1.1 - https:\/\/yoast.com\/product\/yoast-seo-wordpress\/ -->\n<title>RUBICON D\u01b0\u01a1ng v\u1eadt gi\u1ea3 l\u1edbn Orgasm Stealer Penis - Desire<\/title>\n<meta name=\"robots\" content=\"index, follow, max-snippet:-1, max-image-preview:large, max-video-preview:-1\" \/>\n<link rel=\"canonical\" href=\"https:\/\/desireonline.shop\/vi\/san-pham\/rubicon-duong-vat-gia-lon-orgasm-stealer-penis\/\" \/>\n<meta property=\"og:locale\" content=\"vi_VN\" \/>\n<meta property=\"og:type\" content=\"article\" \/>\n<meta property=\"og:title\" content=\"RUBICON D\u01b0\u01a1ng v\u1eadt gi\u1ea3 l\u1edbn Orgasm Stealer Penis - Desire\" \/>\n<meta property=\"og:description\" content=\"\u0110\u01b0\u1ee3c thi\u1ebft k\u1ebf d\u00e0nh cho nh\u1eefng ai y\u00eau th\u00edch c\u1ea3m gi\u00e1c \u0111\u1ea7y \u0111\u1eb7n h\u01a1n, d\u01b0\u01a1ng v\u1eadt gi\u1ea3 ch\u00e2n th\u1eadt k\u00edch th\u01b0\u1edbc l\u1edbn n\u00e0y k\u1ebft h\u1ee3p ch\u1ea5t li\u1ec7u m\u1ec1m m\u1ea1i v\u1edbi&hellip;\" \/>\n<meta property=\"og:url\" content=\"https:\/\/desireonline.shop\/vi\/san-pham\/rubicon-duong-vat-gia-lon-orgasm-stealer-penis\/\" \/>\n<meta property=\"og:site_name\" content=\"Desire\" \/>\n<meta property=\"article:modified_time\" content=\"2026-03-10T05:25:59+00:00\" \/>\n<meta property=\"og:image\" content=\"https:\/\/desireonline.shop\/wp-content\/uploads\/2026\/02\/CN-711754976_00-1.jpg\" \/>\n\t<meta property=\"og:image:width\" content=\"1000\" \/>\n\t<meta property=\"og:image:height\" content=\"1000\" \/>\n\t<meta property=\"og:image:type\" content=\"image\/jpeg\" \/>\n<meta name=\"twitter:card\" content=\"summary_large_image\" \/>\n<meta name=\"twitter:label1\" content=\"\u01af\u1edbc t\u00ednh th\u1eddi gian \u0111\u1ecdc\" \/>\n\t<meta name=\"twitter:data1\" content=\"1 ph\u00fat\" \/>\n<script type=\"application\/ld+json\" class=\"yoast-schema-graph\">{\"@context\":\"https:\/\/schema.org\",\"@graph\":[{\"@type\":\"WebPage\",\"@id\":\"https:\/\/desireonline.shop\/vi\/san-pham\/rubicon-duong-vat-gia-lon-orgasm-stealer-penis\/\",\"url\":\"https:\/\/desireonline.shop\/vi\/san-pham\/rubicon-duong-vat-gia-lon-orgasm-stealer-penis\/\",\"name\":\"RUBICON D\u01b0\u01a1ng v\u1eadt gi\u1ea3 l\u1edbn Orgasm Stealer Penis - Desire\",\"isPartOf\":{\"@id\":\"https:\/\/desireonline.shop\/vi\/#website\"},\"primaryImageOfPage\":{\"@id\":\"https:\/\/desireonline.shop\/vi\/san-pham\/rubicon-duong-vat-gia-lon-orgasm-stealer-penis\/#primaryimage\"},\"image\":{\"@id\":\"https:\/\/desireonline.shop\/vi\/san-pham\/rubicon-duong-vat-gia-lon-orgasm-stealer-penis\/#primaryimage\"},\"thumbnailUrl\":\"https:\/\/desireonline.shop\/wp-content\/uploads\/2026\/02\/CN-711754976_00-1.jpg\",\"datePublished\":\"2026-02-17T11:35:05+00:00\",\"dateModified\":\"2026-03-10T05:25:59+00:00\",\"breadcrumb\":{\"@id\":\"https:\/\/desireonline.shop\/vi\/san-pham\/rubicon-duong-vat-gia-lon-orgasm-stealer-penis\/#breadcrumb\"},\"inLanguage\":\"vi\",\"potentialAction\":[{\"@type\":\"ReadAction\",\"target\":[\"https:\/\/desireonline.shop\/vi\/san-pham\/rubicon-duong-vat-gia-lon-orgasm-stealer-penis\/\"]}]},{\"@type\":\"ImageObject\",\"inLanguage\":\"vi\",\"@id\":\"https:\/\/desireonline.shop\/vi\/san-pham\/rubicon-duong-vat-gia-lon-orgasm-stealer-penis\/#primaryimage\",\"url\":\"https:\/\/desireonline.shop\/wp-content\/uploads\/2026\/02\/CN-711754976_00-1.jpg\",\"contentUrl\":\"https:\/\/desireonline.shop\/wp-content\/uploads\/2026\/02\/CN-711754976_00-1.jpg\",\"width\":1000,\"height\":1000},{\"@type\":\"BreadcrumbList\",\"@id\":\"https:\/\/desireonline.shop\/vi\/san-pham\/rubicon-duong-vat-gia-lon-orgasm-stealer-penis\/#breadcrumb\",\"itemListElement\":[{\"@type\":\"ListItem\",\"position\":1,\"name\":\"Home\",\"item\":\"https:\/\/desireonline.shop\/vi\/trang-chu\/?lang=vi\"},{\"@type\":\"ListItem\",\"position\":2,\"name\":\"T\u1ea5t c\u1ea3 s\u1ea3n ph\u1ea9m\",\"item\":\"https:\/\/desireonline.shop\/cua-hang\/?lang=vi\"},{\"@type\":\"ListItem\",\"position\":3,\"name\":\"RUBICON D\u01b0\u01a1ng v\u1eadt gi\u1ea3 l\u1edbn Orgasm Stealer Penis\"}]},{\"@type\":\"WebSite\",\"@id\":\"https:\/\/desireonline.shop\/vi\/#website\",\"url\":\"https:\/\/desireonline.shop\/vi\/\",\"name\":\"Desire\",\"description\":\"Sexual Wellness Platform\",\"publisher\":{\"@id\":\"https:\/\/desireonline.shop\/vi\/#organization\"},\"potentialAction\":[{\"@type\":\"SearchAction\",\"target\":{\"@type\":\"EntryPoint\",\"urlTemplate\":\"https:\/\/desireonline.shop\/vi\/?s={search_term_string}\"},\"query-input\":{\"@type\":\"PropertyValueSpecification\",\"valueRequired\":true,\"valueName\":\"search_term_string\"}}],\"inLanguage\":\"vi\"},{\"@type\":\"Organization\",\"@id\":\"https:\/\/desireonline.shop\/vi\/#organization\",\"name\":\"Desire\",\"url\":\"https:\/\/desireonline.shop\/vi\/\",\"logo\":{\"@type\":\"ImageObject\",\"inLanguage\":\"vi\",\"@id\":\"https:\/\/desireonline.shop\/vi\/#\/schema\/logo\/image\/\",\"url\":\"https:\/\/desireonline.shop\/wp-content\/uploads\/2024\/06\/Logo-Thick-Font-1.webp\",\"contentUrl\":\"https:\/\/desireonline.shop\/wp-content\/uploads\/2024\/06\/Logo-Thick-Font-1.webp\",\"width\":268,\"height\":399,\"caption\":\"Desire\"},\"image\":{\"@id\":\"https:\/\/desireonline.shop\/vi\/#\/schema\/logo\/image\/\"}}]}<\/script>\n<!-- \/ Yoast SEO plugin. -->","yoast_head_json":{"title":"RUBICON D\u01b0\u01a1ng v\u1eadt gi\u1ea3 l\u1edbn Orgasm Stealer Penis - Desire","robots":{"index":"index","follow":"follow","max-snippet":"max-snippet:-1","max-image-preview":"max-image-preview:large","max-video-preview":"max-video-preview:-1"},"canonical":"https:\/\/desireonline.shop\/vi\/san-pham\/rubicon-duong-vat-gia-lon-orgasm-stealer-penis\/","og_locale":"vi_VN","og_type":"article","og_title":"RUBICON D\u01b0\u01a1ng v\u1eadt gi\u1ea3 l\u1edbn Orgasm Stealer Penis - Desire","og_description":"\u0110\u01b0\u1ee3c thi\u1ebft k\u1ebf d\u00e0nh cho nh\u1eefng ai y\u00eau th\u00edch c\u1ea3m gi\u00e1c \u0111\u1ea7y \u0111\u1eb7n h\u01a1n, d\u01b0\u01a1ng v\u1eadt gi\u1ea3 ch\u00e2n th\u1eadt k\u00edch th\u01b0\u1edbc l\u1edbn n\u00e0y k\u1ebft h\u1ee3p ch\u1ea5t li\u1ec7u m\u1ec1m m\u1ea1i v\u1edbi&hellip;","og_url":"https:\/\/desireonline.shop\/vi\/san-pham\/rubicon-duong-vat-gia-lon-orgasm-stealer-penis\/","og_site_name":"Desire","article_modified_time":"2026-03-10T05:25:59+00:00","og_image":[{"width":1000,"height":1000,"url":"https:\/\/desireonline.shop\/wp-content\/uploads\/2026\/02\/CN-711754976_00-1.jpg","type":"image\/jpeg"}],"twitter_card":"summary_large_image","twitter_misc":{"\u01af\u1edbc t\u00ednh th\u1eddi gian \u0111\u1ecdc":"1 ph\u00fat"},"schema":{"@context":"https:\/\/schema.org","@graph":[{"@type":"WebPage","@id":"https:\/\/desireonline.shop\/vi\/san-pham\/rubicon-duong-vat-gia-lon-orgasm-stealer-penis\/","url":"https:\/\/desireonline.shop\/vi\/san-pham\/rubicon-duong-vat-gia-lon-orgasm-stealer-penis\/","name":"RUBICON D\u01b0\u01a1ng v\u1eadt gi\u1ea3 l\u1edbn Orgasm Stealer Penis - Desire","isPartOf":{"@id":"https:\/\/desireonline.shop\/vi\/#website"},"primaryImageOfPage":{"@id":"https:\/\/desireonline.shop\/vi\/san-pham\/rubicon-duong-vat-gia-lon-orgasm-stealer-penis\/#primaryimage"},"image":{"@id":"https:\/\/desireonline.shop\/vi\/san-pham\/rubicon-duong-vat-gia-lon-orgasm-stealer-penis\/#primaryimage"},"thumbnailUrl":"https:\/\/desireonline.shop\/wp-content\/uploads\/2026\/02\/CN-711754976_00-1.jpg","datePublished":"2026-02-17T11:35:05+00:00","dateModified":"2026-03-10T05:25:59+00:00","breadcrumb":{"@id":"https:\/\/desireonline.shop\/vi\/san-pham\/rubicon-duong-vat-gia-lon-orgasm-stealer-penis\/#breadcrumb"},"inLanguage":"vi","potentialAction":[{"@type":"ReadAction","target":["https:\/\/desireonline.shop\/vi\/san-pham\/rubicon-duong-vat-gia-lon-orgasm-stealer-penis\/"]}]},{"@type":"ImageObject","inLanguage":"vi","@id":"https:\/\/desireonline.shop\/vi\/san-pham\/rubicon-duong-vat-gia-lon-orgasm-stealer-penis\/#primaryimage","url":"https:\/\/desireonline.shop\/wp-content\/uploads\/2026\/02\/CN-711754976_00-1.jpg","contentUrl":"https:\/\/desireonline.shop\/wp-content\/uploads\/2026\/02\/CN-711754976_00-1.jpg","width":1000,"height":1000},{"@type":"BreadcrumbList","@id":"https:\/\/desireonline.shop\/vi\/san-pham\/rubicon-duong-vat-gia-lon-orgasm-stealer-penis\/#breadcrumb","itemListElement":[{"@type":"ListItem","position":1,"name":"Home","item":"https:\/\/desireonline.shop\/vi\/trang-chu\/?lang=vi"},{"@type":"ListItem","position":2,"name":"T\u1ea5t c\u1ea3 s\u1ea3n ph\u1ea9m","item":"https:\/\/desireonline.shop\/cua-hang\/?lang=vi"},{"@type":"ListItem","position":3,"name":"RUBICON D\u01b0\u01a1ng v\u1eadt gi\u1ea3 l\u1edbn Orgasm Stealer Penis"}]},{"@type":"WebSite","@id":"https:\/\/desireonline.shop\/vi\/#website","url":"https:\/\/desireonline.shop\/vi\/","name":"Desire","description":"Sexual Wellness Platform","publisher":{"@id":"https:\/\/desireonline.shop\/vi\/#organization"},"potentialAction":[{"@type":"SearchAction","target":{"@type":"EntryPoint","urlTemplate":"https:\/\/desireonline.shop\/vi\/?s={search_term_string}"},"query-input":{"@type":"PropertyValueSpecification","valueRequired":true,"valueName":"search_term_string"}}],"inLanguage":"vi"},{"@type":"Organization","@id":"https:\/\/desireonline.shop\/vi\/#organization","name":"Desire","url":"https:\/\/desireonline.shop\/vi\/","logo":{"@type":"ImageObject","inLanguage":"vi","@id":"https:\/\/desireonline.shop\/vi\/#\/schema\/logo\/image\/","url":"https:\/\/desireonline.shop\/wp-content\/uploads\/2024\/06\/Logo-Thick-Font-1.webp","contentUrl":"https:\/\/desireonline.shop\/wp-content\/uploads\/2024\/06\/Logo-Thick-Font-1.webp","width":268,"height":399,"caption":"Desire"},"image":{"@id":"https:\/\/desireonline.shop\/vi\/#\/schema\/logo\/image\/"}}]}},"_links":{"self":[{"href":"https:\/\/desireonline.shop\/vi\/wp-json\/wp\/v2\/product\/65976","targetHints":{"allow":["GET"]}}],"collection":[{"href":"https:\/\/desireonline.shop\/vi\/wp-json\/wp\/v2\/product"}],"about":[{"href":"https:\/\/desireonline.shop\/vi\/wp-json\/wp\/v2\/types\/product"}],"replies":[{"embeddable":true,"href":"https:\/\/desireonline.shop\/vi\/wp-json\/wp\/v2\/comments?post=65976"}],"version-history":[{"count":0,"href":"https:\/\/desireonline.shop\/vi\/wp-json\/wp\/v2\/product\/65976\/revisions"}],"wp:featuredmedia":[{"embeddable":true,"href":"https:\/\/desireonline.shop\/vi\/wp-json\/wp\/v2\/media\/64405"}],"wp:attachment":[{"href":"https:\/\/desireonline.shop\/vi\/wp-json\/wp\/v2\/media?parent=65976"}],"wp:term":[{"taxonomy":"product_brand","embeddable":true,"href":"https:\/\/desireonline.shop\/vi\/wp-json\/wp\/v2\/product_brand?post=65976"},{"taxonomy":"product_cat","embeddable":true,"href":"https:\/\/desireonline.shop\/vi\/wp-json\/wp\/v2\/product_cat?post=65976"},{"taxonomy":"product_tag","embeddable":true,"href":"https:\/\/desireonline.shop\/vi\/wp-json\/wp\/v2\/product_tag?post=65976"}],"curies":[{"name":"wp","href":"https:\/\/api.w.org\/{rel}","templated":true}]}}