{"id":65999,"date":"2026-02-17T11:36:21","date_gmt":"2026-02-17T11:36:21","guid":{"rendered":"https:\/\/desireonline.shop\/product\/hi-basic-may-rung-diem-g-powerful-invigorate\/"},"modified":"2026-03-10T05:48:51","modified_gmt":"2026-03-10T05:48:51","slug":"hi-basic-may-rung-diem-g-powerful-invigorate","status":"publish","type":"product","link":"https:\/\/desireonline.shop\/vi\/san-pham\/hi-basic-may-rung-diem-g-powerful-invigorate\/","title":{"rendered":"HI-BASIC M\u00e1y rung \u0111i\u1ec3m G Powerful Invigorate"},"content":{"rendered":"<p>M\u00e1y rung k\u00edch th\u00edch n\u00e0y \u0111\u01b0\u1ee3c thi\u1ebft k\u1ebf \u0111\u1ec3 gi\u00fap b\u1ea1n kh\u00e1m ph\u00e1 nh\u1eefng c\u1ea3m gi\u00e1c s\u00e2u h\u01a1n m\u1ed9t c\u00e1ch t\u1ef1 tin. Thi\u1ebft k\u1ebf cong c\u00f9ng rung \u0111\u1ed9ng m\u1ea1nh m\u1ebd k\u1ebft h\u1ee3p \u0111\u1ec3 mang l\u1ea1i k\u00edch th\u00edch t\u1eadp trung v\u00e0o \u0111i\u1ec3m G, trong khi thi\u1ebft k\u1ebf ch\u1ed1ng n\u01b0\u1edbc gi\u00fap vi\u1ec7c s\u1eed d\u1ee5ng tr\u1edf n\u00ean d\u1ec5 d\u00e0ng v\u00e0 tho\u1ea3i m\u00e1i. Ph\u00f9 h\u1ee3p cho tr\u1ea3i nghi\u1ec7m c\u00e1 nh\u00e2n ho\u1eb7c nh\u1eefng kho\u1ea3nh kh\u1eafc chia s\u1ebb c\u00f9ng b\u1ea1n t\u00ecnh, s\u1ea3n ph\u1ea9m khuy\u1ebfn kh\u00edch b\u1ea1n l\u1eafng nghe c\u01a1 th\u1ec3 v\u00e0 t\u1eadn h\u01b0\u1edfng h\u00e0nh tr\u00ecnh kh\u00e1m ph\u00e1.<\/p>\n","protected":false},"excerpt":{"rendered":"<p>M\u00e1y rung k\u00edch th\u00edch n\u00e0y \u0111\u01b0\u1ee3c thi\u1ebft k\u1ebf \u0111\u1ec3 gi\u00fap b\u1ea1n kh\u00e1m ph\u00e1 nh\u1eefng c\u1ea3m gi\u00e1c s\u00e2u h\u01a1n m\u1ed9t c\u00e1ch t\u1ef1 tin. Thi\u1ebft k\u1ebf cong c\u00f9ng rung \u0111\u1ed9ng m\u1ea1nh m\u1ebd&hellip;<\/p>\n","protected":false},"featured_media":64454,"comment_status":"open","ping_status":"closed","template":"","meta":{"_acf_changed":false},"product_brand":[],"product_cat":[1436],"product_tag":[],"class_list":{"0":"post-65999","1":"product","2":"type-product","3":"status-publish","4":"has-post-thumbnail","6":"product_cat-may-rung-diem-g","8":"first","9":"instock","10":"shipping-taxable","11":"purchasable","12":"product-type-variable"},"acf":[],"yoast_head":"<!-- This site is optimized with the Yoast SEO plugin v27.1.1 - https:\/\/yoast.com\/product\/yoast-seo-wordpress\/ -->\n<title>HI-BASIC M\u00e1y rung \u0111i\u1ec3m G Powerful Invigorate - Desire<\/title>\n<meta name=\"robots\" content=\"index, follow, max-snippet:-1, max-image-preview:large, max-video-preview:-1\" \/>\n<link rel=\"canonical\" href=\"https:\/\/desireonline.shop\/vi\/san-pham\/hi-basic-may-rung-diem-g-powerful-invigorate\/\" \/>\n<meta property=\"og:locale\" content=\"vi_VN\" \/>\n<meta property=\"og:type\" content=\"article\" \/>\n<meta property=\"og:title\" content=\"HI-BASIC M\u00e1y rung \u0111i\u1ec3m G Powerful Invigorate - Desire\" \/>\n<meta property=\"og:description\" content=\"M\u00e1y rung k\u00edch th\u00edch n\u00e0y \u0111\u01b0\u1ee3c thi\u1ebft k\u1ebf \u0111\u1ec3 gi\u00fap b\u1ea1n kh\u00e1m ph\u00e1 nh\u1eefng c\u1ea3m gi\u00e1c s\u00e2u h\u01a1n m\u1ed9t c\u00e1ch t\u1ef1 tin. Thi\u1ebft k\u1ebf cong c\u00f9ng rung \u0111\u1ed9ng m\u1ea1nh m\u1ebd&hellip;\" \/>\n<meta property=\"og:url\" content=\"https:\/\/desireonline.shop\/vi\/san-pham\/hi-basic-may-rung-diem-g-powerful-invigorate\/\" \/>\n<meta property=\"og:site_name\" content=\"Desire\" \/>\n<meta property=\"article:modified_time\" content=\"2026-03-10T05:48:51+00:00\" \/>\n<meta property=\"og:image\" content=\"https:\/\/desireonline.shop\/wp-content\/uploads\/2026\/02\/CN-410754386_00-1.jpg\" \/>\n\t<meta property=\"og:image:width\" content=\"1000\" \/>\n\t<meta property=\"og:image:height\" content=\"1000\" \/>\n\t<meta property=\"og:image:type\" content=\"image\/jpeg\" \/>\n<meta name=\"twitter:card\" content=\"summary_large_image\" \/>\n<meta name=\"twitter:label1\" content=\"\u01af\u1edbc t\u00ednh th\u1eddi gian \u0111\u1ecdc\" \/>\n\t<meta name=\"twitter:data1\" content=\"1 ph\u00fat\" \/>\n<script type=\"application\/ld+json\" class=\"yoast-schema-graph\">{\"@context\":\"https:\/\/schema.org\",\"@graph\":[{\"@type\":\"WebPage\",\"@id\":\"https:\/\/desireonline.shop\/vi\/san-pham\/hi-basic-may-rung-diem-g-powerful-invigorate\/\",\"url\":\"https:\/\/desireonline.shop\/vi\/san-pham\/hi-basic-may-rung-diem-g-powerful-invigorate\/\",\"name\":\"HI-BASIC M\u00e1y rung \u0111i\u1ec3m G Powerful Invigorate - Desire\",\"isPartOf\":{\"@id\":\"https:\/\/desireonline.shop\/vi\/#website\"},\"primaryImageOfPage\":{\"@id\":\"https:\/\/desireonline.shop\/vi\/san-pham\/hi-basic-may-rung-diem-g-powerful-invigorate\/#primaryimage\"},\"image\":{\"@id\":\"https:\/\/desireonline.shop\/vi\/san-pham\/hi-basic-may-rung-diem-g-powerful-invigorate\/#primaryimage\"},\"thumbnailUrl\":\"https:\/\/desireonline.shop\/wp-content\/uploads\/2026\/02\/CN-410754386_00-1.jpg\",\"datePublished\":\"2026-02-17T11:36:21+00:00\",\"dateModified\":\"2026-03-10T05:48:51+00:00\",\"breadcrumb\":{\"@id\":\"https:\/\/desireonline.shop\/vi\/san-pham\/hi-basic-may-rung-diem-g-powerful-invigorate\/#breadcrumb\"},\"inLanguage\":\"vi\",\"potentialAction\":[{\"@type\":\"ReadAction\",\"target\":[\"https:\/\/desireonline.shop\/vi\/san-pham\/hi-basic-may-rung-diem-g-powerful-invigorate\/\"]}]},{\"@type\":\"ImageObject\",\"inLanguage\":\"vi\",\"@id\":\"https:\/\/desireonline.shop\/vi\/san-pham\/hi-basic-may-rung-diem-g-powerful-invigorate\/#primaryimage\",\"url\":\"https:\/\/desireonline.shop\/wp-content\/uploads\/2026\/02\/CN-410754386_00-1.jpg\",\"contentUrl\":\"https:\/\/desireonline.shop\/wp-content\/uploads\/2026\/02\/CN-410754386_00-1.jpg\",\"width\":1000,\"height\":1000},{\"@type\":\"BreadcrumbList\",\"@id\":\"https:\/\/desireonline.shop\/vi\/san-pham\/hi-basic-may-rung-diem-g-powerful-invigorate\/#breadcrumb\",\"itemListElement\":[{\"@type\":\"ListItem\",\"position\":1,\"name\":\"Home\",\"item\":\"https:\/\/desireonline.shop\/vi\/trang-chu\/?lang=vi\"},{\"@type\":\"ListItem\",\"position\":2,\"name\":\"T\u1ea5t c\u1ea3 s\u1ea3n ph\u1ea9m\",\"item\":\"https:\/\/desireonline.shop\/cua-hang\/?lang=vi\"},{\"@type\":\"ListItem\",\"position\":3,\"name\":\"HI-BASIC M\u00e1y rung \u0111i\u1ec3m G Powerful Invigorate\"}]},{\"@type\":\"WebSite\",\"@id\":\"https:\/\/desireonline.shop\/vi\/#website\",\"url\":\"https:\/\/desireonline.shop\/vi\/\",\"name\":\"Desire\",\"description\":\"Sexual Wellness Platform\",\"publisher\":{\"@id\":\"https:\/\/desireonline.shop\/vi\/#organization\"},\"potentialAction\":[{\"@type\":\"SearchAction\",\"target\":{\"@type\":\"EntryPoint\",\"urlTemplate\":\"https:\/\/desireonline.shop\/vi\/?s={search_term_string}\"},\"query-input\":{\"@type\":\"PropertyValueSpecification\",\"valueRequired\":true,\"valueName\":\"search_term_string\"}}],\"inLanguage\":\"vi\"},{\"@type\":\"Organization\",\"@id\":\"https:\/\/desireonline.shop\/vi\/#organization\",\"name\":\"Desire\",\"url\":\"https:\/\/desireonline.shop\/vi\/\",\"logo\":{\"@type\":\"ImageObject\",\"inLanguage\":\"vi\",\"@id\":\"https:\/\/desireonline.shop\/vi\/#\/schema\/logo\/image\/\",\"url\":\"https:\/\/desireonline.shop\/wp-content\/uploads\/2024\/06\/Logo-Thick-Font-1.webp\",\"contentUrl\":\"https:\/\/desireonline.shop\/wp-content\/uploads\/2024\/06\/Logo-Thick-Font-1.webp\",\"width\":268,\"height\":399,\"caption\":\"Desire\"},\"image\":{\"@id\":\"https:\/\/desireonline.shop\/vi\/#\/schema\/logo\/image\/\"}}]}<\/script>\n<!-- \/ Yoast SEO plugin. -->","yoast_head_json":{"title":"HI-BASIC M\u00e1y rung \u0111i\u1ec3m G Powerful Invigorate - Desire","robots":{"index":"index","follow":"follow","max-snippet":"max-snippet:-1","max-image-preview":"max-image-preview:large","max-video-preview":"max-video-preview:-1"},"canonical":"https:\/\/desireonline.shop\/vi\/san-pham\/hi-basic-may-rung-diem-g-powerful-invigorate\/","og_locale":"vi_VN","og_type":"article","og_title":"HI-BASIC M\u00e1y rung \u0111i\u1ec3m G Powerful Invigorate - Desire","og_description":"M\u00e1y rung k\u00edch th\u00edch n\u00e0y \u0111\u01b0\u1ee3c thi\u1ebft k\u1ebf \u0111\u1ec3 gi\u00fap b\u1ea1n kh\u00e1m ph\u00e1 nh\u1eefng c\u1ea3m gi\u00e1c s\u00e2u h\u01a1n m\u1ed9t c\u00e1ch t\u1ef1 tin. Thi\u1ebft k\u1ebf cong c\u00f9ng rung \u0111\u1ed9ng m\u1ea1nh m\u1ebd&hellip;","og_url":"https:\/\/desireonline.shop\/vi\/san-pham\/hi-basic-may-rung-diem-g-powerful-invigorate\/","og_site_name":"Desire","article_modified_time":"2026-03-10T05:48:51+00:00","og_image":[{"width":1000,"height":1000,"url":"https:\/\/desireonline.shop\/wp-content\/uploads\/2026\/02\/CN-410754386_00-1.jpg","type":"image\/jpeg"}],"twitter_card":"summary_large_image","twitter_misc":{"\u01af\u1edbc t\u00ednh th\u1eddi gian \u0111\u1ecdc":"1 ph\u00fat"},"schema":{"@context":"https:\/\/schema.org","@graph":[{"@type":"WebPage","@id":"https:\/\/desireonline.shop\/vi\/san-pham\/hi-basic-may-rung-diem-g-powerful-invigorate\/","url":"https:\/\/desireonline.shop\/vi\/san-pham\/hi-basic-may-rung-diem-g-powerful-invigorate\/","name":"HI-BASIC M\u00e1y rung \u0111i\u1ec3m G Powerful Invigorate - Desire","isPartOf":{"@id":"https:\/\/desireonline.shop\/vi\/#website"},"primaryImageOfPage":{"@id":"https:\/\/desireonline.shop\/vi\/san-pham\/hi-basic-may-rung-diem-g-powerful-invigorate\/#primaryimage"},"image":{"@id":"https:\/\/desireonline.shop\/vi\/san-pham\/hi-basic-may-rung-diem-g-powerful-invigorate\/#primaryimage"},"thumbnailUrl":"https:\/\/desireonline.shop\/wp-content\/uploads\/2026\/02\/CN-410754386_00-1.jpg","datePublished":"2026-02-17T11:36:21+00:00","dateModified":"2026-03-10T05:48:51+00:00","breadcrumb":{"@id":"https:\/\/desireonline.shop\/vi\/san-pham\/hi-basic-may-rung-diem-g-powerful-invigorate\/#breadcrumb"},"inLanguage":"vi","potentialAction":[{"@type":"ReadAction","target":["https:\/\/desireonline.shop\/vi\/san-pham\/hi-basic-may-rung-diem-g-powerful-invigorate\/"]}]},{"@type":"ImageObject","inLanguage":"vi","@id":"https:\/\/desireonline.shop\/vi\/san-pham\/hi-basic-may-rung-diem-g-powerful-invigorate\/#primaryimage","url":"https:\/\/desireonline.shop\/wp-content\/uploads\/2026\/02\/CN-410754386_00-1.jpg","contentUrl":"https:\/\/desireonline.shop\/wp-content\/uploads\/2026\/02\/CN-410754386_00-1.jpg","width":1000,"height":1000},{"@type":"BreadcrumbList","@id":"https:\/\/desireonline.shop\/vi\/san-pham\/hi-basic-may-rung-diem-g-powerful-invigorate\/#breadcrumb","itemListElement":[{"@type":"ListItem","position":1,"name":"Home","item":"https:\/\/desireonline.shop\/vi\/trang-chu\/?lang=vi"},{"@type":"ListItem","position":2,"name":"T\u1ea5t c\u1ea3 s\u1ea3n ph\u1ea9m","item":"https:\/\/desireonline.shop\/cua-hang\/?lang=vi"},{"@type":"ListItem","position":3,"name":"HI-BASIC M\u00e1y rung \u0111i\u1ec3m G Powerful Invigorate"}]},{"@type":"WebSite","@id":"https:\/\/desireonline.shop\/vi\/#website","url":"https:\/\/desireonline.shop\/vi\/","name":"Desire","description":"Sexual Wellness Platform","publisher":{"@id":"https:\/\/desireonline.shop\/vi\/#organization"},"potentialAction":[{"@type":"SearchAction","target":{"@type":"EntryPoint","urlTemplate":"https:\/\/desireonline.shop\/vi\/?s={search_term_string}"},"query-input":{"@type":"PropertyValueSpecification","valueRequired":true,"valueName":"search_term_string"}}],"inLanguage":"vi"},{"@type":"Organization","@id":"https:\/\/desireonline.shop\/vi\/#organization","name":"Desire","url":"https:\/\/desireonline.shop\/vi\/","logo":{"@type":"ImageObject","inLanguage":"vi","@id":"https:\/\/desireonline.shop\/vi\/#\/schema\/logo\/image\/","url":"https:\/\/desireonline.shop\/wp-content\/uploads\/2024\/06\/Logo-Thick-Font-1.webp","contentUrl":"https:\/\/desireonline.shop\/wp-content\/uploads\/2024\/06\/Logo-Thick-Font-1.webp","width":268,"height":399,"caption":"Desire"},"image":{"@id":"https:\/\/desireonline.shop\/vi\/#\/schema\/logo\/image\/"}}]}},"_links":{"self":[{"href":"https:\/\/desireonline.shop\/vi\/wp-json\/wp\/v2\/product\/65999","targetHints":{"allow":["GET"]}}],"collection":[{"href":"https:\/\/desireonline.shop\/vi\/wp-json\/wp\/v2\/product"}],"about":[{"href":"https:\/\/desireonline.shop\/vi\/wp-json\/wp\/v2\/types\/product"}],"replies":[{"embeddable":true,"href":"https:\/\/desireonline.shop\/vi\/wp-json\/wp\/v2\/comments?post=65999"}],"version-history":[{"count":0,"href":"https:\/\/desireonline.shop\/vi\/wp-json\/wp\/v2\/product\/65999\/revisions"}],"wp:featuredmedia":[{"embeddable":true,"href":"https:\/\/desireonline.shop\/vi\/wp-json\/wp\/v2\/media\/64454"}],"wp:attachment":[{"href":"https:\/\/desireonline.shop\/vi\/wp-json\/wp\/v2\/media?parent=65999"}],"wp:term":[{"taxonomy":"product_brand","embeddable":true,"href":"https:\/\/desireonline.shop\/vi\/wp-json\/wp\/v2\/product_brand?post=65999"},{"taxonomy":"product_cat","embeddable":true,"href":"https:\/\/desireonline.shop\/vi\/wp-json\/wp\/v2\/product_cat?post=65999"},{"taxonomy":"product_tag","embeddable":true,"href":"https:\/\/desireonline.shop\/vi\/wp-json\/wp\/v2\/product_tag?post=65999"}],"curies":[{"name":"wp","href":"https:\/\/api.w.org\/{rel}","templated":true}]}}