{"id":66025,"date":"2026-02-17T11:37:46","date_gmt":"2026-02-17T11:37:46","guid":{"rendered":"https:\/\/desireonline.shop\/product\/super-me-bao-don-duong-vat-mighty-sleeve-kem-vong-tinh-hoan\/"},"modified":"2026-03-10T05:47:25","modified_gmt":"2026-03-10T05:47:25","slug":"super-me-bao-don-duong-vat-mighty-sleeve-kem-vong-tinh-hoan","status":"publish","type":"product","link":"https:\/\/desireonline.shop\/vi\/san-pham\/super-me-bao-don-duong-vat-mighty-sleeve-kem-vong-tinh-hoan\/","title":{"rendered":"SUPER ME Bao \u0111\u00f4n d\u01b0\u01a1ng v\u1eadt Mighty Sleeve k\u00e8m v\u00f2ng tinh ho\u00e0n"},"content":{"rendered":"<p>\u0110\u01b0\u1ee3c thi\u1ebft k\u1ebf \u0111\u1ec3 mang l\u1ea1i s\u1ef1 t\u1ef1 tin v\u00e0 kh\u1ea3 n\u0103ng ki\u1ec3m so\u00e1t t\u1ed1t h\u01a1n, bao \u0111\u00f4n d\u01b0\u01a1ng v\u1eadt c\u00f3 k\u1ebft c\u1ea5u n\u00e0y \u0111i k\u00e8m v\u00f2ng gi\u1eef tinh ho\u00e0n gi\u00fap gi\u1eef s\u1ea3n ph\u1ea9m c\u1ed1 \u0111\u1ecbnh v\u00e0 tho\u1ea3i m\u00e1i khi s\u1eed d\u1ee5ng. Ch\u1ea5t li\u1ec7u m\u1ec1m m\u1ea1i, co gi\u00e3n c\u00f9ng b\u1ec1 m\u1eb7t k\u00edch th\u00edch gi\u00fap t\u0103ng c\u1ea3m gi\u00e1c v\u00e0 t\u1ea1o tr\u1ea3i nghi\u1ec7m th\u00fa v\u1ecb h\u01a1n, khi\u1ebfn s\u1ea3n ph\u1ea9m tr\u1edf th\u00e0nh l\u1ef1a ch\u1ecdn h\u1ea5p d\u1eabn cho nh\u1eefng ai mu\u1ed1n kh\u00e1m ph\u00e1 c\u1ea3m gi\u00e1c m\u1edbi m\u1ebb v\u00e0 m\u1ea1nh m\u1ebd h\u01a1n.<\/p>\n","protected":false},"excerpt":{"rendered":"<p>\u0110\u01b0\u1ee3c thi\u1ebft k\u1ebf \u0111\u1ec3 mang l\u1ea1i s\u1ef1 t\u1ef1 tin v\u00e0 kh\u1ea3 n\u0103ng ki\u1ec3m so\u00e1t t\u1ed1t h\u01a1n, bao \u0111\u00f4n d\u01b0\u01a1ng v\u1eadt c\u00f3 k\u1ebft c\u1ea5u n\u00e0y \u0111i k\u00e8m v\u00f2ng gi\u1eef tinh ho\u00e0n&hellip;<\/p>\n","protected":false},"featured_media":64511,"comment_status":"open","ping_status":"closed","template":"","meta":{"_acf_changed":false},"product_brand":[],"product_cat":[1405],"product_tag":[],"class_list":{"0":"post-66025","1":"product","2":"type-product","3":"status-publish","4":"has-post-thumbnail","6":"product_cat-bao-ong-ho-tro","8":"first","9":"instock","10":"shipping-taxable","11":"purchasable","12":"product-type-variable"},"acf":[],"yoast_head":"<!-- This site is optimized with the Yoast SEO plugin v27.1.1 - https:\/\/yoast.com\/product\/yoast-seo-wordpress\/ -->\n<title>SUPER ME Bao \u0111\u00f4n d\u01b0\u01a1ng v\u1eadt Mighty Sleeve k\u00e8m v\u00f2ng tinh ho\u00e0n - Desire<\/title>\n<meta name=\"robots\" content=\"index, follow, max-snippet:-1, max-image-preview:large, max-video-preview:-1\" \/>\n<link rel=\"canonical\" href=\"https:\/\/desireonline.shop\/vi\/san-pham\/super-me-bao-don-duong-vat-mighty-sleeve-kem-vong-tinh-hoan\/\" \/>\n<meta property=\"og:locale\" content=\"vi_VN\" \/>\n<meta property=\"og:type\" content=\"article\" \/>\n<meta property=\"og:title\" content=\"SUPER ME Bao \u0111\u00f4n d\u01b0\u01a1ng v\u1eadt Mighty Sleeve k\u00e8m v\u00f2ng tinh ho\u00e0n - Desire\" \/>\n<meta property=\"og:description\" content=\"\u0110\u01b0\u1ee3c thi\u1ebft k\u1ebf \u0111\u1ec3 mang l\u1ea1i s\u1ef1 t\u1ef1 tin v\u00e0 kh\u1ea3 n\u0103ng ki\u1ec3m so\u00e1t t\u1ed1t h\u01a1n, bao \u0111\u00f4n d\u01b0\u01a1ng v\u1eadt c\u00f3 k\u1ebft c\u1ea5u n\u00e0y \u0111i k\u00e8m v\u00f2ng gi\u1eef tinh ho\u00e0n&hellip;\" \/>\n<meta property=\"og:url\" content=\"https:\/\/desireonline.shop\/vi\/san-pham\/super-me-bao-don-duong-vat-mighty-sleeve-kem-vong-tinh-hoan\/\" \/>\n<meta property=\"og:site_name\" content=\"Desire\" \/>\n<meta property=\"article:modified_time\" content=\"2026-03-10T05:47:25+00:00\" \/>\n<meta property=\"og:image\" content=\"https:\/\/desireonline.shop\/wp-content\/uploads\/2026\/02\/CN-371687525_00-1.jpg\" \/>\n\t<meta property=\"og:image:width\" content=\"1000\" \/>\n\t<meta property=\"og:image:height\" content=\"1000\" \/>\n\t<meta property=\"og:image:type\" content=\"image\/jpeg\" \/>\n<meta name=\"twitter:card\" content=\"summary_large_image\" \/>\n<meta name=\"twitter:label1\" content=\"\u01af\u1edbc t\u00ednh th\u1eddi gian \u0111\u1ecdc\" \/>\n\t<meta name=\"twitter:data1\" content=\"1 ph\u00fat\" \/>\n<script type=\"application\/ld+json\" class=\"yoast-schema-graph\">{\"@context\":\"https:\/\/schema.org\",\"@graph\":[{\"@type\":\"WebPage\",\"@id\":\"https:\/\/desireonline.shop\/vi\/san-pham\/super-me-bao-don-duong-vat-mighty-sleeve-kem-vong-tinh-hoan\/\",\"url\":\"https:\/\/desireonline.shop\/vi\/san-pham\/super-me-bao-don-duong-vat-mighty-sleeve-kem-vong-tinh-hoan\/\",\"name\":\"SUPER ME Bao \u0111\u00f4n d\u01b0\u01a1ng v\u1eadt Mighty Sleeve k\u00e8m v\u00f2ng tinh ho\u00e0n - Desire\",\"isPartOf\":{\"@id\":\"https:\/\/desireonline.shop\/vi\/#website\"},\"primaryImageOfPage\":{\"@id\":\"https:\/\/desireonline.shop\/vi\/san-pham\/super-me-bao-don-duong-vat-mighty-sleeve-kem-vong-tinh-hoan\/#primaryimage\"},\"image\":{\"@id\":\"https:\/\/desireonline.shop\/vi\/san-pham\/super-me-bao-don-duong-vat-mighty-sleeve-kem-vong-tinh-hoan\/#primaryimage\"},\"thumbnailUrl\":\"https:\/\/desireonline.shop\/wp-content\/uploads\/2026\/02\/CN-371687525_00-1.jpg\",\"datePublished\":\"2026-02-17T11:37:46+00:00\",\"dateModified\":\"2026-03-10T05:47:25+00:00\",\"breadcrumb\":{\"@id\":\"https:\/\/desireonline.shop\/vi\/san-pham\/super-me-bao-don-duong-vat-mighty-sleeve-kem-vong-tinh-hoan\/#breadcrumb\"},\"inLanguage\":\"vi\",\"potentialAction\":[{\"@type\":\"ReadAction\",\"target\":[\"https:\/\/desireonline.shop\/vi\/san-pham\/super-me-bao-don-duong-vat-mighty-sleeve-kem-vong-tinh-hoan\/\"]}]},{\"@type\":\"ImageObject\",\"inLanguage\":\"vi\",\"@id\":\"https:\/\/desireonline.shop\/vi\/san-pham\/super-me-bao-don-duong-vat-mighty-sleeve-kem-vong-tinh-hoan\/#primaryimage\",\"url\":\"https:\/\/desireonline.shop\/wp-content\/uploads\/2026\/02\/CN-371687525_00-1.jpg\",\"contentUrl\":\"https:\/\/desireonline.shop\/wp-content\/uploads\/2026\/02\/CN-371687525_00-1.jpg\",\"width\":1000,\"height\":1000},{\"@type\":\"BreadcrumbList\",\"@id\":\"https:\/\/desireonline.shop\/vi\/san-pham\/super-me-bao-don-duong-vat-mighty-sleeve-kem-vong-tinh-hoan\/#breadcrumb\",\"itemListElement\":[{\"@type\":\"ListItem\",\"position\":1,\"name\":\"Home\",\"item\":\"https:\/\/desireonline.shop\/vi\/trang-chu\/?lang=vi\"},{\"@type\":\"ListItem\",\"position\":2,\"name\":\"T\u1ea5t c\u1ea3 s\u1ea3n ph\u1ea9m\",\"item\":\"https:\/\/desireonline.shop\/cua-hang\/?lang=vi\"},{\"@type\":\"ListItem\",\"position\":3,\"name\":\"SUPER ME Bao \u0111\u00f4n d\u01b0\u01a1ng v\u1eadt Mighty Sleeve k\u00e8m v\u00f2ng tinh ho\u00e0n\"}]},{\"@type\":\"WebSite\",\"@id\":\"https:\/\/desireonline.shop\/vi\/#website\",\"url\":\"https:\/\/desireonline.shop\/vi\/\",\"name\":\"Desire\",\"description\":\"Sexual Wellness Platform\",\"publisher\":{\"@id\":\"https:\/\/desireonline.shop\/vi\/#organization\"},\"potentialAction\":[{\"@type\":\"SearchAction\",\"target\":{\"@type\":\"EntryPoint\",\"urlTemplate\":\"https:\/\/desireonline.shop\/vi\/?s={search_term_string}\"},\"query-input\":{\"@type\":\"PropertyValueSpecification\",\"valueRequired\":true,\"valueName\":\"search_term_string\"}}],\"inLanguage\":\"vi\"},{\"@type\":\"Organization\",\"@id\":\"https:\/\/desireonline.shop\/vi\/#organization\",\"name\":\"Desire\",\"url\":\"https:\/\/desireonline.shop\/vi\/\",\"logo\":{\"@type\":\"ImageObject\",\"inLanguage\":\"vi\",\"@id\":\"https:\/\/desireonline.shop\/vi\/#\/schema\/logo\/image\/\",\"url\":\"https:\/\/desireonline.shop\/wp-content\/uploads\/2024\/06\/Logo-Thick-Font-1.webp\",\"contentUrl\":\"https:\/\/desireonline.shop\/wp-content\/uploads\/2024\/06\/Logo-Thick-Font-1.webp\",\"width\":268,\"height\":399,\"caption\":\"Desire\"},\"image\":{\"@id\":\"https:\/\/desireonline.shop\/vi\/#\/schema\/logo\/image\/\"}}]}<\/script>\n<!-- \/ Yoast SEO plugin. -->","yoast_head_json":{"title":"SUPER ME Bao \u0111\u00f4n d\u01b0\u01a1ng v\u1eadt Mighty Sleeve k\u00e8m v\u00f2ng tinh ho\u00e0n - Desire","robots":{"index":"index","follow":"follow","max-snippet":"max-snippet:-1","max-image-preview":"max-image-preview:large","max-video-preview":"max-video-preview:-1"},"canonical":"https:\/\/desireonline.shop\/vi\/san-pham\/super-me-bao-don-duong-vat-mighty-sleeve-kem-vong-tinh-hoan\/","og_locale":"vi_VN","og_type":"article","og_title":"SUPER ME Bao \u0111\u00f4n d\u01b0\u01a1ng v\u1eadt Mighty Sleeve k\u00e8m v\u00f2ng tinh ho\u00e0n - Desire","og_description":"\u0110\u01b0\u1ee3c thi\u1ebft k\u1ebf \u0111\u1ec3 mang l\u1ea1i s\u1ef1 t\u1ef1 tin v\u00e0 kh\u1ea3 n\u0103ng ki\u1ec3m so\u00e1t t\u1ed1t h\u01a1n, bao \u0111\u00f4n d\u01b0\u01a1ng v\u1eadt c\u00f3 k\u1ebft c\u1ea5u n\u00e0y \u0111i k\u00e8m v\u00f2ng gi\u1eef tinh ho\u00e0n&hellip;","og_url":"https:\/\/desireonline.shop\/vi\/san-pham\/super-me-bao-don-duong-vat-mighty-sleeve-kem-vong-tinh-hoan\/","og_site_name":"Desire","article_modified_time":"2026-03-10T05:47:25+00:00","og_image":[{"width":1000,"height":1000,"url":"https:\/\/desireonline.shop\/wp-content\/uploads\/2026\/02\/CN-371687525_00-1.jpg","type":"image\/jpeg"}],"twitter_card":"summary_large_image","twitter_misc":{"\u01af\u1edbc t\u00ednh th\u1eddi gian \u0111\u1ecdc":"1 ph\u00fat"},"schema":{"@context":"https:\/\/schema.org","@graph":[{"@type":"WebPage","@id":"https:\/\/desireonline.shop\/vi\/san-pham\/super-me-bao-don-duong-vat-mighty-sleeve-kem-vong-tinh-hoan\/","url":"https:\/\/desireonline.shop\/vi\/san-pham\/super-me-bao-don-duong-vat-mighty-sleeve-kem-vong-tinh-hoan\/","name":"SUPER ME Bao \u0111\u00f4n d\u01b0\u01a1ng v\u1eadt Mighty Sleeve k\u00e8m v\u00f2ng tinh ho\u00e0n - Desire","isPartOf":{"@id":"https:\/\/desireonline.shop\/vi\/#website"},"primaryImageOfPage":{"@id":"https:\/\/desireonline.shop\/vi\/san-pham\/super-me-bao-don-duong-vat-mighty-sleeve-kem-vong-tinh-hoan\/#primaryimage"},"image":{"@id":"https:\/\/desireonline.shop\/vi\/san-pham\/super-me-bao-don-duong-vat-mighty-sleeve-kem-vong-tinh-hoan\/#primaryimage"},"thumbnailUrl":"https:\/\/desireonline.shop\/wp-content\/uploads\/2026\/02\/CN-371687525_00-1.jpg","datePublished":"2026-02-17T11:37:46+00:00","dateModified":"2026-03-10T05:47:25+00:00","breadcrumb":{"@id":"https:\/\/desireonline.shop\/vi\/san-pham\/super-me-bao-don-duong-vat-mighty-sleeve-kem-vong-tinh-hoan\/#breadcrumb"},"inLanguage":"vi","potentialAction":[{"@type":"ReadAction","target":["https:\/\/desireonline.shop\/vi\/san-pham\/super-me-bao-don-duong-vat-mighty-sleeve-kem-vong-tinh-hoan\/"]}]},{"@type":"ImageObject","inLanguage":"vi","@id":"https:\/\/desireonline.shop\/vi\/san-pham\/super-me-bao-don-duong-vat-mighty-sleeve-kem-vong-tinh-hoan\/#primaryimage","url":"https:\/\/desireonline.shop\/wp-content\/uploads\/2026\/02\/CN-371687525_00-1.jpg","contentUrl":"https:\/\/desireonline.shop\/wp-content\/uploads\/2026\/02\/CN-371687525_00-1.jpg","width":1000,"height":1000},{"@type":"BreadcrumbList","@id":"https:\/\/desireonline.shop\/vi\/san-pham\/super-me-bao-don-duong-vat-mighty-sleeve-kem-vong-tinh-hoan\/#breadcrumb","itemListElement":[{"@type":"ListItem","position":1,"name":"Home","item":"https:\/\/desireonline.shop\/vi\/trang-chu\/?lang=vi"},{"@type":"ListItem","position":2,"name":"T\u1ea5t c\u1ea3 s\u1ea3n ph\u1ea9m","item":"https:\/\/desireonline.shop\/cua-hang\/?lang=vi"},{"@type":"ListItem","position":3,"name":"SUPER ME Bao \u0111\u00f4n d\u01b0\u01a1ng v\u1eadt Mighty Sleeve k\u00e8m v\u00f2ng tinh ho\u00e0n"}]},{"@type":"WebSite","@id":"https:\/\/desireonline.shop\/vi\/#website","url":"https:\/\/desireonline.shop\/vi\/","name":"Desire","description":"Sexual Wellness Platform","publisher":{"@id":"https:\/\/desireonline.shop\/vi\/#organization"},"potentialAction":[{"@type":"SearchAction","target":{"@type":"EntryPoint","urlTemplate":"https:\/\/desireonline.shop\/vi\/?s={search_term_string}"},"query-input":{"@type":"PropertyValueSpecification","valueRequired":true,"valueName":"search_term_string"}}],"inLanguage":"vi"},{"@type":"Organization","@id":"https:\/\/desireonline.shop\/vi\/#organization","name":"Desire","url":"https:\/\/desireonline.shop\/vi\/","logo":{"@type":"ImageObject","inLanguage":"vi","@id":"https:\/\/desireonline.shop\/vi\/#\/schema\/logo\/image\/","url":"https:\/\/desireonline.shop\/wp-content\/uploads\/2024\/06\/Logo-Thick-Font-1.webp","contentUrl":"https:\/\/desireonline.shop\/wp-content\/uploads\/2024\/06\/Logo-Thick-Font-1.webp","width":268,"height":399,"caption":"Desire"},"image":{"@id":"https:\/\/desireonline.shop\/vi\/#\/schema\/logo\/image\/"}}]}},"_links":{"self":[{"href":"https:\/\/desireonline.shop\/vi\/wp-json\/wp\/v2\/product\/66025","targetHints":{"allow":["GET"]}}],"collection":[{"href":"https:\/\/desireonline.shop\/vi\/wp-json\/wp\/v2\/product"}],"about":[{"href":"https:\/\/desireonline.shop\/vi\/wp-json\/wp\/v2\/types\/product"}],"replies":[{"embeddable":true,"href":"https:\/\/desireonline.shop\/vi\/wp-json\/wp\/v2\/comments?post=66025"}],"version-history":[{"count":0,"href":"https:\/\/desireonline.shop\/vi\/wp-json\/wp\/v2\/product\/66025\/revisions"}],"wp:featuredmedia":[{"embeddable":true,"href":"https:\/\/desireonline.shop\/vi\/wp-json\/wp\/v2\/media\/64511"}],"wp:attachment":[{"href":"https:\/\/desireonline.shop\/vi\/wp-json\/wp\/v2\/media?parent=66025"}],"wp:term":[{"taxonomy":"product_brand","embeddable":true,"href":"https:\/\/desireonline.shop\/vi\/wp-json\/wp\/v2\/product_brand?post=66025"},{"taxonomy":"product_cat","embeddable":true,"href":"https:\/\/desireonline.shop\/vi\/wp-json\/wp\/v2\/product_cat?post=66025"},{"taxonomy":"product_tag","embeddable":true,"href":"https:\/\/desireonline.shop\/vi\/wp-json\/wp\/v2\/product_tag?post=66025"}],"curies":[{"name":"wp","href":"https:\/\/api.w.org\/{rel}","templated":true}]}}