{"id":66036,"date":"2026-02-17T11:38:18","date_gmt":"2026-02-17T11:38:18","guid":{"rendered":"https:\/\/desireonline.shop\/product\/super-me-bao-don-duong-vat-swirls-sleeve\/"},"modified":"2026-03-10T05:48:08","modified_gmt":"2026-03-10T05:48:08","slug":"super-me-bao-don-duong-vat-swirls-sleeve","status":"publish","type":"product","link":"https:\/\/desireonline.shop\/vi\/san-pham\/super-me-bao-don-duong-vat-swirls-sleeve\/","title":{"rendered":"SUPER ME Bao \u0111\u00f4n d\u01b0\u01a1ng v\u1eadt Swirls Sleeve"},"content":{"rendered":"<p>V\u1edbi thi\u1ebft k\u1ebf b\u1ec1 m\u1eb7t xo\u00e1y c\u00f9ng ch\u1ea5t li\u1ec7u m\u1ec1m m\u1ea1i, co gi\u00e3n, bao \u0111\u00f4n d\u01b0\u01a1ng v\u1eadt n\u00e0y mang \u0111\u1ebfn c\u1ea3m gi\u00e1c k\u00edch th\u00edch \u0111a d\u1ea1ng v\u00e0 th\u00fa v\u1ecb. D\u1ec5 s\u1eed d\u1ee5ng v\u00e0 tho\u1ea3i m\u00e1i khi \u0111eo, s\u1ea3n ph\u1ea9m t\u1ea1o th\u00eam \u0111i\u1ec3m nh\u1ea5n m\u1edbi m\u1ebb cho nh\u1eefng kho\u1ea3nh kh\u1eafc tr\u1ea3i nghi\u1ec7m c\u00e1 nh\u00e2n ho\u1eb7c c\u00f9ng b\u1ea1n t\u00ecnh. M\u1ed9t l\u1ef1a ch\u1ecdn th\u00fa v\u1ecb cho nh\u1eefng ai mu\u1ed1n kh\u00e1m ph\u00e1 s\u1ef1 m\u1edbi m\u1ebb trong khi v\u1eabn gi\u1eef m\u1ecdi th\u1ee9 nh\u1eb9 nh\u00e0ng v\u00e0 d\u1ec5 t\u1eadn h\u01b0\u1edfng.<\/p>\n","protected":false},"excerpt":{"rendered":"<p>V\u1edbi thi\u1ebft k\u1ebf b\u1ec1 m\u1eb7t xo\u00e1y c\u00f9ng ch\u1ea5t li\u1ec7u m\u1ec1m m\u1ea1i, co gi\u00e3n, bao \u0111\u00f4n d\u01b0\u01a1ng v\u1eadt n\u00e0y mang \u0111\u1ebfn c\u1ea3m gi\u00e1c k\u00edch th\u00edch \u0111a d\u1ea1ng v\u00e0 th\u00fa v\u1ecb. D\u1ec5&hellip;<\/p>\n","protected":false},"featured_media":64531,"comment_status":"open","ping_status":"closed","template":"","meta":{"_acf_changed":false},"product_brand":[],"product_cat":[1405],"product_tag":[],"class_list":{"0":"post-66036","1":"product","2":"type-product","3":"status-publish","4":"has-post-thumbnail","6":"product_cat-bao-ong-ho-tro","8":"first","9":"instock","10":"shipping-taxable","11":"purchasable","12":"product-type-variable"},"acf":[],"yoast_head":"<!-- This site is optimized with the Yoast SEO plugin v27.1.1 - https:\/\/yoast.com\/product\/yoast-seo-wordpress\/ -->\n<title>SUPER ME Bao \u0111\u00f4n d\u01b0\u01a1ng v\u1eadt Swirls Sleeve - Desire<\/title>\n<meta name=\"robots\" content=\"index, follow, max-snippet:-1, max-image-preview:large, max-video-preview:-1\" \/>\n<link rel=\"canonical\" href=\"https:\/\/desireonline.shop\/vi\/san-pham\/super-me-bao-don-duong-vat-swirls-sleeve\/\" \/>\n<meta property=\"og:locale\" content=\"vi_VN\" \/>\n<meta property=\"og:type\" content=\"article\" \/>\n<meta property=\"og:title\" content=\"SUPER ME Bao \u0111\u00f4n d\u01b0\u01a1ng v\u1eadt Swirls Sleeve - Desire\" \/>\n<meta property=\"og:description\" content=\"V\u1edbi thi\u1ebft k\u1ebf b\u1ec1 m\u1eb7t xo\u00e1y c\u00f9ng ch\u1ea5t li\u1ec7u m\u1ec1m m\u1ea1i, co gi\u00e3n, bao \u0111\u00f4n d\u01b0\u01a1ng v\u1eadt n\u00e0y mang \u0111\u1ebfn c\u1ea3m gi\u00e1c k\u00edch th\u00edch \u0111a d\u1ea1ng v\u00e0 th\u00fa v\u1ecb. D\u1ec5&hellip;\" \/>\n<meta property=\"og:url\" content=\"https:\/\/desireonline.shop\/vi\/san-pham\/super-me-bao-don-duong-vat-swirls-sleeve\/\" \/>\n<meta property=\"og:site_name\" content=\"Desire\" \/>\n<meta property=\"article:modified_time\" content=\"2026-03-10T05:48:08+00:00\" \/>\n<meta property=\"og:image\" content=\"https:\/\/desireonline.shop\/wp-content\/uploads\/2026\/02\/CN-371648785_00-1.jpg\" \/>\n\t<meta property=\"og:image:width\" content=\"1000\" \/>\n\t<meta property=\"og:image:height\" content=\"1000\" \/>\n\t<meta property=\"og:image:type\" content=\"image\/jpeg\" \/>\n<meta name=\"twitter:card\" content=\"summary_large_image\" \/>\n<meta name=\"twitter:label1\" content=\"\u01af\u1edbc t\u00ednh th\u1eddi gian \u0111\u1ecdc\" \/>\n\t<meta name=\"twitter:data1\" content=\"1 ph\u00fat\" \/>\n<script type=\"application\/ld+json\" class=\"yoast-schema-graph\">{\"@context\":\"https:\/\/schema.org\",\"@graph\":[{\"@type\":\"WebPage\",\"@id\":\"https:\/\/desireonline.shop\/vi\/san-pham\/super-me-bao-don-duong-vat-swirls-sleeve\/\",\"url\":\"https:\/\/desireonline.shop\/vi\/san-pham\/super-me-bao-don-duong-vat-swirls-sleeve\/\",\"name\":\"SUPER ME Bao \u0111\u00f4n d\u01b0\u01a1ng v\u1eadt Swirls Sleeve - Desire\",\"isPartOf\":{\"@id\":\"https:\/\/desireonline.shop\/vi\/#website\"},\"primaryImageOfPage\":{\"@id\":\"https:\/\/desireonline.shop\/vi\/san-pham\/super-me-bao-don-duong-vat-swirls-sleeve\/#primaryimage\"},\"image\":{\"@id\":\"https:\/\/desireonline.shop\/vi\/san-pham\/super-me-bao-don-duong-vat-swirls-sleeve\/#primaryimage\"},\"thumbnailUrl\":\"https:\/\/desireonline.shop\/wp-content\/uploads\/2026\/02\/CN-371648785_00-1.jpg\",\"datePublished\":\"2026-02-17T11:38:18+00:00\",\"dateModified\":\"2026-03-10T05:48:08+00:00\",\"breadcrumb\":{\"@id\":\"https:\/\/desireonline.shop\/vi\/san-pham\/super-me-bao-don-duong-vat-swirls-sleeve\/#breadcrumb\"},\"inLanguage\":\"vi\",\"potentialAction\":[{\"@type\":\"ReadAction\",\"target\":[\"https:\/\/desireonline.shop\/vi\/san-pham\/super-me-bao-don-duong-vat-swirls-sleeve\/\"]}]},{\"@type\":\"ImageObject\",\"inLanguage\":\"vi\",\"@id\":\"https:\/\/desireonline.shop\/vi\/san-pham\/super-me-bao-don-duong-vat-swirls-sleeve\/#primaryimage\",\"url\":\"https:\/\/desireonline.shop\/wp-content\/uploads\/2026\/02\/CN-371648785_00-1.jpg\",\"contentUrl\":\"https:\/\/desireonline.shop\/wp-content\/uploads\/2026\/02\/CN-371648785_00-1.jpg\",\"width\":1000,\"height\":1000},{\"@type\":\"BreadcrumbList\",\"@id\":\"https:\/\/desireonline.shop\/vi\/san-pham\/super-me-bao-don-duong-vat-swirls-sleeve\/#breadcrumb\",\"itemListElement\":[{\"@type\":\"ListItem\",\"position\":1,\"name\":\"Home\",\"item\":\"https:\/\/desireonline.shop\/vi\/trang-chu\/?lang=vi\"},{\"@type\":\"ListItem\",\"position\":2,\"name\":\"T\u1ea5t c\u1ea3 s\u1ea3n ph\u1ea9m\",\"item\":\"https:\/\/desireonline.shop\/cua-hang\/?lang=vi\"},{\"@type\":\"ListItem\",\"position\":3,\"name\":\"SUPER ME Bao \u0111\u00f4n d\u01b0\u01a1ng v\u1eadt Swirls Sleeve\"}]},{\"@type\":\"WebSite\",\"@id\":\"https:\/\/desireonline.shop\/vi\/#website\",\"url\":\"https:\/\/desireonline.shop\/vi\/\",\"name\":\"Desire\",\"description\":\"Sexual Wellness Platform\",\"publisher\":{\"@id\":\"https:\/\/desireonline.shop\/vi\/#organization\"},\"potentialAction\":[{\"@type\":\"SearchAction\",\"target\":{\"@type\":\"EntryPoint\",\"urlTemplate\":\"https:\/\/desireonline.shop\/vi\/?s={search_term_string}\"},\"query-input\":{\"@type\":\"PropertyValueSpecification\",\"valueRequired\":true,\"valueName\":\"search_term_string\"}}],\"inLanguage\":\"vi\"},{\"@type\":\"Organization\",\"@id\":\"https:\/\/desireonline.shop\/vi\/#organization\",\"name\":\"Desire\",\"url\":\"https:\/\/desireonline.shop\/vi\/\",\"logo\":{\"@type\":\"ImageObject\",\"inLanguage\":\"vi\",\"@id\":\"https:\/\/desireonline.shop\/vi\/#\/schema\/logo\/image\/\",\"url\":\"https:\/\/desireonline.shop\/wp-content\/uploads\/2024\/06\/Logo-Thick-Font-1.webp\",\"contentUrl\":\"https:\/\/desireonline.shop\/wp-content\/uploads\/2024\/06\/Logo-Thick-Font-1.webp\",\"width\":268,\"height\":399,\"caption\":\"Desire\"},\"image\":{\"@id\":\"https:\/\/desireonline.shop\/vi\/#\/schema\/logo\/image\/\"}}]}<\/script>\n<!-- \/ Yoast SEO plugin. -->","yoast_head_json":{"title":"SUPER ME Bao \u0111\u00f4n d\u01b0\u01a1ng v\u1eadt Swirls Sleeve - Desire","robots":{"index":"index","follow":"follow","max-snippet":"max-snippet:-1","max-image-preview":"max-image-preview:large","max-video-preview":"max-video-preview:-1"},"canonical":"https:\/\/desireonline.shop\/vi\/san-pham\/super-me-bao-don-duong-vat-swirls-sleeve\/","og_locale":"vi_VN","og_type":"article","og_title":"SUPER ME Bao \u0111\u00f4n d\u01b0\u01a1ng v\u1eadt Swirls Sleeve - Desire","og_description":"V\u1edbi thi\u1ebft k\u1ebf b\u1ec1 m\u1eb7t xo\u00e1y c\u00f9ng ch\u1ea5t li\u1ec7u m\u1ec1m m\u1ea1i, co gi\u00e3n, bao \u0111\u00f4n d\u01b0\u01a1ng v\u1eadt n\u00e0y mang \u0111\u1ebfn c\u1ea3m gi\u00e1c k\u00edch th\u00edch \u0111a d\u1ea1ng v\u00e0 th\u00fa v\u1ecb. D\u1ec5&hellip;","og_url":"https:\/\/desireonline.shop\/vi\/san-pham\/super-me-bao-don-duong-vat-swirls-sleeve\/","og_site_name":"Desire","article_modified_time":"2026-03-10T05:48:08+00:00","og_image":[{"width":1000,"height":1000,"url":"https:\/\/desireonline.shop\/wp-content\/uploads\/2026\/02\/CN-371648785_00-1.jpg","type":"image\/jpeg"}],"twitter_card":"summary_large_image","twitter_misc":{"\u01af\u1edbc t\u00ednh th\u1eddi gian \u0111\u1ecdc":"1 ph\u00fat"},"schema":{"@context":"https:\/\/schema.org","@graph":[{"@type":"WebPage","@id":"https:\/\/desireonline.shop\/vi\/san-pham\/super-me-bao-don-duong-vat-swirls-sleeve\/","url":"https:\/\/desireonline.shop\/vi\/san-pham\/super-me-bao-don-duong-vat-swirls-sleeve\/","name":"SUPER ME Bao \u0111\u00f4n d\u01b0\u01a1ng v\u1eadt Swirls Sleeve - Desire","isPartOf":{"@id":"https:\/\/desireonline.shop\/vi\/#website"},"primaryImageOfPage":{"@id":"https:\/\/desireonline.shop\/vi\/san-pham\/super-me-bao-don-duong-vat-swirls-sleeve\/#primaryimage"},"image":{"@id":"https:\/\/desireonline.shop\/vi\/san-pham\/super-me-bao-don-duong-vat-swirls-sleeve\/#primaryimage"},"thumbnailUrl":"https:\/\/desireonline.shop\/wp-content\/uploads\/2026\/02\/CN-371648785_00-1.jpg","datePublished":"2026-02-17T11:38:18+00:00","dateModified":"2026-03-10T05:48:08+00:00","breadcrumb":{"@id":"https:\/\/desireonline.shop\/vi\/san-pham\/super-me-bao-don-duong-vat-swirls-sleeve\/#breadcrumb"},"inLanguage":"vi","potentialAction":[{"@type":"ReadAction","target":["https:\/\/desireonline.shop\/vi\/san-pham\/super-me-bao-don-duong-vat-swirls-sleeve\/"]}]},{"@type":"ImageObject","inLanguage":"vi","@id":"https:\/\/desireonline.shop\/vi\/san-pham\/super-me-bao-don-duong-vat-swirls-sleeve\/#primaryimage","url":"https:\/\/desireonline.shop\/wp-content\/uploads\/2026\/02\/CN-371648785_00-1.jpg","contentUrl":"https:\/\/desireonline.shop\/wp-content\/uploads\/2026\/02\/CN-371648785_00-1.jpg","width":1000,"height":1000},{"@type":"BreadcrumbList","@id":"https:\/\/desireonline.shop\/vi\/san-pham\/super-me-bao-don-duong-vat-swirls-sleeve\/#breadcrumb","itemListElement":[{"@type":"ListItem","position":1,"name":"Home","item":"https:\/\/desireonline.shop\/vi\/trang-chu\/?lang=vi"},{"@type":"ListItem","position":2,"name":"T\u1ea5t c\u1ea3 s\u1ea3n ph\u1ea9m","item":"https:\/\/desireonline.shop\/cua-hang\/?lang=vi"},{"@type":"ListItem","position":3,"name":"SUPER ME Bao \u0111\u00f4n d\u01b0\u01a1ng v\u1eadt Swirls Sleeve"}]},{"@type":"WebSite","@id":"https:\/\/desireonline.shop\/vi\/#website","url":"https:\/\/desireonline.shop\/vi\/","name":"Desire","description":"Sexual Wellness Platform","publisher":{"@id":"https:\/\/desireonline.shop\/vi\/#organization"},"potentialAction":[{"@type":"SearchAction","target":{"@type":"EntryPoint","urlTemplate":"https:\/\/desireonline.shop\/vi\/?s={search_term_string}"},"query-input":{"@type":"PropertyValueSpecification","valueRequired":true,"valueName":"search_term_string"}}],"inLanguage":"vi"},{"@type":"Organization","@id":"https:\/\/desireonline.shop\/vi\/#organization","name":"Desire","url":"https:\/\/desireonline.shop\/vi\/","logo":{"@type":"ImageObject","inLanguage":"vi","@id":"https:\/\/desireonline.shop\/vi\/#\/schema\/logo\/image\/","url":"https:\/\/desireonline.shop\/wp-content\/uploads\/2024\/06\/Logo-Thick-Font-1.webp","contentUrl":"https:\/\/desireonline.shop\/wp-content\/uploads\/2024\/06\/Logo-Thick-Font-1.webp","width":268,"height":399,"caption":"Desire"},"image":{"@id":"https:\/\/desireonline.shop\/vi\/#\/schema\/logo\/image\/"}}]}},"_links":{"self":[{"href":"https:\/\/desireonline.shop\/vi\/wp-json\/wp\/v2\/product\/66036","targetHints":{"allow":["GET"]}}],"collection":[{"href":"https:\/\/desireonline.shop\/vi\/wp-json\/wp\/v2\/product"}],"about":[{"href":"https:\/\/desireonline.shop\/vi\/wp-json\/wp\/v2\/types\/product"}],"replies":[{"embeddable":true,"href":"https:\/\/desireonline.shop\/vi\/wp-json\/wp\/v2\/comments?post=66036"}],"version-history":[{"count":0,"href":"https:\/\/desireonline.shop\/vi\/wp-json\/wp\/v2\/product\/66036\/revisions"}],"wp:featuredmedia":[{"embeddable":true,"href":"https:\/\/desireonline.shop\/vi\/wp-json\/wp\/v2\/media\/64531"}],"wp:attachment":[{"href":"https:\/\/desireonline.shop\/vi\/wp-json\/wp\/v2\/media?parent=66036"}],"wp:term":[{"taxonomy":"product_brand","embeddable":true,"href":"https:\/\/desireonline.shop\/vi\/wp-json\/wp\/v2\/product_brand?post=66036"},{"taxonomy":"product_cat","embeddable":true,"href":"https:\/\/desireonline.shop\/vi\/wp-json\/wp\/v2\/product_cat?post=66036"},{"taxonomy":"product_tag","embeddable":true,"href":"https:\/\/desireonline.shop\/vi\/wp-json\/wp\/v2\/product_tag?post=66036"}],"curies":[{"name":"wp","href":"https:\/\/api.w.org\/{rel}","templated":true}]}}