{"id":66069,"date":"2026-02-16T11:42:00","date_gmt":"2026-02-16T11:42:00","guid":{"rendered":"https:\/\/desireonline.shop\/product\/prof-jason-c-crystal-am-dao-gia-nam-hand-job-stroker\/"},"modified":"2026-03-10T05:50:52","modified_gmt":"2026-03-10T05:50:52","slug":"prof-jason-c-crystal-am-dao-gia-nam-hand-job-stroker","status":"publish","type":"product","link":"https:\/\/desireonline.shop\/vi\/san-pham\/prof-jason-c-crystal-am-dao-gia-nam-hand-job-stroker\/","title":{"rendered":"Prof. Jason C Crystal \u00c2m \u0111\u1ea1o gi\u1ea3 nam Hand Job Stroker"},"content":{"rendered":"<p>\u00c2m \u0111\u1ea1o gi\u1ea3 nam nh\u1ecf g\u1ecdn n\u00e0y \u0111\u01b0\u1ee3c thi\u1ebft k\u1ebf \u0111\u1ec3 mang l\u1ea1i tr\u1ea3i nghi\u1ec7m c\u00e1 nh\u00e2n t\u1eadp trung v\u00e0 d\u1ec5 ki\u1ec3m so\u00e1t. V\u1edbi b\u1ec1 m\u1eb7t b\u00ean trong c\u00f3 k\u1ebft c\u1ea5u c\u00f9ng thi\u1ebft k\u1ebf c\u1ea7m n\u1eafm tho\u1ea3i m\u00e1i, s\u1ea3n ph\u1ea9m khuy\u1ebfn kh\u00edch b\u1ea1n kh\u00e1m ph\u00e1 c\u1ea3m gi\u00e1c m\u1edbi trong khi v\u1eabn gi\u1eef s\u1ef1 \u0111\u01a1n gi\u1ea3n v\u00e0 k\u00edn \u0111\u00e1o. M\u1ed9t l\u1ef1a ch\u1ecdn ph\u00f9 h\u1ee3p cho nh\u1eefng ai y\u00eau th\u00edch tr\u1ea3i nghi\u1ec7m th\u1ee7 d\u00e2m b\u1eb1ng tay \u0111\u01a1n gi\u1ea3n, hi\u1ec7u qu\u1ea3 v\u00e0 d\u1ec5 s\u1eed d\u1ee5ng.<\/p>\n","protected":false},"excerpt":{"rendered":"<p>\u00c2m \u0111\u1ea1o gi\u1ea3 nam nh\u1ecf g\u1ecdn n\u00e0y \u0111\u01b0\u1ee3c thi\u1ebft k\u1ebf \u0111\u1ec3 mang l\u1ea1i tr\u1ea3i nghi\u1ec7m c\u00e1 nh\u00e2n t\u1eadp trung v\u00e0 d\u1ec5 ki\u1ec3m so\u00e1t. V\u1edbi b\u1ec1 m\u1eb7t b\u00ean trong c\u00f3 k\u1ebft&hellip;<\/p>\n","protected":false},"featured_media":62893,"comment_status":"open","ping_status":"closed","template":"","meta":{"_acf_changed":false},"product_brand":[],"product_cat":[1409],"product_tag":[],"class_list":{"0":"post-66069","1":"product","2":"type-product","3":"status-publish","4":"has-post-thumbnail","6":"product_cat-san-pham-kich-thich-cam-tay","8":"first","9":"instock","10":"shipping-taxable","11":"purchasable","12":"product-type-simple"},"acf":[],"yoast_head":"<!-- This site is optimized with the Yoast SEO plugin v27.1.1 - https:\/\/yoast.com\/product\/yoast-seo-wordpress\/ -->\n<title>Prof. Jason C Crystal \u00c2m \u0111\u1ea1o gi\u1ea3 nam Hand Job Stroker - Desire<\/title>\n<meta name=\"robots\" content=\"index, follow, max-snippet:-1, max-image-preview:large, max-video-preview:-1\" \/>\n<link rel=\"canonical\" href=\"https:\/\/desireonline.shop\/vi\/san-pham\/prof-jason-c-crystal-am-dao-gia-nam-hand-job-stroker\/\" \/>\n<meta property=\"og:locale\" content=\"vi_VN\" \/>\n<meta property=\"og:type\" content=\"article\" \/>\n<meta property=\"og:title\" content=\"Prof. Jason C Crystal \u00c2m \u0111\u1ea1o gi\u1ea3 nam Hand Job Stroker - Desire\" \/>\n<meta property=\"og:description\" content=\"\u00c2m \u0111\u1ea1o gi\u1ea3 nam nh\u1ecf g\u1ecdn n\u00e0y \u0111\u01b0\u1ee3c thi\u1ebft k\u1ebf \u0111\u1ec3 mang l\u1ea1i tr\u1ea3i nghi\u1ec7m c\u00e1 nh\u00e2n t\u1eadp trung v\u00e0 d\u1ec5 ki\u1ec3m so\u00e1t. V\u1edbi b\u1ec1 m\u1eb7t b\u00ean trong c\u00f3 k\u1ebft&hellip;\" \/>\n<meta property=\"og:url\" content=\"https:\/\/desireonline.shop\/vi\/san-pham\/prof-jason-c-crystal-am-dao-gia-nam-hand-job-stroker\/\" \/>\n<meta property=\"og:site_name\" content=\"Desire\" \/>\n<meta property=\"article:modified_time\" content=\"2026-03-10T05:50:52+00:00\" \/>\n<meta property=\"og:image\" content=\"https:\/\/desireonline.shop\/wp-content\/uploads\/2026\/02\/CN-330834368_00.jpg\" \/>\n\t<meta property=\"og:image:width\" content=\"1000\" \/>\n\t<meta property=\"og:image:height\" content=\"1000\" \/>\n\t<meta property=\"og:image:type\" content=\"image\/jpeg\" \/>\n<meta name=\"twitter:card\" content=\"summary_large_image\" \/>\n<meta name=\"twitter:label1\" content=\"\u01af\u1edbc t\u00ednh th\u1eddi gian \u0111\u1ecdc\" \/>\n\t<meta name=\"twitter:data1\" content=\"1 ph\u00fat\" \/>\n<script type=\"application\/ld+json\" class=\"yoast-schema-graph\">{\"@context\":\"https:\/\/schema.org\",\"@graph\":[{\"@type\":\"WebPage\",\"@id\":\"https:\/\/desireonline.shop\/vi\/san-pham\/prof-jason-c-crystal-am-dao-gia-nam-hand-job-stroker\/\",\"url\":\"https:\/\/desireonline.shop\/vi\/san-pham\/prof-jason-c-crystal-am-dao-gia-nam-hand-job-stroker\/\",\"name\":\"Prof. Jason C Crystal \u00c2m \u0111\u1ea1o gi\u1ea3 nam Hand Job Stroker - Desire\",\"isPartOf\":{\"@id\":\"https:\/\/desireonline.shop\/vi\/#website\"},\"primaryImageOfPage\":{\"@id\":\"https:\/\/desireonline.shop\/vi\/san-pham\/prof-jason-c-crystal-am-dao-gia-nam-hand-job-stroker\/#primaryimage\"},\"image\":{\"@id\":\"https:\/\/desireonline.shop\/vi\/san-pham\/prof-jason-c-crystal-am-dao-gia-nam-hand-job-stroker\/#primaryimage\"},\"thumbnailUrl\":\"https:\/\/desireonline.shop\/wp-content\/uploads\/2026\/02\/CN-330834368_00.jpg\",\"datePublished\":\"2026-02-16T11:42:00+00:00\",\"dateModified\":\"2026-03-10T05:50:52+00:00\",\"breadcrumb\":{\"@id\":\"https:\/\/desireonline.shop\/vi\/san-pham\/prof-jason-c-crystal-am-dao-gia-nam-hand-job-stroker\/#breadcrumb\"},\"inLanguage\":\"vi\",\"potentialAction\":[{\"@type\":\"ReadAction\",\"target\":[\"https:\/\/desireonline.shop\/vi\/san-pham\/prof-jason-c-crystal-am-dao-gia-nam-hand-job-stroker\/\"]}]},{\"@type\":\"ImageObject\",\"inLanguage\":\"vi\",\"@id\":\"https:\/\/desireonline.shop\/vi\/san-pham\/prof-jason-c-crystal-am-dao-gia-nam-hand-job-stroker\/#primaryimage\",\"url\":\"https:\/\/desireonline.shop\/wp-content\/uploads\/2026\/02\/CN-330834368_00.jpg\",\"contentUrl\":\"https:\/\/desireonline.shop\/wp-content\/uploads\/2026\/02\/CN-330834368_00.jpg\",\"width\":1000,\"height\":1000},{\"@type\":\"BreadcrumbList\",\"@id\":\"https:\/\/desireonline.shop\/vi\/san-pham\/prof-jason-c-crystal-am-dao-gia-nam-hand-job-stroker\/#breadcrumb\",\"itemListElement\":[{\"@type\":\"ListItem\",\"position\":1,\"name\":\"Home\",\"item\":\"https:\/\/desireonline.shop\/vi\/trang-chu\/?lang=vi\"},{\"@type\":\"ListItem\",\"position\":2,\"name\":\"T\u1ea5t c\u1ea3 s\u1ea3n ph\u1ea9m\",\"item\":\"https:\/\/desireonline.shop\/cua-hang\/?lang=vi\"},{\"@type\":\"ListItem\",\"position\":3,\"name\":\"Prof. Jason C Crystal \u00c2m \u0111\u1ea1o gi\u1ea3 nam Hand Job Stroker\"}]},{\"@type\":\"WebSite\",\"@id\":\"https:\/\/desireonline.shop\/vi\/#website\",\"url\":\"https:\/\/desireonline.shop\/vi\/\",\"name\":\"Desire\",\"description\":\"Sexual Wellness Platform\",\"publisher\":{\"@id\":\"https:\/\/desireonline.shop\/vi\/#organization\"},\"potentialAction\":[{\"@type\":\"SearchAction\",\"target\":{\"@type\":\"EntryPoint\",\"urlTemplate\":\"https:\/\/desireonline.shop\/vi\/?s={search_term_string}\"},\"query-input\":{\"@type\":\"PropertyValueSpecification\",\"valueRequired\":true,\"valueName\":\"search_term_string\"}}],\"inLanguage\":\"vi\"},{\"@type\":\"Organization\",\"@id\":\"https:\/\/desireonline.shop\/vi\/#organization\",\"name\":\"Desire\",\"url\":\"https:\/\/desireonline.shop\/vi\/\",\"logo\":{\"@type\":\"ImageObject\",\"inLanguage\":\"vi\",\"@id\":\"https:\/\/desireonline.shop\/vi\/#\/schema\/logo\/image\/\",\"url\":\"https:\/\/desireonline.shop\/wp-content\/uploads\/2024\/06\/Logo-Thick-Font-1.webp\",\"contentUrl\":\"https:\/\/desireonline.shop\/wp-content\/uploads\/2024\/06\/Logo-Thick-Font-1.webp\",\"width\":268,\"height\":399,\"caption\":\"Desire\"},\"image\":{\"@id\":\"https:\/\/desireonline.shop\/vi\/#\/schema\/logo\/image\/\"}}]}<\/script>\n<!-- \/ Yoast SEO plugin. -->","yoast_head_json":{"title":"Prof. Jason C Crystal \u00c2m \u0111\u1ea1o gi\u1ea3 nam Hand Job Stroker - Desire","robots":{"index":"index","follow":"follow","max-snippet":"max-snippet:-1","max-image-preview":"max-image-preview:large","max-video-preview":"max-video-preview:-1"},"canonical":"https:\/\/desireonline.shop\/vi\/san-pham\/prof-jason-c-crystal-am-dao-gia-nam-hand-job-stroker\/","og_locale":"vi_VN","og_type":"article","og_title":"Prof. Jason C Crystal \u00c2m \u0111\u1ea1o gi\u1ea3 nam Hand Job Stroker - Desire","og_description":"\u00c2m \u0111\u1ea1o gi\u1ea3 nam nh\u1ecf g\u1ecdn n\u00e0y \u0111\u01b0\u1ee3c thi\u1ebft k\u1ebf \u0111\u1ec3 mang l\u1ea1i tr\u1ea3i nghi\u1ec7m c\u00e1 nh\u00e2n t\u1eadp trung v\u00e0 d\u1ec5 ki\u1ec3m so\u00e1t. V\u1edbi b\u1ec1 m\u1eb7t b\u00ean trong c\u00f3 k\u1ebft&hellip;","og_url":"https:\/\/desireonline.shop\/vi\/san-pham\/prof-jason-c-crystal-am-dao-gia-nam-hand-job-stroker\/","og_site_name":"Desire","article_modified_time":"2026-03-10T05:50:52+00:00","og_image":[{"width":1000,"height":1000,"url":"https:\/\/desireonline.shop\/wp-content\/uploads\/2026\/02\/CN-330834368_00.jpg","type":"image\/jpeg"}],"twitter_card":"summary_large_image","twitter_misc":{"\u01af\u1edbc t\u00ednh th\u1eddi gian \u0111\u1ecdc":"1 ph\u00fat"},"schema":{"@context":"https:\/\/schema.org","@graph":[{"@type":"WebPage","@id":"https:\/\/desireonline.shop\/vi\/san-pham\/prof-jason-c-crystal-am-dao-gia-nam-hand-job-stroker\/","url":"https:\/\/desireonline.shop\/vi\/san-pham\/prof-jason-c-crystal-am-dao-gia-nam-hand-job-stroker\/","name":"Prof. Jason C Crystal \u00c2m \u0111\u1ea1o gi\u1ea3 nam Hand Job Stroker - Desire","isPartOf":{"@id":"https:\/\/desireonline.shop\/vi\/#website"},"primaryImageOfPage":{"@id":"https:\/\/desireonline.shop\/vi\/san-pham\/prof-jason-c-crystal-am-dao-gia-nam-hand-job-stroker\/#primaryimage"},"image":{"@id":"https:\/\/desireonline.shop\/vi\/san-pham\/prof-jason-c-crystal-am-dao-gia-nam-hand-job-stroker\/#primaryimage"},"thumbnailUrl":"https:\/\/desireonline.shop\/wp-content\/uploads\/2026\/02\/CN-330834368_00.jpg","datePublished":"2026-02-16T11:42:00+00:00","dateModified":"2026-03-10T05:50:52+00:00","breadcrumb":{"@id":"https:\/\/desireonline.shop\/vi\/san-pham\/prof-jason-c-crystal-am-dao-gia-nam-hand-job-stroker\/#breadcrumb"},"inLanguage":"vi","potentialAction":[{"@type":"ReadAction","target":["https:\/\/desireonline.shop\/vi\/san-pham\/prof-jason-c-crystal-am-dao-gia-nam-hand-job-stroker\/"]}]},{"@type":"ImageObject","inLanguage":"vi","@id":"https:\/\/desireonline.shop\/vi\/san-pham\/prof-jason-c-crystal-am-dao-gia-nam-hand-job-stroker\/#primaryimage","url":"https:\/\/desireonline.shop\/wp-content\/uploads\/2026\/02\/CN-330834368_00.jpg","contentUrl":"https:\/\/desireonline.shop\/wp-content\/uploads\/2026\/02\/CN-330834368_00.jpg","width":1000,"height":1000},{"@type":"BreadcrumbList","@id":"https:\/\/desireonline.shop\/vi\/san-pham\/prof-jason-c-crystal-am-dao-gia-nam-hand-job-stroker\/#breadcrumb","itemListElement":[{"@type":"ListItem","position":1,"name":"Home","item":"https:\/\/desireonline.shop\/vi\/trang-chu\/?lang=vi"},{"@type":"ListItem","position":2,"name":"T\u1ea5t c\u1ea3 s\u1ea3n ph\u1ea9m","item":"https:\/\/desireonline.shop\/cua-hang\/?lang=vi"},{"@type":"ListItem","position":3,"name":"Prof. Jason C Crystal \u00c2m \u0111\u1ea1o gi\u1ea3 nam Hand Job Stroker"}]},{"@type":"WebSite","@id":"https:\/\/desireonline.shop\/vi\/#website","url":"https:\/\/desireonline.shop\/vi\/","name":"Desire","description":"Sexual Wellness Platform","publisher":{"@id":"https:\/\/desireonline.shop\/vi\/#organization"},"potentialAction":[{"@type":"SearchAction","target":{"@type":"EntryPoint","urlTemplate":"https:\/\/desireonline.shop\/vi\/?s={search_term_string}"},"query-input":{"@type":"PropertyValueSpecification","valueRequired":true,"valueName":"search_term_string"}}],"inLanguage":"vi"},{"@type":"Organization","@id":"https:\/\/desireonline.shop\/vi\/#organization","name":"Desire","url":"https:\/\/desireonline.shop\/vi\/","logo":{"@type":"ImageObject","inLanguage":"vi","@id":"https:\/\/desireonline.shop\/vi\/#\/schema\/logo\/image\/","url":"https:\/\/desireonline.shop\/wp-content\/uploads\/2024\/06\/Logo-Thick-Font-1.webp","contentUrl":"https:\/\/desireonline.shop\/wp-content\/uploads\/2024\/06\/Logo-Thick-Font-1.webp","width":268,"height":399,"caption":"Desire"},"image":{"@id":"https:\/\/desireonline.shop\/vi\/#\/schema\/logo\/image\/"}}]}},"_links":{"self":[{"href":"https:\/\/desireonline.shop\/vi\/wp-json\/wp\/v2\/product\/66069","targetHints":{"allow":["GET"]}}],"collection":[{"href":"https:\/\/desireonline.shop\/vi\/wp-json\/wp\/v2\/product"}],"about":[{"href":"https:\/\/desireonline.shop\/vi\/wp-json\/wp\/v2\/types\/product"}],"replies":[{"embeddable":true,"href":"https:\/\/desireonline.shop\/vi\/wp-json\/wp\/v2\/comments?post=66069"}],"version-history":[{"count":0,"href":"https:\/\/desireonline.shop\/vi\/wp-json\/wp\/v2\/product\/66069\/revisions"}],"wp:featuredmedia":[{"embeddable":true,"href":"https:\/\/desireonline.shop\/vi\/wp-json\/wp\/v2\/media\/62893"}],"wp:attachment":[{"href":"https:\/\/desireonline.shop\/vi\/wp-json\/wp\/v2\/media?parent=66069"}],"wp:term":[{"taxonomy":"product_brand","embeddable":true,"href":"https:\/\/desireonline.shop\/vi\/wp-json\/wp\/v2\/product_brand?post=66069"},{"taxonomy":"product_cat","embeddable":true,"href":"https:\/\/desireonline.shop\/vi\/wp-json\/wp\/v2\/product_cat?post=66069"},{"taxonomy":"product_tag","embeddable":true,"href":"https:\/\/desireonline.shop\/vi\/wp-json\/wp\/v2\/product_tag?post=66069"}],"curies":[{"name":"wp","href":"https:\/\/api.w.org\/{rel}","templated":true}]}}