{"id":66079,"date":"2026-02-16T11:43:00","date_gmt":"2026-02-16T11:43:00","guid":{"rendered":"https:\/\/desireonline.shop\/product\/prof-jason-c-am-dao-gia-nam-rung-super-sucker\/"},"modified":"2026-03-10T05:50:20","modified_gmt":"2026-03-10T05:50:20","slug":"prof-jason-c-am-dao-gia-nam-rung-super-sucker","status":"publish","type":"product","link":"https:\/\/desireonline.shop\/vi\/san-pham\/prof-jason-c-am-dao-gia-nam-rung-super-sucker\/","title":{"rendered":"Prof. Jason C \u00c2m \u0111\u1ea1o gi\u1ea3 nam rung Super Sucker"},"content":{"rendered":"<p>\u00c2m \u0111\u1ea1o gi\u1ea3 nam rung n\u00e0y k\u1ebft h\u1ee3p b\u1ec1 m\u1eb7t k\u1ebft c\u1ea5u v\u1edbi rung \u0111\u1ed9ng nh\u1eb9 nh\u00e0ng \u0111\u1ec3 mang l\u1ea1i tr\u1ea3i nghi\u1ec7m d\u1ec5 ch\u1ecbu v\u00e0 th\u00fa v\u1ecb. Thi\u1ebft k\u1ebf m\u1edf hai \u0111\u1ea7u gi\u00fap t\u0103ng s\u1ef1 linh ho\u1ea1t khi s\u1eed d\u1ee5ng, tr\u1edf th\u00e0nh l\u1ef1a ch\u1ecdn vui nh\u1ed9n cho nh\u1eefng ai th\u00edch kh\u00e1m ph\u00e1 c\u1ea3m gi\u00e1c \u0111a d\u1ea1ng m\u00e0 v\u1eabn \u0111\u01a1n gi\u1ea3n v\u00e0 d\u1ec5 t\u1eadn h\u01b0\u1edfng.<\/p>\n","protected":false},"excerpt":{"rendered":"<p>\u00c2m \u0111\u1ea1o gi\u1ea3 nam rung n\u00e0y k\u1ebft h\u1ee3p b\u1ec1 m\u1eb7t k\u1ebft c\u1ea5u v\u1edbi rung \u0111\u1ed9ng nh\u1eb9 nh\u00e0ng \u0111\u1ec3 mang l\u1ea1i tr\u1ea3i nghi\u1ec7m d\u1ec5 ch\u1ecbu v\u00e0 th\u00fa v\u1ecb. Thi\u1ebft k\u1ebf m\u1edf&hellip;<\/p>\n","protected":false},"featured_media":62953,"comment_status":"open","ping_status":"closed","template":"","meta":{"_acf_changed":false},"product_brand":[],"product_cat":[1407],"product_tag":[],"class_list":{"0":"post-66079","1":"product","2":"type-product","3":"status-publish","4":"has-post-thumbnail","6":"product_cat-am-dao-gia-cho-nam","8":"first","9":"instock","10":"shipping-taxable","11":"purchasable","12":"product-type-simple"},"acf":[],"yoast_head":"<!-- This site is optimized with the Yoast SEO plugin v27.1.1 - https:\/\/yoast.com\/product\/yoast-seo-wordpress\/ -->\n<title>Prof. Jason C \u00c2m \u0111\u1ea1o gi\u1ea3 nam rung Super Sucker - Desire<\/title>\n<meta name=\"robots\" content=\"index, follow, max-snippet:-1, max-image-preview:large, max-video-preview:-1\" \/>\n<link rel=\"canonical\" href=\"https:\/\/desireonline.shop\/vi\/san-pham\/prof-jason-c-am-dao-gia-nam-rung-super-sucker\/\" \/>\n<meta property=\"og:locale\" content=\"vi_VN\" \/>\n<meta property=\"og:type\" content=\"article\" \/>\n<meta property=\"og:title\" content=\"Prof. Jason C \u00c2m \u0111\u1ea1o gi\u1ea3 nam rung Super Sucker - Desire\" \/>\n<meta property=\"og:description\" content=\"\u00c2m \u0111\u1ea1o gi\u1ea3 nam rung n\u00e0y k\u1ebft h\u1ee3p b\u1ec1 m\u1eb7t k\u1ebft c\u1ea5u v\u1edbi rung \u0111\u1ed9ng nh\u1eb9 nh\u00e0ng \u0111\u1ec3 mang l\u1ea1i tr\u1ea3i nghi\u1ec7m d\u1ec5 ch\u1ecbu v\u00e0 th\u00fa v\u1ecb. Thi\u1ebft k\u1ebf m\u1edf&hellip;\" \/>\n<meta property=\"og:url\" content=\"https:\/\/desireonline.shop\/vi\/san-pham\/prof-jason-c-am-dao-gia-nam-rung-super-sucker\/\" \/>\n<meta property=\"og:site_name\" content=\"Desire\" \/>\n<meta property=\"article:modified_time\" content=\"2026-03-10T05:50:20+00:00\" \/>\n<meta property=\"og:image\" content=\"https:\/\/desireonline.shop\/wp-content\/uploads\/2026\/02\/CN-370823680_00-scaled.jpg\" \/>\n\t<meta property=\"og:image:width\" content=\"1707\" \/>\n\t<meta property=\"og:image:height\" content=\"2560\" \/>\n\t<meta property=\"og:image:type\" content=\"image\/jpeg\" \/>\n<meta name=\"twitter:card\" content=\"summary_large_image\" \/>\n<script type=\"application\/ld+json\" class=\"yoast-schema-graph\">{\"@context\":\"https:\/\/schema.org\",\"@graph\":[{\"@type\":\"WebPage\",\"@id\":\"https:\/\/desireonline.shop\/vi\/san-pham\/prof-jason-c-am-dao-gia-nam-rung-super-sucker\/\",\"url\":\"https:\/\/desireonline.shop\/vi\/san-pham\/prof-jason-c-am-dao-gia-nam-rung-super-sucker\/\",\"name\":\"Prof. Jason C \u00c2m \u0111\u1ea1o gi\u1ea3 nam rung Super Sucker - Desire\",\"isPartOf\":{\"@id\":\"https:\/\/desireonline.shop\/vi\/#website\"},\"primaryImageOfPage\":{\"@id\":\"https:\/\/desireonline.shop\/vi\/san-pham\/prof-jason-c-am-dao-gia-nam-rung-super-sucker\/#primaryimage\"},\"image\":{\"@id\":\"https:\/\/desireonline.shop\/vi\/san-pham\/prof-jason-c-am-dao-gia-nam-rung-super-sucker\/#primaryimage\"},\"thumbnailUrl\":\"https:\/\/desireonline.shop\/wp-content\/uploads\/2026\/02\/CN-370823680_00-scaled.jpg\",\"datePublished\":\"2026-02-16T11:43:00+00:00\",\"dateModified\":\"2026-03-10T05:50:20+00:00\",\"breadcrumb\":{\"@id\":\"https:\/\/desireonline.shop\/vi\/san-pham\/prof-jason-c-am-dao-gia-nam-rung-super-sucker\/#breadcrumb\"},\"inLanguage\":\"vi\",\"potentialAction\":[{\"@type\":\"ReadAction\",\"target\":[\"https:\/\/desireonline.shop\/vi\/san-pham\/prof-jason-c-am-dao-gia-nam-rung-super-sucker\/\"]}]},{\"@type\":\"ImageObject\",\"inLanguage\":\"vi\",\"@id\":\"https:\/\/desireonline.shop\/vi\/san-pham\/prof-jason-c-am-dao-gia-nam-rung-super-sucker\/#primaryimage\",\"url\":\"https:\/\/desireonline.shop\/wp-content\/uploads\/2026\/02\/CN-370823680_00-scaled.jpg\",\"contentUrl\":\"https:\/\/desireonline.shop\/wp-content\/uploads\/2026\/02\/CN-370823680_00-scaled.jpg\",\"width\":1707,\"height\":2560},{\"@type\":\"BreadcrumbList\",\"@id\":\"https:\/\/desireonline.shop\/vi\/san-pham\/prof-jason-c-am-dao-gia-nam-rung-super-sucker\/#breadcrumb\",\"itemListElement\":[{\"@type\":\"ListItem\",\"position\":1,\"name\":\"Home\",\"item\":\"https:\/\/desireonline.shop\/vi\/trang-chu\/?lang=vi\"},{\"@type\":\"ListItem\",\"position\":2,\"name\":\"T\u1ea5t c\u1ea3 s\u1ea3n ph\u1ea9m\",\"item\":\"https:\/\/desireonline.shop\/cua-hang\/?lang=vi\"},{\"@type\":\"ListItem\",\"position\":3,\"name\":\"Prof. Jason C \u00c2m \u0111\u1ea1o gi\u1ea3 nam rung Super Sucker\"}]},{\"@type\":\"WebSite\",\"@id\":\"https:\/\/desireonline.shop\/vi\/#website\",\"url\":\"https:\/\/desireonline.shop\/vi\/\",\"name\":\"Desire\",\"description\":\"Sexual Wellness Platform\",\"publisher\":{\"@id\":\"https:\/\/desireonline.shop\/vi\/#organization\"},\"potentialAction\":[{\"@type\":\"SearchAction\",\"target\":{\"@type\":\"EntryPoint\",\"urlTemplate\":\"https:\/\/desireonline.shop\/vi\/?s={search_term_string}\"},\"query-input\":{\"@type\":\"PropertyValueSpecification\",\"valueRequired\":true,\"valueName\":\"search_term_string\"}}],\"inLanguage\":\"vi\"},{\"@type\":\"Organization\",\"@id\":\"https:\/\/desireonline.shop\/vi\/#organization\",\"name\":\"Desire\",\"url\":\"https:\/\/desireonline.shop\/vi\/\",\"logo\":{\"@type\":\"ImageObject\",\"inLanguage\":\"vi\",\"@id\":\"https:\/\/desireonline.shop\/vi\/#\/schema\/logo\/image\/\",\"url\":\"https:\/\/desireonline.shop\/wp-content\/uploads\/2024\/06\/Logo-Thick-Font-1.webp\",\"contentUrl\":\"https:\/\/desireonline.shop\/wp-content\/uploads\/2024\/06\/Logo-Thick-Font-1.webp\",\"width\":268,\"height\":399,\"caption\":\"Desire\"},\"image\":{\"@id\":\"https:\/\/desireonline.shop\/vi\/#\/schema\/logo\/image\/\"}}]}<\/script>\n<!-- \/ Yoast SEO plugin. -->","yoast_head_json":{"title":"Prof. Jason C \u00c2m \u0111\u1ea1o gi\u1ea3 nam rung Super Sucker - Desire","robots":{"index":"index","follow":"follow","max-snippet":"max-snippet:-1","max-image-preview":"max-image-preview:large","max-video-preview":"max-video-preview:-1"},"canonical":"https:\/\/desireonline.shop\/vi\/san-pham\/prof-jason-c-am-dao-gia-nam-rung-super-sucker\/","og_locale":"vi_VN","og_type":"article","og_title":"Prof. Jason C \u00c2m \u0111\u1ea1o gi\u1ea3 nam rung Super Sucker - Desire","og_description":"\u00c2m \u0111\u1ea1o gi\u1ea3 nam rung n\u00e0y k\u1ebft h\u1ee3p b\u1ec1 m\u1eb7t k\u1ebft c\u1ea5u v\u1edbi rung \u0111\u1ed9ng nh\u1eb9 nh\u00e0ng \u0111\u1ec3 mang l\u1ea1i tr\u1ea3i nghi\u1ec7m d\u1ec5 ch\u1ecbu v\u00e0 th\u00fa v\u1ecb. Thi\u1ebft k\u1ebf m\u1edf&hellip;","og_url":"https:\/\/desireonline.shop\/vi\/san-pham\/prof-jason-c-am-dao-gia-nam-rung-super-sucker\/","og_site_name":"Desire","article_modified_time":"2026-03-10T05:50:20+00:00","og_image":[{"width":1707,"height":2560,"url":"https:\/\/desireonline.shop\/wp-content\/uploads\/2026\/02\/CN-370823680_00-scaled.jpg","type":"image\/jpeg"}],"twitter_card":"summary_large_image","schema":{"@context":"https:\/\/schema.org","@graph":[{"@type":"WebPage","@id":"https:\/\/desireonline.shop\/vi\/san-pham\/prof-jason-c-am-dao-gia-nam-rung-super-sucker\/","url":"https:\/\/desireonline.shop\/vi\/san-pham\/prof-jason-c-am-dao-gia-nam-rung-super-sucker\/","name":"Prof. Jason C \u00c2m \u0111\u1ea1o gi\u1ea3 nam rung Super Sucker - Desire","isPartOf":{"@id":"https:\/\/desireonline.shop\/vi\/#website"},"primaryImageOfPage":{"@id":"https:\/\/desireonline.shop\/vi\/san-pham\/prof-jason-c-am-dao-gia-nam-rung-super-sucker\/#primaryimage"},"image":{"@id":"https:\/\/desireonline.shop\/vi\/san-pham\/prof-jason-c-am-dao-gia-nam-rung-super-sucker\/#primaryimage"},"thumbnailUrl":"https:\/\/desireonline.shop\/wp-content\/uploads\/2026\/02\/CN-370823680_00-scaled.jpg","datePublished":"2026-02-16T11:43:00+00:00","dateModified":"2026-03-10T05:50:20+00:00","breadcrumb":{"@id":"https:\/\/desireonline.shop\/vi\/san-pham\/prof-jason-c-am-dao-gia-nam-rung-super-sucker\/#breadcrumb"},"inLanguage":"vi","potentialAction":[{"@type":"ReadAction","target":["https:\/\/desireonline.shop\/vi\/san-pham\/prof-jason-c-am-dao-gia-nam-rung-super-sucker\/"]}]},{"@type":"ImageObject","inLanguage":"vi","@id":"https:\/\/desireonline.shop\/vi\/san-pham\/prof-jason-c-am-dao-gia-nam-rung-super-sucker\/#primaryimage","url":"https:\/\/desireonline.shop\/wp-content\/uploads\/2026\/02\/CN-370823680_00-scaled.jpg","contentUrl":"https:\/\/desireonline.shop\/wp-content\/uploads\/2026\/02\/CN-370823680_00-scaled.jpg","width":1707,"height":2560},{"@type":"BreadcrumbList","@id":"https:\/\/desireonline.shop\/vi\/san-pham\/prof-jason-c-am-dao-gia-nam-rung-super-sucker\/#breadcrumb","itemListElement":[{"@type":"ListItem","position":1,"name":"Home","item":"https:\/\/desireonline.shop\/vi\/trang-chu\/?lang=vi"},{"@type":"ListItem","position":2,"name":"T\u1ea5t c\u1ea3 s\u1ea3n ph\u1ea9m","item":"https:\/\/desireonline.shop\/cua-hang\/?lang=vi"},{"@type":"ListItem","position":3,"name":"Prof. Jason C \u00c2m \u0111\u1ea1o gi\u1ea3 nam rung Super Sucker"}]},{"@type":"WebSite","@id":"https:\/\/desireonline.shop\/vi\/#website","url":"https:\/\/desireonline.shop\/vi\/","name":"Desire","description":"Sexual Wellness Platform","publisher":{"@id":"https:\/\/desireonline.shop\/vi\/#organization"},"potentialAction":[{"@type":"SearchAction","target":{"@type":"EntryPoint","urlTemplate":"https:\/\/desireonline.shop\/vi\/?s={search_term_string}"},"query-input":{"@type":"PropertyValueSpecification","valueRequired":true,"valueName":"search_term_string"}}],"inLanguage":"vi"},{"@type":"Organization","@id":"https:\/\/desireonline.shop\/vi\/#organization","name":"Desire","url":"https:\/\/desireonline.shop\/vi\/","logo":{"@type":"ImageObject","inLanguage":"vi","@id":"https:\/\/desireonline.shop\/vi\/#\/schema\/logo\/image\/","url":"https:\/\/desireonline.shop\/wp-content\/uploads\/2024\/06\/Logo-Thick-Font-1.webp","contentUrl":"https:\/\/desireonline.shop\/wp-content\/uploads\/2024\/06\/Logo-Thick-Font-1.webp","width":268,"height":399,"caption":"Desire"},"image":{"@id":"https:\/\/desireonline.shop\/vi\/#\/schema\/logo\/image\/"}}]}},"_links":{"self":[{"href":"https:\/\/desireonline.shop\/vi\/wp-json\/wp\/v2\/product\/66079","targetHints":{"allow":["GET"]}}],"collection":[{"href":"https:\/\/desireonline.shop\/vi\/wp-json\/wp\/v2\/product"}],"about":[{"href":"https:\/\/desireonline.shop\/vi\/wp-json\/wp\/v2\/types\/product"}],"replies":[{"embeddable":true,"href":"https:\/\/desireonline.shop\/vi\/wp-json\/wp\/v2\/comments?post=66079"}],"version-history":[{"count":0,"href":"https:\/\/desireonline.shop\/vi\/wp-json\/wp\/v2\/product\/66079\/revisions"}],"wp:featuredmedia":[{"embeddable":true,"href":"https:\/\/desireonline.shop\/vi\/wp-json\/wp\/v2\/media\/62953"}],"wp:attachment":[{"href":"https:\/\/desireonline.shop\/vi\/wp-json\/wp\/v2\/media?parent=66079"}],"wp:term":[{"taxonomy":"product_brand","embeddable":true,"href":"https:\/\/desireonline.shop\/vi\/wp-json\/wp\/v2\/product_brand?post=66079"},{"taxonomy":"product_cat","embeddable":true,"href":"https:\/\/desireonline.shop\/vi\/wp-json\/wp\/v2\/product_cat?post=66079"},{"taxonomy":"product_tag","embeddable":true,"href":"https:\/\/desireonline.shop\/vi\/wp-json\/wp\/v2\/product_tag?post=66079"}],"curies":[{"name":"wp","href":"https:\/\/api.w.org\/{rel}","templated":true}]}}