{"id":66088,"date":"2026-02-16T11:43:00","date_gmt":"2026-02-16T11:43:00","guid":{"rendered":"https:\/\/desireonline.shop\/product\/prof-jason-c-may-massage-tuyen-tien-liet-prostate-screw\/"},"modified":"2026-03-10T05:50:37","modified_gmt":"2026-03-10T05:50:37","slug":"prof-jason-c-may-massage-tuyen-tien-liet-prostate-screw","status":"publish","type":"product","link":"https:\/\/desireonline.shop\/vi\/san-pham\/prof-jason-c-may-massage-tuyen-tien-liet-prostate-screw\/","title":{"rendered":"Prof. Jason C M\u00e1y massage tuy\u1ebfn ti\u1ec1n li\u1ec7t Prostate Screw"},"content":{"rendered":"<p>V\u1edbi thi\u1ebft k\u1ebf xo\u1eafn d\u1ea1ng xo\u00e1y, d\u1ee5ng c\u1ee5 massage n\u00e0y mang l\u1ea1i tr\u1ea3i nghi\u1ec7m c\u1ea3m gi\u00e1c kh\u00e1c bi\u1ec7t trong khi v\u1eabn d\u1ec5 l\u00e0m quen v\u00e0 d\u1ec5 s\u1eed d\u1ee5ng. Ph\u00f9 h\u1ee3p cho nh\u1eefng ai t\u00f2 m\u00f2 mu\u1ed1n kh\u00e1m ph\u00e1 k\u1ebft c\u1ea5u v\u00e0 k\u00edch th\u00edch tuy\u1ebfn ti\u1ec1n li\u1ec7t theo c\u00e1ch tho\u1ea3i m\u00e1i v\u00e0 c\u00f3 ki\u1ec3m so\u00e1t.<\/p>\n","protected":false},"excerpt":{"rendered":"<p>V\u1edbi thi\u1ebft k\u1ebf xo\u1eafn d\u1ea1ng xo\u00e1y, d\u1ee5ng c\u1ee5 massage n\u00e0y mang l\u1ea1i tr\u1ea3i nghi\u1ec7m c\u1ea3m gi\u00e1c kh\u00e1c bi\u1ec7t trong khi v\u1eabn d\u1ec5 l\u00e0m quen v\u00e0 d\u1ec5 s\u1eed d\u1ee5ng. Ph\u00f9 h\u1ee3p&hellip;<\/p>\n","protected":false},"featured_media":62943,"comment_status":"open","ping_status":"closed","template":"","meta":{"_acf_changed":false},"product_brand":[],"product_cat":[1344,1366,1305,1370],"product_tag":[],"class_list":{"0":"post-66088","1":"product","2":"type-product","3":"status-publish","4":"has-post-thumbnail","6":"product_cat-bdsm","7":"product_cat-bo-san-pham-than-mat","8":"product_cat-danh-cho-cac-cap-doi","9":"product_cat-dung-cu-massage-tuyen-tien-liet","11":"first","12":"instock","13":"shipping-taxable","14":"purchasable","15":"product-type-simple"},"acf":[],"yoast_head":"<!-- This site is optimized with the Yoast SEO plugin v27.1.1 - https:\/\/yoast.com\/product\/yoast-seo-wordpress\/ -->\n<title>Prof. Jason C M\u00e1y massage tuy\u1ebfn ti\u1ec1n li\u1ec7t Prostate Screw - Desire<\/title>\n<meta name=\"robots\" content=\"index, follow, max-snippet:-1, max-image-preview:large, max-video-preview:-1\" \/>\n<link rel=\"canonical\" href=\"https:\/\/desireonline.shop\/vi\/san-pham\/prof-jason-c-may-massage-tuyen-tien-liet-prostate-screw\/\" \/>\n<meta property=\"og:locale\" content=\"vi_VN\" \/>\n<meta property=\"og:type\" content=\"article\" \/>\n<meta property=\"og:title\" content=\"Prof. Jason C M\u00e1y massage tuy\u1ebfn ti\u1ec1n li\u1ec7t Prostate Screw - Desire\" \/>\n<meta property=\"og:description\" content=\"V\u1edbi thi\u1ebft k\u1ebf xo\u1eafn d\u1ea1ng xo\u00e1y, d\u1ee5ng c\u1ee5 massage n\u00e0y mang l\u1ea1i tr\u1ea3i nghi\u1ec7m c\u1ea3m gi\u00e1c kh\u00e1c bi\u1ec7t trong khi v\u1eabn d\u1ec5 l\u00e0m quen v\u00e0 d\u1ec5 s\u1eed d\u1ee5ng. Ph\u00f9 h\u1ee3p&hellip;\" \/>\n<meta property=\"og:url\" content=\"https:\/\/desireonline.shop\/vi\/san-pham\/prof-jason-c-may-massage-tuyen-tien-liet-prostate-screw\/\" \/>\n<meta property=\"og:site_name\" content=\"Desire\" \/>\n<meta property=\"article:modified_time\" content=\"2026-03-10T05:50:37+00:00\" \/>\n<meta property=\"og:image\" content=\"https:\/\/desireonline.shop\/wp-content\/uploads\/2026\/02\/CN-402840088_00.jpg\" \/>\n\t<meta property=\"og:image:width\" content=\"1000\" \/>\n\t<meta property=\"og:image:height\" content=\"1000\" \/>\n\t<meta property=\"og:image:type\" content=\"image\/jpeg\" \/>\n<meta name=\"twitter:card\" content=\"summary_large_image\" \/>\n<script type=\"application\/ld+json\" class=\"yoast-schema-graph\">{\"@context\":\"https:\/\/schema.org\",\"@graph\":[{\"@type\":\"WebPage\",\"@id\":\"https:\/\/desireonline.shop\/vi\/san-pham\/prof-jason-c-may-massage-tuyen-tien-liet-prostate-screw\/\",\"url\":\"https:\/\/desireonline.shop\/vi\/san-pham\/prof-jason-c-may-massage-tuyen-tien-liet-prostate-screw\/\",\"name\":\"Prof. Jason C M\u00e1y massage tuy\u1ebfn ti\u1ec1n li\u1ec7t Prostate Screw - Desire\",\"isPartOf\":{\"@id\":\"https:\/\/desireonline.shop\/vi\/#website\"},\"primaryImageOfPage\":{\"@id\":\"https:\/\/desireonline.shop\/vi\/san-pham\/prof-jason-c-may-massage-tuyen-tien-liet-prostate-screw\/#primaryimage\"},\"image\":{\"@id\":\"https:\/\/desireonline.shop\/vi\/san-pham\/prof-jason-c-may-massage-tuyen-tien-liet-prostate-screw\/#primaryimage\"},\"thumbnailUrl\":\"https:\/\/desireonline.shop\/wp-content\/uploads\/2026\/02\/CN-402840088_00.jpg\",\"datePublished\":\"2026-02-16T11:43:00+00:00\",\"dateModified\":\"2026-03-10T05:50:37+00:00\",\"breadcrumb\":{\"@id\":\"https:\/\/desireonline.shop\/vi\/san-pham\/prof-jason-c-may-massage-tuyen-tien-liet-prostate-screw\/#breadcrumb\"},\"inLanguage\":\"vi\",\"potentialAction\":[{\"@type\":\"ReadAction\",\"target\":[\"https:\/\/desireonline.shop\/vi\/san-pham\/prof-jason-c-may-massage-tuyen-tien-liet-prostate-screw\/\"]}]},{\"@type\":\"ImageObject\",\"inLanguage\":\"vi\",\"@id\":\"https:\/\/desireonline.shop\/vi\/san-pham\/prof-jason-c-may-massage-tuyen-tien-liet-prostate-screw\/#primaryimage\",\"url\":\"https:\/\/desireonline.shop\/wp-content\/uploads\/2026\/02\/CN-402840088_00.jpg\",\"contentUrl\":\"https:\/\/desireonline.shop\/wp-content\/uploads\/2026\/02\/CN-402840088_00.jpg\",\"width\":1000,\"height\":1000},{\"@type\":\"BreadcrumbList\",\"@id\":\"https:\/\/desireonline.shop\/vi\/san-pham\/prof-jason-c-may-massage-tuyen-tien-liet-prostate-screw\/#breadcrumb\",\"itemListElement\":[{\"@type\":\"ListItem\",\"position\":1,\"name\":\"Home\",\"item\":\"https:\/\/desireonline.shop\/vi\/trang-chu\/?lang=vi\"},{\"@type\":\"ListItem\",\"position\":2,\"name\":\"T\u1ea5t c\u1ea3 s\u1ea3n ph\u1ea9m\",\"item\":\"https:\/\/desireonline.shop\/cua-hang\/?lang=vi\"},{\"@type\":\"ListItem\",\"position\":3,\"name\":\"Prof. Jason C M\u00e1y massage tuy\u1ebfn ti\u1ec1n li\u1ec7t Prostate Screw\"}]},{\"@type\":\"WebSite\",\"@id\":\"https:\/\/desireonline.shop\/vi\/#website\",\"url\":\"https:\/\/desireonline.shop\/vi\/\",\"name\":\"Desire\",\"description\":\"Sexual Wellness Platform\",\"publisher\":{\"@id\":\"https:\/\/desireonline.shop\/vi\/#organization\"},\"potentialAction\":[{\"@type\":\"SearchAction\",\"target\":{\"@type\":\"EntryPoint\",\"urlTemplate\":\"https:\/\/desireonline.shop\/vi\/?s={search_term_string}\"},\"query-input\":{\"@type\":\"PropertyValueSpecification\",\"valueRequired\":true,\"valueName\":\"search_term_string\"}}],\"inLanguage\":\"vi\"},{\"@type\":\"Organization\",\"@id\":\"https:\/\/desireonline.shop\/vi\/#organization\",\"name\":\"Desire\",\"url\":\"https:\/\/desireonline.shop\/vi\/\",\"logo\":{\"@type\":\"ImageObject\",\"inLanguage\":\"vi\",\"@id\":\"https:\/\/desireonline.shop\/vi\/#\/schema\/logo\/image\/\",\"url\":\"https:\/\/desireonline.shop\/wp-content\/uploads\/2024\/06\/Logo-Thick-Font-1.webp\",\"contentUrl\":\"https:\/\/desireonline.shop\/wp-content\/uploads\/2024\/06\/Logo-Thick-Font-1.webp\",\"width\":268,\"height\":399,\"caption\":\"Desire\"},\"image\":{\"@id\":\"https:\/\/desireonline.shop\/vi\/#\/schema\/logo\/image\/\"}}]}<\/script>\n<!-- \/ Yoast SEO plugin. -->","yoast_head_json":{"title":"Prof. Jason C M\u00e1y massage tuy\u1ebfn ti\u1ec1n li\u1ec7t Prostate Screw - Desire","robots":{"index":"index","follow":"follow","max-snippet":"max-snippet:-1","max-image-preview":"max-image-preview:large","max-video-preview":"max-video-preview:-1"},"canonical":"https:\/\/desireonline.shop\/vi\/san-pham\/prof-jason-c-may-massage-tuyen-tien-liet-prostate-screw\/","og_locale":"vi_VN","og_type":"article","og_title":"Prof. Jason C M\u00e1y massage tuy\u1ebfn ti\u1ec1n li\u1ec7t Prostate Screw - Desire","og_description":"V\u1edbi thi\u1ebft k\u1ebf xo\u1eafn d\u1ea1ng xo\u00e1y, d\u1ee5ng c\u1ee5 massage n\u00e0y mang l\u1ea1i tr\u1ea3i nghi\u1ec7m c\u1ea3m gi\u00e1c kh\u00e1c bi\u1ec7t trong khi v\u1eabn d\u1ec5 l\u00e0m quen v\u00e0 d\u1ec5 s\u1eed d\u1ee5ng. Ph\u00f9 h\u1ee3p&hellip;","og_url":"https:\/\/desireonline.shop\/vi\/san-pham\/prof-jason-c-may-massage-tuyen-tien-liet-prostate-screw\/","og_site_name":"Desire","article_modified_time":"2026-03-10T05:50:37+00:00","og_image":[{"width":1000,"height":1000,"url":"https:\/\/desireonline.shop\/wp-content\/uploads\/2026\/02\/CN-402840088_00.jpg","type":"image\/jpeg"}],"twitter_card":"summary_large_image","schema":{"@context":"https:\/\/schema.org","@graph":[{"@type":"WebPage","@id":"https:\/\/desireonline.shop\/vi\/san-pham\/prof-jason-c-may-massage-tuyen-tien-liet-prostate-screw\/","url":"https:\/\/desireonline.shop\/vi\/san-pham\/prof-jason-c-may-massage-tuyen-tien-liet-prostate-screw\/","name":"Prof. Jason C M\u00e1y massage tuy\u1ebfn ti\u1ec1n li\u1ec7t Prostate Screw - Desire","isPartOf":{"@id":"https:\/\/desireonline.shop\/vi\/#website"},"primaryImageOfPage":{"@id":"https:\/\/desireonline.shop\/vi\/san-pham\/prof-jason-c-may-massage-tuyen-tien-liet-prostate-screw\/#primaryimage"},"image":{"@id":"https:\/\/desireonline.shop\/vi\/san-pham\/prof-jason-c-may-massage-tuyen-tien-liet-prostate-screw\/#primaryimage"},"thumbnailUrl":"https:\/\/desireonline.shop\/wp-content\/uploads\/2026\/02\/CN-402840088_00.jpg","datePublished":"2026-02-16T11:43:00+00:00","dateModified":"2026-03-10T05:50:37+00:00","breadcrumb":{"@id":"https:\/\/desireonline.shop\/vi\/san-pham\/prof-jason-c-may-massage-tuyen-tien-liet-prostate-screw\/#breadcrumb"},"inLanguage":"vi","potentialAction":[{"@type":"ReadAction","target":["https:\/\/desireonline.shop\/vi\/san-pham\/prof-jason-c-may-massage-tuyen-tien-liet-prostate-screw\/"]}]},{"@type":"ImageObject","inLanguage":"vi","@id":"https:\/\/desireonline.shop\/vi\/san-pham\/prof-jason-c-may-massage-tuyen-tien-liet-prostate-screw\/#primaryimage","url":"https:\/\/desireonline.shop\/wp-content\/uploads\/2026\/02\/CN-402840088_00.jpg","contentUrl":"https:\/\/desireonline.shop\/wp-content\/uploads\/2026\/02\/CN-402840088_00.jpg","width":1000,"height":1000},{"@type":"BreadcrumbList","@id":"https:\/\/desireonline.shop\/vi\/san-pham\/prof-jason-c-may-massage-tuyen-tien-liet-prostate-screw\/#breadcrumb","itemListElement":[{"@type":"ListItem","position":1,"name":"Home","item":"https:\/\/desireonline.shop\/vi\/trang-chu\/?lang=vi"},{"@type":"ListItem","position":2,"name":"T\u1ea5t c\u1ea3 s\u1ea3n ph\u1ea9m","item":"https:\/\/desireonline.shop\/cua-hang\/?lang=vi"},{"@type":"ListItem","position":3,"name":"Prof. Jason C M\u00e1y massage tuy\u1ebfn ti\u1ec1n li\u1ec7t Prostate Screw"}]},{"@type":"WebSite","@id":"https:\/\/desireonline.shop\/vi\/#website","url":"https:\/\/desireonline.shop\/vi\/","name":"Desire","description":"Sexual Wellness Platform","publisher":{"@id":"https:\/\/desireonline.shop\/vi\/#organization"},"potentialAction":[{"@type":"SearchAction","target":{"@type":"EntryPoint","urlTemplate":"https:\/\/desireonline.shop\/vi\/?s={search_term_string}"},"query-input":{"@type":"PropertyValueSpecification","valueRequired":true,"valueName":"search_term_string"}}],"inLanguage":"vi"},{"@type":"Organization","@id":"https:\/\/desireonline.shop\/vi\/#organization","name":"Desire","url":"https:\/\/desireonline.shop\/vi\/","logo":{"@type":"ImageObject","inLanguage":"vi","@id":"https:\/\/desireonline.shop\/vi\/#\/schema\/logo\/image\/","url":"https:\/\/desireonline.shop\/wp-content\/uploads\/2024\/06\/Logo-Thick-Font-1.webp","contentUrl":"https:\/\/desireonline.shop\/wp-content\/uploads\/2024\/06\/Logo-Thick-Font-1.webp","width":268,"height":399,"caption":"Desire"},"image":{"@id":"https:\/\/desireonline.shop\/vi\/#\/schema\/logo\/image\/"}}]}},"_links":{"self":[{"href":"https:\/\/desireonline.shop\/vi\/wp-json\/wp\/v2\/product\/66088","targetHints":{"allow":["GET"]}}],"collection":[{"href":"https:\/\/desireonline.shop\/vi\/wp-json\/wp\/v2\/product"}],"about":[{"href":"https:\/\/desireonline.shop\/vi\/wp-json\/wp\/v2\/types\/product"}],"replies":[{"embeddable":true,"href":"https:\/\/desireonline.shop\/vi\/wp-json\/wp\/v2\/comments?post=66088"}],"version-history":[{"count":0,"href":"https:\/\/desireonline.shop\/vi\/wp-json\/wp\/v2\/product\/66088\/revisions"}],"wp:featuredmedia":[{"embeddable":true,"href":"https:\/\/desireonline.shop\/vi\/wp-json\/wp\/v2\/media\/62943"}],"wp:attachment":[{"href":"https:\/\/desireonline.shop\/vi\/wp-json\/wp\/v2\/media?parent=66088"}],"wp:term":[{"taxonomy":"product_brand","embeddable":true,"href":"https:\/\/desireonline.shop\/vi\/wp-json\/wp\/v2\/product_brand?post=66088"},{"taxonomy":"product_cat","embeddable":true,"href":"https:\/\/desireonline.shop\/vi\/wp-json\/wp\/v2\/product_cat?post=66088"},{"taxonomy":"product_tag","embeddable":true,"href":"https:\/\/desireonline.shop\/vi\/wp-json\/wp\/v2\/product_tag?post=66088"}],"curies":[{"name":"wp","href":"https:\/\/api.w.org\/{rel}","templated":true}]}}