{"id":66098,"date":"2026-02-16T11:43:00","date_gmt":"2026-02-16T11:43:00","guid":{"rendered":"https:\/\/desireonline.shop\/product\/prof-jason-c-dung-cu-tap-tuyen-tien-liet-prostate-exerciser\/"},"modified":"2026-03-10T05:50:05","modified_gmt":"2026-03-10T05:50:05","slug":"prof-jason-c-dung-cu-tap-tuyen-tien-liet-prostate-exerciser","status":"publish","type":"product","link":"https:\/\/desireonline.shop\/vi\/san-pham\/prof-jason-c-dung-cu-tap-tuyen-tien-liet-prostate-exerciser\/","title":{"rendered":"Prof. Jason C D\u1ee5ng c\u1ee5 t\u1eadp tuy\u1ebfn ti\u1ec1n li\u1ec7t Prostate Exerciser"},"content":{"rendered":"<p>D\u1ee5ng c\u1ee5 t\u1eadp tuy\u1ebfn ti\u1ec1n li\u1ec7t n\u00e0y \u0111\u01b0\u1ee3c thi\u1ebft k\u1ebf \u0111\u1ec3 h\u1ed7 tr\u1ee3 kh\u00e1m ph\u00e1 nh\u1eb9 nh\u00e0ng v\u00e0 c\u00f3 th\u1ec3 l\u1eb7p l\u1ea1i theo nh\u1ecbp \u0111\u1ed9 tho\u1ea3i m\u00e1i c\u1ee7a b\u1ea1n. V\u1edbi thi\u1ebft k\u1ebf tho\u1ea3i m\u00e1i v\u00e0 b\u1ec1 m\u1eb7t m\u1ecbn, s\u1ea3n ph\u1ea9m h\u1ed7 tr\u1ee3 vi\u1ec7c kh\u00e1m ph\u00e1 c\u01a1 th\u1ec3 v\u00e0 n\u00e2ng cao nh\u1eadn th\u1ee9c v\u1ec1 c\u1ea3m gi\u00e1c theo c\u00e1ch th\u01b0 gi\u00e3n v\u00e0 t\u1ef1 nhi\u00ean.<\/p>\n","protected":false},"excerpt":{"rendered":"<p>D\u1ee5ng c\u1ee5 t\u1eadp tuy\u1ebfn ti\u1ec1n li\u1ec7t n\u00e0y \u0111\u01b0\u1ee3c thi\u1ebft k\u1ebf \u0111\u1ec3 h\u1ed7 tr\u1ee3 kh\u00e1m ph\u00e1 nh\u1eb9 nh\u00e0ng v\u00e0 c\u00f3 th\u1ec3 l\u1eb7p l\u1ea1i theo nh\u1ecbp \u0111\u1ed9 tho\u1ea3i m\u00e1i c\u1ee7a b\u1ea1n. V\u1edbi&hellip;<\/p>\n","protected":false},"featured_media":62936,"comment_status":"open","ping_status":"closed","template":"","meta":{"_acf_changed":false},"product_brand":[],"product_cat":[1366],"product_tag":[],"class_list":{"0":"post-66098","1":"product","2":"type-product","3":"status-publish","4":"has-post-thumbnail","6":"product_cat-bo-san-pham-than-mat","8":"first","9":"instock","10":"shipping-taxable","11":"purchasable","12":"product-type-simple"},"acf":[],"yoast_head":"<!-- This site is optimized with the Yoast SEO plugin v27.1.1 - https:\/\/yoast.com\/product\/yoast-seo-wordpress\/ -->\n<title>Prof. Jason C D\u1ee5ng c\u1ee5 t\u1eadp tuy\u1ebfn ti\u1ec1n li\u1ec7t Prostate Exerciser - Desire<\/title>\n<meta name=\"robots\" content=\"index, follow, max-snippet:-1, max-image-preview:large, max-video-preview:-1\" \/>\n<link rel=\"canonical\" href=\"https:\/\/desireonline.shop\/vi\/san-pham\/prof-jason-c-dung-cu-tap-tuyen-tien-liet-prostate-exerciser\/\" \/>\n<meta property=\"og:locale\" content=\"vi_VN\" \/>\n<meta property=\"og:type\" content=\"article\" \/>\n<meta property=\"og:title\" content=\"Prof. Jason C D\u1ee5ng c\u1ee5 t\u1eadp tuy\u1ebfn ti\u1ec1n li\u1ec7t Prostate Exerciser - Desire\" \/>\n<meta property=\"og:description\" content=\"D\u1ee5ng c\u1ee5 t\u1eadp tuy\u1ebfn ti\u1ec1n li\u1ec7t n\u00e0y \u0111\u01b0\u1ee3c thi\u1ebft k\u1ebf \u0111\u1ec3 h\u1ed7 tr\u1ee3 kh\u00e1m ph\u00e1 nh\u1eb9 nh\u00e0ng v\u00e0 c\u00f3 th\u1ec3 l\u1eb7p l\u1ea1i theo nh\u1ecbp \u0111\u1ed9 tho\u1ea3i m\u00e1i c\u1ee7a b\u1ea1n. V\u1edbi&hellip;\" \/>\n<meta property=\"og:url\" content=\"https:\/\/desireonline.shop\/vi\/san-pham\/prof-jason-c-dung-cu-tap-tuyen-tien-liet-prostate-exerciser\/\" \/>\n<meta property=\"og:site_name\" content=\"Desire\" \/>\n<meta property=\"article:modified_time\" content=\"2026-03-10T05:50:05+00:00\" \/>\n<meta property=\"og:image\" content=\"https:\/\/desireonline.shop\/wp-content\/uploads\/2026\/02\/CN-402840093_00.jpg\" \/>\n\t<meta property=\"og:image:width\" content=\"1000\" \/>\n\t<meta property=\"og:image:height\" content=\"1000\" \/>\n\t<meta property=\"og:image:type\" content=\"image\/jpeg\" \/>\n<meta name=\"twitter:card\" content=\"summary_large_image\" \/>\n<script type=\"application\/ld+json\" class=\"yoast-schema-graph\">{\"@context\":\"https:\/\/schema.org\",\"@graph\":[{\"@type\":\"WebPage\",\"@id\":\"https:\/\/desireonline.shop\/vi\/san-pham\/prof-jason-c-dung-cu-tap-tuyen-tien-liet-prostate-exerciser\/\",\"url\":\"https:\/\/desireonline.shop\/vi\/san-pham\/prof-jason-c-dung-cu-tap-tuyen-tien-liet-prostate-exerciser\/\",\"name\":\"Prof. Jason C D\u1ee5ng c\u1ee5 t\u1eadp tuy\u1ebfn ti\u1ec1n li\u1ec7t Prostate Exerciser - Desire\",\"isPartOf\":{\"@id\":\"https:\/\/desireonline.shop\/vi\/#website\"},\"primaryImageOfPage\":{\"@id\":\"https:\/\/desireonline.shop\/vi\/san-pham\/prof-jason-c-dung-cu-tap-tuyen-tien-liet-prostate-exerciser\/#primaryimage\"},\"image\":{\"@id\":\"https:\/\/desireonline.shop\/vi\/san-pham\/prof-jason-c-dung-cu-tap-tuyen-tien-liet-prostate-exerciser\/#primaryimage\"},\"thumbnailUrl\":\"https:\/\/desireonline.shop\/wp-content\/uploads\/2026\/02\/CN-402840093_00.jpg\",\"datePublished\":\"2026-02-16T11:43:00+00:00\",\"dateModified\":\"2026-03-10T05:50:05+00:00\",\"breadcrumb\":{\"@id\":\"https:\/\/desireonline.shop\/vi\/san-pham\/prof-jason-c-dung-cu-tap-tuyen-tien-liet-prostate-exerciser\/#breadcrumb\"},\"inLanguage\":\"vi\",\"potentialAction\":[{\"@type\":\"ReadAction\",\"target\":[\"https:\/\/desireonline.shop\/vi\/san-pham\/prof-jason-c-dung-cu-tap-tuyen-tien-liet-prostate-exerciser\/\"]}]},{\"@type\":\"ImageObject\",\"inLanguage\":\"vi\",\"@id\":\"https:\/\/desireonline.shop\/vi\/san-pham\/prof-jason-c-dung-cu-tap-tuyen-tien-liet-prostate-exerciser\/#primaryimage\",\"url\":\"https:\/\/desireonline.shop\/wp-content\/uploads\/2026\/02\/CN-402840093_00.jpg\",\"contentUrl\":\"https:\/\/desireonline.shop\/wp-content\/uploads\/2026\/02\/CN-402840093_00.jpg\",\"width\":1000,\"height\":1000},{\"@type\":\"BreadcrumbList\",\"@id\":\"https:\/\/desireonline.shop\/vi\/san-pham\/prof-jason-c-dung-cu-tap-tuyen-tien-liet-prostate-exerciser\/#breadcrumb\",\"itemListElement\":[{\"@type\":\"ListItem\",\"position\":1,\"name\":\"Home\",\"item\":\"https:\/\/desireonline.shop\/vi\/trang-chu\/?lang=vi\"},{\"@type\":\"ListItem\",\"position\":2,\"name\":\"T\u1ea5t c\u1ea3 s\u1ea3n ph\u1ea9m\",\"item\":\"https:\/\/desireonline.shop\/cua-hang\/?lang=vi\"},{\"@type\":\"ListItem\",\"position\":3,\"name\":\"Prof. Jason C D\u1ee5ng c\u1ee5 t\u1eadp tuy\u1ebfn ti\u1ec1n li\u1ec7t Prostate Exerciser\"}]},{\"@type\":\"WebSite\",\"@id\":\"https:\/\/desireonline.shop\/vi\/#website\",\"url\":\"https:\/\/desireonline.shop\/vi\/\",\"name\":\"Desire\",\"description\":\"Sexual Wellness Platform\",\"publisher\":{\"@id\":\"https:\/\/desireonline.shop\/vi\/#organization\"},\"potentialAction\":[{\"@type\":\"SearchAction\",\"target\":{\"@type\":\"EntryPoint\",\"urlTemplate\":\"https:\/\/desireonline.shop\/vi\/?s={search_term_string}\"},\"query-input\":{\"@type\":\"PropertyValueSpecification\",\"valueRequired\":true,\"valueName\":\"search_term_string\"}}],\"inLanguage\":\"vi\"},{\"@type\":\"Organization\",\"@id\":\"https:\/\/desireonline.shop\/vi\/#organization\",\"name\":\"Desire\",\"url\":\"https:\/\/desireonline.shop\/vi\/\",\"logo\":{\"@type\":\"ImageObject\",\"inLanguage\":\"vi\",\"@id\":\"https:\/\/desireonline.shop\/vi\/#\/schema\/logo\/image\/\",\"url\":\"https:\/\/desireonline.shop\/wp-content\/uploads\/2024\/06\/Logo-Thick-Font-1.webp\",\"contentUrl\":\"https:\/\/desireonline.shop\/wp-content\/uploads\/2024\/06\/Logo-Thick-Font-1.webp\",\"width\":268,\"height\":399,\"caption\":\"Desire\"},\"image\":{\"@id\":\"https:\/\/desireonline.shop\/vi\/#\/schema\/logo\/image\/\"}}]}<\/script>\n<!-- \/ Yoast SEO plugin. -->","yoast_head_json":{"title":"Prof. Jason C D\u1ee5ng c\u1ee5 t\u1eadp tuy\u1ebfn ti\u1ec1n li\u1ec7t Prostate Exerciser - Desire","robots":{"index":"index","follow":"follow","max-snippet":"max-snippet:-1","max-image-preview":"max-image-preview:large","max-video-preview":"max-video-preview:-1"},"canonical":"https:\/\/desireonline.shop\/vi\/san-pham\/prof-jason-c-dung-cu-tap-tuyen-tien-liet-prostate-exerciser\/","og_locale":"vi_VN","og_type":"article","og_title":"Prof. Jason C D\u1ee5ng c\u1ee5 t\u1eadp tuy\u1ebfn ti\u1ec1n li\u1ec7t Prostate Exerciser - Desire","og_description":"D\u1ee5ng c\u1ee5 t\u1eadp tuy\u1ebfn ti\u1ec1n li\u1ec7t n\u00e0y \u0111\u01b0\u1ee3c thi\u1ebft k\u1ebf \u0111\u1ec3 h\u1ed7 tr\u1ee3 kh\u00e1m ph\u00e1 nh\u1eb9 nh\u00e0ng v\u00e0 c\u00f3 th\u1ec3 l\u1eb7p l\u1ea1i theo nh\u1ecbp \u0111\u1ed9 tho\u1ea3i m\u00e1i c\u1ee7a b\u1ea1n. V\u1edbi&hellip;","og_url":"https:\/\/desireonline.shop\/vi\/san-pham\/prof-jason-c-dung-cu-tap-tuyen-tien-liet-prostate-exerciser\/","og_site_name":"Desire","article_modified_time":"2026-03-10T05:50:05+00:00","og_image":[{"width":1000,"height":1000,"url":"https:\/\/desireonline.shop\/wp-content\/uploads\/2026\/02\/CN-402840093_00.jpg","type":"image\/jpeg"}],"twitter_card":"summary_large_image","schema":{"@context":"https:\/\/schema.org","@graph":[{"@type":"WebPage","@id":"https:\/\/desireonline.shop\/vi\/san-pham\/prof-jason-c-dung-cu-tap-tuyen-tien-liet-prostate-exerciser\/","url":"https:\/\/desireonline.shop\/vi\/san-pham\/prof-jason-c-dung-cu-tap-tuyen-tien-liet-prostate-exerciser\/","name":"Prof. Jason C D\u1ee5ng c\u1ee5 t\u1eadp tuy\u1ebfn ti\u1ec1n li\u1ec7t Prostate Exerciser - Desire","isPartOf":{"@id":"https:\/\/desireonline.shop\/vi\/#website"},"primaryImageOfPage":{"@id":"https:\/\/desireonline.shop\/vi\/san-pham\/prof-jason-c-dung-cu-tap-tuyen-tien-liet-prostate-exerciser\/#primaryimage"},"image":{"@id":"https:\/\/desireonline.shop\/vi\/san-pham\/prof-jason-c-dung-cu-tap-tuyen-tien-liet-prostate-exerciser\/#primaryimage"},"thumbnailUrl":"https:\/\/desireonline.shop\/wp-content\/uploads\/2026\/02\/CN-402840093_00.jpg","datePublished":"2026-02-16T11:43:00+00:00","dateModified":"2026-03-10T05:50:05+00:00","breadcrumb":{"@id":"https:\/\/desireonline.shop\/vi\/san-pham\/prof-jason-c-dung-cu-tap-tuyen-tien-liet-prostate-exerciser\/#breadcrumb"},"inLanguage":"vi","potentialAction":[{"@type":"ReadAction","target":["https:\/\/desireonline.shop\/vi\/san-pham\/prof-jason-c-dung-cu-tap-tuyen-tien-liet-prostate-exerciser\/"]}]},{"@type":"ImageObject","inLanguage":"vi","@id":"https:\/\/desireonline.shop\/vi\/san-pham\/prof-jason-c-dung-cu-tap-tuyen-tien-liet-prostate-exerciser\/#primaryimage","url":"https:\/\/desireonline.shop\/wp-content\/uploads\/2026\/02\/CN-402840093_00.jpg","contentUrl":"https:\/\/desireonline.shop\/wp-content\/uploads\/2026\/02\/CN-402840093_00.jpg","width":1000,"height":1000},{"@type":"BreadcrumbList","@id":"https:\/\/desireonline.shop\/vi\/san-pham\/prof-jason-c-dung-cu-tap-tuyen-tien-liet-prostate-exerciser\/#breadcrumb","itemListElement":[{"@type":"ListItem","position":1,"name":"Home","item":"https:\/\/desireonline.shop\/vi\/trang-chu\/?lang=vi"},{"@type":"ListItem","position":2,"name":"T\u1ea5t c\u1ea3 s\u1ea3n ph\u1ea9m","item":"https:\/\/desireonline.shop\/cua-hang\/?lang=vi"},{"@type":"ListItem","position":3,"name":"Prof. Jason C D\u1ee5ng c\u1ee5 t\u1eadp tuy\u1ebfn ti\u1ec1n li\u1ec7t Prostate Exerciser"}]},{"@type":"WebSite","@id":"https:\/\/desireonline.shop\/vi\/#website","url":"https:\/\/desireonline.shop\/vi\/","name":"Desire","description":"Sexual Wellness Platform","publisher":{"@id":"https:\/\/desireonline.shop\/vi\/#organization"},"potentialAction":[{"@type":"SearchAction","target":{"@type":"EntryPoint","urlTemplate":"https:\/\/desireonline.shop\/vi\/?s={search_term_string}"},"query-input":{"@type":"PropertyValueSpecification","valueRequired":true,"valueName":"search_term_string"}}],"inLanguage":"vi"},{"@type":"Organization","@id":"https:\/\/desireonline.shop\/vi\/#organization","name":"Desire","url":"https:\/\/desireonline.shop\/vi\/","logo":{"@type":"ImageObject","inLanguage":"vi","@id":"https:\/\/desireonline.shop\/vi\/#\/schema\/logo\/image\/","url":"https:\/\/desireonline.shop\/wp-content\/uploads\/2024\/06\/Logo-Thick-Font-1.webp","contentUrl":"https:\/\/desireonline.shop\/wp-content\/uploads\/2024\/06\/Logo-Thick-Font-1.webp","width":268,"height":399,"caption":"Desire"},"image":{"@id":"https:\/\/desireonline.shop\/vi\/#\/schema\/logo\/image\/"}}]}},"_links":{"self":[{"href":"https:\/\/desireonline.shop\/vi\/wp-json\/wp\/v2\/product\/66098","targetHints":{"allow":["GET"]}}],"collection":[{"href":"https:\/\/desireonline.shop\/vi\/wp-json\/wp\/v2\/product"}],"about":[{"href":"https:\/\/desireonline.shop\/vi\/wp-json\/wp\/v2\/types\/product"}],"replies":[{"embeddable":true,"href":"https:\/\/desireonline.shop\/vi\/wp-json\/wp\/v2\/comments?post=66098"}],"version-history":[{"count":0,"href":"https:\/\/desireonline.shop\/vi\/wp-json\/wp\/v2\/product\/66098\/revisions"}],"wp:featuredmedia":[{"embeddable":true,"href":"https:\/\/desireonline.shop\/vi\/wp-json\/wp\/v2\/media\/62936"}],"wp:attachment":[{"href":"https:\/\/desireonline.shop\/vi\/wp-json\/wp\/v2\/media?parent=66098"}],"wp:term":[{"taxonomy":"product_brand","embeddable":true,"href":"https:\/\/desireonline.shop\/vi\/wp-json\/wp\/v2\/product_brand?post=66098"},{"taxonomy":"product_cat","embeddable":true,"href":"https:\/\/desireonline.shop\/vi\/wp-json\/wp\/v2\/product_cat?post=66098"},{"taxonomy":"product_tag","embeddable":true,"href":"https:\/\/desireonline.shop\/vi\/wp-json\/wp\/v2\/product_tag?post=66098"}],"curies":[{"name":"wp","href":"https:\/\/api.w.org\/{rel}","templated":true}]}}