{"id":66105,"date":"2026-02-16T11:45:00","date_gmt":"2026-02-16T11:45:00","guid":{"rendered":"https:\/\/desireonline.shop\/product\/prof-jason-c-he-thong-bom-duong-vat-basic-penis-enlarger\/"},"modified":"2026-03-10T05:50:21","modified_gmt":"2026-03-10T05:50:21","slug":"prof-jason-c-he-thong-bom-duong-vat-basic-penis-enlarger","status":"publish","type":"product","link":"https:\/\/desireonline.shop\/vi\/san-pham\/prof-jason-c-he-thong-bom-duong-vat-basic-penis-enlarger\/","title":{"rendered":"Prof. Jason C H\u1ec7 th\u1ed1ng b\u01a1m d\u01b0\u01a1ng v\u1eadt Basic Penis Enlarger"},"content":{"rendered":"<p>H\u1ec7 th\u1ed1ng h\u1ed7 tr\u1ee3 t\u0103ng k\u00edch th\u01b0\u1edbc c\u01a1 b\u1ea3n n\u00e0y \u0111\u01b0\u1ee3c thi\u1ebft k\u1ebf d\u00e0nh cho nh\u1eefng ng\u01b0\u1eddi quan t\u00e2m \u0111\u1ebfn vi\u1ec7c c\u1ea3i thi\u1ec7n d\u1ea7n d\u1ea7n theo th\u00f3i quen v\u00e0 qu\u00e1 tr\u00ecnh \u1ed5n \u0111\u1ecbnh. D\u1ec5 s\u1eed d\u1ee5ng v\u00e0 d\u1ec5 b\u1ea3o tr\u00ec, s\u1ea3n ph\u1ea9m h\u1ed7 tr\u1ee3 ph\u01b0\u01a1ng ph\u00e1p ti\u1ebfp c\u1eadn ch\u1eadm r\u00e3i v\u00e0 \u0111\u1ec1u \u0111\u1eb7n, t\u1eadp trung v\u00e0o s\u1ef1 ki\u00ean tr\u00ec v\u00e0 t\u1ef1 tin trong qu\u00e1 tr\u00ecnh s\u1eed d\u1ee5ng.<\/p>\n","protected":false},"excerpt":{"rendered":"<p>H\u1ec7 th\u1ed1ng h\u1ed7 tr\u1ee3 t\u0103ng k\u00edch th\u01b0\u1edbc c\u01a1 b\u1ea3n n\u00e0y \u0111\u01b0\u1ee3c thi\u1ebft k\u1ebf d\u00e0nh cho nh\u1eefng ng\u01b0\u1eddi quan t\u00e2m \u0111\u1ebfn vi\u1ec7c c\u1ea3i thi\u1ec7n d\u1ea7n d\u1ea7n theo th\u00f3i quen v\u00e0 qu\u00e1&hellip;<\/p>\n","protected":false},"featured_media":62968,"comment_status":"open","ping_status":"closed","template":"","meta":{"_acf_changed":false},"product_brand":[],"product_cat":[1405],"product_tag":[],"class_list":{"0":"post-66105","1":"product","2":"type-product","3":"status-publish","4":"has-post-thumbnail","6":"product_cat-bao-ong-ho-tro","8":"first","9":"instock","10":"shipping-taxable","11":"purchasable","12":"product-type-simple"},"acf":[],"yoast_head":"<!-- This site is optimized with the Yoast SEO plugin v27.1.1 - https:\/\/yoast.com\/product\/yoast-seo-wordpress\/ -->\n<title>Prof. Jason C H\u1ec7 th\u1ed1ng b\u01a1m d\u01b0\u01a1ng v\u1eadt Basic Penis Enlarger - Desire<\/title>\n<meta name=\"robots\" content=\"index, follow, max-snippet:-1, max-image-preview:large, max-video-preview:-1\" \/>\n<link rel=\"canonical\" href=\"https:\/\/desireonline.shop\/vi\/san-pham\/prof-jason-c-he-thong-bom-duong-vat-basic-penis-enlarger\/\" \/>\n<meta property=\"og:locale\" content=\"vi_VN\" \/>\n<meta property=\"og:type\" content=\"article\" \/>\n<meta property=\"og:title\" content=\"Prof. Jason C H\u1ec7 th\u1ed1ng b\u01a1m d\u01b0\u01a1ng v\u1eadt Basic Penis Enlarger - Desire\" \/>\n<meta property=\"og:description\" content=\"H\u1ec7 th\u1ed1ng h\u1ed7 tr\u1ee3 t\u0103ng k\u00edch th\u01b0\u1edbc c\u01a1 b\u1ea3n n\u00e0y \u0111\u01b0\u1ee3c thi\u1ebft k\u1ebf d\u00e0nh cho nh\u1eefng ng\u01b0\u1eddi quan t\u00e2m \u0111\u1ebfn vi\u1ec7c c\u1ea3i thi\u1ec7n d\u1ea7n d\u1ea7n theo th\u00f3i quen v\u00e0 qu\u00e1&hellip;\" \/>\n<meta property=\"og:url\" content=\"https:\/\/desireonline.shop\/vi\/san-pham\/prof-jason-c-he-thong-bom-duong-vat-basic-penis-enlarger\/\" \/>\n<meta property=\"og:site_name\" content=\"Desire\" \/>\n<meta property=\"article:modified_time\" content=\"2026-03-10T05:50:21+00:00\" \/>\n<meta property=\"og:image\" content=\"https:\/\/desireonline.shop\/wp-content\/uploads\/2026\/02\/CN-372305892_00.jpg\" \/>\n\t<meta property=\"og:image:width\" content=\"1000\" \/>\n\t<meta property=\"og:image:height\" content=\"1000\" \/>\n\t<meta property=\"og:image:type\" content=\"image\/jpeg\" \/>\n<meta name=\"twitter:card\" content=\"summary_large_image\" \/>\n<meta name=\"twitter:label1\" content=\"\u01af\u1edbc t\u00ednh th\u1eddi gian \u0111\u1ecdc\" \/>\n\t<meta name=\"twitter:data1\" content=\"1 ph\u00fat\" \/>\n<script type=\"application\/ld+json\" class=\"yoast-schema-graph\">{\"@context\":\"https:\/\/schema.org\",\"@graph\":[{\"@type\":\"WebPage\",\"@id\":\"https:\/\/desireonline.shop\/vi\/san-pham\/prof-jason-c-he-thong-bom-duong-vat-basic-penis-enlarger\/\",\"url\":\"https:\/\/desireonline.shop\/vi\/san-pham\/prof-jason-c-he-thong-bom-duong-vat-basic-penis-enlarger\/\",\"name\":\"Prof. Jason C H\u1ec7 th\u1ed1ng b\u01a1m d\u01b0\u01a1ng v\u1eadt Basic Penis Enlarger - Desire\",\"isPartOf\":{\"@id\":\"https:\/\/desireonline.shop\/vi\/#website\"},\"primaryImageOfPage\":{\"@id\":\"https:\/\/desireonline.shop\/vi\/san-pham\/prof-jason-c-he-thong-bom-duong-vat-basic-penis-enlarger\/#primaryimage\"},\"image\":{\"@id\":\"https:\/\/desireonline.shop\/vi\/san-pham\/prof-jason-c-he-thong-bom-duong-vat-basic-penis-enlarger\/#primaryimage\"},\"thumbnailUrl\":\"https:\/\/desireonline.shop\/wp-content\/uploads\/2026\/02\/CN-372305892_00.jpg\",\"datePublished\":\"2026-02-16T11:45:00+00:00\",\"dateModified\":\"2026-03-10T05:50:21+00:00\",\"breadcrumb\":{\"@id\":\"https:\/\/desireonline.shop\/vi\/san-pham\/prof-jason-c-he-thong-bom-duong-vat-basic-penis-enlarger\/#breadcrumb\"},\"inLanguage\":\"vi\",\"potentialAction\":[{\"@type\":\"ReadAction\",\"target\":[\"https:\/\/desireonline.shop\/vi\/san-pham\/prof-jason-c-he-thong-bom-duong-vat-basic-penis-enlarger\/\"]}]},{\"@type\":\"ImageObject\",\"inLanguage\":\"vi\",\"@id\":\"https:\/\/desireonline.shop\/vi\/san-pham\/prof-jason-c-he-thong-bom-duong-vat-basic-penis-enlarger\/#primaryimage\",\"url\":\"https:\/\/desireonline.shop\/wp-content\/uploads\/2026\/02\/CN-372305892_00.jpg\",\"contentUrl\":\"https:\/\/desireonline.shop\/wp-content\/uploads\/2026\/02\/CN-372305892_00.jpg\",\"width\":1000,\"height\":1000},{\"@type\":\"BreadcrumbList\",\"@id\":\"https:\/\/desireonline.shop\/vi\/san-pham\/prof-jason-c-he-thong-bom-duong-vat-basic-penis-enlarger\/#breadcrumb\",\"itemListElement\":[{\"@type\":\"ListItem\",\"position\":1,\"name\":\"Home\",\"item\":\"https:\/\/desireonline.shop\/vi\/trang-chu\/?lang=vi\"},{\"@type\":\"ListItem\",\"position\":2,\"name\":\"T\u1ea5t c\u1ea3 s\u1ea3n ph\u1ea9m\",\"item\":\"https:\/\/desireonline.shop\/cua-hang\/?lang=vi\"},{\"@type\":\"ListItem\",\"position\":3,\"name\":\"Prof. Jason C H\u1ec7 th\u1ed1ng b\u01a1m d\u01b0\u01a1ng v\u1eadt Basic Penis Enlarger\"}]},{\"@type\":\"WebSite\",\"@id\":\"https:\/\/desireonline.shop\/vi\/#website\",\"url\":\"https:\/\/desireonline.shop\/vi\/\",\"name\":\"Desire\",\"description\":\"Sexual Wellness Platform\",\"publisher\":{\"@id\":\"https:\/\/desireonline.shop\/vi\/#organization\"},\"potentialAction\":[{\"@type\":\"SearchAction\",\"target\":{\"@type\":\"EntryPoint\",\"urlTemplate\":\"https:\/\/desireonline.shop\/vi\/?s={search_term_string}\"},\"query-input\":{\"@type\":\"PropertyValueSpecification\",\"valueRequired\":true,\"valueName\":\"search_term_string\"}}],\"inLanguage\":\"vi\"},{\"@type\":\"Organization\",\"@id\":\"https:\/\/desireonline.shop\/vi\/#organization\",\"name\":\"Desire\",\"url\":\"https:\/\/desireonline.shop\/vi\/\",\"logo\":{\"@type\":\"ImageObject\",\"inLanguage\":\"vi\",\"@id\":\"https:\/\/desireonline.shop\/vi\/#\/schema\/logo\/image\/\",\"url\":\"https:\/\/desireonline.shop\/wp-content\/uploads\/2024\/06\/Logo-Thick-Font-1.webp\",\"contentUrl\":\"https:\/\/desireonline.shop\/wp-content\/uploads\/2024\/06\/Logo-Thick-Font-1.webp\",\"width\":268,\"height\":399,\"caption\":\"Desire\"},\"image\":{\"@id\":\"https:\/\/desireonline.shop\/vi\/#\/schema\/logo\/image\/\"}}]}<\/script>\n<!-- \/ Yoast SEO plugin. -->","yoast_head_json":{"title":"Prof. Jason C H\u1ec7 th\u1ed1ng b\u01a1m d\u01b0\u01a1ng v\u1eadt Basic Penis Enlarger - Desire","robots":{"index":"index","follow":"follow","max-snippet":"max-snippet:-1","max-image-preview":"max-image-preview:large","max-video-preview":"max-video-preview:-1"},"canonical":"https:\/\/desireonline.shop\/vi\/san-pham\/prof-jason-c-he-thong-bom-duong-vat-basic-penis-enlarger\/","og_locale":"vi_VN","og_type":"article","og_title":"Prof. Jason C H\u1ec7 th\u1ed1ng b\u01a1m d\u01b0\u01a1ng v\u1eadt Basic Penis Enlarger - Desire","og_description":"H\u1ec7 th\u1ed1ng h\u1ed7 tr\u1ee3 t\u0103ng k\u00edch th\u01b0\u1edbc c\u01a1 b\u1ea3n n\u00e0y \u0111\u01b0\u1ee3c thi\u1ebft k\u1ebf d\u00e0nh cho nh\u1eefng ng\u01b0\u1eddi quan t\u00e2m \u0111\u1ebfn vi\u1ec7c c\u1ea3i thi\u1ec7n d\u1ea7n d\u1ea7n theo th\u00f3i quen v\u00e0 qu\u00e1&hellip;","og_url":"https:\/\/desireonline.shop\/vi\/san-pham\/prof-jason-c-he-thong-bom-duong-vat-basic-penis-enlarger\/","og_site_name":"Desire","article_modified_time":"2026-03-10T05:50:21+00:00","og_image":[{"width":1000,"height":1000,"url":"https:\/\/desireonline.shop\/wp-content\/uploads\/2026\/02\/CN-372305892_00.jpg","type":"image\/jpeg"}],"twitter_card":"summary_large_image","twitter_misc":{"\u01af\u1edbc t\u00ednh th\u1eddi gian \u0111\u1ecdc":"1 ph\u00fat"},"schema":{"@context":"https:\/\/schema.org","@graph":[{"@type":"WebPage","@id":"https:\/\/desireonline.shop\/vi\/san-pham\/prof-jason-c-he-thong-bom-duong-vat-basic-penis-enlarger\/","url":"https:\/\/desireonline.shop\/vi\/san-pham\/prof-jason-c-he-thong-bom-duong-vat-basic-penis-enlarger\/","name":"Prof. Jason C H\u1ec7 th\u1ed1ng b\u01a1m d\u01b0\u01a1ng v\u1eadt Basic Penis Enlarger - Desire","isPartOf":{"@id":"https:\/\/desireonline.shop\/vi\/#website"},"primaryImageOfPage":{"@id":"https:\/\/desireonline.shop\/vi\/san-pham\/prof-jason-c-he-thong-bom-duong-vat-basic-penis-enlarger\/#primaryimage"},"image":{"@id":"https:\/\/desireonline.shop\/vi\/san-pham\/prof-jason-c-he-thong-bom-duong-vat-basic-penis-enlarger\/#primaryimage"},"thumbnailUrl":"https:\/\/desireonline.shop\/wp-content\/uploads\/2026\/02\/CN-372305892_00.jpg","datePublished":"2026-02-16T11:45:00+00:00","dateModified":"2026-03-10T05:50:21+00:00","breadcrumb":{"@id":"https:\/\/desireonline.shop\/vi\/san-pham\/prof-jason-c-he-thong-bom-duong-vat-basic-penis-enlarger\/#breadcrumb"},"inLanguage":"vi","potentialAction":[{"@type":"ReadAction","target":["https:\/\/desireonline.shop\/vi\/san-pham\/prof-jason-c-he-thong-bom-duong-vat-basic-penis-enlarger\/"]}]},{"@type":"ImageObject","inLanguage":"vi","@id":"https:\/\/desireonline.shop\/vi\/san-pham\/prof-jason-c-he-thong-bom-duong-vat-basic-penis-enlarger\/#primaryimage","url":"https:\/\/desireonline.shop\/wp-content\/uploads\/2026\/02\/CN-372305892_00.jpg","contentUrl":"https:\/\/desireonline.shop\/wp-content\/uploads\/2026\/02\/CN-372305892_00.jpg","width":1000,"height":1000},{"@type":"BreadcrumbList","@id":"https:\/\/desireonline.shop\/vi\/san-pham\/prof-jason-c-he-thong-bom-duong-vat-basic-penis-enlarger\/#breadcrumb","itemListElement":[{"@type":"ListItem","position":1,"name":"Home","item":"https:\/\/desireonline.shop\/vi\/trang-chu\/?lang=vi"},{"@type":"ListItem","position":2,"name":"T\u1ea5t c\u1ea3 s\u1ea3n ph\u1ea9m","item":"https:\/\/desireonline.shop\/cua-hang\/?lang=vi"},{"@type":"ListItem","position":3,"name":"Prof. Jason C H\u1ec7 th\u1ed1ng b\u01a1m d\u01b0\u01a1ng v\u1eadt Basic Penis Enlarger"}]},{"@type":"WebSite","@id":"https:\/\/desireonline.shop\/vi\/#website","url":"https:\/\/desireonline.shop\/vi\/","name":"Desire","description":"Sexual Wellness Platform","publisher":{"@id":"https:\/\/desireonline.shop\/vi\/#organization"},"potentialAction":[{"@type":"SearchAction","target":{"@type":"EntryPoint","urlTemplate":"https:\/\/desireonline.shop\/vi\/?s={search_term_string}"},"query-input":{"@type":"PropertyValueSpecification","valueRequired":true,"valueName":"search_term_string"}}],"inLanguage":"vi"},{"@type":"Organization","@id":"https:\/\/desireonline.shop\/vi\/#organization","name":"Desire","url":"https:\/\/desireonline.shop\/vi\/","logo":{"@type":"ImageObject","inLanguage":"vi","@id":"https:\/\/desireonline.shop\/vi\/#\/schema\/logo\/image\/","url":"https:\/\/desireonline.shop\/wp-content\/uploads\/2024\/06\/Logo-Thick-Font-1.webp","contentUrl":"https:\/\/desireonline.shop\/wp-content\/uploads\/2024\/06\/Logo-Thick-Font-1.webp","width":268,"height":399,"caption":"Desire"},"image":{"@id":"https:\/\/desireonline.shop\/vi\/#\/schema\/logo\/image\/"}}]}},"_links":{"self":[{"href":"https:\/\/desireonline.shop\/vi\/wp-json\/wp\/v2\/product\/66105","targetHints":{"allow":["GET"]}}],"collection":[{"href":"https:\/\/desireonline.shop\/vi\/wp-json\/wp\/v2\/product"}],"about":[{"href":"https:\/\/desireonline.shop\/vi\/wp-json\/wp\/v2\/types\/product"}],"replies":[{"embeddable":true,"href":"https:\/\/desireonline.shop\/vi\/wp-json\/wp\/v2\/comments?post=66105"}],"version-history":[{"count":0,"href":"https:\/\/desireonline.shop\/vi\/wp-json\/wp\/v2\/product\/66105\/revisions"}],"wp:featuredmedia":[{"embeddable":true,"href":"https:\/\/desireonline.shop\/vi\/wp-json\/wp\/v2\/media\/62968"}],"wp:attachment":[{"href":"https:\/\/desireonline.shop\/vi\/wp-json\/wp\/v2\/media?parent=66105"}],"wp:term":[{"taxonomy":"product_brand","embeddable":true,"href":"https:\/\/desireonline.shop\/vi\/wp-json\/wp\/v2\/product_brand?post=66105"},{"taxonomy":"product_cat","embeddable":true,"href":"https:\/\/desireonline.shop\/vi\/wp-json\/wp\/v2\/product_cat?post=66105"},{"taxonomy":"product_tag","embeddable":true,"href":"https:\/\/desireonline.shop\/vi\/wp-json\/wp\/v2\/product_tag?post=66105"}],"curies":[{"name":"wp","href":"https:\/\/api.w.org\/{rel}","templated":true}]}}