{"id":66114,"date":"2026-02-16T11:45:00","date_gmt":"2026-02-16T11:45:00","guid":{"rendered":"https:\/\/desireonline.shop\/product\/prof-jason-c-am-dao-gia-nam-rung-solo-vibrating-masturbator\/"},"modified":"2026-03-10T05:50:06","modified_gmt":"2026-03-10T05:50:06","slug":"prof-jason-c-am-dao-gia-nam-rung-solo-vibrating-masturbator","status":"publish","type":"product","link":"https:\/\/desireonline.shop\/vi\/san-pham\/prof-jason-c-am-dao-gia-nam-rung-solo-vibrating-masturbator\/","title":{"rendered":"Prof. Jason C \u00c2m \u0111\u1ea1o gi\u1ea3 nam rung Solo Vibrating Masturbator"},"content":{"rendered":"<p>\u0110\u01b0\u1ee3c thi\u1ebft k\u1ebf cho tr\u1ea3i nghi\u1ec7m c\u00e1 nh\u00e2n th\u01b0 gi\u00e3n, \u00e2m \u0111\u1ea1o gi\u1ea3 nam rung n\u00e0y mang l\u1ea1i s\u1ef1 \u0111\u01a1n gi\u1ea3n v\u00e0 hi\u1ec7u qu\u1ea3 khi s\u1eed d\u1ee5ng. D\u1ec5 d\u00f9ng v\u00e0 k\u00edn \u0111\u00e1o, \u0111\u00e2y l\u00e0 l\u1ef1a ch\u1ecdn ph\u00f9 h\u1ee3p cho vi\u1ec7c th\u01b0 gi\u00e3n h\u00e0ng ng\u00e0y v\u00e0 k\u1ebft n\u1ed1i l\u1ea1i v\u1edbi c\u1ea3m gi\u00e1c c\u1ee7a c\u01a1 th\u1ec3 b\u1ea1n.<\/p>\n","protected":false},"excerpt":{"rendered":"<p>\u0110\u01b0\u1ee3c thi\u1ebft k\u1ebf cho tr\u1ea3i nghi\u1ec7m c\u00e1 nh\u00e2n th\u01b0 gi\u00e3n, \u00e2m \u0111\u1ea1o gi\u1ea3 nam rung n\u00e0y mang l\u1ea1i s\u1ef1 \u0111\u01a1n gi\u1ea3n v\u00e0 hi\u1ec7u qu\u1ea3 khi s\u1eed d\u1ee5ng. D\u1ec5 d\u00f9ng v\u00e0&hellip;<\/p>\n","protected":false},"featured_media":62962,"comment_status":"open","ping_status":"closed","template":"","meta":{"_acf_changed":false},"product_brand":[],"product_cat":[1407],"product_tag":[],"class_list":{"0":"post-66114","1":"product","2":"type-product","3":"status-publish","4":"has-post-thumbnail","6":"product_cat-am-dao-gia-cho-nam","8":"first","9":"instock","10":"shipping-taxable","11":"purchasable","12":"product-type-simple"},"acf":[],"yoast_head":"<!-- This site is optimized with the Yoast SEO plugin v27.1.1 - https:\/\/yoast.com\/product\/yoast-seo-wordpress\/ -->\n<title>Prof. Jason C \u00c2m \u0111\u1ea1o gi\u1ea3 nam rung Solo Vibrating Masturbator - Desire<\/title>\n<meta name=\"robots\" content=\"index, follow, max-snippet:-1, max-image-preview:large, max-video-preview:-1\" \/>\n<link rel=\"canonical\" href=\"https:\/\/desireonline.shop\/vi\/san-pham\/prof-jason-c-am-dao-gia-nam-rung-solo-vibrating-masturbator\/\" \/>\n<meta property=\"og:locale\" content=\"vi_VN\" \/>\n<meta property=\"og:type\" content=\"article\" \/>\n<meta property=\"og:title\" content=\"Prof. Jason C \u00c2m \u0111\u1ea1o gi\u1ea3 nam rung Solo Vibrating Masturbator - Desire\" \/>\n<meta property=\"og:description\" content=\"\u0110\u01b0\u1ee3c thi\u1ebft k\u1ebf cho tr\u1ea3i nghi\u1ec7m c\u00e1 nh\u00e2n th\u01b0 gi\u00e3n, \u00e2m \u0111\u1ea1o gi\u1ea3 nam rung n\u00e0y mang l\u1ea1i s\u1ef1 \u0111\u01a1n gi\u1ea3n v\u00e0 hi\u1ec7u qu\u1ea3 khi s\u1eed d\u1ee5ng. D\u1ec5 d\u00f9ng v\u00e0&hellip;\" \/>\n<meta property=\"og:url\" content=\"https:\/\/desireonline.shop\/vi\/san-pham\/prof-jason-c-am-dao-gia-nam-rung-solo-vibrating-masturbator\/\" \/>\n<meta property=\"og:site_name\" content=\"Desire\" \/>\n<meta property=\"article:modified_time\" content=\"2026-03-10T05:50:06+00:00\" \/>\n<meta property=\"og:image\" content=\"https:\/\/desireonline.shop\/wp-content\/uploads\/2026\/02\/CN-543346657_00.jpg\" \/>\n\t<meta property=\"og:image:width\" content=\"1000\" \/>\n\t<meta property=\"og:image:height\" content=\"1000\" \/>\n\t<meta property=\"og:image:type\" content=\"image\/jpeg\" \/>\n<meta name=\"twitter:card\" content=\"summary_large_image\" \/>\n<script type=\"application\/ld+json\" class=\"yoast-schema-graph\">{\"@context\":\"https:\/\/schema.org\",\"@graph\":[{\"@type\":\"WebPage\",\"@id\":\"https:\/\/desireonline.shop\/vi\/san-pham\/prof-jason-c-am-dao-gia-nam-rung-solo-vibrating-masturbator\/\",\"url\":\"https:\/\/desireonline.shop\/vi\/san-pham\/prof-jason-c-am-dao-gia-nam-rung-solo-vibrating-masturbator\/\",\"name\":\"Prof. Jason C \u00c2m \u0111\u1ea1o gi\u1ea3 nam rung Solo Vibrating Masturbator - Desire\",\"isPartOf\":{\"@id\":\"https:\/\/desireonline.shop\/vi\/#website\"},\"primaryImageOfPage\":{\"@id\":\"https:\/\/desireonline.shop\/vi\/san-pham\/prof-jason-c-am-dao-gia-nam-rung-solo-vibrating-masturbator\/#primaryimage\"},\"image\":{\"@id\":\"https:\/\/desireonline.shop\/vi\/san-pham\/prof-jason-c-am-dao-gia-nam-rung-solo-vibrating-masturbator\/#primaryimage\"},\"thumbnailUrl\":\"https:\/\/desireonline.shop\/wp-content\/uploads\/2026\/02\/CN-543346657_00.jpg\",\"datePublished\":\"2026-02-16T11:45:00+00:00\",\"dateModified\":\"2026-03-10T05:50:06+00:00\",\"breadcrumb\":{\"@id\":\"https:\/\/desireonline.shop\/vi\/san-pham\/prof-jason-c-am-dao-gia-nam-rung-solo-vibrating-masturbator\/#breadcrumb\"},\"inLanguage\":\"vi\",\"potentialAction\":[{\"@type\":\"ReadAction\",\"target\":[\"https:\/\/desireonline.shop\/vi\/san-pham\/prof-jason-c-am-dao-gia-nam-rung-solo-vibrating-masturbator\/\"]}]},{\"@type\":\"ImageObject\",\"inLanguage\":\"vi\",\"@id\":\"https:\/\/desireonline.shop\/vi\/san-pham\/prof-jason-c-am-dao-gia-nam-rung-solo-vibrating-masturbator\/#primaryimage\",\"url\":\"https:\/\/desireonline.shop\/wp-content\/uploads\/2026\/02\/CN-543346657_00.jpg\",\"contentUrl\":\"https:\/\/desireonline.shop\/wp-content\/uploads\/2026\/02\/CN-543346657_00.jpg\",\"width\":1000,\"height\":1000},{\"@type\":\"BreadcrumbList\",\"@id\":\"https:\/\/desireonline.shop\/vi\/san-pham\/prof-jason-c-am-dao-gia-nam-rung-solo-vibrating-masturbator\/#breadcrumb\",\"itemListElement\":[{\"@type\":\"ListItem\",\"position\":1,\"name\":\"Home\",\"item\":\"https:\/\/desireonline.shop\/vi\/trang-chu\/?lang=vi\"},{\"@type\":\"ListItem\",\"position\":2,\"name\":\"T\u1ea5t c\u1ea3 s\u1ea3n ph\u1ea9m\",\"item\":\"https:\/\/desireonline.shop\/cua-hang\/?lang=vi\"},{\"@type\":\"ListItem\",\"position\":3,\"name\":\"Prof. Jason C \u00c2m \u0111\u1ea1o gi\u1ea3 nam rung Solo Vibrating Masturbator\"}]},{\"@type\":\"WebSite\",\"@id\":\"https:\/\/desireonline.shop\/vi\/#website\",\"url\":\"https:\/\/desireonline.shop\/vi\/\",\"name\":\"Desire\",\"description\":\"Sexual Wellness Platform\",\"publisher\":{\"@id\":\"https:\/\/desireonline.shop\/vi\/#organization\"},\"potentialAction\":[{\"@type\":\"SearchAction\",\"target\":{\"@type\":\"EntryPoint\",\"urlTemplate\":\"https:\/\/desireonline.shop\/vi\/?s={search_term_string}\"},\"query-input\":{\"@type\":\"PropertyValueSpecification\",\"valueRequired\":true,\"valueName\":\"search_term_string\"}}],\"inLanguage\":\"vi\"},{\"@type\":\"Organization\",\"@id\":\"https:\/\/desireonline.shop\/vi\/#organization\",\"name\":\"Desire\",\"url\":\"https:\/\/desireonline.shop\/vi\/\",\"logo\":{\"@type\":\"ImageObject\",\"inLanguage\":\"vi\",\"@id\":\"https:\/\/desireonline.shop\/vi\/#\/schema\/logo\/image\/\",\"url\":\"https:\/\/desireonline.shop\/wp-content\/uploads\/2024\/06\/Logo-Thick-Font-1.webp\",\"contentUrl\":\"https:\/\/desireonline.shop\/wp-content\/uploads\/2024\/06\/Logo-Thick-Font-1.webp\",\"width\":268,\"height\":399,\"caption\":\"Desire\"},\"image\":{\"@id\":\"https:\/\/desireonline.shop\/vi\/#\/schema\/logo\/image\/\"}}]}<\/script>\n<!-- \/ Yoast SEO plugin. -->","yoast_head_json":{"title":"Prof. Jason C \u00c2m \u0111\u1ea1o gi\u1ea3 nam rung Solo Vibrating Masturbator - Desire","robots":{"index":"index","follow":"follow","max-snippet":"max-snippet:-1","max-image-preview":"max-image-preview:large","max-video-preview":"max-video-preview:-1"},"canonical":"https:\/\/desireonline.shop\/vi\/san-pham\/prof-jason-c-am-dao-gia-nam-rung-solo-vibrating-masturbator\/","og_locale":"vi_VN","og_type":"article","og_title":"Prof. Jason C \u00c2m \u0111\u1ea1o gi\u1ea3 nam rung Solo Vibrating Masturbator - Desire","og_description":"\u0110\u01b0\u1ee3c thi\u1ebft k\u1ebf cho tr\u1ea3i nghi\u1ec7m c\u00e1 nh\u00e2n th\u01b0 gi\u00e3n, \u00e2m \u0111\u1ea1o gi\u1ea3 nam rung n\u00e0y mang l\u1ea1i s\u1ef1 \u0111\u01a1n gi\u1ea3n v\u00e0 hi\u1ec7u qu\u1ea3 khi s\u1eed d\u1ee5ng. D\u1ec5 d\u00f9ng v\u00e0&hellip;","og_url":"https:\/\/desireonline.shop\/vi\/san-pham\/prof-jason-c-am-dao-gia-nam-rung-solo-vibrating-masturbator\/","og_site_name":"Desire","article_modified_time":"2026-03-10T05:50:06+00:00","og_image":[{"width":1000,"height":1000,"url":"https:\/\/desireonline.shop\/wp-content\/uploads\/2026\/02\/CN-543346657_00.jpg","type":"image\/jpeg"}],"twitter_card":"summary_large_image","schema":{"@context":"https:\/\/schema.org","@graph":[{"@type":"WebPage","@id":"https:\/\/desireonline.shop\/vi\/san-pham\/prof-jason-c-am-dao-gia-nam-rung-solo-vibrating-masturbator\/","url":"https:\/\/desireonline.shop\/vi\/san-pham\/prof-jason-c-am-dao-gia-nam-rung-solo-vibrating-masturbator\/","name":"Prof. Jason C \u00c2m \u0111\u1ea1o gi\u1ea3 nam rung Solo Vibrating Masturbator - Desire","isPartOf":{"@id":"https:\/\/desireonline.shop\/vi\/#website"},"primaryImageOfPage":{"@id":"https:\/\/desireonline.shop\/vi\/san-pham\/prof-jason-c-am-dao-gia-nam-rung-solo-vibrating-masturbator\/#primaryimage"},"image":{"@id":"https:\/\/desireonline.shop\/vi\/san-pham\/prof-jason-c-am-dao-gia-nam-rung-solo-vibrating-masturbator\/#primaryimage"},"thumbnailUrl":"https:\/\/desireonline.shop\/wp-content\/uploads\/2026\/02\/CN-543346657_00.jpg","datePublished":"2026-02-16T11:45:00+00:00","dateModified":"2026-03-10T05:50:06+00:00","breadcrumb":{"@id":"https:\/\/desireonline.shop\/vi\/san-pham\/prof-jason-c-am-dao-gia-nam-rung-solo-vibrating-masturbator\/#breadcrumb"},"inLanguage":"vi","potentialAction":[{"@type":"ReadAction","target":["https:\/\/desireonline.shop\/vi\/san-pham\/prof-jason-c-am-dao-gia-nam-rung-solo-vibrating-masturbator\/"]}]},{"@type":"ImageObject","inLanguage":"vi","@id":"https:\/\/desireonline.shop\/vi\/san-pham\/prof-jason-c-am-dao-gia-nam-rung-solo-vibrating-masturbator\/#primaryimage","url":"https:\/\/desireonline.shop\/wp-content\/uploads\/2026\/02\/CN-543346657_00.jpg","contentUrl":"https:\/\/desireonline.shop\/wp-content\/uploads\/2026\/02\/CN-543346657_00.jpg","width":1000,"height":1000},{"@type":"BreadcrumbList","@id":"https:\/\/desireonline.shop\/vi\/san-pham\/prof-jason-c-am-dao-gia-nam-rung-solo-vibrating-masturbator\/#breadcrumb","itemListElement":[{"@type":"ListItem","position":1,"name":"Home","item":"https:\/\/desireonline.shop\/vi\/trang-chu\/?lang=vi"},{"@type":"ListItem","position":2,"name":"T\u1ea5t c\u1ea3 s\u1ea3n ph\u1ea9m","item":"https:\/\/desireonline.shop\/cua-hang\/?lang=vi"},{"@type":"ListItem","position":3,"name":"Prof. Jason C \u00c2m \u0111\u1ea1o gi\u1ea3 nam rung Solo Vibrating Masturbator"}]},{"@type":"WebSite","@id":"https:\/\/desireonline.shop\/vi\/#website","url":"https:\/\/desireonline.shop\/vi\/","name":"Desire","description":"Sexual Wellness Platform","publisher":{"@id":"https:\/\/desireonline.shop\/vi\/#organization"},"potentialAction":[{"@type":"SearchAction","target":{"@type":"EntryPoint","urlTemplate":"https:\/\/desireonline.shop\/vi\/?s={search_term_string}"},"query-input":{"@type":"PropertyValueSpecification","valueRequired":true,"valueName":"search_term_string"}}],"inLanguage":"vi"},{"@type":"Organization","@id":"https:\/\/desireonline.shop\/vi\/#organization","name":"Desire","url":"https:\/\/desireonline.shop\/vi\/","logo":{"@type":"ImageObject","inLanguage":"vi","@id":"https:\/\/desireonline.shop\/vi\/#\/schema\/logo\/image\/","url":"https:\/\/desireonline.shop\/wp-content\/uploads\/2024\/06\/Logo-Thick-Font-1.webp","contentUrl":"https:\/\/desireonline.shop\/wp-content\/uploads\/2024\/06\/Logo-Thick-Font-1.webp","width":268,"height":399,"caption":"Desire"},"image":{"@id":"https:\/\/desireonline.shop\/vi\/#\/schema\/logo\/image\/"}}]}},"_links":{"self":[{"href":"https:\/\/desireonline.shop\/vi\/wp-json\/wp\/v2\/product\/66114","targetHints":{"allow":["GET"]}}],"collection":[{"href":"https:\/\/desireonline.shop\/vi\/wp-json\/wp\/v2\/product"}],"about":[{"href":"https:\/\/desireonline.shop\/vi\/wp-json\/wp\/v2\/types\/product"}],"replies":[{"embeddable":true,"href":"https:\/\/desireonline.shop\/vi\/wp-json\/wp\/v2\/comments?post=66114"}],"version-history":[{"count":0,"href":"https:\/\/desireonline.shop\/vi\/wp-json\/wp\/v2\/product\/66114\/revisions"}],"wp:featuredmedia":[{"embeddable":true,"href":"https:\/\/desireonline.shop\/vi\/wp-json\/wp\/v2\/media\/62962"}],"wp:attachment":[{"href":"https:\/\/desireonline.shop\/vi\/wp-json\/wp\/v2\/media?parent=66114"}],"wp:term":[{"taxonomy":"product_brand","embeddable":true,"href":"https:\/\/desireonline.shop\/vi\/wp-json\/wp\/v2\/product_brand?post=66114"},{"taxonomy":"product_cat","embeddable":true,"href":"https:\/\/desireonline.shop\/vi\/wp-json\/wp\/v2\/product_cat?post=66114"},{"taxonomy":"product_tag","embeddable":true,"href":"https:\/\/desireonline.shop\/vi\/wp-json\/wp\/v2\/product_tag?post=66114"}],"curies":[{"name":"wp","href":"https:\/\/api.w.org\/{rel}","templated":true}]}}