{"id":66129,"date":"2026-02-16T11:45:00","date_gmt":"2026-02-16T11:45:00","guid":{"rendered":"https:\/\/desireonline.shop\/product\/behave-gag-vong-o-thoang-khi-kem-kep-num-vu\/"},"modified":"2026-03-10T05:49:49","modified_gmt":"2026-03-10T05:49:49","slug":"behave-gag-vong-o-thoang-khi-kem-kep-num-vu","status":"publish","type":"product","link":"https:\/\/desireonline.shop\/vi\/san-pham\/behave-gag-vong-o-thoang-khi-kem-kep-num-vu\/","title":{"rendered":"BEHAVE! Gag v\u00f2ng O tho\u00e1ng kh\u00ed k\u00e8m k\u1eb9p n\u00fam v\u00fa"},"content":{"rendered":"<p>K\u1ebft h\u1ee3p gag v\u00f2ng O tho\u00e1ng kh\u00ed v\u1edbi k\u1eb9p n\u00fam v\u00fa, b\u1ed9 s\u1ea3n ph\u1ea9m n\u00e0y \u0111\u01b0\u1ee3c thi\u1ebft k\u1ebf cho nh\u1eefng ng\u01b0\u1eddi d\u00f9ng c\u00f3 kinh nghi\u1ec7m \u0111ang t\u00ecm ki\u1ebfm tr\u1ea3i nghi\u1ec7m k\u00edch th\u00edch \u0111a t\u1ea7ng. Thi\u1ebft k\u1ebf v\u00f2ng m\u1edf gi\u00fap vi\u1ec7c th\u1edf tr\u1edf n\u00ean d\u1ec5 d\u00e0ng h\u01a1n, trong khi k\u1eb9p n\u00fam v\u00fa mang l\u1ea1i th\u00eam \u0111i\u1ec3m k\u00edch th\u00edch v\u00e0 kh\u1ea3 n\u0103ng ki\u1ec3m so\u00e1t.<\/p>\n<p>Ph\u00f9 h\u1ee3p cho nh\u1eefng ai \u0111\u00e3 quen v\u1edbi c\u00e1c tr\u1ea3i nghi\u1ec7m n\u00e2ng cao, s\u1ea3n ph\u1ea9m khuy\u1ebfn kh\u00edch kh\u00e1m ph\u00e1 th\u00f4ng qua giao ti\u1ebfp, nh\u1eadn th\u1ee9c v\u00e0 s\u1ef1 \u0111\u1ed3ng thu\u1eadn, h\u1ed7 tr\u1ee3 x\u00e2y d\u1ef1ng s\u1ef1 tin t\u01b0\u1edfng v\u00e0 k\u1ebft n\u1ed1i s\u00e2u s\u1eafc h\u01a1n.<\/p>\n","protected":false},"excerpt":{"rendered":"<p>K\u1ebft h\u1ee3p gag v\u00f2ng O tho\u00e1ng kh\u00ed v\u1edbi k\u1eb9p n\u00fam v\u00fa, b\u1ed9 s\u1ea3n ph\u1ea9m n\u00e0y \u0111\u01b0\u1ee3c thi\u1ebft k\u1ebf cho nh\u1eefng ng\u01b0\u1eddi d\u00f9ng c\u00f3 kinh nghi\u1ec7m \u0111ang t\u00ecm ki\u1ebfm tr\u1ea3i nghi\u1ec7m&hellip;<\/p>\n","protected":false},"featured_media":62994,"comment_status":"open","ping_status":"closed","template":"","meta":{"_acf_changed":false},"product_brand":[],"product_cat":[1355,1346],"product_tag":[],"class_list":{"0":"post-66129","1":"product","2":"type-product","3":"status-publish","4":"has-post-thumbnail","6":"product_cat-bit-mieng-bondage","7":"product_cat-dung-cu-han-che-giac-quan","9":"first","10":"instock","11":"shipping-taxable","12":"purchasable","13":"product-type-simple"},"acf":[],"yoast_head":"<!-- This site is optimized with the Yoast SEO plugin v27.1.1 - https:\/\/yoast.com\/product\/yoast-seo-wordpress\/ -->\n<title>BEHAVE! Gag v\u00f2ng O tho\u00e1ng kh\u00ed k\u00e8m k\u1eb9p n\u00fam v\u00fa - Desire<\/title>\n<meta name=\"robots\" content=\"index, follow, max-snippet:-1, max-image-preview:large, max-video-preview:-1\" \/>\n<link rel=\"canonical\" href=\"https:\/\/desireonline.shop\/vi\/san-pham\/behave-gag-vong-o-thoang-khi-kem-kep-num-vu\/\" \/>\n<meta property=\"og:locale\" content=\"vi_VN\" \/>\n<meta property=\"og:type\" content=\"article\" \/>\n<meta property=\"og:title\" content=\"BEHAVE! Gag v\u00f2ng O tho\u00e1ng kh\u00ed k\u00e8m k\u1eb9p n\u00fam v\u00fa - Desire\" \/>\n<meta property=\"og:description\" content=\"K\u1ebft h\u1ee3p gag v\u00f2ng O tho\u00e1ng kh\u00ed v\u1edbi k\u1eb9p n\u00fam v\u00fa, b\u1ed9 s\u1ea3n ph\u1ea9m n\u00e0y \u0111\u01b0\u1ee3c thi\u1ebft k\u1ebf cho nh\u1eefng ng\u01b0\u1eddi d\u00f9ng c\u00f3 kinh nghi\u1ec7m \u0111ang t\u00ecm ki\u1ebfm tr\u1ea3i nghi\u1ec7m&hellip;\" \/>\n<meta property=\"og:url\" content=\"https:\/\/desireonline.shop\/vi\/san-pham\/behave-gag-vong-o-thoang-khi-kem-kep-num-vu\/\" \/>\n<meta property=\"og:site_name\" content=\"Desire\" \/>\n<meta property=\"article:modified_time\" content=\"2026-03-10T05:49:49+00:00\" \/>\n<meta property=\"og:image\" content=\"https:\/\/desireonline.shop\/wp-content\/uploads\/2026\/02\/CN-882481632_00.jpg\" \/>\n\t<meta property=\"og:image:width\" content=\"800\" \/>\n\t<meta property=\"og:image:height\" content=\"800\" \/>\n\t<meta property=\"og:image:type\" content=\"image\/jpeg\" \/>\n<meta name=\"twitter:card\" content=\"summary_large_image\" \/>\n<meta name=\"twitter:label1\" content=\"\u01af\u1edbc t\u00ednh th\u1eddi gian \u0111\u1ecdc\" \/>\n\t<meta name=\"twitter:data1\" content=\"1 ph\u00fat\" \/>\n<script type=\"application\/ld+json\" class=\"yoast-schema-graph\">{\"@context\":\"https:\/\/schema.org\",\"@graph\":[{\"@type\":\"WebPage\",\"@id\":\"https:\/\/desireonline.shop\/vi\/san-pham\/behave-gag-vong-o-thoang-khi-kem-kep-num-vu\/\",\"url\":\"https:\/\/desireonline.shop\/vi\/san-pham\/behave-gag-vong-o-thoang-khi-kem-kep-num-vu\/\",\"name\":\"BEHAVE! Gag v\u00f2ng O tho\u00e1ng kh\u00ed k\u00e8m k\u1eb9p n\u00fam v\u00fa - Desire\",\"isPartOf\":{\"@id\":\"https:\/\/desireonline.shop\/vi\/#website\"},\"primaryImageOfPage\":{\"@id\":\"https:\/\/desireonline.shop\/vi\/san-pham\/behave-gag-vong-o-thoang-khi-kem-kep-num-vu\/#primaryimage\"},\"image\":{\"@id\":\"https:\/\/desireonline.shop\/vi\/san-pham\/behave-gag-vong-o-thoang-khi-kem-kep-num-vu\/#primaryimage\"},\"thumbnailUrl\":\"https:\/\/desireonline.shop\/wp-content\/uploads\/2026\/02\/CN-882481632_00.jpg\",\"datePublished\":\"2026-02-16T11:45:00+00:00\",\"dateModified\":\"2026-03-10T05:49:49+00:00\",\"breadcrumb\":{\"@id\":\"https:\/\/desireonline.shop\/vi\/san-pham\/behave-gag-vong-o-thoang-khi-kem-kep-num-vu\/#breadcrumb\"},\"inLanguage\":\"vi\",\"potentialAction\":[{\"@type\":\"ReadAction\",\"target\":[\"https:\/\/desireonline.shop\/vi\/san-pham\/behave-gag-vong-o-thoang-khi-kem-kep-num-vu\/\"]}]},{\"@type\":\"ImageObject\",\"inLanguage\":\"vi\",\"@id\":\"https:\/\/desireonline.shop\/vi\/san-pham\/behave-gag-vong-o-thoang-khi-kem-kep-num-vu\/#primaryimage\",\"url\":\"https:\/\/desireonline.shop\/wp-content\/uploads\/2026\/02\/CN-882481632_00.jpg\",\"contentUrl\":\"https:\/\/desireonline.shop\/wp-content\/uploads\/2026\/02\/CN-882481632_00.jpg\",\"width\":800,\"height\":800},{\"@type\":\"BreadcrumbList\",\"@id\":\"https:\/\/desireonline.shop\/vi\/san-pham\/behave-gag-vong-o-thoang-khi-kem-kep-num-vu\/#breadcrumb\",\"itemListElement\":[{\"@type\":\"ListItem\",\"position\":1,\"name\":\"Home\",\"item\":\"https:\/\/desireonline.shop\/vi\/trang-chu\/?lang=vi\"},{\"@type\":\"ListItem\",\"position\":2,\"name\":\"T\u1ea5t c\u1ea3 s\u1ea3n ph\u1ea9m\",\"item\":\"https:\/\/desireonline.shop\/cua-hang\/?lang=vi\"},{\"@type\":\"ListItem\",\"position\":3,\"name\":\"BEHAVE! Gag v\u00f2ng O tho\u00e1ng kh\u00ed k\u00e8m k\u1eb9p n\u00fam v\u00fa\"}]},{\"@type\":\"WebSite\",\"@id\":\"https:\/\/desireonline.shop\/vi\/#website\",\"url\":\"https:\/\/desireonline.shop\/vi\/\",\"name\":\"Desire\",\"description\":\"Sexual Wellness Platform\",\"publisher\":{\"@id\":\"https:\/\/desireonline.shop\/vi\/#organization\"},\"potentialAction\":[{\"@type\":\"SearchAction\",\"target\":{\"@type\":\"EntryPoint\",\"urlTemplate\":\"https:\/\/desireonline.shop\/vi\/?s={search_term_string}\"},\"query-input\":{\"@type\":\"PropertyValueSpecification\",\"valueRequired\":true,\"valueName\":\"search_term_string\"}}],\"inLanguage\":\"vi\"},{\"@type\":\"Organization\",\"@id\":\"https:\/\/desireonline.shop\/vi\/#organization\",\"name\":\"Desire\",\"url\":\"https:\/\/desireonline.shop\/vi\/\",\"logo\":{\"@type\":\"ImageObject\",\"inLanguage\":\"vi\",\"@id\":\"https:\/\/desireonline.shop\/vi\/#\/schema\/logo\/image\/\",\"url\":\"https:\/\/desireonline.shop\/wp-content\/uploads\/2024\/06\/Logo-Thick-Font-1.webp\",\"contentUrl\":\"https:\/\/desireonline.shop\/wp-content\/uploads\/2024\/06\/Logo-Thick-Font-1.webp\",\"width\":268,\"height\":399,\"caption\":\"Desire\"},\"image\":{\"@id\":\"https:\/\/desireonline.shop\/vi\/#\/schema\/logo\/image\/\"}}]}<\/script>\n<!-- \/ Yoast SEO plugin. -->","yoast_head_json":{"title":"BEHAVE! Gag v\u00f2ng O tho\u00e1ng kh\u00ed k\u00e8m k\u1eb9p n\u00fam v\u00fa - Desire","robots":{"index":"index","follow":"follow","max-snippet":"max-snippet:-1","max-image-preview":"max-image-preview:large","max-video-preview":"max-video-preview:-1"},"canonical":"https:\/\/desireonline.shop\/vi\/san-pham\/behave-gag-vong-o-thoang-khi-kem-kep-num-vu\/","og_locale":"vi_VN","og_type":"article","og_title":"BEHAVE! Gag v\u00f2ng O tho\u00e1ng kh\u00ed k\u00e8m k\u1eb9p n\u00fam v\u00fa - Desire","og_description":"K\u1ebft h\u1ee3p gag v\u00f2ng O tho\u00e1ng kh\u00ed v\u1edbi k\u1eb9p n\u00fam v\u00fa, b\u1ed9 s\u1ea3n ph\u1ea9m n\u00e0y \u0111\u01b0\u1ee3c thi\u1ebft k\u1ebf cho nh\u1eefng ng\u01b0\u1eddi d\u00f9ng c\u00f3 kinh nghi\u1ec7m \u0111ang t\u00ecm ki\u1ebfm tr\u1ea3i nghi\u1ec7m&hellip;","og_url":"https:\/\/desireonline.shop\/vi\/san-pham\/behave-gag-vong-o-thoang-khi-kem-kep-num-vu\/","og_site_name":"Desire","article_modified_time":"2026-03-10T05:49:49+00:00","og_image":[{"width":800,"height":800,"url":"https:\/\/desireonline.shop\/wp-content\/uploads\/2026\/02\/CN-882481632_00.jpg","type":"image\/jpeg"}],"twitter_card":"summary_large_image","twitter_misc":{"\u01af\u1edbc t\u00ednh th\u1eddi gian \u0111\u1ecdc":"1 ph\u00fat"},"schema":{"@context":"https:\/\/schema.org","@graph":[{"@type":"WebPage","@id":"https:\/\/desireonline.shop\/vi\/san-pham\/behave-gag-vong-o-thoang-khi-kem-kep-num-vu\/","url":"https:\/\/desireonline.shop\/vi\/san-pham\/behave-gag-vong-o-thoang-khi-kem-kep-num-vu\/","name":"BEHAVE! Gag v\u00f2ng O tho\u00e1ng kh\u00ed k\u00e8m k\u1eb9p n\u00fam v\u00fa - Desire","isPartOf":{"@id":"https:\/\/desireonline.shop\/vi\/#website"},"primaryImageOfPage":{"@id":"https:\/\/desireonline.shop\/vi\/san-pham\/behave-gag-vong-o-thoang-khi-kem-kep-num-vu\/#primaryimage"},"image":{"@id":"https:\/\/desireonline.shop\/vi\/san-pham\/behave-gag-vong-o-thoang-khi-kem-kep-num-vu\/#primaryimage"},"thumbnailUrl":"https:\/\/desireonline.shop\/wp-content\/uploads\/2026\/02\/CN-882481632_00.jpg","datePublished":"2026-02-16T11:45:00+00:00","dateModified":"2026-03-10T05:49:49+00:00","breadcrumb":{"@id":"https:\/\/desireonline.shop\/vi\/san-pham\/behave-gag-vong-o-thoang-khi-kem-kep-num-vu\/#breadcrumb"},"inLanguage":"vi","potentialAction":[{"@type":"ReadAction","target":["https:\/\/desireonline.shop\/vi\/san-pham\/behave-gag-vong-o-thoang-khi-kem-kep-num-vu\/"]}]},{"@type":"ImageObject","inLanguage":"vi","@id":"https:\/\/desireonline.shop\/vi\/san-pham\/behave-gag-vong-o-thoang-khi-kem-kep-num-vu\/#primaryimage","url":"https:\/\/desireonline.shop\/wp-content\/uploads\/2026\/02\/CN-882481632_00.jpg","contentUrl":"https:\/\/desireonline.shop\/wp-content\/uploads\/2026\/02\/CN-882481632_00.jpg","width":800,"height":800},{"@type":"BreadcrumbList","@id":"https:\/\/desireonline.shop\/vi\/san-pham\/behave-gag-vong-o-thoang-khi-kem-kep-num-vu\/#breadcrumb","itemListElement":[{"@type":"ListItem","position":1,"name":"Home","item":"https:\/\/desireonline.shop\/vi\/trang-chu\/?lang=vi"},{"@type":"ListItem","position":2,"name":"T\u1ea5t c\u1ea3 s\u1ea3n ph\u1ea9m","item":"https:\/\/desireonline.shop\/cua-hang\/?lang=vi"},{"@type":"ListItem","position":3,"name":"BEHAVE! Gag v\u00f2ng O tho\u00e1ng kh\u00ed k\u00e8m k\u1eb9p n\u00fam v\u00fa"}]},{"@type":"WebSite","@id":"https:\/\/desireonline.shop\/vi\/#website","url":"https:\/\/desireonline.shop\/vi\/","name":"Desire","description":"Sexual Wellness Platform","publisher":{"@id":"https:\/\/desireonline.shop\/vi\/#organization"},"potentialAction":[{"@type":"SearchAction","target":{"@type":"EntryPoint","urlTemplate":"https:\/\/desireonline.shop\/vi\/?s={search_term_string}"},"query-input":{"@type":"PropertyValueSpecification","valueRequired":true,"valueName":"search_term_string"}}],"inLanguage":"vi"},{"@type":"Organization","@id":"https:\/\/desireonline.shop\/vi\/#organization","name":"Desire","url":"https:\/\/desireonline.shop\/vi\/","logo":{"@type":"ImageObject","inLanguage":"vi","@id":"https:\/\/desireonline.shop\/vi\/#\/schema\/logo\/image\/","url":"https:\/\/desireonline.shop\/wp-content\/uploads\/2024\/06\/Logo-Thick-Font-1.webp","contentUrl":"https:\/\/desireonline.shop\/wp-content\/uploads\/2024\/06\/Logo-Thick-Font-1.webp","width":268,"height":399,"caption":"Desire"},"image":{"@id":"https:\/\/desireonline.shop\/vi\/#\/schema\/logo\/image\/"}}]}},"_links":{"self":[{"href":"https:\/\/desireonline.shop\/vi\/wp-json\/wp\/v2\/product\/66129","targetHints":{"allow":["GET"]}}],"collection":[{"href":"https:\/\/desireonline.shop\/vi\/wp-json\/wp\/v2\/product"}],"about":[{"href":"https:\/\/desireonline.shop\/vi\/wp-json\/wp\/v2\/types\/product"}],"replies":[{"embeddable":true,"href":"https:\/\/desireonline.shop\/vi\/wp-json\/wp\/v2\/comments?post=66129"}],"version-history":[{"count":0,"href":"https:\/\/desireonline.shop\/vi\/wp-json\/wp\/v2\/product\/66129\/revisions"}],"wp:featuredmedia":[{"embeddable":true,"href":"https:\/\/desireonline.shop\/vi\/wp-json\/wp\/v2\/media\/62994"}],"wp:attachment":[{"href":"https:\/\/desireonline.shop\/vi\/wp-json\/wp\/v2\/media?parent=66129"}],"wp:term":[{"taxonomy":"product_brand","embeddable":true,"href":"https:\/\/desireonline.shop\/vi\/wp-json\/wp\/v2\/product_brand?post=66129"},{"taxonomy":"product_cat","embeddable":true,"href":"https:\/\/desireonline.shop\/vi\/wp-json\/wp\/v2\/product_cat?post=66129"},{"taxonomy":"product_tag","embeddable":true,"href":"https:\/\/desireonline.shop\/vi\/wp-json\/wp\/v2\/product_tag?post=66129"}],"curies":[{"name":"wp","href":"https:\/\/api.w.org\/{rel}","templated":true}]}}