{"id":66147,"date":"2026-02-16T11:45:00","date_gmt":"2026-02-16T11:45:00","guid":{"rendered":"https:\/\/desireonline.shop\/product\/behave-vong-co-trai-tim-kem-day-xich\/"},"modified":"2026-03-10T05:49:05","modified_gmt":"2026-03-10T05:49:05","slug":"behave-vong-co-trai-tim-kem-day-xich","status":"publish","type":"product","link":"https:\/\/desireonline.shop\/vi\/san-pham\/behave-vong-co-trai-tim-kem-day-xich\/","title":{"rendered":"BEHAVE! V\u00f2ng c\u1ed5 tr\u00e1i tim k\u00e8m d\u00e2y x\u00edch"},"content":{"rendered":"<p>\u0110\u01b0\u1ee3c thi\u1ebft k\u1ebf d\u00e0nh cho nh\u1eefng ai th\u00edch th\u1ec3 hi\u1ec7n r\u00f5 r\u00e0ng s\u1ef1 k\u1ebft n\u1ed1i v\u00e0 ki\u1ec3m so\u00e1t, v\u00f2ng c\u1ed5 h\u00ecnh tr\u00e1i tim n\u00e0y k\u1ebft h\u1ee3p phong c\u00e1ch vui nh\u1ed9n v\u1edbi c\u1ea5u tr\u00fac ch\u1eafc ch\u1eafn. Kh\u00f3a c\u00e0i ph\u00eda sau gi\u00fap c\u1ed1 \u0111\u1ecbnh an to\u00e0n khi \u0111eo, trong khi t\u00ednh n\u0103ng c\u00f3 th\u1ec3 kh\u00f3a mang l\u1ea1i th\u00eam y\u1ebfu t\u1ed1 ch\u1ee7 \u00fd cho nh\u1eefng tr\u1ea3i nghi\u1ec7m nh\u1eadp vai.<\/p>\n<p>Ph\u00f9 h\u1ee3p cho nh\u1eefng ng\u01b0\u1eddi \u0111\u00e3 c\u00f3 kinh nghi\u1ec7m, ph\u1ee5 ki\u1ec7n n\u00e0y khuy\u1ebfn kh\u00edch s\u1ef1 tin t\u01b0\u1edfng, giao ti\u1ebfp v\u00e0 t\u00f4n tr\u1ecdng ranh gi\u1edbi chung, bi\u1ebfn m\u1ed9t m\u00f3n ph\u1ee5 ki\u1ec7n \u0111\u01a1n gi\u1ea3n th\u00e0nh bi\u1ec3u t\u01b0\u1ee3ng \u00fd ngh\u0129a c\u1ee7a s\u1ef1 k\u1ebft n\u1ed1i v\u00e0 \u0111\u1ed3ng thu\u1eadn.<\/p>\n","protected":false},"excerpt":{"rendered":"<p>\u0110\u01b0\u1ee3c thi\u1ebft k\u1ebf d\u00e0nh cho nh\u1eefng ai th\u00edch th\u1ec3 hi\u1ec7n r\u00f5 r\u00e0ng s\u1ef1 k\u1ebft n\u1ed1i v\u00e0 ki\u1ec3m so\u00e1t, v\u00f2ng c\u1ed5 h\u00ecnh tr\u00e1i tim n\u00e0y k\u1ebft h\u1ee3p phong c\u00e1ch vui nh\u1ed9n&hellip;<\/p>\n","protected":false},"featured_media":62977,"comment_status":"open","ping_status":"closed","template":"","meta":{"_acf_changed":false},"product_brand":[],"product_cat":[1351],"product_tag":[],"class_list":{"0":"post-66147","1":"product","2":"type-product","3":"status-publish","4":"has-post-thumbnail","6":"product_cat-vong-co-day-dan","8":"first","9":"instock","10":"shipping-taxable","11":"purchasable","12":"product-type-simple"},"acf":[],"yoast_head":"<!-- This site is optimized with the Yoast SEO plugin v27.1.1 - https:\/\/yoast.com\/product\/yoast-seo-wordpress\/ -->\n<title>BEHAVE! V\u00f2ng c\u1ed5 tr\u00e1i tim k\u00e8m d\u00e2y x\u00edch - Desire<\/title>\n<meta name=\"robots\" content=\"index, follow, max-snippet:-1, max-image-preview:large, max-video-preview:-1\" \/>\n<link rel=\"canonical\" href=\"https:\/\/desireonline.shop\/vi\/san-pham\/behave-vong-co-trai-tim-kem-day-xich\/\" \/>\n<meta property=\"og:locale\" content=\"vi_VN\" \/>\n<meta property=\"og:type\" content=\"article\" \/>\n<meta property=\"og:title\" content=\"BEHAVE! V\u00f2ng c\u1ed5 tr\u00e1i tim k\u00e8m d\u00e2y x\u00edch - Desire\" \/>\n<meta property=\"og:description\" content=\"\u0110\u01b0\u1ee3c thi\u1ebft k\u1ebf d\u00e0nh cho nh\u1eefng ai th\u00edch th\u1ec3 hi\u1ec7n r\u00f5 r\u00e0ng s\u1ef1 k\u1ebft n\u1ed1i v\u00e0 ki\u1ec3m so\u00e1t, v\u00f2ng c\u1ed5 h\u00ecnh tr\u00e1i tim n\u00e0y k\u1ebft h\u1ee3p phong c\u00e1ch vui nh\u1ed9n&hellip;\" \/>\n<meta property=\"og:url\" content=\"https:\/\/desireonline.shop\/vi\/san-pham\/behave-vong-co-trai-tim-kem-day-xich\/\" \/>\n<meta property=\"og:site_name\" content=\"Desire\" \/>\n<meta property=\"article:modified_time\" content=\"2026-03-10T05:49:05+00:00\" \/>\n<meta property=\"og:image\" content=\"https:\/\/desireonline.shop\/wp-content\/uploads\/2026\/02\/CN-448867232_00.jpg\" \/>\n\t<meta property=\"og:image:width\" content=\"790\" \/>\n\t<meta property=\"og:image:height\" content=\"790\" \/>\n\t<meta property=\"og:image:type\" content=\"image\/jpeg\" \/>\n<meta name=\"twitter:card\" content=\"summary_large_image\" \/>\n<meta name=\"twitter:label1\" content=\"\u01af\u1edbc t\u00ednh th\u1eddi gian \u0111\u1ecdc\" \/>\n\t<meta name=\"twitter:data1\" content=\"1 ph\u00fat\" \/>\n<script type=\"application\/ld+json\" class=\"yoast-schema-graph\">{\"@context\":\"https:\/\/schema.org\",\"@graph\":[{\"@type\":\"WebPage\",\"@id\":\"https:\/\/desireonline.shop\/vi\/san-pham\/behave-vong-co-trai-tim-kem-day-xich\/\",\"url\":\"https:\/\/desireonline.shop\/vi\/san-pham\/behave-vong-co-trai-tim-kem-day-xich\/\",\"name\":\"BEHAVE! V\u00f2ng c\u1ed5 tr\u00e1i tim k\u00e8m d\u00e2y x\u00edch - Desire\",\"isPartOf\":{\"@id\":\"https:\/\/desireonline.shop\/vi\/#website\"},\"primaryImageOfPage\":{\"@id\":\"https:\/\/desireonline.shop\/vi\/san-pham\/behave-vong-co-trai-tim-kem-day-xich\/#primaryimage\"},\"image\":{\"@id\":\"https:\/\/desireonline.shop\/vi\/san-pham\/behave-vong-co-trai-tim-kem-day-xich\/#primaryimage\"},\"thumbnailUrl\":\"https:\/\/desireonline.shop\/wp-content\/uploads\/2026\/02\/CN-448867232_00.jpg\",\"datePublished\":\"2026-02-16T11:45:00+00:00\",\"dateModified\":\"2026-03-10T05:49:05+00:00\",\"breadcrumb\":{\"@id\":\"https:\/\/desireonline.shop\/vi\/san-pham\/behave-vong-co-trai-tim-kem-day-xich\/#breadcrumb\"},\"inLanguage\":\"vi\",\"potentialAction\":[{\"@type\":\"ReadAction\",\"target\":[\"https:\/\/desireonline.shop\/vi\/san-pham\/behave-vong-co-trai-tim-kem-day-xich\/\"]}]},{\"@type\":\"ImageObject\",\"inLanguage\":\"vi\",\"@id\":\"https:\/\/desireonline.shop\/vi\/san-pham\/behave-vong-co-trai-tim-kem-day-xich\/#primaryimage\",\"url\":\"https:\/\/desireonline.shop\/wp-content\/uploads\/2026\/02\/CN-448867232_00.jpg\",\"contentUrl\":\"https:\/\/desireonline.shop\/wp-content\/uploads\/2026\/02\/CN-448867232_00.jpg\",\"width\":790,\"height\":790},{\"@type\":\"BreadcrumbList\",\"@id\":\"https:\/\/desireonline.shop\/vi\/san-pham\/behave-vong-co-trai-tim-kem-day-xich\/#breadcrumb\",\"itemListElement\":[{\"@type\":\"ListItem\",\"position\":1,\"name\":\"Home\",\"item\":\"https:\/\/desireonline.shop\/vi\/trang-chu\/?lang=vi\"},{\"@type\":\"ListItem\",\"position\":2,\"name\":\"T\u1ea5t c\u1ea3 s\u1ea3n ph\u1ea9m\",\"item\":\"https:\/\/desireonline.shop\/cua-hang\/?lang=vi\"},{\"@type\":\"ListItem\",\"position\":3,\"name\":\"BEHAVE! V\u00f2ng c\u1ed5 tr\u00e1i tim k\u00e8m d\u00e2y x\u00edch\"}]},{\"@type\":\"WebSite\",\"@id\":\"https:\/\/desireonline.shop\/vi\/#website\",\"url\":\"https:\/\/desireonline.shop\/vi\/\",\"name\":\"Desire\",\"description\":\"Sexual Wellness Platform\",\"publisher\":{\"@id\":\"https:\/\/desireonline.shop\/vi\/#organization\"},\"potentialAction\":[{\"@type\":\"SearchAction\",\"target\":{\"@type\":\"EntryPoint\",\"urlTemplate\":\"https:\/\/desireonline.shop\/vi\/?s={search_term_string}\"},\"query-input\":{\"@type\":\"PropertyValueSpecification\",\"valueRequired\":true,\"valueName\":\"search_term_string\"}}],\"inLanguage\":\"vi\"},{\"@type\":\"Organization\",\"@id\":\"https:\/\/desireonline.shop\/vi\/#organization\",\"name\":\"Desire\",\"url\":\"https:\/\/desireonline.shop\/vi\/\",\"logo\":{\"@type\":\"ImageObject\",\"inLanguage\":\"vi\",\"@id\":\"https:\/\/desireonline.shop\/vi\/#\/schema\/logo\/image\/\",\"url\":\"https:\/\/desireonline.shop\/wp-content\/uploads\/2024\/06\/Logo-Thick-Font-1.webp\",\"contentUrl\":\"https:\/\/desireonline.shop\/wp-content\/uploads\/2024\/06\/Logo-Thick-Font-1.webp\",\"width\":268,\"height\":399,\"caption\":\"Desire\"},\"image\":{\"@id\":\"https:\/\/desireonline.shop\/vi\/#\/schema\/logo\/image\/\"}}]}<\/script>\n<!-- \/ Yoast SEO plugin. -->","yoast_head_json":{"title":"BEHAVE! V\u00f2ng c\u1ed5 tr\u00e1i tim k\u00e8m d\u00e2y x\u00edch - Desire","robots":{"index":"index","follow":"follow","max-snippet":"max-snippet:-1","max-image-preview":"max-image-preview:large","max-video-preview":"max-video-preview:-1"},"canonical":"https:\/\/desireonline.shop\/vi\/san-pham\/behave-vong-co-trai-tim-kem-day-xich\/","og_locale":"vi_VN","og_type":"article","og_title":"BEHAVE! V\u00f2ng c\u1ed5 tr\u00e1i tim k\u00e8m d\u00e2y x\u00edch - Desire","og_description":"\u0110\u01b0\u1ee3c thi\u1ebft k\u1ebf d\u00e0nh cho nh\u1eefng ai th\u00edch th\u1ec3 hi\u1ec7n r\u00f5 r\u00e0ng s\u1ef1 k\u1ebft n\u1ed1i v\u00e0 ki\u1ec3m so\u00e1t, v\u00f2ng c\u1ed5 h\u00ecnh tr\u00e1i tim n\u00e0y k\u1ebft h\u1ee3p phong c\u00e1ch vui nh\u1ed9n&hellip;","og_url":"https:\/\/desireonline.shop\/vi\/san-pham\/behave-vong-co-trai-tim-kem-day-xich\/","og_site_name":"Desire","article_modified_time":"2026-03-10T05:49:05+00:00","og_image":[{"width":790,"height":790,"url":"https:\/\/desireonline.shop\/wp-content\/uploads\/2026\/02\/CN-448867232_00.jpg","type":"image\/jpeg"}],"twitter_card":"summary_large_image","twitter_misc":{"\u01af\u1edbc t\u00ednh th\u1eddi gian \u0111\u1ecdc":"1 ph\u00fat"},"schema":{"@context":"https:\/\/schema.org","@graph":[{"@type":"WebPage","@id":"https:\/\/desireonline.shop\/vi\/san-pham\/behave-vong-co-trai-tim-kem-day-xich\/","url":"https:\/\/desireonline.shop\/vi\/san-pham\/behave-vong-co-trai-tim-kem-day-xich\/","name":"BEHAVE! V\u00f2ng c\u1ed5 tr\u00e1i tim k\u00e8m d\u00e2y x\u00edch - Desire","isPartOf":{"@id":"https:\/\/desireonline.shop\/vi\/#website"},"primaryImageOfPage":{"@id":"https:\/\/desireonline.shop\/vi\/san-pham\/behave-vong-co-trai-tim-kem-day-xich\/#primaryimage"},"image":{"@id":"https:\/\/desireonline.shop\/vi\/san-pham\/behave-vong-co-trai-tim-kem-day-xich\/#primaryimage"},"thumbnailUrl":"https:\/\/desireonline.shop\/wp-content\/uploads\/2026\/02\/CN-448867232_00.jpg","datePublished":"2026-02-16T11:45:00+00:00","dateModified":"2026-03-10T05:49:05+00:00","breadcrumb":{"@id":"https:\/\/desireonline.shop\/vi\/san-pham\/behave-vong-co-trai-tim-kem-day-xich\/#breadcrumb"},"inLanguage":"vi","potentialAction":[{"@type":"ReadAction","target":["https:\/\/desireonline.shop\/vi\/san-pham\/behave-vong-co-trai-tim-kem-day-xich\/"]}]},{"@type":"ImageObject","inLanguage":"vi","@id":"https:\/\/desireonline.shop\/vi\/san-pham\/behave-vong-co-trai-tim-kem-day-xich\/#primaryimage","url":"https:\/\/desireonline.shop\/wp-content\/uploads\/2026\/02\/CN-448867232_00.jpg","contentUrl":"https:\/\/desireonline.shop\/wp-content\/uploads\/2026\/02\/CN-448867232_00.jpg","width":790,"height":790},{"@type":"BreadcrumbList","@id":"https:\/\/desireonline.shop\/vi\/san-pham\/behave-vong-co-trai-tim-kem-day-xich\/#breadcrumb","itemListElement":[{"@type":"ListItem","position":1,"name":"Home","item":"https:\/\/desireonline.shop\/vi\/trang-chu\/?lang=vi"},{"@type":"ListItem","position":2,"name":"T\u1ea5t c\u1ea3 s\u1ea3n ph\u1ea9m","item":"https:\/\/desireonline.shop\/cua-hang\/?lang=vi"},{"@type":"ListItem","position":3,"name":"BEHAVE! V\u00f2ng c\u1ed5 tr\u00e1i tim k\u00e8m d\u00e2y x\u00edch"}]},{"@type":"WebSite","@id":"https:\/\/desireonline.shop\/vi\/#website","url":"https:\/\/desireonline.shop\/vi\/","name":"Desire","description":"Sexual Wellness Platform","publisher":{"@id":"https:\/\/desireonline.shop\/vi\/#organization"},"potentialAction":[{"@type":"SearchAction","target":{"@type":"EntryPoint","urlTemplate":"https:\/\/desireonline.shop\/vi\/?s={search_term_string}"},"query-input":{"@type":"PropertyValueSpecification","valueRequired":true,"valueName":"search_term_string"}}],"inLanguage":"vi"},{"@type":"Organization","@id":"https:\/\/desireonline.shop\/vi\/#organization","name":"Desire","url":"https:\/\/desireonline.shop\/vi\/","logo":{"@type":"ImageObject","inLanguage":"vi","@id":"https:\/\/desireonline.shop\/vi\/#\/schema\/logo\/image\/","url":"https:\/\/desireonline.shop\/wp-content\/uploads\/2024\/06\/Logo-Thick-Font-1.webp","contentUrl":"https:\/\/desireonline.shop\/wp-content\/uploads\/2024\/06\/Logo-Thick-Font-1.webp","width":268,"height":399,"caption":"Desire"},"image":{"@id":"https:\/\/desireonline.shop\/vi\/#\/schema\/logo\/image\/"}}]}},"_links":{"self":[{"href":"https:\/\/desireonline.shop\/vi\/wp-json\/wp\/v2\/product\/66147","targetHints":{"allow":["GET"]}}],"collection":[{"href":"https:\/\/desireonline.shop\/vi\/wp-json\/wp\/v2\/product"}],"about":[{"href":"https:\/\/desireonline.shop\/vi\/wp-json\/wp\/v2\/types\/product"}],"replies":[{"embeddable":true,"href":"https:\/\/desireonline.shop\/vi\/wp-json\/wp\/v2\/comments?post=66147"}],"version-history":[{"count":0,"href":"https:\/\/desireonline.shop\/vi\/wp-json\/wp\/v2\/product\/66147\/revisions"}],"wp:featuredmedia":[{"embeddable":true,"href":"https:\/\/desireonline.shop\/vi\/wp-json\/wp\/v2\/media\/62977"}],"wp:attachment":[{"href":"https:\/\/desireonline.shop\/vi\/wp-json\/wp\/v2\/media?parent=66147"}],"wp:term":[{"taxonomy":"product_brand","embeddable":true,"href":"https:\/\/desireonline.shop\/vi\/wp-json\/wp\/v2\/product_brand?post=66147"},{"taxonomy":"product_cat","embeddable":true,"href":"https:\/\/desireonline.shop\/vi\/wp-json\/wp\/v2\/product_cat?post=66147"},{"taxonomy":"product_tag","embeddable":true,"href":"https:\/\/desireonline.shop\/vi\/wp-json\/wp\/v2\/product_tag?post=66147"}],"curies":[{"name":"wp","href":"https:\/\/api.w.org\/{rel}","templated":true}]}}