{"id":66155,"date":"2026-02-16T11:46:00","date_gmt":"2026-02-16T11:46:00","guid":{"rendered":"https:\/\/desireonline.shop\/product\/behave-vong-co-trai-tim-kem-day-xich-2\/"},"modified":"2026-03-10T05:42:33","modified_gmt":"2026-03-10T05:42:33","slug":"behave-vong-co-trai-tim-kem-day-xich-2","status":"publish","type":"product","link":"https:\/\/desireonline.shop\/vi\/san-pham\/behave-vong-co-trai-tim-kem-day-xich-2\/","title":{"rendered":"BEHAVE! C\u00f2ng tay m\u1ec1m Super Soft"},"content":{"rendered":"<p>Nh\u1eefng chi\u1ebfc c\u00f2ng tay si\u00eau m\u1ec1m n\u00e0y ph\u00f9 h\u1ee3p cho nh\u1eefng ai coi tr\u1ecdng s\u1ef1 tho\u1ea3i m\u00e1i b\u00ean c\u1ea1nh c\u1ea3m gi\u00e1c k\u00ecm gi\u1eef. Ch\u1ea5t li\u1ec7u nh\u1eb9 nh\u00e0ng t\u1ea1o c\u1ea3m gi\u00e1c d\u1ec5 ch\u1ecbu tr\u00ean da, trong khi thi\u1ebft k\u1ebf c\u00f3 th\u1ec3 \u0111i\u1ec1u ch\u1ec9nh gi\u00fap v\u1eeba v\u1eb7n theo nhu c\u1ea7u c\u00e1 nh\u00e2n.<\/p>\n<p>Ph\u00f9 h\u1ee3p cho nh\u1eefng tr\u1ea3i nghi\u1ec7m th\u01b0 gi\u00e3n ho\u1eb7c k\u00e9o d\u00e0i, s\u1ea3n ph\u1ea9m h\u1ed7 tr\u1ee3 kh\u00e1m ph\u00e1 trong kh\u00f4ng kh\u00ed tho\u1ea3i m\u00e1i, k\u1ebft n\u1ed1i v\u00e0 t\u00f4n tr\u1ecdng.<\/p>\n","protected":false},"excerpt":{"rendered":"<p>Nh\u1eefng chi\u1ebfc c\u00f2ng tay si\u00eau m\u1ec1m n\u00e0y ph\u00f9 h\u1ee3p cho nh\u1eefng ai coi tr\u1ecdng s\u1ef1 tho\u1ea3i m\u00e1i b\u00ean c\u1ea1nh c\u1ea3m gi\u00e1c k\u00ecm gi\u1eef. Ch\u1ea5t li\u1ec7u nh\u1eb9 nh\u00e0ng t\u1ea1o c\u1ea3m gi\u00e1c&hellip;<\/p>\n","protected":false},"featured_media":63050,"comment_status":"open","ping_status":"closed","template":"","meta":{"_acf_changed":false},"product_brand":[],"product_cat":[1356],"product_tag":[],"class_list":{"0":"post-66155","1":"product","2":"type-product","3":"status-publish","4":"has-post-thumbnail","6":"product_cat-cong-tay","8":"first","9":"instock","10":"shipping-taxable","11":"purchasable","12":"product-type-simple"},"acf":[],"yoast_head":"<!-- This site is optimized with the Yoast SEO plugin v27.1.1 - https:\/\/yoast.com\/product\/yoast-seo-wordpress\/ -->\n<title>BEHAVE! C\u00f2ng tay m\u1ec1m Super Soft - Desire<\/title>\n<meta name=\"robots\" content=\"index, follow, max-snippet:-1, max-image-preview:large, max-video-preview:-1\" \/>\n<link rel=\"canonical\" href=\"https:\/\/desireonline.shop\/vi\/san-pham\/behave-vong-co-trai-tim-kem-day-xich-2\/\" \/>\n<meta property=\"og:locale\" content=\"vi_VN\" \/>\n<meta property=\"og:type\" content=\"article\" \/>\n<meta property=\"og:title\" content=\"BEHAVE! C\u00f2ng tay m\u1ec1m Super Soft - Desire\" \/>\n<meta property=\"og:description\" content=\"Nh\u1eefng chi\u1ebfc c\u00f2ng tay si\u00eau m\u1ec1m n\u00e0y ph\u00f9 h\u1ee3p cho nh\u1eefng ai coi tr\u1ecdng s\u1ef1 tho\u1ea3i m\u00e1i b\u00ean c\u1ea1nh c\u1ea3m gi\u00e1c k\u00ecm gi\u1eef. Ch\u1ea5t li\u1ec7u nh\u1eb9 nh\u00e0ng t\u1ea1o c\u1ea3m gi\u00e1c&hellip;\" \/>\n<meta property=\"og:url\" content=\"https:\/\/desireonline.shop\/vi\/san-pham\/behave-vong-co-trai-tim-kem-day-xich-2\/\" \/>\n<meta property=\"og:site_name\" content=\"Desire\" \/>\n<meta property=\"article:modified_time\" content=\"2026-03-10T05:42:33+00:00\" \/>\n<meta property=\"og:image\" content=\"https:\/\/desireonline.shop\/wp-content\/uploads\/2026\/02\/CN-632106792_00.jpg\" \/>\n\t<meta property=\"og:image:width\" content=\"2000\" \/>\n\t<meta property=\"og:image:height\" content=\"2000\" \/>\n\t<meta property=\"og:image:type\" content=\"image\/jpeg\" \/>\n<meta name=\"twitter:card\" content=\"summary_large_image\" \/>\n<meta name=\"twitter:label1\" content=\"\u01af\u1edbc t\u00ednh th\u1eddi gian \u0111\u1ecdc\" \/>\n\t<meta name=\"twitter:data1\" content=\"1 ph\u00fat\" \/>\n<script type=\"application\/ld+json\" class=\"yoast-schema-graph\">{\"@context\":\"https:\/\/schema.org\",\"@graph\":[{\"@type\":\"WebPage\",\"@id\":\"https:\/\/desireonline.shop\/vi\/san-pham\/behave-vong-co-trai-tim-kem-day-xich-2\/\",\"url\":\"https:\/\/desireonline.shop\/vi\/san-pham\/behave-vong-co-trai-tim-kem-day-xich-2\/\",\"name\":\"BEHAVE! C\u00f2ng tay m\u1ec1m Super Soft - Desire\",\"isPartOf\":{\"@id\":\"https:\/\/desireonline.shop\/vi\/#website\"},\"primaryImageOfPage\":{\"@id\":\"https:\/\/desireonline.shop\/vi\/san-pham\/behave-vong-co-trai-tim-kem-day-xich-2\/#primaryimage\"},\"image\":{\"@id\":\"https:\/\/desireonline.shop\/vi\/san-pham\/behave-vong-co-trai-tim-kem-day-xich-2\/#primaryimage\"},\"thumbnailUrl\":\"https:\/\/desireonline.shop\/wp-content\/uploads\/2026\/02\/CN-632106792_00.jpg\",\"datePublished\":\"2026-02-16T11:46:00+00:00\",\"dateModified\":\"2026-03-10T05:42:33+00:00\",\"breadcrumb\":{\"@id\":\"https:\/\/desireonline.shop\/vi\/san-pham\/behave-vong-co-trai-tim-kem-day-xich-2\/#breadcrumb\"},\"inLanguage\":\"vi\",\"potentialAction\":[{\"@type\":\"ReadAction\",\"target\":[\"https:\/\/desireonline.shop\/vi\/san-pham\/behave-vong-co-trai-tim-kem-day-xich-2\/\"]}]},{\"@type\":\"ImageObject\",\"inLanguage\":\"vi\",\"@id\":\"https:\/\/desireonline.shop\/vi\/san-pham\/behave-vong-co-trai-tim-kem-day-xich-2\/#primaryimage\",\"url\":\"https:\/\/desireonline.shop\/wp-content\/uploads\/2026\/02\/CN-632106792_00.jpg\",\"contentUrl\":\"https:\/\/desireonline.shop\/wp-content\/uploads\/2026\/02\/CN-632106792_00.jpg\",\"width\":2000,\"height\":2000},{\"@type\":\"BreadcrumbList\",\"@id\":\"https:\/\/desireonline.shop\/vi\/san-pham\/behave-vong-co-trai-tim-kem-day-xich-2\/#breadcrumb\",\"itemListElement\":[{\"@type\":\"ListItem\",\"position\":1,\"name\":\"Home\",\"item\":\"https:\/\/desireonline.shop\/vi\/trang-chu\/?lang=vi\"},{\"@type\":\"ListItem\",\"position\":2,\"name\":\"T\u1ea5t c\u1ea3 s\u1ea3n ph\u1ea9m\",\"item\":\"https:\/\/desireonline.shop\/cua-hang\/?lang=vi\"},{\"@type\":\"ListItem\",\"position\":3,\"name\":\"BEHAVE! C\u00f2ng tay m\u1ec1m Super Soft\"}]},{\"@type\":\"WebSite\",\"@id\":\"https:\/\/desireonline.shop\/vi\/#website\",\"url\":\"https:\/\/desireonline.shop\/vi\/\",\"name\":\"Desire\",\"description\":\"Sexual Wellness Platform\",\"publisher\":{\"@id\":\"https:\/\/desireonline.shop\/vi\/#organization\"},\"potentialAction\":[{\"@type\":\"SearchAction\",\"target\":{\"@type\":\"EntryPoint\",\"urlTemplate\":\"https:\/\/desireonline.shop\/vi\/?s={search_term_string}\"},\"query-input\":{\"@type\":\"PropertyValueSpecification\",\"valueRequired\":true,\"valueName\":\"search_term_string\"}}],\"inLanguage\":\"vi\"},{\"@type\":\"Organization\",\"@id\":\"https:\/\/desireonline.shop\/vi\/#organization\",\"name\":\"Desire\",\"url\":\"https:\/\/desireonline.shop\/vi\/\",\"logo\":{\"@type\":\"ImageObject\",\"inLanguage\":\"vi\",\"@id\":\"https:\/\/desireonline.shop\/vi\/#\/schema\/logo\/image\/\",\"url\":\"https:\/\/desireonline.shop\/wp-content\/uploads\/2024\/06\/Logo-Thick-Font-1.webp\",\"contentUrl\":\"https:\/\/desireonline.shop\/wp-content\/uploads\/2024\/06\/Logo-Thick-Font-1.webp\",\"width\":268,\"height\":399,\"caption\":\"Desire\"},\"image\":{\"@id\":\"https:\/\/desireonline.shop\/vi\/#\/schema\/logo\/image\/\"}}]}<\/script>\n<!-- \/ Yoast SEO plugin. -->","yoast_head_json":{"title":"BEHAVE! C\u00f2ng tay m\u1ec1m Super Soft - Desire","robots":{"index":"index","follow":"follow","max-snippet":"max-snippet:-1","max-image-preview":"max-image-preview:large","max-video-preview":"max-video-preview:-1"},"canonical":"https:\/\/desireonline.shop\/vi\/san-pham\/behave-vong-co-trai-tim-kem-day-xich-2\/","og_locale":"vi_VN","og_type":"article","og_title":"BEHAVE! C\u00f2ng tay m\u1ec1m Super Soft - Desire","og_description":"Nh\u1eefng chi\u1ebfc c\u00f2ng tay si\u00eau m\u1ec1m n\u00e0y ph\u00f9 h\u1ee3p cho nh\u1eefng ai coi tr\u1ecdng s\u1ef1 tho\u1ea3i m\u00e1i b\u00ean c\u1ea1nh c\u1ea3m gi\u00e1c k\u00ecm gi\u1eef. Ch\u1ea5t li\u1ec7u nh\u1eb9 nh\u00e0ng t\u1ea1o c\u1ea3m gi\u00e1c&hellip;","og_url":"https:\/\/desireonline.shop\/vi\/san-pham\/behave-vong-co-trai-tim-kem-day-xich-2\/","og_site_name":"Desire","article_modified_time":"2026-03-10T05:42:33+00:00","og_image":[{"width":2000,"height":2000,"url":"https:\/\/desireonline.shop\/wp-content\/uploads\/2026\/02\/CN-632106792_00.jpg","type":"image\/jpeg"}],"twitter_card":"summary_large_image","twitter_misc":{"\u01af\u1edbc t\u00ednh th\u1eddi gian \u0111\u1ecdc":"1 ph\u00fat"},"schema":{"@context":"https:\/\/schema.org","@graph":[{"@type":"WebPage","@id":"https:\/\/desireonline.shop\/vi\/san-pham\/behave-vong-co-trai-tim-kem-day-xich-2\/","url":"https:\/\/desireonline.shop\/vi\/san-pham\/behave-vong-co-trai-tim-kem-day-xich-2\/","name":"BEHAVE! C\u00f2ng tay m\u1ec1m Super Soft - Desire","isPartOf":{"@id":"https:\/\/desireonline.shop\/vi\/#website"},"primaryImageOfPage":{"@id":"https:\/\/desireonline.shop\/vi\/san-pham\/behave-vong-co-trai-tim-kem-day-xich-2\/#primaryimage"},"image":{"@id":"https:\/\/desireonline.shop\/vi\/san-pham\/behave-vong-co-trai-tim-kem-day-xich-2\/#primaryimage"},"thumbnailUrl":"https:\/\/desireonline.shop\/wp-content\/uploads\/2026\/02\/CN-632106792_00.jpg","datePublished":"2026-02-16T11:46:00+00:00","dateModified":"2026-03-10T05:42:33+00:00","breadcrumb":{"@id":"https:\/\/desireonline.shop\/vi\/san-pham\/behave-vong-co-trai-tim-kem-day-xich-2\/#breadcrumb"},"inLanguage":"vi","potentialAction":[{"@type":"ReadAction","target":["https:\/\/desireonline.shop\/vi\/san-pham\/behave-vong-co-trai-tim-kem-day-xich-2\/"]}]},{"@type":"ImageObject","inLanguage":"vi","@id":"https:\/\/desireonline.shop\/vi\/san-pham\/behave-vong-co-trai-tim-kem-day-xich-2\/#primaryimage","url":"https:\/\/desireonline.shop\/wp-content\/uploads\/2026\/02\/CN-632106792_00.jpg","contentUrl":"https:\/\/desireonline.shop\/wp-content\/uploads\/2026\/02\/CN-632106792_00.jpg","width":2000,"height":2000},{"@type":"BreadcrumbList","@id":"https:\/\/desireonline.shop\/vi\/san-pham\/behave-vong-co-trai-tim-kem-day-xich-2\/#breadcrumb","itemListElement":[{"@type":"ListItem","position":1,"name":"Home","item":"https:\/\/desireonline.shop\/vi\/trang-chu\/?lang=vi"},{"@type":"ListItem","position":2,"name":"T\u1ea5t c\u1ea3 s\u1ea3n ph\u1ea9m","item":"https:\/\/desireonline.shop\/cua-hang\/?lang=vi"},{"@type":"ListItem","position":3,"name":"BEHAVE! C\u00f2ng tay m\u1ec1m Super Soft"}]},{"@type":"WebSite","@id":"https:\/\/desireonline.shop\/vi\/#website","url":"https:\/\/desireonline.shop\/vi\/","name":"Desire","description":"Sexual Wellness Platform","publisher":{"@id":"https:\/\/desireonline.shop\/vi\/#organization"},"potentialAction":[{"@type":"SearchAction","target":{"@type":"EntryPoint","urlTemplate":"https:\/\/desireonline.shop\/vi\/?s={search_term_string}"},"query-input":{"@type":"PropertyValueSpecification","valueRequired":true,"valueName":"search_term_string"}}],"inLanguage":"vi"},{"@type":"Organization","@id":"https:\/\/desireonline.shop\/vi\/#organization","name":"Desire","url":"https:\/\/desireonline.shop\/vi\/","logo":{"@type":"ImageObject","inLanguage":"vi","@id":"https:\/\/desireonline.shop\/vi\/#\/schema\/logo\/image\/","url":"https:\/\/desireonline.shop\/wp-content\/uploads\/2024\/06\/Logo-Thick-Font-1.webp","contentUrl":"https:\/\/desireonline.shop\/wp-content\/uploads\/2024\/06\/Logo-Thick-Font-1.webp","width":268,"height":399,"caption":"Desire"},"image":{"@id":"https:\/\/desireonline.shop\/vi\/#\/schema\/logo\/image\/"}}]}},"_links":{"self":[{"href":"https:\/\/desireonline.shop\/vi\/wp-json\/wp\/v2\/product\/66155","targetHints":{"allow":["GET"]}}],"collection":[{"href":"https:\/\/desireonline.shop\/vi\/wp-json\/wp\/v2\/product"}],"about":[{"href":"https:\/\/desireonline.shop\/vi\/wp-json\/wp\/v2\/types\/product"}],"replies":[{"embeddable":true,"href":"https:\/\/desireonline.shop\/vi\/wp-json\/wp\/v2\/comments?post=66155"}],"version-history":[{"count":0,"href":"https:\/\/desireonline.shop\/vi\/wp-json\/wp\/v2\/product\/66155\/revisions"}],"wp:featuredmedia":[{"embeddable":true,"href":"https:\/\/desireonline.shop\/vi\/wp-json\/wp\/v2\/media\/63050"}],"wp:attachment":[{"href":"https:\/\/desireonline.shop\/vi\/wp-json\/wp\/v2\/media?parent=66155"}],"wp:term":[{"taxonomy":"product_brand","embeddable":true,"href":"https:\/\/desireonline.shop\/vi\/wp-json\/wp\/v2\/product_brand?post=66155"},{"taxonomy":"product_cat","embeddable":true,"href":"https:\/\/desireonline.shop\/vi\/wp-json\/wp\/v2\/product_cat?post=66155"},{"taxonomy":"product_tag","embeddable":true,"href":"https:\/\/desireonline.shop\/vi\/wp-json\/wp\/v2\/product_tag?post=66155"}],"curies":[{"name":"wp","href":"https:\/\/api.w.org\/{rel}","templated":true}]}}