{"id":66188,"date":"2026-02-16T11:46:00","date_gmt":"2026-02-16T11:46:00","guid":{"rendered":"https:\/\/desireonline.shop\/product\/behave-day-kim-giu-co-the-kem-vong-co\/"},"modified":"2026-03-10T05:42:18","modified_gmt":"2026-03-10T05:42:18","slug":"behave-day-kim-giu-co-the-kem-vong-co","status":"publish","type":"product","link":"https:\/\/desireonline.shop\/vi\/san-pham\/behave-day-kim-giu-co-the-kem-vong-co\/","title":{"rendered":"BEHAVE! D\u00e2y k\u00ecm gi\u1eef c\u01a1 th\u1ec3 k\u00e8m v\u00f2ng c\u1ed5"},"content":{"rendered":"<p>D\u00e2y k\u00ecm gi\u1eef c\u01a1 th\u1ec3 k\u00e8m v\u00f2ng c\u1ed5 n\u00e0y k\u1ebft h\u1ee3p c\u1ea5u tr\u00fac ch\u1eafc ch\u1eafn v\u1edbi s\u1ef1 linh ho\u1ea1t, cho ph\u00e9p b\u1ea1n kh\u00e1m ph\u00e1 chuy\u1ec3n \u0111\u1ed9ng v\u00e0 t\u01b0 th\u1ebf c\u00f3 h\u01b0\u1edbng d\u1eabn m\u1ed9t c\u00e1ch t\u1ef1 tin. Thi\u1ebft k\u1ebf c\u00f3 th\u1ec3 \u0111i\u1ec1u ch\u1ec9nh gi\u00fap t\u1ea1o \u0111\u1ed9 v\u1eeba v\u1eb7n an to\u00e0n v\u00e0 c\u00e1 nh\u00e2n h\u00f3a, trong khi c\u00e1c tay c\u1ea7m d\u1ec5 s\u1eed d\u1ee5ng mang l\u1ea1i kh\u1ea3 n\u0103ng ki\u1ec3m so\u00e1t tr\u1ef1c quan trong qu\u00e1 tr\u00ecnh tr\u1ea3i nghi\u1ec7m.<\/p>\n<p>Ph\u00f9 h\u1ee3p cho nh\u1eefng ai t\u00f2 m\u00f2 mu\u1ed1n kh\u00e1m ph\u00e1 k\u00ecm gi\u1eef to\u00e0n th\u00e2n m\u00e0 kh\u00f4ng qu\u00e1 ph\u1ee9c t\u1ea1p, s\u1ea3n ph\u1ea9m khuy\u1ebfn kh\u00edch giao ti\u1ebfp v\u00e0 s\u1ef1 \u0111\u1ed3ng thu\u1eadn trong kh\u00f4ng kh\u00ed vui v\u1ebb v\u00e0 tho\u1ea3i m\u00e1i.<\/p>\n","protected":false},"excerpt":{"rendered":"<p>D\u00e2y k\u00ecm gi\u1eef c\u01a1 th\u1ec3 k\u00e8m v\u00f2ng c\u1ed5 n\u00e0y k\u1ebft h\u1ee3p c\u1ea5u tr\u00fac ch\u1eafc ch\u1eafn v\u1edbi s\u1ef1 linh ho\u1ea1t, cho ph\u00e9p b\u1ea1n kh\u00e1m ph\u00e1 chuy\u1ec3n \u0111\u1ed9ng v\u00e0 t\u01b0 th\u1ebf c\u00f3&hellip;<\/p>\n","protected":false},"featured_media":63020,"comment_status":"open","ping_status":"closed","template":"","meta":{"_acf_changed":false},"product_brand":[],"product_cat":[1347,1351],"product_tag":[],"class_list":{"0":"post-66188","1":"product","2":"type-product","3":"status-publish","4":"has-post-thumbnail","6":"product_cat-day-deo-co-the","7":"product_cat-vong-co-day-dan","9":"first","10":"instock","11":"shipping-taxable","12":"purchasable","13":"product-type-simple"},"acf":[],"yoast_head":"<!-- This site is optimized with the Yoast SEO plugin v27.1.1 - https:\/\/yoast.com\/product\/yoast-seo-wordpress\/ -->\n<title>BEHAVE! D\u00e2y k\u00ecm gi\u1eef c\u01a1 th\u1ec3 k\u00e8m v\u00f2ng c\u1ed5 - Desire<\/title>\n<meta name=\"robots\" content=\"index, follow, max-snippet:-1, max-image-preview:large, max-video-preview:-1\" \/>\n<link rel=\"canonical\" href=\"https:\/\/desireonline.shop\/vi\/san-pham\/behave-day-kim-giu-co-the-kem-vong-co\/\" \/>\n<meta property=\"og:locale\" content=\"vi_VN\" \/>\n<meta property=\"og:type\" content=\"article\" \/>\n<meta property=\"og:title\" content=\"BEHAVE! D\u00e2y k\u00ecm gi\u1eef c\u01a1 th\u1ec3 k\u00e8m v\u00f2ng c\u1ed5 - Desire\" \/>\n<meta property=\"og:description\" content=\"D\u00e2y k\u00ecm gi\u1eef c\u01a1 th\u1ec3 k\u00e8m v\u00f2ng c\u1ed5 n\u00e0y k\u1ebft h\u1ee3p c\u1ea5u tr\u00fac ch\u1eafc ch\u1eafn v\u1edbi s\u1ef1 linh ho\u1ea1t, cho ph\u00e9p b\u1ea1n kh\u00e1m ph\u00e1 chuy\u1ec3n \u0111\u1ed9ng v\u00e0 t\u01b0 th\u1ebf c\u00f3&hellip;\" \/>\n<meta property=\"og:url\" content=\"https:\/\/desireonline.shop\/vi\/san-pham\/behave-day-kim-giu-co-the-kem-vong-co\/\" \/>\n<meta property=\"og:site_name\" content=\"Desire\" \/>\n<meta property=\"article:modified_time\" content=\"2026-03-10T05:42:18+00:00\" \/>\n<meta property=\"og:image\" content=\"https:\/\/desireonline.shop\/wp-content\/uploads\/2026\/02\/CN-545200772_00.jpg\" \/>\n\t<meta property=\"og:image:width\" content=\"1000\" \/>\n\t<meta property=\"og:image:height\" content=\"1000\" \/>\n\t<meta property=\"og:image:type\" content=\"image\/jpeg\" \/>\n<meta name=\"twitter:card\" content=\"summary_large_image\" \/>\n<meta name=\"twitter:label1\" content=\"\u01af\u1edbc t\u00ednh th\u1eddi gian \u0111\u1ecdc\" \/>\n\t<meta name=\"twitter:data1\" content=\"1 ph\u00fat\" \/>\n<script type=\"application\/ld+json\" class=\"yoast-schema-graph\">{\"@context\":\"https:\/\/schema.org\",\"@graph\":[{\"@type\":\"WebPage\",\"@id\":\"https:\/\/desireonline.shop\/vi\/san-pham\/behave-day-kim-giu-co-the-kem-vong-co\/\",\"url\":\"https:\/\/desireonline.shop\/vi\/san-pham\/behave-day-kim-giu-co-the-kem-vong-co\/\",\"name\":\"BEHAVE! D\u00e2y k\u00ecm gi\u1eef c\u01a1 th\u1ec3 k\u00e8m v\u00f2ng c\u1ed5 - Desire\",\"isPartOf\":{\"@id\":\"https:\/\/desireonline.shop\/vi\/#website\"},\"primaryImageOfPage\":{\"@id\":\"https:\/\/desireonline.shop\/vi\/san-pham\/behave-day-kim-giu-co-the-kem-vong-co\/#primaryimage\"},\"image\":{\"@id\":\"https:\/\/desireonline.shop\/vi\/san-pham\/behave-day-kim-giu-co-the-kem-vong-co\/#primaryimage\"},\"thumbnailUrl\":\"https:\/\/desireonline.shop\/wp-content\/uploads\/2026\/02\/CN-545200772_00.jpg\",\"datePublished\":\"2026-02-16T11:46:00+00:00\",\"dateModified\":\"2026-03-10T05:42:18+00:00\",\"breadcrumb\":{\"@id\":\"https:\/\/desireonline.shop\/vi\/san-pham\/behave-day-kim-giu-co-the-kem-vong-co\/#breadcrumb\"},\"inLanguage\":\"vi\",\"potentialAction\":[{\"@type\":\"ReadAction\",\"target\":[\"https:\/\/desireonline.shop\/vi\/san-pham\/behave-day-kim-giu-co-the-kem-vong-co\/\"]}]},{\"@type\":\"ImageObject\",\"inLanguage\":\"vi\",\"@id\":\"https:\/\/desireonline.shop\/vi\/san-pham\/behave-day-kim-giu-co-the-kem-vong-co\/#primaryimage\",\"url\":\"https:\/\/desireonline.shop\/wp-content\/uploads\/2026\/02\/CN-545200772_00.jpg\",\"contentUrl\":\"https:\/\/desireonline.shop\/wp-content\/uploads\/2026\/02\/CN-545200772_00.jpg\",\"width\":1000,\"height\":1000},{\"@type\":\"BreadcrumbList\",\"@id\":\"https:\/\/desireonline.shop\/vi\/san-pham\/behave-day-kim-giu-co-the-kem-vong-co\/#breadcrumb\",\"itemListElement\":[{\"@type\":\"ListItem\",\"position\":1,\"name\":\"Home\",\"item\":\"https:\/\/desireonline.shop\/vi\/trang-chu\/?lang=vi\"},{\"@type\":\"ListItem\",\"position\":2,\"name\":\"T\u1ea5t c\u1ea3 s\u1ea3n ph\u1ea9m\",\"item\":\"https:\/\/desireonline.shop\/cua-hang\/?lang=vi\"},{\"@type\":\"ListItem\",\"position\":3,\"name\":\"BEHAVE! D\u00e2y k\u00ecm gi\u1eef c\u01a1 th\u1ec3 k\u00e8m v\u00f2ng c\u1ed5\"}]},{\"@type\":\"WebSite\",\"@id\":\"https:\/\/desireonline.shop\/vi\/#website\",\"url\":\"https:\/\/desireonline.shop\/vi\/\",\"name\":\"Desire\",\"description\":\"Sexual Wellness Platform\",\"publisher\":{\"@id\":\"https:\/\/desireonline.shop\/vi\/#organization\"},\"potentialAction\":[{\"@type\":\"SearchAction\",\"target\":{\"@type\":\"EntryPoint\",\"urlTemplate\":\"https:\/\/desireonline.shop\/vi\/?s={search_term_string}\"},\"query-input\":{\"@type\":\"PropertyValueSpecification\",\"valueRequired\":true,\"valueName\":\"search_term_string\"}}],\"inLanguage\":\"vi\"},{\"@type\":\"Organization\",\"@id\":\"https:\/\/desireonline.shop\/vi\/#organization\",\"name\":\"Desire\",\"url\":\"https:\/\/desireonline.shop\/vi\/\",\"logo\":{\"@type\":\"ImageObject\",\"inLanguage\":\"vi\",\"@id\":\"https:\/\/desireonline.shop\/vi\/#\/schema\/logo\/image\/\",\"url\":\"https:\/\/desireonline.shop\/wp-content\/uploads\/2024\/06\/Logo-Thick-Font-1.webp\",\"contentUrl\":\"https:\/\/desireonline.shop\/wp-content\/uploads\/2024\/06\/Logo-Thick-Font-1.webp\",\"width\":268,\"height\":399,\"caption\":\"Desire\"},\"image\":{\"@id\":\"https:\/\/desireonline.shop\/vi\/#\/schema\/logo\/image\/\"}}]}<\/script>\n<!-- \/ Yoast SEO plugin. -->","yoast_head_json":{"title":"BEHAVE! D\u00e2y k\u00ecm gi\u1eef c\u01a1 th\u1ec3 k\u00e8m v\u00f2ng c\u1ed5 - Desire","robots":{"index":"index","follow":"follow","max-snippet":"max-snippet:-1","max-image-preview":"max-image-preview:large","max-video-preview":"max-video-preview:-1"},"canonical":"https:\/\/desireonline.shop\/vi\/san-pham\/behave-day-kim-giu-co-the-kem-vong-co\/","og_locale":"vi_VN","og_type":"article","og_title":"BEHAVE! D\u00e2y k\u00ecm gi\u1eef c\u01a1 th\u1ec3 k\u00e8m v\u00f2ng c\u1ed5 - Desire","og_description":"D\u00e2y k\u00ecm gi\u1eef c\u01a1 th\u1ec3 k\u00e8m v\u00f2ng c\u1ed5 n\u00e0y k\u1ebft h\u1ee3p c\u1ea5u tr\u00fac ch\u1eafc ch\u1eafn v\u1edbi s\u1ef1 linh ho\u1ea1t, cho ph\u00e9p b\u1ea1n kh\u00e1m ph\u00e1 chuy\u1ec3n \u0111\u1ed9ng v\u00e0 t\u01b0 th\u1ebf c\u00f3&hellip;","og_url":"https:\/\/desireonline.shop\/vi\/san-pham\/behave-day-kim-giu-co-the-kem-vong-co\/","og_site_name":"Desire","article_modified_time":"2026-03-10T05:42:18+00:00","og_image":[{"width":1000,"height":1000,"url":"https:\/\/desireonline.shop\/wp-content\/uploads\/2026\/02\/CN-545200772_00.jpg","type":"image\/jpeg"}],"twitter_card":"summary_large_image","twitter_misc":{"\u01af\u1edbc t\u00ednh th\u1eddi gian \u0111\u1ecdc":"1 ph\u00fat"},"schema":{"@context":"https:\/\/schema.org","@graph":[{"@type":"WebPage","@id":"https:\/\/desireonline.shop\/vi\/san-pham\/behave-day-kim-giu-co-the-kem-vong-co\/","url":"https:\/\/desireonline.shop\/vi\/san-pham\/behave-day-kim-giu-co-the-kem-vong-co\/","name":"BEHAVE! D\u00e2y k\u00ecm gi\u1eef c\u01a1 th\u1ec3 k\u00e8m v\u00f2ng c\u1ed5 - Desire","isPartOf":{"@id":"https:\/\/desireonline.shop\/vi\/#website"},"primaryImageOfPage":{"@id":"https:\/\/desireonline.shop\/vi\/san-pham\/behave-day-kim-giu-co-the-kem-vong-co\/#primaryimage"},"image":{"@id":"https:\/\/desireonline.shop\/vi\/san-pham\/behave-day-kim-giu-co-the-kem-vong-co\/#primaryimage"},"thumbnailUrl":"https:\/\/desireonline.shop\/wp-content\/uploads\/2026\/02\/CN-545200772_00.jpg","datePublished":"2026-02-16T11:46:00+00:00","dateModified":"2026-03-10T05:42:18+00:00","breadcrumb":{"@id":"https:\/\/desireonline.shop\/vi\/san-pham\/behave-day-kim-giu-co-the-kem-vong-co\/#breadcrumb"},"inLanguage":"vi","potentialAction":[{"@type":"ReadAction","target":["https:\/\/desireonline.shop\/vi\/san-pham\/behave-day-kim-giu-co-the-kem-vong-co\/"]}]},{"@type":"ImageObject","inLanguage":"vi","@id":"https:\/\/desireonline.shop\/vi\/san-pham\/behave-day-kim-giu-co-the-kem-vong-co\/#primaryimage","url":"https:\/\/desireonline.shop\/wp-content\/uploads\/2026\/02\/CN-545200772_00.jpg","contentUrl":"https:\/\/desireonline.shop\/wp-content\/uploads\/2026\/02\/CN-545200772_00.jpg","width":1000,"height":1000},{"@type":"BreadcrumbList","@id":"https:\/\/desireonline.shop\/vi\/san-pham\/behave-day-kim-giu-co-the-kem-vong-co\/#breadcrumb","itemListElement":[{"@type":"ListItem","position":1,"name":"Home","item":"https:\/\/desireonline.shop\/vi\/trang-chu\/?lang=vi"},{"@type":"ListItem","position":2,"name":"T\u1ea5t c\u1ea3 s\u1ea3n ph\u1ea9m","item":"https:\/\/desireonline.shop\/cua-hang\/?lang=vi"},{"@type":"ListItem","position":3,"name":"BEHAVE! D\u00e2y k\u00ecm gi\u1eef c\u01a1 th\u1ec3 k\u00e8m v\u00f2ng c\u1ed5"}]},{"@type":"WebSite","@id":"https:\/\/desireonline.shop\/vi\/#website","url":"https:\/\/desireonline.shop\/vi\/","name":"Desire","description":"Sexual Wellness Platform","publisher":{"@id":"https:\/\/desireonline.shop\/vi\/#organization"},"potentialAction":[{"@type":"SearchAction","target":{"@type":"EntryPoint","urlTemplate":"https:\/\/desireonline.shop\/vi\/?s={search_term_string}"},"query-input":{"@type":"PropertyValueSpecification","valueRequired":true,"valueName":"search_term_string"}}],"inLanguage":"vi"},{"@type":"Organization","@id":"https:\/\/desireonline.shop\/vi\/#organization","name":"Desire","url":"https:\/\/desireonline.shop\/vi\/","logo":{"@type":"ImageObject","inLanguage":"vi","@id":"https:\/\/desireonline.shop\/vi\/#\/schema\/logo\/image\/","url":"https:\/\/desireonline.shop\/wp-content\/uploads\/2024\/06\/Logo-Thick-Font-1.webp","contentUrl":"https:\/\/desireonline.shop\/wp-content\/uploads\/2024\/06\/Logo-Thick-Font-1.webp","width":268,"height":399,"caption":"Desire"},"image":{"@id":"https:\/\/desireonline.shop\/vi\/#\/schema\/logo\/image\/"}}]}},"_links":{"self":[{"href":"https:\/\/desireonline.shop\/vi\/wp-json\/wp\/v2\/product\/66188","targetHints":{"allow":["GET"]}}],"collection":[{"href":"https:\/\/desireonline.shop\/vi\/wp-json\/wp\/v2\/product"}],"about":[{"href":"https:\/\/desireonline.shop\/vi\/wp-json\/wp\/v2\/types\/product"}],"replies":[{"embeddable":true,"href":"https:\/\/desireonline.shop\/vi\/wp-json\/wp\/v2\/comments?post=66188"}],"version-history":[{"count":0,"href":"https:\/\/desireonline.shop\/vi\/wp-json\/wp\/v2\/product\/66188\/revisions"}],"wp:featuredmedia":[{"embeddable":true,"href":"https:\/\/desireonline.shop\/vi\/wp-json\/wp\/v2\/media\/63020"}],"wp:attachment":[{"href":"https:\/\/desireonline.shop\/vi\/wp-json\/wp\/v2\/media?parent=66188"}],"wp:term":[{"taxonomy":"product_brand","embeddable":true,"href":"https:\/\/desireonline.shop\/vi\/wp-json\/wp\/v2\/product_brand?post=66188"},{"taxonomy":"product_cat","embeddable":true,"href":"https:\/\/desireonline.shop\/vi\/wp-json\/wp\/v2\/product_cat?post=66188"},{"taxonomy":"product_tag","embeddable":true,"href":"https:\/\/desireonline.shop\/vi\/wp-json\/wp\/v2\/product_tag?post=66188"}],"curies":[{"name":"wp","href":"https:\/\/api.w.org\/{rel}","templated":true}]}}