{"id":66201,"date":"2026-02-16T11:47:00","date_gmt":"2026-02-16T11:47:00","guid":{"rendered":"https:\/\/desireonline.shop\/product\/behave-paddle-danh-mong-punish-me\/"},"modified":"2026-03-10T05:42:01","modified_gmt":"2026-03-10T05:42:01","slug":"behave-paddle-danh-mong-punish-me","status":"publish","type":"product","link":"https:\/\/desireonline.shop\/vi\/san-pham\/behave-paddle-danh-mong-punish-me\/","title":{"rendered":"BEHAVE! Paddle \u0111\u00e1nh m\u00f4ng Punish Me"},"content":{"rendered":"<p>\u0110\u01b0\u1ee3c thi\u1ebft k\u1ebf d\u00e0nh cho nh\u1eefng ai th\u00edch kh\u00e1m ph\u00e1 s\u1ef1 t\u01b0\u01a1ng ph\u1ea3n trong c\u1ea3m gi\u00e1c, paddle \u0111\u00e1nh m\u00f4ng n\u00e0y mang l\u1ea1i s\u1ef1 linh ho\u1ea1t c\u00f9ng tr\u1ecdng l\u01b0\u1ee3ng c\u00e2n \u0111\u1ed1i. S\u1ea3n ph\u1ea9m cho ph\u00e9p b\u1ea1n \u0111i\u1ec1u ch\u1ec9nh c\u01b0\u1eddng \u0111\u1ed9 trong khi v\u1eabn gi\u1eef \u0111\u01b0\u1ee3c \u0111\u1ed9 c\u1ea7m n\u1eafm ch\u1eafc ch\u1eafn v\u00e0 ki\u1ec3m so\u00e1t t\u1ed1t.<\/p>\n<p>M\u1ed9t ph\u1ee5 ki\u1ec7n n\u1ed5i b\u1eadt cho nh\u1eefng tr\u1ea3i nghi\u1ec7m mang t\u00ednh vui nh\u1ed9n, khuy\u1ebfn kh\u00edch kh\u00e1m ph\u00e1 c\u00f3 s\u1ef1 \u0111\u1ed3ng thu\u1eadn v\u1edbi s\u1ef1 r\u00f5 r\u00e0ng v\u00e0 ch\u1ee7 \u00fd.<\/p>\n","protected":false},"excerpt":{"rendered":"<p>\u0110\u01b0\u1ee3c thi\u1ebft k\u1ebf d\u00e0nh cho nh\u1eefng ai th\u00edch kh\u00e1m ph\u00e1 s\u1ef1 t\u01b0\u01a1ng ph\u1ea3n trong c\u1ea3m gi\u00e1c, paddle \u0111\u00e1nh m\u00f4ng n\u00e0y mang l\u1ea1i s\u1ef1 linh ho\u1ea1t c\u00f9ng tr\u1ecdng l\u01b0\u1ee3ng c\u00e2n \u0111\u1ed1i.&hellip;<\/p>\n","protected":false},"featured_media":63079,"comment_status":"open","ping_status":"closed","template":"","meta":{"_acf_changed":false},"product_brand":[],"product_cat":[1360],"product_tag":[],"class_list":{"0":"post-66201","1":"product","2":"type-product","3":"status-publish","4":"has-post-thumbnail","6":"product_cat-vot-tao-cam-giac","8":"first","9":"instock","10":"shipping-taxable","11":"purchasable","12":"product-type-simple"},"acf":[],"yoast_head":"<!-- This site is optimized with the Yoast SEO plugin v27.1.1 - https:\/\/yoast.com\/product\/yoast-seo-wordpress\/ -->\n<title>BEHAVE! Paddle \u0111\u00e1nh m\u00f4ng Punish Me - Desire<\/title>\n<meta name=\"robots\" content=\"index, follow, max-snippet:-1, max-image-preview:large, max-video-preview:-1\" \/>\n<link rel=\"canonical\" href=\"https:\/\/desireonline.shop\/vi\/san-pham\/behave-paddle-danh-mong-punish-me\/\" \/>\n<meta property=\"og:locale\" content=\"vi_VN\" \/>\n<meta property=\"og:type\" content=\"article\" \/>\n<meta property=\"og:title\" content=\"BEHAVE! Paddle \u0111\u00e1nh m\u00f4ng Punish Me - Desire\" \/>\n<meta property=\"og:description\" content=\"\u0110\u01b0\u1ee3c thi\u1ebft k\u1ebf d\u00e0nh cho nh\u1eefng ai th\u00edch kh\u00e1m ph\u00e1 s\u1ef1 t\u01b0\u01a1ng ph\u1ea3n trong c\u1ea3m gi\u00e1c, paddle \u0111\u00e1nh m\u00f4ng n\u00e0y mang l\u1ea1i s\u1ef1 linh ho\u1ea1t c\u00f9ng tr\u1ecdng l\u01b0\u1ee3ng c\u00e2n \u0111\u1ed1i.&hellip;\" \/>\n<meta property=\"og:url\" content=\"https:\/\/desireonline.shop\/vi\/san-pham\/behave-paddle-danh-mong-punish-me\/\" \/>\n<meta property=\"og:site_name\" content=\"Desire\" \/>\n<meta property=\"article:modified_time\" content=\"2026-03-10T05:42:01+00:00\" \/>\n<meta property=\"og:image\" content=\"https:\/\/desireonline.shop\/wp-content\/uploads\/2026\/02\/CN-634194272_00.jpg\" \/>\n\t<meta property=\"og:image:width\" content=\"1000\" \/>\n\t<meta property=\"og:image:height\" content=\"1000\" \/>\n\t<meta property=\"og:image:type\" content=\"image\/jpeg\" \/>\n<meta name=\"twitter:card\" content=\"summary_large_image\" \/>\n<meta name=\"twitter:label1\" content=\"\u01af\u1edbc t\u00ednh th\u1eddi gian \u0111\u1ecdc\" \/>\n\t<meta name=\"twitter:data1\" content=\"1 ph\u00fat\" \/>\n<script type=\"application\/ld+json\" class=\"yoast-schema-graph\">{\"@context\":\"https:\/\/schema.org\",\"@graph\":[{\"@type\":\"WebPage\",\"@id\":\"https:\/\/desireonline.shop\/vi\/san-pham\/behave-paddle-danh-mong-punish-me\/\",\"url\":\"https:\/\/desireonline.shop\/vi\/san-pham\/behave-paddle-danh-mong-punish-me\/\",\"name\":\"BEHAVE! Paddle \u0111\u00e1nh m\u00f4ng Punish Me - Desire\",\"isPartOf\":{\"@id\":\"https:\/\/desireonline.shop\/vi\/#website\"},\"primaryImageOfPage\":{\"@id\":\"https:\/\/desireonline.shop\/vi\/san-pham\/behave-paddle-danh-mong-punish-me\/#primaryimage\"},\"image\":{\"@id\":\"https:\/\/desireonline.shop\/vi\/san-pham\/behave-paddle-danh-mong-punish-me\/#primaryimage\"},\"thumbnailUrl\":\"https:\/\/desireonline.shop\/wp-content\/uploads\/2026\/02\/CN-634194272_00.jpg\",\"datePublished\":\"2026-02-16T11:47:00+00:00\",\"dateModified\":\"2026-03-10T05:42:01+00:00\",\"breadcrumb\":{\"@id\":\"https:\/\/desireonline.shop\/vi\/san-pham\/behave-paddle-danh-mong-punish-me\/#breadcrumb\"},\"inLanguage\":\"vi\",\"potentialAction\":[{\"@type\":\"ReadAction\",\"target\":[\"https:\/\/desireonline.shop\/vi\/san-pham\/behave-paddle-danh-mong-punish-me\/\"]}]},{\"@type\":\"ImageObject\",\"inLanguage\":\"vi\",\"@id\":\"https:\/\/desireonline.shop\/vi\/san-pham\/behave-paddle-danh-mong-punish-me\/#primaryimage\",\"url\":\"https:\/\/desireonline.shop\/wp-content\/uploads\/2026\/02\/CN-634194272_00.jpg\",\"contentUrl\":\"https:\/\/desireonline.shop\/wp-content\/uploads\/2026\/02\/CN-634194272_00.jpg\",\"width\":1000,\"height\":1000},{\"@type\":\"BreadcrumbList\",\"@id\":\"https:\/\/desireonline.shop\/vi\/san-pham\/behave-paddle-danh-mong-punish-me\/#breadcrumb\",\"itemListElement\":[{\"@type\":\"ListItem\",\"position\":1,\"name\":\"Home\",\"item\":\"https:\/\/desireonline.shop\/vi\/trang-chu\/?lang=vi\"},{\"@type\":\"ListItem\",\"position\":2,\"name\":\"T\u1ea5t c\u1ea3 s\u1ea3n ph\u1ea9m\",\"item\":\"https:\/\/desireonline.shop\/cua-hang\/?lang=vi\"},{\"@type\":\"ListItem\",\"position\":3,\"name\":\"BEHAVE! Paddle \u0111\u00e1nh m\u00f4ng Punish Me\"}]},{\"@type\":\"WebSite\",\"@id\":\"https:\/\/desireonline.shop\/vi\/#website\",\"url\":\"https:\/\/desireonline.shop\/vi\/\",\"name\":\"Desire\",\"description\":\"Sexual Wellness Platform\",\"publisher\":{\"@id\":\"https:\/\/desireonline.shop\/vi\/#organization\"},\"potentialAction\":[{\"@type\":\"SearchAction\",\"target\":{\"@type\":\"EntryPoint\",\"urlTemplate\":\"https:\/\/desireonline.shop\/vi\/?s={search_term_string}\"},\"query-input\":{\"@type\":\"PropertyValueSpecification\",\"valueRequired\":true,\"valueName\":\"search_term_string\"}}],\"inLanguage\":\"vi\"},{\"@type\":\"Organization\",\"@id\":\"https:\/\/desireonline.shop\/vi\/#organization\",\"name\":\"Desire\",\"url\":\"https:\/\/desireonline.shop\/vi\/\",\"logo\":{\"@type\":\"ImageObject\",\"inLanguage\":\"vi\",\"@id\":\"https:\/\/desireonline.shop\/vi\/#\/schema\/logo\/image\/\",\"url\":\"https:\/\/desireonline.shop\/wp-content\/uploads\/2024\/06\/Logo-Thick-Font-1.webp\",\"contentUrl\":\"https:\/\/desireonline.shop\/wp-content\/uploads\/2024\/06\/Logo-Thick-Font-1.webp\",\"width\":268,\"height\":399,\"caption\":\"Desire\"},\"image\":{\"@id\":\"https:\/\/desireonline.shop\/vi\/#\/schema\/logo\/image\/\"}}]}<\/script>\n<!-- \/ Yoast SEO plugin. -->","yoast_head_json":{"title":"BEHAVE! Paddle \u0111\u00e1nh m\u00f4ng Punish Me - Desire","robots":{"index":"index","follow":"follow","max-snippet":"max-snippet:-1","max-image-preview":"max-image-preview:large","max-video-preview":"max-video-preview:-1"},"canonical":"https:\/\/desireonline.shop\/vi\/san-pham\/behave-paddle-danh-mong-punish-me\/","og_locale":"vi_VN","og_type":"article","og_title":"BEHAVE! Paddle \u0111\u00e1nh m\u00f4ng Punish Me - Desire","og_description":"\u0110\u01b0\u1ee3c thi\u1ebft k\u1ebf d\u00e0nh cho nh\u1eefng ai th\u00edch kh\u00e1m ph\u00e1 s\u1ef1 t\u01b0\u01a1ng ph\u1ea3n trong c\u1ea3m gi\u00e1c, paddle \u0111\u00e1nh m\u00f4ng n\u00e0y mang l\u1ea1i s\u1ef1 linh ho\u1ea1t c\u00f9ng tr\u1ecdng l\u01b0\u1ee3ng c\u00e2n \u0111\u1ed1i.&hellip;","og_url":"https:\/\/desireonline.shop\/vi\/san-pham\/behave-paddle-danh-mong-punish-me\/","og_site_name":"Desire","article_modified_time":"2026-03-10T05:42:01+00:00","og_image":[{"width":1000,"height":1000,"url":"https:\/\/desireonline.shop\/wp-content\/uploads\/2026\/02\/CN-634194272_00.jpg","type":"image\/jpeg"}],"twitter_card":"summary_large_image","twitter_misc":{"\u01af\u1edbc t\u00ednh th\u1eddi gian \u0111\u1ecdc":"1 ph\u00fat"},"schema":{"@context":"https:\/\/schema.org","@graph":[{"@type":"WebPage","@id":"https:\/\/desireonline.shop\/vi\/san-pham\/behave-paddle-danh-mong-punish-me\/","url":"https:\/\/desireonline.shop\/vi\/san-pham\/behave-paddle-danh-mong-punish-me\/","name":"BEHAVE! Paddle \u0111\u00e1nh m\u00f4ng Punish Me - Desire","isPartOf":{"@id":"https:\/\/desireonline.shop\/vi\/#website"},"primaryImageOfPage":{"@id":"https:\/\/desireonline.shop\/vi\/san-pham\/behave-paddle-danh-mong-punish-me\/#primaryimage"},"image":{"@id":"https:\/\/desireonline.shop\/vi\/san-pham\/behave-paddle-danh-mong-punish-me\/#primaryimage"},"thumbnailUrl":"https:\/\/desireonline.shop\/wp-content\/uploads\/2026\/02\/CN-634194272_00.jpg","datePublished":"2026-02-16T11:47:00+00:00","dateModified":"2026-03-10T05:42:01+00:00","breadcrumb":{"@id":"https:\/\/desireonline.shop\/vi\/san-pham\/behave-paddle-danh-mong-punish-me\/#breadcrumb"},"inLanguage":"vi","potentialAction":[{"@type":"ReadAction","target":["https:\/\/desireonline.shop\/vi\/san-pham\/behave-paddle-danh-mong-punish-me\/"]}]},{"@type":"ImageObject","inLanguage":"vi","@id":"https:\/\/desireonline.shop\/vi\/san-pham\/behave-paddle-danh-mong-punish-me\/#primaryimage","url":"https:\/\/desireonline.shop\/wp-content\/uploads\/2026\/02\/CN-634194272_00.jpg","contentUrl":"https:\/\/desireonline.shop\/wp-content\/uploads\/2026\/02\/CN-634194272_00.jpg","width":1000,"height":1000},{"@type":"BreadcrumbList","@id":"https:\/\/desireonline.shop\/vi\/san-pham\/behave-paddle-danh-mong-punish-me\/#breadcrumb","itemListElement":[{"@type":"ListItem","position":1,"name":"Home","item":"https:\/\/desireonline.shop\/vi\/trang-chu\/?lang=vi"},{"@type":"ListItem","position":2,"name":"T\u1ea5t c\u1ea3 s\u1ea3n ph\u1ea9m","item":"https:\/\/desireonline.shop\/cua-hang\/?lang=vi"},{"@type":"ListItem","position":3,"name":"BEHAVE! Paddle \u0111\u00e1nh m\u00f4ng Punish Me"}]},{"@type":"WebSite","@id":"https:\/\/desireonline.shop\/vi\/#website","url":"https:\/\/desireonline.shop\/vi\/","name":"Desire","description":"Sexual Wellness Platform","publisher":{"@id":"https:\/\/desireonline.shop\/vi\/#organization"},"potentialAction":[{"@type":"SearchAction","target":{"@type":"EntryPoint","urlTemplate":"https:\/\/desireonline.shop\/vi\/?s={search_term_string}"},"query-input":{"@type":"PropertyValueSpecification","valueRequired":true,"valueName":"search_term_string"}}],"inLanguage":"vi"},{"@type":"Organization","@id":"https:\/\/desireonline.shop\/vi\/#organization","name":"Desire","url":"https:\/\/desireonline.shop\/vi\/","logo":{"@type":"ImageObject","inLanguage":"vi","@id":"https:\/\/desireonline.shop\/vi\/#\/schema\/logo\/image\/","url":"https:\/\/desireonline.shop\/wp-content\/uploads\/2024\/06\/Logo-Thick-Font-1.webp","contentUrl":"https:\/\/desireonline.shop\/wp-content\/uploads\/2024\/06\/Logo-Thick-Font-1.webp","width":268,"height":399,"caption":"Desire"},"image":{"@id":"https:\/\/desireonline.shop\/vi\/#\/schema\/logo\/image\/"}}]}},"_links":{"self":[{"href":"https:\/\/desireonline.shop\/vi\/wp-json\/wp\/v2\/product\/66201","targetHints":{"allow":["GET"]}}],"collection":[{"href":"https:\/\/desireonline.shop\/vi\/wp-json\/wp\/v2\/product"}],"about":[{"href":"https:\/\/desireonline.shop\/vi\/wp-json\/wp\/v2\/types\/product"}],"replies":[{"embeddable":true,"href":"https:\/\/desireonline.shop\/vi\/wp-json\/wp\/v2\/comments?post=66201"}],"version-history":[{"count":0,"href":"https:\/\/desireonline.shop\/vi\/wp-json\/wp\/v2\/product\/66201\/revisions"}],"wp:featuredmedia":[{"embeddable":true,"href":"https:\/\/desireonline.shop\/vi\/wp-json\/wp\/v2\/media\/63079"}],"wp:attachment":[{"href":"https:\/\/desireonline.shop\/vi\/wp-json\/wp\/v2\/media?parent=66201"}],"wp:term":[{"taxonomy":"product_brand","embeddable":true,"href":"https:\/\/desireonline.shop\/vi\/wp-json\/wp\/v2\/product_brand?post=66201"},{"taxonomy":"product_cat","embeddable":true,"href":"https:\/\/desireonline.shop\/vi\/wp-json\/wp\/v2\/product_cat?post=66201"},{"taxonomy":"product_tag","embeddable":true,"href":"https:\/\/desireonline.shop\/vi\/wp-json\/wp\/v2\/product_tag?post=66201"}],"curies":[{"name":"wp","href":"https:\/\/api.w.org\/{rel}","templated":true}]}}