{"id":66215,"date":"2026-02-16T11:47:00","date_gmt":"2026-02-16T11:47:00","guid":{"rendered":"https:\/\/desireonline.shop\/product\/behave-fully-restrain-you-lover-set\/"},"modified":"2026-03-10T05:46:09","modified_gmt":"2026-03-10T05:46:09","slug":"behave-fully-restrain-you-lover-set","status":"publish","type":"product","link":"https:\/\/desireonline.shop\/vi\/san-pham\/behave-fully-restrain-you-lover-set\/","title":{"rendered":"BEHAVE! Fully Restrain You Lover Set"},"content":{"rendered":"<p>B\u1ed9 k\u00ecm gi\u1eef \u0111a n\u0103ng n\u00e0y \u0111\u01b0\u1ee3c thi\u1ebft k\u1ebf \u0111\u1ec3 khuy\u1ebfn kh\u00edch s\u1ef1 s\u00e1ng t\u1ea1o, k\u1ebft n\u1ed1i v\u00e0 kh\u00e1m ph\u00e1 m\u1ed9t c\u00e1ch t\u1ef1 tin. B\u1ed9 s\u1ea3n ph\u1ea9m bao g\u1ed3m v\u00f2ng c\u1ed5 c\u00f3 th\u1ec3 \u0111i\u1ec1u ch\u1ec9nh c\u00f9ng c\u00f2ng tay v\u00e0 c\u00f2ng ch\u00e2n \u0111i k\u00e8m, mang l\u1ea1i s\u1ef1 linh ho\u1ea1t ph\u00f9 h\u1ee3p v\u1edbi nhi\u1ec1u phong c\u00e1ch v\u00e0 s\u1edf th\u00edch tr\u1ea3i nghi\u1ec7m kh\u00e1c nhau.<\/p>\n<p>V\u1edbi ch\u1ea5t li\u1ec7u m\u1ec1m m\u1ea1i, m\u1ecbn m\u00e0ng v\u00e0 nhi\u1ec1u c\u00e1ch s\u1eed d\u1ee5ng c\u00f9ng nhau ho\u1eb7c ri\u00eang l\u1ebb, b\u1ed9 s\u1ea3n ph\u1ea9m khuy\u1ebfn kh\u00edch s\u1ef1 t\u00f2 m\u00f2 kh\u00e1m ph\u00e1 trong khi v\u1eabn \u0111\u1eb7t s\u1ef1 tho\u1ea3i m\u00e1i v\u00e0 giao ti\u1ebfp \u1edf v\u1ecb tr\u00ed trung t\u00e2m c\u1ee7a tr\u1ea3i nghi\u1ec7m.<\/p>\n","protected":false},"excerpt":{"rendered":"<p>B\u1ed9 k\u00ecm gi\u1eef \u0111a n\u0103ng n\u00e0y \u0111\u01b0\u1ee3c thi\u1ebft k\u1ebf \u0111\u1ec3 khuy\u1ebfn kh\u00edch s\u1ef1 s\u00e1ng t\u1ea1o, k\u1ebft n\u1ed1i v\u00e0 kh\u00e1m ph\u00e1 m\u1ed9t c\u00e1ch t\u1ef1 tin. B\u1ed9 s\u1ea3n ph\u1ea9m bao g\u1ed3m v\u00f2ng&hellip;<\/p>\n","protected":false},"featured_media":63065,"comment_status":"open","ping_status":"closed","template":"","meta":{"_acf_changed":false},"product_brand":[],"product_cat":[1364,1351],"product_tag":[],"class_list":{"0":"post-66215","1":"product","2":"type-product","3":"status-publish","4":"has-post-thumbnail","6":"product_cat-day-co-dinh-co-tay-co-chan","7":"product_cat-vong-co-day-dan","9":"first","10":"instock","11":"shipping-taxable","12":"purchasable","13":"product-type-simple"},"acf":[],"yoast_head":"<!-- This site is optimized with the Yoast SEO plugin v27.1.1 - https:\/\/yoast.com\/product\/yoast-seo-wordpress\/ -->\n<title>BEHAVE! Fully Restrain You Lover Set - Desire<\/title>\n<meta name=\"robots\" content=\"index, follow, max-snippet:-1, max-image-preview:large, max-video-preview:-1\" \/>\n<link rel=\"canonical\" href=\"https:\/\/desireonline.shop\/vi\/san-pham\/behave-fully-restrain-you-lover-set\/\" \/>\n<meta property=\"og:locale\" content=\"vi_VN\" \/>\n<meta property=\"og:type\" content=\"article\" \/>\n<meta property=\"og:title\" content=\"BEHAVE! Fully Restrain You Lover Set - Desire\" \/>\n<meta property=\"og:description\" content=\"B\u1ed9 k\u00ecm gi\u1eef \u0111a n\u0103ng n\u00e0y \u0111\u01b0\u1ee3c thi\u1ebft k\u1ebf \u0111\u1ec3 khuy\u1ebfn kh\u00edch s\u1ef1 s\u00e1ng t\u1ea1o, k\u1ebft n\u1ed1i v\u00e0 kh\u00e1m ph\u00e1 m\u1ed9t c\u00e1ch t\u1ef1 tin. B\u1ed9 s\u1ea3n ph\u1ea9m bao g\u1ed3m v\u00f2ng&hellip;\" \/>\n<meta property=\"og:url\" content=\"https:\/\/desireonline.shop\/vi\/san-pham\/behave-fully-restrain-you-lover-set\/\" \/>\n<meta property=\"og:site_name\" content=\"Desire\" \/>\n<meta property=\"article:modified_time\" content=\"2026-03-10T05:46:09+00:00\" \/>\n<meta property=\"og:image\" content=\"https:\/\/desireonline.shop\/wp-content\/uploads\/2026\/02\/CN-632182242_00.jpg\" \/>\n\t<meta property=\"og:image:width\" content=\"1000\" \/>\n\t<meta property=\"og:image:height\" content=\"1000\" \/>\n\t<meta property=\"og:image:type\" content=\"image\/jpeg\" \/>\n<meta name=\"twitter:card\" content=\"summary_large_image\" \/>\n<meta name=\"twitter:label1\" content=\"\u01af\u1edbc t\u00ednh th\u1eddi gian \u0111\u1ecdc\" \/>\n\t<meta name=\"twitter:data1\" content=\"1 ph\u00fat\" \/>\n<script type=\"application\/ld+json\" class=\"yoast-schema-graph\">{\"@context\":\"https:\/\/schema.org\",\"@graph\":[{\"@type\":\"WebPage\",\"@id\":\"https:\/\/desireonline.shop\/vi\/san-pham\/behave-fully-restrain-you-lover-set\/\",\"url\":\"https:\/\/desireonline.shop\/vi\/san-pham\/behave-fully-restrain-you-lover-set\/\",\"name\":\"BEHAVE! Fully Restrain You Lover Set - Desire\",\"isPartOf\":{\"@id\":\"https:\/\/desireonline.shop\/vi\/#website\"},\"primaryImageOfPage\":{\"@id\":\"https:\/\/desireonline.shop\/vi\/san-pham\/behave-fully-restrain-you-lover-set\/#primaryimage\"},\"image\":{\"@id\":\"https:\/\/desireonline.shop\/vi\/san-pham\/behave-fully-restrain-you-lover-set\/#primaryimage\"},\"thumbnailUrl\":\"https:\/\/desireonline.shop\/wp-content\/uploads\/2026\/02\/CN-632182242_00.jpg\",\"datePublished\":\"2026-02-16T11:47:00+00:00\",\"dateModified\":\"2026-03-10T05:46:09+00:00\",\"breadcrumb\":{\"@id\":\"https:\/\/desireonline.shop\/vi\/san-pham\/behave-fully-restrain-you-lover-set\/#breadcrumb\"},\"inLanguage\":\"vi\",\"potentialAction\":[{\"@type\":\"ReadAction\",\"target\":[\"https:\/\/desireonline.shop\/vi\/san-pham\/behave-fully-restrain-you-lover-set\/\"]}]},{\"@type\":\"ImageObject\",\"inLanguage\":\"vi\",\"@id\":\"https:\/\/desireonline.shop\/vi\/san-pham\/behave-fully-restrain-you-lover-set\/#primaryimage\",\"url\":\"https:\/\/desireonline.shop\/wp-content\/uploads\/2026\/02\/CN-632182242_00.jpg\",\"contentUrl\":\"https:\/\/desireonline.shop\/wp-content\/uploads\/2026\/02\/CN-632182242_00.jpg\",\"width\":1000,\"height\":1000},{\"@type\":\"BreadcrumbList\",\"@id\":\"https:\/\/desireonline.shop\/vi\/san-pham\/behave-fully-restrain-you-lover-set\/#breadcrumb\",\"itemListElement\":[{\"@type\":\"ListItem\",\"position\":1,\"name\":\"Home\",\"item\":\"https:\/\/desireonline.shop\/vi\/trang-chu\/?lang=vi\"},{\"@type\":\"ListItem\",\"position\":2,\"name\":\"T\u1ea5t c\u1ea3 s\u1ea3n ph\u1ea9m\",\"item\":\"https:\/\/desireonline.shop\/cua-hang\/?lang=vi\"},{\"@type\":\"ListItem\",\"position\":3,\"name\":\"BEHAVE! Fully Restrain You Lover Set\"}]},{\"@type\":\"WebSite\",\"@id\":\"https:\/\/desireonline.shop\/vi\/#website\",\"url\":\"https:\/\/desireonline.shop\/vi\/\",\"name\":\"Desire\",\"description\":\"Sexual Wellness Platform\",\"publisher\":{\"@id\":\"https:\/\/desireonline.shop\/vi\/#organization\"},\"potentialAction\":[{\"@type\":\"SearchAction\",\"target\":{\"@type\":\"EntryPoint\",\"urlTemplate\":\"https:\/\/desireonline.shop\/vi\/?s={search_term_string}\"},\"query-input\":{\"@type\":\"PropertyValueSpecification\",\"valueRequired\":true,\"valueName\":\"search_term_string\"}}],\"inLanguage\":\"vi\"},{\"@type\":\"Organization\",\"@id\":\"https:\/\/desireonline.shop\/vi\/#organization\",\"name\":\"Desire\",\"url\":\"https:\/\/desireonline.shop\/vi\/\",\"logo\":{\"@type\":\"ImageObject\",\"inLanguage\":\"vi\",\"@id\":\"https:\/\/desireonline.shop\/vi\/#\/schema\/logo\/image\/\",\"url\":\"https:\/\/desireonline.shop\/wp-content\/uploads\/2024\/06\/Logo-Thick-Font-1.webp\",\"contentUrl\":\"https:\/\/desireonline.shop\/wp-content\/uploads\/2024\/06\/Logo-Thick-Font-1.webp\",\"width\":268,\"height\":399,\"caption\":\"Desire\"},\"image\":{\"@id\":\"https:\/\/desireonline.shop\/vi\/#\/schema\/logo\/image\/\"}}]}<\/script>\n<!-- \/ Yoast SEO plugin. -->","yoast_head_json":{"title":"BEHAVE! Fully Restrain You Lover Set - Desire","robots":{"index":"index","follow":"follow","max-snippet":"max-snippet:-1","max-image-preview":"max-image-preview:large","max-video-preview":"max-video-preview:-1"},"canonical":"https:\/\/desireonline.shop\/vi\/san-pham\/behave-fully-restrain-you-lover-set\/","og_locale":"vi_VN","og_type":"article","og_title":"BEHAVE! Fully Restrain You Lover Set - Desire","og_description":"B\u1ed9 k\u00ecm gi\u1eef \u0111a n\u0103ng n\u00e0y \u0111\u01b0\u1ee3c thi\u1ebft k\u1ebf \u0111\u1ec3 khuy\u1ebfn kh\u00edch s\u1ef1 s\u00e1ng t\u1ea1o, k\u1ebft n\u1ed1i v\u00e0 kh\u00e1m ph\u00e1 m\u1ed9t c\u00e1ch t\u1ef1 tin. B\u1ed9 s\u1ea3n ph\u1ea9m bao g\u1ed3m v\u00f2ng&hellip;","og_url":"https:\/\/desireonline.shop\/vi\/san-pham\/behave-fully-restrain-you-lover-set\/","og_site_name":"Desire","article_modified_time":"2026-03-10T05:46:09+00:00","og_image":[{"width":1000,"height":1000,"url":"https:\/\/desireonline.shop\/wp-content\/uploads\/2026\/02\/CN-632182242_00.jpg","type":"image\/jpeg"}],"twitter_card":"summary_large_image","twitter_misc":{"\u01af\u1edbc t\u00ednh th\u1eddi gian \u0111\u1ecdc":"1 ph\u00fat"},"schema":{"@context":"https:\/\/schema.org","@graph":[{"@type":"WebPage","@id":"https:\/\/desireonline.shop\/vi\/san-pham\/behave-fully-restrain-you-lover-set\/","url":"https:\/\/desireonline.shop\/vi\/san-pham\/behave-fully-restrain-you-lover-set\/","name":"BEHAVE! Fully Restrain You Lover Set - Desire","isPartOf":{"@id":"https:\/\/desireonline.shop\/vi\/#website"},"primaryImageOfPage":{"@id":"https:\/\/desireonline.shop\/vi\/san-pham\/behave-fully-restrain-you-lover-set\/#primaryimage"},"image":{"@id":"https:\/\/desireonline.shop\/vi\/san-pham\/behave-fully-restrain-you-lover-set\/#primaryimage"},"thumbnailUrl":"https:\/\/desireonline.shop\/wp-content\/uploads\/2026\/02\/CN-632182242_00.jpg","datePublished":"2026-02-16T11:47:00+00:00","dateModified":"2026-03-10T05:46:09+00:00","breadcrumb":{"@id":"https:\/\/desireonline.shop\/vi\/san-pham\/behave-fully-restrain-you-lover-set\/#breadcrumb"},"inLanguage":"vi","potentialAction":[{"@type":"ReadAction","target":["https:\/\/desireonline.shop\/vi\/san-pham\/behave-fully-restrain-you-lover-set\/"]}]},{"@type":"ImageObject","inLanguage":"vi","@id":"https:\/\/desireonline.shop\/vi\/san-pham\/behave-fully-restrain-you-lover-set\/#primaryimage","url":"https:\/\/desireonline.shop\/wp-content\/uploads\/2026\/02\/CN-632182242_00.jpg","contentUrl":"https:\/\/desireonline.shop\/wp-content\/uploads\/2026\/02\/CN-632182242_00.jpg","width":1000,"height":1000},{"@type":"BreadcrumbList","@id":"https:\/\/desireonline.shop\/vi\/san-pham\/behave-fully-restrain-you-lover-set\/#breadcrumb","itemListElement":[{"@type":"ListItem","position":1,"name":"Home","item":"https:\/\/desireonline.shop\/vi\/trang-chu\/?lang=vi"},{"@type":"ListItem","position":2,"name":"T\u1ea5t c\u1ea3 s\u1ea3n ph\u1ea9m","item":"https:\/\/desireonline.shop\/cua-hang\/?lang=vi"},{"@type":"ListItem","position":3,"name":"BEHAVE! Fully Restrain You Lover Set"}]},{"@type":"WebSite","@id":"https:\/\/desireonline.shop\/vi\/#website","url":"https:\/\/desireonline.shop\/vi\/","name":"Desire","description":"Sexual Wellness Platform","publisher":{"@id":"https:\/\/desireonline.shop\/vi\/#organization"},"potentialAction":[{"@type":"SearchAction","target":{"@type":"EntryPoint","urlTemplate":"https:\/\/desireonline.shop\/vi\/?s={search_term_string}"},"query-input":{"@type":"PropertyValueSpecification","valueRequired":true,"valueName":"search_term_string"}}],"inLanguage":"vi"},{"@type":"Organization","@id":"https:\/\/desireonline.shop\/vi\/#organization","name":"Desire","url":"https:\/\/desireonline.shop\/vi\/","logo":{"@type":"ImageObject","inLanguage":"vi","@id":"https:\/\/desireonline.shop\/vi\/#\/schema\/logo\/image\/","url":"https:\/\/desireonline.shop\/wp-content\/uploads\/2024\/06\/Logo-Thick-Font-1.webp","contentUrl":"https:\/\/desireonline.shop\/wp-content\/uploads\/2024\/06\/Logo-Thick-Font-1.webp","width":268,"height":399,"caption":"Desire"},"image":{"@id":"https:\/\/desireonline.shop\/vi\/#\/schema\/logo\/image\/"}}]}},"_links":{"self":[{"href":"https:\/\/desireonline.shop\/vi\/wp-json\/wp\/v2\/product\/66215","targetHints":{"allow":["GET"]}}],"collection":[{"href":"https:\/\/desireonline.shop\/vi\/wp-json\/wp\/v2\/product"}],"about":[{"href":"https:\/\/desireonline.shop\/vi\/wp-json\/wp\/v2\/types\/product"}],"replies":[{"embeddable":true,"href":"https:\/\/desireonline.shop\/vi\/wp-json\/wp\/v2\/comments?post=66215"}],"version-history":[{"count":0,"href":"https:\/\/desireonline.shop\/vi\/wp-json\/wp\/v2\/product\/66215\/revisions"}],"wp:featuredmedia":[{"embeddable":true,"href":"https:\/\/desireonline.shop\/vi\/wp-json\/wp\/v2\/media\/63065"}],"wp:attachment":[{"href":"https:\/\/desireonline.shop\/vi\/wp-json\/wp\/v2\/media?parent=66215"}],"wp:term":[{"taxonomy":"product_brand","embeddable":true,"href":"https:\/\/desireonline.shop\/vi\/wp-json\/wp\/v2\/product_brand?post=66215"},{"taxonomy":"product_cat","embeddable":true,"href":"https:\/\/desireonline.shop\/vi\/wp-json\/wp\/v2\/product_cat?post=66215"},{"taxonomy":"product_tag","embeddable":true,"href":"https:\/\/desireonline.shop\/vi\/wp-json\/wp\/v2\/product_tag?post=66215"}],"curies":[{"name":"wp","href":"https:\/\/api.w.org\/{rel}","templated":true}]}}