{"id":66229,"date":"2026-02-16T11:48:00","date_gmt":"2026-02-16T11:48:00","guid":{"rendered":"https:\/\/desireonline.shop\/product\/behave-bo-bondage-temptation\/"},"modified":"2026-03-10T05:42:02","modified_gmt":"2026-03-10T05:42:02","slug":"behave-bo-bondage-temptation","status":"publish","type":"product","link":"https:\/\/desireonline.shop\/vi\/san-pham\/behave-bo-bondage-temptation\/","title":{"rendered":"BEHAVE! B\u1ed9 bondage Temptation"},"content":{"rendered":"<p>B\u1ed9 bondage n\u00e0y t\u1eadp h\u1ee3p c\u00e1c ph\u1ee5 ki\u1ec7n c\u00f3 th\u1ec3 \u0111i\u1ec1u ch\u1ec9nh, mang l\u1ea1i s\u1ef1 linh ho\u1ea1t cho nh\u1eefng tr\u1ea3i nghi\u1ec7m s\u00e1ng t\u1ea1o v\u00e0 \u0111a d\u1ea1ng. \u0110\u01b0\u1ee3c thi\u1ebft k\u1ebf \u0111\u1ec3 c\u00f3 th\u1ec3 k\u1ebft h\u1ee3p linh ho\u1ea1t, s\u1ea3n ph\u1ea9m khuy\u1ebfn kh\u00edch kh\u00e1m ph\u00e1 m\u00e0 kh\u00f4ng t\u1ea1o c\u1ea3m gi\u00e1c qu\u00e1 ph\u1ee9c t\u1ea1p.<\/p>\n<p>M\u1ed9t \u0111i\u1ec3m kh\u1edfi \u0111\u1ea7u ph\u00f9 h\u1ee3p cho nh\u1eefng tr\u1ea3i nghi\u1ec7m chung, h\u1ed7 tr\u1ee3 s\u1ef1 k\u1ebft n\u1ed1i th\u00f4ng qua giao ti\u1ebfp, s\u1ef1 tho\u1ea3i m\u00e1i v\u00e0 s\u1ef1 \u0111\u1ed3ng thu\u1eadn gi\u1eefa c\u00e1c b\u00ean.<\/p>\n","protected":false},"excerpt":{"rendered":"<p>B\u1ed9 bondage n\u00e0y t\u1eadp h\u1ee3p c\u00e1c ph\u1ee5 ki\u1ec7n c\u00f3 th\u1ec3 \u0111i\u1ec1u ch\u1ec9nh, mang l\u1ea1i s\u1ef1 linh ho\u1ea1t cho nh\u1eefng tr\u1ea3i nghi\u1ec7m s\u00e1ng t\u1ea1o v\u00e0 \u0111a d\u1ea1ng. \u0110\u01b0\u1ee3c thi\u1ebft k\u1ebf \u0111\u1ec3&hellip;<\/p>\n","protected":false},"featured_media":63109,"comment_status":"open","ping_status":"closed","template":"","meta":{"_acf_changed":false},"product_brand":[],"product_cat":[1351],"product_tag":[],"class_list":{"0":"post-66229","1":"product","2":"type-product","3":"status-publish","4":"has-post-thumbnail","6":"product_cat-vong-co-day-dan","8":"first","9":"instock","10":"shipping-taxable","11":"purchasable","12":"product-type-simple"},"acf":[],"yoast_head":"<!-- This site is optimized with the Yoast SEO plugin v27.1.1 - https:\/\/yoast.com\/product\/yoast-seo-wordpress\/ -->\n<title>BEHAVE! B\u1ed9 bondage Temptation - Desire<\/title>\n<meta name=\"robots\" content=\"index, follow, max-snippet:-1, max-image-preview:large, max-video-preview:-1\" \/>\n<link rel=\"canonical\" href=\"https:\/\/desireonline.shop\/vi\/san-pham\/behave-bo-bondage-temptation\/\" \/>\n<meta property=\"og:locale\" content=\"vi_VN\" \/>\n<meta property=\"og:type\" content=\"article\" \/>\n<meta property=\"og:title\" content=\"BEHAVE! B\u1ed9 bondage Temptation - Desire\" \/>\n<meta property=\"og:description\" content=\"B\u1ed9 bondage n\u00e0y t\u1eadp h\u1ee3p c\u00e1c ph\u1ee5 ki\u1ec7n c\u00f3 th\u1ec3 \u0111i\u1ec1u ch\u1ec9nh, mang l\u1ea1i s\u1ef1 linh ho\u1ea1t cho nh\u1eefng tr\u1ea3i nghi\u1ec7m s\u00e1ng t\u1ea1o v\u00e0 \u0111a d\u1ea1ng. \u0110\u01b0\u1ee3c thi\u1ebft k\u1ebf \u0111\u1ec3&hellip;\" \/>\n<meta property=\"og:url\" content=\"https:\/\/desireonline.shop\/vi\/san-pham\/behave-bo-bondage-temptation\/\" \/>\n<meta property=\"og:site_name\" content=\"Desire\" \/>\n<meta property=\"article:modified_time\" content=\"2026-03-10T05:42:02+00:00\" \/>\n<meta property=\"og:image\" content=\"https:\/\/desireonline.shop\/wp-content\/uploads\/2026\/02\/CN-632106312_01.jpg\" \/>\n\t<meta property=\"og:image:width\" content=\"2500\" \/>\n\t<meta property=\"og:image:height\" content=\"2500\" \/>\n\t<meta property=\"og:image:type\" content=\"image\/jpeg\" \/>\n<meta name=\"twitter:card\" content=\"summary_large_image\" \/>\n<meta name=\"twitter:label1\" content=\"\u01af\u1edbc t\u00ednh th\u1eddi gian \u0111\u1ecdc\" \/>\n\t<meta name=\"twitter:data1\" content=\"1 ph\u00fat\" \/>\n<script type=\"application\/ld+json\" class=\"yoast-schema-graph\">{\"@context\":\"https:\/\/schema.org\",\"@graph\":[{\"@type\":\"WebPage\",\"@id\":\"https:\/\/desireonline.shop\/vi\/san-pham\/behave-bo-bondage-temptation\/\",\"url\":\"https:\/\/desireonline.shop\/vi\/san-pham\/behave-bo-bondage-temptation\/\",\"name\":\"BEHAVE! B\u1ed9 bondage Temptation - Desire\",\"isPartOf\":{\"@id\":\"https:\/\/desireonline.shop\/vi\/#website\"},\"primaryImageOfPage\":{\"@id\":\"https:\/\/desireonline.shop\/vi\/san-pham\/behave-bo-bondage-temptation\/#primaryimage\"},\"image\":{\"@id\":\"https:\/\/desireonline.shop\/vi\/san-pham\/behave-bo-bondage-temptation\/#primaryimage\"},\"thumbnailUrl\":\"https:\/\/desireonline.shop\/wp-content\/uploads\/2026\/02\/CN-632106312_01.jpg\",\"datePublished\":\"2026-02-16T11:48:00+00:00\",\"dateModified\":\"2026-03-10T05:42:02+00:00\",\"breadcrumb\":{\"@id\":\"https:\/\/desireonline.shop\/vi\/san-pham\/behave-bo-bondage-temptation\/#breadcrumb\"},\"inLanguage\":\"vi\",\"potentialAction\":[{\"@type\":\"ReadAction\",\"target\":[\"https:\/\/desireonline.shop\/vi\/san-pham\/behave-bo-bondage-temptation\/\"]}]},{\"@type\":\"ImageObject\",\"inLanguage\":\"vi\",\"@id\":\"https:\/\/desireonline.shop\/vi\/san-pham\/behave-bo-bondage-temptation\/#primaryimage\",\"url\":\"https:\/\/desireonline.shop\/wp-content\/uploads\/2026\/02\/CN-632106312_01.jpg\",\"contentUrl\":\"https:\/\/desireonline.shop\/wp-content\/uploads\/2026\/02\/CN-632106312_01.jpg\",\"width\":2500,\"height\":2500},{\"@type\":\"BreadcrumbList\",\"@id\":\"https:\/\/desireonline.shop\/vi\/san-pham\/behave-bo-bondage-temptation\/#breadcrumb\",\"itemListElement\":[{\"@type\":\"ListItem\",\"position\":1,\"name\":\"Home\",\"item\":\"https:\/\/desireonline.shop\/vi\/trang-chu\/?lang=vi\"},{\"@type\":\"ListItem\",\"position\":2,\"name\":\"T\u1ea5t c\u1ea3 s\u1ea3n ph\u1ea9m\",\"item\":\"https:\/\/desireonline.shop\/cua-hang\/?lang=vi\"},{\"@type\":\"ListItem\",\"position\":3,\"name\":\"BEHAVE! B\u1ed9 bondage Temptation\"}]},{\"@type\":\"WebSite\",\"@id\":\"https:\/\/desireonline.shop\/vi\/#website\",\"url\":\"https:\/\/desireonline.shop\/vi\/\",\"name\":\"Desire\",\"description\":\"Sexual Wellness Platform\",\"publisher\":{\"@id\":\"https:\/\/desireonline.shop\/vi\/#organization\"},\"potentialAction\":[{\"@type\":\"SearchAction\",\"target\":{\"@type\":\"EntryPoint\",\"urlTemplate\":\"https:\/\/desireonline.shop\/vi\/?s={search_term_string}\"},\"query-input\":{\"@type\":\"PropertyValueSpecification\",\"valueRequired\":true,\"valueName\":\"search_term_string\"}}],\"inLanguage\":\"vi\"},{\"@type\":\"Organization\",\"@id\":\"https:\/\/desireonline.shop\/vi\/#organization\",\"name\":\"Desire\",\"url\":\"https:\/\/desireonline.shop\/vi\/\",\"logo\":{\"@type\":\"ImageObject\",\"inLanguage\":\"vi\",\"@id\":\"https:\/\/desireonline.shop\/vi\/#\/schema\/logo\/image\/\",\"url\":\"https:\/\/desireonline.shop\/wp-content\/uploads\/2024\/06\/Logo-Thick-Font-1.webp\",\"contentUrl\":\"https:\/\/desireonline.shop\/wp-content\/uploads\/2024\/06\/Logo-Thick-Font-1.webp\",\"width\":268,\"height\":399,\"caption\":\"Desire\"},\"image\":{\"@id\":\"https:\/\/desireonline.shop\/vi\/#\/schema\/logo\/image\/\"}}]}<\/script>\n<!-- \/ Yoast SEO plugin. -->","yoast_head_json":{"title":"BEHAVE! B\u1ed9 bondage Temptation - Desire","robots":{"index":"index","follow":"follow","max-snippet":"max-snippet:-1","max-image-preview":"max-image-preview:large","max-video-preview":"max-video-preview:-1"},"canonical":"https:\/\/desireonline.shop\/vi\/san-pham\/behave-bo-bondage-temptation\/","og_locale":"vi_VN","og_type":"article","og_title":"BEHAVE! B\u1ed9 bondage Temptation - Desire","og_description":"B\u1ed9 bondage n\u00e0y t\u1eadp h\u1ee3p c\u00e1c ph\u1ee5 ki\u1ec7n c\u00f3 th\u1ec3 \u0111i\u1ec1u ch\u1ec9nh, mang l\u1ea1i s\u1ef1 linh ho\u1ea1t cho nh\u1eefng tr\u1ea3i nghi\u1ec7m s\u00e1ng t\u1ea1o v\u00e0 \u0111a d\u1ea1ng. \u0110\u01b0\u1ee3c thi\u1ebft k\u1ebf \u0111\u1ec3&hellip;","og_url":"https:\/\/desireonline.shop\/vi\/san-pham\/behave-bo-bondage-temptation\/","og_site_name":"Desire","article_modified_time":"2026-03-10T05:42:02+00:00","og_image":[{"width":2500,"height":2500,"url":"https:\/\/desireonline.shop\/wp-content\/uploads\/2026\/02\/CN-632106312_01.jpg","type":"image\/jpeg"}],"twitter_card":"summary_large_image","twitter_misc":{"\u01af\u1edbc t\u00ednh th\u1eddi gian \u0111\u1ecdc":"1 ph\u00fat"},"schema":{"@context":"https:\/\/schema.org","@graph":[{"@type":"WebPage","@id":"https:\/\/desireonline.shop\/vi\/san-pham\/behave-bo-bondage-temptation\/","url":"https:\/\/desireonline.shop\/vi\/san-pham\/behave-bo-bondage-temptation\/","name":"BEHAVE! B\u1ed9 bondage Temptation - Desire","isPartOf":{"@id":"https:\/\/desireonline.shop\/vi\/#website"},"primaryImageOfPage":{"@id":"https:\/\/desireonline.shop\/vi\/san-pham\/behave-bo-bondage-temptation\/#primaryimage"},"image":{"@id":"https:\/\/desireonline.shop\/vi\/san-pham\/behave-bo-bondage-temptation\/#primaryimage"},"thumbnailUrl":"https:\/\/desireonline.shop\/wp-content\/uploads\/2026\/02\/CN-632106312_01.jpg","datePublished":"2026-02-16T11:48:00+00:00","dateModified":"2026-03-10T05:42:02+00:00","breadcrumb":{"@id":"https:\/\/desireonline.shop\/vi\/san-pham\/behave-bo-bondage-temptation\/#breadcrumb"},"inLanguage":"vi","potentialAction":[{"@type":"ReadAction","target":["https:\/\/desireonline.shop\/vi\/san-pham\/behave-bo-bondage-temptation\/"]}]},{"@type":"ImageObject","inLanguage":"vi","@id":"https:\/\/desireonline.shop\/vi\/san-pham\/behave-bo-bondage-temptation\/#primaryimage","url":"https:\/\/desireonline.shop\/wp-content\/uploads\/2026\/02\/CN-632106312_01.jpg","contentUrl":"https:\/\/desireonline.shop\/wp-content\/uploads\/2026\/02\/CN-632106312_01.jpg","width":2500,"height":2500},{"@type":"BreadcrumbList","@id":"https:\/\/desireonline.shop\/vi\/san-pham\/behave-bo-bondage-temptation\/#breadcrumb","itemListElement":[{"@type":"ListItem","position":1,"name":"Home","item":"https:\/\/desireonline.shop\/vi\/trang-chu\/?lang=vi"},{"@type":"ListItem","position":2,"name":"T\u1ea5t c\u1ea3 s\u1ea3n ph\u1ea9m","item":"https:\/\/desireonline.shop\/cua-hang\/?lang=vi"},{"@type":"ListItem","position":3,"name":"BEHAVE! B\u1ed9 bondage Temptation"}]},{"@type":"WebSite","@id":"https:\/\/desireonline.shop\/vi\/#website","url":"https:\/\/desireonline.shop\/vi\/","name":"Desire","description":"Sexual Wellness Platform","publisher":{"@id":"https:\/\/desireonline.shop\/vi\/#organization"},"potentialAction":[{"@type":"SearchAction","target":{"@type":"EntryPoint","urlTemplate":"https:\/\/desireonline.shop\/vi\/?s={search_term_string}"},"query-input":{"@type":"PropertyValueSpecification","valueRequired":true,"valueName":"search_term_string"}}],"inLanguage":"vi"},{"@type":"Organization","@id":"https:\/\/desireonline.shop\/vi\/#organization","name":"Desire","url":"https:\/\/desireonline.shop\/vi\/","logo":{"@type":"ImageObject","inLanguage":"vi","@id":"https:\/\/desireonline.shop\/vi\/#\/schema\/logo\/image\/","url":"https:\/\/desireonline.shop\/wp-content\/uploads\/2024\/06\/Logo-Thick-Font-1.webp","contentUrl":"https:\/\/desireonline.shop\/wp-content\/uploads\/2024\/06\/Logo-Thick-Font-1.webp","width":268,"height":399,"caption":"Desire"},"image":{"@id":"https:\/\/desireonline.shop\/vi\/#\/schema\/logo\/image\/"}}]}},"_links":{"self":[{"href":"https:\/\/desireonline.shop\/vi\/wp-json\/wp\/v2\/product\/66229","targetHints":{"allow":["GET"]}}],"collection":[{"href":"https:\/\/desireonline.shop\/vi\/wp-json\/wp\/v2\/product"}],"about":[{"href":"https:\/\/desireonline.shop\/vi\/wp-json\/wp\/v2\/types\/product"}],"replies":[{"embeddable":true,"href":"https:\/\/desireonline.shop\/vi\/wp-json\/wp\/v2\/comments?post=66229"}],"version-history":[{"count":0,"href":"https:\/\/desireonline.shop\/vi\/wp-json\/wp\/v2\/product\/66229\/revisions"}],"wp:featuredmedia":[{"embeddable":true,"href":"https:\/\/desireonline.shop\/vi\/wp-json\/wp\/v2\/media\/63109"}],"wp:attachment":[{"href":"https:\/\/desireonline.shop\/vi\/wp-json\/wp\/v2\/media?parent=66229"}],"wp:term":[{"taxonomy":"product_brand","embeddable":true,"href":"https:\/\/desireonline.shop\/vi\/wp-json\/wp\/v2\/product_brand?post=66229"},{"taxonomy":"product_cat","embeddable":true,"href":"https:\/\/desireonline.shop\/vi\/wp-json\/wp\/v2\/product_cat?post=66229"},{"taxonomy":"product_tag","embeddable":true,"href":"https:\/\/desireonline.shop\/vi\/wp-json\/wp\/v2\/product_tag?post=66229"}],"curies":[{"name":"wp","href":"https:\/\/api.w.org\/{rel}","templated":true}]}}