{"id":66244,"date":"2026-02-16T11:48:00","date_gmt":"2026-02-16T11:48:00","guid":{"rendered":"https:\/\/desireonline.shop\/product\/behave-vong-co-gai\/"},"modified":"2026-03-10T05:42:03","modified_gmt":"2026-03-10T05:42:03","slug":"behave-vong-co-gai","status":"publish","type":"product","link":"https:\/\/desireonline.shop\/vi\/san-pham\/behave-vong-co-gai\/","title":{"rendered":"BEHAVE! V\u00f2ng c\u1ed5 gai"},"content":{"rendered":"<p>V\u00f2ng c\u1ed5 c\u00f3 th\u1ec3 \u0111i\u1ec1u ch\u1ec9nh n\u00e0y k\u1ebft h\u1ee3p thi\u1ebft k\u1ebf n\u1ed5i b\u1eadt v\u1edbi c\u1ea3m gi\u00e1c m\u1ecbn m\u00e0ng v\u00e0 tho\u1ea3i m\u00e1i khi \u0111eo. \u0110\u01b0\u1ee3c thi\u1ebft k\u1ebf \u0111\u1ec3 \u00f4m v\u1eeba v\u1eb7n v\u00e0 c\u1ed1 \u0111\u1ecbnh an to\u00e0n, s\u1ea3n ph\u1ea9m t\u1ea1o \u0111i\u1ec3m nh\u1ea5n m\u1ea1nh m\u1ebd v\u1ec1 m\u1eb7t th\u1ea9m m\u1ef9 nh\u01b0ng v\u1eabn d\u1ec5 s\u1eed d\u1ee5ng.<\/p>\n<p>Ph\u00f9 h\u1ee3p cho nh\u1eefng tr\u1ea3i nghi\u1ec7m mang t\u00ednh bi\u1ec3u t\u01b0\u1ee3ng ho\u1eb7c k\u1ebft n\u1ed1i theo phong c\u00e1ch ri\u00eang, ph\u1ee5 ki\u1ec7n n\u00e0y h\u1ed7 tr\u1ee3 kh\u00e1m ph\u00e1 d\u1ef1a tr\u00ean s\u1ef1 tin t\u01b0\u1edfng, \u0111\u1ed3ng thu\u1eadn v\u00e0 giao ti\u1ebfp r\u00f5 r\u00e0ng.<\/p>\n","protected":false},"excerpt":{"rendered":"<p>V\u00f2ng c\u1ed5 c\u00f3 th\u1ec3 \u0111i\u1ec1u ch\u1ec9nh n\u00e0y k\u1ebft h\u1ee3p thi\u1ebft k\u1ebf n\u1ed5i b\u1eadt v\u1edbi c\u1ea3m gi\u00e1c m\u1ecbn m\u00e0ng v\u00e0 tho\u1ea3i m\u00e1i khi \u0111eo. \u0110\u01b0\u1ee3c thi\u1ebft k\u1ebf \u0111\u1ec3 \u00f4m v\u1eeba v\u1eb7n&hellip;<\/p>\n","protected":false},"featured_media":63093,"comment_status":"open","ping_status":"closed","template":"","meta":{"_acf_changed":false},"product_brand":[],"product_cat":[1351],"product_tag":[],"class_list":{"0":"post-66244","1":"product","2":"type-product","3":"status-publish","4":"has-post-thumbnail","6":"product_cat-vong-co-day-dan","8":"first","9":"instock","10":"shipping-taxable","11":"purchasable","12":"product-type-simple"},"acf":[],"yoast_head":"<!-- This site is optimized with the Yoast SEO plugin v27.1.1 - https:\/\/yoast.com\/product\/yoast-seo-wordpress\/ -->\n<title>BEHAVE! V\u00f2ng c\u1ed5 gai - Desire<\/title>\n<meta name=\"robots\" content=\"index, follow, max-snippet:-1, max-image-preview:large, max-video-preview:-1\" \/>\n<link rel=\"canonical\" href=\"https:\/\/desireonline.shop\/vi\/san-pham\/behave-vong-co-gai\/\" \/>\n<meta property=\"og:locale\" content=\"vi_VN\" \/>\n<meta property=\"og:type\" content=\"article\" \/>\n<meta property=\"og:title\" content=\"BEHAVE! V\u00f2ng c\u1ed5 gai - Desire\" \/>\n<meta property=\"og:description\" content=\"V\u00f2ng c\u1ed5 c\u00f3 th\u1ec3 \u0111i\u1ec1u ch\u1ec9nh n\u00e0y k\u1ebft h\u1ee3p thi\u1ebft k\u1ebf n\u1ed5i b\u1eadt v\u1edbi c\u1ea3m gi\u00e1c m\u1ecbn m\u00e0ng v\u00e0 tho\u1ea3i m\u00e1i khi \u0111eo. \u0110\u01b0\u1ee3c thi\u1ebft k\u1ebf \u0111\u1ec3 \u00f4m v\u1eeba v\u1eb7n&hellip;\" \/>\n<meta property=\"og:url\" content=\"https:\/\/desireonline.shop\/vi\/san-pham\/behave-vong-co-gai\/\" \/>\n<meta property=\"og:site_name\" content=\"Desire\" \/>\n<meta property=\"article:modified_time\" content=\"2026-03-10T05:42:03+00:00\" \/>\n<meta property=\"og:image\" content=\"https:\/\/desireonline.shop\/wp-content\/uploads\/2026\/02\/CN-632172462_00.jpg\" \/>\n\t<meta property=\"og:image:width\" content=\"1000\" \/>\n\t<meta property=\"og:image:height\" content=\"1000\" \/>\n\t<meta property=\"og:image:type\" content=\"image\/jpeg\" \/>\n<meta name=\"twitter:card\" content=\"summary_large_image\" \/>\n<meta name=\"twitter:label1\" content=\"\u01af\u1edbc t\u00ednh th\u1eddi gian \u0111\u1ecdc\" \/>\n\t<meta name=\"twitter:data1\" content=\"1 ph\u00fat\" \/>\n<script type=\"application\/ld+json\" class=\"yoast-schema-graph\">{\"@context\":\"https:\/\/schema.org\",\"@graph\":[{\"@type\":\"WebPage\",\"@id\":\"https:\/\/desireonline.shop\/vi\/san-pham\/behave-vong-co-gai\/\",\"url\":\"https:\/\/desireonline.shop\/vi\/san-pham\/behave-vong-co-gai\/\",\"name\":\"BEHAVE! V\u00f2ng c\u1ed5 gai - Desire\",\"isPartOf\":{\"@id\":\"https:\/\/desireonline.shop\/vi\/#website\"},\"primaryImageOfPage\":{\"@id\":\"https:\/\/desireonline.shop\/vi\/san-pham\/behave-vong-co-gai\/#primaryimage\"},\"image\":{\"@id\":\"https:\/\/desireonline.shop\/vi\/san-pham\/behave-vong-co-gai\/#primaryimage\"},\"thumbnailUrl\":\"https:\/\/desireonline.shop\/wp-content\/uploads\/2026\/02\/CN-632172462_00.jpg\",\"datePublished\":\"2026-02-16T11:48:00+00:00\",\"dateModified\":\"2026-03-10T05:42:03+00:00\",\"breadcrumb\":{\"@id\":\"https:\/\/desireonline.shop\/vi\/san-pham\/behave-vong-co-gai\/#breadcrumb\"},\"inLanguage\":\"vi\",\"potentialAction\":[{\"@type\":\"ReadAction\",\"target\":[\"https:\/\/desireonline.shop\/vi\/san-pham\/behave-vong-co-gai\/\"]}]},{\"@type\":\"ImageObject\",\"inLanguage\":\"vi\",\"@id\":\"https:\/\/desireonline.shop\/vi\/san-pham\/behave-vong-co-gai\/#primaryimage\",\"url\":\"https:\/\/desireonline.shop\/wp-content\/uploads\/2026\/02\/CN-632172462_00.jpg\",\"contentUrl\":\"https:\/\/desireonline.shop\/wp-content\/uploads\/2026\/02\/CN-632172462_00.jpg\",\"width\":1000,\"height\":1000},{\"@type\":\"BreadcrumbList\",\"@id\":\"https:\/\/desireonline.shop\/vi\/san-pham\/behave-vong-co-gai\/#breadcrumb\",\"itemListElement\":[{\"@type\":\"ListItem\",\"position\":1,\"name\":\"Home\",\"item\":\"https:\/\/desireonline.shop\/vi\/trang-chu\/?lang=vi\"},{\"@type\":\"ListItem\",\"position\":2,\"name\":\"T\u1ea5t c\u1ea3 s\u1ea3n ph\u1ea9m\",\"item\":\"https:\/\/desireonline.shop\/cua-hang\/?lang=vi\"},{\"@type\":\"ListItem\",\"position\":3,\"name\":\"BEHAVE! V\u00f2ng c\u1ed5 gai\"}]},{\"@type\":\"WebSite\",\"@id\":\"https:\/\/desireonline.shop\/vi\/#website\",\"url\":\"https:\/\/desireonline.shop\/vi\/\",\"name\":\"Desire\",\"description\":\"Sexual Wellness Platform\",\"publisher\":{\"@id\":\"https:\/\/desireonline.shop\/vi\/#organization\"},\"potentialAction\":[{\"@type\":\"SearchAction\",\"target\":{\"@type\":\"EntryPoint\",\"urlTemplate\":\"https:\/\/desireonline.shop\/vi\/?s={search_term_string}\"},\"query-input\":{\"@type\":\"PropertyValueSpecification\",\"valueRequired\":true,\"valueName\":\"search_term_string\"}}],\"inLanguage\":\"vi\"},{\"@type\":\"Organization\",\"@id\":\"https:\/\/desireonline.shop\/vi\/#organization\",\"name\":\"Desire\",\"url\":\"https:\/\/desireonline.shop\/vi\/\",\"logo\":{\"@type\":\"ImageObject\",\"inLanguage\":\"vi\",\"@id\":\"https:\/\/desireonline.shop\/vi\/#\/schema\/logo\/image\/\",\"url\":\"https:\/\/desireonline.shop\/wp-content\/uploads\/2024\/06\/Logo-Thick-Font-1.webp\",\"contentUrl\":\"https:\/\/desireonline.shop\/wp-content\/uploads\/2024\/06\/Logo-Thick-Font-1.webp\",\"width\":268,\"height\":399,\"caption\":\"Desire\"},\"image\":{\"@id\":\"https:\/\/desireonline.shop\/vi\/#\/schema\/logo\/image\/\"}}]}<\/script>\n<!-- \/ Yoast SEO plugin. -->","yoast_head_json":{"title":"BEHAVE! V\u00f2ng c\u1ed5 gai - Desire","robots":{"index":"index","follow":"follow","max-snippet":"max-snippet:-1","max-image-preview":"max-image-preview:large","max-video-preview":"max-video-preview:-1"},"canonical":"https:\/\/desireonline.shop\/vi\/san-pham\/behave-vong-co-gai\/","og_locale":"vi_VN","og_type":"article","og_title":"BEHAVE! V\u00f2ng c\u1ed5 gai - Desire","og_description":"V\u00f2ng c\u1ed5 c\u00f3 th\u1ec3 \u0111i\u1ec1u ch\u1ec9nh n\u00e0y k\u1ebft h\u1ee3p thi\u1ebft k\u1ebf n\u1ed5i b\u1eadt v\u1edbi c\u1ea3m gi\u00e1c m\u1ecbn m\u00e0ng v\u00e0 tho\u1ea3i m\u00e1i khi \u0111eo. \u0110\u01b0\u1ee3c thi\u1ebft k\u1ebf \u0111\u1ec3 \u00f4m v\u1eeba v\u1eb7n&hellip;","og_url":"https:\/\/desireonline.shop\/vi\/san-pham\/behave-vong-co-gai\/","og_site_name":"Desire","article_modified_time":"2026-03-10T05:42:03+00:00","og_image":[{"width":1000,"height":1000,"url":"https:\/\/desireonline.shop\/wp-content\/uploads\/2026\/02\/CN-632172462_00.jpg","type":"image\/jpeg"}],"twitter_card":"summary_large_image","twitter_misc":{"\u01af\u1edbc t\u00ednh th\u1eddi gian \u0111\u1ecdc":"1 ph\u00fat"},"schema":{"@context":"https:\/\/schema.org","@graph":[{"@type":"WebPage","@id":"https:\/\/desireonline.shop\/vi\/san-pham\/behave-vong-co-gai\/","url":"https:\/\/desireonline.shop\/vi\/san-pham\/behave-vong-co-gai\/","name":"BEHAVE! V\u00f2ng c\u1ed5 gai - Desire","isPartOf":{"@id":"https:\/\/desireonline.shop\/vi\/#website"},"primaryImageOfPage":{"@id":"https:\/\/desireonline.shop\/vi\/san-pham\/behave-vong-co-gai\/#primaryimage"},"image":{"@id":"https:\/\/desireonline.shop\/vi\/san-pham\/behave-vong-co-gai\/#primaryimage"},"thumbnailUrl":"https:\/\/desireonline.shop\/wp-content\/uploads\/2026\/02\/CN-632172462_00.jpg","datePublished":"2026-02-16T11:48:00+00:00","dateModified":"2026-03-10T05:42:03+00:00","breadcrumb":{"@id":"https:\/\/desireonline.shop\/vi\/san-pham\/behave-vong-co-gai\/#breadcrumb"},"inLanguage":"vi","potentialAction":[{"@type":"ReadAction","target":["https:\/\/desireonline.shop\/vi\/san-pham\/behave-vong-co-gai\/"]}]},{"@type":"ImageObject","inLanguage":"vi","@id":"https:\/\/desireonline.shop\/vi\/san-pham\/behave-vong-co-gai\/#primaryimage","url":"https:\/\/desireonline.shop\/wp-content\/uploads\/2026\/02\/CN-632172462_00.jpg","contentUrl":"https:\/\/desireonline.shop\/wp-content\/uploads\/2026\/02\/CN-632172462_00.jpg","width":1000,"height":1000},{"@type":"BreadcrumbList","@id":"https:\/\/desireonline.shop\/vi\/san-pham\/behave-vong-co-gai\/#breadcrumb","itemListElement":[{"@type":"ListItem","position":1,"name":"Home","item":"https:\/\/desireonline.shop\/vi\/trang-chu\/?lang=vi"},{"@type":"ListItem","position":2,"name":"T\u1ea5t c\u1ea3 s\u1ea3n ph\u1ea9m","item":"https:\/\/desireonline.shop\/cua-hang\/?lang=vi"},{"@type":"ListItem","position":3,"name":"BEHAVE! V\u00f2ng c\u1ed5 gai"}]},{"@type":"WebSite","@id":"https:\/\/desireonline.shop\/vi\/#website","url":"https:\/\/desireonline.shop\/vi\/","name":"Desire","description":"Sexual Wellness Platform","publisher":{"@id":"https:\/\/desireonline.shop\/vi\/#organization"},"potentialAction":[{"@type":"SearchAction","target":{"@type":"EntryPoint","urlTemplate":"https:\/\/desireonline.shop\/vi\/?s={search_term_string}"},"query-input":{"@type":"PropertyValueSpecification","valueRequired":true,"valueName":"search_term_string"}}],"inLanguage":"vi"},{"@type":"Organization","@id":"https:\/\/desireonline.shop\/vi\/#organization","name":"Desire","url":"https:\/\/desireonline.shop\/vi\/","logo":{"@type":"ImageObject","inLanguage":"vi","@id":"https:\/\/desireonline.shop\/vi\/#\/schema\/logo\/image\/","url":"https:\/\/desireonline.shop\/wp-content\/uploads\/2024\/06\/Logo-Thick-Font-1.webp","contentUrl":"https:\/\/desireonline.shop\/wp-content\/uploads\/2024\/06\/Logo-Thick-Font-1.webp","width":268,"height":399,"caption":"Desire"},"image":{"@id":"https:\/\/desireonline.shop\/vi\/#\/schema\/logo\/image\/"}}]}},"_links":{"self":[{"href":"https:\/\/desireonline.shop\/vi\/wp-json\/wp\/v2\/product\/66244","targetHints":{"allow":["GET"]}}],"collection":[{"href":"https:\/\/desireonline.shop\/vi\/wp-json\/wp\/v2\/product"}],"about":[{"href":"https:\/\/desireonline.shop\/vi\/wp-json\/wp\/v2\/types\/product"}],"replies":[{"embeddable":true,"href":"https:\/\/desireonline.shop\/vi\/wp-json\/wp\/v2\/comments?post=66244"}],"version-history":[{"count":0,"href":"https:\/\/desireonline.shop\/vi\/wp-json\/wp\/v2\/product\/66244\/revisions"}],"wp:featuredmedia":[{"embeddable":true,"href":"https:\/\/desireonline.shop\/vi\/wp-json\/wp\/v2\/media\/63093"}],"wp:attachment":[{"href":"https:\/\/desireonline.shop\/vi\/wp-json\/wp\/v2\/media?parent=66244"}],"wp:term":[{"taxonomy":"product_brand","embeddable":true,"href":"https:\/\/desireonline.shop\/vi\/wp-json\/wp\/v2\/product_brand?post=66244"},{"taxonomy":"product_cat","embeddable":true,"href":"https:\/\/desireonline.shop\/vi\/wp-json\/wp\/v2\/product_cat?post=66244"},{"taxonomy":"product_tag","embeddable":true,"href":"https:\/\/desireonline.shop\/vi\/wp-json\/wp\/v2\/product_tag?post=66244"}],"curies":[{"name":"wp","href":"https:\/\/api.w.org\/{rel}","templated":true}]}}