{"id":66259,"date":"2026-02-16T11:49:00","date_gmt":"2026-02-16T11:49:00","guid":{"rendered":"https:\/\/desireonline.shop\/product\/behave-bit-mat-love-is-blind-classics\/"},"modified":"2026-03-10T05:41:32","modified_gmt":"2026-03-10T05:41:32","slug":"behave-bit-mat-love-is-blind-classics","status":"publish","type":"product","link":"https:\/\/desireonline.shop\/vi\/san-pham\/behave-bit-mat-love-is-blind-classics\/","title":{"rendered":"BEHAVE! B\u1ecbt m\u1eaft LOVE IS BLIND Classics"},"content":{"rendered":"<p>B\u1ecbt m\u1eaft c\u1ed5 \u0111i\u1ec3n n\u00e0y mang l\u1ea1i tr\u1ea3i nghi\u1ec7m \u0111\u01a1n gi\u1ea3n nh\u01b0ng hi\u1ec7u qu\u1ea3. D\u00e2y \u0111eo co gi\u00e3n gi\u00fap s\u1ea3n ph\u1ea9m \u00f4m v\u1eeba v\u1eb7n v\u00e0 d\u1ec5 \u0111i\u1ec1u ch\u1ec9nh trong khi nh\u1eb9 nh\u00e0ng h\u1ea1n ch\u1ebf t\u1ea7m nh\u00ecn.<\/p>\n<p>Ph\u00f9 h\u1ee3p cho nh\u1eefng l\u1ea7n kh\u00e1m ph\u00e1 \u0111\u1ea7u ti\u00ean ho\u1eb7c nh\u1eefng tr\u1ea3i nghi\u1ec7m quen thu\u1ed9c, s\u1ea3n ph\u1ea9m khuy\u1ebfn kh\u00edch s\u1ef1 t\u00f2 m\u00f2, tin t\u01b0\u1edfng v\u00e0 k\u1ebft n\u1ed1i ch\u00fa t\u00e2m h\u01a1n gi\u1eefa c\u00e1c \u0111\u1ed1i t\u00e1c.<\/p>\n","protected":false},"excerpt":{"rendered":"<p>B\u1ecbt m\u1eaft c\u1ed5 \u0111i\u1ec3n n\u00e0y mang l\u1ea1i tr\u1ea3i nghi\u1ec7m \u0111\u01a1n gi\u1ea3n nh\u01b0ng hi\u1ec7u qu\u1ea3. D\u00e2y \u0111eo co gi\u00e3n gi\u00fap s\u1ea3n ph\u1ea9m \u00f4m v\u1eeba v\u1eb7n v\u00e0 d\u1ec5 \u0111i\u1ec1u ch\u1ec9nh trong khi&hellip;<\/p>\n","protected":false},"featured_media":63151,"comment_status":"open","ping_status":"closed","template":"","meta":{"_acf_changed":false},"product_brand":[],"product_cat":[1355,1346],"product_tag":[],"class_list":{"0":"post-66259","1":"product","2":"type-product","3":"status-publish","4":"has-post-thumbnail","6":"product_cat-bit-mieng-bondage","7":"product_cat-dung-cu-han-che-giac-quan","9":"first","10":"instock","11":"shipping-taxable","12":"purchasable","13":"product-type-simple"},"acf":[],"yoast_head":"<!-- This site is optimized with the Yoast SEO plugin v27.1.1 - https:\/\/yoast.com\/product\/yoast-seo-wordpress\/ -->\n<title>BEHAVE! B\u1ecbt m\u1eaft LOVE IS BLIND Classics - Desire<\/title>\n<meta name=\"robots\" content=\"index, follow, max-snippet:-1, max-image-preview:large, max-video-preview:-1\" \/>\n<link rel=\"canonical\" href=\"https:\/\/desireonline.shop\/vi\/san-pham\/behave-bit-mat-love-is-blind-classics\/\" \/>\n<meta property=\"og:locale\" content=\"vi_VN\" \/>\n<meta property=\"og:type\" content=\"article\" \/>\n<meta property=\"og:title\" content=\"BEHAVE! B\u1ecbt m\u1eaft LOVE IS BLIND Classics - Desire\" \/>\n<meta property=\"og:description\" content=\"B\u1ecbt m\u1eaft c\u1ed5 \u0111i\u1ec3n n\u00e0y mang l\u1ea1i tr\u1ea3i nghi\u1ec7m \u0111\u01a1n gi\u1ea3n nh\u01b0ng hi\u1ec7u qu\u1ea3. D\u00e2y \u0111eo co gi\u00e3n gi\u00fap s\u1ea3n ph\u1ea9m \u00f4m v\u1eeba v\u1eb7n v\u00e0 d\u1ec5 \u0111i\u1ec1u ch\u1ec9nh trong khi&hellip;\" \/>\n<meta property=\"og:url\" content=\"https:\/\/desireonline.shop\/vi\/san-pham\/behave-bit-mat-love-is-blind-classics\/\" \/>\n<meta property=\"og:site_name\" content=\"Desire\" \/>\n<meta property=\"article:modified_time\" content=\"2026-03-10T05:41:32+00:00\" \/>\n<meta property=\"og:image\" content=\"https:\/\/desireonline.shop\/wp-content\/uploads\/2026\/02\/CN-632178932_00.jpg\" \/>\n\t<meta property=\"og:image:width\" content=\"1000\" \/>\n\t<meta property=\"og:image:height\" content=\"1000\" \/>\n\t<meta property=\"og:image:type\" content=\"image\/jpeg\" \/>\n<meta name=\"twitter:card\" content=\"summary_large_image\" \/>\n<meta name=\"twitter:label1\" content=\"\u01af\u1edbc t\u00ednh th\u1eddi gian \u0111\u1ecdc\" \/>\n\t<meta name=\"twitter:data1\" content=\"1 ph\u00fat\" \/>\n<script type=\"application\/ld+json\" class=\"yoast-schema-graph\">{\"@context\":\"https:\/\/schema.org\",\"@graph\":[{\"@type\":\"WebPage\",\"@id\":\"https:\/\/desireonline.shop\/vi\/san-pham\/behave-bit-mat-love-is-blind-classics\/\",\"url\":\"https:\/\/desireonline.shop\/vi\/san-pham\/behave-bit-mat-love-is-blind-classics\/\",\"name\":\"BEHAVE! B\u1ecbt m\u1eaft LOVE IS BLIND Classics - Desire\",\"isPartOf\":{\"@id\":\"https:\/\/desireonline.shop\/vi\/#website\"},\"primaryImageOfPage\":{\"@id\":\"https:\/\/desireonline.shop\/vi\/san-pham\/behave-bit-mat-love-is-blind-classics\/#primaryimage\"},\"image\":{\"@id\":\"https:\/\/desireonline.shop\/vi\/san-pham\/behave-bit-mat-love-is-blind-classics\/#primaryimage\"},\"thumbnailUrl\":\"https:\/\/desireonline.shop\/wp-content\/uploads\/2026\/02\/CN-632178932_00.jpg\",\"datePublished\":\"2026-02-16T11:49:00+00:00\",\"dateModified\":\"2026-03-10T05:41:32+00:00\",\"breadcrumb\":{\"@id\":\"https:\/\/desireonline.shop\/vi\/san-pham\/behave-bit-mat-love-is-blind-classics\/#breadcrumb\"},\"inLanguage\":\"vi\",\"potentialAction\":[{\"@type\":\"ReadAction\",\"target\":[\"https:\/\/desireonline.shop\/vi\/san-pham\/behave-bit-mat-love-is-blind-classics\/\"]}]},{\"@type\":\"ImageObject\",\"inLanguage\":\"vi\",\"@id\":\"https:\/\/desireonline.shop\/vi\/san-pham\/behave-bit-mat-love-is-blind-classics\/#primaryimage\",\"url\":\"https:\/\/desireonline.shop\/wp-content\/uploads\/2026\/02\/CN-632178932_00.jpg\",\"contentUrl\":\"https:\/\/desireonline.shop\/wp-content\/uploads\/2026\/02\/CN-632178932_00.jpg\",\"width\":1000,\"height\":1000},{\"@type\":\"BreadcrumbList\",\"@id\":\"https:\/\/desireonline.shop\/vi\/san-pham\/behave-bit-mat-love-is-blind-classics\/#breadcrumb\",\"itemListElement\":[{\"@type\":\"ListItem\",\"position\":1,\"name\":\"Home\",\"item\":\"https:\/\/desireonline.shop\/vi\/trang-chu\/?lang=vi\"},{\"@type\":\"ListItem\",\"position\":2,\"name\":\"T\u1ea5t c\u1ea3 s\u1ea3n ph\u1ea9m\",\"item\":\"https:\/\/desireonline.shop\/cua-hang\/?lang=vi\"},{\"@type\":\"ListItem\",\"position\":3,\"name\":\"BEHAVE! B\u1ecbt m\u1eaft LOVE IS BLIND Classics\"}]},{\"@type\":\"WebSite\",\"@id\":\"https:\/\/desireonline.shop\/vi\/#website\",\"url\":\"https:\/\/desireonline.shop\/vi\/\",\"name\":\"Desire\",\"description\":\"Sexual Wellness Platform\",\"publisher\":{\"@id\":\"https:\/\/desireonline.shop\/vi\/#organization\"},\"potentialAction\":[{\"@type\":\"SearchAction\",\"target\":{\"@type\":\"EntryPoint\",\"urlTemplate\":\"https:\/\/desireonline.shop\/vi\/?s={search_term_string}\"},\"query-input\":{\"@type\":\"PropertyValueSpecification\",\"valueRequired\":true,\"valueName\":\"search_term_string\"}}],\"inLanguage\":\"vi\"},{\"@type\":\"Organization\",\"@id\":\"https:\/\/desireonline.shop\/vi\/#organization\",\"name\":\"Desire\",\"url\":\"https:\/\/desireonline.shop\/vi\/\",\"logo\":{\"@type\":\"ImageObject\",\"inLanguage\":\"vi\",\"@id\":\"https:\/\/desireonline.shop\/vi\/#\/schema\/logo\/image\/\",\"url\":\"https:\/\/desireonline.shop\/wp-content\/uploads\/2024\/06\/Logo-Thick-Font-1.webp\",\"contentUrl\":\"https:\/\/desireonline.shop\/wp-content\/uploads\/2024\/06\/Logo-Thick-Font-1.webp\",\"width\":268,\"height\":399,\"caption\":\"Desire\"},\"image\":{\"@id\":\"https:\/\/desireonline.shop\/vi\/#\/schema\/logo\/image\/\"}}]}<\/script>\n<!-- \/ Yoast SEO plugin. -->","yoast_head_json":{"title":"BEHAVE! B\u1ecbt m\u1eaft LOVE IS BLIND Classics - Desire","robots":{"index":"index","follow":"follow","max-snippet":"max-snippet:-1","max-image-preview":"max-image-preview:large","max-video-preview":"max-video-preview:-1"},"canonical":"https:\/\/desireonline.shop\/vi\/san-pham\/behave-bit-mat-love-is-blind-classics\/","og_locale":"vi_VN","og_type":"article","og_title":"BEHAVE! B\u1ecbt m\u1eaft LOVE IS BLIND Classics - Desire","og_description":"B\u1ecbt m\u1eaft c\u1ed5 \u0111i\u1ec3n n\u00e0y mang l\u1ea1i tr\u1ea3i nghi\u1ec7m \u0111\u01a1n gi\u1ea3n nh\u01b0ng hi\u1ec7u qu\u1ea3. D\u00e2y \u0111eo co gi\u00e3n gi\u00fap s\u1ea3n ph\u1ea9m \u00f4m v\u1eeba v\u1eb7n v\u00e0 d\u1ec5 \u0111i\u1ec1u ch\u1ec9nh trong khi&hellip;","og_url":"https:\/\/desireonline.shop\/vi\/san-pham\/behave-bit-mat-love-is-blind-classics\/","og_site_name":"Desire","article_modified_time":"2026-03-10T05:41:32+00:00","og_image":[{"width":1000,"height":1000,"url":"https:\/\/desireonline.shop\/wp-content\/uploads\/2026\/02\/CN-632178932_00.jpg","type":"image\/jpeg"}],"twitter_card":"summary_large_image","twitter_misc":{"\u01af\u1edbc t\u00ednh th\u1eddi gian \u0111\u1ecdc":"1 ph\u00fat"},"schema":{"@context":"https:\/\/schema.org","@graph":[{"@type":"WebPage","@id":"https:\/\/desireonline.shop\/vi\/san-pham\/behave-bit-mat-love-is-blind-classics\/","url":"https:\/\/desireonline.shop\/vi\/san-pham\/behave-bit-mat-love-is-blind-classics\/","name":"BEHAVE! B\u1ecbt m\u1eaft LOVE IS BLIND Classics - Desire","isPartOf":{"@id":"https:\/\/desireonline.shop\/vi\/#website"},"primaryImageOfPage":{"@id":"https:\/\/desireonline.shop\/vi\/san-pham\/behave-bit-mat-love-is-blind-classics\/#primaryimage"},"image":{"@id":"https:\/\/desireonline.shop\/vi\/san-pham\/behave-bit-mat-love-is-blind-classics\/#primaryimage"},"thumbnailUrl":"https:\/\/desireonline.shop\/wp-content\/uploads\/2026\/02\/CN-632178932_00.jpg","datePublished":"2026-02-16T11:49:00+00:00","dateModified":"2026-03-10T05:41:32+00:00","breadcrumb":{"@id":"https:\/\/desireonline.shop\/vi\/san-pham\/behave-bit-mat-love-is-blind-classics\/#breadcrumb"},"inLanguage":"vi","potentialAction":[{"@type":"ReadAction","target":["https:\/\/desireonline.shop\/vi\/san-pham\/behave-bit-mat-love-is-blind-classics\/"]}]},{"@type":"ImageObject","inLanguage":"vi","@id":"https:\/\/desireonline.shop\/vi\/san-pham\/behave-bit-mat-love-is-blind-classics\/#primaryimage","url":"https:\/\/desireonline.shop\/wp-content\/uploads\/2026\/02\/CN-632178932_00.jpg","contentUrl":"https:\/\/desireonline.shop\/wp-content\/uploads\/2026\/02\/CN-632178932_00.jpg","width":1000,"height":1000},{"@type":"BreadcrumbList","@id":"https:\/\/desireonline.shop\/vi\/san-pham\/behave-bit-mat-love-is-blind-classics\/#breadcrumb","itemListElement":[{"@type":"ListItem","position":1,"name":"Home","item":"https:\/\/desireonline.shop\/vi\/trang-chu\/?lang=vi"},{"@type":"ListItem","position":2,"name":"T\u1ea5t c\u1ea3 s\u1ea3n ph\u1ea9m","item":"https:\/\/desireonline.shop\/cua-hang\/?lang=vi"},{"@type":"ListItem","position":3,"name":"BEHAVE! B\u1ecbt m\u1eaft LOVE IS BLIND Classics"}]},{"@type":"WebSite","@id":"https:\/\/desireonline.shop\/vi\/#website","url":"https:\/\/desireonline.shop\/vi\/","name":"Desire","description":"Sexual Wellness Platform","publisher":{"@id":"https:\/\/desireonline.shop\/vi\/#organization"},"potentialAction":[{"@type":"SearchAction","target":{"@type":"EntryPoint","urlTemplate":"https:\/\/desireonline.shop\/vi\/?s={search_term_string}"},"query-input":{"@type":"PropertyValueSpecification","valueRequired":true,"valueName":"search_term_string"}}],"inLanguage":"vi"},{"@type":"Organization","@id":"https:\/\/desireonline.shop\/vi\/#organization","name":"Desire","url":"https:\/\/desireonline.shop\/vi\/","logo":{"@type":"ImageObject","inLanguage":"vi","@id":"https:\/\/desireonline.shop\/vi\/#\/schema\/logo\/image\/","url":"https:\/\/desireonline.shop\/wp-content\/uploads\/2024\/06\/Logo-Thick-Font-1.webp","contentUrl":"https:\/\/desireonline.shop\/wp-content\/uploads\/2024\/06\/Logo-Thick-Font-1.webp","width":268,"height":399,"caption":"Desire"},"image":{"@id":"https:\/\/desireonline.shop\/vi\/#\/schema\/logo\/image\/"}}]}},"_links":{"self":[{"href":"https:\/\/desireonline.shop\/vi\/wp-json\/wp\/v2\/product\/66259","targetHints":{"allow":["GET"]}}],"collection":[{"href":"https:\/\/desireonline.shop\/vi\/wp-json\/wp\/v2\/product"}],"about":[{"href":"https:\/\/desireonline.shop\/vi\/wp-json\/wp\/v2\/types\/product"}],"replies":[{"embeddable":true,"href":"https:\/\/desireonline.shop\/vi\/wp-json\/wp\/v2\/comments?post=66259"}],"version-history":[{"count":0,"href":"https:\/\/desireonline.shop\/vi\/wp-json\/wp\/v2\/product\/66259\/revisions"}],"wp:featuredmedia":[{"embeddable":true,"href":"https:\/\/desireonline.shop\/vi\/wp-json\/wp\/v2\/media\/63151"}],"wp:attachment":[{"href":"https:\/\/desireonline.shop\/vi\/wp-json\/wp\/v2\/media?parent=66259"}],"wp:term":[{"taxonomy":"product_brand","embeddable":true,"href":"https:\/\/desireonline.shop\/vi\/wp-json\/wp\/v2\/product_brand?post=66259"},{"taxonomy":"product_cat","embeddable":true,"href":"https:\/\/desireonline.shop\/vi\/wp-json\/wp\/v2\/product_cat?post=66259"},{"taxonomy":"product_tag","embeddable":true,"href":"https:\/\/desireonline.shop\/vi\/wp-json\/wp\/v2\/product_tag?post=66259"}],"curies":[{"name":"wp","href":"https:\/\/api.w.org\/{rel}","templated":true}]}}