{"id":66270,"date":"2026-02-16T11:49:00","date_gmt":"2026-02-16T11:49:00","guid":{"rendered":"https:\/\/desireonline.shop\/product\/behave-bit-mat-love-is-blind-drop-pattern\/"},"modified":"2026-03-10T05:41:16","modified_gmt":"2026-03-10T05:41:16","slug":"behave-bit-mat-love-is-blind-drop-pattern","status":"publish","type":"product","link":"https:\/\/desireonline.shop\/vi\/san-pham\/behave-bit-mat-love-is-blind-drop-pattern\/","title":{"rendered":"BEHAVE! B\u1ecbt m\u1eaft LOVE IS BLIND Drop Pattern"},"content":{"rendered":"<p>B\u1ecbt m\u1eaft h\u1ecda ti\u1ebft gi\u1ecdt n\u00e0y mang l\u1ea1i c\u00e1ch \u0111\u01a1n gi\u1ea3n \u0111\u1ec3 kh\u00e1m ph\u00e1 s\u1ef1 t\u1eadp trung v\u00e0o c\u1ea3m gi\u00e1c. V\u1edbi d\u00e2y thun c\u00f3 th\u1ec3 \u0111i\u1ec1u ch\u1ec9nh, s\u1ea3n ph\u1ea9m d\u1ec5 \u0111eo v\u00e0 tho\u1ea3i m\u00e1i khi s\u1eed d\u1ee5ng.<\/p>\n<p>M\u1ed9t ph\u1ee5 ki\u1ec7n th\u00fa v\u1ecb cho nh\u1eefng kho\u1ea3nh kh\u1eafc th\u00e2n m\u1eadt, khuy\u1ebfn kh\u00edch c\u00e1c \u0111\u1ed1i t\u00e1c ch\u1eadm l\u1ea1i v\u00e0 t\u1eadp trung v\u00e0o c\u1ea3m nh\u1eadn t\u1eeb x\u00fac gi\u00e1c, \u00e2m thanh v\u00e0 s\u1ef1 k\u1ebft n\u1ed1i.<\/p>\n","protected":false},"excerpt":{"rendered":"<p>B\u1ecbt m\u1eaft h\u1ecda ti\u1ebft gi\u1ecdt n\u00e0y mang l\u1ea1i c\u00e1ch \u0111\u01a1n gi\u1ea3n \u0111\u1ec3 kh\u00e1m ph\u00e1 s\u1ef1 t\u1eadp trung v\u00e0o c\u1ea3m gi\u00e1c. V\u1edbi d\u00e2y thun c\u00f3 th\u1ec3 \u0111i\u1ec1u ch\u1ec9nh, s\u1ea3n ph\u1ea9m d\u1ec5&hellip;<\/p>\n","protected":false},"featured_media":63141,"comment_status":"open","ping_status":"closed","template":"","meta":{"_acf_changed":false},"product_brand":[],"product_cat":[1355,1346],"product_tag":[],"class_list":{"0":"post-66270","1":"product","2":"type-product","3":"status-publish","4":"has-post-thumbnail","6":"product_cat-bit-mieng-bondage","7":"product_cat-dung-cu-han-che-giac-quan","9":"first","10":"instock","11":"shipping-taxable","12":"purchasable","13":"product-type-simple"},"acf":[],"yoast_head":"<!-- This site is optimized with the Yoast SEO plugin v27.1.1 - https:\/\/yoast.com\/product\/yoast-seo-wordpress\/ -->\n<title>BEHAVE! B\u1ecbt m\u1eaft LOVE IS BLIND Drop Pattern - Desire<\/title>\n<meta name=\"robots\" content=\"index, follow, max-snippet:-1, max-image-preview:large, max-video-preview:-1\" \/>\n<link rel=\"canonical\" href=\"https:\/\/desireonline.shop\/vi\/san-pham\/behave-bit-mat-love-is-blind-drop-pattern\/\" \/>\n<meta property=\"og:locale\" content=\"vi_VN\" \/>\n<meta property=\"og:type\" content=\"article\" \/>\n<meta property=\"og:title\" content=\"BEHAVE! B\u1ecbt m\u1eaft LOVE IS BLIND Drop Pattern - Desire\" \/>\n<meta property=\"og:description\" content=\"B\u1ecbt m\u1eaft h\u1ecda ti\u1ebft gi\u1ecdt n\u00e0y mang l\u1ea1i c\u00e1ch \u0111\u01a1n gi\u1ea3n \u0111\u1ec3 kh\u00e1m ph\u00e1 s\u1ef1 t\u1eadp trung v\u00e0o c\u1ea3m gi\u00e1c. V\u1edbi d\u00e2y thun c\u00f3 th\u1ec3 \u0111i\u1ec1u ch\u1ec9nh, s\u1ea3n ph\u1ea9m d\u1ec5&hellip;\" \/>\n<meta property=\"og:url\" content=\"https:\/\/desireonline.shop\/vi\/san-pham\/behave-bit-mat-love-is-blind-drop-pattern\/\" \/>\n<meta property=\"og:site_name\" content=\"Desire\" \/>\n<meta property=\"article:modified_time\" content=\"2026-03-10T05:41:16+00:00\" \/>\n<meta property=\"og:image\" content=\"https:\/\/desireonline.shop\/wp-content\/uploads\/2026\/02\/CN-632105232_00.jpg\" \/>\n\t<meta property=\"og:image:width\" content=\"1000\" \/>\n\t<meta property=\"og:image:height\" content=\"1000\" \/>\n\t<meta property=\"og:image:type\" content=\"image\/jpeg\" \/>\n<meta name=\"twitter:card\" content=\"summary_large_image\" \/>\n<meta name=\"twitter:label1\" content=\"\u01af\u1edbc t\u00ednh th\u1eddi gian \u0111\u1ecdc\" \/>\n\t<meta name=\"twitter:data1\" content=\"1 ph\u00fat\" \/>\n<script type=\"application\/ld+json\" class=\"yoast-schema-graph\">{\"@context\":\"https:\/\/schema.org\",\"@graph\":[{\"@type\":\"WebPage\",\"@id\":\"https:\/\/desireonline.shop\/vi\/san-pham\/behave-bit-mat-love-is-blind-drop-pattern\/\",\"url\":\"https:\/\/desireonline.shop\/vi\/san-pham\/behave-bit-mat-love-is-blind-drop-pattern\/\",\"name\":\"BEHAVE! B\u1ecbt m\u1eaft LOVE IS BLIND Drop Pattern - Desire\",\"isPartOf\":{\"@id\":\"https:\/\/desireonline.shop\/vi\/#website\"},\"primaryImageOfPage\":{\"@id\":\"https:\/\/desireonline.shop\/vi\/san-pham\/behave-bit-mat-love-is-blind-drop-pattern\/#primaryimage\"},\"image\":{\"@id\":\"https:\/\/desireonline.shop\/vi\/san-pham\/behave-bit-mat-love-is-blind-drop-pattern\/#primaryimage\"},\"thumbnailUrl\":\"https:\/\/desireonline.shop\/wp-content\/uploads\/2026\/02\/CN-632105232_00.jpg\",\"datePublished\":\"2026-02-16T11:49:00+00:00\",\"dateModified\":\"2026-03-10T05:41:16+00:00\",\"breadcrumb\":{\"@id\":\"https:\/\/desireonline.shop\/vi\/san-pham\/behave-bit-mat-love-is-blind-drop-pattern\/#breadcrumb\"},\"inLanguage\":\"vi\",\"potentialAction\":[{\"@type\":\"ReadAction\",\"target\":[\"https:\/\/desireonline.shop\/vi\/san-pham\/behave-bit-mat-love-is-blind-drop-pattern\/\"]}]},{\"@type\":\"ImageObject\",\"inLanguage\":\"vi\",\"@id\":\"https:\/\/desireonline.shop\/vi\/san-pham\/behave-bit-mat-love-is-blind-drop-pattern\/#primaryimage\",\"url\":\"https:\/\/desireonline.shop\/wp-content\/uploads\/2026\/02\/CN-632105232_00.jpg\",\"contentUrl\":\"https:\/\/desireonline.shop\/wp-content\/uploads\/2026\/02\/CN-632105232_00.jpg\",\"width\":1000,\"height\":1000},{\"@type\":\"BreadcrumbList\",\"@id\":\"https:\/\/desireonline.shop\/vi\/san-pham\/behave-bit-mat-love-is-blind-drop-pattern\/#breadcrumb\",\"itemListElement\":[{\"@type\":\"ListItem\",\"position\":1,\"name\":\"Home\",\"item\":\"https:\/\/desireonline.shop\/vi\/trang-chu\/?lang=vi\"},{\"@type\":\"ListItem\",\"position\":2,\"name\":\"T\u1ea5t c\u1ea3 s\u1ea3n ph\u1ea9m\",\"item\":\"https:\/\/desireonline.shop\/cua-hang\/?lang=vi\"},{\"@type\":\"ListItem\",\"position\":3,\"name\":\"BEHAVE! B\u1ecbt m\u1eaft LOVE IS BLIND Drop Pattern\"}]},{\"@type\":\"WebSite\",\"@id\":\"https:\/\/desireonline.shop\/vi\/#website\",\"url\":\"https:\/\/desireonline.shop\/vi\/\",\"name\":\"Desire\",\"description\":\"Sexual Wellness Platform\",\"publisher\":{\"@id\":\"https:\/\/desireonline.shop\/vi\/#organization\"},\"potentialAction\":[{\"@type\":\"SearchAction\",\"target\":{\"@type\":\"EntryPoint\",\"urlTemplate\":\"https:\/\/desireonline.shop\/vi\/?s={search_term_string}\"},\"query-input\":{\"@type\":\"PropertyValueSpecification\",\"valueRequired\":true,\"valueName\":\"search_term_string\"}}],\"inLanguage\":\"vi\"},{\"@type\":\"Organization\",\"@id\":\"https:\/\/desireonline.shop\/vi\/#organization\",\"name\":\"Desire\",\"url\":\"https:\/\/desireonline.shop\/vi\/\",\"logo\":{\"@type\":\"ImageObject\",\"inLanguage\":\"vi\",\"@id\":\"https:\/\/desireonline.shop\/vi\/#\/schema\/logo\/image\/\",\"url\":\"https:\/\/desireonline.shop\/wp-content\/uploads\/2024\/06\/Logo-Thick-Font-1.webp\",\"contentUrl\":\"https:\/\/desireonline.shop\/wp-content\/uploads\/2024\/06\/Logo-Thick-Font-1.webp\",\"width\":268,\"height\":399,\"caption\":\"Desire\"},\"image\":{\"@id\":\"https:\/\/desireonline.shop\/vi\/#\/schema\/logo\/image\/\"}}]}<\/script>\n<!-- \/ Yoast SEO plugin. -->","yoast_head_json":{"title":"BEHAVE! B\u1ecbt m\u1eaft LOVE IS BLIND Drop Pattern - Desire","robots":{"index":"index","follow":"follow","max-snippet":"max-snippet:-1","max-image-preview":"max-image-preview:large","max-video-preview":"max-video-preview:-1"},"canonical":"https:\/\/desireonline.shop\/vi\/san-pham\/behave-bit-mat-love-is-blind-drop-pattern\/","og_locale":"vi_VN","og_type":"article","og_title":"BEHAVE! B\u1ecbt m\u1eaft LOVE IS BLIND Drop Pattern - Desire","og_description":"B\u1ecbt m\u1eaft h\u1ecda ti\u1ebft gi\u1ecdt n\u00e0y mang l\u1ea1i c\u00e1ch \u0111\u01a1n gi\u1ea3n \u0111\u1ec3 kh\u00e1m ph\u00e1 s\u1ef1 t\u1eadp trung v\u00e0o c\u1ea3m gi\u00e1c. V\u1edbi d\u00e2y thun c\u00f3 th\u1ec3 \u0111i\u1ec1u ch\u1ec9nh, s\u1ea3n ph\u1ea9m d\u1ec5&hellip;","og_url":"https:\/\/desireonline.shop\/vi\/san-pham\/behave-bit-mat-love-is-blind-drop-pattern\/","og_site_name":"Desire","article_modified_time":"2026-03-10T05:41:16+00:00","og_image":[{"width":1000,"height":1000,"url":"https:\/\/desireonline.shop\/wp-content\/uploads\/2026\/02\/CN-632105232_00.jpg","type":"image\/jpeg"}],"twitter_card":"summary_large_image","twitter_misc":{"\u01af\u1edbc t\u00ednh th\u1eddi gian \u0111\u1ecdc":"1 ph\u00fat"},"schema":{"@context":"https:\/\/schema.org","@graph":[{"@type":"WebPage","@id":"https:\/\/desireonline.shop\/vi\/san-pham\/behave-bit-mat-love-is-blind-drop-pattern\/","url":"https:\/\/desireonline.shop\/vi\/san-pham\/behave-bit-mat-love-is-blind-drop-pattern\/","name":"BEHAVE! B\u1ecbt m\u1eaft LOVE IS BLIND Drop Pattern - Desire","isPartOf":{"@id":"https:\/\/desireonline.shop\/vi\/#website"},"primaryImageOfPage":{"@id":"https:\/\/desireonline.shop\/vi\/san-pham\/behave-bit-mat-love-is-blind-drop-pattern\/#primaryimage"},"image":{"@id":"https:\/\/desireonline.shop\/vi\/san-pham\/behave-bit-mat-love-is-blind-drop-pattern\/#primaryimage"},"thumbnailUrl":"https:\/\/desireonline.shop\/wp-content\/uploads\/2026\/02\/CN-632105232_00.jpg","datePublished":"2026-02-16T11:49:00+00:00","dateModified":"2026-03-10T05:41:16+00:00","breadcrumb":{"@id":"https:\/\/desireonline.shop\/vi\/san-pham\/behave-bit-mat-love-is-blind-drop-pattern\/#breadcrumb"},"inLanguage":"vi","potentialAction":[{"@type":"ReadAction","target":["https:\/\/desireonline.shop\/vi\/san-pham\/behave-bit-mat-love-is-blind-drop-pattern\/"]}]},{"@type":"ImageObject","inLanguage":"vi","@id":"https:\/\/desireonline.shop\/vi\/san-pham\/behave-bit-mat-love-is-blind-drop-pattern\/#primaryimage","url":"https:\/\/desireonline.shop\/wp-content\/uploads\/2026\/02\/CN-632105232_00.jpg","contentUrl":"https:\/\/desireonline.shop\/wp-content\/uploads\/2026\/02\/CN-632105232_00.jpg","width":1000,"height":1000},{"@type":"BreadcrumbList","@id":"https:\/\/desireonline.shop\/vi\/san-pham\/behave-bit-mat-love-is-blind-drop-pattern\/#breadcrumb","itemListElement":[{"@type":"ListItem","position":1,"name":"Home","item":"https:\/\/desireonline.shop\/vi\/trang-chu\/?lang=vi"},{"@type":"ListItem","position":2,"name":"T\u1ea5t c\u1ea3 s\u1ea3n ph\u1ea9m","item":"https:\/\/desireonline.shop\/cua-hang\/?lang=vi"},{"@type":"ListItem","position":3,"name":"BEHAVE! B\u1ecbt m\u1eaft LOVE IS BLIND Drop Pattern"}]},{"@type":"WebSite","@id":"https:\/\/desireonline.shop\/vi\/#website","url":"https:\/\/desireonline.shop\/vi\/","name":"Desire","description":"Sexual Wellness Platform","publisher":{"@id":"https:\/\/desireonline.shop\/vi\/#organization"},"potentialAction":[{"@type":"SearchAction","target":{"@type":"EntryPoint","urlTemplate":"https:\/\/desireonline.shop\/vi\/?s={search_term_string}"},"query-input":{"@type":"PropertyValueSpecification","valueRequired":true,"valueName":"search_term_string"}}],"inLanguage":"vi"},{"@type":"Organization","@id":"https:\/\/desireonline.shop\/vi\/#organization","name":"Desire","url":"https:\/\/desireonline.shop\/vi\/","logo":{"@type":"ImageObject","inLanguage":"vi","@id":"https:\/\/desireonline.shop\/vi\/#\/schema\/logo\/image\/","url":"https:\/\/desireonline.shop\/wp-content\/uploads\/2024\/06\/Logo-Thick-Font-1.webp","contentUrl":"https:\/\/desireonline.shop\/wp-content\/uploads\/2024\/06\/Logo-Thick-Font-1.webp","width":268,"height":399,"caption":"Desire"},"image":{"@id":"https:\/\/desireonline.shop\/vi\/#\/schema\/logo\/image\/"}}]}},"_links":{"self":[{"href":"https:\/\/desireonline.shop\/vi\/wp-json\/wp\/v2\/product\/66270","targetHints":{"allow":["GET"]}}],"collection":[{"href":"https:\/\/desireonline.shop\/vi\/wp-json\/wp\/v2\/product"}],"about":[{"href":"https:\/\/desireonline.shop\/vi\/wp-json\/wp\/v2\/types\/product"}],"replies":[{"embeddable":true,"href":"https:\/\/desireonline.shop\/vi\/wp-json\/wp\/v2\/comments?post=66270"}],"version-history":[{"count":0,"href":"https:\/\/desireonline.shop\/vi\/wp-json\/wp\/v2\/product\/66270\/revisions"}],"wp:featuredmedia":[{"embeddable":true,"href":"https:\/\/desireonline.shop\/vi\/wp-json\/wp\/v2\/media\/63141"}],"wp:attachment":[{"href":"https:\/\/desireonline.shop\/vi\/wp-json\/wp\/v2\/media?parent=66270"}],"wp:term":[{"taxonomy":"product_brand","embeddable":true,"href":"https:\/\/desireonline.shop\/vi\/wp-json\/wp\/v2\/product_brand?post=66270"},{"taxonomy":"product_cat","embeddable":true,"href":"https:\/\/desireonline.shop\/vi\/wp-json\/wp\/v2\/product_cat?post=66270"},{"taxonomy":"product_tag","embeddable":true,"href":"https:\/\/desireonline.shop\/vi\/wp-json\/wp\/v2\/product_tag?post=66270"}],"curies":[{"name":"wp","href":"https:\/\/api.w.org\/{rel}","templated":true}]}}