{"id":66289,"date":"2026-02-16T11:49:00","date_gmt":"2026-02-16T11:49:00","guid":{"rendered":"https:\/\/desireonline.shop\/product\/behave-paddle-danh-mong-hot-paddle-red\/"},"modified":"2026-03-10T05:41:01","modified_gmt":"2026-03-10T05:41:01","slug":"behave-paddle-danh-mong-hot-paddle-red","status":"publish","type":"product","link":"https:\/\/desireonline.shop\/vi\/san-pham\/behave-paddle-danh-mong-hot-paddle-red\/","title":{"rendered":"BEHAVE! Paddle \u0111\u00e1nh m\u00f4ng Hot Paddle Red"},"content":{"rendered":"<p>Paddle m\u00e0u \u0111\u1ecf n\u00e0y k\u1ebft h\u1ee3p s\u1ef1 linh ho\u1ea1t v\u1edbi c\u1ea3m gi\u00e1c ch\u1eafc tay v\u00e0 c\u00e2n b\u1eb1ng khi s\u1eed d\u1ee5ng. S\u1ea3n ph\u1ea9m cho ph\u00e9p b\u1ea1n thay \u0111\u1ed5i c\u01b0\u1eddng \u0111\u1ed9 c\u1ea3m gi\u00e1c trong khi v\u1eabn duy tr\u00ec s\u1ef1 ki\u1ec3m so\u00e1t \u1ed5n \u0111\u1ecbnh.<\/p>\n<p>M\u1ed9t l\u1ef1a ch\u1ecdn n\u1ed5i b\u1eadt cho nh\u1eefng ai th\u00edch kh\u00e1m ph\u00e1 c\u01b0\u1eddng \u0111\u1ed9 v\u1edbi s\u1ef1 ch\u1ee7 \u00fd, h\u1ed7 tr\u1ee3 nh\u1ecbp \u0111i\u1ec7u, nh\u1eadn th\u1ee9c v\u00e0 tr\u1ea3i nghi\u1ec7m d\u1ef1a tr\u00ean s\u1ef1 \u0111\u1ed3ng thu\u1eadn.<\/p>\n","protected":false},"excerpt":{"rendered":"<p>Paddle m\u00e0u \u0111\u1ecf n\u00e0y k\u1ebft h\u1ee3p s\u1ef1 linh ho\u1ea1t v\u1edbi c\u1ea3m gi\u00e1c ch\u1eafc tay v\u00e0 c\u00e2n b\u1eb1ng khi s\u1eed d\u1ee5ng. S\u1ea3n ph\u1ea9m cho ph\u00e9p b\u1ea1n thay \u0111\u1ed5i c\u01b0\u1eddng \u0111\u1ed9 c\u1ea3m&hellip;<\/p>\n","protected":false},"featured_media":63124,"comment_status":"open","ping_status":"closed","template":"","meta":{"_acf_changed":false},"product_brand":[],"product_cat":[1360],"product_tag":[],"class_list":{"0":"post-66289","1":"product","2":"type-product","3":"status-publish","4":"has-post-thumbnail","6":"product_cat-vot-tao-cam-giac","8":"first","9":"instock","10":"shipping-taxable","11":"purchasable","12":"product-type-simple"},"acf":[],"yoast_head":"<!-- This site is optimized with the Yoast SEO plugin v27.1.1 - https:\/\/yoast.com\/product\/yoast-seo-wordpress\/ -->\n<title>BEHAVE! Paddle \u0111\u00e1nh m\u00f4ng Hot Paddle Red - Desire<\/title>\n<meta name=\"robots\" content=\"index, follow, max-snippet:-1, max-image-preview:large, max-video-preview:-1\" \/>\n<link rel=\"canonical\" href=\"https:\/\/desireonline.shop\/vi\/san-pham\/behave-paddle-danh-mong-hot-paddle-red\/\" \/>\n<meta property=\"og:locale\" content=\"vi_VN\" \/>\n<meta property=\"og:type\" content=\"article\" \/>\n<meta property=\"og:title\" content=\"BEHAVE! Paddle \u0111\u00e1nh m\u00f4ng Hot Paddle Red - Desire\" \/>\n<meta property=\"og:description\" content=\"Paddle m\u00e0u \u0111\u1ecf n\u00e0y k\u1ebft h\u1ee3p s\u1ef1 linh ho\u1ea1t v\u1edbi c\u1ea3m gi\u00e1c ch\u1eafc tay v\u00e0 c\u00e2n b\u1eb1ng khi s\u1eed d\u1ee5ng. S\u1ea3n ph\u1ea9m cho ph\u00e9p b\u1ea1n thay \u0111\u1ed5i c\u01b0\u1eddng \u0111\u1ed9 c\u1ea3m&hellip;\" \/>\n<meta property=\"og:url\" content=\"https:\/\/desireonline.shop\/vi\/san-pham\/behave-paddle-danh-mong-hot-paddle-red\/\" \/>\n<meta property=\"og:site_name\" content=\"Desire\" \/>\n<meta property=\"article:modified_time\" content=\"2026-03-10T05:41:01+00:00\" \/>\n<meta property=\"og:image\" content=\"https:\/\/desireonline.shop\/wp-content\/uploads\/2026\/02\/CN-632167825_00.jpg\" \/>\n\t<meta property=\"og:image:width\" content=\"2000\" \/>\n\t<meta property=\"og:image:height\" content=\"2000\" \/>\n\t<meta property=\"og:image:type\" content=\"image\/jpeg\" \/>\n<meta name=\"twitter:card\" content=\"summary_large_image\" \/>\n<meta name=\"twitter:label1\" content=\"\u01af\u1edbc t\u00ednh th\u1eddi gian \u0111\u1ecdc\" \/>\n\t<meta name=\"twitter:data1\" content=\"1 ph\u00fat\" \/>\n<script type=\"application\/ld+json\" class=\"yoast-schema-graph\">{\"@context\":\"https:\/\/schema.org\",\"@graph\":[{\"@type\":\"WebPage\",\"@id\":\"https:\/\/desireonline.shop\/vi\/san-pham\/behave-paddle-danh-mong-hot-paddle-red\/\",\"url\":\"https:\/\/desireonline.shop\/vi\/san-pham\/behave-paddle-danh-mong-hot-paddle-red\/\",\"name\":\"BEHAVE! Paddle \u0111\u00e1nh m\u00f4ng Hot Paddle Red - Desire\",\"isPartOf\":{\"@id\":\"https:\/\/desireonline.shop\/vi\/#website\"},\"primaryImageOfPage\":{\"@id\":\"https:\/\/desireonline.shop\/vi\/san-pham\/behave-paddle-danh-mong-hot-paddle-red\/#primaryimage\"},\"image\":{\"@id\":\"https:\/\/desireonline.shop\/vi\/san-pham\/behave-paddle-danh-mong-hot-paddle-red\/#primaryimage\"},\"thumbnailUrl\":\"https:\/\/desireonline.shop\/wp-content\/uploads\/2026\/02\/CN-632167825_00.jpg\",\"datePublished\":\"2026-02-16T11:49:00+00:00\",\"dateModified\":\"2026-03-10T05:41:01+00:00\",\"breadcrumb\":{\"@id\":\"https:\/\/desireonline.shop\/vi\/san-pham\/behave-paddle-danh-mong-hot-paddle-red\/#breadcrumb\"},\"inLanguage\":\"vi\",\"potentialAction\":[{\"@type\":\"ReadAction\",\"target\":[\"https:\/\/desireonline.shop\/vi\/san-pham\/behave-paddle-danh-mong-hot-paddle-red\/\"]}]},{\"@type\":\"ImageObject\",\"inLanguage\":\"vi\",\"@id\":\"https:\/\/desireonline.shop\/vi\/san-pham\/behave-paddle-danh-mong-hot-paddle-red\/#primaryimage\",\"url\":\"https:\/\/desireonline.shop\/wp-content\/uploads\/2026\/02\/CN-632167825_00.jpg\",\"contentUrl\":\"https:\/\/desireonline.shop\/wp-content\/uploads\/2026\/02\/CN-632167825_00.jpg\",\"width\":2000,\"height\":2000},{\"@type\":\"BreadcrumbList\",\"@id\":\"https:\/\/desireonline.shop\/vi\/san-pham\/behave-paddle-danh-mong-hot-paddle-red\/#breadcrumb\",\"itemListElement\":[{\"@type\":\"ListItem\",\"position\":1,\"name\":\"Home\",\"item\":\"https:\/\/desireonline.shop\/vi\/trang-chu\/?lang=vi\"},{\"@type\":\"ListItem\",\"position\":2,\"name\":\"T\u1ea5t c\u1ea3 s\u1ea3n ph\u1ea9m\",\"item\":\"https:\/\/desireonline.shop\/cua-hang\/?lang=vi\"},{\"@type\":\"ListItem\",\"position\":3,\"name\":\"BEHAVE! Paddle \u0111\u00e1nh m\u00f4ng Hot Paddle Red\"}]},{\"@type\":\"WebSite\",\"@id\":\"https:\/\/desireonline.shop\/vi\/#website\",\"url\":\"https:\/\/desireonline.shop\/vi\/\",\"name\":\"Desire\",\"description\":\"Sexual Wellness Platform\",\"publisher\":{\"@id\":\"https:\/\/desireonline.shop\/vi\/#organization\"},\"potentialAction\":[{\"@type\":\"SearchAction\",\"target\":{\"@type\":\"EntryPoint\",\"urlTemplate\":\"https:\/\/desireonline.shop\/vi\/?s={search_term_string}\"},\"query-input\":{\"@type\":\"PropertyValueSpecification\",\"valueRequired\":true,\"valueName\":\"search_term_string\"}}],\"inLanguage\":\"vi\"},{\"@type\":\"Organization\",\"@id\":\"https:\/\/desireonline.shop\/vi\/#organization\",\"name\":\"Desire\",\"url\":\"https:\/\/desireonline.shop\/vi\/\",\"logo\":{\"@type\":\"ImageObject\",\"inLanguage\":\"vi\",\"@id\":\"https:\/\/desireonline.shop\/vi\/#\/schema\/logo\/image\/\",\"url\":\"https:\/\/desireonline.shop\/wp-content\/uploads\/2024\/06\/Logo-Thick-Font-1.webp\",\"contentUrl\":\"https:\/\/desireonline.shop\/wp-content\/uploads\/2024\/06\/Logo-Thick-Font-1.webp\",\"width\":268,\"height\":399,\"caption\":\"Desire\"},\"image\":{\"@id\":\"https:\/\/desireonline.shop\/vi\/#\/schema\/logo\/image\/\"}}]}<\/script>\n<!-- \/ Yoast SEO plugin. -->","yoast_head_json":{"title":"BEHAVE! Paddle \u0111\u00e1nh m\u00f4ng Hot Paddle Red - Desire","robots":{"index":"index","follow":"follow","max-snippet":"max-snippet:-1","max-image-preview":"max-image-preview:large","max-video-preview":"max-video-preview:-1"},"canonical":"https:\/\/desireonline.shop\/vi\/san-pham\/behave-paddle-danh-mong-hot-paddle-red\/","og_locale":"vi_VN","og_type":"article","og_title":"BEHAVE! Paddle \u0111\u00e1nh m\u00f4ng Hot Paddle Red - Desire","og_description":"Paddle m\u00e0u \u0111\u1ecf n\u00e0y k\u1ebft h\u1ee3p s\u1ef1 linh ho\u1ea1t v\u1edbi c\u1ea3m gi\u00e1c ch\u1eafc tay v\u00e0 c\u00e2n b\u1eb1ng khi s\u1eed d\u1ee5ng. S\u1ea3n ph\u1ea9m cho ph\u00e9p b\u1ea1n thay \u0111\u1ed5i c\u01b0\u1eddng \u0111\u1ed9 c\u1ea3m&hellip;","og_url":"https:\/\/desireonline.shop\/vi\/san-pham\/behave-paddle-danh-mong-hot-paddle-red\/","og_site_name":"Desire","article_modified_time":"2026-03-10T05:41:01+00:00","og_image":[{"width":2000,"height":2000,"url":"https:\/\/desireonline.shop\/wp-content\/uploads\/2026\/02\/CN-632167825_00.jpg","type":"image\/jpeg"}],"twitter_card":"summary_large_image","twitter_misc":{"\u01af\u1edbc t\u00ednh th\u1eddi gian \u0111\u1ecdc":"1 ph\u00fat"},"schema":{"@context":"https:\/\/schema.org","@graph":[{"@type":"WebPage","@id":"https:\/\/desireonline.shop\/vi\/san-pham\/behave-paddle-danh-mong-hot-paddle-red\/","url":"https:\/\/desireonline.shop\/vi\/san-pham\/behave-paddle-danh-mong-hot-paddle-red\/","name":"BEHAVE! Paddle \u0111\u00e1nh m\u00f4ng Hot Paddle Red - Desire","isPartOf":{"@id":"https:\/\/desireonline.shop\/vi\/#website"},"primaryImageOfPage":{"@id":"https:\/\/desireonline.shop\/vi\/san-pham\/behave-paddle-danh-mong-hot-paddle-red\/#primaryimage"},"image":{"@id":"https:\/\/desireonline.shop\/vi\/san-pham\/behave-paddle-danh-mong-hot-paddle-red\/#primaryimage"},"thumbnailUrl":"https:\/\/desireonline.shop\/wp-content\/uploads\/2026\/02\/CN-632167825_00.jpg","datePublished":"2026-02-16T11:49:00+00:00","dateModified":"2026-03-10T05:41:01+00:00","breadcrumb":{"@id":"https:\/\/desireonline.shop\/vi\/san-pham\/behave-paddle-danh-mong-hot-paddle-red\/#breadcrumb"},"inLanguage":"vi","potentialAction":[{"@type":"ReadAction","target":["https:\/\/desireonline.shop\/vi\/san-pham\/behave-paddle-danh-mong-hot-paddle-red\/"]}]},{"@type":"ImageObject","inLanguage":"vi","@id":"https:\/\/desireonline.shop\/vi\/san-pham\/behave-paddle-danh-mong-hot-paddle-red\/#primaryimage","url":"https:\/\/desireonline.shop\/wp-content\/uploads\/2026\/02\/CN-632167825_00.jpg","contentUrl":"https:\/\/desireonline.shop\/wp-content\/uploads\/2026\/02\/CN-632167825_00.jpg","width":2000,"height":2000},{"@type":"BreadcrumbList","@id":"https:\/\/desireonline.shop\/vi\/san-pham\/behave-paddle-danh-mong-hot-paddle-red\/#breadcrumb","itemListElement":[{"@type":"ListItem","position":1,"name":"Home","item":"https:\/\/desireonline.shop\/vi\/trang-chu\/?lang=vi"},{"@type":"ListItem","position":2,"name":"T\u1ea5t c\u1ea3 s\u1ea3n ph\u1ea9m","item":"https:\/\/desireonline.shop\/cua-hang\/?lang=vi"},{"@type":"ListItem","position":3,"name":"BEHAVE! Paddle \u0111\u00e1nh m\u00f4ng Hot Paddle Red"}]},{"@type":"WebSite","@id":"https:\/\/desireonline.shop\/vi\/#website","url":"https:\/\/desireonline.shop\/vi\/","name":"Desire","description":"Sexual Wellness Platform","publisher":{"@id":"https:\/\/desireonline.shop\/vi\/#organization"},"potentialAction":[{"@type":"SearchAction","target":{"@type":"EntryPoint","urlTemplate":"https:\/\/desireonline.shop\/vi\/?s={search_term_string}"},"query-input":{"@type":"PropertyValueSpecification","valueRequired":true,"valueName":"search_term_string"}}],"inLanguage":"vi"},{"@type":"Organization","@id":"https:\/\/desireonline.shop\/vi\/#organization","name":"Desire","url":"https:\/\/desireonline.shop\/vi\/","logo":{"@type":"ImageObject","inLanguage":"vi","@id":"https:\/\/desireonline.shop\/vi\/#\/schema\/logo\/image\/","url":"https:\/\/desireonline.shop\/wp-content\/uploads\/2024\/06\/Logo-Thick-Font-1.webp","contentUrl":"https:\/\/desireonline.shop\/wp-content\/uploads\/2024\/06\/Logo-Thick-Font-1.webp","width":268,"height":399,"caption":"Desire"},"image":{"@id":"https:\/\/desireonline.shop\/vi\/#\/schema\/logo\/image\/"}}]}},"_links":{"self":[{"href":"https:\/\/desireonline.shop\/vi\/wp-json\/wp\/v2\/product\/66289","targetHints":{"allow":["GET"]}}],"collection":[{"href":"https:\/\/desireonline.shop\/vi\/wp-json\/wp\/v2\/product"}],"about":[{"href":"https:\/\/desireonline.shop\/vi\/wp-json\/wp\/v2\/types\/product"}],"replies":[{"embeddable":true,"href":"https:\/\/desireonline.shop\/vi\/wp-json\/wp\/v2\/comments?post=66289"}],"version-history":[{"count":0,"href":"https:\/\/desireonline.shop\/vi\/wp-json\/wp\/v2\/product\/66289\/revisions"}],"wp:featuredmedia":[{"embeddable":true,"href":"https:\/\/desireonline.shop\/vi\/wp-json\/wp\/v2\/media\/63124"}],"wp:attachment":[{"href":"https:\/\/desireonline.shop\/vi\/wp-json\/wp\/v2\/media?parent=66289"}],"wp:term":[{"taxonomy":"product_brand","embeddable":true,"href":"https:\/\/desireonline.shop\/vi\/wp-json\/wp\/v2\/product_brand?post=66289"},{"taxonomy":"product_cat","embeddable":true,"href":"https:\/\/desireonline.shop\/vi\/wp-json\/wp\/v2\/product_cat?post=66289"},{"taxonomy":"product_tag","embeddable":true,"href":"https:\/\/desireonline.shop\/vi\/wp-json\/wp\/v2\/product_tag?post=66289"}],"curies":[{"name":"wp","href":"https:\/\/api.w.org\/{rel}","templated":true}]}}