{"id":66297,"date":"2026-02-16T11:49:00","date_gmt":"2026-02-16T11:49:00","guid":{"rendered":"https:\/\/desireonline.shop\/product\/behave-cong-tay-tempt-him\/"},"modified":"2026-03-10T05:40:32","modified_gmt":"2026-03-10T05:40:32","slug":"behave-cong-tay-tempt-him","status":"publish","type":"product","link":"https:\/\/desireonline.shop\/vi\/san-pham\/behave-cong-tay-tempt-him\/","title":{"rendered":"BEHAVE! C\u00f2ng tay Tempt Him"},"content":{"rendered":"<p>C\u00f2ng tay Tempt Him D\u00e2y Velcro c\u00f3 th\u1ec3 \u0111i\u1ec1u ch\u1ec9nh v\u00e0 th\u00e1o nhanh gi\u00fap vi\u1ec7c s\u1eed d\u1ee5ng tr\u1edf n\u00ean \u0111\u01a1n gi\u1ea3n, cho ph\u00e9p b\u1ea1n t\u1eadp trung v\u00e0o s\u1ef1 k\u1ebft n\u1ed1i thay v\u00ec thao t\u00e1c ph\u1ee9c t\u1ea1p.<\/p>\n<p>D\u00e2y Velcro c\u00f3 th\u1ec3 \u0111i\u1ec1u ch\u1ec9nh v\u00e0 th\u00e1o nhanh gi\u00fap vi\u1ec7c s\u1eed d\u1ee5ng tr\u1edf n\u00ean \u0111\u01a1n gi\u1ea3n, cho ph\u00e9p b\u1ea1n t\u1eadp trung v\u00e0o s\u1ef1 k\u1ebft n\u1ed1i thay v\u00ec thao t\u00e1c ph\u1ee9c t\u1ea1p.<\/p>\n","protected":false},"excerpt":{"rendered":"<p>C\u00f2ng tay Tempt Him D\u00e2y Velcro c\u00f3 th\u1ec3 \u0111i\u1ec1u ch\u1ec9nh v\u00e0 th\u00e1o nhanh gi\u00fap vi\u1ec7c s\u1eed d\u1ee5ng tr\u1edf n\u00ean \u0111\u01a1n gi\u1ea3n, cho ph\u00e9p b\u1ea1n t\u1eadp trung v\u00e0o s\u1ef1 k\u1ebft n\u1ed1i&hellip;<\/p>\n","protected":false},"featured_media":63116,"comment_status":"open","ping_status":"closed","template":"","meta":{"_acf_changed":false},"product_brand":[],"product_cat":[1356],"product_tag":[],"class_list":{"0":"post-66297","1":"product","2":"type-product","3":"status-publish","4":"has-post-thumbnail","6":"product_cat-cong-tay","8":"first","9":"instock","10":"shipping-taxable","11":"purchasable","12":"product-type-simple"},"acf":[],"yoast_head":"<!-- This site is optimized with the Yoast SEO plugin v27.1.1 - https:\/\/yoast.com\/product\/yoast-seo-wordpress\/ -->\n<title>BEHAVE! C\u00f2ng tay Tempt Him - Desire<\/title>\n<meta name=\"robots\" content=\"index, follow, max-snippet:-1, max-image-preview:large, max-video-preview:-1\" \/>\n<link rel=\"canonical\" href=\"https:\/\/desireonline.shop\/vi\/san-pham\/behave-cong-tay-tempt-him\/\" \/>\n<meta property=\"og:locale\" content=\"vi_VN\" \/>\n<meta property=\"og:type\" content=\"article\" \/>\n<meta property=\"og:title\" content=\"BEHAVE! C\u00f2ng tay Tempt Him - Desire\" \/>\n<meta property=\"og:description\" content=\"C\u00f2ng tay Tempt Him D\u00e2y Velcro c\u00f3 th\u1ec3 \u0111i\u1ec1u ch\u1ec9nh v\u00e0 th\u00e1o nhanh gi\u00fap vi\u1ec7c s\u1eed d\u1ee5ng tr\u1edf n\u00ean \u0111\u01a1n gi\u1ea3n, cho ph\u00e9p b\u1ea1n t\u1eadp trung v\u00e0o s\u1ef1 k\u1ebft n\u1ed1i&hellip;\" \/>\n<meta property=\"og:url\" content=\"https:\/\/desireonline.shop\/vi\/san-pham\/behave-cong-tay-tempt-him\/\" \/>\n<meta property=\"og:site_name\" content=\"Desire\" \/>\n<meta property=\"article:modified_time\" content=\"2026-03-10T05:40:32+00:00\" \/>\n<meta property=\"og:image\" content=\"https:\/\/desireonline.shop\/wp-content\/uploads\/2026\/02\/CN-632108742_00.jpg\" \/>\n\t<meta property=\"og:image:width\" content=\"2000\" \/>\n\t<meta property=\"og:image:height\" content=\"2000\" \/>\n\t<meta property=\"og:image:type\" content=\"image\/jpeg\" \/>\n<meta name=\"twitter:card\" content=\"summary_large_image\" \/>\n<meta name=\"twitter:label1\" content=\"\u01af\u1edbc t\u00ednh th\u1eddi gian \u0111\u1ecdc\" \/>\n\t<meta name=\"twitter:data1\" content=\"1 ph\u00fat\" \/>\n<script type=\"application\/ld+json\" class=\"yoast-schema-graph\">{\"@context\":\"https:\/\/schema.org\",\"@graph\":[{\"@type\":\"WebPage\",\"@id\":\"https:\/\/desireonline.shop\/vi\/san-pham\/behave-cong-tay-tempt-him\/\",\"url\":\"https:\/\/desireonline.shop\/vi\/san-pham\/behave-cong-tay-tempt-him\/\",\"name\":\"BEHAVE! C\u00f2ng tay Tempt Him - Desire\",\"isPartOf\":{\"@id\":\"https:\/\/desireonline.shop\/vi\/#website\"},\"primaryImageOfPage\":{\"@id\":\"https:\/\/desireonline.shop\/vi\/san-pham\/behave-cong-tay-tempt-him\/#primaryimage\"},\"image\":{\"@id\":\"https:\/\/desireonline.shop\/vi\/san-pham\/behave-cong-tay-tempt-him\/#primaryimage\"},\"thumbnailUrl\":\"https:\/\/desireonline.shop\/wp-content\/uploads\/2026\/02\/CN-632108742_00.jpg\",\"datePublished\":\"2026-02-16T11:49:00+00:00\",\"dateModified\":\"2026-03-10T05:40:32+00:00\",\"breadcrumb\":{\"@id\":\"https:\/\/desireonline.shop\/vi\/san-pham\/behave-cong-tay-tempt-him\/#breadcrumb\"},\"inLanguage\":\"vi\",\"potentialAction\":[{\"@type\":\"ReadAction\",\"target\":[\"https:\/\/desireonline.shop\/vi\/san-pham\/behave-cong-tay-tempt-him\/\"]}]},{\"@type\":\"ImageObject\",\"inLanguage\":\"vi\",\"@id\":\"https:\/\/desireonline.shop\/vi\/san-pham\/behave-cong-tay-tempt-him\/#primaryimage\",\"url\":\"https:\/\/desireonline.shop\/wp-content\/uploads\/2026\/02\/CN-632108742_00.jpg\",\"contentUrl\":\"https:\/\/desireonline.shop\/wp-content\/uploads\/2026\/02\/CN-632108742_00.jpg\",\"width\":2000,\"height\":2000},{\"@type\":\"BreadcrumbList\",\"@id\":\"https:\/\/desireonline.shop\/vi\/san-pham\/behave-cong-tay-tempt-him\/#breadcrumb\",\"itemListElement\":[{\"@type\":\"ListItem\",\"position\":1,\"name\":\"Home\",\"item\":\"https:\/\/desireonline.shop\/vi\/trang-chu\/?lang=vi\"},{\"@type\":\"ListItem\",\"position\":2,\"name\":\"T\u1ea5t c\u1ea3 s\u1ea3n ph\u1ea9m\",\"item\":\"https:\/\/desireonline.shop\/cua-hang\/?lang=vi\"},{\"@type\":\"ListItem\",\"position\":3,\"name\":\"BEHAVE! C\u00f2ng tay Tempt Him\"}]},{\"@type\":\"WebSite\",\"@id\":\"https:\/\/desireonline.shop\/vi\/#website\",\"url\":\"https:\/\/desireonline.shop\/vi\/\",\"name\":\"Desire\",\"description\":\"Sexual Wellness Platform\",\"publisher\":{\"@id\":\"https:\/\/desireonline.shop\/vi\/#organization\"},\"potentialAction\":[{\"@type\":\"SearchAction\",\"target\":{\"@type\":\"EntryPoint\",\"urlTemplate\":\"https:\/\/desireonline.shop\/vi\/?s={search_term_string}\"},\"query-input\":{\"@type\":\"PropertyValueSpecification\",\"valueRequired\":true,\"valueName\":\"search_term_string\"}}],\"inLanguage\":\"vi\"},{\"@type\":\"Organization\",\"@id\":\"https:\/\/desireonline.shop\/vi\/#organization\",\"name\":\"Desire\",\"url\":\"https:\/\/desireonline.shop\/vi\/\",\"logo\":{\"@type\":\"ImageObject\",\"inLanguage\":\"vi\",\"@id\":\"https:\/\/desireonline.shop\/vi\/#\/schema\/logo\/image\/\",\"url\":\"https:\/\/desireonline.shop\/wp-content\/uploads\/2024\/06\/Logo-Thick-Font-1.webp\",\"contentUrl\":\"https:\/\/desireonline.shop\/wp-content\/uploads\/2024\/06\/Logo-Thick-Font-1.webp\",\"width\":268,\"height\":399,\"caption\":\"Desire\"},\"image\":{\"@id\":\"https:\/\/desireonline.shop\/vi\/#\/schema\/logo\/image\/\"}}]}<\/script>\n<!-- \/ Yoast SEO plugin. -->","yoast_head_json":{"title":"BEHAVE! C\u00f2ng tay Tempt Him - Desire","robots":{"index":"index","follow":"follow","max-snippet":"max-snippet:-1","max-image-preview":"max-image-preview:large","max-video-preview":"max-video-preview:-1"},"canonical":"https:\/\/desireonline.shop\/vi\/san-pham\/behave-cong-tay-tempt-him\/","og_locale":"vi_VN","og_type":"article","og_title":"BEHAVE! C\u00f2ng tay Tempt Him - Desire","og_description":"C\u00f2ng tay Tempt Him D\u00e2y Velcro c\u00f3 th\u1ec3 \u0111i\u1ec1u ch\u1ec9nh v\u00e0 th\u00e1o nhanh gi\u00fap vi\u1ec7c s\u1eed d\u1ee5ng tr\u1edf n\u00ean \u0111\u01a1n gi\u1ea3n, cho ph\u00e9p b\u1ea1n t\u1eadp trung v\u00e0o s\u1ef1 k\u1ebft n\u1ed1i&hellip;","og_url":"https:\/\/desireonline.shop\/vi\/san-pham\/behave-cong-tay-tempt-him\/","og_site_name":"Desire","article_modified_time":"2026-03-10T05:40:32+00:00","og_image":[{"width":2000,"height":2000,"url":"https:\/\/desireonline.shop\/wp-content\/uploads\/2026\/02\/CN-632108742_00.jpg","type":"image\/jpeg"}],"twitter_card":"summary_large_image","twitter_misc":{"\u01af\u1edbc t\u00ednh th\u1eddi gian \u0111\u1ecdc":"1 ph\u00fat"},"schema":{"@context":"https:\/\/schema.org","@graph":[{"@type":"WebPage","@id":"https:\/\/desireonline.shop\/vi\/san-pham\/behave-cong-tay-tempt-him\/","url":"https:\/\/desireonline.shop\/vi\/san-pham\/behave-cong-tay-tempt-him\/","name":"BEHAVE! C\u00f2ng tay Tempt Him - Desire","isPartOf":{"@id":"https:\/\/desireonline.shop\/vi\/#website"},"primaryImageOfPage":{"@id":"https:\/\/desireonline.shop\/vi\/san-pham\/behave-cong-tay-tempt-him\/#primaryimage"},"image":{"@id":"https:\/\/desireonline.shop\/vi\/san-pham\/behave-cong-tay-tempt-him\/#primaryimage"},"thumbnailUrl":"https:\/\/desireonline.shop\/wp-content\/uploads\/2026\/02\/CN-632108742_00.jpg","datePublished":"2026-02-16T11:49:00+00:00","dateModified":"2026-03-10T05:40:32+00:00","breadcrumb":{"@id":"https:\/\/desireonline.shop\/vi\/san-pham\/behave-cong-tay-tempt-him\/#breadcrumb"},"inLanguage":"vi","potentialAction":[{"@type":"ReadAction","target":["https:\/\/desireonline.shop\/vi\/san-pham\/behave-cong-tay-tempt-him\/"]}]},{"@type":"ImageObject","inLanguage":"vi","@id":"https:\/\/desireonline.shop\/vi\/san-pham\/behave-cong-tay-tempt-him\/#primaryimage","url":"https:\/\/desireonline.shop\/wp-content\/uploads\/2026\/02\/CN-632108742_00.jpg","contentUrl":"https:\/\/desireonline.shop\/wp-content\/uploads\/2026\/02\/CN-632108742_00.jpg","width":2000,"height":2000},{"@type":"BreadcrumbList","@id":"https:\/\/desireonline.shop\/vi\/san-pham\/behave-cong-tay-tempt-him\/#breadcrumb","itemListElement":[{"@type":"ListItem","position":1,"name":"Home","item":"https:\/\/desireonline.shop\/vi\/trang-chu\/?lang=vi"},{"@type":"ListItem","position":2,"name":"T\u1ea5t c\u1ea3 s\u1ea3n ph\u1ea9m","item":"https:\/\/desireonline.shop\/cua-hang\/?lang=vi"},{"@type":"ListItem","position":3,"name":"BEHAVE! C\u00f2ng tay Tempt Him"}]},{"@type":"WebSite","@id":"https:\/\/desireonline.shop\/vi\/#website","url":"https:\/\/desireonline.shop\/vi\/","name":"Desire","description":"Sexual Wellness Platform","publisher":{"@id":"https:\/\/desireonline.shop\/vi\/#organization"},"potentialAction":[{"@type":"SearchAction","target":{"@type":"EntryPoint","urlTemplate":"https:\/\/desireonline.shop\/vi\/?s={search_term_string}"},"query-input":{"@type":"PropertyValueSpecification","valueRequired":true,"valueName":"search_term_string"}}],"inLanguage":"vi"},{"@type":"Organization","@id":"https:\/\/desireonline.shop\/vi\/#organization","name":"Desire","url":"https:\/\/desireonline.shop\/vi\/","logo":{"@type":"ImageObject","inLanguage":"vi","@id":"https:\/\/desireonline.shop\/vi\/#\/schema\/logo\/image\/","url":"https:\/\/desireonline.shop\/wp-content\/uploads\/2024\/06\/Logo-Thick-Font-1.webp","contentUrl":"https:\/\/desireonline.shop\/wp-content\/uploads\/2024\/06\/Logo-Thick-Font-1.webp","width":268,"height":399,"caption":"Desire"},"image":{"@id":"https:\/\/desireonline.shop\/vi\/#\/schema\/logo\/image\/"}}]}},"_links":{"self":[{"href":"https:\/\/desireonline.shop\/vi\/wp-json\/wp\/v2\/product\/66297","targetHints":{"allow":["GET"]}}],"collection":[{"href":"https:\/\/desireonline.shop\/vi\/wp-json\/wp\/v2\/product"}],"about":[{"href":"https:\/\/desireonline.shop\/vi\/wp-json\/wp\/v2\/types\/product"}],"replies":[{"embeddable":true,"href":"https:\/\/desireonline.shop\/vi\/wp-json\/wp\/v2\/comments?post=66297"}],"version-history":[{"count":0,"href":"https:\/\/desireonline.shop\/vi\/wp-json\/wp\/v2\/product\/66297\/revisions"}],"wp:featuredmedia":[{"embeddable":true,"href":"https:\/\/desireonline.shop\/vi\/wp-json\/wp\/v2\/media\/63116"}],"wp:attachment":[{"href":"https:\/\/desireonline.shop\/vi\/wp-json\/wp\/v2\/media?parent=66297"}],"wp:term":[{"taxonomy":"product_brand","embeddable":true,"href":"https:\/\/desireonline.shop\/vi\/wp-json\/wp\/v2\/product_brand?post=66297"},{"taxonomy":"product_cat","embeddable":true,"href":"https:\/\/desireonline.shop\/vi\/wp-json\/wp\/v2\/product_cat?post=66297"},{"taxonomy":"product_tag","embeddable":true,"href":"https:\/\/desireonline.shop\/vi\/wp-json\/wp\/v2\/product_tag?post=66297"}],"curies":[{"name":"wp","href":"https:\/\/api.w.org\/{rel}","templated":true}]}}